{"id":3908,"date":"2024-03-18T06:10:12","date_gmt":"2024-03-18T06:10:12","guid":{"rendered":"https:\/\/3dp.45612300.xyz\/product\/haynes-alloy-188-powder\/"},"modified":"2024-03-18T06:10:12","modified_gmt":"2024-03-18T06:10:12","slug":"haynes-alloy-188-powder","status":"publish","type":"product","link":"https:\/\/3dpmetal.com\/de\/product\/haynes-alloy-188-powder\/","title":{"rendered":"Haynes-Legierung 188 Pulver"},"content":{"rendered":"<p><span style=\"vertical-align: inherit;\"><span style=\"vertical-align: inherit;\"><\/p>\n<h2>\u00dcberblick \u00fcber Haynes Alloy 188 Pulver<\/h2>\n<p class=\"whitespace-pre-wrap\">Haynes-Legierung 188 ist eine Hochleistungs-Superlegierung, die eine ausgezeichnete Oxidations-, thermische Erm\u00fcdungs- und Kriechfestigkeit bei Temperaturen von \u00fcber 1000 \u00b0C aufweist. Die hohen Anteile an Kobalt, Nickel, Chrom und Wolfram verleihen au\u00dfergew\u00f6hnliche Hochtemperaturfestigkeit und Korrosionsbest\u00e4ndigkeit.<\/p>\n<p class=\"whitespace-pre-wrap\">Die wichtigsten Eigenschaften Haynes 188 Pulver umfassen Folgendes:<\/p>\n<ul class=\"list-disc pl-8 space-y-2\">\n<li class=\"whitespace-normal\">Herausragende Hochtemperaturfestigkeit und Kriechfestigkeit<\/li>\n<li class=\"whitespace-normal\">Exzellente Oxidations- und Korrosionsbest\u00e4ndigkeit<\/li>\n<li class=\"whitespace-normal\">Beh\u00e4lt seine Festigkeit w\u00e4hrend l\u00e4ngerer thermischer Belastung<\/li>\n<li class=\"whitespace-normal\">Best\u00e4ndig gegen Schwefel- und Vanadiumoxidangriff<\/li>\n<li class=\"whitespace-normal\">Gute Verarbeitungseigenschaften<\/li>\n<li class=\"whitespace-normal\">Verf\u00fcgbar in verschiedenen Pulvergr\u00f6\u00dfen und -formen<\/li>\n<\/ul>\n<p class=\"whitespace-pre-wrap\">Haynes 188-Pulver wurde f\u00fcr extrem anspruchsvolle Anwendungen in der Luft- und Raumfahrt, der chemischen Verarbeitung, der Stromerzeugung und der W\u00e4rmebehandlung entwickelt, wo eine au\u00dfergew\u00f6hnliche Leistung bei hohen Temperaturen erforderlich ist.<\/p>\n<h2>Chemische Zusammensetzung des Haynes Alloy 188 Pulvers<\/h2>\n<p class=\"whitespace-pre-wrap\">Typische Zusammensetzung von Haynes 188-Pulver:<\/p>\n<table>\n<thead>\n<tr>\n<th>Element<\/th>\n<th>Gew.-%<\/th>\n<\/tr>\n<\/thead>\n<tbody>\n<tr>\n<td>Nickel (Ni)<\/td>\n<td>Balanse<\/td>\n<\/tr>\n<tr>\n<td>Cobalt (Co)<\/td>\n<td>20-25%<\/td>\n<\/tr>\n<tr>\n<td>Chrom (Cr)<\/td>\n<td>20-25%<\/td>\n<\/tr>\n<tr>\n<td>Wolfram (W)<\/td>\n<td>12-15%<\/td>\n<\/tr>\n<tr>\n<td>Eisen (Fe)<\/td>\n<td>&lt;3%<\/td>\n<\/tr>\n<tr>\n<td>Mangan (Mn)<\/td>\n<td>&lt;1,5%<\/td>\n<\/tr>\n<tr>\n<td>Silizium (Si)<\/td>\n<td>&lt;1 %<\/td>\n<\/tr>\n<tr>\n<td>Kohlenstoff (C)<\/td>\n<td>&lt;0,1%<\/td>\n<\/tr>\n<\/tbody>\n<\/table>\n<p>&nbsp;<\/p>\n<p class=\"whitespace-pre-wrap\">Nickel liefert die Matrix, w\u00e4hrend Kobalt die Festigkeit verleiht. Chrom und Wolfram bieten ausgezeichnete Oxidations- und Korrosionsbest\u00e4ndigkeit. Eisen, Mangan und Silizium sind als Verunreinigungen vorhanden.<\/p>\n<h2>Eigenschaften von Haynes Alloy 188-Pulver<\/h2>\n<p class=\"whitespace-pre-wrap\">Zu den wichtigsten Eigenschaften des Haynes 188-Pulvers geh\u00f6ren:<\/p>\n<table>\n<thead>\n<tr>\n<th>Immobilie<\/th>\n<th>Wert<\/th>\n<\/tr>\n<\/thead>\n<tbody>\n<tr>\n<td>Dichte<\/td>\n<td>8,5 g\/cm3<\/td>\n<\/tr>\n<tr>\n<td>Schmelzpunkt<\/td>\n<td>1230-1260\u00a1\u00abC.<\/td>\n<\/tr>\n<tr>\n<td>W\u00e4rmeleitf\u00e4higkeit<\/td>\n<td>9,8 W\/m\u00b2.K<\/td>\n<\/tr>\n<tr>\n<td>Elektrischer Widerstand<\/td>\n<td>126 \u00c3\u2014\u00b4\u00ce\u00a9{cm<\/td>\n<\/tr>\n<tr>\n<td>Elastizit\u00e4tsmodul<\/td>\n<td>205 GPa<\/td>\n<\/tr>\n<tr>\n<td>Poissonzahl<\/td>\n<td>0.31<\/td>\n<\/tr>\n<tr>\n<td>Zugfestigkeit<\/td>\n<td>550-900 MPa<\/td>\n<\/tr>\n<tr>\n<td>Streckgrenze<\/td>\n<td>240\u2013650 MPa<\/td>\n<\/tr>\n<tr>\n<td>Verl\u00e4ngerung<\/td>\n<td>25-45%<\/td>\n<\/tr>\n<tr>\n<td>Erm\u00fcdungsfestigkeit<\/td>\n<td>310 MPa<\/td>\n<\/tr>\n<\/tbody>\n<\/table>\n<p>&nbsp;<\/p>\n<p class=\"whitespace-pre-wrap\">Eigenschaften wie Festigkeit, Duktilit\u00e4t und Erm\u00fcdungsbest\u00e4ndigkeit werden bei Extremtemperaturen von \u00fcber 1000 \u00b0C beibehalten, sodass es f\u00fcr anspruchsvollste Hochtemperatur-Anwendungen geeignet ist.<\/p>\n<h2>Produktionsverfahren f\u00fcr Haynes Alloy 188-Pulver<\/h2>\n<p class=\"whitespace-pre-wrap\">Haynes 188 wird unter Einsatz folgender Verfahren hergestellt:<\/p>\n<ul class=\"list-disc pl-8 space-y-2\">\n<li class=\"whitespace-normal\"><strong>Gasverd\u00fcsung<\/strong>?- Hochdruckinertgasstrahl, der verwendet wird, um geschmolzene Legierungsstr\u00f6me in feine kugelf\u00f6rmige Pulver aufzul\u00f6sen. Bietet guten Fluss und gute Verpackung.<\/li>\n<li class=\"whitespace-normal\"><strong>Wasserzerst\u00e4ubung<\/strong>?- Wasserstrahl mit hoher Geschwindigkeit trifft auf Schmelzfluss, um feine unregelm\u00e4\u00dfige Pulver zu produzieren. Kosteng\u00fcnstiger, aber h\u00f6here Sauerstoffaufnahme.<\/li>\n<li class=\"whitespace-normal\"><strong>Inertgaskondensation<\/strong>?- Verdampfung und kontrollierte Kondensation von Legierungselementen in einer hochreinen Inertgasumgebung. Ergibt ein ultrafines kugelf\u00f6rmiges Pulver.<\/li>\n<\/ul>\n<p class=\"whitespace-pre-wrap\">Die Gaszerst\u00e4ubung bietet die beste Steuerung von Partikelgr\u00f6\u00dfenverteilung, Form und Reinheit.<\/p>\n<h2>Einsatzbereiche von Haynes Alloy 188 Pulver<\/h2>\n<p class=\"whitespace-pre-wrap\">Zu den typischen Anwendungen von Haynes 188 Pulver geh\u00f6ren:<\/p>\n<ul class=\"list-disc pl-8 space-y-2\">\n<li class=\"whitespace-normal\"><strong>Additive Fertigung<\/strong>?- Verwendet beim Laserstrahlschmelzen, Elektronenstrahlschmelzen, um komplexe Teile f\u00fcr extreme Umgebungen herzustellen.<\/li>\n<li class=\"whitespace-normal\"><strong>Thermische Spritzbeschichtung<\/strong>?- Abgelagert unter Verwendung von Plasma- oder HVOF-Spritzverfahren, um Abnutzungs- und Korrosionsbest\u00e4ndigkeit bei hohen Temperaturen bereitzustellen.<\/li>\n<li class=\"whitespace-normal\"><strong>L\u00f6tf\u00fcllmateriale<\/strong>?- Zum Verbinden von Bauteilen, die im Betrieb hohen Temperaturen ausgesetzt sind.<\/li>\n<li class=\"whitespace-normal\"><strong>Festbrennstoffz\u00fcnder<\/strong>?- Pulvermetallurgische Z\u00fcndkerzen f\u00fcr D\u00fcsentriebwerke,\nlandgest\u00fctzte Turbinen.<\/li>\n<li class=\"whitespace-normal\"><strong>Verarbeitung von geschmolzenem Metall<\/strong>?- Handhabung von Gie\u00dfpfannen, Bef\u00f6rdern von Bauteilen, Schmelzt\u00f6pfe, die in der Glas-, Aluminium- und Metallindustrie eingesetzt werden.<\/li>\n<li class=\"whitespace-normal\"><strong>Komponenten von \u00d6fen<\/strong>?- Einsch\u00fcbe, Vorrichtungen, F\u00f6rderer f\u00fcr Hochtemperatur-W\u00e4rmebehandlung und Glas\u00f6fen.<\/li>\n<\/ul>\n<h2>Spezifikationen von Haynes-Alloy 188-Pulver<\/h2>\n<p class=\"whitespace-pre-wrap\">Haynes 188 Pulver ist in verschiedenen Gr\u00f6\u00dfenbereichen, Formen und G\u00fcteklassen lieferbar, darunter:<\/p>\n<ul class=\"list-disc pl-8 space-y-2\">\n<li class=\"whitespace-normal\"><strong>Teilchengr\u00f6\u00dfe:<\/strong>Von 10 bis zu 45 Mikrometern f\u00fcr AM-Methoden, bis zu 120 Mikrometern f\u00fcr thermische Spritzverfahren<\/li>\n<li class=\"whitespace-normal\"><strong>Morphologie:<\/strong>Kugelf\u00f6rmige, unregelm\u00e4\u00dfige und verschmolzene Pulverformen. Glattes, kugelf\u00f6rmiges Pulver sorgt f\u00fcr eine bessere Flie\u00dff\u00e4higkeit.<\/li>\n<li class=\"whitespace-normal\"><strong>Reinheit:<\/strong>Von handels\u00fcblichen bis zu ultrahochreinen Qualit\u00e4ten basierend auf strengsten chemischen Analysen<\/li>\n<li class=\"whitespace-normal\"><strong>Noten:<\/strong>?Gem\u00e4\u00df den f\u00fcr Luft- und Raumfahrtanwendungen ma\u00dfgeschneiderten Normen AMS 5758, AMS 5759, AMS 5864.<\/li>\n<li class=\"whitespace-normal\"><strong>Oberfl\u00e4che:<\/strong>? Pulver mit kleiner Oberfl\u00e4che bevorzugt, um Oxidation zu minimieren.<\/li>\n<\/ul>\n<h2>Weltweite Anbieter von Haynes Alloy 188 Pulver<\/h2>\n<p class=\"whitespace-pre-wrap\">Einige der bedeutenden Lieferanten weltweit sind:<\/p>\n<ul class=\"list-disc pl-8 space-y-2\">\n<li class=\"whitespace-normal\">Carpenter Additive (USA)<\/li>\n<li class=\"whitespace-normal\">Sandvik Osprey (UK)<\/li>\n<li class=\"whitespace-normal\">Erasteel (Frankreich)<\/li>\n<li class=\"whitespace-normal\">Edgetech Industries (USA)<\/li>\n<li class=\"whitespace-normal\">Special Metals Corp. (USA)<\/li>\n<li class=\"whitespace-normal\">Tekna (Kanada)<\/li>\n<\/ul>\n<p class=\"whitespace-pre-wrap\">Diese Unternehmen produzieren verschiedene Qualit\u00e4ten von Haynes 188-Pulver, das f\u00fcr die additive Fertigung, thermische Spritzbeschichtungen und andere Hochtemperaturanwendungen zugeschnitten ist.<\/p>\n<h2>Preisgestaltung f\u00fcr Haynes Alloy 188-Pulver<\/h2>\n<p class=\"whitespace-pre-wrap\">Die Preisgestaltung f\u00fcr Haynes 188-Pulver h\u00e4ngt von Faktoren ab wie:<\/p>\n<ul class=\"list-disc pl-8 space-y-2\">\n<li class=\"whitespace-normal\">Reinheitsgrade<\/li>\n<li class=\"whitespace-normal\">Korngr\u00f6\u00dfenverteilung und Form<\/li>\n<li class=\"whitespace-normal\">Bestellmenge<\/li>\n<li class=\"whitespace-normal\">Hersteller und geografischer Standort<\/li>\n<\/ul>\n<table>\n<thead>\n<tr>\n<th>Note<\/th>\n<th>Preisspanne<\/th>\n<\/tr>\n<\/thead>\n<tbody>\n<tr>\n<td>Commercial<\/td>\n<td>80\u2013120 \u20ac pro kg<\/td>\n<\/tr>\n<tr>\n<td>Hohe Reinheit<\/td>\n<td>120\u2013250 \u20ac pro kg<\/td>\n<\/tr>\n<tr>\n<td>Ultrafein<\/td>\n<td>250\u2013450 EUR pro kg<\/td>\n<\/tr>\n<tr>\n<td>Extra<\/td>\n<td>450\u2013850 \u20ac\/kg<\/td>\n<\/tr>\n<\/tbody>\n<\/table>\n<p>&nbsp;<\/p>\n<p class=\"whitespace-pre-wrap\">Mit Gasen zerst\u00e4ubte, ultrafeine und hochreine Pulver bedingen einen Aufschlag bei der Preisgestaltung im Vergleich zu handels\u00fcblichen Qualit\u00e4ten. Kleinere Mengen sind teurer.<\/p>\n<h2>Lagerung und Umgang mit Haynes Alloy 188-Pulver<\/h2>\n<p class=\"whitespace-pre-wrap\">Haynes 188-Pulver erfordern sorgf\u00e4ltige Lagerung und ordnungsgem\u00e4\u00dfe Handhabung:<\/p>\n<ul class=\"list-disc pl-8 space-y-2\">\n<li class=\"whitespace-normal\">Sollte in versiegelten Beh\u00e4ltern unter Schutzgas gelagert werden, um Oxidation zu verhindern<\/li>\n<li class=\"whitespace-normal\">Vermeiden Sie die Ansammlung feiner St\u00e4ube, um das Risiko von Staubexplosionen zu minimieren.<\/li>\n<li class=\"whitespace-normal\">Tragen Sie pers\u00f6nliche Schutzausr\u00fcstung, wenn Sie mit Feinstaub hantieren<\/li>\n<li class=\"whitespace-normal\">Befolgen Sie die vom Hersteller empfohlenen Sicherheitshinweise<\/li>\n<\/ul>\n<p class=\"whitespace-pre-wrap\">Bei der Behandlung dieses reaktiven Legierungspulvers m\u00fcssen ordnungsgem\u00e4\u00dfe Erdung, Bel\u00fcftung und PSA verwendet werden.<\/p>\n<h2>Inspektion und Pr\u00fcfung von Haynes Alloy 188 Powder<\/h2>\n<p class=\"whitespace-pre-wrap\">Folgende wichtige Tests werden zur Qualit\u00e4tskontrolle durchgef\u00fchrt:<\/p>\n<ul class=\"list-disc pl-8 space-y-2\">\n<li class=\"whitespace-normal\">Chemische Analyse unter Verwendung von OES oder RFA, um sicherzustellen, dass die Zusammensetzung innerhalb der angegebenen Grenzwerten liegt.<\/li>\n<li class=\"whitespace-normal\">Partikelgr\u00f6\u00dfenverteilung mittels Laserdiffraktionstechnik gem\u00e4\u00df Norm ASTM B822.<\/li>\n<li class=\"whitespace-normal\">Morphologische Untersuchung mittels Rasterelektronenmikroskopie.<\/li>\n<li class=\"whitespace-normal\">Messung der Pulverflie\u00dfrate gem\u00e4\u00df ASTM-B213-Norm mit einem Hall-Durchflussmessger\u00e4t.<\/li>\n<li class=\"whitespace-normal\">Dichtebestimmung mittels Heliumpyknometrie.<\/li>\n<li class=\"whitespace-normal\">Unreinheitswerte durch ICP-MS getestet.<\/li>\n<li class=\"whitespace-normal\">Mikrostrukturcharakterisierung mittels R\u00f6ntgenbeugung.<\/li>\n<\/ul>\n<p class=\"whitespace-pre-wrap\">Eine gr\u00fcndliche Inspektion und Pr\u00fcfung stellt sicher, dass das Pulver den chemischen, physikalischen und mikrostrukturellen Anforderungen f\u00fcr die vorgesehene Anwendung entspricht.<\/p>\n<h2>Vergleich zwischen Haynes 188 und Hastelloy X Pulver<\/h2>\n<p class=\"whitespace-pre-wrap\">Haynes 188 und Hastelloy X sind zwei Nickelbasislegierungspulver verglichen:<\/p>\n<table>\n<thead>\n<tr>\n<th>Parameter<\/th>\n<th>Haynes 188<\/th>\n<th>Hastelloy X<\/th>\n<\/tr>\n<\/thead>\n<tbody>\n<tr>\n<td>Basiselement<\/td>\n<td>Nickel<\/td>\n<td>Nickel<\/td>\n<\/tr>\n<tr>\n<td>Cr-Gehalt<\/td>\n<td>22-25%<\/td>\n<td>22-25%<\/td>\n<\/tr>\n<tr>\n<td>Mo content.<\/td>\n<td>Nein Molybd\u00e4n<\/td>\n<td>8-10%<\/td>\n<\/tr>\n<tr>\n<td>Oxidationsbest\u00e4ndigkeit<\/td>\n<td>Exzellent bis 1204\u00a1\u00abC<\/td>\n<td>Exzellent bis 1150 \u00a1\u00abC<\/td>\n<\/tr>\n<tr>\n<td>Kosten<\/td>\n<td>H\u00f6her<\/td>\n<td>Niedriger<\/td>\n<\/tr>\n<tr>\n<td>St\u00e4rke<\/td>\n<td>Niedriger<\/td>\n<td>H\u00f6her<\/td>\n<\/tr>\n<tr>\n<td>Verarbeitbarkeit<\/td>\n<td>Ausgezeichnet<\/td>\n<td>Mittelm\u00e4ssig<\/td>\n<\/tr>\n<tr>\n<td>ANWENDUNGEN<\/td>\n<td>Beschichtung, L\u00f6tf\u00fcllmaterial<\/td>\n<td>Luft- und Raumfahrt-Bauteile, Federn<\/td>\n<\/tr>\n<\/tbody>\n<\/table>\n<p>&nbsp;<\/p>\n<p class=\"whitespace-pre-wrap\">Haynes 188 bietet bessere Verarbeitbarkeit, w\u00e4hrend Hastelloy X eine h\u00f6here Festigkeit aufweist. Haynes 188 ist oxidationsbest\u00e4ndig bei extrem hohen Temperaturen.<\/p>\n<h2>Haynes Alloy 188 Pulver-FAQs<\/h2>\n<p class=\"whitespace-pre-wrap\"><strong>F: Wie wird Haynes Alloy 188 Pulver hergestellt?<\/strong><\/p>\n<p class=\"whitespace-pre-wrap\">A: Haynes 188-Pulver wird kommerziell unter Einsatz von Gaszerst\u00e4ubung, Wasserzerst\u00e4ubung und Inertgaskondensationstechniken hergestellt. Die Gaszerst\u00e4ubung erm\u00f6glicht die beste Kontrolle \u00fcber die Partikeleigenschaften.<\/p>\n<p class=\"whitespace-pre-wrap\"><strong>F: Welche sind die Hauptanwendungen for Haynes 188-Pulver?<\/strong><\/p>\n<p class=\"whitespace-pre-wrap\">A: Wichtige Kandidaten sind additive Fertigung, Thermospritzbeschichtungen, Hartl\u00f6tf\u00fcllmaterial, Z\u00fcndkerzenpulvermetallurgie und Hochtemperaturkomponenten f\u00fcr \u00d6fen, die eine au\u00dferordentliche Oxidations- und Korrosionsbest\u00e4ndigkeit erfordern.<\/p>\n<p class=\"whitespace-pre-wrap\"><strong>F: Welche Pulvergr\u00f6\u00dfe wird f\u00fcr AM oder thermisches Spr\u00fchen empfohlen?<\/strong><\/p>\n<p class=\"whitespace-pre-wrap\">A: F\u00fcr die additive Fertigung ist der ideale Gr\u00f6\u00dfenbereich 15-45 Mikrometer. F\u00fcr thermisch gespritzte Beschichtungen wird ein gr\u00f6beres Pulver bis zu 120 Mikrometer bevorzugt.<\/p>\n<p class=\"whitespace-pre-wrap\"><strong>F: Erfordert das Haynes 188-Pulver besondere Handhabungsvorschriften?<\/strong><\/p>\n<p class=\"whitespace-pre-wrap\">A: Ja, es ist empfehlenswert, dieses reaktive Legierungspulver unter Schutzatmosph\u00e4re mit einer ordnungsgem\u00e4\u00dfen Erdung, Bel\u00fcftung und PSA zu handhaben.<\/p>\n<p class=\"whitespace-pre-wrap\"><strong>F: Wo kann ich Haynes 188-Pulver f\u00fcr Luft- und Raumfahrtanwendungen kaufen?<\/strong><\/p>\n<p class=\"whitespace-pre-wrap\">A: Hochreines Haynes 188-Pulver, das den Luft- und Raumfahrtstandards entspricht, kann von f\u00fchrenden Herstellern wie Carpenter Additive, Sandvik Osprey, Erasteel und Special Metals Corporation bezogen werden.<\/p>\n<p><\/span><\/span><\/p>","protected":false},"excerpt":{"rendered":"<p>\u00dcbersicht \u00fcber Haynes Alloy 188 Pulver Haynes Alloy 188 ist eine Hochleistungs-Superlegierung mit hervorragender Best\u00e4ndigkeit gegen Oxidation, thermische Erm\u00fcdung und Kriechen bei Temperaturen von \u00fcber 1000\u00a1\"C. Der hohe Gehalt an Kobalt, Nickel, Chrom und Wolfram verleiht ihr eine au\u00dfergew\u00f6hnliche Hochtemperaturfestigkeit und Korrosionsbest\u00e4ndigkeit. Zu den wichtigsten Merkmalen von Haynes 188 Pulver geh\u00f6ren: Hervorragende Hochtemperaturfestigkeit und...<\/p>","protected":false},"featured_media":1818,"parent":0,"template":"","meta":{"_acf_changed":false,"_kad_blocks_custom_css":"","_kad_blocks_head_custom_js":"","_kad_blocks_body_custom_js":"","_kad_blocks_footer_custom_js":"","_kad_post_transparent":"","_kad_post_title":"","_kad_post_layout":"","_kad_post_sidebar_id":"","_kad_post_content_style":"","_kad_post_vertical_padding":"","_kad_post_feature":"","_kad_post_feature_position":"","_kad_post_header":false,"_kad_post_footer":false,"_kad_post_classname":""},"product-category":[119,121],"class_list":["post-3908","product","type-product","status-publish","has-post-thumbnail","hentry","product-category-3d-printing-metal-powder","product-category-cobalt-alloy-powder"],"acf":[],"taxonomy_info":{"product-category":[{"value":119,"label":"3D Printing Metal Powder"},{"value":121,"label":"Cobalt Alloy Powder"}]},"featured_image_src_large":["https:\/\/3dpmetal.com\/wp-content\/uploads\/2024\/02\/Haynes-alloy-188-powder.jpg",600,600,false],"author_info":[],"comment_info":"","_links":{"self":[{"href":"https:\/\/3dpmetal.com\/de\/wp-json\/wp\/v2\/product\/3908","targetHints":{"allow":["GET"]}}],"collection":[{"href":"https:\/\/3dpmetal.com\/de\/wp-json\/wp\/v2\/product"}],"about":[{"href":"https:\/\/3dpmetal.com\/de\/wp-json\/wp\/v2\/types\/product"}],"wp:featuredmedia":[{"embeddable":true,"href":"https:\/\/3dpmetal.com\/de\/wp-json\/wp\/v2\/media\/1818"}],"wp:attachment":[{"href":"https:\/\/3dpmetal.com\/de\/wp-json\/wp\/v2\/media?parent=3908"}],"wp:term":[{"taxonomy":"product-category","embeddable":true,"href":"https:\/\/3dpmetal.com\/de\/wp-json\/wp\/v2\/product-category?post=3908"}],"curies":[{"name":"wp","href":"https:\/\/api.w.org\/{rel}","templated":true}]}}