{"id":3917,"date":"2024-03-18T06:10:14","date_gmt":"2024-03-18T06:10:14","guid":{"rendered":"https:\/\/3dp.45612300.xyz\/product\/430l-powder\/"},"modified":"2024-03-18T06:10:14","modified_gmt":"2024-03-18T06:10:14","slug":"430l-powder","status":"publish","type":"product","link":"https:\/\/3dpmetal.com\/de\/product\/430l-powder\/","title":{"rendered":"430L Pulver"},"content":{"rendered":"<p><span style=\"vertical-align: inherit;\"><span style=\"vertical-align: inherit;\"><\/p>\n<h2>\u00dcbersicht von 430L Pulver<\/h2>\n<p class=\"whitespace-pre-wrap\">430L-Pulver ist ein ferritisches Edelstahlpulver mit 17 % Chrom und Zus\u00e4tzen von Molybd\u00e4n und Niob f\u00fcr eine verbesserte Korrosionsbest\u00e4ndigkeit. Es bietet eine optimale Balance aus Korrosionsbest\u00e4ndigkeit, Festigkeit, Schwei\u00dfbarkeit und Kosten.<\/p>\n<p class=\"whitespace-pre-wrap\">Zentrale Eigenschaften und Vorteile des 430L-Pulvers:<\/p>\n<p class=\"whitespace-pre-wrap\"><strong>430L Pulvercharakteristik und -eigenschaften<\/strong><\/p>\n<table>\n<thead>\n<tr>\n<th>Merkmale<\/th>\n<th>Details<\/th>\n<\/tr>\n<\/thead>\n<tbody>\n<tr>\n<td>Komposition<\/td>\n<td>Fe-17Cr-Nb-Mo-Legierung<\/td>\n<\/tr>\n<tr>\n<td>Dichte<\/td>\n<td>7,7 g\/cm\u00b3<\/td>\n<\/tr>\n<tr>\n<td>Partikelform<\/td>\n<td>Unregelm\u00e4\u00dfig, eckig<\/td>\n<\/tr>\n<tr>\n<td>Gr\u00f6\u00dfenpalette<\/td>\n<td>10-150 Mikrometer<\/td>\n<\/tr>\n<tr>\n<td>Anscheindichte<\/td>\n<td>Bis zu 50 % echte Dichte<\/td>\n<\/tr>\n<tr>\n<td>Flie\u00dff\u00e4higkeit<\/td>\n<td>Mittelm\u00e4ssig<\/td>\n<\/tr>\n<tr>\n<td>Korrosionsbest\u00e4ndigkeit<\/td>\n<td>Hervorragend in vielen Umgebungen<\/td>\n<\/tr>\n<tr>\n<td>St\u00e4rkung<\/td>\n<td>Mischkristall- und Ausscheidungsh\u00e4rtung<\/td>\n<\/tr>\n<\/tbody>\n<\/table>\n<p class=\"whitespace-pre-wrap\">Pulver 430L wird in der chemischen Verarbeitung, Schiffsbeschl\u00e4gen, Automobil-Abgaskomponenten, industriellen Ventilen und Flanschen sowie bei Strukturteilen, die Witterungsbest\u00e4ndigkeit erfordern, allgemein verwendet.<\/p>\n<h2>430L Pulverzusammensetzung<\/h2>\n<p class=\"whitespace-pre-wrap\">Die typische Zusammensetzung dieses 430L-Edelstahlpulvers lautet wie folgt:<\/p>\n<p class=\"whitespace-pre-wrap\"><strong>430L Pulverzusammensetzung<\/strong><\/p>\n<table>\n<thead>\n<tr>\n<th>Element<\/th>\n<th>Gew.-%<\/th>\n<\/tr>\n<\/thead>\n<tbody>\n<tr>\n<td>Eisen (Fe)<\/td>\n<td>Balanse<\/td>\n<\/tr>\n<tr>\n<td>Chrom (Cr)<\/td>\n<td>16-18%<\/td>\n<\/tr>\n<tr>\n<td>Kohlenstoff (C)<\/td>\n<td>max. 0,12 %<\/td>\n<\/tr>\n<tr>\n<td>Silizium (Si)<\/td>\n<td>max. 1 %<\/td>\n<\/tr>\n<tr>\n<td>Mangan (Mn)<\/td>\n<td>max. 1 %<\/td>\n<\/tr>\n<tr>\n<td>Molybd\u00e4n (Mo)<\/td>\n<td>0,5 % max<\/td>\n<\/tr>\n<tr>\n<td>Niobium (Nb)<\/td>\n<td>0.3-0.6%<\/td>\n<\/tr>\n<tr>\n<td>Stickstoff (N)<\/td>\n<td>0,03% max<\/td>\n<\/tr>\n<tr>\n<td>Schwefel (S)<\/td>\n<td>0,03% max<\/td>\n<\/tr>\n<\/tbody>\n<\/table>\n<ul class=\"list-disc pl-8 space-y-2\">\n<li class=\"whitespace-normal\">Eisen bietet die Grundmatrix und Z\u00e4higkeit<\/li>\n<li class=\"whitespace-normal\">Verbesserte Korrosions- und Oxidationsbest\u00e4ndigkeit durch Chrom<\/li>\n<li class=\"whitespace-normal\">Niob und Molybd\u00e4n sorgen f\u00fcr Ausscheidungsh\u00e4rtung<\/li>\n<li class=\"whitespace-normal\">Kohlenstoff, Stickstoff und Schwefel werden als St\u00f6relementen kontrolliert<\/li>\n<\/ul>\n<p class=\"whitespace-pre-wrap\">Die Zusammensetzung ist so konzipiert, dass sie optimale Korrosionsbest\u00e4ndigkeit bietet, bei gleichbleibender duktiler Dehnbarkeit, Z\u00e4higkeit und Schwei\u00dfbarkeit.<\/p>\n<p><img loading=\"lazy\" decoding=\"async\" class=\"size-medium wp-image-1409 aligncenter\" src=\"https:\/\/met3dp.com\/wp-content\/uploads\/2023\/09\/ed7a94ec-3c10-4b1b-87ed--300x300.jpg\" alt=\"430L Pulver\" width=\"300\" height=\"300\" title=\"\"><\/p>\n<h2>430L Pulverphysikalische Eigenschaften<\/h2>\n<p class=\"whitespace-pre-wrap\"><strong>430L Pulverphysikalische Eigenschaften<\/strong><\/p>\n<table>\n<thead>\n<tr>\n<th>Immobilie<\/th>\n<th>Werte<\/th>\n<\/tr>\n<\/thead>\n<tbody>\n<tr>\n<td>Dichte<\/td>\n<td>7,7 g\/cm\u00b3<\/td>\n<\/tr>\n<tr>\n<td>Schmelzpunkt<\/td>\n<td>1400-1450\u00a1\u00abC<\/td>\n<\/tr>\n<tr>\n<td>Elektrischer Widerstand<\/td>\n<td>0,6\u20130,7 \u00c3\u2014\u00b4\u00ce-m<\/td>\n<\/tr>\n<tr>\n<td>W\u00e4rmeleitf\u00e4higkeit<\/td>\n<td>26 W\/mK<\/td>\n<\/tr>\n<tr>\n<td>Curietemperatur<\/td>\n<td>1440\u00a1\u00abC<\/td>\n<\/tr>\n<tr>\n<td>Maximale Betriebstemperatur<\/td>\n<td>650-750 \u00a1\u00b0C<\/td>\n<\/tr>\n<\/tbody>\n<\/table>\n<ul class=\"list-disc pl-8 space-y-2\">\n<li class=\"whitespace-normal\">Die Dichte ist f\u00fcr einen Edelstahl m\u00e4\u00dfig hoch<\/li>\n<li class=\"whitespace-normal\">Bietet Festigkeit bei hohen Temperaturen und Korrosionsbest\u00e4ndigkeit<\/li>\n<li class=\"whitespace-normal\">Spezifischer elektrischer Widerstand h\u00f6her als bei reinem Eisen oder niedrig legierten St\u00e4hlen<\/li>\n<li class=\"whitespace-normal\">Wird \u00fcber dem Curie-Punkt paramagnetisch<\/li>\n<li class=\"whitespace-normal\">Kann m\u00e4\u00dfig hohen Betriebstemperaturen standhalten<\/li>\n<\/ul>\n<p class=\"whitespace-pre-wrap\">Aufgrund seiner physikalischen Eigenschaften ist 430L f\u00fcr korrosive Umgebungen und Anwendungen bei m\u00e4\u00dfig hohen Temperaturen geeignet, bei denen Oxidationsbest\u00e4ndigkeit erforderlich ist.<\/p>\n<h2>Mechanische Eigenschaften des 430L-Pulvers<\/h2>\n<p class=\"whitespace-pre-wrap\"><strong>Mechanische Eigenschaften des 430L-Pulvers<\/strong><\/p>\n<table>\n<thead>\n<tr>\n<th>Immobilie<\/th>\n<th>Werte<\/th>\n<\/tr>\n<\/thead>\n<tbody>\n<tr>\n<td>Zugfestigkeit<\/td>\n<td>450\u2013650 MPa<\/td>\n<\/tr>\n<tr>\n<td>Streckgrenze<\/td>\n<td>250-350 MPa<\/td>\n<\/tr>\n<tr>\n<td>Verl\u00e4ngerung<\/td>\n<td>35-45%<\/td>\n<\/tr>\n<tr>\n<td>E-Modul<\/td>\n<td>190\u2013210 GPa<\/td>\n<\/tr>\n<tr>\n<td>H\u00e4rte<\/td>\n<td>80-90 HRB<\/td>\n<\/tr>\n<tr>\n<td>Schlagz\u00e4higkeit<\/td>\n<td>50-100 J<\/td>\n<\/tr>\n<\/tbody>\n<\/table>\n<ul class=\"list-disc pl-8 space-y-2\">\n<li class=\"whitespace-normal\">Bietet eine m\u00e4\u00dfig hohe Festigkeit f\u00fcr einen Edelstahl<\/li>\n<li class=\"whitespace-normal\">Ausgezeichnete Duktilit\u00e4t und Schlagz\u00e4higkeit<\/li>\n<li class=\"whitespace-normal\">Durch eine W\u00e4rmebehandlung kann die Festigkeit noch weiter gesteigert werden.<\/li>\n<li class=\"whitespace-normal\">Die H\u00e4rte ist im Verh\u00e4ltnis zu martensitischen G\u00fcten relativ niedrig<\/li>\n<\/ul>\n<p class=\"whitespace-pre-wrap\">Die Werkstoffeigenschaften bieten eine gute Mischung aus Festigkeit, Duktilit\u00e4t und Z\u00e4higkeit, die f\u00fcr viele korrosiven Umgebungen und Belastungsbedingungen erforderlich sind.<\/p>\n<h2>430L-Pulveranwendungen<\/h2>\n<p class=\"whitespace-pre-wrap\">Typische Anwendungsf\u00e4lle von Edelstahlpulver 430L umfassen:<\/p>\n<p class=\"whitespace-pre-wrap\"><strong>430L-Pulveranwendungen<\/strong><\/p>\n<table>\n<thead>\n<tr>\n<th>Industrie<\/th>\n<th>Beispielverwendungen<\/th>\n<\/tr>\n<\/thead>\n<tbody>\n<tr>\n<td>Chemikalien<\/td>\n<td>Tanks, Ventile, Rohre, Pumpen<\/td>\n<\/tr>\n<tr>\n<td>Automotive<\/td>\n<td>Auspuff-Komponenten, Kraftstoffeinspritzteile<\/td>\n<\/tr>\n<tr>\n<td>Konstruktion<\/td>\n<td>Verkleidungen, architektonische Merkmale<\/td>\n<\/tr>\n<tr>\n<td>\u00d6l und Gas<\/td>\n<td>Bohrlochkopf-Ausr\u00fcstung, Bohrwerkzeuge<\/td>\n<\/tr>\n<tr>\n<td>Produktion<\/td>\n<td>Presswerkzeuge, Formen, Werkzeuge<\/td>\n<\/tr>\n<\/tbody>\n<\/table>\n<p class=\"whitespace-pre-wrap\">Einige spezifische Verwendungszwecke f\u00fcr Produkte:<\/p>\n<ul class=\"list-disc pl-8 space-y-2\">\n<li class=\"whitespace-normal\">Marineschmiedeartikel wie Relings, Scharniere, Befestigungselemente<\/li>\n<li class=\"whitespace-normal\">Abgaskr\u00fcmmer, Schalld\u00e4mpfer und Katalysatoren<\/li>\n<li class=\"whitespace-normal\">Chemische Verarbeitungsger\u00e4te wie Ventile und Flansche<\/li>\n<li class=\"whitespace-normal\">Rohre f\u00fcr die \u00d6lf\u00f6rderung f\u00fcr Untertage-Umgebungen<\/li>\n<li class=\"whitespace-normal\">Architekturverkleidung, Ummantelung und dekorative Elemente<\/li>\n<\/ul>\n<p class=\"whitespace-pre-wrap\">Seine hervorragende Korrosionsbest\u00e4ndigkeit in Kombination mit seiner guten Verarbeitbarkeit machen 430L zu einem weit verbreiteten Werkstoff in Branchen, die Best\u00e4ndigkeit gegen Verwitterung und Oxidation ben\u00f6tigen.<\/p>\n<h2>Produktspezifikationen 430L-Pulver<\/h2>\n<p class=\"whitespace-pre-wrap\">Relevante Spezifikationen und Normen:<\/p>\n<p class=\"whitespace-pre-wrap\"><strong>430L Pulverstandards<\/strong><\/p>\n<table>\n<thead>\n<tr>\n<th>Standard<\/th>\n<th>Beschreibung<\/th>\n<\/tr>\n<\/thead>\n<tbody>\n<tr>\n<td>ASTM A743<\/td>\n<td>Standard f\u00fcr korrosionsbest\u00e4ndige Chromstahlgussst\u00fccke<\/td>\n<\/tr>\n<tr>\n<td>ASTM A744<\/td>\n<td>Norm f\u00fcr korrosionbest\u00e4ndiges Chromstahlblech und -band<\/td>\n<\/tr>\n<tr>\n<td>AMS 5759<\/td>\n<td>Gegl\u00fchter korrosionsbest\u00e4ndiger Stahlstab, Draht, Schmiedeteile<\/td>\n<\/tr>\n<tr>\n<td>SAE J405<\/td>\n<td>Kfz-Verwitterungsbest\u00e4ndiges Stahlblech<\/td>\n<\/tr>\n<tr>\n<td>DIN 17440<\/td>\n<td>Rostfreie St\u00e4hle f\u00fcr korrosionsbest\u00e4ndige Anwendungen<\/td>\n<\/tr>\n<\/tbody>\n<\/table>\n<p class=\"whitespace-pre-wrap\">Diese Normen legen fest:<\/p>\n<ul class=\"list-disc pl-8 space-y-2\">\n<li class=\"whitespace-normal\">Grenzwerte der chemischen Zusammensetzung der 430L-Legierung<\/li>\n<li class=\"whitespace-normal\">Zul\u00e4ssige Verunreinigungspegel wie S, P<\/li>\n<li class=\"whitespace-normal\">Erforderliche mechanische Eigenschaften<\/li>\n<li class=\"whitespace-normal\">Genehmigte Herstellungsverfahren<\/li>\n<li class=\"whitespace-normal\">Konformit\u00e4tspr\u00fcfprotokolle<\/li>\n<li class=\"whitespace-normal\">Korrekte Verpackung, Etikettierung und Dokumentation<\/li>\n<\/ul>\n<p class=\"whitespace-pre-wrap\">Mithilfe der Einhaltung der Zertifizierungsanforderungen wird die Eignung des Pulvers f\u00fcr die Zielanwendungen und -m\u00e4rkte gew\u00e4hrleistet.<\/p>\n<h2>430L pulverf\u00f6rmige Partikelgr\u00f6\u00dfen<\/h2>\n<p class=\"whitespace-pre-wrap\"><strong>430 l Partikelgr\u00f6\u00dfeverteilung des Pulvers<\/strong><\/p>\n<table>\n<thead>\n<tr>\n<th>Teilchengr\u00f6sse<\/th>\n<th>Merkmale<\/th>\n<\/tr>\n<\/thead>\n<tbody>\n<tr>\n<td>10\u201345 Mikrometer<\/td>\n<td>Extrem feine K\u00f6rnung f\u00fcr hohe Dichte und Oberfl\u00e4chenfinish<\/td>\n<\/tr>\n<tr>\n<td>45-150 Mikron<\/td>\n<td>Grobe K\u00f6rnung sorgt f\u00fcr gute Flie\u00dff\u00e4higkeit<\/td>\n<\/tr>\n<tr>\n<td>15-150 Mikrometer<\/td>\n<td>Normqualit\u00e4t zum Pressen und Sintern<\/td>\n<\/tr>\n<\/tbody>\n<\/table>\n<ul class=\"list-disc pl-8 space-y-2\">\n<li class=\"whitespace-normal\">Feinstk\u00f6rnigere Partikel erm\u00f6glichen eine bessere Verdichtung beim Sintern<\/li>\n<li class=\"whitespace-normal\">Gr\u00f6beres Pulver flie\u00dft besser und f\u00fcllt Matrizenhohlr\u00e4ume gleichm\u00e4\u00dfig aus<\/li>\n<li class=\"whitespace-normal\">Der Gr\u00f6\u00dfenbereich richtet sich nach den Eigenschaften des ben\u00f6tigten Endteils<\/li>\n<li class=\"whitespace-normal\">Es sind pulver sowohl gas- als auch wasserzerst\u00e4ubt lieferbar<\/li>\n<\/ul>\n<p class=\"whitespace-pre-wrap\">Die Kontrolle der Partikelgr\u00f6\u00dfenverteilung erm\u00f6glicht die Optimierung des Verarbeitungsverhaltens und der endg\u00fcltigen Teilleistung.<\/p>\n<h2>430l scheinbare Pulverstaubdichte<\/h2>\n<p class=\"whitespace-pre-wrap\"><strong>430l scheinbare Pulverstaubdichte<\/strong><\/p>\n<table>\n<thead>\n<tr>\n<th>Anscheindichte<\/th>\n<th>Details<\/th>\n<\/tr>\n<\/thead>\n<tbody>\n<tr>\n<td>Bis zu 50 % echte Dichte<\/td>\n<td>F\u00fcr unregelm\u00e4\u00dfige Pulvermorphologie<\/td>\n<\/tr>\n<tr>\n<td>typisch 3.5\u20134.5 g\/cm\u00b3<\/td>\n<td>Verbessert sich mit hoher Packungsdichte<\/td>\n<\/tr>\n<\/tbody>\n<\/table>\n<ul class=\"list-disc pl-8 space-y-2\">\n<li class=\"whitespace-normal\">H\u00f6here Sch\u00fcttdichte verbessert Pulverfluss und Komprimierbarkeit<\/li>\n<li class=\"whitespace-normal\">Irregul\u00e4re Morphologie schr\u00e4nkt die maximale Packungsdichte ein<\/li>\n<li class=\"whitespace-normal\">Mit sph\u00e4rischen Pulvern sind Werte bis zu 60 % m\u00f6glich<\/li>\n<li class=\"whitespace-normal\">Hohe scheinbare Dichte verbessert die Pressf\u00fclleffizienz<\/li>\n<\/ul>\n<p class=\"whitespace-pre-wrap\">Eine h\u00f6here scheinbare Dichte f\u00fchrt zu einer besseren Fertigungsproduktivit\u00e4t und Teilequalit\u00e4t.<\/p>\n<h2>430L Herstellung von Pulver<\/h2>\n<p class=\"whitespace-pre-wrap\"><strong>430L Pulverproduktion<\/strong><\/p>\n<table>\n<thead>\n<tr>\n<th>Methode<\/th>\n<th>Details<\/th>\n<\/tr>\n<\/thead>\n<tbody>\n<tr>\n<td>Gasverd\u00fcsung<\/td>\n<td>Gas mit hohem Inertdruck zerlegt geschmolzene Metallstr\u00f6me in feine Tr\u00f6pfchen<\/td>\n<\/tr>\n<tr>\n<td>Wasserzerst\u00e4ubung<\/td>\n<td>Hochdruck-Wasserstrahl bricht Metall in feine Partikel<\/td>\n<\/tr>\n<tr>\n<td>Vakuum-Induktions-Schmelzen<\/td>\n<td>Hochreine Eingangsmaterialien, die unter Vakuum geschmolzen wurden<\/td>\n<\/tr>\n<tr>\n<td>Mehrfaches Einschmelzen<\/td>\n<td>Verbessert die chemische Homogenisierung<\/td>\n<\/tr>\n<tr>\n<td>Sieben<\/td>\n<td>Klassifiziert Pulver in verschiedene Partikelgr\u00f6\u00dfenbereiche<\/td>\n<\/tr>\n<\/tbody>\n<\/table>\n<ul class=\"list-disc pl-8 space-y-2\">\n<li class=\"whitespace-normal\">Gaszerst\u00e4ubung liefert eine saubere, kugelf\u00f6rmige Pulvermorphologie<\/li>\n<li class=\"whitespace-normal\">Die Zerst\u00e4ubung von Wasser ist ein kosteng\u00fcnstiger Prozess mit unregelm\u00e4\u00dfigen Partikeln<\/li>\n<li class=\"whitespace-normal\">Vakuum-Schmelzen und Umschmelzen minimiert gasf\u00f6rmige Verunreinigungen<\/li>\n<li class=\"whitespace-normal\">Die Nachbearbeitung erlaubt die Anpassung der Partikelgr\u00f6\u00dfe<\/li>\n<\/ul>\n<p class=\"whitespace-pre-wrap\">Automatisierte Fertigung und strenge Qualit\u00e4tskontrolle f\u00fchren zu gleichbleibendem Pulver f\u00fcr kritische Anwendungen.<\/p>\n<h2>430L Pulverbeschichtungspreisgestaltung<\/h2>\n<p class=\"whitespace-pre-wrap\"><strong>430L Pulverbeschichtungspreisgestaltung<\/strong><\/p>\n<table>\n<thead>\n<tr>\n<th>Faktor<\/th>\n<th>Auswirkung auf den Preis<\/th>\n<\/tr>\n<\/thead>\n<tbody>\n<tr>\n<td>Reinheitslevel<\/td>\n<td>H\u00f6here Reinheit erh\u00f6ht die Kosten<\/td>\n<\/tr>\n<tr>\n<td>Pulvermorphologie<\/td>\n<td>Kugelpulver kostet mehr als unregelm\u00e4\u00dfiges Pulver<\/td>\n<\/tr>\n<tr>\n<td>Teilchengr\u00f6sse<\/td>\n<td>Ultrafeines Pulver teurer<\/td>\n<\/tr>\n<tr>\n<td>Bestellvolumen<\/td>\n<td>Gr\u00f6\u00dfere Mengen haben niedrigere St\u00fcckpreise<\/td>\n<\/tr>\n<tr>\n<td>Zus\u00e4tzliche Services<\/td>\n<td>Individualisierung erh\u00f6ht die Kosten<\/td>\n<\/tr>\n<\/tbody>\n<\/table>\n<p class=\"whitespace-pre-wrap\"><strong>Richtpreise<\/strong><\/p>\n<ul class=\"list-disc pl-8 space-y-2\">\n<li class=\"whitespace-normal\">Irregul\u00e4res 430L-Pulver: 5-8 US-Dollar pro kg<\/li>\n<li class=\"whitespace-normal\">Sph\u00e4risches 430L-Pulver: 8-12 $ pro kg<\/li>\n<li class=\"whitespace-normal\">Mengenrabatte k\u00f6nnen um 30-50 % niedriger sein<\/li>\n<\/ul>\n<p class=\"whitespace-pre-wrap\">Der Preis richtet sich nach Reinheit, Partikeleigenschaften, Bestellmenge und erforderlichen Anpassungsgrad.<\/p>\n<h2>430L Pulverlieferanten<\/h2>\n<p class=\"whitespace-pre-wrap\"><strong>430L Pulverlieferanten<\/strong><\/p>\n<table>\n<thead>\n<tr>\n<th>Unternehmen<\/th>\n<th>Ort<\/th>\n<\/tr>\n<\/thead>\n<tbody>\n<tr>\n<td>H?gan?s<\/td>\n<td>Schweden<\/td>\n<\/tr>\n<tr>\n<td>Sandvik<\/td>\n<td>Deutschland<\/td>\n<\/tr>\n<tr>\n<td>Daido Steel<\/td>\n<td>Japan<\/td>\n<\/tr>\n<tr>\n<td>CNPC-Pulver<\/td>\n<td>China<\/td>\n<\/tr>\n<tr>\n<td>Carpenter Powder Products<\/td>\n<td>Vereinigte Staaten<\/td>\n<\/tr>\n<tr>\n<td>Erasteel<\/td>\n<td>Frankreich<\/td>\n<\/tr>\n<\/tbody>\n<\/table>\n<p class=\"whitespace-pre-wrap\">Faktoren der Schl\u00fcsselauswahl des Lieferanten:<\/p>\n<ul class=\"list-disc pl-8 space-y-2\">\n<li class=\"whitespace-normal\">Angebotene Pulverqualit\u00e4ten<\/li>\n<li class=\"whitespace-normal\">Produktionskapazit\u00e4t<\/li>\n<li class=\"whitespace-normal\">Partikelmorphologie und Gr\u00f6\u00dfenbereiche<\/li>\n<li class=\"whitespace-normal\">Batchanalyse und -zertifizierung<\/li>\n<li class=\"whitespace-normal\">Preise und Mindestbestellmenge<\/li>\n<li class=\"whitespace-normal\">Anpassungsservices<\/li>\n<li class=\"whitespace-normal\">Lieferzeiten und Zuverl\u00e4ssigkeit<\/li>\n<\/ul>\n<h2>430L Pulververarbeitung und Lagerung<\/h2>\n<p class=\"whitespace-pre-wrap\"><strong>430L Pulverhandhabung<\/strong><\/p>\n<table>\n<thead>\n<tr>\n<th>Empfehlung<\/th>\n<th>Grund<\/th>\n<\/tr>\n<\/thead>\n<tbody>\n<tr>\n<td>PSA und Bel\u00fcftung verwenden<\/td>\n<td>Vermeiden Sie den Kontakt zu feinen Metallpartikeln<\/td>\n<\/tr>\n<tr>\n<td>Stellen Sie eine ordnungsgem\u00e4\u00dfe Erdung sicher<\/td>\n<td>Verhindern Sie elektrostatische Entladungen beim Umgang mit<\/td>\n<\/tr>\n<tr>\n<td>Z\u00fcndquellen vermeiden<\/td>\n<td>Pulver kann in Sauerstoffatmosph\u00e4re verbrennen<\/td>\n<\/tr>\n<tr>\n<td>Verwenden Sie keine funkenbildenden Werkzeuge<\/td>\n<td>Verhindern Sie eine m\u00f6gliche Z\u00fcndung w\u00e4hrend der Handhabung<\/td>\n<\/tr>\n<tr>\n<td>Folgen Sie den Sicherheitsprotokollen<\/td>\n<td>Reduzieren Sie das Risiko von Verbrennungen, Inhalation oder Verschlucken<\/td>\n<\/tr>\n<tr>\n<td>In stabilen Beh\u00e4ltern lagern<\/td>\n<td>Vermeiden Sie Kontaminierung oder Oxidation<\/td>\n<\/tr>\n<\/tbody>\n<\/table>\n<p class=\"whitespace-pre-wrap\">Da 430L-Pulver brennbar ist, sollten w\u00e4hrend des Umgangs und der Lagerung Z\u00fcnd- und Explosionsrisiken kontrolliert werden. Abgesehen davon ist der Umgang unter Einhaltung angemessener Vorsichtsma\u00dfnahmen relativ sicher.<\/p>\n<h2>430L Pulverpr\u00fcfung und -test<\/h2>\n<p class=\"whitespace-pre-wrap\"><strong>430L Pulverpr\u00fcfung<\/strong><\/p>\n<table>\n<thead>\n<tr>\n<th>Test<\/th>\n<th>Details<\/th>\n<\/tr>\n<\/thead>\n<tbody>\n<tr>\n<td>Chemische Analyse<\/td>\n<td>ICP und XRF verifizieren Zusammensetzung<\/td>\n<\/tr>\n<tr>\n<td>Korngr\u00f6\u00dfenverteilung<\/td>\n<td>Laserbeugung bestimmt Gr\u00f6\u00dfenverteilung<\/td>\n<\/tr>\n<tr>\n<td>Anscheindichte<\/td>\n<td>Pr\u00fcfungen von Hallschen Durchflussmessern nach der Norm ASTM B212<\/td>\n<\/tr>\n<tr>\n<td>Pulvermorphologie<\/td>\n<td>Rasterelektronenmikroskopie zeigt Partikelform<\/td>\n<\/tr>\n<tr>\n<td>Durchflussmengenanalyse<\/td>\n<td>Schwerkraftdurchflussmenge durch die angegebene D\u00fcse<\/td>\n<\/tr>\n<tr>\n<td>Gl\u00fchverlust<\/td>\n<td>Bestimmt den Restfeuchtegehalt<\/td>\n<\/tr>\n<\/tbody>\n<\/table>\n<p class=\"whitespace-pre-wrap\">Strenge Tests garantieren, dass das Pulver den Anforderungen an chemische Reinheit, Partikeleigenschaften, Dichte, Morphologie und Flie\u00dff\u00e4higkeit gem\u00e4\u00df der anwendbaren Spezifikationen entspricht.<\/p>\n<h2>430L Pulver Vor- und Nachteile<\/h2>\n<p class=\"whitespace-pre-wrap\"><strong>Vorteile von 430L Pulver<\/strong><\/p>\n<ul class=\"list-disc pl-8 space-y-2\">\n<li class=\"whitespace-normal\">Sehr gute Korrosionsbest\u00e4ndigkeit in vielen Umgebungen<\/li>\n<li class=\"whitespace-normal\">Gute Duktilit\u00e4t, Z\u00e4higkeit und Schwei\u00dfbarkeit<\/li>\n<li class=\"whitespace-normal\">Kosteneffektiv im Vergleich zu austenitischen G\u00fcten<\/li>\n<li class=\"whitespace-normal\">Kann zur Steigerung der Festigkeit ausscheidungsh\u00e4rten<\/li>\n<li class=\"whitespace-normal\">Gut Oxidationsbest\u00e4ndigkeit bei hohen Temperaturen<\/li>\n<li class=\"whitespace-normal\">Mit herk\u00f6mmlichen Techniken m\u00fchelos formbar<\/li>\n<\/ul>\n<p class=\"whitespace-pre-wrap\"><strong>Nachteile von 430L-Pulver<\/strong><\/p>\n<ul class=\"list-disc pl-8 space-y-2\">\n<li class=\"whitespace-normal\">Im Vergleich zu martensitischen oder ferritischen G\u00fcten geringere Festigkeit<\/li>\n<li class=\"whitespace-normal\">Erfordert Sorgfalt w\u00e4hrend des Schwei\u00dfens, um Sensibilisierung zu vermeiden<\/li>\n<li class=\"whitespace-normal\">Anf\u00e4llig f\u00fcr Chloridspannungsrisskorrosion<\/li>\n<li class=\"whitespace-normal\">Begrenzte Hochtemperatur-Zugfestigkeit<\/li>\n<li class=\"whitespace-normal\">Geringere H\u00e4rte und Verschlei\u00dffestigkeit als austenitische G\u00fcten<\/li>\n<li class=\"whitespace-normal\">Oberfl\u00e4chenverf\u00e4rbung bei dauerhafter Bewitterung<\/li>\n<\/ul>\n<h2>Vergleich mit 304L-Pulver<\/h2>\n<p class=\"whitespace-pre-wrap\"><strong>430L vs 304L Rostfreier Stahl Pulver<\/strong><\/p>\n<table>\n<thead>\n<tr>\n<th>Parameter<\/th>\n<th>430L<\/th>\n<th>304L<\/th>\n<\/tr>\n<\/thead>\n<tbody>\n<tr>\n<td>Dichte<\/td>\n<td>7,7 g\/cm\u00b3<\/td>\n<td>8,0 g\/cm\u00b3<\/td>\n<\/tr>\n<tr>\n<td>St\u00e4rke<\/td>\n<td>450\u2013650 MPa<\/td>\n<td>520\u2013620 MPa<\/td>\n<\/tr>\n<tr>\n<td>Korrosionsbest\u00e4ndigkeit<\/td>\n<td>Ausgezeichnet<\/td>\n<td>Au\u00dfergew\u00f6hnlich<\/td>\n<\/tr>\n<tr>\n<td>W\u00e4rmebest\u00e4ndigkeit<\/td>\n<td>Gut<\/td>\n<td>Ausgezeichnet<\/td>\n<\/tr>\n<tr>\n<td>Schwei\u00dfbarkeit<\/td>\n<td>Gut<\/td>\n<td>Ausgezeichnet<\/td>\n<\/tr>\n<tr>\n<td>Kosten<\/td>\n<td>Niedrig<\/td>\n<td>High<\/td>\n<\/tr>\n<tr>\n<td>Anwendungen<\/td>\n<td>Automobilbau, Bauwesen<\/td>\n<td>Chemische Verarbeitung, Marine<\/td>\n<\/tr>\n<\/tbody>\n<\/table>\n<ul class=\"list-disc pl-8 space-y-2\">\n<li class=\"whitespace-normal\">430L hat eine etwas geringere Festigkeit, ist aber g\u00fcnstiger<\/li>\n<li class=\"whitespace-normal\">304L weist eine \u00fcberlegene Korrosions- und Hitzebest\u00e4ndigkeit auf<\/li>\n<li class=\"whitespace-normal\">430L hat eine bessere Z\u00e4higkeit bei Raumtemperatur<\/li>\n<li class=\"whitespace-normal\">304L ist f\u00fcr Anwendungen \u00fcber 500\u00a1\u00abC bevorzugt<\/li>\n<li class=\"whitespace-normal\">430L f\u00fcr Au\u00dfenstrukturen und Automobilteile geeignet<\/li>\n<\/ul>\n<h2>430L Pulver H\u00e4ufig gestellte Fragen<\/h2>\n<p class=\"whitespace-pre-wrap\"><strong>F: Welche sind die Hauptanwendungen des 430L-Edelstahlpulvers?<\/strong><\/p>\n<p class=\"whitespace-pre-wrap\">A: Zu den Hauptanwendungen geh\u00f6ren Komponenten f\u00fcr Autoabgase, Anlagen f\u00fcr die chemische Verarbeitung, Ger\u00e4te f\u00fcr \u00d6l und Gas, Architekturverkleidungen und -ummantelungen, Beschl\u00e4ge f\u00fcr die maritime Industrie und Fertigungswerkzeuge.<\/p>\n<p class=\"whitespace-pre-wrap\"><strong>F: Welche Vorsichtsma\u00dfnahmen sind bei der Arbeit mit 430L-Pulver zu treffen?<\/strong><\/p>\n<p class=\"whitespace-pre-wrap\">A: Zu den empfohlenen Vorsichtsma\u00dfnahmen geh\u00f6ren Bel\u00fcftung, PSA, korrekte Erdung, Inertgasatmosph\u00e4re, Vermeidung von Z\u00fcndquellen, Nutzung funkenfreier Werkzeuge und sichere Lagerung in stabilen Beh\u00e4ltern.<\/p>\n<p class=\"whitespace-pre-wrap\"><strong>Q: Was hat f\u00fcr eine Wirkung hat die Zugabe von Niob in rostfreiem 430L-Stahl?<\/strong><\/p>\n<p class=\"whitespace-pre-wrap\">A: Niob sorgt f\u00fcr eine Ausscheidungsh\u00e4rtung durch Bildung von Nitriden und Carbiden. Dadurch wird der Stahl bei guter Korrosionsbest\u00e4ndigkeit und Duktilit\u00e4t verst\u00e4rkt.<\/p>\n<p class=\"whitespace-pre-wrap\"><strong>F: Wie unterscheiden sich die Edelstahlsorten 430L, 409 und 439?<\/strong><\/p>\n<p class=\"whitespace-pre-wrap\">A: 430L ist korrosionsbest\u00e4ndiger als 409 und st\u00e4rker als 439. Es bietet eine optimale Kombination aus Korrosionsbest\u00e4ndigkeit, Formbarkeit, Schwei\u00dfbarkeit und Kosten.<\/p>\n<div id=\"gtx-trans\" style=\"position: absolute; left: -8px; top: 59.8125px;\">\n<div class=\"gtx-trans-icon\"><\/div>\n<\/div>\n<p><\/span><\/span><\/p>","protected":false},"excerpt":{"rendered":"<p>\u00dcberblick \u00fcber 430L-Pulver 430L-Pulver ist ein ferritisches Edelstahlpulver mit einem Chromgehalt von 17% und Zus\u00e4tzen von Molybd\u00e4n und Niob f\u00fcr verbesserte Korrosionsbest\u00e4ndigkeit. Es bietet ein optimales Gleichgewicht von Korrosionsbest\u00e4ndigkeit, Festigkeit, Schwei\u00dfbarkeit und Kosten. Wichtige Eigenschaften und Vorteile von 430L-Pulver: 430L-Pulver Eigenschaften und Merkmale Eigenschaften Details Zusammensetzung Fe-17Cr-Nb-Mo-Legierung Dichte...<\/p>","protected":false},"featured_media":1835,"parent":0,"template":"","meta":{"_acf_changed":false,"_kad_blocks_custom_css":"","_kad_blocks_head_custom_js":"","_kad_blocks_body_custom_js":"","_kad_blocks_footer_custom_js":"","_kad_post_transparent":"","_kad_post_title":"","_kad_post_layout":"","_kad_post_sidebar_id":"","_kad_post_content_style":"","_kad_post_vertical_padding":"","_kad_post_feature":"","_kad_post_feature_position":"","_kad_post_header":false,"_kad_post_footer":false,"_kad_post_classname":""},"product-category":[119,122],"class_list":["post-3917","product","type-product","status-publish","has-post-thumbnail","hentry","product-category-3d-printing-metal-powder","product-category-iron-based-alloy-powder"],"acf":[],"taxonomy_info":{"product-category":[{"value":119,"label":"3D Printing Metal Powder"},{"value":122,"label":"Iron Based Alloy Powder"}]},"featured_image_src_large":["https:\/\/3dpmetal.com\/wp-content\/uploads\/2024\/02\/430L-Powder.jpg",600,600,false],"author_info":[],"comment_info":"","_links":{"self":[{"href":"https:\/\/3dpmetal.com\/de\/wp-json\/wp\/v2\/product\/3917","targetHints":{"allow":["GET"]}}],"collection":[{"href":"https:\/\/3dpmetal.com\/de\/wp-json\/wp\/v2\/product"}],"about":[{"href":"https:\/\/3dpmetal.com\/de\/wp-json\/wp\/v2\/types\/product"}],"wp:featuredmedia":[{"embeddable":true,"href":"https:\/\/3dpmetal.com\/de\/wp-json\/wp\/v2\/media\/1835"}],"wp:attachment":[{"href":"https:\/\/3dpmetal.com\/de\/wp-json\/wp\/v2\/media?parent=3917"}],"wp:term":[{"taxonomy":"product-category","embeddable":true,"href":"https:\/\/3dpmetal.com\/de\/wp-json\/wp\/v2\/product-category?post=3917"}],"curies":[{"name":"wp","href":"https:\/\/api.w.org\/{rel}","templated":true}]}}