{"id":3919,"date":"2024-03-18T06:10:14","date_gmt":"2024-03-18T06:10:14","guid":{"rendered":"https:\/\/3dp.45612300.xyz\/product\/310-powder\/"},"modified":"2024-03-18T06:10:14","modified_gmt":"2024-03-18T06:10:14","slug":"310-powder","status":"publish","type":"product","link":"https:\/\/3dpmetal.com\/de\/product\/310-powder\/","title":{"rendered":"310 Pulver"},"content":{"rendered":"<p><span style=\"vertical-align: inherit;\"><span style=\"vertical-align: inherit;\"><\/p>\n<h2>\u00dcbersicht \u00fcber 310-Pulver<\/h2>\n<p class=\"whitespace-pre-wrap\">310 Powder ist ein austenitisches Edelstahlpulver mit einem hohen Gehalt an Chrom, Nickel und Stickstoff zur Verbesserung der mechanischen Eigenschaften und Korrosionsbest\u00e4ndigkeit. Es bietet eine hervorragende Kombination aus Festigkeit, H\u00e4rte, Z\u00e4higkeit und Verschlei\u00dffestigkeit.<\/p>\n<p class=\"whitespace-pre-wrap\">Wichtige Eigenschaften und Vorteile von 310 Pulver umfassen:<\/p>\n<p class=\"whitespace-pre-wrap\"><strong>310 Pulvereigenschaften und -merkmale<\/strong><\/p>\n<table>\n<thead>\n<tr>\n<th>Merkmale<\/th>\n<th>Details<\/th>\n<\/tr>\n<\/thead>\n<tbody>\n<tr>\n<td>Komposition<\/td>\n<td>Fe-25Cr-20Ni-0,25N-Legierung<\/td>\n<\/tr>\n<tr>\n<td>Dichte<\/td>\n<td>8,1 g\/cm\u00b3<\/td>\n<\/tr>\n<tr>\n<td>Partikelform<\/td>\n<td>Unregelm\u00e4\u00dfig, eckig<\/td>\n<\/tr>\n<tr>\n<td>Gr\u00f6\u00dfenpalette<\/td>\n<td>10-150 Mikrometer<\/td>\n<\/tr>\n<tr>\n<td>Anscheindichte<\/td>\n<td>Bis zu 50 % echte Dichte<\/td>\n<\/tr>\n<tr>\n<td>Flie\u00dff\u00e4higkeit<\/td>\n<td>Mittelm\u00e4ssig<\/td>\n<\/tr>\n<tr>\n<td>St\u00e4rke<\/td>\n<td>Sehr hoch f\u00fcr ein Pulver der Serie\u00a0300<\/td>\n<\/tr>\n<tr>\n<td>Verschlei\u00dffestigkeit<\/td>\n<td>Ausgezeichnet aufgrund von Kaltverfestigung<\/td>\n<\/tr>\n<\/tbody>\n<\/table>\n<p class=\"whitespace-pre-wrap\">310-Pulver wird vielfach in Anwendungen verwendet, die H\u00e4rte, Verschlei\u00dffestigkeit und Korrosionsbest\u00e4ndigkeit erfordern, wie z. B. Ventilteile, Wellen, Lagerk\u00e4fige, Verbindungselemente, chirurgische Instrumente usw.<\/p>\n<h2>310 Pulverzusammensetzung<\/h2>\n<p class=\"whitespace-pre-wrap\">Typische Zusammensetzung des 310er Edelstahlpulvers:<\/p>\n<p class=\"whitespace-pre-wrap\"><strong>310 Pulverzusammensetzung<\/strong><\/p>\n<table>\n<thead>\n<tr>\n<th>Element<\/th>\n<th>Gew.-%<\/th>\n<\/tr>\n<\/thead>\n<tbody>\n<tr>\n<td>Eisen (Fe)<\/td>\n<td>Balanse<\/td>\n<\/tr>\n<tr>\n<td>Chrom (Cr)<\/td>\n<td>24-26%<\/td>\n<\/tr>\n<tr>\n<td>Nickel (Ni)<\/td>\n<td>19-22%<\/td>\n<\/tr>\n<tr>\n<td>Stickstoff (N)<\/td>\n<td>0.2-0.4%<\/td>\n<\/tr>\n<tr>\n<td>Kohlenstoff (C)<\/td>\n<td>0,25 % max.<\/td>\n<\/tr>\n<tr>\n<td>Silizium (Si)<\/td>\n<td>max. 1,5 %<\/td>\n<\/tr>\n<tr>\n<td>Mangan (Mn)<\/td>\n<td>Maximal 2%<\/td>\n<\/tr>\n<tr>\n<td>Schwefel (S)<\/td>\n<td>0,03% max<\/td>\n<\/tr>\n<tr>\n<td>Phosphor (P)<\/td>\n<td>max. 0,045%<\/td>\n<\/tr>\n<\/tbody>\n<\/table>\n<ul class=\"list-disc pl-8 space-y-2\">\n<li class=\"whitespace-normal\">Eisen liefert die ferritische Matrix und Duktilit\u00e4t<\/li>\n<li class=\"whitespace-normal\">Chrom und Nickel erh\u00f6hen die Korrosionsbest\u00e4ndigkeit<\/li>\n<li class=\"whitespace-normal\">Stickstoff liefert eine zuverl\u00e4ssige L\u00f6sungsfestigkeit.<\/li>\n<li class=\"whitespace-normal\">Kohlenstoff, Silizium und Mangan als unerw\u00fcnschte Elemente kontrolliert<\/li>\n<\/ul>\n<p class=\"whitespace-pre-wrap\">Die optimierte Zusammensetzung bietet eine exzellente Kombination aus Festigkeit, H\u00e4rte, Korrosionsbest\u00e4ndigkeit und Kosten.<\/p>\n<p><img loading=\"lazy\" decoding=\"async\" class=\"aligncenter wp-image-1409 size-medium\" src=\"https:\/\/met3dp.com\/wp-content\/uploads\/2023\/09\/ed7a94ec-3c10-4b1b-87ed--300x300.jpg\" alt=\"310 Pulver\" width=\"300\" height=\"300\" title=\"\"><\/p>\n<h2>310 Pulver physikalische Eigenschaften<\/h2>\n<p class=\"whitespace-pre-wrap\"><strong>310 Pulver physikalische Eigenschaften<\/strong><\/p>\n<table>\n<thead>\n<tr>\n<th>Immobilie<\/th>\n<th>Werte<\/th>\n<\/tr>\n<\/thead>\n<tbody>\n<tr>\n<td>Dichte<\/td>\n<td>8,1 g\/cm\u00b3<\/td>\n<\/tr>\n<tr>\n<td>Schmelzpunkt<\/td>\n<td>1370-1400\u00a1\u00abC<\/td>\n<\/tr>\n<tr>\n<td>Elektrischer Widerstand<\/td>\n<td>0,8 \u00c3\u00d7\u00b4\u00ce-m<\/td>\n<\/tr>\n<tr>\n<td>W\u00e4rmeleitf\u00e4higkeit<\/td>\n<td>12 W\/mK<\/td>\n<\/tr>\n<tr>\n<td>W\u00e4rmeausdehnung<\/td>\n<td>11 x 10^-6 \/K<\/td>\n<\/tr>\n<tr>\n<td>Maximale Betriebstemperatur<\/td>\n<td>1150\u00a1\u00abC<\/td>\n<\/tr>\n<\/tbody>\n<\/table>\n<ul class=\"list-disc pl-8 space-y-2\">\n<li class=\"whitespace-normal\">Hohe Dichte im Vergleich zu ferritischem nichtrostendem Stahl<\/li>\n<li class=\"whitespace-normal\">Beh\u00e4lt ausgezeichnete Festigkeit bei erh\u00f6hten Temperaturen bei<\/li>\n<li class=\"whitespace-normal\">Elektrischer Widerstand h\u00f6her als der von reinem Eisen oder Kohlenstoffstahl<\/li>\n<li class=\"whitespace-normal\">Geringere thermische Leitf\u00e4higkeit als Kohlenstoffstahl<\/li>\n<li class=\"whitespace-normal\">H\u00e4lt einem Dauerbetrieb von bis zu 1150 \u00a1\u00abC stand<\/li>\n<\/ul>\n<p class=\"whitespace-pre-wrap\">Die physikalischen Eigenschaften machen 310 geeignet f\u00fcr Hochtemperaturanwendungen, die H\u00e4rte, Festigkeit und Korrosionsfestigkeit erfordern.<\/p>\n<h2>310 Mechanische Eigenschaften des Pulvers<\/h2>\n<p class=\"whitespace-pre-wrap\"><strong>310 Mechanische Eigenschaften des Pulvers<\/strong><\/p>\n<table>\n<thead>\n<tr>\n<th>Immobilie<\/th>\n<th>Werte<\/th>\n<\/tr>\n<\/thead>\n<tbody>\n<tr>\n<td>Zugfestigkeit<\/td>\n<td>760\u2013900 MPa<\/td>\n<\/tr>\n<tr>\n<td>Streckgrenze<\/td>\n<td>450-550 MPa<\/td>\n<\/tr>\n<tr>\n<td>Verl\u00e4ngerung<\/td>\n<td>35-40%<\/td>\n<\/tr>\n<tr>\n<td>H\u00e4rte<\/td>\n<td>32-38 HRC<\/td>\n<\/tr>\n<tr>\n<td>Schlagz\u00e4higkeit<\/td>\n<td>50-100 J<\/td>\n<\/tr>\n<tr>\n<td>E-Modul<\/td>\n<td>190\u2013210 GPa<\/td>\n<\/tr>\n<\/tbody>\n<\/table>\n<ul class=\"list-disc pl-8 space-y-2\">\n<li class=\"whitespace-normal\">Hohe Festigkeit f\u00fcr Edelstahl der Serie 300<\/li>\n<li class=\"whitespace-normal\">Ausgezeichnete H\u00e4rte und Verschlei\u00dffestigkeit<\/li>\n<li class=\"whitespace-normal\">Hohe Z\u00e4higkeit und Schlagfestigkeit<\/li>\n<li class=\"whitespace-normal\">Die Festigkeit kann durch Kaltverfestigung noch weiter erh\u00f6ht werden<\/li>\n<li class=\"whitespace-normal\">Kaltverfestigung erh\u00f6ht auch die H\u00e4rte erheblich<\/li>\n<\/ul>\n<p class=\"whitespace-pre-wrap\">Die Werkstoffe bieten eine hervorragende Kombination von Festigkeit, H\u00e4rte und Z\u00e4higkeit, wie sie in vielen verschlei\u00dffesten Anwendungen ben\u00f6tigt werden.<\/p>\n<h2>310 Pulverbeschichtungen<\/h2>\n<p class=\"whitespace-pre-wrap\">Typische Anwendungen von 310er Edelstahlpulver sind:<\/p>\n<p class=\"whitespace-pre-wrap\"><strong>310 Pulverbeschichtungen<\/strong><\/p>\n<table>\n<thead>\n<tr>\n<th>Industrie<\/th>\n<th>Beispielverwendungen<\/th>\n<\/tr>\n<\/thead>\n<tbody>\n<tr>\n<td>Petrochemie<\/td>\n<td>Ventile, Pumpen, Wellen<\/td>\n<\/tr>\n<tr>\n<td>Lebensmittelverarbeitung<\/td>\n<td>Extruderschnecken, Extruderklingen<\/td>\n<\/tr>\n<tr>\n<td>Automotive<\/td>\n<td>Zahnr\u00e4der, Wellen, Verbindungselemente<\/td>\n<\/tr>\n<tr>\n<td>Produktion<\/td>\n<td>Presswerkzeuge, K\u00e4figkl\u00f6pper<\/td>\n<\/tr>\n<tr>\n<td>Medizinisch<\/td>\n<td>Chirurgische Instrumente, Implantate<\/td>\n<\/tr>\n<\/tbody>\n<\/table>\n<p class=\"whitespace-pre-wrap\">Einige spezifische Verwendungszwecke f\u00fcr Produkte:<\/p>\n<ul class=\"list-disc pl-8 space-y-2\">\n<li class=\"whitespace-normal\">Hochfeste Schraubverbindungen, Bolzen, Muttern<\/li>\n<li class=\"whitespace-normal\">Pumpen- und Ventilkomponenten wie Dichtungen, Wellen<\/li>\n<li class=\"whitespace-normal\">Schnecken und Messer f\u00fcr Extruder zur Lebensmittelverarbeitung<\/li>\n<li class=\"whitespace-normal\">Werkzeuge und Formen mit hoher H\u00e4rte<\/li>\n<li class=\"whitespace-normal\">Mischeinrichtungen, R\u00fchrwerkzeuge die eine Verschlei\u00dffestigkeit ben\u00f6tigen<\/li>\n<\/ul>\n<p class=\"whitespace-pre-wrap\">Seine ausgezeichnete Kombination aus Eigenschaften macht 310 in der Industrie f\u00fcr viele Spezialanwendungen weit verbreitet.<\/p>\n<h2>310 Pulver Spezifikationen<\/h2>\n<p class=\"whitespace-pre-wrap\">Relevante Spezifikationen und Normen:<\/p>\n<p class=\"whitespace-pre-wrap\"><strong>310 Pulverstandards<\/strong><\/p>\n<table>\n<thead>\n<tr>\n<th>Standard<\/th>\n<th>Beschreibung<\/th>\n<\/tr>\n<\/thead>\n<tbody>\n<tr>\n<td>ASTM A276<\/td>\n<td>Standard-Spezifikation f\u00fcr Edelstahlstangen und -Profile<\/td>\n<\/tr>\n<tr>\n<td>ASTM A314<\/td>\n<td>Standard f\u00fcr gebogene Edelstahlaustrittsrohre und -leitungen<\/td>\n<\/tr>\n<tr>\n<td>ASME SA-479<\/td>\n<td>Spezifikation f\u00fcr Edelstahlrohre<\/td>\n<\/tr>\n<tr>\n<td>AMS 5517<\/td>\n<td>Gegl\u00fchter korrosionsbest\u00e4ndiger Stahlstab, Draht, Schmiedeteile<\/td>\n<\/tr>\n<tr>\n<td>AMS 5903<\/td>\n<td>Niederschlagsverfestigter Edelstahlstab, Draht, Schmiedest\u00fccke<\/td>\n<\/tr>\n<\/tbody>\n<\/table>\n<p class=\"whitespace-pre-wrap\">Diese Normen legen fest:<\/p>\n<ul class=\"list-disc pl-8 space-y-2\">\n<li class=\"whitespace-normal\">Chemische Zusammensetzungslimits der Legierung 310<\/li>\n<li class=\"whitespace-normal\">Zul\u00e4ssige Verunreinigungspegel wie S, P<\/li>\n<li class=\"whitespace-normal\">Erforderliche mechanische Eigenschaften<\/li>\n<li class=\"whitespace-normal\">Genehmigte Herstellungsverfahren<\/li>\n<li class=\"whitespace-normal\">Konformit\u00e4tspr\u00fcfprotokolle<\/li>\n<li class=\"whitespace-normal\">Korrekte Verpackung, Etikettierung und Dokumentation<\/li>\n<\/ul>\n<p class=\"whitespace-pre-wrap\">Das Einhalten der Zertifizierungsanforderungen gew\u00e4hrleistet die Eignung des Pulvers.<\/p>\n<h2>310 Pulverteilchengr\u00f6\u00dfen<\/h2>\n<p class=\"whitespace-pre-wrap\"><strong>310 Partikelgr\u00f6\u00dfenverteilung von Pulver<\/strong><\/p>\n<table>\n<thead>\n<tr>\n<th>Teilchengr\u00f6sse<\/th>\n<th>Merkmale<\/th>\n<\/tr>\n<\/thead>\n<tbody>\n<tr>\n<td>10\u201345 Mikrometer<\/td>\n<td>Extrem feine K\u00f6rnung f\u00fcr hohe Dichte und Oberfl\u00e4chenfinish<\/td>\n<\/tr>\n<tr>\n<td>45-150 Mikron<\/td>\n<td>Grobe K\u00f6rnung sorgt f\u00fcr gute Flie\u00dff\u00e4higkeit<\/td>\n<\/tr>\n<tr>\n<td>15-150 Mikrometer<\/td>\n<td>Normqualit\u00e4t zum Pressen und Sintern<\/td>\n<\/tr>\n<\/tbody>\n<\/table>\n<ul class=\"list-disc pl-8 space-y-2\">\n<li class=\"whitespace-normal\">Feinstk\u00f6rnigere Partikel erm\u00f6glichen eine bessere Verdichtung beim Sintern<\/li>\n<li class=\"whitespace-normal\">Gr\u00f6beres Pulver flie\u00dft besser und f\u00fcllt Matrizenhohlr\u00e4ume gleichm\u00e4\u00dfig aus<\/li>\n<li class=\"whitespace-normal\">Der Gr\u00f6\u00dfenbereich richtet sich nach den Eigenschaften des ben\u00f6tigten Endteils<\/li>\n<li class=\"whitespace-normal\">Es sind pulver sowohl gas- als auch wasserzerst\u00e4ubt lieferbar<\/li>\n<\/ul>\n<p class=\"whitespace-pre-wrap\">Die Kontrolle der Partikelgr\u00f6\u00dfenverteilung erm\u00f6glicht die Optimierung des Verarbeitungsverhaltens und der endg\u00fcltigen Teilleistung.<\/p>\n<h2>310 Sch\u00fcttdichte<\/h2>\n<p class=\"whitespace-pre-wrap\"><strong>310 Sch\u00fcttdichte<\/strong><\/p>\n<table>\n<thead>\n<tr>\n<th>Anscheindichte<\/th>\n<th>Details<\/th>\n<\/tr>\n<\/thead>\n<tbody>\n<tr>\n<td>Bis zu 50 % echte Dichte<\/td>\n<td>F\u00fcr unregelm\u00e4\u00dfige Pulvermorphologie<\/td>\n<\/tr>\n<tr>\n<td>typischerweise 4,5-5,5 g\/ccm<\/td>\n<td>Verbessert sich mit hoher Packungsdichte<\/td>\n<\/tr>\n<\/tbody>\n<\/table>\n<ul class=\"list-disc pl-8 space-y-2\">\n<li class=\"whitespace-normal\">H\u00f6here Sch\u00fcttdichte verbessert Pulverfluss und Komprimierbarkeit<\/li>\n<li class=\"whitespace-normal\">Irregul\u00e4re Morphologie schr\u00e4nkt die maximale Packungsdichte ein<\/li>\n<li class=\"whitespace-normal\">Mit sph\u00e4rischen Pulvern sind Werte bis zu 60 % m\u00f6glich<\/li>\n<li class=\"whitespace-normal\">Hohe scheinbare Dichte verbessert die Pressf\u00fclleffizienz<\/li>\n<\/ul>\n<p class=\"whitespace-pre-wrap\">Eine h\u00f6here scheinbare Dichte f\u00fchrt zu einer besseren Fertigungsproduktivit\u00e4t und Teilequalit\u00e4t.<\/p>\n<h2>310 Pulverproduktionsverfahren<\/h2>\n<p class=\"whitespace-pre-wrap\"><strong>310 Pulverherstellung<\/strong><\/p>\n<table>\n<thead>\n<tr>\n<th>Methode<\/th>\n<th>Details<\/th>\n<\/tr>\n<\/thead>\n<tbody>\n<tr>\n<td>Gasverd\u00fcsung<\/td>\n<td>Gas mit hohem Inertdruck zerlegt geschmolzene Metallstr\u00f6me in feine Tr\u00f6pfchen<\/td>\n<\/tr>\n<tr>\n<td>Wasserzerst\u00e4ubung<\/td>\n<td>Hochdruck-Wasserstrahl bricht Metall in feine Partikel<\/td>\n<\/tr>\n<tr>\n<td>Vakuum-Induktions-Schmelzen<\/td>\n<td>Hochreine Eingangsmaterialien, die unter Vakuum geschmolzen wurden<\/td>\n<\/tr>\n<tr>\n<td>Mehrfaches Einschmelzen<\/td>\n<td>Verbessert die chemische Homogenisierung<\/td>\n<\/tr>\n<tr>\n<td>Sieben<\/td>\n<td>Klassifiziert Pulver in verschiedene Partikelgr\u00f6\u00dfenbereiche<\/td>\n<\/tr>\n<\/tbody>\n<\/table>\n<ul class=\"list-disc pl-8 space-y-2\">\n<li class=\"whitespace-normal\">Gaszerst\u00e4ubung liefert eine saubere, kugelf\u00f6rmige Pulvermorphologie<\/li>\n<li class=\"whitespace-normal\">Die Zerst\u00e4ubung von Wasser ist ein kosteng\u00fcnstiger Prozess mit unregelm\u00e4\u00dfigen Partikeln<\/li>\n<li class=\"whitespace-normal\">Vakuum-Schmelzen und Umschmelzen minimiert gasf\u00f6rmige Verunreinigungen<\/li>\n<li class=\"whitespace-normal\">Die Nachbearbeitung erlaubt die Anpassung der Partikelgr\u00f6\u00dfe<\/li>\n<\/ul>\n<p class=\"whitespace-pre-wrap\">Automatisierte Fertigung und strenge Qualit\u00e4tskontrolle f\u00fchren zu gleichbleibendem Pulver f\u00fcr kritische Anwendungen.<\/p>\n<h2>310 Puderpreise<\/h2>\n<p class=\"whitespace-pre-wrap\"><strong>310 Puderpreise<\/strong><\/p>\n<table>\n<thead>\n<tr>\n<th>Faktor<\/th>\n<th>Auswirkung auf den Preis<\/th>\n<\/tr>\n<\/thead>\n<tbody>\n<tr>\n<td>Reinheitslevel<\/td>\n<td>H\u00f6here Reinheit erh\u00f6ht die Kosten<\/td>\n<\/tr>\n<tr>\n<td>Pulvermorphologie<\/td>\n<td>Kugelpulver kostet mehr<\/td>\n<\/tr>\n<tr>\n<td>Teilchengr\u00f6sse<\/td>\n<td>Ultrafeines Pulver teurer<\/td>\n<\/tr>\n<tr>\n<td>Bestellvolumen<\/td>\n<td>Gr\u00f6\u00dfere Mengen haben niedrigere St\u00fcckpreise<\/td>\n<\/tr>\n<tr>\n<td>Zus\u00e4tzliche Services<\/td>\n<td>Individualisierung erh\u00f6ht die Kosten<\/td>\n<\/tr>\n<\/tbody>\n<\/table>\n<p class=\"whitespace-pre-wrap\"><strong>Richtpreise<\/strong><\/p>\n<ul class=\"list-disc pl-8 space-y-2\">\n<li class=\"whitespace-normal\">Unregelm\u00e4\u00dfiges 310-Pulver: 8\u201312 $ pro kg<\/li>\n<li class=\"whitespace-normal\">Spherical Pulvers 310: 12-18 USD pro kg<\/li>\n<li class=\"whitespace-normal\">Mengenrabatte k\u00f6nnen um 30-50 % niedriger sein<\/li>\n<\/ul>\n<p class=\"whitespace-pre-wrap\">Der Preis richtet sich nach Reinheit, Partikeleigenschaften, Bestellvolumen und Anpassungsanforderungen.<\/p>\n<h2>310 Pulverlieferanten<\/h2>\n<p class=\"whitespace-pre-wrap\"><strong>310 Pulverlieferanten<\/strong><\/p>\n<table>\n<thead>\n<tr>\n<th>Unternehmen<\/th>\n<th>Ort<\/th>\n<\/tr>\n<\/thead>\n<tbody>\n<tr>\n<td>H?gan?s<\/td>\n<td>Schweden<\/td>\n<\/tr>\n<tr>\n<td>Sandvik<\/td>\n<td>Deutschland<\/td>\n<\/tr>\n<tr>\n<td>Daido Steel<\/td>\n<td>Japan<\/td>\n<\/tr>\n<tr>\n<td>CNPC-Pulver<\/td>\n<td>China<\/td>\n<\/tr>\n<tr>\n<td>Carpenter Powder Products<\/td>\n<td>Vereinigte Staaten<\/td>\n<\/tr>\n<tr>\n<td>Erasteel<\/td>\n<td>Frankreich<\/td>\n<\/tr>\n<\/tbody>\n<\/table>\n<p class=\"whitespace-pre-wrap\">Faktoren der Schl\u00fcsselauswahl des Lieferanten:<\/p>\n<ul class=\"list-disc pl-8 space-y-2\">\n<li class=\"whitespace-normal\">Angebotene Pulverqualit\u00e4ten<\/li>\n<li class=\"whitespace-normal\">Produktionskapazit\u00e4t<\/li>\n<li class=\"whitespace-normal\">Partikelmorphologie und Gr\u00f6\u00dfenbereiche<\/li>\n<li class=\"whitespace-normal\">Chargenanalyseberichte<\/li>\n<li class=\"whitespace-normal\">Preise und Mindestbestellmenge<\/li>\n<li class=\"whitespace-normal\">Anpassungsservices<\/li>\n<li class=\"whitespace-normal\">Lieferzeiten und Zuverl\u00e4ssigkeit<\/li>\n<\/ul>\n<h2>310 Pulververarbeitung und -lagerung<\/h2>\n<p class=\"whitespace-pre-wrap\"><strong>310 Powder-Handhabung<\/strong><\/p>\n<table>\n<thead>\n<tr>\n<th>Empfehlung<\/th>\n<th>Grund<\/th>\n<\/tr>\n<\/thead>\n<tbody>\n<tr>\n<td>PSA und Bel\u00fcftung verwenden<\/td>\n<td>Vermeiden Sie den Kontakt zu feinen Metallpartikeln<\/td>\n<\/tr>\n<tr>\n<td>Stellen Sie eine ordnungsgem\u00e4\u00dfe Erdung sicher<\/td>\n<td>Verhindern Sie elektrostatische Entladungen beim Umgang mit<\/td>\n<\/tr>\n<tr>\n<td>Z\u00fcndquellen vermeiden<\/td>\n<td>Pulver kann in Sauerstoffatmosph\u00e4re verbrennen<\/td>\n<\/tr>\n<tr>\n<td>Verwenden Sie keine funkenbildenden Werkzeuge<\/td>\n<td>Z\u00fcndf\u00e4higkeit vermeiden<\/td>\n<\/tr>\n<tr>\n<td>Folgen Sie den Sicherheitsprotokollen<\/td>\n<td>Reduziert das Risiko von Verbrennungen, Einatmen, Verschlucken<\/td>\n<\/tr>\n<tr>\n<td>In stabilen Beh\u00e4ltern lagern<\/td>\n<td>Vermeiden Sie Kontaminierung oder Oxidation<\/td>\n<\/tr>\n<\/tbody>\n<\/table>\n<p class=\"whitespace-pre-wrap\">Da 310-Pulver brennbar ist, m\u00fcssen bei Handhabung und Lagerung Risiken von Entz\u00fcndung und Explosion kontrolliert werden. Ansonsten ist es mit geeigneten Vorsichtsma\u00dfnahmen relativ sicher.<\/p>\n<h2>310 Untersuchung und Pr\u00fcfung von Pulver<\/h2>\n<p class=\"whitespace-pre-wrap\"><strong>310 Pulverpr\u00fcfung<\/strong><\/p>\n<table>\n<thead>\n<tr>\n<th>Test<\/th>\n<th>Details<\/th>\n<\/tr>\n<\/thead>\n<tbody>\n<tr>\n<td>Chemische Analyse<\/td>\n<td>ICP und XRF verifizieren Zusammensetzung<\/td>\n<\/tr>\n<tr>\n<td>Korngr\u00f6\u00dfenverteilung<\/td>\n<td>Laserbeugung bestimmt Gr\u00f6\u00dfenverteilung<\/td>\n<\/tr>\n<tr>\n<td>Anscheindichte<\/td>\n<td>Pr\u00fcfungen von Hallschen Durchflussmessern nach der Norm ASTM B212<\/td>\n<\/tr>\n<tr>\n<td>Pulvermorphologie<\/td>\n<td>Rasterelektronenmikroskopie zeigt Partikelform<\/td>\n<\/tr>\n<tr>\n<td>Durchflussmengenanalyse<\/td>\n<td>Schwerkraftdurchflussmenge durch die angegebene D\u00fcse<\/td>\n<\/tr>\n<tr>\n<td>Gl\u00fchverlust<\/td>\n<td>Bestimmt den Restfeuchtegehalt<\/td>\n<\/tr>\n<\/tbody>\n<\/table>\n<p class=\"whitespace-pre-wrap\">Strenge Tests garantieren, dass das Pulver den Anforderungen an chemische Reinheit, Partikeleigenschaften, Dichte, Morphologie und Flie\u00dff\u00e4higkeit gem\u00e4\u00df der anwendbaren Spezifikationen entspricht.<\/p>\n<h2>310 Powder Vor- und Nachteile<\/h2>\n<p class=\"whitespace-pre-wrap\"><strong>Vorteile von 310 Pulver<\/strong><\/p>\n<ul class=\"list-disc pl-8 space-y-2\">\n<li class=\"whitespace-normal\">Exzellente Festigkeit und H\u00e4rte f\u00fcr nichtrostenden Stahl<\/li>\n<li class=\"whitespace-normal\">Festigkeit bei hohen Temperaturen und Korrosionsbest\u00e4ndigkeit<\/li>\n<li class=\"whitespace-normal\">Gute Duktilit\u00e4t, Z\u00e4higkeit und Schwei\u00dfbarkeit<\/li>\n<li class=\"whitespace-normal\">Ausgezeichnete Verschlei\u00df- und Abriebbest\u00e4ndigkeit<\/li>\n<li class=\"whitespace-normal\">Einfach bewegt sich verh\u00e4rtet deutlich<\/li>\n<li class=\"whitespace-normal\">Kosteng\u00fcnstiger als hochlegierter Nickel oder exotische Legierungen<\/li>\n<\/ul>\n<p class=\"whitespace-pre-wrap\"><strong>Nachteile von 310 Pulver<\/strong><\/p>\n<ul class=\"list-disc pl-8 space-y-2\">\n<li class=\"whitespace-normal\">Geringere Duktilit\u00e4t als austenitische Qualit\u00e4ten im gegl\u00fchten Zustand<\/li>\n<li class=\"whitespace-normal\">Gerinere Lochfra\u00dfkorrosionsbest\u00e4ndigkeit als G\u00fctegrad 316<\/li>\n<li class=\"whitespace-normal\">Erfordert Sorgfalt w\u00e4hrend des Schwei\u00dfens, um Sensibilisierung zu vermeiden<\/li>\n<li class=\"whitespace-normal\">Begrenzte Kaltumform- und Stanzf\u00e4higkeit<\/li>\n<li class=\"whitespace-normal\">Empfindlich gegen Verspr\u00f6dung durch die Sigma-Phase bei hohen Temperaturen<\/li>\n<li class=\"whitespace-normal\">Oberfl\u00e4chenverf\u00e4rbungen nach Zeitablauf in manchen Umgebungen<\/li>\n<\/ul>\n<h2>Vergleich mit 316L-Pulver<\/h2>\n<p class=\"whitespace-pre-wrap\"><strong>310 vs. 316L rostfreier Stahlpulver<\/strong><\/p>\n<table>\n<thead>\n<tr>\n<th>Parameter<\/th>\n<th>310<\/th>\n<th>316L<\/th>\n<\/tr>\n<\/thead>\n<tbody>\n<tr>\n<td>Dichte<\/td>\n<td>8,1 g\/cm\u00b3<\/td>\n<td>8,0 g\/cm\u00b3<\/td>\n<\/tr>\n<tr>\n<td>St\u00e4rke<\/td>\n<td>760\u2013900 MPa<\/td>\n<td>485\u2013550 MPa<\/td>\n<\/tr>\n<tr>\n<td>H\u00e4rte<\/td>\n<td>32-38 HRC<\/td>\n<td>79-95 HRC<\/td>\n<\/tr>\n<tr>\n<td>Korrosionsbest\u00e4ndigkeit<\/td>\n<td>Sehr gut<\/td>\n<td>Ausgezeichnet<\/td>\n<\/tr>\n<tr>\n<td>Kosten<\/td>\n<td>Niedrig<\/td>\n<td>High<\/td>\n<\/tr>\n<tr>\n<td>Anwendungen<\/td>\n<td>Verschlei\u00dfteile, Werkzeuge<\/td>\n<td>Chemieanlagen, Marine<\/td>\n<\/tr>\n<\/tbody>\n<\/table>\n<ul class=\"list-disc pl-8 space-y-2\">\n<li class=\"whitespace-normal\">310 weist eine weitaus h\u00f6here Festigkeit und H\u00e4rte auf<\/li>\n<li class=\"whitespace-normal\">316L bietet eine bessere Korrosionsbest\u00e4ndigkeit<\/li>\n<li class=\"whitespace-normal\">310 ist kosteng\u00fcnstiger als 316L<\/li>\n<li class=\"whitespace-normal\">310 eignet sich f\u00fcr Anwendungen, die H\u00e4rte und Verschlei\u00dffestigkeit erfordern<\/li>\n<li class=\"whitespace-normal\">316L bevorzugt, wenn Korrosion die Hauptsorge ist<\/li>\n<\/ul>\n<h2>310 Pulver FAQs<\/h2>\n<p class=\"whitespace-pre-wrap\"><strong>F: Welche Hauptanwendungen gibt es f\u00fcr Edelstahlpulver 310?<\/strong><\/p>\n<p class=\"whitespace-pre-wrap\">Hauptanwendungen sind hochfeste Verbindungselemente, Pumpen- und Ventilkomponenten, Extruderschnecken, Presswerkzeuge, Lagerb\u00f6cke, Wellen und chirurgische Instrumente, die H\u00e4rte, Festigkeit und Verschlei\u00dffestigkeit erfordern.<\/p>\n<p class=\"whitespace-pre-wrap\"><strong>F: Welche Rolle spielt Stickstoff in 310er Edelstahl?<\/strong><\/p>\n<p class=\"whitespace-pre-wrap\">A: Stickstoff bewirkt eine umfangreiche Mischkristallverfestigung, welche die Festigkeit und H\u00e4rte von 310er Edelstahl deutlich erh\u00f6ht.<\/p>\n<p class=\"whitespace-pre-wrap\"><strong>F: Welche Vorsichtsma\u00dfnahmen sind bei der Arbeit mit 310 Pulver zu beachten?<\/strong><\/p>\n<p class=\"whitespace-pre-wrap\">A: Empfohlene Vorsichtsma\u00dfnahmen umfassen L\u00fcftung, Inertatmosph\u00e4re, Erdung, Vermeidung von Z\u00fcndquellen, Schutzausr\u00fcstung, Verwendung von funkenfreien Werkzeugen und sichere Lagerung in stabilen Beh\u00e4ltern.<\/p>\n<p class=\"whitespace-pre-wrap\"><strong>F: Welchen Unterschied hat 310er Edelstahl im Vergleich zu den G\u00fcteklassen 304 und 316?<\/strong><\/p>\n<p class=\"whitespace-pre-wrap\">A: 310 hat eine viel h\u00f6here Festigkeit und H\u00e4rte als 304 oder 316 aufgrund seines hohen Stickstoffgehalts. Es bietet eine bessere Verschlei\u00dffestigkeit, aber eine geringere Korrosionsbest\u00e4ndigkeit als 316.<\/p>\n<p><\/span><\/span><\/p>","protected":false},"excerpt":{"rendered":"<p>\u00dcberblick \u00fcber 310-Pulver 310-Pulver ist ein austenitischer rostfreier Stahl mit einem hohen Gehalt an Chrom, Nickel und Stickstoff f\u00fcr verbesserte mechanische Eigenschaften und Korrosionsbest\u00e4ndigkeit. Es bietet eine hervorragende Kombination aus Festigkeit, H\u00e4rte, Z\u00e4higkeit und Verschlei\u00dffestigkeit. Zu den wichtigsten Eigenschaften und Vorteilen von 310-Pulver geh\u00f6ren: 310-Pulver Eigenschaften und Merkmale Eigenschaften Details Zusammensetzung...<\/p>","protected":false},"featured_media":1839,"parent":0,"template":"","meta":{"_acf_changed":false,"_kad_blocks_custom_css":"","_kad_blocks_head_custom_js":"","_kad_blocks_body_custom_js":"","_kad_blocks_footer_custom_js":"","_kad_post_transparent":"","_kad_post_title":"","_kad_post_layout":"","_kad_post_sidebar_id":"","_kad_post_content_style":"","_kad_post_vertical_padding":"","_kad_post_feature":"","_kad_post_feature_position":"","_kad_post_header":false,"_kad_post_footer":false,"_kad_post_classname":""},"product-category":[119,122],"class_list":["post-3919","product","type-product","status-publish","has-post-thumbnail","hentry","product-category-3d-printing-metal-powder","product-category-iron-based-alloy-powder"],"acf":[],"taxonomy_info":{"product-category":[{"value":119,"label":"3D Printing Metal Powder"},{"value":122,"label":"Iron Based Alloy Powder"}]},"featured_image_src_large":["https:\/\/3dpmetal.com\/wp-content\/uploads\/2024\/02\/310-Powder.jpg",600,600,false],"author_info":[],"comment_info":"","_links":{"self":[{"href":"https:\/\/3dpmetal.com\/de\/wp-json\/wp\/v2\/product\/3919","targetHints":{"allow":["GET"]}}],"collection":[{"href":"https:\/\/3dpmetal.com\/de\/wp-json\/wp\/v2\/product"}],"about":[{"href":"https:\/\/3dpmetal.com\/de\/wp-json\/wp\/v2\/types\/product"}],"wp:featuredmedia":[{"embeddable":true,"href":"https:\/\/3dpmetal.com\/de\/wp-json\/wp\/v2\/media\/1839"}],"wp:attachment":[{"href":"https:\/\/3dpmetal.com\/de\/wp-json\/wp\/v2\/media?parent=3919"}],"wp:term":[{"taxonomy":"product-category","embeddable":true,"href":"https:\/\/3dpmetal.com\/de\/wp-json\/wp\/v2\/product-category?post=3919"}],"curies":[{"name":"wp","href":"https:\/\/api.w.org\/{rel}","templated":true}]}}