{"id":3921,"date":"2024-03-18T06:10:14","date_gmt":"2024-03-18T06:10:14","guid":{"rendered":"https:\/\/3dp.45612300.xyz\/product\/s2-powder\/"},"modified":"2024-03-18T06:10:14","modified_gmt":"2024-03-18T06:10:14","slug":"s2-powder","status":"publish","type":"product","link":"https:\/\/3dpmetal.com\/de\/product\/s2-powder\/","title":{"rendered":"S2 Puder"},"content":{"rendered":"<p><span style=\"vertical-align: inherit;\"><span style=\"vertical-align: inherit;\"><\/p>\n<h2>\u00dcberblick zum S2-Pulver<\/h2>\n<p class=\"whitespace-pre-wrap\">S2-Pulver ist ein Hochgeschwindingkeits-Werkzeugstahlpulver, das ideal zur Herstellung von Schneidwerkzeugen ist, die hohe H\u00e4rte, Festigkeit und Verschlei\u00dffestigkeit bei hohen Temperaturen erfordern. Es enth\u00e4lt Wolfram, Molybd\u00e4n, Vanadium und zus\u00e4tzliche Legierungen, die f\u00fcr eine hervorragende Warmh\u00e4rte und Best\u00e4ndigkeit gegen thermische Erm\u00fcdung sorgen.<\/p>\n<p class=\"whitespace-pre-wrap\">Wichtige Eigenschaften und Vorteile von S2-Pulver:<\/p>\n<p class=\"whitespace-pre-wrap\"><strong>S2 Pulver Eigenschaften und Charakteristika<\/strong><\/p>\n<table>\n<thead>\n<tr>\n<th>Merkmale<\/th>\n<th>Details<\/th>\n<\/tr>\n<\/thead>\n<tbody>\n<tr>\n<td>Komposition<\/td>\n<td>Fe-1C-5Cr-2.35Mo-6.4W-1.4V-2Si-Legierung<\/td>\n<\/tr>\n<tr>\n<td>Dichte<\/td>\n<td>7,7 g\/cm\u00b3<\/td>\n<\/tr>\n<tr>\n<td>Partikelform<\/td>\n<td>Unregelm\u00e4\u00dfig, eckig<\/td>\n<\/tr>\n<tr>\n<td>Gr\u00f6\u00dfenpalette<\/td>\n<td>10-150 Mikrometer<\/td>\n<\/tr>\n<tr>\n<td>Anscheindichte<\/td>\n<td>Bis zu 50 % echte Dichte<\/td>\n<\/tr>\n<tr>\n<td>Flie\u00dff\u00e4higkeit<\/td>\n<td>Niedrig bis mittel<\/td>\n<\/tr>\n<tr>\n<td>H\u00e4rte<\/td>\n<td>62-64 HRC bei W\u00e4rmebehandlung<\/td>\n<\/tr>\n<tr>\n<td>Z\u00e4higkeit<\/td>\n<td>Sehr gut<\/td>\n<\/tr>\n<\/tbody>\n<\/table>\n<p class=\"whitespace-pre-wrap\">Mit dem S2-Pulver werden Schneidwerkzeuge, Matrizen und Maschinenkomponenten hergestellt, mit denen eine l\u00e4ngere Lebensdauer unter kontinuierlicher Hochtemperatur- und intermittierender Sto\u00dfbelastung erreicht wird.<\/p>\n<h2>S2 Pulverzusammensetzung<\/h2>\n<p class=\"whitespace-pre-wrap\">Typische Zusammensetzung von S2-Schnellarbeitsstahlpulver:<\/p>\n<p class=\"whitespace-pre-wrap\"><strong>S2 Pulverzusammensetzung<\/strong><\/p>\n<table>\n<thead>\n<tr>\n<th>Element<\/th>\n<th>Gew.-%<\/th>\n<\/tr>\n<\/thead>\n<tbody>\n<tr>\n<td>Eisen (Fe)<\/td>\n<td>Balanse<\/td>\n<\/tr>\n<tr>\n<td>Kohlenstoff (C)<\/td>\n<td>0.9-1.2%<\/td>\n<\/tr>\n<tr>\n<td>Chrom (Cr)<\/td>\n<td>3.8-4.5%<\/td>\n<\/tr>\n<tr>\n<td>Wolfram (W)<\/td>\n<td>6.4%<\/td>\n<\/tr>\n<tr>\n<td>Molybd\u00e4n (Mo)<\/td>\n<td>1.9-2.2%<\/td>\n<\/tr>\n<tr>\n<td>Vanadium (V)<\/td>\n<td>1.3-1.6%<\/td>\n<\/tr>\n<tr>\n<td>Mangan (Mn)<\/td>\n<td>0.2-0.5%<\/td>\n<\/tr>\n<tr>\n<td>Silizium (Si)<\/td>\n<td>0.9-1.4%<\/td>\n<\/tr>\n<\/tbody>\n<\/table>\n<ul class=\"list-disc pl-8 space-y-2\">\n<li class=\"whitespace-normal\">Eisen liefert die ferritische Matrix<\/li>\n<li class=\"whitespace-normal\">Kohlenstoff, Wolfram und Chrom bilden harte Karbide<\/li>\n<li class=\"whitespace-normal\">Vanadium und Molybd\u00e4n verbessern Verschlei\u00dffestigkeit<\/li>\n<li class=\"whitespace-normal\">Mangan und Silizium erleichtern die Bearbeitung.<\/li>\n<\/ul>\n<p class=\"whitespace-pre-wrap\">Die Zusammensetzung ist optimiert, um eine au\u00dfergew\u00f6hnliche Kombination aus Warmh\u00e4rte, Rotbruchh\u00e4rte und Z\u00e4higkeit zu erreichen, die f\u00fcr Hochgeschwindigkeits-Bearbeitungsanwendungen erforderlich ist.<\/p>\n<p><img loading=\"lazy\" decoding=\"async\" class=\"size-medium wp-image-1409 aligncenter\" src=\"https:\/\/met3dp.com\/wp-content\/uploads\/2023\/09\/ed7a94ec-3c10-4b1b-87ed--300x300.jpg\" alt=\"S2 Puder\" width=\"300\" height=\"300\" title=\"\"><\/p>\n<h2>S2-Pulverphysikalische Eigenschaften<\/h2>\n<p class=\"whitespace-pre-wrap\"><strong>S2-Pulverphysikalische Eigenschaften<\/strong><\/p>\n<table>\n<thead>\n<tr>\n<th>Immobilie<\/th>\n<th>Werte<\/th>\n<\/tr>\n<\/thead>\n<tbody>\n<tr>\n<td>Dichte<\/td>\n<td>7,7 g\/cm\u00b3<\/td>\n<\/tr>\n<tr>\n<td>Schmelzpunkt<\/td>\n<td>1320-1350\u00a1\u00abC<\/td>\n<\/tr>\n<tr>\n<td>W\u00e4rmeleitf\u00e4higkeit<\/td>\n<td>37 W\/mK<\/td>\n<\/tr>\n<tr>\n<td>Elektrischer Widerstand<\/td>\n<td>0,6 \u00c3\u0153\u00b4\u00ce-m<\/td>\n<\/tr>\n<tr>\n<td>Maximale Betriebstemperatur<\/td>\n<td>600\u00a1\u00abC<\/td>\n<\/tr>\n<tr>\n<td>Curietemperatur<\/td>\n<td>770 \u00aaC<\/td>\n<\/tr>\n<\/tbody>\n<\/table>\n<ul class=\"list-disc pl-8 space-y-2\">\n<li class=\"whitespace-normal\">Hohe Dichte erm\u00f6glicht Miniaturbauteile<\/li>\n<li class=\"whitespace-normal\">Erh\u00e4lt H\u00e4rte und Festigkeit bei hohen Temperaturen<\/li>\n<li class=\"whitespace-normal\">Wird \u00fcber dem Curie-Punkt paramagnetisch<\/li>\n<li class=\"whitespace-normal\">Kann lang anhaltende Anwendungen bis zu 600 \u00b0C aushalten<\/li>\n<li class=\"whitespace-normal\">Eine gute thermische Leitf\u00e4higkeit reduziert thermische Ausdehnungsspannungen<\/li>\n<\/ul>\n<p class=\"whitespace-pre-wrap\">Diese Eigenschaften liefern eine ausbalancierte Kombination aus Hitzeh\u00e4rte und thermischer Sto\u00dffestigkeit, die bei Hochgeschwindigkeitsbearbeitungsanwendungen erforderlich ist.<\/p>\n<h2>S2 Pulvermechanische Eigenschaften<\/h2>\n<p class=\"whitespace-pre-wrap\"><strong>S2 Pulvermechanische Eigenschaften<\/strong><\/p>\n<table>\n<thead>\n<tr>\n<th>Immobilie<\/th>\n<th>Werte<\/th>\n<\/tr>\n<\/thead>\n<tbody>\n<tr>\n<td>H\u00e4rte<\/td>\n<td>62-64 HRC<\/td>\n<\/tr>\n<tr>\n<td>Biegebruchfestigkeit<\/td>\n<td>4500\u20144800 MPa<\/td>\n<\/tr>\n<tr>\n<td>Druckfestigkeit<\/td>\n<td>3800\u20134100 MPa<\/td>\n<\/tr>\n<tr>\n<td>Zugfestigkeit<\/td>\n<td>2050-2250 MPa<\/td>\n<\/tr>\n<tr>\n<td>Streckgrenze<\/td>\n<td>1.930-2.050 MPa<\/td>\n<\/tr>\n<tr>\n<td>Verl\u00e4ngerung<\/td>\n<td>8-10%<\/td>\n<\/tr>\n<tr>\n<td>Kerbschlagz\u00e4higkeit<\/td>\n<td>10 - 14 J\/cm2<\/td>\n<\/tr>\n<\/tbody>\n<\/table>\n<ul class=\"list-disc pl-8 space-y-2\">\n<li class=\"whitespace-normal\">Au\u00dfergew\u00f6hnliche H\u00e4rte bei W\u00e4rmebehandlung<\/li>\n<li class=\"whitespace-normal\">Hohe Festigkeit mit angemessener Duktilit\u00e4t<\/li>\n<li class=\"whitespace-normal\">Sehr gute Druck- und Biegezugfestigkeit<\/li>\n<li class=\"whitespace-normal\">Ausgezeichnete Roth\u00e4rte bei hohen Temperaturen<\/li>\n<li class=\"whitespace-normal\">Die Festigkeit h\u00e4ngt vom Verfahren der W\u00e4rmebehandlung ab<\/li>\n<\/ul>\n<p class=\"whitespace-pre-wrap\">S2-Pulver tr\u00e4gt zur Herstellung von Schneidwerkzeugen und Stanzformen mit H\u00e4rte, Festigkeit und thermischen Eigenschaften bei, die f\u00fcr die Bearbeitung von anspruchsvollen Werkstoffen bei hohen Geschwindigkeiten und Temperaturen erforderlich sind.<\/p>\n<h2>S2-Pulveranwendungen<\/h2>\n<p class=\"whitespace-pre-wrap\">Typische Anwendungen von S2-Pulver f\u00fcr Schnellarbeitsstahl sind:<\/p>\n<p class=\"whitespace-pre-wrap\"><strong>S2-Pulveranwendungen<\/strong><\/p>\n<table>\n<thead>\n<tr>\n<th>Industrie<\/th>\n<th>Beispielverwendungen<\/th>\n<\/tr>\n<\/thead>\n<tbody>\n<tr>\n<td>Automotive<\/td>\n<td>Schneiden und Fr\u00e4senwerkzeuge<\/td>\n<\/tr>\n<tr>\n<td>Luft- und Raumfahrt<\/td>\n<td>Bohrmaschinen, Fr\u00e4ser<\/td>\n<\/tr>\n<tr>\n<td>Produktion<\/td>\n<td>Stempel, Ziehst\u00fccke<\/td>\n<\/tr>\n<tr>\n<td>\u00d6l und Gas<\/td>\n<td>Downhole-Werkzeuge, Bohrmei\u00dfel<\/td>\n<\/tr>\n<tr>\n<td>Allgemeine Zerspanungstechnik<\/td>\n<td>Dreh-, Bohr- und Hobelwerkzeuge<\/td>\n<\/tr>\n<\/tbody>\n<\/table>\n<p class=\"whitespace-pre-wrap\">Einige spezifische Verwendungszwecke f\u00fcr Produkte:<\/p>\n<ul class=\"list-disc pl-8 space-y-2\">\n<li class=\"whitespace-normal\">Schneidplatten, Wendeschneidplattenwerkzeuge<\/li>\n<li class=\"whitespace-normal\">Reibahlen, Feinbohrwerkzeuge, Gewindebohrer, Gewindeschneidwerkzeuge<\/li>\n<li class=\"whitespace-normal\">Metallschlittens\u00e4gen und Industriemesser<\/li>\n<li class=\"whitespace-normal\">Extrusionswerkzeuge und Ziehwerkzeuge<\/li>\n<li class=\"whitespace-normal\">Kaltstauch- und Schmiedegesenke<\/li>\n<li class=\"whitespace-normal\">Messger\u00e4te, verschlei\u00dffeste Komponenten<\/li>\n<\/ul>\n<p class=\"whitespace-pre-wrap\">Die einzigartigen Eigenschaften von S2 machen es zur ersten Wahl f\u00fcr zuverl\u00e4ssige Schneidwerkzeuge und Komponenten, die in anspruchsvollen Metallbearbeitungsanwendungen eingesetzt werden.<\/p>\n<h2>S2 Pulver Spezifikationen<\/h2>\n<p class=\"whitespace-pre-wrap\">Wichtige Spezifikationen f\u00fcr S2-Schnellstahlpulver:<\/p>\n<p class=\"whitespace-pre-wrap\"><strong>S2 Pulverstandards<\/strong><\/p>\n<table>\n<thead>\n<tr>\n<th>Standard<\/th>\n<th>Beschreibung<\/th>\n<\/tr>\n<\/thead>\n<tbody>\n<tr>\n<td>ASTM A600<\/td>\n<td>Spezifikation f\u00fcr Werkzeugst\u00e4hle Schnellarbeitsstahl<\/td>\n<\/tr>\n<tr>\n<td>JIS G4403<\/td>\n<td>Hochgeschwindigkeits-Werkzeugst\u00e4hle<\/td>\n<\/tr>\n<tr>\n<td>DIN 1.2363<\/td>\n<td>Entspricht AISI S7 Hochgeschwindigkeitsstahl<\/td>\n<\/tr>\n<tr>\n<td>UNSTEEL T11302<\/td>\n<td>Kennzeichnung f\u00fcr AISI S2-G\u00fctegrad<\/td>\n<\/tr>\n<tr>\n<td>ISO 4957<\/td>\n<td>Werkzeugstahl Spezifikation<\/td>\n<\/tr>\n<\/tbody>\n<\/table>\n<p class=\"whitespace-pre-wrap\">Definieren Sie diese:<\/p>\n<ul class=\"list-disc pl-8 space-y-2\">\n<li class=\"whitespace-normal\">S2-Grenzwerte der chemischen Zusammensetzung<\/li>\n<li class=\"whitespace-normal\">Erforderliche mechanische Eigenschaften im w\u00e4rmebehandelten Zustand<\/li>\n<li class=\"whitespace-normal\">Von Beh\u00f6rden genehmigte Herstellungsverfahren wie Gaszerst\u00e4ubung<\/li>\n<li class=\"whitespace-normal\">Konformit\u00e4tspr\u00fcfprotokolle<\/li>\n<li class=\"whitespace-normal\">Anforderungen an die Qualit\u00e4tssicherung<\/li>\n<li class=\"whitespace-normal\">Geeignete Verpackung und Kennzeichnung<\/li>\n<\/ul>\n<p class=\"whitespace-pre-wrap\">Nach diesen Standards produziertes Pulver sorgt f\u00fcr Eignung in hochverschlei\u00dffesten Werkzeuganwendungen unter Bedingungen thermischer Erm\u00fcdung.<\/p>\n<h2>S2 Pulverpartikelgr\u00f6\u00dfen<\/h2>\n<p class=\"whitespace-pre-wrap\"><strong>S2 Pulverpartikelgr\u00f6\u00dfenverteilung<\/strong><\/p>\n<table>\n<thead>\n<tr>\n<th>Teilchengr\u00f6sse<\/th>\n<th>Merkmale<\/th>\n<\/tr>\n<\/thead>\n<tbody>\n<tr>\n<td>10-22 Mikrometer<\/td>\n<td>Ultrafeine Qualit\u00e4t bietet h\u00f6chste Dichte<\/td>\n<\/tr>\n<tr>\n<td>22\u201353 Mikrometer<\/td>\n<td>Am h\u00e4ufigsten verwendete Gr\u00f6\u00dfenordnung<\/td>\n<\/tr>\n<tr>\n<td>53\u2013105 Mikrometer<\/td>\n<td>Gr\u00f6bere Gr\u00f6\u00dfe gew\u00e4hrleistet gute Flie\u00dff\u00e4higkeit<\/td>\n<\/tr>\n<\/tbody>\n<\/table>\n<ul class=\"list-disc pl-8 space-y-2\">\n<li class=\"whitespace-normal\">Feinstk\u00f6rnigere Partikel erm\u00f6glichen eine bessere Verdichtung beim Sintern<\/li>\n<li class=\"whitespace-normal\">Gr\u00f6bere Partikel verbessern den Pulverfluss in die Matrizenh\u00f6hlen<\/li>\n<li class=\"whitespace-normal\">Die Gr\u00f6\u00dfe wird basierend auf den erforderlichen Eigenschaften des fertigen Teils ausgew\u00e4hlt.<\/li>\n<li class=\"whitespace-normal\">Beide Gas- und Wasser-Zerst\u00e4ubungsteilchen verwendet<\/li>\n<\/ul>\n<p class=\"whitespace-pre-wrap\">Die Steuerung der Gr\u00f6\u00dfenverteilung verbessert das Pressverhalten, die Sinterdichte und die Leistung der fertigen Komponente.<\/p>\n<h2>S2 Puderdichte<\/h2>\n<p class=\"whitespace-pre-wrap\"><strong>S2 Puderdichte<\/strong><\/p>\n<table>\n<thead>\n<tr>\n<th>Anscheindichte<\/th>\n<th>Details<\/th>\n<\/tr>\n<\/thead>\n<tbody>\n<tr>\n<td>Bis zu 50 % echte Dichte<\/td>\n<td>F\u00fcr unregelm\u00e4\u00dfige Pulvermorphologie<\/td>\n<\/tr>\n<tr>\n<td>4,0 - 5,0 g\/cc<\/td>\n<td>H\u00f6her bei Kugelf\u00f6rmigen, niedriger bei unregelm\u00e4\u00dfigem Pulver<\/td>\n<\/tr>\n<\/tbody>\n<\/table>\n<ul class=\"list-disc pl-8 space-y-2\">\n<li class=\"whitespace-normal\">Sph\u00e4rische Pulverform bietet hohe Sch\u00fcttdichte<\/li>\n<li class=\"whitespace-normal\">Unregelm\u00e4\u00dfiges Pulver hat eine niedrigere Dichte von ca. 45-50%<\/li>\n<li class=\"whitespace-normal\">H\u00f6here scheinbare Dichte verbessert das F\u00fcllen der Form und die Teilequalit\u00e4t<\/li>\n<li class=\"whitespace-normal\">Erm\u00f6glicht die Verdichtung komplexer Werkzeuggeometrie<\/li>\n<\/ul>\n<p class=\"whitespace-pre-wrap\">Eine h\u00f6here scheinbare Dichte f\u00fchrt zu einer besseren Bauteilproduktionsrate und -leistung.<\/p>\n<h2>S2-Pulverherstellungsverfahren<\/h2>\n<p class=\"whitespace-pre-wrap\"><strong>S2 Pulverproduktion<\/strong><\/p>\n<table>\n<thead>\n<tr>\n<th>Methode<\/th>\n<th>Details<\/th>\n<\/tr>\n<\/thead>\n<tbody>\n<tr>\n<td>Gasverd\u00fcsung<\/td>\n<td>Hochdruckinertgas bricht die Schmelzelegierungsstr\u00f6mung in feine Tr\u00f6pfchen auf<\/td>\n<\/tr>\n<tr>\n<td>Vakuum-Induktions-Schmelzen<\/td>\n<td>Hochreine Eingangsmaterialien, die unter Vakuum geschmolzen wurden<\/td>\n<\/tr>\n<tr>\n<td>Mehrfaches Einschmelzen<\/td>\n<td>Verbessert chemische Homogenit\u00e4t<\/td>\n<\/tr>\n<tr>\n<td>Sieben<\/td>\n<td>Klassifiziert Pulver nach verschiedenen Partikelgr\u00f6\u00dfenfraktionen<\/td>\n<\/tr>\n<\/tbody>\n<\/table>\n<ul class=\"list-disc pl-8 space-y-2\">\n<li class=\"whitespace-normal\">Gaszerst\u00e4ubung sorgt f\u00fcr eine Kugelform des Pulvers<\/li>\n<li class=\"whitespace-normal\">Vakuumschmelzen beseitigt gasf\u00f6rmige Verunreinigungen<\/li>\n<li class=\"whitespace-normal\">Mehrfaches Umschmelzen verbessert Gleichm\u00e4\u00dfigkeit<\/li>\n<li class=\"whitespace-normal\">Durch Nachbearbeitung k\u00f6nnen die Partikelgr\u00f6\u00dfen angepasst werden<\/li>\n<\/ul>\n<p class=\"whitespace-pre-wrap\">Vollautomatisierte Verfahren in Kombination mit strenger Qualit\u00e4tskontrolle gew\u00e4hrleisten zuverl\u00e4ssige und gleichbleibende S2-Pulvereigenschaften, die f\u00fcr die Werkzeugleistung entscheidend sind.<\/p>\n<h2>S2-Pulverpreise<\/h2>\n<p class=\"whitespace-pre-wrap\"><strong>S2-Pulverpreise<\/strong><\/p>\n<table>\n<thead>\n<tr>\n<th>Faktor<\/th>\n<th>Auswirkung auf den Preis<\/th>\n<\/tr>\n<\/thead>\n<tbody>\n<tr>\n<td>Reinheitslevel<\/td>\n<td>H\u00f6here Reinheitsgrade kosten mehr<\/td>\n<\/tr>\n<tr>\n<td>Teilchengr\u00f6sse<\/td>\n<td>Ultrafeines Pulver teurer<\/td>\n<\/tr>\n<tr>\n<td>Bestellmenge<\/td>\n<td>Preis sinkt bei gr\u00f6\u00dferen Mengen<\/td>\n<\/tr>\n<tr>\n<td>Zus\u00e4tzliche Services<\/td>\n<td>Individualisierung erh\u00f6ht die Kosten<\/td>\n<\/tr>\n<\/tbody>\n<\/table>\n<p class=\"whitespace-pre-wrap\"><strong>Richtpreise<\/strong><\/p>\n<ul class=\"list-disc pl-8 space-y-2\">\n<li class=\"whitespace-normal\">S2 spherisches Pulver: \u20ac 18\u201322 pro kg<\/li>\n<li class=\"whitespace-normal\">S2-Pulverform: $12-16 das kg<\/li>\n<li class=\"whitespace-normal\">Hohe St\u00fcckzahlenpreise bis zu 30% g\u00fcnstiger<\/li>\n<\/ul>\n<p class=\"whitespace-pre-wrap\">Die Preisgestaltung h\u00e4ngt von Reinheit, Partikeleigenschaften, Bestellmenge und etwaigen zus\u00e4tzlichen Anpassungsanforderungen ab.<\/p>\n<h2>S2 Pulverlieferanten<\/h2>\n<p class=\"whitespace-pre-wrap\"><strong>S2 Pulverlieferanten<\/strong><\/p>\n<table>\n<thead>\n<tr>\n<th>Unternehmen<\/th>\n<th>Ort<\/th>\n<\/tr>\n<\/thead>\n<tbody>\n<tr>\n<td>H?gan?s<\/td>\n<td>Schweden<\/td>\n<\/tr>\n<tr>\n<td>Carpenter Powder Products<\/td>\n<td>Vereinigte Staaten<\/td>\n<\/tr>\n<tr>\n<td>Erasteel<\/td>\n<td>USA, Europa<\/td>\n<\/tr>\n<tr>\n<td>Crucible Industries<\/td>\n<td>Vereinigte Staaten<\/td>\n<\/tr>\n<tr>\n<td>voxco<\/td>\n<td>Deutschland<\/td>\n<\/tr>\n<tr>\n<td>Jingdong New Materials<\/td>\n<td>China<\/td>\n<\/tr>\n<\/tbody>\n<\/table>\n<p class=\"whitespace-pre-wrap\">Faktoren der Schl\u00fcsselauswahl des Lieferanten:<\/p>\n<ul class=\"list-disc pl-8 space-y-2\">\n<li class=\"whitespace-normal\">Angebotene Pulverqualit\u00e4ten<\/li>\n<li class=\"whitespace-normal\">Produktionskapazit\u00e4t<\/li>\n<li class=\"whitespace-normal\">Partikeleigenschaften und Best\u00e4ndigkeit<\/li>\n<li class=\"whitespace-normal\">Testapabilit\u00e4t und Qualit\u00e4tskontrolle<\/li>\n<li class=\"whitespace-normal\">Preise und Lieferzeiten<\/li>\n<li class=\"whitespace-normal\">Technischer Kundendienst<\/li>\n<\/ul>\n<h2>S2 Pulverhandhabung und Lagerung<\/h2>\n<p class=\"whitespace-pre-wrap\"><strong>S2 Pulverbehandlung<\/strong><\/p>\n<table>\n<thead>\n<tr>\n<th>Empfehlung<\/th>\n<th>Grund<\/th>\n<\/tr>\n<\/thead>\n<tbody>\n<tr>\n<td>F\u00fcr gute Bel\u00fcftung sorgen<\/td>\n<td>Vermeiden Sie die Exposition gegen\u00fcber feinen Metallpartikeln<\/td>\n<\/tr>\n<tr>\n<td>Geeignete PSA verwenden<\/td>\n<td>Vermeiden Sie die Einnahme \u00fcber Nase\/Mund<\/td>\n<\/tr>\n<tr>\n<td>Bodenbearbeitungsausr\u00fcstung<\/td>\n<td>Statische Funkenbildung vermieden<\/td>\n<\/tr>\n<tr>\n<td>Z\u00fcndquellen vermeiden<\/td>\n<td>Brandgefahr durch Staub<\/td>\n<\/tr>\n<tr>\n<td>Verwenden Sie keine funkenbildenden Werkzeuge<\/td>\n<td>Z\u00fcndf\u00e4higkeit vermeiden<\/td>\n<\/tr>\n<tr>\n<td>Befolgen Sie sichere Protokolle<\/td>\n<td>Brand, Explosion, Gesundheitsrisiken reduzieren<\/td>\n<\/tr>\n<\/tbody>\n<\/table>\n<p class=\"whitespace-pre-wrap\"><strong>Lagerungsempfehlungen<\/strong><\/p>\n<ul class=\"list-disc pl-8 space-y-2\">\n<li class=\"whitespace-normal\">Versiegelten Beh\u00e4lter vor Feuchtigkeit oder Verunreinigungen sch\u00fctzen<\/li>\n<li class=\"whitespace-normal\">Speichertemperaturen unter 27 Grad Celsius halten<\/li>\n<li class=\"whitespace-normal\">Begrenzung der Exposition gegen\u00fcber oxidierenden S\u00e4uren und Chlorverbindungen<\/li>\n<\/ul>\n<p class=\"whitespace-pre-wrap\">Die korrekte Vorgehensweise bei Behandlung und Lagerung helfen, die Reinheit zu bewahren und Sicherheitsrisiken zu vermeiden.<\/p>\n<h2>S2 Pulverinspektion und -pr\u00fcfung<\/h2>\n<p class=\"whitespace-pre-wrap\"><strong>S2 Pulverpr\u00fcfung<\/strong><\/p>\n<table>\n<thead>\n<tr>\n<th>Test<\/th>\n<th>Details<\/th>\n<\/tr>\n<\/thead>\n<tbody>\n<tr>\n<td>Chemische Analyse<\/td>\n<td>Verifiziert die Zusammensetzung mit optischer\/ICP-Spektroskopie<\/td>\n<\/tr>\n<tr>\n<td>Analyse der Partikelgr\u00f6\u00dfe<\/td>\n<td>Ermittelt die Gr\u00f6\u00dfenverteilung mittels Laserbeugung oder Siebung<\/td>\n<\/tr>\n<tr>\n<td>Anscheindichte<\/td>\n<td>Gemessen nach ASTM B212 mit einer Messsonde<\/td>\n<\/tr>\n<tr>\n<td>Pulvermorphologie<\/td>\n<td>Rasterelektronenmikroskopie zur Bestimmung der Partikelform<\/td>\n<\/tr>\n<tr>\n<td>Durchflussmessungstest<\/td>\n<td>Schwerkraftinduzierte Durchflussmenge durch angegebenen Trichter<\/td>\n<\/tr>\n<tr>\n<td>Test der Sch\u00fcttdichte<\/td>\n<td>Dichte gemessen nach mechanischem Klopfen der Pulverprobe<\/td>\n<\/tr>\n<\/tbody>\n<\/table>\n<p class=\"whitespace-pre-wrap\">Die Pr\u00fcfung stellt sicher, dass das Pulver den Spezifikationen f\u00fcr chemische Zusammensetzung, physikalische Eigenschaften, Korngr\u00f6\u00dfenverteilung, Morphologie, Dichte und Durchflussrate entspricht.<\/p>\n<h2>S2-Pulver Vor- und Nachteile<\/h2>\n<p class=\"whitespace-pre-wrap\"><strong>Vorteile von S2 Pulver<\/strong><\/p>\n<ul class=\"list-disc pl-8 space-y-2\">\n<li class=\"whitespace-normal\">Au\u00dfergew\u00f6hnliche Warmh\u00e4rte und Roth\u00e4rte<\/li>\n<li class=\"whitespace-normal\">Hohe Festigkeit und Verschlei\u00dffestigkeit bei erh\u00f6hten Temperaturen<\/li>\n<li class=\"whitespace-normal\">Gute Z\u00e4higkeit und thermische Sto\u00dffestigkeit<\/li>\n<li class=\"whitespace-normal\">Widersteht Erweichungen und Form\u00e4nderungen bis zu 600 \u00a1\u00abC<\/li>\n<li class=\"whitespace-normal\">Dimensionsstabilit\u00e4t bei Temperaturschwankungen<\/li>\n<li class=\"whitespace-normal\">Kosteneffektiv im Vergleich zu exotischen PM-Werkzeugst\u00e4hlen<\/li>\n<\/ul>\n<p class=\"whitespace-pre-wrap\"><strong>Einschr\u00e4nkungen von S2 Pulver<\/strong><\/p>\n<ul class=\"list-disc pl-8 space-y-2\">\n<li class=\"whitespace-normal\">M\u00e4\u00dfige Korrosionsbest\u00e4ndigkeit ohne Oberfl\u00e4chenbehandlung<\/li>\n<li class=\"whitespace-normal\">Begrenzte Kaltverformbarkeit und Scherfestigkeit<\/li>\n<li class=\"whitespace-normal\">Erfordert eine sorgf\u00e4ltige W\u00e4rmebehandlung durch erfahrene Anbieter<\/li>\n<li class=\"whitespace-normal\">Mit herk\u00f6mmlichem Schmelzschwei\u00dfverfahren nicht schwei\u00dfbar<\/li>\n<li class=\"whitespace-normal\">Gro\u00dfe Querschnitte k\u00f6nnen Verspr\u00f6dung erfahren<\/li>\n<li class=\"whitespace-normal\">Enth\u00e4lt teure Legierungselemente<\/li>\n<\/ul>\n<h2>Vergleich mit H13-Werkzeugstahlpulver<\/h2>\n<p class=\"whitespace-pre-wrap\"><strong>S2-Werkzeugstahlpulver vs. H13-Werkzeugstahlpulver<\/strong><\/p>\n<table>\n<thead>\n<tr>\n<th>Parameter<\/th>\n<th>S2<\/th>\n<th>H13<\/th>\n<\/tr>\n<\/thead>\n<tbody>\n<tr>\n<td>H\u00e4rte<\/td>\n<td>62-64 HRC<\/td>\n<td>54-57 HRC<\/td>\n<\/tr>\n<tr>\n<td>Warmh\u00e4rte<\/td>\n<td>Ausgezeichnet<\/td>\n<td>Gut<\/td>\n<\/tr>\n<tr>\n<td>Z\u00e4higkeit<\/td>\n<td>Sehr gut<\/td>\n<td>Gut<\/td>\n<\/tr>\n<tr>\n<td>W\u00e4rmeschockbest\u00e4ndigkeit<\/td>\n<td>Ausgezeichnet<\/td>\n<td>Mittelm\u00e4ssig<\/td>\n<\/tr>\n<tr>\n<td>K\u00e4lte-Resistenz<\/td>\n<td>Gut<\/td>\n<td>Ausgezeichnet<\/td>\n<\/tr>\n<tr>\n<td>Kosten<\/td>\n<td>High<\/td>\n<td>Niedrig<\/td>\n<\/tr>\n<\/tbody>\n<\/table>\n<ul class=\"list-disc pl-8 space-y-2\">\n<li class=\"whitespace-normal\">S2 hat eine weitaus h\u00f6here Warth\u00e4rte und bessere Hei\u00dfrissbest\u00e4ndigkeit.<\/li>\n<li class=\"whitespace-normal\">H13 verf\u00fcgt \u00fcber eine bessere Kaltfestigkeit und Z\u00e4higkeit<\/li>\n<li class=\"whitespace-normal\">S2 ist aufgrund des h\u00f6heren Legierungsanteils teurer<\/li>\n<li class=\"whitespace-normal\">S2 bevorzugt f\u00fcr Hochgeschwindigkeitsbearbeitungsanwendungen<\/li>\n<li class=\"whitespace-normal\">H13 f\u00fcr Kalt- und Warmpresswerkzeuge geeignet<\/li>\n<\/ul>\n<h2>FAQ zu S2-Pulver<\/h2>\n<p class=\"whitespace-pre-wrap\"><strong>F: Welches sind die Hauptanwendungsgebiete von S2-Werkzeugstahlpulver?<\/strong><\/p>\n<p class=\"whitespace-pre-wrap\">A: Zu den Hauptanwendungen geh\u00f6ren Werkzeuge wie Bohrer, Fr\u00e4ser, Wendeschneidplatten, Gewindebohrer, Gewindeschneider, S\u00e4gen, Hobelwerkzeuge sowie Extrusionswerkzeuge, Schmiedewerkzeuge, Lehren und Komponenten, die Warmh\u00e4rte und Temperaturwechselbest\u00e4ndigkeit erfordern.<\/p>\n<p class=\"whitespace-pre-wrap\"><strong>F: Welche W\u00e4rmebehandlung wird f\u00fcr Pulver aus S2-Werkzeugstahl verwendet?<\/strong><\/p>\n<p class=\"whitespace-pre-wrap\">R: S2-Werkzeugstahl wird normalerweise durch Austenitisierung zwischen 1150-1200\u00a1\u00abC behandelt, gefolgt von Luft-, \u00d6l- oder Polymerabschreckung, dann Anlassen zwischen 540-650\u00a1\u00abC um eine H\u00e4rte zwischen 62-64 HRC zu erreichen.<\/p>\n<p class=\"whitespace-pre-wrap\"><strong>F: Wie verbessert Wolfram die Eigenschaften von S2-Stahl?<\/strong><\/p>\n<p class=\"whitespace-pre-wrap\">A: Wolfram bildet harte Wolfram-Eisen-Kohlenstoff-Komplexe, die au\u00dfergew\u00f6hnliche Hei\u00dfh\u00e4rte, Festigkeit und Verschlei\u00dffestigkeit bei erh\u00f6hten Temperaturen bieten, wie sie f\u00fcr Hochgeschwindigkeitsbearbeitungsanwendungen erforderlich sind.<\/p>\n<p class=\"whitespace-pre-wrap\"><strong>F: Welche Sicherheitsvorkehrungen sollten bei der Arbeit mit S2-Pulver angewendet werden?<\/strong><\/p>\n<p class=\"whitespace-pre-wrap\">A: Angemessene Bel\u00fcftung, Schutzkleidung, inertive Atmosph\u00e4re, Erdung, Vermeidung von Z\u00fcndquellen, Einsatz von funkenfreien Werkzeugen und sichere Aufbewahrung vor Verschmutzung oder Feuchtigkeit.<\/p>\n<p><\/span><\/span><\/p>","protected":false},"excerpt":{"rendered":"<p>\u00dcberblick \u00fcber S2-Pulver S2-Pulver ist ein Pulver aus Schnellarbeitsstahl, das sich ideal f\u00fcr die Herstellung von Schneidwerkzeugen eignet, die eine hohe H\u00e4rte, Festigkeit und Verschlei\u00dffestigkeit bei hohen Temperaturen erfordern. Es enth\u00e4lt Wolfram, Molybd\u00e4n, Vanadium und weitere Legierungen, die eine ausgezeichnete Warmh\u00e4rte und thermische Erm\u00fcdungsbest\u00e4ndigkeit gew\u00e4hrleisten. Wichtige Eigenschaften und Vorteile von S2-Pulver: S2-Pulver Eigenschaften und...<\/p>","protected":false},"featured_media":1843,"parent":0,"template":"","meta":{"_acf_changed":false,"_kad_blocks_custom_css":"","_kad_blocks_head_custom_js":"","_kad_blocks_body_custom_js":"","_kad_blocks_footer_custom_js":"","_kad_post_transparent":"","_kad_post_title":"","_kad_post_layout":"","_kad_post_sidebar_id":"","_kad_post_content_style":"","_kad_post_vertical_padding":"","_kad_post_feature":"","_kad_post_feature_position":"","_kad_post_header":false,"_kad_post_footer":false,"_kad_post_classname":""},"product-category":[119,122],"class_list":["post-3921","product","type-product","status-publish","has-post-thumbnail","hentry","product-category-3d-printing-metal-powder","product-category-iron-based-alloy-powder"],"acf":[],"taxonomy_info":{"product-category":[{"value":119,"label":"3D Printing Metal Powder"},{"value":122,"label":"Iron Based Alloy Powder"}]},"featured_image_src_large":["https:\/\/3dpmetal.com\/wp-content\/uploads\/2024\/02\/S2.jpg",600,600,false],"author_info":[],"comment_info":"","_links":{"self":[{"href":"https:\/\/3dpmetal.com\/de\/wp-json\/wp\/v2\/product\/3921","targetHints":{"allow":["GET"]}}],"collection":[{"href":"https:\/\/3dpmetal.com\/de\/wp-json\/wp\/v2\/product"}],"about":[{"href":"https:\/\/3dpmetal.com\/de\/wp-json\/wp\/v2\/types\/product"}],"wp:featuredmedia":[{"embeddable":true,"href":"https:\/\/3dpmetal.com\/de\/wp-json\/wp\/v2\/media\/1843"}],"wp:attachment":[{"href":"https:\/\/3dpmetal.com\/de\/wp-json\/wp\/v2\/media?parent=3921"}],"wp:term":[{"taxonomy":"product-category","embeddable":true,"href":"https:\/\/3dpmetal.com\/de\/wp-json\/wp\/v2\/product-category?post=3921"}],"curies":[{"name":"wp","href":"https:\/\/api.w.org\/{rel}","templated":true}]}}