{"id":3922,"date":"2024-03-18T06:10:14","date_gmt":"2024-03-18T06:10:14","guid":{"rendered":"https:\/\/3dp.45612300.xyz\/product\/t15-powder\/"},"modified":"2024-03-18T06:10:14","modified_gmt":"2024-03-18T06:10:14","slug":"t15-powder","status":"publish","type":"product","link":"https:\/\/3dpmetal.com\/de\/product\/t15-powder\/","title":{"rendered":"T15-Pulver"},"content":{"rendered":"<p><span style=\"vertical-align: inherit;\"><span style=\"vertical-align: inherit;\"><\/p>\n<h2>\u00dcberblick \u00fcber T15-Pulver<\/h2>\n<p class=\"whitespace-pre-wrap\">T15-Pulver ist ein Wolframcarbid-Cobalt-Hartmetallpulver, das eine au\u00dfergew\u00f6hnliche Kombination aus H\u00e4rte, Festigkeit und Z\u00e4higkeit bietet. Es enth\u00e4lt einen hohen Prozentsatz an Wolframcarbid zusammen mit 15 % Cobalt als Bindemittelphase.<\/p>\n<p class=\"whitespace-pre-wrap\">Schl\u00fcsseleigenschaften und Vorteile von T15-Pulver:<\/p>\n<p class=\"whitespace-pre-wrap\"><strong>T15 Pulver-, Eigenschaften und -Merkmale<\/strong><\/p>\n<table>\n<thead>\n<tr>\n<th>Merkmale<\/th>\n<th>Details<\/th>\n<\/tr>\n<\/thead>\n<tbody>\n<tr>\n<td>Komposition<\/td>\n<td>85 % WC mit 15 % Co-Binder<\/td>\n<\/tr>\n<tr>\n<td>Dichte<\/td>\n<td>13,0-14,5 g\/cm\u00b3<\/td>\n<\/tr>\n<tr>\n<td>Partikelform<\/td>\n<td>Gerundet, mit vielen Facetten<\/td>\n<\/tr>\n<tr>\n<td>Gr\u00f6\u00dfenpalette<\/td>\n<td>0,5-15 Mikrometer<\/td>\n<\/tr>\n<tr>\n<td>H\u00e4rte<\/td>\n<td>88-93 HRA gesintert<\/td>\n<\/tr>\n<tr>\n<td>Biegebruchfestigkeit<\/td>\n<td>550-650 MPa<\/td>\n<\/tr>\n<\/tbody>\n<\/table>\n<p class=\"whitespace-pre-wrap\">Die extrem harten Wolframcarbidpartikel werden in einer Kobaltmatrix zusammengehalten. Dadurch ist T15 ideal f\u00fcr die extremsten Verschlei\u00df- und Abriebbedingungen, die in den Bereichen Industrie, Bergbau und Bauwesen auftreten.<\/p>\n<h2>T15 Pulver-Zusammensetzung<\/h2>\n<p class=\"whitespace-pre-wrap\">Typische Zusammensetzung von T15-Hartmetallpulver:<\/p>\n<p class=\"whitespace-pre-wrap\"><strong>T15 Pulver-Zusammensetzung<\/strong><\/p>\n<table>\n<thead>\n<tr>\n<th>Komponente<\/th>\n<th>Gew.-%<\/th>\n<\/tr>\n<\/thead>\n<tbody>\n<tr>\n<td>Wolframcarbid (WC)<\/td>\n<td>84-86%<\/td>\n<\/tr>\n<tr>\n<td>Cobalt (Co)<\/td>\n<td>14-16%<\/td>\n<\/tr>\n<tr>\n<td>Kohlenstoff (C)<\/td>\n<td>0,8 % max<\/td>\n<\/tr>\n<tr>\n<td>Sauerstoff (O)<\/td>\n<td>0,5 % max<\/td>\n<\/tr>\n<tr>\n<td>Eisen (Fe)<\/td>\n<td>max. 0,3 %<\/td>\n<\/tr>\n<tr>\n<td>Nickel (Ni)<\/td>\n<td>max. 0,3 %<\/td>\n<\/tr>\n<\/tbody>\n<\/table>\n<ul class=\"list-disc pl-8 space-y-2\">\n<li class=\"whitespace-normal\">Wolframcarbid bietet extreme H\u00e4rte und Verschlei\u00dffestigkeit<\/li>\n<li class=\"whitespace-normal\">Kobalt fungiert als z\u00e4hes und duktiles Bindemittel, das WC-Partikel zusammenh\u00e4lt.<\/li>\n<li class=\"whitespace-normal\">Kohlenstoff und Sauerstoff sind als Verunreinigungen vorhanden<\/li>\n<li class=\"whitespace-normal\">Spureneisen, Nickel aus Rohstoffen<\/li>\n<\/ul>\n<p class=\"whitespace-pre-wrap\">Das optimierte WC-Co-Verh\u00e4ltnis bietet die beste Kombination aus H\u00e4rte, Bruchz\u00e4higkeit und Schlagfestigkeit, die bei Verschlei\u00dfanwendungen ben\u00f6tigt wird.<\/p>\n<h2>Physikalische Eigenschaften T15-Pulver<\/h2>\n<p class=\"whitespace-pre-wrap\"><strong>Physikalische Eigenschaften T15-Pulver<\/strong><\/p>\n<table>\n<thead>\n<tr>\n<th>Immobilie<\/th>\n<th>Werte<\/th>\n<\/tr>\n<\/thead>\n<tbody>\n<tr>\n<td>Dichte<\/td>\n<td>13,0-14,5 g\/cm\u00b3<\/td>\n<\/tr>\n<tr>\n<td>Schmelzpunkt<\/td>\n<td>2870 \u00a1\u00abC (WC) und 1495\u00a1\u00abC (Co)<\/td>\n<\/tr>\n<tr>\n<td>W\u00e4rmeleitf\u00e4higkeit<\/td>\n<td>60-100 W\/mK<\/td>\n<\/tr>\n<tr>\n<td>Elektrischer Widerstand<\/td>\n<td>25-35 \u00d7 10-3-cm\u00b3<\/td>\n<\/tr>\n<tr>\n<td>W\u00e4rmeausdehnungskoeffizient<\/td>\n<td>4,5-6,0 x 10^-6 \/K<\/td>\n<\/tr>\n<tr>\n<td>Maximale Betriebstemperatur<\/td>\n<td>500 \u00a1\u00abC in Luft<\/td>\n<\/tr>\n<\/tbody>\n<\/table>\n<ul class=\"list-disc pl-8 space-y-2\">\n<li class=\"whitespace-normal\">Sehr hohe Dichte erm\u00f6glicht die Verwendung in kompakten, miniaturisierten Bauelementen<\/li>\n<li class=\"whitespace-normal\">Eine sehr geringe CTE reduziert thermische Spannungen und Verzerrungen<\/li>\n<li class=\"whitespace-normal\">H\u00e4lt Dauerbetrieb bis 500 \u00b0C stand<\/li>\n<li class=\"whitespace-normal\">Eine gute W\u00e4rmeleitf\u00e4higkeit reduziert Temperaturgradienten<\/li>\n<\/ul>\n<p class=\"whitespace-pre-wrap\">Diese Eigenschaften machen T15 geeignet f\u00fcr harte Abrieb- und wiederholte Kraftsto\u00dfbedingungen, wie sie in Bergbau-, Bohr- und Bauumgebungen vorkommen.<\/p>\n<h2>T15 Pulvermechanische Eigenschaften<\/h2>\n<p class=\"whitespace-pre-wrap\"><strong>T15 Pulvermechanische Eigenschaften<\/strong><\/p>\n<table>\n<thead>\n<tr>\n<th>Immobilie<\/th>\n<th>Werte<\/th>\n<\/tr>\n<\/thead>\n<tbody>\n<tr>\n<td>H\u00e4rte<\/td>\n<td>88-93 HRA<\/td>\n<\/tr>\n<tr>\n<td>Biegebruchfestigkeit<\/td>\n<td>550-650 MPa<\/td>\n<\/tr>\n<tr>\n<td>Druckfestigkeit<\/td>\n<td>5500\u20136200 MPa<\/td>\n<\/tr>\n<tr>\n<td>Bruchz\u00e4higkeit<\/td>\n<td>10\u201312 MPa.m^1\/2<\/td>\n<\/tr>\n<tr>\n<td>Elastizit\u00e4tsmodul<\/td>\n<td>550-650 GPa<\/td>\n<\/tr>\n<tr>\n<td>Schlagz\u00e4higkeit<\/td>\n<td>350-900 kJ\/m2<\/td>\n<\/tr>\n<\/tbody>\n<\/table>\n<ul class=\"list-disc pl-8 space-y-2\">\n<li class=\"whitespace-normal\">Extreme H\u00e4rte bietet Verschlei\u00df- und Abriebfestigkeit<\/li>\n<li class=\"whitespace-normal\">Sehr hohe Druckfestigkeit widersteht Quetschkraft<\/li>\n<li class=\"whitespace-normal\">Angemessene Bruchz\u00e4higkeit und Schlagfestigkeit<\/li>\n<li class=\"whitespace-normal\">H\u00e4rte und Best\u00e4ndigkeit bestimmt durch WC-Partikelgr\u00f6\u00dfe und -verteilung<\/li>\n<\/ul>\n<p class=\"whitespace-pre-wrap\">Diese au\u00dfergew\u00f6hnliche Kombination aus H\u00e4rte, Festigkeit und Z\u00e4higkeit macht T15 geeignet f\u00fcr die schwersten Einschlag-, Abrieb- und Vertiefungsverschlei\u00dfbedingungen.<\/p>\n<h2>T15 Pulveranwendungen<\/h2>\n<p class=\"whitespace-pre-wrap\">Typische Anwendungsbereiche von T15 Wolframcarbid-Kobaltpulver umfassen:<\/p>\n<p class=\"whitespace-pre-wrap\"><strong>T15 Pulveranwendungen<\/strong><\/p>\n<table>\n<thead>\n<tr>\n<th>Industrie<\/th>\n<th>Beispielverwendungen<\/th>\n<\/tr>\n<\/thead>\n<tbody>\n<tr>\n<td>Bergbau<\/td>\n<td>Bohrer, Strahld\u00fcsen<\/td>\n<\/tr>\n<tr>\n<td>Konstruktion<\/td>\n<td>Abrisswerkzeuge, Felsb\u00e4rte<\/td>\n<\/tr>\n<tr>\n<td>Produktion<\/td>\n<td>Umformwerkzeuge, Metallumformteile<\/td>\n<\/tr>\n<tr>\n<td>\u00d6l und Gas<\/td>\n<td>Stabilisatoren, Elektromotoren im Bohrloch<\/td>\n<\/tr>\n<tr>\n<td>Allgemein<\/td>\n<td>Schneiden und Bearbeitungswerkzeuge<\/td>\n<\/tr>\n<\/tbody>\n<\/table>\n<p class=\"whitespace-pre-wrap\">Einige spezifische Verwendungszwecke f\u00fcr Produkte:<\/p>\n<ul class=\"list-disc pl-8 space-y-2\">\n<li class=\"whitespace-normal\">Bohrer f\u00fcr den Bohrhammerbetrieb, Werkzeuge f\u00fcr den Bergbaubetrieb<\/li>\n<li class=\"whitespace-normal\">Stark verschlei\u00dffeste Teile von Schlammpumpen wie Wellen, Laufr\u00e4der<\/li>\n<li class=\"whitespace-normal\">Extruderk\u00f6pfe f\u00fcr die Herstellung von Ziegeln und Keramik<\/li>\n<li class=\"whitespace-normal\">Verschlei\u00dffeste Komponenten in Sandstrahlanlagen<\/li>\n<li class=\"whitespace-normal\">Schneiden von Klingen, Messern, S\u00e4genz\u00e4hne, die extreme H\u00e4rte ben\u00f6tigen<\/li>\n<\/ul>\n<p class=\"whitespace-pre-wrap\">Die unvergleichliche H\u00e4rte und Verschlei\u00dffestigkeit von T15 machen es zur ersten Wahl f\u00fcr Ger\u00e4te, die in den h\u00e4rtesten Prall- und Abriebbedingungen in vielen Industriezweigen eingesetzt werden.<\/p>\n<h2>Spezifikationen des T15-Pulvers<\/h2>\n<p class=\"whitespace-pre-wrap\">Haupteigenschaften f\u00fcr zementgebundenes Hartmetallpulver T15:<\/p>\n<p class=\"whitespace-pre-wrap\"><strong>T15 Pulverstandards<\/strong><\/p>\n<table>\n<thead>\n<tr>\n<th>Standard<\/th>\n<th>Beschreibung<\/th>\n<\/tr>\n<\/thead>\n<tbody>\n<tr>\n<td>ISO 513<\/td>\n<td>Klassifizierung und Anwendung von Hartmetallen<\/td>\n<\/tr>\n<tr>\n<td>ASTM B276<\/td>\n<td>Kobalt-Wolframkarbid-Pulver und Hartmetalle<\/td>\n<\/tr>\n<tr>\n<td>JIS G 4053<\/td>\n<td>Gesinterte Hartmetalle<\/td>\n<\/tr>\n<tr>\n<td>GB\/T 4661-2006<\/td>\n<td>Chinesische Norm f\u00fcr Hartmetalle<\/td>\n<\/tr>\n<\/tbody>\n<\/table>\n<p class=\"whitespace-pre-wrap\">Definieren Sie diese:<\/p>\n<ul class=\"list-disc pl-8 space-y-2\">\n<li class=\"whitespace-normal\">Chemische Zusammensetzung \u2013 Co- und WC-Gehalt<\/li>\n<li class=\"whitespace-normal\">Karbidkorngr\u00f6\u00dfe und Pulverteilchengr\u00f6\u00dfenverteilung<\/li>\n<li class=\"whitespace-normal\">Erforderliche mechanische Eigenschaften<\/li>\n<li class=\"whitespace-normal\">Zul\u00e4ssige Verunreinigungen<\/li>\n<li class=\"whitespace-normal\">Bew\u00e4hrte Herstellungsmethoden wie Aufkohlung und Reduktionsdiffusion<\/li>\n<\/ul>\n<p class=\"whitespace-pre-wrap\">Durch die Erf\u00fcllung dieser Spezifikationen wird eine optimale Kombination aus H\u00e4rte, Festigkeit und Z\u00e4higkeit f\u00fcr maximale Verschlei\u00dffestigkeit sichergestellt.<\/p>\n<h2>T15 Pulverpartikelgr\u00f6\u00dfen<\/h2>\n<p class=\"whitespace-pre-wrap\"><strong>T15 Pulverteilchengr\u00f6\u00dfenverteilung<\/strong><\/p>\n<table>\n<thead>\n<tr>\n<th>Teilchengr\u00f6sse<\/th>\n<th>Merkmale<\/th>\n<\/tr>\n<\/thead>\n<tbody>\n<tr>\n<td>0,5-2 Mikrometer<\/td>\n<td>Superfeine G\u00fcte bietet eine Superpolitur<\/td>\n<\/tr>\n<tr>\n<td>0,5-5 Mikrometer<\/td>\n<td>Submikrometerbereich steigert die Z\u00e4higkeit<\/td>\n<\/tr>\n<tr>\n<td>3-15 Mikrometer<\/td>\n<td>Am h\u00e4ufigsten verwendete Gr\u00f6\u00dfe f\u00fcr optimale Eigenschaften<\/td>\n<\/tr>\n<\/tbody>\n<\/table>\n<ul class=\"list-disc pl-8 space-y-2\">\n<li class=\"whitespace-normal\">Feinere Pulver erh\u00f6hen die H\u00e4rte und das Oberfl\u00e4chenbild<\/li>\n<li class=\"whitespace-normal\">Gr\u00f6bere Pulver verbessern die Bruchbest\u00e4ndigkeit und Schlagz\u00e4higkeit<\/li>\n<li class=\"whitespace-normal\">Die Optimierung der Partikelgr\u00f6\u00dfenverteilung erfolgt entsprechend der Einsatzbedingungen<\/li>\n<li class=\"whitespace-normal\">Sowohl das zerkleinerte als auch das gesinterte Karbidpulver benutzt<\/li>\n<\/ul>\n<p class=\"whitespace-pre-wrap\">Durch die Kontrolle der Partikelgr\u00f6\u00dfenverteilung und Morphologie werden die letztendlichen Eigenschaften und Leistungen der Komponente optimiert.<\/p>\n<h2>T15-Pulverherstellungsmethode<\/h2>\n<p class=\"whitespace-pre-wrap\"><strong>T15 Pulvererzeugung<\/strong><\/p>\n<table>\n<thead>\n<tr>\n<th>Methode<\/th>\n<th>Details<\/th>\n<\/tr>\n<\/thead>\n<tbody>\n<tr>\n<td>Aufkohlung und Reduktionsdiffusion<\/td>\n<td>Erzeugt feine kugelf\u00f6rmige Pulver<\/td>\n<\/tr>\n<tr>\n<td>Zerkleinerung von Sintergut<\/td>\n<td>Preisg\u00fcnstiger, unregelm\u00e4\u00dfige Eckige Partikel<\/td>\n<\/tr>\n<tr>\n<td>Mahlen<\/td>\n<td>Kugelmahlung zur Reduzierung der Teilchengr\u00f6\u00dfe<\/td>\n<\/tr>\n<tr>\n<td>Spr\u00fchtrocknung<\/td>\n<td>Granulierungs- und Sph\u00e4roidisierungsprozess<\/td>\n<\/tr>\n<tr>\n<td>Entgasung<\/td>\n<td>Entfernt gasf\u00f6rmige Verunreinigungen<\/td>\n<\/tr>\n<\/tbody>\n<\/table>\n<ul class=\"list-disc pl-8 space-y-2\">\n<li class=\"whitespace-normal\">Die Kugelform der Pulvermorphologie sorgt f\u00fcr eine hohe Packungsdichte<\/li>\n<li class=\"whitespace-normal\">Zerkleinerte Pulver haben niedrigere Produktionskosten<\/li>\n<li class=\"whitespace-normal\">Mahlen und Spr\u00fchtrocknung zur Kontrolle der Partikelgr\u00f6\u00dfe<\/li>\n<li class=\"whitespace-normal\">Durch die Entgasung werden die Reinheit des Pulvers und die gesinterte Mikrostruktur optimiert<\/li>\n<\/ul>\n<p class=\"whitespace-pre-wrap\">Automatische Hochvolumen-Produktionsverfahren f\u00fchren zu konsistentem Ausgangsmaterial, das f\u00fcr die Teileleistung optimiert ist.<\/p>\n<h2>Preissetzung f\u00fcr T15-Pulver<\/h2>\n<p class=\"whitespace-pre-wrap\"><strong>Preissetzung f\u00fcr T15-Pulver<\/strong><\/p>\n<table>\n<thead>\n<tr>\n<th>Faktor<\/th>\n<th>Auswirkung auf den Preis<\/th>\n<\/tr>\n<\/thead>\n<tbody>\n<tr>\n<td>Pulverg\u00fctemerkmal<\/td>\n<td>H\u00f6here Reinheitsgrade kosten mehr<\/td>\n<\/tr>\n<tr>\n<td>Teilchengr\u00f6sse<\/td>\n<td>Ultrafeines Pulver ist kostspieliger<\/td>\n<\/tr>\n<tr>\n<td>Bestellmenge<\/td>\n<td>Preis sinkt bei gr\u00f6\u00dferen Mengen<\/td>\n<\/tr>\n<tr>\n<td>Produktionsverfahren<\/td>\n<td>Komplexe Methoden steigern den Aufwand<\/td>\n<\/tr>\n<tr>\n<td>Verpackung<\/td>\n<td>Spezielle S\u00e4cke oder Dosen sind teuer<\/td>\n<\/tr>\n<\/tbody>\n<\/table>\n<p class=\"whitespace-pre-wrap\"><strong>Richtpreise<\/strong><\/p>\n<ul class=\"list-disc pl-8 space-y-2\">\n<li class=\"whitespace-normal\">Pulverkugel T15: 45-60 \u20ac pro kg<\/li>\n<li class=\"whitespace-normal\">T15 Pulver: 35-45 $ pro kg<\/li>\n<li class=\"whitespace-normal\">Preise bei gro\u00dfem Bestellvolumen k\u00f6nnen 20-30% niedriger sein.<\/li>\n<\/ul>\n<p class=\"whitespace-pre-wrap\">Preis richtet sich nach Pulvercharakteristika, Fertigungsverfahren, Bestellmenge, Verpackung und Lieferzeit.<\/p>\n<h2>T15 Pulver-Lieferanten<\/h2>\n<p class=\"whitespace-pre-wrap\"><strong>T15 Pulver-Lieferanten<\/strong><\/p>\n<table>\n<thead>\n<tr>\n<th>Unternehmen<\/th>\n<th>Ort<\/th>\n<\/tr>\n<\/thead>\n<tbody>\n<tr>\n<td>Sandvik<\/td>\n<td>Schweden<\/td>\n<\/tr>\n<tr>\n<td>Kennametal<\/td>\n<td>Vereinigte Staaten<\/td>\n<\/tr>\n<tr>\n<td>H.C. Starck<\/td>\n<td>Deutschland<\/td>\n<\/tr>\n<tr>\n<td>Jingdong neues Material<\/td>\n<td>China<\/td>\n<\/tr>\n<tr>\n<td>Zhuzhou Wolframkarbid-Group<\/td>\n<td>China<\/td>\n<\/tr>\n<tr>\n<td>Toshiba Materials<\/td>\n<td>Japan<\/td>\n<\/tr>\n<\/tbody>\n<\/table>\n<p class=\"whitespace-pre-wrap\">Auswahlfaktoren:<\/p>\n<ul class=\"list-disc pl-8 space-y-2\">\n<li class=\"whitespace-normal\">Pulverqualit\u00e4ten und Partikelmorphologien<\/li>\n<li class=\"whitespace-normal\">Produktionskapazit\u00e4ten und Durchlaufzeiten<\/li>\n<li class=\"whitespace-normal\">Technische Fachkenntnis und Kundendienst<\/li>\n<li class=\"whitespace-normal\">Probenahme-, Pr\u00fcf- und Qualit\u00e4tskontrollverfahren<\/li>\n<li class=\"whitespace-normal\">Preisniveaus und Zahlungsbedingungen<\/li>\n<li class=\"whitespace-normal\">Einhaltung internationaler Materialstandards<\/li>\n<\/ul>\n<h2>T15 Pulverhandhabung und -lagerung<\/h2>\n<p class=\"whitespace-pre-wrap\"><strong>T15: Pulver-Handling<\/strong><\/p>\n<table>\n<thead>\n<tr>\n<th>Empfehlung<\/th>\n<th>Grund<\/th>\n<\/tr>\n<\/thead>\n<tbody>\n<tr>\n<td>PSA und Bel\u00fcftung verwenden<\/td>\n<td>Aussetzung gegen\u00fcber Feinstaub verhindern<\/td>\n<\/tr>\n<tr>\n<td>Z\u00fcndquellen vermeiden<\/td>\n<td>Pulver kann brennen, wenn sie in der Luft \u00fcberhitzt<\/td>\n<\/tr>\n<tr>\n<td>Befolgen Sie sichere Protokolle<\/td>\n<td>Gesundheits- und Brandrisiken verringern<\/td>\n<\/tr>\n<tr>\n<td>In Schutzgasatmosph\u00e4re anwenden<\/td>\n<td>Verhindern von Oxidation bei der Pulververarbeitung<\/td>\n<\/tr>\n<tr>\n<td>Verschlossene Beh\u00e4lter lagern<\/td>\n<td>Kontamination oder Absorption verhindern<\/td>\n<\/tr>\n<\/tbody>\n<\/table>\n<p class=\"whitespace-pre-wrap\"><strong>Lagerungsempfehlungen<\/strong><\/p>\n<ul class=\"list-disc pl-8 space-y-2\">\n<li class=\"whitespace-normal\">In stabilen Beh\u00e4ltern und bei Umgebungstemperatur lagern<\/li>\n<li class=\"whitespace-normal\">Beschr\u00e4nken Sie die Exposition gegen\u00fcber Feuchtigkeit, S\u00e4uren, Chlor<\/li>\n<li class=\"whitespace-normal\">Kreuzkontamination durch andere Pulver vermeiden<\/li>\n<\/ul>\n<p class=\"whitespace-pre-wrap\">Geeignete Vorsichtsma\u00dfnahmen bewahren die Reinheit des Pulvers und beugen Sicherheitsproblemen beim Umgang und bei der Lagerung vor.<\/p>\n<h2>T15 Pulverpr\u00fcfung und Inspektion<\/h2>\n<p class=\"whitespace-pre-wrap\"><strong>T15 Pulverpr\u00fcfung<\/strong><\/p>\n<table>\n<thead>\n<tr>\n<th>Test<\/th>\n<th>Details<\/th>\n<\/tr>\n<\/thead>\n<tbody>\n<tr>\n<td>Chemische Analyse<\/td>\n<td>\u00dcberpr\u00fcft Zusammensetzungen mit ICP, EDX oder RFA<\/td>\n<\/tr>\n<tr>\n<td>Korngr\u00f6\u00dfenverteilung<\/td>\n<td>Laserbeugung oder Sedimentationsanalyse<\/td>\n<\/tr>\n<tr>\n<td>Pulvermorphologie<\/td>\n<td>Rasterelektronenmikroskopie der Partikelform<\/td>\n<\/tr>\n<tr>\n<td>Anscheindichte<\/td>\n<td>Gemessen nach ASTM B212 Standard<\/td>\n<\/tr>\n<tr>\n<td>Sch\u00fcttdichte<\/td>\n<td>Nach dem mechanischen Klopfen gemessene Dichte<\/td>\n<\/tr>\n<tr>\n<td>Hallenflussmenge<\/td>\n<td>Ermittelt die Flie\u00dff\u00e4higkeit von Pulver<\/td>\n<\/tr>\n<\/tbody>\n<\/table>\n<p class=\"whitespace-pre-wrap\">Durch Testen wird sichergestellt, dass das Pulver der erforderlichen chemischen Zusammensetzung, den Teilcheneigenschaften, Morphologie, Dichte- und Flie\u00dff\u00e4higkeitsspezifikationen gem\u00e4\u00df der entsprechenden Normen entspricht.<\/p>\n<h2>Vorteile und Nachteile des T15 Powder<\/h2>\n<p class=\"whitespace-pre-wrap\"><strong>Vorteile von T15-Pulver<\/strong><\/p>\n<ul class=\"list-disc pl-8 space-y-2\">\n<li class=\"whitespace-normal\">Au\u00dfergew\u00f6hnliche H\u00e4rte, Verschlei\u00dffestigkeit und Festigkeit<\/li>\n<li class=\"whitespace-normal\">Sehr druckbest\u00e4ndig und bruchsicher<\/li>\n<li class=\"whitespace-normal\">Gute Bruchz\u00e4higkeit und Schlagfestigkeit<\/li>\n<li class=\"whitespace-normal\">Formstabilit\u00e4t unter Last<\/li>\n<li class=\"whitespace-normal\">Widersteht Verformungen bei erh\u00f6hten Temperaturen<\/li>\n<li class=\"whitespace-normal\">Erm\u00f6glicht kleinere, leichtere Komponenten<\/li>\n<\/ul>\n<p class=\"whitespace-pre-wrap\"><strong>Einschr\u00e4nkungen von T15-Pulver<\/strong><\/p>\n<ul class=\"list-disc pl-8 space-y-2\">\n<li class=\"whitespace-normal\">Nach dem Sintern schwierig zu bearbeiten<\/li>\n<li class=\"whitespace-normal\">Nicht geeignet f\u00fcr dynamische Lageranwendungen<\/li>\n<li class=\"whitespace-normal\">Relativ spr\u00f6des Verhalten<\/li>\n<li class=\"whitespace-normal\">Oxidation bei hohen Temperaturen ohne Widerstandsbeschichtung<\/li>\n<li class=\"whitespace-normal\">H\u00f6here Rohstoffkosten als Stahlpulver<\/li>\n<li class=\"whitespace-normal\">Erfordert spezielle Erfahrung f\u00fcr eine optimale Nutzung<\/li>\n<\/ul>\n<h2>Vergleich mit Wolframcarbid-Titancarbid-Tantalcarbid<\/h2>\n<p class=\"whitespace-pre-wrap\"><strong>T15 gegen WC-TiC-TaC<\/strong><\/p>\n<table>\n<thead>\n<tr>\n<th>Parameter<\/th>\n<th>T15<\/th>\n<th>WC-TiC-TaC<\/th>\n<\/tr>\n<\/thead>\n<tbody>\n<tr>\n<td>H\u00e4rte<\/td>\n<td>88-93 HRA<\/td>\n<td>92-96 HRA<\/td>\n<\/tr>\n<tr>\n<td>Bruchz\u00e4higkeit<\/td>\n<td>10\u201312 MPa.m^1\/2<\/td>\n<td>8-9 MPa.m^1\/2<\/td>\n<\/tr>\n<tr>\n<td>St\u00e4rke<\/td>\n<td>Sehr hoch<\/td>\n<td>Extrem hoch<\/td>\n<\/tr>\n<tr>\n<td>Kosten<\/td>\n<td>Mittelm\u00e4ssig<\/td>\n<td>Sehr hoch<\/td>\n<\/tr>\n<tr>\n<td>Korrosionsbest\u00e4ndigkeit<\/td>\n<td>M\u00e4\u00dfig<\/td>\n<td>Ausgezeichnet<\/td>\n<\/tr>\n<tr>\n<td>ANWENDUNGEN<\/td>\n<td>Allgemeine Verschlei\u00dfteile<\/td>\n<td>Extreme Abnutzung und Korrosion<\/td>\n<\/tr>\n<\/tbody>\n<\/table>\n<ul class=\"list-disc pl-8 space-y-2\">\n<li class=\"whitespace-normal\">WC-TiC-TaC weist eine leicht erh\u00f6hte H\u00e4rte und Festigkeit auf<\/li>\n<li class=\"whitespace-normal\">T15 bietet eine signifikant bessere Bruchz\u00e4higkeit<\/li>\n<li class=\"whitespace-normal\">WC-TiC-TaC bietet exzellente Korrosionsbest\u00e4ndigkeit<\/li>\n<li class=\"whitespace-normal\">T15 ist kosteng\u00fcnstiger<\/li>\n<li class=\"whitespace-normal\">WC-TiC-TAC f\u00fcr kritischere, teurere Anwendungen<\/li>\n<\/ul>\n<h2>T15 Pulver-FAQs<\/h2>\n<p class=\"whitespace-pre-wrap\"><strong>F: Welche Hauptanwendungen hat Kobaltpulver aus Wolframkarbid T15?<\/strong><\/p>\n<p class=\"whitespace-pre-wrap\">A: Zu den Hauptanwendungen geh\u00f6ren Bergbauwerkzeuge wie Bohrer, Gesteinsbrecher und Baggerger\u00e4te; Bauger\u00e4te wie Abbruch- und Pulverisierungsger\u00e4te; Gesenke, Ziehteile, Strangpresswerkzeuge; verschlei\u00dffeste Komponenten sowie allgemeine Schneid- und Bearbeitungswerkzeuge.<\/p>\n<p class=\"whitespace-pre-wrap\"><strong>F: Warum wird Kobalt als Binder in Hartmetallsorten auf Wolframcarbidbasis verwendet?<\/strong><\/p>\n<p class=\"whitespace-pre-wrap\">A: Kobalt sorgt f\u00fcr eine gute Korrosionsbest\u00e4ndigkeit, hohe Festigkeit und Z\u00e4higkeit und erm\u00f6glicht das Fl\u00fcssigphasensintern der Wolframkarbidpartikel w\u00e4hrend der Verdichtung zum Erreichen vollst\u00e4ndiger Dichte und optimaler Eigenschaften.<\/p>\n<p class=\"whitespace-pre-wrap\"><strong>F: Welche W\u00e4rmebehandlung wird f\u00fcr T15-Wolframcarbid-Kobalt-Teile verwendet?<\/strong><\/p>\n<p class=\"whitespace-pre-wrap\">A: T15 ben\u00f6tigt keine W\u00e4rmebehandlung nach dem Sintern. Der Fl\u00fcssigphasensinterprozess erm\u00f6glicht die Erzielung einer vollen Dichte und der erforderlichen Eigenschaften bereits w\u00e4hrend der Pulververfestigung.<\/p>\n<p class=\"whitespace-pre-wrap\"><strong>Q: Wie wird T15 Wolframkarbid-Kobalt-Pulver hergestellt?<\/strong><\/p>\n<p class=\"whitespace-pre-wrap\">A: Zu den wichtigsten Produktionsverfahren geh\u00f6ren Aufkohlung und Reduktion-Diffusion, um sph\u00e4rische Pulver oder Zerkleinerung und Mahlung von gesintertem Wolframkarbidmaterial zu unregelm\u00e4\u00dfigen Partikeln herzustellen. Diese Pulver werden dann im gew\u00fcnschten Verh\u00e4ltnis mit Kobaltpulver gemischt.<\/p>\n<div id=\"gtx-trans\" style=\"position: absolute; left: -76px; top: 49.8125px;\">\n<div class=\"gtx-trans-icon\"><\/div>\n<\/div>\n<p><\/span><\/span><\/p>","protected":false},"excerpt":{"rendered":"<p>\u00dcberblick \u00fcber T15-Pulver T15-Pulver ist ein Hartmetallpulver aus Wolframkarbid und Kobalt, das eine au\u00dfergew\u00f6hnliche Kombination aus H\u00e4rte, Festigkeit und Z\u00e4higkeit bietet. Es enth\u00e4lt einen hohen Anteil an Wolframkarbid und 15% Kobalt als Bindephase. Die wichtigsten Eigenschaften und Vorteile von T15-Pulver: T15-Pulver Eigenschaften und Merkmale Eigenschaften Details Zusammensetzung 85%...<\/p>","protected":false},"featured_media":1845,"parent":0,"template":"","meta":{"_acf_changed":false,"_kad_blocks_custom_css":"","_kad_blocks_head_custom_js":"","_kad_blocks_body_custom_js":"","_kad_blocks_footer_custom_js":"","_kad_post_transparent":"","_kad_post_title":"","_kad_post_layout":"","_kad_post_sidebar_id":"","_kad_post_content_style":"","_kad_post_vertical_padding":"","_kad_post_feature":"","_kad_post_feature_position":"","_kad_post_header":false,"_kad_post_footer":false,"_kad_post_classname":""},"product-category":[119,122],"class_list":["post-3922","product","type-product","status-publish","has-post-thumbnail","hentry","product-category-3d-printing-metal-powder","product-category-iron-based-alloy-powder"],"acf":[],"taxonomy_info":{"product-category":[{"value":119,"label":"3D Printing Metal Powder"},{"value":122,"label":"Iron Based Alloy Powder"}]},"featured_image_src_large":["https:\/\/3dpmetal.com\/wp-content\/uploads\/2024\/02\/T15-Powder.jpg",600,600,false],"author_info":[],"comment_info":"","_links":{"self":[{"href":"https:\/\/3dpmetal.com\/de\/wp-json\/wp\/v2\/product\/3922","targetHints":{"allow":["GET"]}}],"collection":[{"href":"https:\/\/3dpmetal.com\/de\/wp-json\/wp\/v2\/product"}],"about":[{"href":"https:\/\/3dpmetal.com\/de\/wp-json\/wp\/v2\/types\/product"}],"wp:featuredmedia":[{"embeddable":true,"href":"https:\/\/3dpmetal.com\/de\/wp-json\/wp\/v2\/media\/1845"}],"wp:attachment":[{"href":"https:\/\/3dpmetal.com\/de\/wp-json\/wp\/v2\/media?parent=3922"}],"wp:term":[{"taxonomy":"product-category","embeddable":true,"href":"https:\/\/3dpmetal.com\/de\/wp-json\/wp\/v2\/product-category?post=3922"}],"curies":[{"name":"wp","href":"https:\/\/api.w.org\/{rel}","templated":true}]}}