{"id":3924,"date":"2024-03-18T06:10:14","date_gmt":"2024-03-18T06:10:14","guid":{"rendered":"https:\/\/3dp.45612300.xyz\/product\/pure-copper-powder\/"},"modified":"2024-03-18T06:10:14","modified_gmt":"2024-03-18T06:10:14","slug":"pure-copper-powder","status":"publish","type":"product","link":"https:\/\/3dpmetal.com\/de\/product\/pure-copper-powder\/","title":{"rendered":"Reines Kupferpulver"},"content":{"rendered":"<p><span style=\"vertical-align: inherit;\"><span style=\"vertical-align: inherit;\"><\/p>\n<h2>\u00dcberblick \u00fcber reines Kupferpulver<\/h2>\n<p class=\"whitespace-pre-wrap\">Reines Kupferpulver enth\u00e4lt einen Kupfergehalt von 99,5% oder mehr. Es bietet eine ausgezeichnete thermische und elektrische Leitf\u00e4higkeit in Kombination mit guter Korrosionsbest\u00e4ndigkeit, L\u00f6tbarkeit und Biokompatibilit\u00e4t.<\/p>\n<p class=\"whitespace-pre-wrap\">Wichtige Eigenschaften und Vorteile von reinem Kupferpulver:<\/p>\n<p class=\"whitespace-pre-wrap\"><strong>Eigenschaften von reinem Kupferpulver<\/strong><\/p>\n<table>\n<thead>\n<tr>\n<th>Merkmale<\/th>\n<th>Details<\/th>\n<\/tr>\n<\/thead>\n<tbody>\n<tr>\n<td>Komposition<\/td>\n<td>99,5% oder h\u00f6herer Kupferanteil<\/td>\n<\/tr>\n<tr>\n<td>Dichte<\/td>\n<td>8,94 g\/cm\u00b3<\/td>\n<\/tr>\n<tr>\n<td>Partikelform<\/td>\n<td>Sph\u00e4risch, unregelm\u00e4\u00dfig<\/td>\n<\/tr>\n<tr>\n<td>Gr\u00f6\u00dfenpalette<\/td>\n<td>1-150 Mikrometer<\/td>\n<\/tr>\n<tr>\n<td>Anscheindichte<\/td>\n<td>Bis zu 50 % echte Dichte<\/td>\n<\/tr>\n<tr>\n<td>Leitf\u00e4higkeit<\/td>\n<td>Hervorragend, wird nur von Silber \u00fcbertroffen<\/td>\n<\/tr>\n<tr>\n<td>L\u00f6tf\u00e4higkeit<\/td>\n<td>Hervorragend durch Oxidationsresistenz<\/td>\n<\/tr>\n<tr>\n<td>Biokompatibilit\u00e4t<\/td>\n<td>Lebensmittelkontakt zugelassen<\/td>\n<\/tr>\n<\/tbody>\n<\/table>\n<p class=\"whitespace-pre-wrap\">Reines Kupferpulver ist ideal f\u00fcr Anwendungen wie Schwei\u00dfprodukte, L\u00f6tne, Reibmaterialien, Diamantwerkzeuge, elektrische Kontakte und Metallspritzgie\u00dfen.<\/p>\n<h2>Reine Kupferpulverzusammensetzung<\/h2>\n<p class=\"whitespace-pre-wrap\">Typische Zusammensetzung von reinem Kupferpulver:<\/p>\n<p class=\"whitespace-pre-wrap\"><strong>Reine Kupferpulverzusammensetzung<\/strong><\/p>\n<table>\n<thead>\n<tr>\n<th>Element<\/th>\n<th>Gew.-%<\/th>\n<\/tr>\n<\/thead>\n<tbody>\n<tr>\n<td>Kupfer (Cu)<\/td>\n<td>mindestens 99,5%<\/td>\n<\/tr>\n<tr>\n<td>Sauerstoff (O)<\/td>\n<td>max. 0,05 %<\/td>\n<\/tr>\n<tr>\n<td>Blei (Pb)<\/td>\n<td>max. 0,005 %<\/td>\n<\/tr>\n<tr>\n<td>Andere Verunreinigungen<\/td>\n<td>max. 0,005 %<\/td>\n<\/tr>\n<\/tbody>\n<\/table>\n<ul class=\"list-disc pl-8 space-y-2\">\n<li class=\"whitespace-normal\">Kupfer bietet eine ausgezeichnete Leitf\u00e4higkeit und Korrosionsbest\u00e4ndigkeit<\/li>\n<li class=\"whitespace-normal\">Sauerstoff als Verunreinigung wirkt sich auf die Leitf\u00e4higkeit und das Sintern aus<\/li>\n<li class=\"whitespace-normal\">Blei und andere Verunreinigungen werden sorgf\u00e4ltig reguliert<\/li>\n<\/ul>\n<p class=\"whitespace-pre-wrap\">Hoher Kupfergehalt, niedrige Oxidmenge und minimale Verunreinigungen resultieren in exzellenter elektrischer und thermischer Leitf\u00e4higkeit kombiniert mit guten mechanischen Eigenschaften.<\/p>\n<p><img loading=\"lazy\" decoding=\"async\" class=\"alignnone size-medium wp-image-1409\" src=\"https:\/\/met3dp.com\/wp-content\/uploads\/2023\/09\/ed7a94ec-3c10-4b1b-87ed--300x300.jpg\" alt=\"Reines Kupferpulver\" width=\"300\" height=\"300\" title=\"\"><\/p>\n<h2>Physikalische Eigenschaften von reinem Kupferpulver<\/h2>\n<p class=\"whitespace-pre-wrap\"><strong>Physikalische Eigenschaften von reinem Kupferpulver<\/strong><\/p>\n<table>\n<thead>\n<tr>\n<th>Immobilie<\/th>\n<th>Werte<\/th>\n<\/tr>\n<\/thead>\n<tbody>\n<tr>\n<td>Dichte<\/td>\n<td>8,94 g\/cm\u00b3<\/td>\n<\/tr>\n<tr>\n<td>Schmelzpunkt<\/td>\n<td>1083\u00a1\u00abC<\/td>\n<\/tr>\n<tr>\n<td>W\u00e4rmeleitf\u00e4higkeit<\/td>\n<td>400 W\/mK<\/td>\n<\/tr>\n<tr>\n<td>Elektrischer Widerstand<\/td>\n<td>1.72 \u00d7 10-6 cm<\/td>\n<\/tr>\n<tr>\n<td>Rekristallisationstemperatur<\/td>\n<td>200-300\u00a1 C<\/td>\n<\/tr>\n<tr>\n<td>Curietemperatur<\/td>\n<td>-269\u00a1\u00abC<\/td>\n<\/tr>\n<\/tbody>\n<\/table>\n<ul class=\"list-disc pl-8 space-y-2\">\n<li class=\"whitespace-normal\">Hoher Dichte im Vergleich zu Magnesium oder Aluminium<\/li>\n<li class=\"whitespace-normal\">Ausgezeichnete W\u00e4rmeleitf\u00e4higkeit f\u00fcr W\u00e4rmeableitung<\/li>\n<li class=\"whitespace-normal\">Niedriger spezifischer elektrischer Widerstand sorgt f\u00fcr hohe Leitf\u00e4higkeit<\/li>\n<li class=\"whitespace-normal\">Rekristallisation erm\u00f6glicht Sintern und verbessert Duktilit\u00e4t<\/li>\n<li class=\"whitespace-normal\">Der elektrische Widerstand nimmt \u00fcber dem Curie-Punkt zu.<\/li>\n<\/ul>\n<p class=\"whitespace-pre-wrap\">Aufgrund dieser Eigenschaften eignet sich reines Kupfer f\u00fcr hochleitf\u00e4hige Komponenten wie elektrische Kontakte und B\u00fcrsten.<\/p>\n<h2>Mechanische Eigenschaften von reinem Kupferpulver<\/h2>\n<p class=\"whitespace-pre-wrap\"><strong>Mechanische Eigenschaften von reinem Kupferpulver<\/strong><\/p>\n<table>\n<thead>\n<tr>\n<th>Immobilie<\/th>\n<th>Werte<\/th>\n<\/tr>\n<\/thead>\n<tbody>\n<tr>\n<td>Zugfestigkeit<\/td>\n<td>220-340 MPa<\/td>\n<\/tr>\n<tr>\n<td>Streckgrenze<\/td>\n<td>69-172 MPa<\/td>\n<\/tr>\n<tr>\n<td>Verl\u00e4ngerung<\/td>\n<td>35-60%<\/td>\n<\/tr>\n<tr>\n<td>H\u00e4rte<\/td>\n<td>45-90 HB<\/td>\n<\/tr>\n<tr>\n<td>E-Modul<\/td>\n<td>110\u2013130 GPa<\/td>\n<\/tr>\n<tr>\n<td>Druckfestigkeit<\/td>\n<td>500\u2013700 MPa<\/td>\n<\/tr>\n<\/tbody>\n<\/table>\n<ul class=\"list-disc pl-8 space-y-2\">\n<li class=\"whitespace-normal\">Gute Kombination aus Festigkeit und sehr hoher Duktilit\u00e4t<\/li>\n<li class=\"whitespace-normal\">Relativ geringe H\u00c3\u00a4rte und hohe Verformbarkeit<\/li>\n<li class=\"whitespace-normal\">Mittlere Festigkeit im Vergleich zu Hochfestigkeitslegierungen<\/li>\n<li class=\"whitespace-normal\">Eigenschaften h\u00e4ngen von Faktoren wie Porosit\u00e4t und Korngr\u00f6\u00dfe ab<\/li>\n<\/ul>\n<p class=\"whitespace-pre-wrap\">Die Eigenschaften machen reines Kupfer f\u00fcr verformbare Bauteile mit guter Leitf\u00e4higkeit, hoher Verformbarkeit und Druckfestigkeit geeignet.<\/p>\n<h2>Anwendungen von reinem Kupferpulver<\/h2>\n<p class=\"whitespace-pre-wrap\">Typische Anwendungen von reinem Kupferpulver umfassen:<\/p>\n<p class=\"whitespace-pre-wrap\"><strong>Anwendungen von reinem Kupferpulver<\/strong><\/p>\n<table>\n<thead>\n<tr>\n<th>Industrie<\/th>\n<th>Anwendungen<\/th>\n<\/tr>\n<\/thead>\n<tbody>\n<tr>\n<td>Elektrik<\/td>\n<td>Kontakte, B\u00fcrsten, Schwei\u00dfelektroden<\/td>\n<\/tr>\n<tr>\n<td>Elektronik<\/td>\n<td>Leitf\u00e4hige Klebstoffe, HF- Abschirmung<\/td>\n<\/tr>\n<tr>\n<td>Automotive<\/td>\n<td>B\u00fcrsten, Buchsen, Lager<\/td>\n<\/tr>\n<tr>\n<td>Industrie<\/td>\n<td>Diamantwerkzeuge, Gussformen<\/td>\n<\/tr>\n<tr>\n<td>Produktion<\/td>\n<td>L\u00f6tverbindungen, Pulvermetallurgie<\/td>\n<\/tr>\n<tr>\n<td>Reibungsprodukte<\/td>\n<td>Bremsbel\u00e4ge, Kupplungsscheiben<\/td>\n<\/tr>\n<\/tbody>\n<\/table>\n<p class=\"whitespace-pre-wrap\">Einige spezifische Verwendungszwecke f\u00fcr Produkte:<\/p>\n<ul class=\"list-disc pl-8 space-y-2\">\n<li class=\"whitespace-normal\">Gleitelelektrische Kontakte und B\u00fcrsten<\/li>\n<li class=\"whitespace-normal\">K\u00fchlk\u00f6rper und Komponenten zum W\u00e4rmemanagement<\/li>\n<li class=\"whitespace-normal\">Schwei\u00dfstangen, L\u00f6tpasten und L\u00f6tf\u00fcllermetall<\/li>\n<li class=\"whitespace-normal\">Metallmatrixverbundwerkstoffe wie Diamantwerkzeuge<\/li>\n<li class=\"whitespace-normal\">Mittels Metallpulverspritzen hergestellte Nettshapekomponenten<\/li>\n<li class=\"whitespace-normal\">Pumpenbuchsen, Laufr\u00e4der und andere Verschlei\u00dfteile<\/li>\n<\/ul>\n<p class=\"whitespace-pre-wrap\">Die hohe Leitf\u00e4higkeit, Korrosionsbest\u00e4ndigkeit, Biokompatibilit\u00e4t und moderate St\u00e4rke machen reines Kupfer geeignet f\u00fcr diese vielf\u00e4ltigen Bereiche elektrischer, thermischer und Anwendungen mit moderatem Verschlei\u00df in allen Industrien.<\/p>\n<h2>Spezifikationen f\u00fcr reines Kupferpulver<\/h2>\n<p class=\"whitespace-pre-wrap\">Wichtige Produktspezifikationen f\u00fcr Kupferpulver sind:<\/p>\n<p class=\"whitespace-pre-wrap\"><strong>Spezifikationen f\u00fcr reines Kupferpulver<\/strong><\/p>\n<table>\n<thead>\n<tr>\n<th>Standard<\/th>\n<th>Beschreibung<\/th>\n<\/tr>\n<\/thead>\n<tbody>\n<tr>\n<td>ASTM B602<\/td>\n<td>Spezifikation f\u00fcr hochreines elektrolytisches Kupferpulver<\/td>\n<\/tr>\n<tr>\n<td>JIS H2111<\/td>\n<td>Spezifikationen f\u00fcr elektrolytische Kupfer- und Kupferlegierungspulver<\/td>\n<\/tr>\n<tr>\n<td>ISO 3497<\/td>\n<td>Spezifikation f\u00fcr Kupfervollaufpulver f\u00fcr allgemeine Zwecke<\/td>\n<\/tr>\n<tr>\n<td>ASTM B243<\/td>\n<td>Anleitung zu Sch\u00fcttdichte und Flie\u00dfverhalten<\/td>\n<\/tr>\n<\/tbody>\n<\/table>\n<p class=\"whitespace-pre-wrap\">Definieren Sie diese:<\/p>\n<ul class=\"list-disc pl-8 space-y-2\">\n<li class=\"whitespace-normal\">Mindestens 99,5 % Kupfergehalt<\/li>\n<li class=\"whitespace-normal\">Grenzwerte f\u00fcr Verunreinigungen wie Sauerstoff und Blei<\/li>\n<li class=\"whitespace-normal\">Erforderliche Pulvereigenschaften<\/li>\n<li class=\"whitespace-normal\">Sch\u00fcttdichte und Flie\u00dff\u00e4higkeit<\/li>\n<li class=\"whitespace-normal\">Genehmigte Produktionsmethode &#8211; elektrolytisch<\/li>\n<li class=\"whitespace-normal\">Protokolle zur Probenahme und Pr\u00fcfung<\/li>\n<\/ul>\n<p class=\"whitespace-pre-wrap\">Das Erf\u00fcllen dieser Spezifikationen gew\u00e4hrleistet die Eignung f\u00fcr Anwendungen, in denen eine hohe W\u00e4rmeleitf\u00e4higkeit und elektrische Leitf\u00e4higkeit gepaart mit guten mechanischen Eigenschaften erforderlich sind.<\/p>\n<h2>Reine Kupferpulver-Partikelgr\u00f6\u00dfen<\/h2>\n<p class=\"whitespace-pre-wrap\"><strong>Korngr\u00f6\u00dfenverteilung von reinem Kupferpulver<\/strong><\/p>\n<table>\n<thead>\n<tr>\n<th>Gr\u00f6\u00dfe<\/th>\n<th>Merkmale<\/th>\n<\/tr>\n<\/thead>\n<tbody>\n<tr>\n<td>1-10 Mikrometer<\/td>\n<td>Ultrafeines Pulver in der Mikroelektronik<\/td>\n<\/tr>\n<tr>\n<td>10-30 Mikron<\/td>\n<td>Feinkorn, geeignet f\u00fcr die Sinterung<\/td>\n<\/tr>\n<tr>\n<td>30-150 Mikrometer<\/td>\n<td>Grobkorn fliesst gut beim Pressen<\/td>\n<\/tr>\n<\/tbody>\n<\/table>\n<ul class=\"list-disc pl-8 space-y-2\">\n<li class=\"whitespace-normal\">Kleinere Gr\u00f6\u00dfen bieten eine h\u00f6here Sinterdichte<\/li>\n<li class=\"whitespace-normal\">Grobk\u00f6rnigeres Pulver hat eine verbesserte Flie\u00dff\u00e4higkeit<\/li>\n<li class=\"whitespace-normal\">Gr\u00f6\u00dfenbereich angepasst an die angestrebte Anwendung<\/li>\n<li class=\"whitespace-normal\">Sowohl sph\u00e4rische als auch unregelm\u00e4\u00dfige Formen verf\u00fcgbar<\/li>\n<\/ul>\n<p class=\"whitespace-pre-wrap\">Durch die Regelung der Teilchengr\u00f6\u00dfenverteilung werden das Pressverhalten, die Sinterdichte und die finalen Teileigenschaften optimiert.<\/p>\n<h2>Kupferpulver scheinbare Dichte<\/h2>\n<p class=\"whitespace-pre-wrap\"><strong>Kupferpulver scheinbare Dichte<\/strong><\/p>\n<table>\n<thead>\n<tr>\n<th>Anscheindichte<\/th>\n<th>Details<\/th>\n<\/tr>\n<\/thead>\n<tbody>\n<tr>\n<td>Bis zu 50 % echte Dichte<\/td>\n<td>F\u00fcr unregelm\u00e4\u00dfige Pulvermorphologie<\/td>\n<\/tr>\n<tr>\n<td>3,5\u20135,0 g\/cm\u00b3 typisch<\/td>\n<td>Verbessert sich mit hoher Packungsdichte<\/td>\n<\/tr>\n<\/tbody>\n<\/table>\n<ul class=\"list-disc pl-8 space-y-2\">\n<li class=\"whitespace-normal\">H\u00f6here Sch\u00fcttdichte verbessert Pulverfluss und Komprimierbarkeit<\/li>\n<li class=\"whitespace-normal\">Irregul\u00e4re Morphologie schr\u00e4nkt die maximale Packungsdichte ein<\/li>\n<li class=\"whitespace-normal\">Mit sph\u00e4rischem Pulver sind Werte bis zu 60 % erreichbar<\/li>\n<li class=\"whitespace-normal\">Hohe Sch\u00fcttdichte erm\u00f6glicht eine einfachere Verdichtung<\/li>\n<\/ul>\n<p class=\"whitespace-pre-wrap\">Eine h\u00f6here scheinbare Dichte f\u00fchrt zu einem effizienteren Pressen des Pulvers und Sintern zu voller Dichte.<\/p>\n<h2>Produktion von reinem Kupferpulver<\/h2>\n<p class=\"whitespace-pre-wrap\"><strong>Produktion von reinem Kupferpulver<\/strong><\/p>\n<table>\n<thead>\n<tr>\n<th>Methode<\/th>\n<th>Details<\/th>\n<\/tr>\n<\/thead>\n<tbody>\n<tr>\n<td>Elektrolyse<\/td>\n<td>Kupferkathoodes, die sich in Cu+ -Ionen aufgel\u00f6st und auf Edelstahlkathen abgelagert haben<\/td>\n<\/tr>\n<tr>\n<td>Kugelmahlen<\/td>\n<td>Grobes Pulver wird aufgeschl\u00fcsselt und in spezifische Gr\u00f6\u00dfenordnungen klassifiziert<\/td>\n<\/tr>\n<tr>\n<td>Tempern<\/td>\n<td>Weicht die Pulverteilchen auf, verbessert die Kompressibilit\u00e4t<\/td>\n<\/tr>\n<tr>\n<td>Reduzierende Atmosph\u00e4re<\/td>\n<td>Verhindert die Oxidation von Partikeln w\u00e4hrend der Produktion<\/td>\n<\/tr>\n<\/tbody>\n<\/table>\n<ul class=\"list-disc pl-8 space-y-2\">\n<li class=\"whitespace-normal\">Automatisierter Elektrolyseverfahren erm\u00f6glicht die Produktion in gro\u00dfem Ma\u00dfstab<\/li>\n<li class=\"whitespace-normal\">Mahlen und Sieben liefert eine kontrollierte Verteilung der Partikelgr\u00f6\u00dfe<\/li>\n<li class=\"whitespace-normal\">Ausgl\u00fchen erleichtert das Pressen und Handhaben<\/li>\n<li class=\"whitespace-normal\">Strikte Prozesskontrolle sorgt f\u00fcr hohe Reinheit und reproduzierbare Qualit\u00e4t<\/li>\n<\/ul>\n<h2>Preise f\u00fcr reines Kupferpulver<\/h2>\n<p class=\"whitespace-pre-wrap\"><strong>Preise f\u00fcr reines Kupferpulver<\/strong><\/p>\n<table>\n<thead>\n<tr>\n<th>Faktor<\/th>\n<th>Auswirkung auf den Preis<\/th>\n<\/tr>\n<\/thead>\n<tbody>\n<tr>\n<td>Reinheitsqualit\u00e4t<\/td>\n<td>H\u00f6here Reinheit erh\u00f6ht die Kosten<\/td>\n<\/tr>\n<tr>\n<td>Teilchengr\u00f6sse<\/td>\n<td>Ultrafeines Pulver teurer<\/td>\n<\/tr>\n<tr>\n<td>Bestellmenge<\/td>\n<td>Massenbestellungen haben einen g\u00fcnstigeren St\u00fcckpreis<\/td>\n<\/tr>\n<tr>\n<td>Produktionsverfahren<\/td>\n<td>Zus\u00e4tzliche Bearbeitung erh\u00f6ht die Kosten.<\/td>\n<\/tr>\n<tr>\n<td>Verpackung<\/td>\n<td>Spezialverpackungen, wie etwa Vakuumversiegelungen, verursachen zus\u00e4tzliche Kosten<\/td>\n<\/tr>\n<\/tbody>\n<\/table>\n<p class=\"whitespace-pre-wrap\"><strong>Richtpreise<\/strong><\/p>\n<ul class=\"list-disc pl-8 space-y-2\">\n<li class=\"whitespace-normal\">Ultrafeines reines Kupferpulver: 15 bis 25 Dollar pro kg<\/li>\n<li class=\"whitespace-normal\">Grobes reines Kupferpulver: 10-15 US-Dollar pro kg<\/li>\n<li class=\"whitespace-normal\">Gro\u00dfmengenpreise k\u00f6nnen 40 % niedriger sein<\/li>\n<\/ul>\n<p class=\"whitespace-pre-wrap\">Der Preis h\u00e4ngt von der Reinheit, der Partikelgr\u00f6\u00dfe, der Produktionsmethode, der Bestellmenge, der Verpackung usw. ab.<\/p>\n<h2>Anbieter von reinem Kupferpulver<\/h2>\n<p class=\"whitespace-pre-wrap\"><strong>Anbieter von reinem Kupferpulver<\/strong><\/p>\n<table>\n<thead>\n<tr>\n<th>Unternehmen<\/th>\n<th>Ort<\/th>\n<\/tr>\n<\/thead>\n<tbody>\n<tr>\n<td>Kymera International<\/td>\n<td>Vereinigte Staaten<\/td>\n<\/tr>\n<tr>\n<td>GGP Metallpulver<\/td>\n<td>Deutschland<\/td>\n<\/tr>\n<tr>\n<td>American Chemet Corporation<\/td>\n<td>Vereinigte Staaten<\/td>\n<\/tr>\n<tr>\n<td>Shanghai CNPC Pulverwerkstoffe<\/td>\n<td>China<\/td>\n<\/tr>\n<tr>\n<td>Mitsui Kinzoku<\/td>\n<td>Japan<\/td>\n<\/tr>\n<tr>\n<td>Nuclead<\/td>\n<td>Frankreich<\/td>\n<\/tr>\n<\/tbody>\n<\/table>\n<p class=\"whitespace-pre-wrap\">Faktoren zur Zuliefererauswahl:<\/p>\n<ul class=\"list-disc pl-8 space-y-2\">\n<li class=\"whitespace-normal\">Angebotene Reinheitsstufen und G\u00fcteklassen<\/li>\n<li class=\"whitespace-normal\">Produktionskapazit\u00e4ten und Durchlaufzeiten<\/li>\n<li class=\"whitespace-normal\">Mittlere Partikelgr\u00f6\u00dfenbereiche<\/li>\n<li class=\"whitespace-normal\">Anpassung der Gr\u00f6\u00dfenverteilung<\/li>\n<li class=\"whitespace-normal\">Verpackungsoptionen und Bestellmengen<\/li>\n<li class=\"whitespace-normal\">Preisstufen basierend auf Volumen<\/li>\n<li class=\"whitespace-normal\">Einhaltung internationaler Spezifikationen<\/li>\n<\/ul>\n<h2>Handhabung und Lagerung von reinem Kupferpulver<\/h2>\n<p class=\"whitespace-pre-wrap\"><strong>Umgang mit reinem Kupferpulver<\/strong><\/p>\n<table>\n<thead>\n<tr>\n<th>Empfehlung<\/th>\n<th>Grund<\/th>\n<\/tr>\n<\/thead>\n<tbody>\n<tr>\n<td>F\u00fcr gute Bel\u00fcftung sorgen<\/td>\n<td>Aussetzung gegen\u00fcber Feinstaub verhindern<\/td>\n<\/tr>\n<tr>\n<td>Geeignete PSA verwenden<\/td>\n<td>Verschlucken vermeiden<\/td>\n<\/tr>\n<tr>\n<td>Befolgen Sie sichere Protokolle<\/td>\n<td>Gesundheitsgefahren reduzieren<\/td>\n<\/tr>\n<tr>\n<td>Z\u00fcndquellen vermeiden<\/td>\n<td>Brandgefahr durch Staub<\/td>\n<\/tr>\n<tr>\n<td>Bodenbearbeitungsausr\u00fcstung<\/td>\n<td>Statische Aufladung verhindern<\/td>\n<\/tr>\n<tr>\n<td>Verwenden Sie keine funkenbildenden Werkzeuge<\/td>\n<td>Z\u00fcndf\u00e4higkeit vermeiden<\/td>\n<\/tr>\n<\/tbody>\n<\/table>\n<p class=\"whitespace-pre-wrap\"><strong>Lagerungsempfehlungen<\/strong><\/p>\n<ul class=\"list-disc pl-8 space-y-2\">\n<li class=\"whitespace-normal\">In stabilen Beh\u00e4ltern in einem k\u00fchlen, trockenen Bereich lagern<\/li>\n<li class=\"whitespace-normal\">Begrenzen Sie die Exposition gegen\u00fcber S\u00e4uren, Ammoniak, Azetylen<\/li>\n<li class=\"whitespace-normal\">Temperatur unter 30 \u201dC halten<\/li>\n<\/ul>\n<p class=\"whitespace-pre-wrap\">Durch geeignete Vorsichtsma\u00dfnahmen bei der Handhabung und Lagerung wird die Reinheit bewahrt und Sicherheitsrisiken vorgebeugt.<\/p>\n<h2>Pr\u00fcfen und Testen von reinem Kupferpulver<\/h2>\n<p class=\"whitespace-pre-wrap\"><strong>Pr\u00fcfung von Rein-Kupferpulver<\/strong><\/p>\n<table>\n<thead>\n<tr>\n<th>Test<\/th>\n<th>Details<\/th>\n<\/tr>\n<\/thead>\n<tbody>\n<tr>\n<td>Chemische Analyse<\/td>\n<td>ICP oder XRF \u00fcberpr\u00fcfen die Zusammensetzung<\/td>\n<\/tr>\n<tr>\n<td>Korngr\u00f6\u00dfenverteilung<\/td>\n<td>Laserbeugungsanalyse<\/td>\n<\/tr>\n<tr>\n<td>Anscheindichte<\/td>\n<td>Hallen-Durchflussmesser-Test gem\u00e4\u00df ASTM B212<\/td>\n<\/tr>\n<tr>\n<td>Pulvermorphologie<\/td>\n<td>Rasterelektronenmikroskopie der Partikelform<\/td>\n<\/tr>\n<tr>\n<td>Test der Sch\u00fcttdichte<\/td>\n<td>Nach dem mechanischen Klopfen gemessene Dichte<\/td>\n<\/tr>\n<tr>\n<td>Durchflussmengenanalyse<\/td>\n<td>Schwerkraftfluss durch einen vorgegebene Trichter<\/td>\n<\/tr>\n<\/tbody>\n<\/table>\n<p class=\"whitespace-pre-wrap\">Mit Testverfahren werden die geforderten Reinheitsgrade des Pulvers, Partikeleigenschaften, Dichteangaben, Morphologie und Flie\u00dff\u00e4higkeit gem\u00e4\u00df geltenden Normen \u00fcberpr\u00fcft.<\/p>\n<h2>Vorteile und Nachteile von reinem Kupferpulver<\/h2>\n<p class=\"whitespace-pre-wrap\"><strong>Vorteile von reinem Kupferpulver<\/strong><\/p>\n<ul class=\"list-disc pl-8 space-y-2\">\n<li class=\"whitespace-normal\">Ausgezeichnete thermische und elektrische Leitf\u00e4higkeit<\/li>\n<li class=\"whitespace-normal\">Gute Korrosionsbest\u00e4ndigkeit und Biokompatibilit\u00e4t<\/li>\n<li class=\"whitespace-normal\">Hohe Reinheit bietet eine optimale Leistung<\/li>\n<li class=\"whitespace-normal\">Einfach in hoher Dichte zu sintern und zu pressen<\/li>\n<li class=\"whitespace-normal\">Dehnbar und formbar<\/li>\n<li class=\"whitespace-normal\">Wiederverwertbar und \u00f6kologisch nachhaltig<\/li>\n<\/ul>\n<p class=\"whitespace-pre-wrap\"><strong>Einschr\u00e4nkungen von reinem Kupferpulver<\/strong><\/p>\n<ul class=\"list-disc pl-8 space-y-2\">\n<li class=\"whitespace-normal\">Niedrigere Festigkeit als viele Legierungspulver<\/li>\n<li class=\"whitespace-normal\">Mittelstarke Oxidationsbest\u00e4ndigkeit bei hohen Temperaturen<\/li>\n<li class=\"whitespace-normal\">Gegen\u00fcber Magnesium oder Aluminium schwer<\/li>\n<li class=\"whitespace-normal\">Nicht f\u00fcr hohe Abnutzung oder Lastanwendungen geeignet<\/li>\n<li class=\"whitespace-normal\">Empfindlich gegen\u00fcber Kontamination durch Zink und Schwefel<\/li>\n<li class=\"whitespace-normal\">L\u00e4uft mit der Zeit an, wenn ungesch\u00fctzt<\/li>\n<\/ul>\n<h2>Vergleich mit Messing- und Bronzepulvern<\/h2>\n<p class=\"whitespace-pre-wrap\"><strong>Reines Kupfer im Vergleich zu Messing- und Bronzepulvern<\/strong><\/p>\n<table>\n<thead>\n<tr>\n<th>Parameter<\/th>\n<th>Reines Kupfer<\/th>\n<th>Messing\/Bronze<\/th>\n<\/tr>\n<\/thead>\n<tbody>\n<tr>\n<td>Dichte<\/td>\n<td>8,94 g\/cm\u00b3<\/td>\n<td>8,7-8,8 g\/cm\u00b3<\/td>\n<\/tr>\n<tr>\n<td>St\u00e4rke<\/td>\n<td>220-340 MPa<\/td>\n<td>350-550 MPa<\/td>\n<\/tr>\n<tr>\n<td>Leitf\u00e4higkeit<\/td>\n<td>Ausgezeichnet<\/td>\n<td>Gut<\/td>\n<\/tr>\n<tr>\n<td>Korrosionsbest\u00e4ndigkeit<\/td>\n<td>Ausgezeichnet<\/td>\n<td>Gut<\/td>\n<\/tr>\n<tr>\n<td>Kosten<\/td>\n<td>Niedrig<\/td>\n<td>Mittelm\u00e4ssig<\/td>\n<\/tr>\n<tr>\n<td>Anwendungen<\/td>\n<td>Elektrisch, thermisch<\/td>\n<td>Hardware, dekorativ<\/td>\n<\/tr>\n<\/tbody>\n<\/table>\n<ul class=\"list-disc pl-8 space-y-2\">\n<li class=\"whitespace-normal\">Reines Kupfer hat eine h\u00f6here Leitf\u00e4higkeit und Duktilit\u00e4t<\/li>\n<li class=\"whitespace-normal\">Messing\/Bronze bieten eine h\u00f6here Festigkeit<\/li>\n<li class=\"whitespace-normal\">Reines Kupfer f\u00fcr W\u00e4rmemanagement besser geeignet<\/li>\n<li class=\"whitespace-normal\">Messing\/Bronze f\u00fcr Beschl\u00e4ge und Dekorationsartikel<\/li>\n<\/ul>\n<h2>FAQs zu reinem Kupferpulver<\/h2>\n<p class=\"whitespace-pre-wrap\"><strong>F: Was sind die Hauptanwendungen von reinem Kupferpulver?<\/strong><\/p>\n<p class=\"whitespace-pre-wrap\">A: Hauptanwendungen umfassen elektrische Kontakte und B\u00fcrsten, Schwei\u00dfst\u00e4be, L\u00f6tverbindungen, Diamantwerkzeug, K\u00fchlk\u00f6rper, Shape-Netz-Komponenten aus Pulvermetallurgie, Reibwerkstoffe und leitf\u00e4hige Klebstoffe.<\/p>\n<p class=\"whitespace-pre-wrap\"><strong>F: Welche Vorsichtsma\u00dfnahmen sollten bei der Arbeit mit reinem Kupferpulver getroffen werden?<\/strong><\/p>\n<p class=\"whitespace-pre-wrap\">A: Zu den empfohlenen Vorsichtsma\u00dfnahmen geh\u00f6ren ausreichende Bel\u00fcftung, geeignete PSA, sichere Handhabungsprotokolle, Erdungsger\u00e4te, Vermeidung von Z\u00fcndquellen, Verwendung von Ger\u00e4ten ohne Funkenbildung und Lagerung in stabilen Inertbeh\u00e4ltern fern von Verunreinigungen.<\/p>\n<p class=\"whitespace-pre-wrap\"><strong>F: Wie unterscheidet sich reines Kupferpulver von Elektrolyt-Hartkupfer (ETP)?<\/strong><\/p>\n<p class=\"whitespace-pre-wrap\">A: Reines Kupferpulver hat einen Kupfergehalt von 99,5 % oder mehr, w\u00e4hrend ETP-Kupferpulver mindestens 99,5 % Kupfer enth\u00e4lt. Reines Kupfer bietet eine etwas h\u00f6here Leitf\u00e4higkeit, aber die beiden sind f\u00fcr gew\u00f6hnliche Anwendungen meistens austauschbar.<\/p>\n<p class=\"whitespace-pre-wrap\"><strong>F: Welche Faktoren beeinflussen die Eigenschaften von Teilen aus reinem Kupferpulver?<\/strong><\/p>\n<p class=\"whitespace-pre-wrap\">A: Zu den Schl\u00fcsselfaktoren z\u00e4hlen Sch\u00fcttdichte, Pulverzusammensetzung, Teilchengr\u00f6\u00dfenverteilung, Verdichtungsdruck, Sinterparameter, Vorhandensein von Verunreinigungen und Porosit\u00e4t des Endteils.<\/p>\n<p><\/span><\/span><\/p>","protected":false},"excerpt":{"rendered":"<p>\u00dcberblick \u00fcber reines Kupferpulver Reines Kupferpulver enth\u00e4lt einen Kupfergehalt von 99,5% oder mehr. Es bietet eine ausgezeichnete thermische und elektrische Leitf\u00e4higkeit in Kombination mit guter Korrosionsbest\u00e4ndigkeit, L\u00f6tbarkeit und Biokompatibilit\u00e4t. Die wichtigsten Eigenschaften und Vorteile von reinem Kupferpulver: Reines Kupferpulver Eigenschaften und Merkmale Eigenschaften Details Zusammensetzung 99,5% oder h\u00f6herer Kupfergehalt Dichte 8,94 g\/cc Partikel...<\/p>","protected":false},"featured_media":1804,"parent":0,"template":"","meta":{"_acf_changed":false,"_kad_blocks_custom_css":"","_kad_blocks_head_custom_js":"","_kad_blocks_body_custom_js":"","_kad_blocks_footer_custom_js":"","_kad_post_transparent":"","_kad_post_title":"","_kad_post_layout":"","_kad_post_sidebar_id":"","_kad_post_content_style":"","_kad_post_vertical_padding":"","_kad_post_feature":"","_kad_post_feature_position":"","_kad_post_header":false,"_kad_post_footer":false,"_kad_post_classname":""},"product-category":[119,129],"class_list":["post-3924","product","type-product","status-publish","has-post-thumbnail","hentry","product-category-3d-printing-metal-powder","product-category-copper-alloy-powder"],"acf":[],"taxonomy_info":{"product-category":[{"value":119,"label":"3D Printing Metal Powder"},{"value":129,"label":"Copper Alloy Powder"}]},"featured_image_src_large":["https:\/\/3dpmetal.com\/wp-content\/uploads\/2024\/02\/Al-6061-powder.png",422,316,false],"author_info":[],"comment_info":"","_links":{"self":[{"href":"https:\/\/3dpmetal.com\/de\/wp-json\/wp\/v2\/product\/3924","targetHints":{"allow":["GET"]}}],"collection":[{"href":"https:\/\/3dpmetal.com\/de\/wp-json\/wp\/v2\/product"}],"about":[{"href":"https:\/\/3dpmetal.com\/de\/wp-json\/wp\/v2\/types\/product"}],"wp:featuredmedia":[{"embeddable":true,"href":"https:\/\/3dpmetal.com\/de\/wp-json\/wp\/v2\/media\/1804"}],"wp:attachment":[{"href":"https:\/\/3dpmetal.com\/de\/wp-json\/wp\/v2\/media?parent=3924"}],"wp:term":[{"taxonomy":"product-category","embeddable":true,"href":"https:\/\/3dpmetal.com\/de\/wp-json\/wp\/v2\/product-category?post=3924"}],"curies":[{"name":"wp","href":"https:\/\/api.w.org\/{rel}","templated":true}]}}