{"id":3927,"date":"2024-03-18T06:10:14","date_gmt":"2024-03-18T06:10:14","guid":{"rendered":"https:\/\/3dp.45612300.xyz\/product\/almgsczr-powder\/"},"modified":"2024-03-18T06:10:14","modified_gmt":"2024-03-18T06:10:14","slug":"almgsczr-powder","status":"publish","type":"product","link":"https:\/\/3dpmetal.com\/de\/product\/almgsczr-powder\/","title":{"rendered":"AlMgScZr-Pulver"},"content":{"rendered":"<p><span style=\"vertical-align: inherit;\"><span style=\"vertical-align: inherit;\"><\/p>\n<h2>\u00dcberblick \u00fcber AlMgScZr-Pulver<\/h2>\n<p class=\"whitespace-pre-wrap\">AlMgScZr-Pulver ist eine Aluminiumlegierung, die Magnesium, Scandium und Zirconium als Hauptlegierungselemente enth\u00e4lt. Sie zeichnet sich durch ausgezeichnete Festigkeit, Schwei\u00dfbarkeit und Korrosionsbest\u00e4ndigkeit aus und beh\u00e4lt dabei den Vorteil der geringen Dichte von Aluminium bei.<\/p>\n<p class=\"whitespace-pre-wrap\">Zu den wichtigsten Eigenschaften und Vorteilen des AlMgScZr-Pulvers geh\u00f6ren:<\/p>\n<p class=\"whitespace-pre-wrap\"><strong>Eigenschaften und Merkmale von AlMgScZr-Pulver<\/strong><\/p>\n<table>\n<thead>\n<tr>\n<th>Merkmale<\/th>\n<th>Details<\/th>\n<\/tr>\n<\/thead>\n<tbody>\n<tr>\n<td>Komposition<\/td>\n<td>Al-Mg-Sc-Zr-Legierung<\/td>\n<\/tr>\n<tr>\n<td>Dichte<\/td>\n<td>2,7 g\/cc<\/td>\n<\/tr>\n<tr>\n<td>Partikelform<\/td>\n<td>Sph\u00e4risch<\/td>\n<\/tr>\n<tr>\n<td>Gr\u00f6\u00dfenpalette<\/td>\n<td>10-75 Mikrometer<\/td>\n<\/tr>\n<tr>\n<td>Anscheindichte<\/td>\n<td>Bis zu 60 % wahre Dichte<\/td>\n<\/tr>\n<tr>\n<td>Flie\u00dff\u00e4higkeit<\/td>\n<td>Ausgezeichnet<\/td>\n<\/tr>\n<tr>\n<td>St\u00e4rke<\/td>\n<td>Sehr hoch f\u00fcr Al-Legierungspulver<\/td>\n<\/tr>\n<tr>\n<td>Schwei\u00dfbarkeit<\/td>\n<td>Ausgezeichnet<\/td>\n<\/tr>\n<\/tbody>\n<\/table>\n<p class=\"whitespace-pre-wrap\">AlMgScZr-Pulver erm\u00f6glicht die Fertigung leichter Struktur- und Funktionsbauteile f\u00fcr die Luft- und Raumfahrt, die Automobilindustrie sowie den Industriesektor, die eine hohe spezifische Festigkeit erfordern.<\/p>\n<h2>AlMgScZr Pulverzusammensetzung<\/h2>\n<p class=\"whitespace-pre-wrap\">Typische Zusammensetzung des Pulvers AlMgScZr:<\/p>\n<p class=\"whitespace-pre-wrap\"><strong>AlMgScZr Pulverzusammensetzung<\/strong><\/p>\n<table>\n<thead>\n<tr>\n<th>Element<\/th>\n<th>Gew.-%<\/th>\n<\/tr>\n<\/thead>\n<tbody>\n<tr>\n<td>Aluminium<\/td>\n<td>Balanse<\/td>\n<\/tr>\n<tr>\n<td>Magnesium<\/td>\n<td>0.2-1%<\/td>\n<\/tr>\n<tr>\n<td>Scandium<\/td>\n<td>0.2-0.7%<\/td>\n<\/tr>\n<tr>\n<td>Zirkonium<\/td>\n<td>0.05-0.25%<\/td>\n<\/tr>\n<tr>\n<td>Silizium<\/td>\n<td>Maximal 0,1 %<\/td>\n<\/tr>\n<tr>\n<td>Eisen<\/td>\n<td>Maximal 0,1 %<\/td>\n<\/tr>\n<tr>\n<td>Kupfer<\/td>\n<td>Maximal 0,1 %<\/td>\n<\/tr>\n<\/tbody>\n<\/table>\n<ul class=\"list-disc pl-8 space-y-2\">\n<li class=\"whitespace-normal\">Aluminium bildet die Matrix mit niedriger Aufl\u00f6sung<\/li>\n<li class=\"whitespace-normal\">Magnesium verbessert die Festigkeit durch Mischkristallh\u00e4rtung<\/li>\n<li class=\"whitespace-normal\">Scandium erm\u00f6glicht Ausscheidungsh\u00e4rtung f\u00fcr Spitzenfestigkeit<\/li>\n<li class=\"whitespace-normal\">Zirkonium f\u00f6rdert feine rekristallisierte Kornstruktur<\/li>\n<li class=\"whitespace-normal\">Andere Elemente, die nur als Verunreinigungen vorhanden sind<\/li>\n<\/ul>\n<p class=\"whitespace-pre-wrap\">Die Zusammensetzung ist optimiert worden, um die Ausscheidungsh\u00e4rtungsreaktion zu maximieren und eine au\u00dfergew\u00f6hnliche Festigkeit zu liefern.<\/p>\n<p><img loading=\"lazy\" decoding=\"async\" class=\"size-medium wp-image-1409 aligncenter\" src=\"https:\/\/met3dp.com\/wp-content\/uploads\/2023\/09\/ed7a94ec-3c10-4b1b-87ed--300x300.jpg\" alt=\"AlMgScZr-Pulver\" width=\"300\" height=\"300\" title=\"\"><\/p>\n<h2>Physikalische Eigenschaften von AlMgScZr-Pulver<\/h2>\n<p class=\"whitespace-pre-wrap\"><strong>Physikalische Eigenschaften von AlMgScZr-Pulver<\/strong><\/p>\n<table>\n<thead>\n<tr>\n<th>Immobilie<\/th>\n<th>Werte<\/th>\n<\/tr>\n<\/thead>\n<tbody>\n<tr>\n<td>Dichte<\/td>\n<td>2,7 g\/cc<\/td>\n<\/tr>\n<tr>\n<td>Schmelzpunkt<\/td>\n<td>640-655\u00a1\u00abC<\/td>\n<\/tr>\n<tr>\n<td>Elektrischer Widerstand<\/td>\n<td>4,5-5,5 cm lang x 3,5 cm breit<\/td>\n<\/tr>\n<tr>\n<td>W\u00e4rmeleitf\u00e4higkeit<\/td>\n<td>150-180 W\/mK<\/td>\n<\/tr>\n<tr>\n<td>W\u00e4rmeausdehnung<\/td>\n<td>21-24 x 10^-6 \/K<\/td>\n<\/tr>\n<tr>\n<td>Maximale Betriebstemperatur<\/td>\n<td>250 \u00b0C<\/td>\n<\/tr>\n<\/tbody>\n<\/table>\n<ul class=\"list-disc pl-8 space-y-2\">\n<li class=\"whitespace-normal\">Sehr geringe Dichte im Vergleich zu Stahl- und Titanlegierungen<\/li>\n<li class=\"whitespace-normal\">Der Schmelzpunkt ist f\u00fcr eine Aluminiumlegierung ziemlich hoch<\/li>\n<li class=\"whitespace-normal\">Hohe elektrische und thermische Leitf\u00e4higkeit<\/li>\n<li class=\"whitespace-normal\">Relativ hoher CTE erfordert besondere konstruktive Ma\u00dfnahmen<\/li>\n<li class=\"whitespace-normal\">Kann bei Temperaturen bis zu 250 \u00b0C \u00fcber einen l\u00e4ngeren Zeitraum verwendet werden<\/li>\n<\/ul>\n<p class=\"whitespace-pre-wrap\">Die Eigenschaften machen AlMgScZr sehr gut geeignet f\u00fcr Leichtbaustruktur-Anwendungen in der Automobil-, Luft- und Raumfahrtindustrie und anderen Sektoren.<\/p>\n<h2>Mechanische Eigenschaften von AlMgScZr-Pulver<\/h2>\n<p class=\"whitespace-pre-wrap\"><strong>Mechanische Eigenschaften von AlMgScZr-Pulver<\/strong><\/p>\n<table>\n<thead>\n<tr>\n<th>Immobilie<\/th>\n<th>Werte<\/th>\n<\/tr>\n<\/thead>\n<tbody>\n<tr>\n<td>Streckgrenze<\/td>\n<td>400-500 MPa<\/td>\n<\/tr>\n<tr>\n<td>Zugfestigkeit<\/td>\n<td>480-570 MPa<\/td>\n<\/tr>\n<tr>\n<td>Verl\u00e4ngerung<\/td>\n<td>7-10%<\/td>\n<\/tr>\n<tr>\n<td>H\u00e4rte<\/td>\n<td>115\u2013150 HB<\/td>\n<\/tr>\n<tr>\n<td>Scherfestigkeit<\/td>\n<td>330 MPa<\/td>\n<\/tr>\n<tr>\n<td>Bruchz\u00e4higkeit<\/td>\n<td>29-35 MPa\u00a9\/m<\/td>\n<\/tr>\n<\/tbody>\n<\/table>\n<ul class=\"list-disc pl-8 space-y-2\">\n<li class=\"whitespace-normal\">Sehr hohe Festigkeiten f\u00fcr eine Aluminiumlegierung<\/li>\n<li class=\"whitespace-normal\">Deutlich st\u00e4rker als andere nicht w\u00e4rmebehandelbare Al-Legierungen<\/li>\n<li class=\"whitespace-normal\">Vern\u00fcnftige Duktilit\u00e4t im Peak-gealterten Zustand<\/li>\n<li class=\"whitespace-normal\">Relativ hohe Bruchz\u00e4higkeit<\/li>\n<li class=\"whitespace-normal\">St\u00e4rke kann durch Altersbehandlung ma\u00dfgeschneidert werden<\/li>\n<\/ul>\n<p class=\"whitespace-pre-wrap\">Diese Eigenschaften machen AlMgScZr zu einer au\u00dfergew\u00f6hnlichen Wahl f\u00fcr Strukturteile, die ein hohes Festigkeits-\/Gewichtsverh\u00e4ltnis ben\u00f6tigen.<\/p>\n<h2>Anwendungen von AlMgScZr-Pulver<\/h2>\n<p class=\"whitespace-pre-wrap\"><strong>Anwendungen von AlMgScZr-Pulver<\/strong><\/p>\n<table>\n<thead>\n<tr>\n<th>Sektor<\/th>\n<th>Anwendungen<\/th>\n<\/tr>\n<\/thead>\n<tbody>\n<tr>\n<td>Luft- und Raumfahrt<\/td>\n<td>Flugzeugzelle, Tragfl\u00e4chen, Rumpfbleche<\/td>\n<\/tr>\n<tr>\n<td>Automotive<\/td>\n<td>Chassis, Suspensionsteile<\/td>\n<\/tr>\n<tr>\n<td>Industrie<\/td>\n<td>Roboterarme, Hebezeuge<\/td>\n<\/tr>\n<tr>\n<td>Additive Fertigung<\/td>\n<td>Hochleistungsbauteile<\/td>\n<\/tr>\n<\/tbody>\n<\/table>\n<p class=\"whitespace-pre-wrap\">Einige spezifische Verwendungszwecke f\u00fcr Produkte:<\/p>\n<ul class=\"list-disc pl-8 space-y-2\">\n<li class=\"whitespace-normal\">Flugzeugstrukturgitter, Schotts, Tragfl\u00e4chenholme<\/li>\n<li class=\"whitespace-normal\">Geh\u00e4use f\u00fcr Automobilgetriebe, Motorbl\u00f6cke<\/li>\n<li class=\"whitespace-normal\">Industrieroboterarme, Hebezeuge<\/li>\n<li class=\"whitespace-normal\">Additive Fertigung von topologieoptimierten Komponenten<\/li>\n<li class=\"whitespace-normal\">Elektronikgeh\u00e4use mit Bedarf an W\u00e4rmemanagement<\/li>\n<\/ul>\n<p class=\"whitespace-pre-wrap\">AlMgScZr bietet maximale Festigkeit bei minimaler Gewichtsbelastung in diesen entscheidenden Anwendungen.<\/p>\n<h2>Technische Daten f\u00fcr AlMgScZr-Pulver<\/h2>\n<p class=\"whitespace-pre-wrap\">Wichtige Spezifikationen f\u00fcr das AlMgScZr-Pulver sind unter anderem:<\/p>\n<p class=\"whitespace-pre-wrap\"><strong>AlMgScZr-Pulverstandards<\/strong><\/p>\n<table>\n<thead>\n<tr>\n<th>Standard<\/th>\n<th>Beschreibung<\/th>\n<\/tr>\n<\/thead>\n<tbody>\n<tr>\n<td>ASTM B951<\/td>\n<td>Norm f\u00fcr aush\u00e4rtbare Aluminiumlegierungen<\/td>\n<\/tr>\n<tr>\n<td>DIN 1718<\/td>\n<td>Bezeichnungen f\u00fcr Aluminium und Aluminiumlegierungen<\/td>\n<\/tr>\n<tr>\n<td>EN 586-2<\/td>\n<td>Schmiedest\u00fccke f\u00fcr hochfeste technische Anwendungen<\/td>\n<\/tr>\n<tr>\n<td>AMS 4413<\/td>\n<td>Aluminiumlegierungspulverzusammensetzungen f\u00fcr die additive Fertigung<\/td>\n<\/tr>\n<\/tbody>\n<\/table>\n<p class=\"whitespace-pre-wrap\">Definieren Sie diese:<\/p>\n<ul class=\"list-disc pl-8 space-y-2\">\n<li class=\"whitespace-normal\">Chemische Zusammensetzungsgrenzen von AlMgScZr<\/li>\n<li class=\"whitespace-normal\">Erforderliche mechanische Eigenschaften in gealtertem Maximalzustand<\/li>\n<li class=\"whitespace-normal\">Verfahren zur Herstellung von anerkanntem Pulver \u2013 Inertgaszerst\u00e4ubung<\/li>\n<li class=\"whitespace-normal\">Grenzwerte f\u00fcr Verunreinigungen wie Fe<\/li>\n<li class=\"whitespace-normal\">Qualit\u00e4tssicherungsprotokolle<\/li>\n<li class=\"whitespace-normal\">Ordnungsgem\u00e4\u00dfer Umgang und sachgerechte Lagerung<\/li>\n<\/ul>\n<p class=\"whitespace-pre-wrap\">Die Erf\u00fcllung der Zertifizierungsanforderungen gew\u00e4hrleistet eine optimale Legierungsleistung.<\/p>\n<h2>AlMgScZr-Pulverteilchengr\u00f6\u00dfen<\/h2>\n<p class=\"whitespace-pre-wrap\"><strong>AlMgScZr-Pulverteilchengr\u00f6\u00dfenverteilung<\/strong><\/p>\n<table>\n<thead>\n<tr>\n<th>Teilchengr\u00f6sse<\/th>\n<th>Merkmale<\/th>\n<\/tr>\n<\/thead>\n<tbody>\n<tr>\n<td>10\u201325 Mikrometer<\/td>\n<td>Ultrafeines Pulver, das in Laser-AM-Prozessen verwendet wird<\/td>\n<\/tr>\n<tr>\n<td>25-45 Mikrometer<\/td>\n<td>H\u00e4ufiger Gr\u00f6\u00dfenbereich f\u00fcr Laserbett und Binder-Jetting<\/td>\n<\/tr>\n<tr>\n<td>45-75 Mikrometer<\/td>\n<td>Gr\u00f6\u00dfere Gr\u00f6\u00dfen, die beim Kaltspritzen verwendet werden<\/td>\n<\/tr>\n<\/tbody>\n<\/table>\n<ul class=\"list-disc pl-8 space-y-2\">\n<li class=\"whitespace-normal\">Feineres Pulver sorgt bei Oberfl\u00e4chenveredelung f\u00fcr h\u00f6here Aufl\u00f6sung<\/li>\n<li class=\"whitespace-normal\">Grobes Pulver, geeignet f\u00fcr Prozesse mit hoher Ablagerungsrate<\/li>\n<li class=\"whitespace-normal\">Gr\u00f6\u00dfenbereich, der auf das verwendete AM-Fertigungsverfahren zugeschnitten ist<\/li>\n<li class=\"whitespace-normal\">Kugel\u00e4hnliche Morphologie in allen Gr\u00f6\u00dfen<\/li>\n<\/ul>\n<p class=\"whitespace-pre-wrap\">Die Kontrolle der Partikelgr\u00f6\u00dfenverteilung und der Partikelform ist entscheidend f\u00fcr die AM-Verarbeitung, die Packungsdichte und die Eigenschaften des Endteils.<\/p>\n<h2>Offensichtliche Dichte von AlMgScZr-Pulver<\/h2>\n<p class=\"whitespace-pre-wrap\"><strong>Offensichtliche Dichte von AlMgScZr-Pulver<\/strong><\/p>\n<table>\n<thead>\n<tr>\n<th>Anscheindichte<\/th>\n<th>Details<\/th>\n<\/tr>\n<\/thead>\n<tbody>\n<tr>\n<td>Bis zu 60 % wahre Dichte<\/td>\n<td>F\u00fcr kugelf\u00f6rmigen Pulverform<\/td>\n<\/tr>\n<tr>\n<td>1,5\u20131,7 g\/cc<\/td>\n<td>Verbessert sich mit hoher Packungsdichte<\/td>\n<\/tr>\n<\/tbody>\n<\/table>\n<ul class=\"list-disc pl-8 space-y-2\">\n<li class=\"whitespace-normal\">Kugelform bietet hohe Sch\u00fcttdichte<\/li>\n<li class=\"whitespace-normal\">Eine h\u00f6here Dichte verbessert den Pulverfluss und die Sch\u00fcttung in der additiven Fertigung<\/li>\n<li class=\"whitespace-normal\">Reduziert die eingeschlossene Gasporosit\u00e4t im Endteil<\/li>\n<li class=\"whitespace-normal\">Durch Maximierung der Dichtheit wird die Presszykluszeit minimiert<\/li>\n<\/ul>\n<p class=\"whitespace-pre-wrap\">Eine h\u00f6here Dichte f\u00fchrt zu einer besseren Fertigungsproduktivit\u00e4t und Teilleistung.<\/p>\n<h2>AlMgScZr-Pulverherstellungsverfahren<\/h2>\n<p class=\"whitespace-pre-wrap\"><strong>AlMgScZr-Pulverproduktion<\/strong><\/p>\n<table>\n<thead>\n<tr>\n<th>Methode<\/th>\n<th>Details<\/th>\n<\/tr>\n<\/thead>\n<tbody>\n<tr>\n<td>Gasverd\u00fcsung<\/td>\n<td>Gas mit hohem Druck unterteilt geschmolzenen Metallstrom in feine Tr\u00f6pfchen<\/td>\n<\/tr>\n<tr>\n<td>Vakuum-Induktions-Schmelzen<\/td>\n<td>Hochreine Eingangsstoffe unter Vakuum aufgeschmolzen<\/td>\n<\/tr>\n<tr>\n<td>Mehrfaches Einschmelzen<\/td>\n<td>Verbessert die chemische Homogenit\u00e4t<\/td>\n<\/tr>\n<tr>\n<td>Sieben<\/td>\n<td>Klassifiziert Pulver nach verschiedenen Partikelgr\u00f6\u00dfenfraktionen<\/td>\n<\/tr>\n<\/tbody>\n<\/table>\n<ul class=\"list-disc pl-8 space-y-2\">\n<li class=\"whitespace-normal\">Gaszerst\u00e4ubung mit Inertgas liefert saubere, sph\u00e4rische Pulver<\/li>\n<li class=\"whitespace-normal\">Vakuumprozesse minimieren gasf\u00f6rmige Verunreinigungen<\/li>\n<li class=\"whitespace-normal\">Mehrfaches Umschmelzen verbessert die Gleichm\u00e4\u00dfigkeit der Zusammensetzung<\/li>\n<li class=\"whitespace-normal\">Nachbearbeitung erm\u00f6glicht die Kontrolle der Partikelgr\u00f6\u00dfenverteilung<\/li>\n<\/ul>\n<p class=\"whitespace-pre-wrap\">Vollst\u00e4ndig automatisierte Verfahren, kombiniert mit strenger Qualit\u00e4tskontrolle, f\u00fchren zu gleichm\u00e4\u00dfigem AlMgScZr-Pulver, das f\u00fcr kritische Anwendungen geeignet ist.<\/p>\n<h2>AlMgScZr-Pulverpreise<\/h2>\n<p class=\"whitespace-pre-wrap\"><strong>AlMgScZr-Pulverpreise<\/strong><\/p>\n<table>\n<thead>\n<tr>\n<th>Faktor<\/th>\n<th>Auswirkung auf den Preis<\/th>\n<\/tr>\n<\/thead>\n<tbody>\n<tr>\n<td>Reinheitsqualit\u00e4t<\/td>\n<td>Preiserh\u00f6hungen f\u00fcr h\u00f6here Reinheit<\/td>\n<\/tr>\n<tr>\n<td>Teilchengr\u00f6sse<\/td>\n<td>Ultrafeines Pulver teurer<\/td>\n<\/tr>\n<tr>\n<td>Bestellmenge<\/td>\n<td>Bei gr\u00f6\u00dferen Bestellmengen gibt es Preisnachl\u00e4sse<\/td>\n<\/tr>\n<tr>\n<td>Produktionsverfahren<\/td>\n<td>Mehrfacher Umschmelzvorgang f\u00fchrt zu h\u00f6heren Kosten<\/td>\n<\/tr>\n<tr>\n<td>Verpackung<\/td>\n<td>Mit Argon gef\u00fcllte Flaschen kosten mehr<\/td>\n<\/tr>\n<\/tbody>\n<\/table>\n<p class=\"whitespace-pre-wrap\"><strong>Richtpreise<\/strong><\/p>\n<ul class=\"list-disc pl-8 space-y-2\">\n<li class=\"whitespace-normal\">AlMgScZr Pulver: $80-120 pro kg<\/li>\n<li class=\"whitespace-normal\">Preise f\u00fcr gro\u00dfe Volumen k\u00f6nnen bis zu 40 % niedriger sein<\/li>\n<\/ul>\n<p class=\"whitespace-pre-wrap\">Die Preisgestaltung richtet sich nach Reinheit, Partikelgr\u00f6\u00dfe, Bestellvolumen, Herstellungsverfahren und Verpackung.<\/p>\n<h2>AlMgScZr Pulverlieferanten<\/h2>\n<p class=\"whitespace-pre-wrap\"><strong>AlMgScZr Pulverlieferanten<\/strong><\/p>\n<table>\n<thead>\n<tr>\n<th>Unternehmen<\/th>\n<th>Ort<\/th>\n<\/tr>\n<\/thead>\n<tbody>\n<tr>\n<td>Rio Tinto<\/td>\n<td>Kanada<\/td>\n<\/tr>\n<tr>\n<td>TLS-Technik<\/td>\n<td>Deutschland<\/td>\n<\/tr>\n<tr>\n<td>Sandvik Osprey<\/td>\n<td>Gro\u00dfbritannien<\/td>\n<\/tr>\n<tr>\n<td>Praxair<\/td>\n<td>Vereinigte Staaten<\/td>\n<\/tr>\n<tr>\n<td>AMC-Pulver<\/td>\n<td>Gro\u00dfbritannien<\/td>\n<\/tr>\n<tr>\n<td>Technische Universit\u00e4t Riga<\/td>\n<td>Lettland<\/td>\n<\/tr>\n<\/tbody>\n<\/table>\n<p class=\"whitespace-pre-wrap\">Faktoren zur Zuliefererauswahl:<\/p>\n<ul class=\"list-disc pl-8 space-y-2\">\n<li class=\"whitespace-normal\">Angebotene Pulverqualit\u00e4ten und Partikelgr\u00f6\u00dfen<\/li>\n<li class=\"whitespace-normal\">Produktionskapazit\u00e4ten und Durchlaufzeiten<\/li>\n<li class=\"whitespace-normal\">Qualit\u00e4tskontrolle und Konsistenz<\/li>\n<li class=\"whitespace-normal\">Einhaltung von Spezifikationen wie ASTM B951<\/li>\n<li class=\"whitespace-normal\">Preisstufen basierend auf Bestellvolumen<\/li>\n<li class=\"whitespace-normal\">Technische Fachkenntnis und Kundensupport<\/li>\n<\/ul>\n<h2>Handhabung und Lagerung von AlMgScZr-Pulver<\/h2>\n<p class=\"whitespace-pre-wrap\"><strong>Handling von AlMgScZr-Pulver<\/strong><\/p>\n<table>\n<thead>\n<tr>\n<th>Empfehlung<\/th>\n<th>Grund<\/th>\n<\/tr>\n<\/thead>\n<tbody>\n<tr>\n<td>F\u00fcr gute Bel\u00fcftung sorgen<\/td>\n<td>Vermeiden Sie den Kontakt zu feinen Metallpartikeln<\/td>\n<\/tr>\n<tr>\n<td>Geeignete PSA verwenden<\/td>\n<td>Versehentliches Einatmen oder Verschlucken verhindern<\/td>\n<\/tr>\n<tr>\n<td>Z\u00fcndquellen vermeiden<\/td>\n<td>Pulver kann in Sauerstoffatmosph\u00e4re verbrennen<\/td>\n<\/tr>\n<tr>\n<td>Befolgen Sie sichere Protokolle<\/td>\n<td>Gesundheits- und Brandrisiken verringern<\/td>\n<\/tr>\n<tr>\n<td>Verschlossene Beh\u00e4lter lagern<\/td>\n<td>Vermeiden Sie Kontaminierung oder Oxidation<\/td>\n<\/tr>\n<\/tbody>\n<\/table>\n<p class=\"whitespace-pre-wrap\">AlMgScZr-Pulver ist relativ stabil, es werden jedoch immer noch allgemeine Vorsichtsma\u00dfnahmen f\u00fcr sichere Handhabung und Reinhaltung empfohlen.<\/p>\n<h2>Pr\u00fcfung und Inspektion von AlMgScZr-Pulver<\/h2>\n<p class=\"whitespace-pre-wrap\"><strong>Pr\u00fcfung von AlMgScZr-Pulver<\/strong><\/p>\n<table>\n<thead>\n<tr>\n<th>Test<\/th>\n<th>Details<\/th>\n<\/tr>\n<\/thead>\n<tbody>\n<tr>\n<td>Chemische Analyse<\/td>\n<td>\u00dcberpr\u00fcft die Zusammensetzung mittels OES- oder RFA-Spektroskopie<\/td>\n<\/tr>\n<tr>\n<td>Korngr\u00f6\u00dfenverteilung<\/td>\n<td>Laserbeugungsanalyse<\/td>\n<\/tr>\n<tr>\n<td>Anscheindichte<\/td>\n<td>Pr\u00fcfungen von Hallschen Durchflussmessern nach der Norm ASTM B212<\/td>\n<\/tr>\n<tr>\n<td>Pulvermorphologie<\/td>\n<td>Rasterelektronenmikroskopie der Partikelform<\/td>\n<\/tr>\n<tr>\n<td>Durchflussmengenanalyse<\/td>\n<td>Schwerkraftdurchflussmenge durch die angegebene D\u00fcse<\/td>\n<\/tr>\n<tr>\n<td>Feuchtigkeitsmessung<\/td>\n<td>Trocknungsverlustbestimmung<\/td>\n<\/tr>\n<\/tbody>\n<\/table>\n<p class=\"whitespace-pre-wrap\">Pr\u00fcfungen stellen sicher, dass das Pulver die gem\u00e4\u00df den geltenden Normen erforderlichen chemischen Reinheits-, Partikeleigenschaften-, Sch\u00fcttdichte-, Morphologie- und Flie\u00dfspezifikationen erf\u00fcllt.<\/p>\n<h2>AlMgScZr Pulver: Vor- und Nachteile<\/h2>\n<p class=\"whitespace-pre-wrap\"><strong>Vorteile von AlMgScZr-Pulver<\/strong><\/p>\n<ul class=\"list-disc pl-8 space-y-2\">\n<li class=\"whitespace-normal\">Sehr hohe Festigkeiten f\u00fcr eine Aluminiumlegierung<\/li>\n<li class=\"whitespace-normal\">Beh\u00e4lt Festigkeit bis 250 \u00a1\u00abC<\/li>\n<li class=\"whitespace-normal\">Exzellente Korrosionsbest\u00e4ndigkeit<\/li>\n<li class=\"whitespace-normal\">Hohe Bruchz\u00e4higkeit und Dauerfestigkeit<\/li>\n<li class=\"whitespace-normal\">Gute Schwei\u00dfbarkeit mit herk\u00f6mmlichen Verfahren<\/li>\n<li class=\"whitespace-normal\">Niedrige Dichte erm\u00f6glicht Gewichtseinsparung<\/li>\n<\/ul>\n<p class=\"whitespace-pre-wrap\"><strong>Grenzen von AlMgScZr-Pulver<\/strong><\/p>\n<ul class=\"list-disc pl-8 space-y-2\">\n<li class=\"whitespace-normal\">Relativ teuer im Vergleich zu anderen Aluminiumqualit\u00e4ten<\/li>\n<li class=\"whitespace-normal\">Erfordert kontrollierte W\u00e4rmebehandlung f\u00fcr optimale Eigenschaften<\/li>\n<li class=\"whitespace-normal\">Begrenzte Hochtemperarturkriechbest\u00e4ndigkeit<\/li>\n<li class=\"whitespace-normal\">Eingeschr\u00e4nkte Warmumformbarkeit im Zustand des h\u00f6chsten Auslagerns<\/li>\n<li class=\"whitespace-normal\">Anf\u00e4llig f\u00fcr galvanische Korrosion, wenn nicht ordnungsgem\u00e4\u00df gesch\u00fctzt<\/li>\n<\/ul>\n<h2>Vergleich mit pulverf\u00f6rmiger 6061-Aluminiumlegierung<\/h2>\n<p class=\"whitespace-pre-wrap\"><strong>AlMgScZr und 6061 Al-Legierungspulver<\/strong><\/p>\n<table>\n<thead>\n<tr>\n<th>Parameter<\/th>\n<th>AlMgScZr<\/th>\n<th>6061 Al<\/th>\n<\/tr>\n<\/thead>\n<tbody>\n<tr>\n<td>Dichte<\/td>\n<td>2,7 g\/cc<\/td>\n<td>2,7 g\/cc<\/td>\n<\/tr>\n<tr>\n<td>Zugfestigkeit<\/td>\n<td>480-570 MPa<\/td>\n<td>250\u2013310 MPa<\/td>\n<\/tr>\n<tr>\n<td>Streckgrenze<\/td>\n<td>400-500 MPa<\/td>\n<td>55\u2013275 MPa<\/td>\n<\/tr>\n<tr>\n<td>Schwei\u00dfbarkeit<\/td>\n<td>Ausgezeichnet<\/td>\n<td>Gut<\/td>\n<\/tr>\n<tr>\n<td>Korrosionsbest\u00e4ndigkeit<\/td>\n<td>Ausgezeichnet<\/td>\n<td>Gut<\/td>\n<\/tr>\n<tr>\n<td>Kosten<\/td>\n<td>High<\/td>\n<td>Niedrig<\/td>\n<\/tr>\n<tr>\n<td>Anwendungen<\/td>\n<td>Luft- und Raumfahrt, Fahrzeugbau<\/td>\n<td>Allgemeine Anwendungen<\/td>\n<\/tr>\n<\/tbody>\n<\/table>\n<ul class=\"list-disc pl-8 space-y-2\">\n<li class=\"whitespace-normal\">AlMgScZr bietet eine viel h\u00f6here Festigkeit und Korrosionsbest\u00e4ndigkeit<\/li>\n<li class=\"whitespace-normal\">6061 Aluminium bietet bei g\u00fcnstigem Preis eine mittlere Festigkeit<\/li>\n<li class=\"whitespace-normal\">AlMgScZr ist die bevorzugte Legierung f\u00fcr kritische Strukturbauteile<\/li>\n<li class=\"whitespace-normal\">6061 Al h\u00e4ufig verwendet f\u00fcr allgemeine Anwendungen<\/li>\n<\/ul>\n<h2>AlMgScZr-Pulver \u2013 FAQs<\/h2>\n<p class=\"whitespace-pre-wrap\"><strong>F: Was sind die Hauptanwendungen von AlMgScZr-Pulver?<\/strong><\/p>\n<p class=\"whitespace-pre-wrap\">A: Zu den Hauptanwendungen z\u00e4hlen Luftfahrtteile wie Flugzeugr\u00fcmpfe und Tragfl\u00e4chen, Automobilteile wie Fahrgestelle und R\u00e4der, industrielle Roboterarme und Hebevorrichtungen sowie die additive Fertigung von hochleistungsf\u00e4higen, topologisch optimierten Komponenten.<\/p>\n<p class=\"whitespace-pre-wrap\"><strong>Q: Wie verst\u00e4rkt Scandium AlMgScZr-legierung?<\/strong><\/p>\n<p class=\"whitespace-pre-wrap\">A: Scandium erm\u00f6glicht die Ausscheidungsh\u00e4rtung durch die Bildung von Ausscheidungen aus Al3Sc im Nanobereich w\u00e4hrend der Alterungsbehandlung. Dies behindert die Versetzungsbewegung und erh\u00f6ht die Festigkeit erheblich.<\/p>\n<p class=\"whitespace-pre-wrap\"><strong>F: Welche Vorsichtsma\u00dfnahmen sollten beim Arbeiten mit AlMgScZr-Pulver getroffen werden?<\/strong><\/p>\n<p class=\"whitespace-pre-wrap\">A: Empfohlene Vorsichtsma\u00dfnahmen umfassen ordnungsgem\u00e4\u00dfe Bel\u00fcftung, Vermeiden von Z\u00fcndquellen, Verwenden geeigneter PSA, Befolgen sicherer Handhabungsprotokolle, inerte Atmosph\u00e4re und Aufbewahren versiegelter Beh\u00e4lter fern von Feuchtigkeit oder Schadstoffen.<\/p>\n<p class=\"whitespace-pre-wrap\"><strong>F: Wie l\u00e4sst sich AlMgScZr mit dem Legierungspulver AlZnMgCu vergleichen?<\/strong><\/p>\n<p class=\"whitespace-pre-wrap\">A: AlMgScZr bietet eine h\u00f6here Festigkeit, Schwei\u00dfbarkeit und Korrosionsbest\u00e4ndigkeit als Al-Legierungen der Serie 7000 wie AlZnMgCu. Es wird f\u00fcr kritische Strukturteile bevorzugt, w\u00e4hrend AlZnMgCu wirtschaftlicher ist.<\/p>\n<p><\/span><\/span><\/p>","protected":false},"excerpt":{"rendered":"<p>\u00dcberblick \u00fcber AlMgScZr-Pulver AlMgScZr-Pulver ist eine Aluminiumlegierung mit Magnesium, Scandium und Zirkonium als Hauptlegierungselementen. Es weist eine ausgezeichnete Festigkeit, Schwei\u00dfbarkeit und Korrosionsbest\u00e4ndigkeit auf und beh\u00e4lt gleichzeitig den Vorteil der geringen Dichte von Aluminium. Zu den wichtigsten Eigenschaften und Vorteilen von AlMgScZr-Pulver geh\u00f6ren: AlMgScZr-Pulver Eigenschaften und Merkmale Eigenschaften Details Zusammensetzung Al-Mg-Sc-Zr-Legierung Dichte...<\/p>","protected":false},"featured_media":1852,"parent":0,"template":"","meta":{"_acf_changed":false,"_kad_blocks_custom_css":"","_kad_blocks_head_custom_js":"","_kad_blocks_body_custom_js":"","_kad_blocks_footer_custom_js":"","_kad_post_transparent":"","_kad_post_title":"","_kad_post_layout":"","_kad_post_sidebar_id":"","_kad_post_content_style":"","_kad_post_vertical_padding":"","_kad_post_feature":"","_kad_post_feature_position":"","_kad_post_header":false,"_kad_post_footer":false,"_kad_post_classname":""},"product-category":[119,124],"class_list":["post-3927","product","type-product","status-publish","has-post-thumbnail","hentry","product-category-3d-printing-metal-powder","product-category-aluminum-based-alloy-powder"],"acf":[],"taxonomy_info":{"product-category":[{"value":119,"label":"3D Printing Metal Powder"},{"value":124,"label":"Aluminum Based Alloy Powder"}]},"featured_image_src_large":["https:\/\/3dpmetal.com\/wp-content\/uploads\/2024\/02\/AlMgScZr-Powder.jpg",600,600,false],"author_info":[],"comment_info":"","_links":{"self":[{"href":"https:\/\/3dpmetal.com\/de\/wp-json\/wp\/v2\/product\/3927","targetHints":{"allow":["GET"]}}],"collection":[{"href":"https:\/\/3dpmetal.com\/de\/wp-json\/wp\/v2\/product"}],"about":[{"href":"https:\/\/3dpmetal.com\/de\/wp-json\/wp\/v2\/types\/product"}],"wp:featuredmedia":[{"embeddable":true,"href":"https:\/\/3dpmetal.com\/de\/wp-json\/wp\/v2\/media\/1852"}],"wp:attachment":[{"href":"https:\/\/3dpmetal.com\/de\/wp-json\/wp\/v2\/media?parent=3927"}],"wp:term":[{"taxonomy":"product-category","embeddable":true,"href":"https:\/\/3dpmetal.com\/de\/wp-json\/wp\/v2\/product-category?post=3927"}],"curies":[{"name":"wp","href":"https:\/\/api.w.org\/{rel}","templated":true}]}}