{"id":3929,"date":"2024-03-18T06:10:14","date_gmt":"2024-03-18T06:10:14","guid":{"rendered":"https:\/\/3dp.45612300.xyz\/product\/gh-3625-powder\/"},"modified":"2024-03-18T06:10:14","modified_gmt":"2024-03-18T06:10:14","slug":"gh-3625-powder","status":"publish","type":"product","link":"https:\/\/3dpmetal.com\/de\/product\/gh-3625-powder\/","title":{"rendered":"GH 3625 Pulver"},"content":{"rendered":"<p><span style=\"vertical-align: inherit;\"><span style=\"vertical-align: inherit;\"><\/p>\n<h2>\u00dcberblick \u00fcber GH3625-Pulver<\/h2>\n<p class=\"whitespace-pre-wrap\">GH 3625 Pulver ist eine aush\u00e4rtbare Nickel-Eisen-Basislegierung, die 25 % Chrom sowie Zus\u00e4tze von Molybd\u00e4n und Aluminium enth\u00e4lt. Es bietet eine au\u00dfergew\u00f6hnliche Kombination aus hoher Festigkeit, H\u00e4rte, Korrosionsbest\u00e4ndigkeit und Oxidationsbest\u00e4ndigkeit bei hohen Temperaturen.<\/p>\n<p class=\"whitespace-pre-wrap\">Haupteigenschaften und Vorteile von GH3625-Pulver umfassen:<\/p>\n<p class=\"whitespace-pre-wrap\"><strong>GH3625 Pulvereigenschaften und -eigenschaften<\/strong><\/p>\n<table>\n<thead>\n<tr>\n<th>Merkmale<\/th>\n<th>Details<\/th>\n<\/tr>\n<\/thead>\n<tbody>\n<tr>\n<td>Komposition<\/td>\n<td>Legierung Ni-25Cr-4,5Mo-3,5Al<\/td>\n<\/tr>\n<tr>\n<td>Dichte<\/td>\n<td>8,2 g\/cm\u00b3<\/td>\n<\/tr>\n<tr>\n<td>Partikelform<\/td>\n<td>Vorwiegend sph\u00e4risch<\/td>\n<\/tr>\n<tr>\n<td>Gr\u00f6\u00dfenpalette<\/td>\n<td>15-45 Mikron<\/td>\n<\/tr>\n<tr>\n<td>Anscheindichte<\/td>\n<td>Bis zu 60 % wahre Dichte<\/td>\n<\/tr>\n<tr>\n<td>Flie\u00dff\u00e4higkeit<\/td>\n<td>Gut<\/td>\n<\/tr>\n<tr>\n<td>St\u00e4rke<\/td>\n<td>Sehr hoch nach Alterungsbehandlung<\/td>\n<\/tr>\n<tr>\n<td>Korrosionsbest\u00e4ndigkeit<\/td>\n<td>Hervorragend, einschlie\u00dflich Loch- und Spaltkorrosion<\/td>\n<\/tr>\n<\/tbody>\n<\/table>\n<p class=\"whitespace-pre-wrap\">GH3625 findet breite Verwendung in den Sektoren Luft- und Raumfahrt, \u00d6l und Gas, chemische Verarbeitung sowie Stromerzeugung, wo hohe Festigkeit und Korrosionsbest\u00e4ndigkeit bei erh\u00f6hten Temperaturen erforderlich sind.<\/p>\n<h2>GH3625 Pulverzusammensetzung<\/h2>\n<p class=\"whitespace-pre-wrap\">Typische Zusammensetzung von GH3625 Nickel-Chrom-Legierungspulver:<\/p>\n<p class=\"whitespace-pre-wrap\"><strong>GH3625 Pulverzusammensetzung<\/strong><\/p>\n<table>\n<thead>\n<tr>\n<th>Element<\/th>\n<th>Gew.-%<\/th>\n<\/tr>\n<\/thead>\n<tbody>\n<tr>\n<td>Nickel<\/td>\n<td>Balanse<\/td>\n<\/tr>\n<tr>\n<td>Chrom<\/td>\n<td>24-27%<\/td>\n<\/tr>\n<tr>\n<td>Molybd\u00e4n<\/td>\n<td>4-5%<\/td>\n<\/tr>\n<tr>\n<td>Aluminium<\/td>\n<td>3-4%<\/td>\n<\/tr>\n<tr>\n<td>Kohlenstoff<\/td>\n<td>Maximal 0,1 %<\/td>\n<\/tr>\n<tr>\n<td>Mangan<\/td>\n<td>max. 1 %<\/td>\n<\/tr>\n<tr>\n<td>Silizium<\/td>\n<td>0,5 % max<\/td>\n<\/tr>\n<tr>\n<td>Schwefel<\/td>\n<td>maximal 0,015 %<\/td>\n<\/tr>\n<\/tbody>\n<\/table>\n<ul class=\"list-disc pl-8 space-y-2\">\n<li class=\"whitespace-normal\">Nickel bietet Korrosionsbest\u00e4ndigkeit und hilft bei der Ausscheidungsh\u00e4rtung<\/li>\n<li class=\"whitespace-normal\">Chromium verbessert Oxidations- und Korrosionsbest\u00e4ndigkeit erheblich<\/li>\n<li class=\"whitespace-normal\">Molybd\u00e4n und Aluminium bewirken Ausscheidungsh\u00e4rtung<\/li>\n<li class=\"whitespace-normal\">Kohlenstoff und andere Elemente sind als Fremdstoffe beschr\u00e4nkt<\/li>\n<\/ul>\n<p class=\"whitespace-pre-wrap\">Die Zusammensetzung ist optimiert, um sowohl die h\u00f6chste Verst\u00e4rkung durch Ausscheidungsh\u00e4rtung als auch eine ausgezeichnete Korrosions- und Oxidationsbest\u00e4ndigkeit zu bieten.<\/p>\n<p><img loading=\"lazy\" decoding=\"async\" class=\"size-medium wp-image-1409 aligncenter\" src=\"https:\/\/met3dp.com\/wp-content\/uploads\/2023\/09\/ed7a94ec-3c10-4b1b-87ed--300x300.jpg\" alt=\"GH 3625 Pulver\" width=\"300\" height=\"300\" title=\"\"><\/p>\n<h2>GH3625 Pulverphysikalische Eigenschaften<\/h2>\n<p class=\"whitespace-pre-wrap\"><strong>GH3625 Pulverphysikalische Eigenschaften<\/strong><\/p>\n<table>\n<thead>\n<tr>\n<th>Immobilie<\/th>\n<th>Werte<\/th>\n<\/tr>\n<\/thead>\n<tbody>\n<tr>\n<td>Dichte<\/td>\n<td>8,2 g\/cm\u00b3<\/td>\n<\/tr>\n<tr>\n<td>Schmelzpunkt<\/td>\n<td>1390-1440\u00a1\u00abC<\/td>\n<\/tr>\n<tr>\n<td>W\u00e4rmeleitf\u00e4higkeit<\/td>\n<td>11 W\/mK<\/td>\n<\/tr>\n<tr>\n<td>Elektrischer Widerstand<\/td>\n<td>52 \u00c3\u2014\u00b4\u00b4cm<\/td>\n<\/tr>\n<tr>\n<td>W\u00e4rmeausdehnungskoeffizient<\/td>\n<td>13,0 x 10^-6 \/K<\/td>\n<\/tr>\n<\/tbody>\n<\/table>\n<ul class=\"list-disc pl-8 space-y-2\">\n<li class=\"whitespace-normal\">Hohe Dichte im Vergleich zu Stahl und Titanlegierungen<\/li>\n<li class=\"whitespace-normal\">Beh\u00e4lt auch bei Temperaturen \u00fcber 1000 \u00b0C hohe Festigkeit<\/li>\n<li class=\"whitespace-normal\">Relativ geringe W\u00e4rmeleitf\u00e4higkeit erfordert konstruktive \u00dcberlegungen<\/li>\n<li class=\"whitespace-normal\">CTE ist moderat und \u00e4hnlich wie rostfreier Stahl<\/li>\n<\/ul>\n<p class=\"whitespace-pre-wrap\">Diese Eigenschaften machen GH3625 f\u00fcr hochfeste Anwendungen bei hohen Temperaturen geeignet, bei denen Korrosionsbest\u00e4ndigkeit erforderlich ist.<\/p>\n<h2>GH3625 Pulvermechanische Eigenschaften<\/h2>\n<p class=\"whitespace-pre-wrap\"><strong>GH3625 Pulvermechanische Eigenschaften<\/strong><\/p>\n<table>\n<thead>\n<tr>\n<th>Immobilie<\/th>\n<th>Zustand<\/th>\n<th>Werte<\/th>\n<\/tr>\n<\/thead>\n<tbody>\n<tr>\n<td>H\u00e4rte<\/td>\n<td>L\u00f6sungsgegl\u00fcht<\/td>\n<td>35 HRC<\/td>\n<\/tr>\n<tr>\n<td>H\u00e4rte<\/td>\n<td>Optimales Alter<\/td>\n<td>50-56 HRC<\/td>\n<\/tr>\n<tr>\n<td>Zugfestigkeit<\/td>\n<td>Verg\u00fctet<\/td>\n<td>1000 MPa<\/td>\n<\/tr>\n<tr>\n<td>Zugfestigkeit<\/td>\n<td>Gealtert<\/td>\n<td>1500-1800 MPa<\/td>\n<\/tr>\n<tr>\n<td>Streckgrenze<\/td>\n<td>Gealtert<\/td>\n<td>1200-1600 MPa<\/td>\n<\/tr>\n<tr>\n<td>Verl\u00e4ngerung<\/td>\n<td>Gealtert<\/td>\n<td>10-15%<\/td>\n<\/tr>\n<\/tbody>\n<\/table>\n<ul class=\"list-disc pl-8 space-y-2\">\n<li class=\"whitespace-normal\">W\u00e4chst zu sehr hohen Festigkeitsstufen, die andere aush\u00e4rtende Legierungen \u00fcbertreffen<\/li>\n<li class=\"whitespace-normal\">Beh\u00e4lt eine angemessene Duktilit\u00e4t in gealtertem Maximalzustand bei<\/li>\n<li class=\"whitespace-normal\">H\u00e4rte nimmt nach Alterungsbehandlung deutlich zu<\/li>\n<li class=\"whitespace-normal\">Die Festigkeit kann durch die Reifezeit, sowie durch die Temperatur angepasst werden<\/li>\n<\/ul>\n<p class=\"whitespace-pre-wrap\">Durch diese Eigenschaften eignet sich GH3625 f\u00fcr Elemente, bei denen neben Korrosionsbest\u00e4ndigkeit auch hohe Festigkeit gefordert ist.<\/p>\n<h2>GH3625 Pulverbeschichtungsanwendungen<\/h2>\n<p class=\"whitespace-pre-wrap\">Typische Anwendungen von GH3625-Nickel-Chrom-Legierungspulver umfassen:<\/p>\n<p class=\"whitespace-pre-wrap\"><strong>GH3625 Pulverbeschichtungsanwendungen<\/strong><\/p>\n<table>\n<thead>\n<tr>\n<th>Industrie<\/th>\n<th>Anwendungen<\/th>\n<\/tr>\n<\/thead>\n<tbody>\n<tr>\n<td>Luft- und Raumfahrt<\/td>\n<td>Turbinenschaufeln, Bolzen, Verbindungselemente<\/td>\n<\/tr>\n<tr>\n<td>\u00d6l und Gas<\/td>\n<td>Bohrlochventile, Bohrlochwerkzeuge<\/td>\n<\/tr>\n<tr>\n<td>Chemische Verarbeitung<\/td>\n<td>Extruderschnecken, Ventilteile<\/td>\n<\/tr>\n<tr>\n<td>Energieerzeugung<\/td>\n<td>Kesselkomponenten, Dampf- und Gasturbinen<\/td>\n<\/tr>\n<\/tbody>\n<\/table>\n<p class=\"whitespace-pre-wrap\">Einige spezifische Produktanwendungen umfassen:<\/p>\n<ul class=\"list-disc pl-8 space-y-2\">\n<li class=\"whitespace-normal\">Schaufeln, Turbinenscheiben und Befestigungselemente f\u00fcr Flugzeugturbinenmotoren<\/li>\n<li class=\"whitespace-normal\">Schrauben f\u00fcr Petrochemie-Rohrleitungen f\u00fcr Hochtemperaturen<\/li>\n<li class=\"whitespace-normal\">Ventilkomponenten, die in korrosiven chemischen Umgebungen eingesetzt werden<\/li>\n<li class=\"whitespace-normal\">Kessel\u00fcberhitzerrohre und -sammler<\/li>\n<li class=\"whitespace-normal\">Turbinenschaufeln und Befestigungselemente<\/li>\n<\/ul>\n<p class=\"whitespace-pre-wrap\">GH3625 bietet au\u00dfergew\u00f6hnliche Festigkeit und Korrosionsbest\u00e4ndigkeit f\u00fcr kritische Komponenten, die bei hohen Temperaturen in anspruchsvollen Branchen verwendet werden.<\/p>\n<h2>Technische Daten zu GH3625-Pulver<\/h2>\n<p class=\"whitespace-pre-wrap\">Wichtige Spezifikationen f\u00fcr Pulver GH3625 beinhalten:<\/p>\n<p class=\"whitespace-pre-wrap\"><strong>GH 3625 Substanzstandards<\/strong><\/p>\n<table>\n<thead>\n<tr>\n<th>Standard<\/th>\n<th>Beschreibung<\/th>\n<\/tr>\n<\/thead>\n<tbody>\n<tr>\n<td>AMS 5815<\/td>\n<td>Zusammensetzungen aus Nickellegierungspulver<\/td>\n<\/tr>\n<tr>\n<td>AMS 5408<\/td>\n<td>Dr\u00e4hte, Stangen und Barren von warmfesten Nickellegierungen<\/td>\n<\/tr>\n<tr>\n<td>AMS 5698<\/td>\n<td>Feinguss von PH-Nickellegierungen<\/td>\n<\/tr>\n<tr>\n<td>AMS 5772<\/td>\n<td>Nickelbasislegierungen Schmiedest\u00fccke<\/td>\n<\/tr>\n<tr>\n<td>AMS 5634<\/td>\n<td>Extrudierte Nickellegierungsformen<\/td>\n<\/tr>\n<\/tbody>\n<\/table>\n<p class=\"whitespace-pre-wrap\">Definieren Sie diese:<\/p>\n<ul class=\"list-disc pl-8 space-y-2\">\n<li class=\"whitespace-normal\">Chemische Zusammensetzungsgrenzwerte von GH3625<\/li>\n<li class=\"whitespace-normal\">Erforderliche mechanische Eigenschaften in verschiedenen W\u00e4rmebehandlungszust\u00e4nden<\/li>\n<li class=\"whitespace-normal\">Verfahren zur Herstellung von anerkanntem Pulver \u2013 Inertgaszerst\u00e4ubung<\/li>\n<li class=\"whitespace-normal\">Unreinheitsgrenzwerte f\u00fcr kritische Elemente<\/li>\n<li class=\"whitespace-normal\">Konformit\u00e4tspr\u00fcfprotokolle<\/li>\n<li class=\"whitespace-normal\">Sachgem\u00e4\u00dfe Handhabung und Lagerungshinweise<\/li>\n<\/ul>\n<p class=\"whitespace-pre-wrap\">Erf\u00fcllung dieser Zertifizierungsanforderungen garantiert optimale Leistungen.<\/p>\n<h2>GH3625 Pulverpartikelgr\u00f6\u00dfen<\/h2>\n<p class=\"whitespace-pre-wrap\"><strong>GH3625 Pulverteilchengr\u00f6\u00dfenverteilung<\/strong><\/p>\n<table>\n<thead>\n<tr>\n<th>Teilchengr\u00f6sse<\/th>\n<th>Merkmale<\/th>\n<\/tr>\n<\/thead>\n<tbody>\n<tr>\n<td>15-25 Mikron<\/td>\n<td>Ultrafeines Pulver, das in Laser-AM-Prozessen verwendet wird<\/td>\n<\/tr>\n<tr>\n<td>25-45 Mikrometer<\/td>\n<td>Gr\u00f6\u00dfenbereich f\u00fcr die meisten Pulverbett-AM-Systeme<\/td>\n<\/tr>\n<tr>\n<td>45-75 Mikrometer<\/td>\n<td>Gr\u00f6\u00dfere Gr\u00f6\u00dfen genutzt beim Lasercladding<\/td>\n<\/tr>\n<\/tbody>\n<\/table>\n<ul class=\"list-disc pl-8 space-y-2\">\n<li class=\"whitespace-normal\">Feineres Pulver sorgt bei Oberfl\u00e4chenveredelung f\u00fcr h\u00f6here Aufl\u00f6sung<\/li>\n<li class=\"whitespace-normal\">Grobes Pulver, geeignet f\u00fcr Prozesse mit hoher Ablagerungsrate<\/li>\n<li class=\"whitespace-normal\">Gr\u00f6\u00dfenverteilung angepasst an die verwendete AM-Methode<\/li>\n<li class=\"whitespace-normal\">Kugel\u00e4hnliche Morphologie in allen Gr\u00f6\u00dfen<\/li>\n<\/ul>\n<p class=\"whitespace-pre-wrap\">Die Kontrolle der Korngr\u00f6\u00dfenverteilung und -morphologie ist entscheidend f\u00fcr die AM-Leistung, die Eigenschaften des Endteils und die Qualit\u00e4t.<\/p>\n<h2>GH3625 Pulver scheinbare Dichte<\/h2>\n<p class=\"whitespace-pre-wrap\"><strong>GH3625 Pulver scheinbare Dichte<\/strong><\/p>\n<table>\n<thead>\n<tr>\n<th>Anscheindichte<\/th>\n<th>Details<\/th>\n<\/tr>\n<\/thead>\n<tbody>\n<tr>\n<td>Bis zu 60 % wahre Dichte<\/td>\n<td>F\u00fcr kugelf\u00f6rmige Pulvermorphologie<\/td>\n<\/tr>\n<tr>\n<td>4,5 &#8211; 5,2 g\/cm\u00b3<\/td>\n<td>Verbessert sich mit hoher Packungsdichte<\/td>\n<\/tr>\n<\/tbody>\n<\/table>\n<ul class=\"list-disc pl-8 space-y-2\">\n<li class=\"whitespace-normal\">Sph\u00e4rische Pulverform bietet hohe Sch\u00fcttdichte<\/li>\n<li class=\"whitespace-normal\">Eine h\u00f6here Dichte verbessert den Pulverfluss und die Sch\u00fcttung in der additiven Fertigung<\/li>\n<li class=\"whitespace-normal\">Reduziert die eingeschlossene Gasporosit\u00e4t im Endteil<\/li>\n<li class=\"whitespace-normal\">Durch Maximierung der Dichtheit wird die Presszykluszeit minimiert<\/li>\n<\/ul>\n<p class=\"whitespace-pre-wrap\">Eine h\u00f6here Dichte f\u00fchrt zu einer besseren Fertigungsproduktivit\u00e4t und Teilleistung.<\/p>\n<h2>GH3625-Pulverproduktionsverfahren<\/h2>\n<p class=\"whitespace-pre-wrap\"><strong>GH3625 Pulverproduktion<\/strong><\/p>\n<table>\n<thead>\n<tr>\n<th>Methode<\/th>\n<th>Details<\/th>\n<\/tr>\n<\/thead>\n<tbody>\n<tr>\n<td>Gasverd\u00fcsung<\/td>\n<td>Gas mit hohem Druck unterteilt geschmolzenen Metallstrom in feine Tr\u00f6pfchen<\/td>\n<\/tr>\n<tr>\n<td>Vakuum-Induktions-Schmelzen<\/td>\n<td>Hochreine Eingangsmaterialien, die unter Vakuum geschmolzen wurden<\/td>\n<\/tr>\n<tr>\n<td>Mehrfaches Einschmelzen<\/td>\n<td>Verbessert die chemische Homogenit\u00e4t<\/td>\n<\/tr>\n<tr>\n<td>Sieben<\/td>\n<td>Klassifiziert Pulver nach verschiedenen Partikelgr\u00f6\u00dfenfraktionen<\/td>\n<\/tr>\n<\/tbody>\n<\/table>\n<ul class=\"list-disc pl-8 space-y-2\">\n<li class=\"whitespace-normal\">Gas-Zerst\u00e4ubung mit Inertgas erzeugt saubere, sph\u00e4rische Pulver<\/li>\n<li class=\"whitespace-normal\">Vakuumprozesse minimieren gasf\u00f6rmige Verunreinigungen<\/li>\n<li class=\"whitespace-normal\">Mehrfaches Umschmelzen verbessert die Gleichm\u00e4\u00dfigkeit der Zusammensetzung<\/li>\n<li class=\"whitespace-normal\">Nachbearbeitung erm\u00f6glicht die Kontrolle der Partikelgr\u00f6\u00dfenverteilung<\/li>\n<\/ul>\n<p class=\"whitespace-pre-wrap\">Durch automatisierte Verfahren in Verbindung mit strenger Qualit\u00e4tskontrolle entsteht ein konsistenter GH3625-Puder, das f\u00fcr kritische Anwendungen geeignet ist.<\/p>\n<h2>Preisgestaltung f\u00fcr GH3625-Pulver<\/h2>\n<p class=\"whitespace-pre-wrap\"><strong>Preisgestaltung f\u00fcr GH3625-Pulver<\/strong><\/p>\n<table>\n<thead>\n<tr>\n<th>Faktor<\/th>\n<th>Auswirkung auf den Preis<\/th>\n<\/tr>\n<\/thead>\n<tbody>\n<tr>\n<td>Pulverg\u00fctemerkmal<\/td>\n<td>H\u00f6here Reinheit erh\u00f6ht die Kosten<\/td>\n<\/tr>\n<tr>\n<td>Teilchengr\u00f6sse<\/td>\n<td>Ultrafeines Pulver teurer<\/td>\n<\/tr>\n<tr>\n<td>Bestellmenge<\/td>\n<td>Preis sinkt bei gr\u00f6\u00dferen Mengen<\/td>\n<\/tr>\n<tr>\n<td>Produktionsverfahren<\/td>\n<td>Mehrfache Umschmelzung erh\u00f6ht Kosten<\/td>\n<\/tr>\n<tr>\n<td>Verpackung<\/td>\n<td>Sonderverpackung treibt Kosten hoch<\/td>\n<\/tr>\n<\/tbody>\n<\/table>\n<p class=\"whitespace-pre-wrap\"><strong>Richtpreise<\/strong><\/p>\n<ul class=\"list-disc pl-8 space-y-2\">\n<li class=\"whitespace-normal\">GH3625-Pulver: $100\u2013150 pro kg<\/li>\n<li class=\"whitespace-normal\">Mengenrabatte k\u00f6nnen um 30% oder mehr g\u00fcnstiger sein<\/li>\n<\/ul>\n<p class=\"whitespace-pre-wrap\">Preisgestaltung h\u00e4ngt ab von Reinheit, Partikelgr\u00f6\u00dfe, Herstellungsmethode, Bestellvolumen, Verpackungs- und Lieferbedingungen.<\/p>\n<h2>GH3625-Pulverlieferanten<\/h2>\n<p class=\"whitespace-pre-wrap\"><strong>GH3625-Pulverlieferanten<\/strong><\/p>\n<table>\n<thead>\n<tr>\n<th>Unternehmen<\/th>\n<th>Ort<\/th>\n<\/tr>\n<\/thead>\n<tbody>\n<tr>\n<td>Sandvik Osprey<\/td>\n<td>Gro\u00dfbritannien<\/td>\n<\/tr>\n<tr>\n<td>Carpenter Additive<\/td>\n<td>Vereinigte Staaten<\/td>\n<\/tr>\n<tr>\n<td>Erasteel<\/td>\n<td>Schweden<\/td>\n<\/tr>\n<tr>\n<td>Aubert &amp; Duval<\/td>\n<td>Frankreich<\/td>\n<\/tr>\n<tr>\n<td>cn.koowe.powder<\/td>\n<td>China<\/td>\n<\/tr>\n<tr>\n<td>Shanghai STAL Precision<\/td>\n<td>China<\/td>\n<\/tr>\n<\/tbody>\n<\/table>\n<p class=\"whitespace-pre-wrap\">Faktoren zur Zuliefererauswahl:<\/p>\n<ul class=\"list-disc pl-8 space-y-2\">\n<li class=\"whitespace-normal\">Hergestellte Pulverg\u00fcten und angebotene Partikelgr\u00f6\u00dfen<\/li>\n<li class=\"whitespace-normal\">Produktionskapazit\u00e4ten und Durchlaufzeiten<\/li>\n<li class=\"whitespace-normal\">Qualit\u00e4tskontrolle, Best\u00e4ndigkeit und Einhaltung<\/li>\n<li class=\"whitespace-normal\">Technische Fachkenntnis und Kundensupport<\/li>\n<li class=\"whitespace-normal\">Preisstufen basierend auf Bestellmengen<\/li>\n<li class=\"whitespace-normal\">Erfahrungen mit der Bereitstellung von Dienstleistungen f\u00fcr die Zielgruppe<\/li>\n<\/ul>\n<h2>GH3625 Pulverhandhabung und -lagerung<\/h2>\n<p class=\"whitespace-pre-wrap\"><strong>GH3625 Pulververarbeitung<\/strong><\/p>\n<table>\n<thead>\n<tr>\n<th>Empfehlung<\/th>\n<th>Grund<\/th>\n<\/tr>\n<\/thead>\n<tbody>\n<tr>\n<td>F\u00fcr gute Bel\u00fcftung sorgen<\/td>\n<td>Vermeiden Sie den Kontakt zu feinen Metallpartikeln<\/td>\n<\/tr>\n<tr>\n<td>Geeignete PSA verwenden<\/td>\n<td>Versehentliches Einatmen oder Verschlucken verhindern<\/td>\n<\/tr>\n<tr>\n<td>Befolgen Sie sichere Protokolle<\/td>\n<td>Gesundheits- und Brandrisiken verringern<\/td>\n<\/tr>\n<tr>\n<td>Verschlossene Beh\u00e4lter lagern<\/td>\n<td>Vermeiden Sie Kontaminierung oder Oxidation<\/td>\n<\/tr>\n<\/tbody>\n<\/table>\n<p class=\"whitespace-pre-wrap\">Das Pulver GH3625 ist relativ stabil, aber dennoch werden allgemeine Vorsichtsma\u00dfnahmen f\u00fcr einen sicheren Umgang und die Aufrechterhaltung der Reinheit empfohlen.<\/p>\n<p class=\"whitespace-pre-wrap\"><strong>Lagerungsempfehlungen<\/strong><\/p>\n<ul class=\"list-disc pl-8 space-y-2\">\n<li class=\"whitespace-normal\">In standfesten Beh\u00e4ltern in einem trockenen, k\u00fchlen Bereich aufbewahren.<\/li>\n<li class=\"whitespace-normal\">Begrenzen Sie die Aussetzung gegen\u00fcber Feuchtigkeit, die die Eigenschaften verschlechtern kann<\/li>\n<li class=\"whitespace-normal\">Temperatur unter 30 \u201dC halten<\/li>\n<\/ul>\n<p class=\"whitespace-pre-wrap\">Durch die Einhaltung der entsprechenden Vorsichtsma\u00dfnahmen bleiben das Pulver in einem guten Zustand und es werden Sicherheitsprobleme vermieden.<\/p>\n<h2>GH3625 Pulverinspektion und -pr\u00fcfung<\/h2>\n<p class=\"whitespace-pre-wrap\"><strong>GH3625 Pulverpr\u00fcfung<\/strong><\/p>\n<table>\n<thead>\n<tr>\n<th>Test<\/th>\n<th>Details<\/th>\n<\/tr>\n<\/thead>\n<tbody>\n<tr>\n<td>Chemische Analyse<\/td>\n<td>OES- oder RFA-Spektroskopie zur \u00dcberpr\u00fcfung der Zusammensetzung<\/td>\n<\/tr>\n<tr>\n<td>Korngr\u00f6\u00dfenverteilung<\/td>\n<td>Laserbeugungsanalyse<\/td>\n<\/tr>\n<tr>\n<td>Anscheindichte<\/td>\n<td>Gemessen nach ASTM B212 Standard<\/td>\n<\/tr>\n<tr>\n<td>Pulvermorphologie<\/td>\n<td>Rasterelektronenmikroskopie der Partikelform<\/td>\n<\/tr>\n<tr>\n<td>Durchflussmengenanalyse<\/td>\n<td>Schwerkraftdurchflussmenge durch die angegebene D\u00fcse<\/td>\n<\/tr>\n<tr>\n<td>Feuchtigkeitsmessung<\/td>\n<td>Analyse zum Trocknungsverlust<\/td>\n<\/tr>\n<\/tbody>\n<\/table>\n<p class=\"whitespace-pre-wrap\">Durch Tests wird sichergestellt, dass das Pulver den erforderlichen chemischen Reinheitsgrad, die erforderlichen Partikeleigenschaften, die erforderlichen Dichtevorgaben, die erforderliche Morphologie und die erforderliche Flie\u00dff\u00e4higkeit gem\u00e4\u00df der jeweiligen Normen erf\u00fcllt.<\/p>\n<h2>Vorteile und Nachteile von GH3625 Pulver<\/h2>\n<p class=\"whitespace-pre-wrap\"><strong>Vorteile von GH3625-Pulver<\/strong><\/p>\n<ul class=\"list-disc pl-8 space-y-2\">\n<li class=\"whitespace-normal\">Au\u00dfergew\u00f6hnliche Hochtemperaturfestigkeit und Kriechfestigkeit<\/li>\n<li class=\"whitespace-normal\">Erh\u00e4lt Festigkeit und H\u00e4rte bis 1100 \u00b0C<\/li>\n<li class=\"whitespace-normal\">Hervorragende Korrosionsbest\u00e4ndigkeit in allen Umgebungen<\/li>\n<li class=\"whitespace-normal\">Gute Dauerfestigkeit und Bruchz\u00e4higkeit<\/li>\n<li class=\"whitespace-normal\">Hohe H\u00e4rte in Kombination mit angemessener Duktilit\u00e4t<\/li>\n<li class=\"whitespace-normal\">Weniger dicht als Nickelsuperlegierungen<\/li>\n<\/ul>\n<p class=\"whitespace-pre-wrap\"><strong>Beschr\u00e4nkungen von GH3625-Pulver<\/strong><\/p>\n<ul class=\"list-disc pl-8 space-y-2\">\n<li class=\"whitespace-normal\">Teurer als Edelstahl-Pulver<\/li>\n<li class=\"whitespace-normal\">Erfordert kontrollierte W\u00e4rmebehandlung f\u00fcr optimale Eigenschaften<\/li>\n<li class=\"whitespace-normal\">Weniger Verschlei\u00dffestigkeit als Kobaltlegierungen<\/li>\n<li class=\"whitespace-normal\">Nach dem Sintern schwierig zu bearbeiten<\/li>\n<li class=\"whitespace-normal\">Begrenzte Kaltumform- und Stanzf\u00e4higkeit<\/li>\n<li class=\"whitespace-normal\">Unterliegt Lochfra\u00df in stark oxidierenden S\u00e4uren<\/li>\n<\/ul>\n<h2>Gegen\u00fcberstellung mit Inconel 718 Pulver<\/h2>\n<p class=\"whitespace-pre-wrap\"><strong>GH3625 vs. Inconel 718 Pulver<\/strong><\/p>\n<table>\n<thead>\n<tr>\n<th>Parameter<\/th>\n<th>GH3625<\/th>\n<th>Inconel 718<\/th>\n<\/tr>\n<\/thead>\n<tbody>\n<tr>\n<td>Dichte<\/td>\n<td>8,2 g\/cm\u00b3<\/td>\n<td>8,2 g\/cm\u00b3<\/td>\n<\/tr>\n<tr>\n<td>St\u00e4rke<\/td>\n<td>H\u00f6her<\/td>\n<td>Niedriger<\/td>\n<\/tr>\n<tr>\n<td>Korrosionsbest\u00e4ndigkeit<\/td>\n<td>Ausgezeichnet<\/td>\n<td>Au\u00dfergew\u00f6hnlich<\/td>\n<\/tr>\n<tr>\n<td>Kosten<\/td>\n<td>Mittelm\u00e4ssig<\/td>\n<td>Sehr hoch<\/td>\n<\/tr>\n<tr>\n<td>Anwendungen<\/td>\n<td>\u00d6l und Gas, chemische Verarbeitung<\/td>\n<td>Luft- und Raumfahrt, Nuklear<\/td>\n<\/tr>\n<\/tbody>\n<\/table>\n<ul class=\"list-disc pl-8 space-y-2\">\n<li class=\"whitespace-normal\">GH3625 bietet eine h\u00f6here Zugfestigkeit<\/li>\n<li class=\"whitespace-normal\">Inconel 718 bietet eine bessere generelle Korrosionsbest\u00e4ndigkeit<\/li>\n<li class=\"whitespace-normal\">GH3625 ist kosteneffizienter<\/li>\n<li class=\"whitespace-normal\">Inconel 718 wird f\u00fcr extreme Umgebungen bevorzugt<\/li>\n<li class=\"whitespace-normal\">GH3625 bietet eine optimale Balance von Festigkeit und Kosten<\/li>\n<\/ul>\n<h2>H\u00e4ufig gestellte Fragen zum GH3625-Pulver<\/h2>\n<p class=\"whitespace-pre-wrap\"><strong>F: Welchen Hauptanwendungen dient das GH3625 Nickellegierungspulver?<\/strong><\/p>\n<p class=\"whitespace-pre-wrap\">A: Zu den Hauptanwendungen z\u00e4hlen Flugzeugturbinenkomponenten, \u00d6l- und Gasbohrlochventile und Bohrlochwerkzeuge, Kraftwerksteile, chemische Verarbeitungsanlagen und andere Hochtemperaturkomponenten, die Festigkeit und Korrosionsbest\u00e4ndigkeit erfordern.<\/p>\n<p class=\"whitespace-pre-wrap\"><strong>F: Warum wird GH3625 bei Hochtemperaturanwendungen herk\u00f6mmlichen Edelstahlpulvern vorgezogen?<\/strong><\/p>\n<p class=\"whitespace-pre-wrap\">A: GH3625 beh\u00e4lt bei Temperaturen oberhalb von 650 \u00b0C eine deutlich h\u00f6here Festigkeit im Vergleich zu Edelstahl. Es bietet auch eine hervorragende Korrosionsbest\u00e4ndigkeit in hei\u00dfen, korrosiven Umgebungen.<\/p>\n<p class=\"whitespace-pre-wrap\"><strong>F: Welche Vorsichtsma\u00dfnahmen sollten getroffen werden, wenn mit GH3625-Pulver gearbeitet wird?<\/strong><\/p>\n<p class=\"whitespace-pre-wrap\">A: Zu den empfohlenen Vorsichtsma\u00dfnahmen geh\u00f6ren Bel\u00fcftung, geeignete PSA, Vermeiden von Z\u00fcndquellen, Befolgen sicherer Handhabungsprotokolle und Aufbewahren versiegelter Beh\u00e4lter vor Feuchtigkeit, Luft und Verunreinigungen.<\/p>\n<p class=\"whitespace-pre-wrap\"><strong>F: Wie wirkt sich Aluminium auf die Eigenschaften der Legierung GH3625 aus?<\/strong><\/p>\n<p class=\"whitespace-pre-wrap\">A: Aluminium verst\u00e4rkt die Ausscheidungsh\u00e4rtung durch die Bildung von Nickel-Aluminium-Ausscheidungen w\u00e4hrend der Alterungsbehandlung. Dies sorgt f\u00fcr eine wesentliche Festigung unter Beibehaltung einer angemessenen Duktilit\u00e4t.<\/p>\n<p><\/span><\/span><\/p>","protected":false},"excerpt":{"rendered":"<p>\u00dcbersicht \u00fcber GH3625-Pulver GH 3625-Pulver ist eine aush\u00e4rtbare Nickel-Eisen-Basislegierung, die 25%-Chrom sowie Zus\u00e4tze von Molybd\u00e4n und Aluminium enth\u00e4lt. Es bietet eine au\u00dfergew\u00f6hnliche Kombination aus hoher Festigkeit, H\u00e4rte, Korrosionsbest\u00e4ndigkeit und Oxidationsbest\u00e4ndigkeit bei erh\u00f6hten Temperaturen. Zu den wichtigsten Eigenschaften und Vorteilen von GH3625-Pulver geh\u00f6ren: Eigenschaften und Merkmale von GH3625-Pulver Eigenschaftendetails\u2026<\/p>","protected":false},"featured_media":1798,"parent":0,"template":"","meta":{"_acf_changed":false,"_kad_blocks_custom_css":"","_kad_blocks_head_custom_js":"","_kad_blocks_body_custom_js":"","_kad_blocks_footer_custom_js":"","_kad_post_transparent":"","_kad_post_title":"","_kad_post_layout":"","_kad_post_sidebar_id":"","_kad_post_content_style":"","_kad_post_vertical_padding":"","_kad_post_feature":"","_kad_post_feature_position":"","_kad_post_header":false,"_kad_post_footer":false,"_kad_post_classname":""},"product-category":[119,120],"class_list":["post-3929","product","type-product","status-publish","has-post-thumbnail","hentry","product-category-3d-printing-metal-powder","product-category-high-temperature-alloy-powder"],"acf":[],"taxonomy_info":{"product-category":[{"value":119,"label":"3D Printing Metal Powder"},{"value":120,"label":"High Temperature Alloy Powder"}]},"featured_image_src_large":["https:\/\/3dpmetal.com\/wp-content\/uploads\/2024\/02\/GH-3625-Powder.jpg",600,600,false],"author_info":[],"comment_info":"","_links":{"self":[{"href":"https:\/\/3dpmetal.com\/de\/wp-json\/wp\/v2\/product\/3929","targetHints":{"allow":["GET"]}}],"collection":[{"href":"https:\/\/3dpmetal.com\/de\/wp-json\/wp\/v2\/product"}],"about":[{"href":"https:\/\/3dpmetal.com\/de\/wp-json\/wp\/v2\/types\/product"}],"wp:featuredmedia":[{"embeddable":true,"href":"https:\/\/3dpmetal.com\/de\/wp-json\/wp\/v2\/media\/1798"}],"wp:attachment":[{"href":"https:\/\/3dpmetal.com\/de\/wp-json\/wp\/v2\/media?parent=3929"}],"wp:term":[{"taxonomy":"product-category","embeddable":true,"href":"https:\/\/3dpmetal.com\/de\/wp-json\/wp\/v2\/product-category?post=3929"}],"curies":[{"name":"wp","href":"https:\/\/api.w.org\/{rel}","templated":true}]}}