{"id":3932,"date":"2024-03-18T06:10:14","date_gmt":"2024-03-18T06:10:14","guid":{"rendered":"https:\/\/3dp.45612300.xyz\/product\/cucrzr-powder\/"},"modified":"2024-03-18T06:10:14","modified_gmt":"2024-03-18T06:10:14","slug":"cucrzr-powder","status":"publish","type":"product","link":"https:\/\/3dpmetal.com\/de\/product\/cucrzr-powder\/","title":{"rendered":"CuCrZr-Pulver"},"content":{"rendered":"<p><span style=\"vertical-align: inherit;\"><span style=\"vertical-align: inherit;\"><\/p>\n<h2>\u00dcbersichtsbericht \u00fcber CuCrZr-Pulver<\/h2>\n<p class=\"whitespace-pre-wrap\">CuCrZr-Pulver ist ein Legierungspulver, das aus Kupfer (Cu), Chrom (Cr) und Zirkonium (Zr) besteht. Es bietet eine einzigartige Kombination von Eigenschaften, die es f\u00fcr Hochleistungsanwendungen geeignet macht, die hohe Festigkeit, gute Leitf\u00e4higkeit und Best\u00e4ndigkeit gegen Erweichung bei erh\u00f6hten Temperaturen erfordern.<\/p>\n<h2>Zusammensetzung von CuCrZr-Pulver<\/h2>\n<p class=\"whitespace-pre-wrap\">CuCrZr ist eine aush\u00e4rtbare Legierung, d. h. ihre hohe Festigkeit beruht auf koh\u00e4renten Ausscheidungen in der Metallmatrix. Die Zusammensetzung ist entscheidend f\u00fcr eine optimale Aush\u00e4rtungsreaktion. Nachfolgend die typischen Zusammensetzungsbereiche:<\/p>\n<table>\n<thead>\n<tr>\n<th>Element<\/th>\n<th>Kompositionsbereich<\/th>\n<\/tr>\n<\/thead>\n<tbody>\n<tr>\n<td>Kupfer (Cu)<\/td>\n<td>Rest<\/td>\n<\/tr>\n<tr>\n<td>Chrom (Cr)<\/td>\n<td>0,5 - 1,2 Gew.-%<\/td>\n<\/tr>\n<tr>\n<td>Zirkonium (Zr)<\/td>\n<td>0,03 - 0,3 Gew.-%<\/td>\n<\/tr>\n<\/tbody>\n<\/table>\n<ul class=\"list-disc pl-8 space-y-2\">\n<li class=\"whitespace-normal\">Kupfer bildet die Matrix und bietet W\u00e4rme- und elektrische Leitf\u00e4higkeit.<\/li>\n<li class=\"whitespace-normal\">Chrom tr\u00e4gt zur Gef\u00fcgefestigkeit von L\u00f6sungen bei und bildet Ausscheidungen, um die Versetzungsbewegung zu behindern.<\/li>\n<li class=\"whitespace-normal\">Zirkon bildet zusammenh\u00e4ngende Ausf\u00e4llungen mit Kupfer und erm\u00f6glicht so, dass es ausgeh\u00e4rtet werden kann.<\/li>\n<\/ul>\n<p class=\"whitespace-pre-wrap\">Der Chrom- und Zirkongehalt wird optimiert, um die Festigkeit durch Ausscheidungsh\u00e4rtung zu maximieren, und bewahrt dennoch eine ansehnliche Leitf\u00e4higkeit.<\/p>\n<h2>Eigenschaften von CuCrZr-Pulver<\/h2>\n<p class=\"whitespace-pre-wrap\">CuCrZr-Pulver bietet aufgrund seiner durch Ausscheidungsh\u00e4rtung erzeugten Eigenschaften eine au\u00dfergew\u00f6hnliche Kombination aus Festigkeit, Leitf\u00e4higkeit und W\u00e4rmebest\u00e4ndigkeit. Hier sind einige Haupteigenschaften:<\/p>\n<table>\n<thead>\n<tr>\n<th>Immobilie<\/th>\n<th>Wert<\/th>\n<\/tr>\n<\/thead>\n<tbody>\n<tr>\n<td>Dichte<\/td>\n<td>8,8 g\/cm3<\/td>\n<\/tr>\n<tr>\n<td>Elektrische Leitf\u00e4higkeit<\/td>\n<td>22\u201348 % IACS<\/td>\n<\/tr>\n<tr>\n<td>W\u00e4rmeleitf\u00e4higkeit<\/td>\n<td>200 \u2013 300 W\/m-K<\/td>\n<\/tr>\n<tr>\n<td>Schmelzpunkt<\/td>\n<td>1065\u00a1\u00abC<\/td>\n<\/tr>\n<tr>\n<td>W\u00e4rmeausdehnungskoeffizient<\/td>\n<td>16,5 x 10^-6?\/\u00a1\u00abC<\/td>\n<\/tr>\n<tr>\n<td>Elastizit\u00e4tsmodul<\/td>\n<td>124 GPa<\/td>\n<\/tr>\n<tr>\n<td>Streckgrenze<\/td>\n<td>350 \u2013 650 MPa<\/td>\n<\/tr>\n<tr>\n<td>Verl\u00e4ngerung<\/td>\n<td>8-15%<\/td>\n<\/tr>\n<tr>\n<td>Oxidationsbest\u00e4ndigkeit<\/td>\n<td>Gut bis 900\u00a1\u00abC<\/td>\n<\/tr>\n<\/tbody>\n<\/table>\n<ul class=\"list-disc pl-8 space-y-2\">\n<li class=\"whitespace-normal\">Hat es?<strong>hohe Festigkeit<\/strong>? \u00fcber Aush\u00e4rtung resultieren und dennoch eine moderate Leitf\u00e4higkeit aufweisen. Die Festigkeit kann durch W\u00e4rmebehandlung angepasst werden.<\/li>\n<li class=\"whitespace-normal\"><strong>Extreme Leitf\u00e4higkeit<\/strong>?Im Vergleich zu abgestuften Edelst\u00e4hle aufgrund des h\u00f6heren Kupfergehalts in der Matrix.<\/li>\n<li class=\"whitespace-normal\"><strong>Gute Hitzebest\u00e4ndigkeit<\/strong>?mit Festigkeit und Leitf\u00e4higkeitserhalt bis 400-500 \u00b0C. Im Vergleich zu anderen Cu-Legierungen weniger Erweichung zutr\u00e4glich.<\/li>\n<li class=\"whitespace-normal\"><strong>Oxydationsbest\u00e4ndig und korrosionsfest<\/strong>?durch die Bildung einer sch\u00fctzenden Cr2O3-Oxidschicht.<\/li>\n<\/ul>\n<p class=\"whitespace-pre-wrap\">Dieses einzigartige Eigenschaftsprofil macht CuCrZr geeignet f\u00fcr Anwendungen wie Widerstandsschwei\u00dfelektroden, W\u00e4rmemanagementkomponenten und Hochtemperaturfedern.<\/p>\n<h2>Anwendungen und Verwendungen von CuCrZr-Pulver<\/h2>\n<p class=\"whitespace-pre-wrap\">Die ausgewogenen Eigenschaften von CuCrZr-Pulver machen es f\u00fcr die folgenden Anwendungen geeignet:<\/p>\n<table>\n<thead>\n<tr>\n<th>Bewerbung<\/th>\n<th>Grund der Verwendung<\/th>\n<\/tr>\n<\/thead>\n<tbody>\n<tr>\n<td>Widerstandsschwei\u00dfelektroden<\/td>\n<td>Hohe Best\u00e4ndigkeit, gute Leitf\u00e4higkeit, Widerstandsf\u00e4higkeit gegen Verformung bei erh\u00f6hten Temperaturen<\/td>\n<\/tr>\n<tr>\n<td>K\u00fchlk\u00f6rper und Heatpipes<\/td>\n<td>Hohe Temperaturwechselfestigkeit in Kombination mit hoher Temperaturfestigkeit<\/td>\n<\/tr>\n<tr>\n<td>Elektrische Kontakte und Stecker<\/td>\n<td>Gute Leitf\u00e4higkeit und hohe Festigkeit erm\u00f6glicht Miniaturisierung<\/td>\n<\/tr>\n<tr>\n<td>Hei\u00dfe Quellen<\/td>\n<td>Festigkeitserhaltung bei hohen Temperaturen<\/td>\n<\/tr>\n<tr>\n<td>Glas-Dichtungslegierungen<\/td>\n<td>Enge \u00dcbereinstimmung von CTE mit Borosilikatglas<\/td>\n<\/tr>\n<\/tbody>\n<\/table>\n<ul class=\"list-disc pl-8 space-y-2\">\n<li class=\"whitespace-normal\"><strong>Widerstandsschwei\u00dfelektroden<\/strong>?- Dank seiner hervorragenden Leitf\u00e4higkeit entsteht beim Schwei\u00dfen weniger W\u00e4rme, sodass schnellere Schwei\u00dfzeiten m\u00f6glich sind. Hohe Festigkeit verhindert, dass Elektrodenpilze entstehen.<\/li>\n<li class=\"whitespace-normal\"><strong>W\u00e4rmemanagement<\/strong>?- Wird in W\u00e4rmetauschern, K\u00fchlk\u00f6rpern, W\u00e4rmerohren usw. verwendet, in denen eine hohe W\u00e4rmeleitf\u00e4higkeit W\u00e4rme schnell abf\u00fchrt und gleichzeitig die mechanische Integrit\u00e4t aufrechterh\u00e4lt.<\/li>\n<li class=\"whitespace-normal\"><strong>Elektrische Kontakte<\/strong>Kann Berylliumkupferkontakte aufgrund der h\u00f6heren Festigkeit und \u00e4hnlichen Leitf\u00e4higkeit in vielen Anwendungen ersetzen?<\/li>\n<li class=\"whitespace-normal\"><strong>Hei\u00dfe Quellen<\/strong>?- F\u00fcr Federn, die bis zu 500\u00a1\u00abC betrieben werden, ohne die Belastbarkeit zu verlieren, im Gegensatz zu Stahlfedern.<\/li>\n<li class=\"whitespace-normal\"><strong>Glas-Metall-Verbindungen<\/strong>?- CTE entspricht dem von Borosilikatglas, wodurch sich Anwendungen f\u00fcr Glasdichtungen mit geringer Spannung ergeben.<\/li>\n<\/ul>\n<p class=\"whitespace-pre-wrap\">Die Ausscheidungs-H\u00e4rtef\u00e4higkeit von CuCrZr erm\u00f6glicht die Anpassung der Festigkeit an die spezifischen Anwendungsanforderungen, einfach durch die Modifikation der W\u00e4rmebehandlungsparameter.<\/p>\n<h2>CuCrZr-Pulverspezifikationen<\/h2>\n<p class=\"whitespace-pre-wrap\">CuCrZr Pulver ist in verschiedenen Gr\u00f6\u00dfenbereichen und Reinheitsgraden erh\u00e4ltlich und kann gem\u00e4\u00df den Anwendungsanforderungen individuell gestaltet werden. Im Folgenden finden Sie einige g\u00e4ngige Spezifikationen:<\/p>\n<table>\n<thead>\n<tr>\n<th>Spezifikation<\/th>\n<th>Details<\/th>\n<\/tr>\n<\/thead>\n<tbody>\n<tr>\n<td>Gr\u00f6\u00dfenpalette<\/td>\n<td>10 - 150 Mikrometer<\/td>\n<\/tr>\n<tr>\n<td>Reinheit<\/td>\n<td>Bis zu 99,9 %<\/td>\n<\/tr>\n<tr>\n<td>Kohlenstoffgehalt<\/td>\n<td>&lt;100 ppm<\/td>\n<\/tr>\n<tr>\n<td>Sauerstoffgehalt<\/td>\n<td>&lt; 500 ppm<\/td>\n<\/tr>\n<tr>\n<td>Partikelform<\/td>\n<td>Sph\u00e4risch, unregelm\u00e4\u00dfig<\/td>\n<\/tr>\n<tr>\n<td>Anscheindichte<\/td>\n<td>Bis zu 80 % der theoretischen Dichte<\/td>\n<\/tr>\n<tr>\n<td>Durchflussrate<\/td>\n<td>Bis zu 25 s\/50 g<\/td>\n<\/tr>\n<\/tbody>\n<\/table>\n<ul class=\"list-disc pl-8 space-y-2\">\n<li class=\"whitespace-normal\">Die Pul Gr\u00f6\u00dfe wirkt sich direkt auf die Dichte und die Oberfl\u00e4cheng\u00fcte der Fertigteile aus. Feineres Pulver erzeugt eine h\u00f6here Dichte und bessere Oberfl\u00e4cheng\u00fcte.<\/li>\n<li class=\"whitespace-normal\">Hoher Reinheitsgrad minimiert Kontaminationsprobleme bei der Konsolidierung und verbessert die finalen Eigenschaften.<\/li>\n<li class=\"whitespace-normal\">Durch Gas zerst\u00e4ubtes Pulver hat eine glatte, kugelf\u00f6rmige Morphologie, die ideal f\u00fcr additive Fertigung ist. Durch Wasser zerst\u00e4ubtes Pulver hat eine unregelm\u00e4\u00dfige Form, die n\u00fctzlich f\u00fcr Press- und Sinteranwendungen ist.<\/li>\n<li class=\"whitespace-normal\">Die Sch\u00fcttdichte beschreibt, wie fest sich ein Pulver verdichten l\u00e4sst. Eine gr\u00f6\u00dfere Dichte verbessert das Sintern.<\/li>\n<li class=\"whitespace-normal\">Die Flie\u00dfgeschwindigkeit beeinflusst die einfache Pulverhandhabung und die einheitliche Matrizenf\u00fcllung in Press- und Sinterprozessen.<\/li>\n<\/ul>\n<p class=\"whitespace-pre-wrap\">Pulverattribute k\u00f6nnen gem\u00e4\u00df den Anforderungen der Anwendung angepasst werden, wie z. B. Partikelgr\u00f6\u00dfenverteilung, Form, Sch\u00fcttdichte usw.<\/p>\n<h2>Konsolidierungsmethoden f\u00fcr CuCrZr-Pulver<\/h2>\n<p class=\"whitespace-pre-wrap\">CuCrZr-Pulver kann unter Verwendung von Methoden wie:<\/p>\n<table>\n<thead>\n<tr>\n<th>Konsolidierungsmethode<\/th>\n<th>Details<\/th>\n<\/tr>\n<\/thead>\n<tbody>\n<tr>\n<td>Additive Fertigung<\/td>\n<td>Selektives Laserschmelzen, Elektronenstrahlschmelzen<\/td>\n<\/tr>\n<tr>\n<td>Pressen und Sintern<\/td>\n<td>Anschlie\u00dfend infiltrieren oder w\u00e4rmebehandeln<\/td>\n<\/tr>\n<tr>\n<td>Hei\u00dfisostatisches Pressen<\/td>\n<td>Volle Verdichtung von eingekapseltem Pulver<\/td>\n<\/tr>\n<tr>\n<td>Extrusion<\/td>\n<td>Schmieden von Pulver mit Schmiermitteln gemischt<\/td>\n<\/tr>\n<tr>\n<td>Funkenplasma-Sintern<\/td>\n<td>Schnelle Verdichtung mit gepulstem Strom<\/td>\n<\/tr>\n<\/tbody>\n<\/table>\n<p class=\"whitespace-pre-wrap\">Additive Herstellungsverfahren wie das Selektive Laserschmelzen und Elektronenstrahlschmelzen werden \u00fcblicherweise dazu eingesetzt, komplexe, netzf\u00f6rmige CuCrZr-Teile mit einer feinen Mikrostruktur direkt aus Pulver herzustellen.<\/p>\n<p class=\"whitespace-pre-wrap\">Das Press- und Sinterverfahren ist wirtschaftlich f\u00fcr die Gro\u00dfserienproduktion, beinhaltet aber mehrere Schritte. Die endg\u00fcltigen Eigenschaften h\u00e4ngen von Sintertemperatur, Zeit, Atmosph\u00e4re usw. ab.<\/p>\n<p class=\"whitespace-pre-wrap\">Isotropisches Hei\u00dfpressen wendet hohen Druck an, der eine vollst\u00e4ndige Verdichtung bei niedrigeren Temperaturen erm\u00f6glicht. Es verringert die Porosit\u00e4t bei additiv gefertigten Teilen und verbessert die Lebensdauer in Bezug auf Erm\u00fcdung.<\/p>\n<p class=\"whitespace-pre-wrap\">Extrusion und Funkenerosionssintern sind alternative Methoden, die sich f\u00fcr einfachere Geometrien eignen. Der Verfestigungsprozess beeinflusst die endg\u00fcltige Mikrostruktur, Eigenschaften und Leistung.<\/p>\n<h2>W\u00e4rmebehandlung der Cu-Cr-Zr Legierung<\/h2>\n<p class=\"whitespace-pre-wrap\">Ein wesentlicher Vorteil der CuCrZr-Legierung ist ihre Aush\u00e4rtungsantwort. L\u00f6sungsgl\u00fch- und Alterungsw\u00e4rmebehandlungen k\u00f6nnen ihre St\u00e4rke je nach Bedarf erheblich ver\u00e4ndern:<\/p>\n<table>\n<thead>\n<tr>\n<th>W\u00e4rmebehandlung<\/th>\n<th>Details<\/th>\n<\/tr>\n<\/thead>\n<tbody>\n<tr>\n<td>Gl\u00fchung zum H\u00e4rten<\/td>\n<td>850-980 \u00b0C, Abschrecken mit Wasser. L\u00f6st Ausscheidungen, weicht die Legierung auf<\/td>\n<\/tr>\n<tr>\n<td>Altern<\/td>\n<td>350-500 \u00b0C 1-4 Stunden. Kontrolliert Niederschlag und Aush\u00e4rtung.<\/td>\n<\/tr>\n<tr>\n<td>Stressabbau<\/td>\n<td>350\u00a1\u00abC f\u00fcr 1 Stunde. Entfernt restliche Belastungen.<\/td>\n<\/tr>\n<\/tbody>\n<\/table>\n<p class=\"whitespace-pre-wrap\">Die L\u00f6sungsgl\u00fchung l\u00f6st Chrom und Zirkonium in fester L\u00f6sung, gefolgt von einer raschen Abschreckung, um eine \u00fcbers\u00e4ttigte feste L\u00f6sung zu bilden. Die anschlie\u00dfende Alterungsbehandlung f\u00fchrt zur Bildung feiner koh\u00e4renter Ausscheidungen, was zu einer Ausscheidungsh\u00e4rtung f\u00fchrt.<\/p>\n<p class=\"whitespace-pre-wrap\">Alterungszeit und -temperatur haben einen direkten Einfluss auf die Aush\u00e4rtereaktion. Niedrigere Aush\u00e4rtetemperaturen und k\u00fcrzere Zeiten erhalten die Leitf\u00e4higkeit. Ausscheidungsh\u00e4rtung kann die St\u00e4rke im Vergleich zum l\u00f6sungsbehandelten Zustand verdreifachen.<\/p>\n<p class=\"whitespace-pre-wrap\">Die Linderung von Spannungen hilft, Restspannungen von vorangegangenen Kaltoder Warmverformungen zu verringern, um Verformungen w\u00e4hrend der Bearbeitung zu minimieren.<\/p>\n<h2>Vergleich von CuCrZr-Pulver mit Alternativen<\/h2>\n<p class=\"whitespace-pre-wrap\">CuCrZr konkurriert mit Legierungen wie ausscheidungsh\u00e4rtenden rostfreien St\u00e4hlen, Berylliumkupfer und Neusilber:<\/p>\n<table>\n<thead>\n<tr>\n<th>Legierung<\/th>\n<th>KuCrZr<\/th>\n<th>17-4PH martensitischer Edelstahl<\/th>\n<th>Be-Cu<\/th>\n<th>Ni-Ag<\/th>\n<\/tr>\n<\/thead>\n<tbody>\n<tr>\n<td>St\u00e4rke<\/td>\n<td>Ausgezeichnet<\/td>\n<td>Ausgezeichnet<\/td>\n<td>M\u00e4\u00dfig<\/td>\n<td>Gut<\/td>\n<\/tr>\n<tr>\n<td>Leitf\u00e4higkeit<\/td>\n<td>Gut<\/td>\n<td>Arm<\/td>\n<td>Ausgezeichnet<\/td>\n<td>Gut<\/td>\n<\/tr>\n<tr>\n<td>Verarbeitbarkeit<\/td>\n<td>M\u00e4\u00dfig<\/td>\n<td>Gut<\/td>\n<td>Ausgezeichnet<\/td>\n<td>Ausgezeichnet<\/td>\n<\/tr>\n<tr>\n<td>Schwei\u00dfbarkeit<\/td>\n<td>M\u00e4\u00dfig<\/td>\n<td>M\u00e4\u00dfig<\/td>\n<td>Ausgezeichnet<\/td>\n<td>Gut<\/td>\n<\/tr>\n<tr>\n<td>Kosten<\/td>\n<td>Mittelm\u00e4ssig<\/td>\n<td>High<\/td>\n<td>Sehr hoch<\/td>\n<td>Mittelm\u00e4ssig<\/td>\n<\/tr>\n<\/tbody>\n<\/table>\n<ul class=\"list-disc pl-8 space-y-2\">\n<li class=\"whitespace-normal\"><strong>rostfreier Stahl 17-4PH<\/strong>?hat vergleichbare Festigkeit, aber deutlich niedrigere Leitf\u00e4higkeit aufgrund von h\u00f6herem Cr- und Ni-Gehalt.<\/li>\n<li class=\"whitespace-normal\"><strong>Beryllium-Kupfer<\/strong>? hat eine ausgezeichnete Leitf\u00e4higkeit, aber eine geringere Festigkeit. Teuer und toxisch.<\/li>\n<li class=\"whitespace-normal\"><strong>Neusilber<\/strong>? hat eine gute Festigkeit, aber niedrigere Betriebstemperaturen. Hervorragende Verformbarkeit.<\/li>\n<li class=\"whitespace-normal\"><strong>KuCrZr<\/strong>bietet die beste Balance aus St\u00e4rke, Leitf\u00e4higkeit, Verarbeitbarkeit und Kosten f\u00fcr viele Anwendungen.<\/li>\n<\/ul>\n<p class=\"whitespace-pre-wrap\">F\u00fcr eine Kombination aus Festigkeit und Leitf\u00e4higkeit bietet CuCrZr im Vergleich zu ausgeh\u00e4rteten Edelst\u00e4hlen oder Berylliumkupferlegierungen mehr Leistung bei geringeren Kosten.<\/p>\n<h2>CuCrZr Pulveranbieter<\/h2>\n<p class=\"whitespace-pre-wrap\">CuCrZr-Pulver wird von spezialisierten Herstellern von Metallpulver geliefert. Hier sind einige der wichtigsten Anbieter:<\/p>\n<table>\n<thead>\n<tr>\n<th>Anbieter<\/th>\n<th>Pulverattribute<\/th>\n<\/tr>\n<\/thead>\n<tbody>\n<tr>\n<td>Sandvik<\/td>\n<td>Gr\u00f6\u00dfenbereich 10-150 \u00b5m, scheinbare Dichte bis 65 %, unregelm\u00e4\u00dfiges und sph\u00e4risches Pulver<\/td>\n<\/tr>\n<tr>\n<td>Hoganas<\/td>\n<td>Gr\u00f6\u00dfenbereich 45-150 \u00c3\u00d7m, Scheinbare Dichte bis zu 80%, Kugelpulver, Hohe Reinheit<\/td>\n<\/tr>\n<tr>\n<td>Pometon<\/td>\n<td>Gr\u00f6\u00dfenbereich 10-63 \u00c3\u00d7m, Scheinbare Dichte bis zu 65%, Sph\u00e4risches und unregelm\u00e4\u00dfiges Pulver<\/td>\n<\/tr>\n<tr>\n<td>CNPC-Pulver<\/td>\n<td>Gr\u00f6\u00dfenbereich 10-150 \u00c3 \u00d7 m, Scheindichte bis zu 75 %, Hohe Reinheit<\/td>\n<\/tr>\n<\/tbody>\n<\/table>\n<p class=\"whitespace-pre-wrap\">Verschiedene Pulverqualit\u00e4ten sind f\u00fcr additive Produktions-, Druck- und Sinteranwendungen lieferbar und werden auf kundenspezifische Bed\u00fcrfnisse zugeschnitten.<\/p>\n<p class=\"whitespace-pre-wrap\">Angesehene Lieferanten f\u00fchren eine umfassende Qualit\u00e4tskontrolle in der Pulverproduktion durch und liefern M\u00fchlenzertifikate mit Nachweisen zur Partienzusammensetzung.<\/p>\n<h2>CuCrZr Pulverpreise<\/h2>\n<p class=\"whitespace-pre-wrap\">Als Speziallegierungspulver ist CuCrZr teurer als Standardmaterialpulver. Nachfolgend einige typische Preisspannen:<\/p>\n<table>\n<thead>\n<tr>\n<th>Pulverg\u00fctemerkmal<\/th>\n<th>Teilchengr\u00f6sse<\/th>\n<th>Preisspanne<\/th>\n<\/tr>\n<\/thead>\n<tbody>\n<tr>\n<td>CuCrZr f\u00fcr AM<\/td>\n<td>15\u201345 \u00b5m<\/td>\n<td>100-150 \u20ac pro kg<\/td>\n<\/tr>\n<tr>\n<td>CuCrZr f\u00fcr Press &amp; Sinter<\/td>\n<td>45-150 \u00c3\u2013m<\/td>\n<td>50-100 \u20ac pro kg<\/td>\n<\/tr>\n<tr>\n<td>Kupfer-Chrom-Zirkonium von hoher Reinheit<\/td>\n<td>10-45 \u00c5<\/td>\n<td>180$-250$ pro kg<\/td>\n<\/tr>\n<\/tbody>\n<\/table>\n<ul class=\"list-disc pl-8 space-y-2\">\n<li class=\"whitespace-normal\">Feines Pulver unter 45 Mikrometer liegt normalerweise bei \u00fcber 100 $\/kg und ist ideal f\u00fcr additive Fertigung.<\/li>\n<li class=\"whitespace-normal\">Gr\u00f6beres Pulver 45-150 Mikrometer kostet 50-100 $ \/ kg, geeignet f\u00fcr Press- und Sinterroute.<\/li>\n<li class=\"whitespace-normal\">Hochreines (&gt;99,9%) Pulver f\u00fcr kritische Anwendungen hat einen Premiumpreis von \u00fcber 180 USD\/kg.<\/li>\n<li class=\"whitespace-normal\">Die Reduzierung des Sauerstoff- und Kohlenstoffgehalts verbessert die Konsolidierung und finale Eigenschaften.<\/li>\n<li class=\"whitespace-normal\">Die Preise variieren je nach Menge, Gr\u00f6\u00dfenbereich, Qualit\u00e4tsstufe des Pulvers.<\/li>\n<\/ul>\n<p class=\"whitespace-pre-wrap\">Mengenrabatte von 1 kg bis zu mehreren Tonnen k\u00f6nnen mit Lieferanten ausgehandelt werden. Pulver mit hoher Reinheit und kontrollierter Partikelgr\u00f6\u00dfenverteilung erzielen h\u00f6here Preise.<\/p>\n<h2>CuCrZr-Pulver: Gesundheit und Sicherheit<\/h2>\n<p class=\"whitespace-pre-wrap\">Wie die meisten Metallpulver muss CuCrZr-Pulver mit Sorgfalt gehandhabt werden, um Risiken f\u00fcr Gesundheit und Sicherheit zu minimieren:<\/p>\n<table>\n<thead>\n<tr>\n<th>Gefahr<\/th>\n<th>Vorsichtsma\u00dfnahmen<\/th>\n<th>PSA<\/th>\n<\/tr>\n<\/thead>\n<tbody>\n<tr>\n<td>Blickkontakt<\/td>\n<td>Vermeiden Sie direkten Kontakt. Reiben Sie sich nach Kontakt nicht die Augen. Sp\u00fclen Sie mit Wasser, wenn Sie Kontakt hatten.<\/td>\n<td>Schutzbrille<\/td>\n<\/tr>\n<tr>\n<td>Hautkontakt<\/td>\n<td>Direkter Kontakt vermeiden. Betroffene Hautstellen gr\u00fcndlich mit Wasser und Seife reinigen.<\/td>\n<td>Handschuhe<\/td>\n<\/tr>\n<tr>\n<td>Einatmung<\/td>\n<td>Einatmen von Pulverstaub vermeiden. F\u00fcr ausreichende Bel\u00fcftung sorgen.<\/td>\n<td>zugelassene Atemschutzmasken<\/td>\n<\/tr>\n<tr>\n<td>Zufuhr<\/td>\n<td>Ber\u00fchrung mit dem Mund vermeiden. H\u00e4nde nach dem Umgang waschen.<\/td>\n<td>&#8211;<\/td>\n<\/tr>\n<tr>\n<td>Feuer<\/td>\n<td>Verwenden Sie trockenen Sand, um Metallpulverfeuer zu l\u00f6schen. Verwenden Sie kein Wasser.<\/td>\n<td>Feuerl\u00f6sch- und Sicherheitsausr\u00fcstung<\/td>\n<\/tr>\n<\/tbody>\n<\/table>\n<ul class=\"list-disc pl-8 space-y-2\">\n<li class=\"whitespace-normal\">PSA tragen \u2014 Schutzbrille, Handschuhe, Atemschutzger\u00e4t bei der Handhabung von Pulver, um den Kontakt zu minimieren.<\/li>\n<li class=\"whitespace-normal\">ACHTEN SIE AUF EINE GUTE HYGIENE, NACHDEM SIE MIT PULVER GEARBEITET HABEN.<\/li>\n<li class=\"whitespace-normal\">Ablagerung von Pulverstaub auf Oberfl\u00e4chen verhindern.<\/li>\n<li class=\"whitespace-normal\">Verpackte Kartuschen in einem k\u00fchlen, trockenen Bereich fernab von Z\u00fcndquellen lagern.<\/li>\n<\/ul>\n<p class=\"whitespace-pre-wrap\">Siehe SDS f\u00fcr vollst\u00e4ndige Sicherheitshinweise. Bei Hautreizungen \u00e4rztliche Hilfe einholen. Geeignete Sicherheitsprotokolle minimieren die Risiken beim Hantieren mit CuCrZr-Pulver.<\/p>\n<h2>Inspizieren und Testen von CuCrZr-Pulver<\/h2>\n<p class=\"whitespace-pre-wrap\">Um eine hohe Qualit\u00e4t und Konsistenz sicherzustellen, sollte CuCrZr-Pulver f\u00fcr folgende Dinge untersucht und gepr\u00fcft werden:<\/p>\n<table>\n<thead>\n<tr>\n<th>Parameter<\/th>\n<th>Methode<\/th>\n<th>Spezifikation<\/th>\n<\/tr>\n<\/thead>\n<tbody>\n<tr>\n<td>Chemische Zusammensetzung<\/td>\n<td>RFA, Nasschemie<\/td>\n<td>Entsprechung des festgelegten Cu-, Cr- und Zr-Gehalts<\/td>\n<\/tr>\n<tr>\n<td>Korngr\u00f6\u00dfenverteilung<\/td>\n<td>Laserbeugung, Siebung<\/td>\n<td>Mittlere Gr\u00f6\u00dfe, D10, D90 im vorgegebenen Bereich<\/td>\n<\/tr>\n<tr>\n<td>Pulvermorphologie<\/td>\n<td>SEM-Bildgebung<\/td>\n<td>Kugelform, minimaler Satelliten f\u00fcr AM-Pulver<\/td>\n<\/tr>\n<tr>\n<td>Anscheindichte<\/td>\n<td>Hallen-Durchflussmessger\u00e4t<\/td>\n<td>Wie f\u00fcr den Einsatz angegeben<\/td>\n<\/tr>\n<tr>\n<td>Durchflussrate<\/td>\n<td>Hallen-Durchflussmessger\u00e4t<\/td>\n<td>Wie f\u00fcr den Einsatz angegeben<\/td>\n<\/tr>\n<tr>\n<td>Verunreinigungen<\/td>\n<td>ICP, LECO-Analyse<\/td>\n<td>Niedriger Sauerstoff- und Stickstoffgehalt<\/td>\n<\/tr>\n<\/tbody>\n<\/table>\n<p class=\"whitespace-pre-wrap\">Durch ordnungsgem\u00e4\u00dfe Qualit\u00e4tskontrolle w\u00e4hrend des Prozesses und eine abschlie\u00dfende Inspektion wird sichergestellt, dass das Pulver die chemischen, physikalischen und morphologischen Eigenschaften erf\u00fcllt, die f\u00fcr die vorgesehene Anwendung ben\u00f6tigt werden. Routinem\u00e4\u00dfige Tests sollten sowohl vom Pulverhersteller als auch vom -anwender durchgef\u00fchrt werden.<\/p>\n<h2>FAQs<\/h2>\n<p class=\"whitespace-pre-wrap\"><strong>F. Wof\u00fcr wird die CuCrZr-Legierung verwendet?<\/strong><\/p>\n<p class=\"whitespace-pre-wrap\">A. CuCrZr wird in Anwendungen verwendet, die eine hohe Festigkeit in Verbindung mit einer guten elektrischen und thermischen Leitf\u00e4higkeit erfordern, wie z. B. Widerstandsschwei\u00dfelektroden, K\u00fchlk\u00f6rper und Hochtemperaturfedern.<\/p>\n<p class=\"whitespace-pre-wrap\"><strong>Q. Wie wird CuCrZr-Pulver hergestellt?<\/strong><\/p>\n<p class=\"whitespace-pre-wrap\">A. CuCrZr wird durch Gas- oder Wasserzerst\u00e4ubung der geschmolzenen Legierung hergestellt, um feine sph\u00e4rische oder unregelm\u00e4\u00dfige Pulverteilchen zu erhalten, deren Gr\u00f6\u00dfe f\u00fcr den AM- oder Press- und Sinter-Einsatz optimiert ist.<\/p>\n<p class=\"whitespace-pre-wrap\"><strong>F. Was beeinflusst die Eigenschaften von CuCrZr-Teilen?<\/strong><\/p>\n<p class=\"whitespace-pre-wrap\">A. Eigenschaften h\u00e4ngen ab von der Zusammensetzung, Qualit\u00e4t des Pulvers, Konsolidierungsverfahren und -parametern, von W\u00e4rmebehandlung sowie von der Mikrostruktur. Die F\u00e4higkeit zur Ausscheidungsh\u00e4rtung von CuCrZr erlaubt auch die individuelle Anpassung der Festigkeit.<\/p>\n<p class=\"whitespace-pre-wrap\"><strong>F. Worin besteht der Unterschied zwischen gaszerst\u00e4ubtem und wasserzerst\u00e4ubtem CuCrZr-Pulver?<\/strong><\/p>\n<p class=\"whitespace-pre-wrap\">A. Gasverdampftes Pulver hat eine kugelf\u00f6rmige Morphologie, die sich ideal f\u00fcr die AM-Bearbeitung eignet, wohingegen wasserverdampftes Pulver eine unregelm\u00e4\u00dfige Form hat, die f\u00fcr die Press- und Sinteranwendung geeignet ist.<\/p>\n<p class=\"whitespace-pre-wrap\"><strong>F. Ben\u00f6tigt die CuCrZr-Legierung eine W\u00e4rmebehandlung?<\/strong><\/p>\n<p class=\"whitespace-pre-wrap\">A. Ja, L\u00f6sungsgl\u00fchung und Alterungsw\u00e4rmebehandlungen erm\u00f6glichen eine Optimierung von Festigkeit und Leitf\u00e4higkeit, indem sie die Ausf\u00e4llung in der Legierungsfeinstruktur steuern.<\/p>\n<p class=\"whitespace-pre-wrap\"><strong>F. Was ist der typische Preis f\u00fcr CuCrZr-Pulver?<\/strong><\/p>\n<p class=\"whitespace-pre-wrap\">A. CuCrZr-Pulver liegt im Bereich von 50 $\/kg f\u00fcr Press- und Sinterqualit\u00e4t bis 250 $\/kg f\u00fcr hochreines AM-Pulver. Feink\u00f6rnigere Fraktionen und h\u00f6here Reinheit steigern die Kosten.<\/p>\n<p><\/span><\/span><\/p>","protected":false},"excerpt":{"rendered":"<p>CuCrZr-Pulver \u00dcbersicht CuCrZr-Pulver ist ein Legierungspulver, das aus Kupfer (Cu), Chrom (Cr) und Zirkonium (Zr) besteht. Es bietet eine einzigartige Kombination von Eigenschaften, die es f\u00fcr Hochleistungsanwendungen geeignet machen, die hohe Festigkeit, gute Leitf\u00e4higkeit und Best\u00e4ndigkeit gegen Erweichung bei erh\u00f6hten Temperaturen erfordern. Zusammensetzung von CuCrZr-Pulver CuCrZr ist eine ausscheidungsgeh\u00e4rtete Legierung...<\/p>","protected":false},"featured_media":1862,"parent":0,"template":"","meta":{"_acf_changed":false,"_kad_blocks_custom_css":"","_kad_blocks_head_custom_js":"","_kad_blocks_body_custom_js":"","_kad_blocks_footer_custom_js":"","_kad_post_transparent":"","_kad_post_title":"","_kad_post_layout":"","_kad_post_sidebar_id":"","_kad_post_content_style":"","_kad_post_vertical_padding":"","_kad_post_feature":"","_kad_post_feature_position":"","_kad_post_header":false,"_kad_post_footer":false,"_kad_post_classname":""},"product-category":[119,129],"class_list":["post-3932","product","type-product","status-publish","has-post-thumbnail","hentry","product-category-3d-printing-metal-powder","product-category-copper-alloy-powder"],"acf":[],"taxonomy_info":{"product-category":[{"value":119,"label":"3D Printing Metal Powder"},{"value":129,"label":"Copper Alloy Powder"}]},"featured_image_src_large":["https:\/\/3dpmetal.com\/wp-content\/uploads\/2024\/02\/CuCrZr-Powder.jpg",600,600,false],"author_info":[],"comment_info":"","_links":{"self":[{"href":"https:\/\/3dpmetal.com\/de\/wp-json\/wp\/v2\/product\/3932","targetHints":{"allow":["GET"]}}],"collection":[{"href":"https:\/\/3dpmetal.com\/de\/wp-json\/wp\/v2\/product"}],"about":[{"href":"https:\/\/3dpmetal.com\/de\/wp-json\/wp\/v2\/types\/product"}],"wp:featuredmedia":[{"embeddable":true,"href":"https:\/\/3dpmetal.com\/de\/wp-json\/wp\/v2\/media\/1862"}],"wp:attachment":[{"href":"https:\/\/3dpmetal.com\/de\/wp-json\/wp\/v2\/media?parent=3932"}],"wp:term":[{"taxonomy":"product-category","embeddable":true,"href":"https:\/\/3dpmetal.com\/de\/wp-json\/wp\/v2\/product-category?post=3932"}],"curies":[{"name":"wp","href":"https:\/\/api.w.org\/{rel}","templated":true}]}}