{"id":3933,"date":"2024-03-18T06:10:15","date_gmt":"2024-03-18T06:10:15","guid":{"rendered":"https:\/\/3dp.45612300.xyz\/product\/cuzn40-powder\/"},"modified":"2024-03-18T06:10:15","modified_gmt":"2024-03-18T06:10:15","slug":"cuzn40-powder","status":"publish","type":"product","link":"https:\/\/3dpmetal.com\/de\/product\/cuzn40-powder\/","title":{"rendered":"CuZn40-Pulver"},"content":{"rendered":"<p><span style=\"vertical-align: inherit;\"><span style=\"vertical-align: inherit;\"><\/p>\n<p class=\"whitespace-pre-wrap\">CuZn40, auch bekannt als Messingpulver, ist eine Kupfer-Zink-Legierung, die aus 40% Zink und dem Rest Kupfer besteht. Sie bietet eine ausgezeichnete Kombination aus Festigkeit, Duktilit\u00e4t, Korrosionsbest\u00e4ndigkeit, Bearbeitbarkeit und wirtschaftlicher Preisgestaltung, was sie zu einem der am h\u00e4ufigsten verwendeten Legierungspulver macht.<\/p>\n<h2>CuZn40 Pulverzusammensetzung<\/h2>\n<p class=\"whitespace-pre-wrap\">Die Zusammensetzung des CuZn40-Messingpulvers lautet:<\/p>\n<table>\n<thead>\n<tr>\n<th>Element<\/th>\n<th>Komposition<\/th>\n<\/tr>\n<\/thead>\n<tbody>\n<tr>\n<td>Kupfer (Cu)<\/td>\n<td>Balanse<\/td>\n<\/tr>\n<tr>\n<td>Zink (Zn)<\/td>\n<td>39-41%<\/td>\n<\/tr>\n<\/tbody>\n<\/table>\n<ul class=\"list-disc pl-8 space-y-2\">\n<li class=\"whitespace-normal\">Kupfer bildet die prim\u00e4re Matrix und sorgt f\u00fcr Duktilit\u00e4t und Korrosionsbest\u00e4ndigkeit.<\/li>\n<li class=\"whitespace-normal\">Zink f\u00fchrt zu einer Mischkristallverfestigung und verbessert die Zerspanbarkeit.<\/li>\n<\/ul>\n<p class=\"whitespace-pre-wrap\">Diese Zusammensetzung wird aufgrund der Verbesserungen durch den 40%igen Zinkgehalt als \"Automatenmessing\" oder \"gut zerspanbares Messing\" bezeichnet.<\/p>\n<p class=\"whitespace-pre-wrap\">Geringe Mengen an Blei bis zu 0,5 % k\u00f6nnen in einigen Sorten enthalten sein, um die Bearbeitbarkeit zu erh\u00f6hen. Bleifreies CuZn40-Pulver wird f\u00fcr Lebensmittelkontakt und aus Umweltschutzgr\u00fcnden bevorzugt.<\/p>\n<h2>Eigenschaften von CuZn40-Pulver<\/h2>\n<p class=\"whitespace-pre-wrap\">CuZn40 Pulver bietet eine vielseitige Mischung von Eigenschaften, die eine Verwendung in verschiedenen Industriezweigen erm\u00f6glicht:<\/p>\n<table>\n<thead>\n<tr>\n<th>Immobilie<\/th>\n<th>Wert<\/th>\n<\/tr>\n<\/thead>\n<tbody>\n<tr>\n<td>Dichte<\/td>\n<td>8,4-8,8 g\/cm3<\/td>\n<\/tr>\n<tr>\n<td>Schmelzpunkt<\/td>\n<td>900-920\u00a1\u00abC<\/td>\n<\/tr>\n<tr>\n<td>Elektrische Leitf\u00e4higkeit<\/td>\n<td>26 % IACS<\/td>\n<\/tr>\n<tr>\n<td>W\u00e4rmeleitf\u00e4higkeit<\/td>\n<td>120 W\/m-K<\/td>\n<\/tr>\n<tr>\n<td>W\u00e4rmeausdehnungskoeffizient<\/td>\n<td>20 x 10&lt;sup&gt;-6&lt;\/sup&gt;\u00b5?<\/td>\n<\/tr>\n<tr>\n<td>E-Modul<\/td>\n<td>97\u2013110 GPa<\/td>\n<\/tr>\n<tr>\n<td>Zugfestigkeit<\/td>\n<td>330\u2013550 MPa<\/td>\n<\/tr>\n<tr>\n<td>Verl\u00e4ngerung<\/td>\n<td>15-40%<\/td>\n<\/tr>\n<tr>\n<td>H\u00e4rte<\/td>\n<td>80-90 Brinell<\/td>\n<\/tr>\n<tr>\n<td>Thermische Stabilit\u00e4t<\/td>\n<td>Gut, bis zu 400\u00a0\u00a1\u00abC<\/td>\n<\/tr>\n<\/tbody>\n<\/table>\n<ul class=\"list-disc pl-8 space-y-2\">\n<li class=\"whitespace-normal\"><strong>Ausgezeichnete Formbarkeit und Duktilit\u00e4t<\/strong>?- Hohe Dehnung erm\u00f6glicht umfassendes Kaltverformen und formen.<\/li>\n<li class=\"whitespace-normal\"><strong>Gute Bearbeitbarkeit und Oberfl\u00e4chenbeschaffenheit<\/strong>?- Geringere Zerspankr\u00e4fte im Vergleich zu Kupferlegierungen mit weniger oder ohne Zink.<\/li>\n<li class=\"whitespace-normal\"><strong>hohe Festigkeit<\/strong>?- Bis zu zweimal so stark wie Kupfer dank Zink in fester L\u00f6sung.<\/li>\n<li class=\"whitespace-normal\"><strong>Korrosionsbest\u00e4ndig<\/strong>-Bildet Schutzoxidschicht in Atmosph\u00e4re. Besser als einfache Kohlenstoffst\u00e4hle.<\/li>\n<li class=\"whitespace-normal\"><strong>Nicht magnetisch<\/strong>?- Geeignet f\u00fcr Anwendungen, die nur minimale magnetische Eigenschaften erfordern<\/li>\n<li class=\"whitespace-normal\"><strong>Gute thermische Stabilit\u00e4t<\/strong>?- Dimensionen stabil bei thermischem Zyklus bis zu 400 \u00a1\u00abC<\/li>\n<\/ul>\n<p class=\"whitespace-pre-wrap\">Diese Kombination von Festigkeit, Duktilit\u00e4t, thermischen und elektrischen Eigenschaften macht CuZn40 f\u00fcr eine breite Anwendung in elektrischen, automobilen, maritimen und industriellen Bereichen geeignet.<\/p>\n<p><img loading=\"lazy\" decoding=\"async\" class=\"size-medium wp-image-1409 aligncenter\" src=\"https:\/\/met3dp.com\/wp-content\/uploads\/2023\/09\/ed7a94ec-3c10-4b1b-87ed--300x300.jpg\" alt=\"CuZn40\" width=\"300\" height=\"300\" title=\"\"><\/p>\n<h2>Anwendungen von CuZn40-Pulver<\/h2>\n<p class=\"whitespace-pre-wrap\">Die vielf\u00e4ltigen Eigenschaften von CuZn40-Pulver machen es f\u00fcr die folgenden Anwendungen geeignet:<\/p>\n<table>\n<thead>\n<tr>\n<th>Bewerbung<\/th>\n<th>Vorteile<\/th>\n<\/tr>\n<\/thead>\n<tbody>\n<tr>\n<td>Elektrische Steckverbinder<\/td>\n<td>Hohe Festigkeit, gute Leitf\u00e4higkeit, Korrosionsbest\u00e4ndigkeit<\/td>\n<\/tr>\n<tr>\n<td>Befestigungen, Zahnr\u00e4der<\/td>\n<td>Gute Zerspanbarkeit, Verschlei\u00dffestigkeit<\/td>\n<\/tr>\n<tr>\n<td>Lager, Buchsen<\/td>\n<td>Kompatibel mit rotierenden Wellen; gute Schmierf\u00e4higkeit<\/td>\n<\/tr>\n<tr>\n<td>Schwei\u00dfst\u00e4be<\/td>\n<td>Kompatibilit\u00e4t mit Stahl, gute L\u00f6tbarkeit<\/td>\n<\/tr>\n<tr>\n<td>Dekorative Teile<\/td>\n<td>Anziehende goldene Farbe, gutes Finish<\/td>\n<\/tr>\n<tr>\n<td>W\u00e4rmemanagement<\/td>\n<td>H\u00f6here W\u00e4rmeleitf\u00e4higkeit als Stahl<\/td>\n<\/tr>\n<\/tbody>\n<\/table>\n<ul class=\"list-disc pl-8 space-y-2\">\n<li class=\"whitespace-normal\"><strong>Elektrische Anschl\u00fcsse und Kontakte<\/strong>?- Wegen der Festigkeit, Leitf\u00e4higkeit und des Kostenvorteils gegen\u00fcber Alternativen weit verbreitet bei Stiften und Steckverbindern.<\/li>\n<li class=\"whitespace-normal\"><strong>Maschinell bearbeitete Teile<\/strong>?- Geeignet f\u00fcr Muttern, Bolzen, Zahnr\u00e4der, Ventile etc. aufgrund exzellenter Bearbeitbarkeit.<\/li>\n<li class=\"whitespace-normal\"><strong>Lager und Buchsen<\/strong>?- Kompatibel mit Stahlsch\u00e4ften, und bieten gute Verschlei\u00dffestigkeit und Schmierf\u00e4higkeit.<\/li>\n<li class=\"whitespace-normal\"><strong>Schwei\u00dfzusatzwerkstoffe<\/strong>?- Beliebt in Kupfer-Zink-L\u00f6tst\u00e4ben und L\u00f6tverbindungen zum Verbinden von Stahlkomponenten.<\/li>\n<li class=\"whitespace-normal\"><strong>Dekoratives Zubeh\u00f6r<\/strong>?- Bietet ein \u00e4sthetisches Gold-Finish f\u00fcr dekorative Teile und Schmuck.<\/li>\n<li class=\"whitespace-normal\"><strong>W\u00e4rmetechnische Komponenten<\/strong>?- Verwendet in W\u00e4rmetauschern und W\u00e4rmemanagementteilen, wobei die h\u00f6here thermische Leitf\u00e4higkeit genutzt wird.<\/li>\n<\/ul>\n<p class=\"whitespace-pre-wrap\">CuZn40-Pulver ist aufgrund seiner vielseitigen Eigenschaften, Leistung und seines wirtschaftlichen Preises in allen Industriesektoren weit verbreitet.<\/p>\n<h2>CuZn40 Pulverspezifikationen<\/h2>\n<p class=\"whitespace-pre-wrap\">CuZn40-Pulver ist in verschiedenen Gr\u00f6\u00dfenbereichen, Formen und Reinheitsstufen erh\u00e4ltlich:<\/p>\n<table>\n<thead>\n<tr>\n<th>Spezifikation<\/th>\n<th>**Original:**\n\n1. Options sind derivate Finanzinstrumente, die dem Inhaber das Recht einr\u00e4umen, aber nicht die Verpflichtung auferlegen, einen zugrunde liegenden Verm\u00f6genswert zu einem bestimmten Preis zu einem bestimmten Zeitpunkt zu kaufen oder zu verkaufen.\n2. Optionen k\u00f6nnen Long- oder Short-Positionen sein.\n3. Die Pr\u00e4mie ist der Preis, den der K\u00e4ufer einer Option f\u00fcr das Recht zahlt, den zugrunde liegenden Verm\u00f6genswert zu kaufen oder zu verkaufen.\n4. Das Aus\u00fcbungsdatum ist das Datum, an dem der Inhaber einer Option das Recht hat, den zugrunde liegenden Verm\u00f6genswert zu kaufen oder zu verkaufen.\n5. Das Verfallsdatum ist das Datum, an dem das Recht des Inhabers einer Option, den zugrunde liegenden Verm\u00f6genswert zu kaufen oder zu verkaufen, erlischt.\n6. Die Aus\u00fcbung eines Optionskontrakts erfolgt durch Lieferung des zugrunde liegenden Verm\u00f6genswerts (bei einer Kaufoption) oder des Gegenwerts des zugrunde liegenden Verm\u00f6genswerts (bei einer Verkaufsoption).\n\n**Improved and Translated:**\n\n**Optionen**\n\n1. Optionen sind derivative Finanzinstrumente, die dem Inhaber das Recht einr\u00e4umen, aber nicht verpflichten, einen Basiswert zu einem festgelegten Preis und Zeitpunkt zu kaufen oder zu verkaufen.\n2. Optionen k\u00f6nnen Long- oder Short-Positionen sein.\n3. Die Optionspr\u00e4mie ist der Preis, den der K\u00e4ufer einer Option f\u00fcr das Recht zahlt, den Basiswert zu kaufen oder zu verkaufen.\n4. Das Aus\u00fcbungsdatum ist der Tag, an dem der Option Inhaber das Recht besitzt, den Basiswert zu kaufen oder zu verkaufen.\n5. Das Verfallsdatum ist der Tag, an dem das Recht des Option Inhabers erlischt, den Basiswert zu kaufen oder zu verkaufen.\n6. Die Aus\u00fcbung eines Optionsvertrags erfolgt durch Lieferung des Basiswerts (bei einer Kaufoption) oder des Gegenwerts des Basiswerts (bei einer Verkaufsoption).<\/th>\n<\/tr>\n<\/thead>\n<tbody>\n<tr>\n<td>Korngr\u00f6\u00dfenverteilung<\/td>\n<td>10 - 150 Mikrometer<\/td>\n<\/tr>\n<tr>\n<td>Mittlere Partikelgr\u00f6\u00dfe<\/td>\n<td>20, 45, 60, 100 Mikrometer<\/td>\n<\/tr>\n<tr>\n<td>Pulverform<\/td>\n<td>Unregelm\u00e4\u00dfig, kugelf\u00f6rmig<\/td>\n<\/tr>\n<tr>\n<td>Anscheindichte<\/td>\n<td>Bis zu 75% theoretisch<\/td>\n<\/tr>\n<tr>\n<td>Durchflussrate<\/td>\n<td>Bis zu 25 s\/50 g<\/td>\n<\/tr>\n<tr>\n<td>Reinheit<\/td>\n<td>Bis zu 99,9 %<\/td>\n<\/tr>\n<tr>\n<td>Legierungsvarianten<\/td>\n<td>CuZn10, CuZn30, CuZn37<\/td>\n<\/tr>\n<\/tbody>\n<\/table>\n<ul class=\"list-disc pl-8 space-y-2\">\n<li class=\"whitespace-normal\">Kleinere Partikelgr\u00f6\u00dfen unter 45 Mikrometer erm\u00f6glichen eine gr\u00f6\u00dfere Verdichtung aber reduzieren die Flie\u00dff\u00e4higkeit.<\/li>\n<li class=\"whitespace-normal\">Sph\u00e4risches Pulver bietet besseren Fluss und Packungsdichte, geeignet f\u00fcr die additive Herstellung.<\/li>\n<li class=\"whitespace-normal\">H\u00f6here scheinbare Dichte und Flie\u00dfraten verbessern das Handhaben und die Verarbeitung von Pulver.<\/li>\n<li class=\"whitespace-normal\">Hochreine Varianten f\u00fcr anspruchsvollere Anwendungen erh\u00e4ltlich.<\/li>\n<li class=\"whitespace-normal\">Zinngehalte zwischen 10-40 % bewirken eine unterschiedliche Kombination aus Festigkeit und Duktilit\u00e4t.<\/li>\n<\/ul>\n<p class=\"whitespace-pre-wrap\">CuZn40-Pulver kann in Bezug auf Teilchengr\u00f6\u00dfe, -form, -dichte, Flie\u00dfeigenschaften und Legierungszusammensetzung basierend auf Anwendungsanforderungen angepasst werden.<\/p>\n<h2>Verdichtungsverfahren f\u00fcr CuZn40-Pulver<\/h2>\n<p class=\"whitespace-pre-wrap\">CuZn40-Pulver kann unter Verwendung verschiedener Techniken zu Bauteilen mit Volldichte verarbeitet werden:<\/p>\n<table>\n<thead>\n<tr>\n<th>Methode<\/th>\n<th>Details<\/th>\n<\/tr>\n<\/thead>\n<tbody>\n<tr>\n<td>Verdichten + Sintern<\/td>\n<td>\u00c4ltere \u00f6konomische Methode mit Formbegrenzungen.<\/td>\n<\/tr>\n<tr>\n<td>Metallpulverspritzguss (MIM)<\/td>\n<td>Formteile mit hoher Pr\u00e4zision und hervorragender Oberfl\u00e4cheng\u00fcte.<\/td>\n<\/tr>\n<tr>\n<td>Additive Fertigung<\/td>\n<td>Direktdruck komplexer, dichter Teile von CAD-Modellen.<\/td>\n<\/tr>\n<tr>\n<td>Hei\u00dfextrusion<\/td>\n<td>F\u00fcr einfache, achsensymmetrische Formen wie St\u00e4be und Rohre.<\/td>\n<\/tr>\n<tr>\n<td>Walzenverdichtung<\/td>\n<td>F\u00fcr Bleche und B\u00e4nder, die eine gute Duktilit\u00e4t erfordern.<\/td>\n<\/tr>\n<\/tbody>\n<\/table>\n<ul class=\"list-disc pl-8 space-y-2\">\n<li class=\"whitespace-normal\">Pressen gefolgt von Sintern wird h\u00e4ufig verwendet, erfordert jedoch eine sekund\u00e4re Verarbeitung zur vollst\u00e4ndigen Verdichtung.<\/li>\n<li class=\"whitespace-normal\">MIM bietet h\u00f6chste Pr\u00e4zision und Oberfl\u00e4chenbeschaffenheit, erfordert jedoch hohe St\u00fcckzahlen, um die Werkzeugkosten zu rechtfertigen.<\/li>\n<li class=\"whitespace-normal\">Additive Fertigungsverfahren wie Binder-Jetting und Schmelzschichtverfahren erfreuen sich aufgrund ihrer Designflexibilit\u00e4t wachsender Beliebtheit.<\/li>\n<li class=\"whitespace-normal\">Extrusion und Walzen eignen sich gut f\u00fcr einfache Geometrien wie Stangen, Bleche usw., die die Duktilit\u00e4t nutzen.<\/li>\n<\/ul>\n<p class=\"whitespace-pre-wrap\">Die Konsolidierungsmethode kontrolliert die endg\u00fcltigen Eigenschaften wie Dichte, Pr\u00e4zision, Oberfl\u00e4chenbeschaffenheit und Mikrostruktur.<\/p>\n<h2>W\u00e4rmebehandlung von CuZn40-Teilen<\/h2>\n<p class=\"whitespace-pre-wrap\">Die W\u00e4rmebehandlung von CuZn40-Teilen hilft, eine Reihe mechanischer Eigenschaften ma\u00dfzuschneidern:<\/p>\n<table>\n<thead>\n<tr>\n<th>W\u00e4rmebehandlung<\/th>\n<th>Zweck<\/th>\n<\/tr>\n<\/thead>\n<tbody>\n<tr>\n<td>Gl\u00fchung zum H\u00e4rten<\/td>\n<td>Stellt die Duktilit\u00e4t nach Kaltverformung wieder her<\/td>\n<\/tr>\n<tr>\n<td>Stressabbau<\/td>\n<td>Entfernt Restspannungen<\/td>\n<\/tr>\n<tr>\n<td>Ausscheidungsh\u00e4rtung<\/td>\n<td>Aging nach dem L\u00f6sungsgl\u00fchen<\/td>\n<\/tr>\n<\/tbody>\n<\/table>\n<ul class=\"list-disc pl-8 space-y-2\">\n<li class=\"whitespace-normal\">Gl\u00fchen bei 700-900 \u00b0C mit anschlie\u00dfender langsamer Abk\u00fchlung weicht die Legierung auf, da Effekte der Kaltbearbeitung entfernt werden, wodurch weiteres Umformen m\u00f6glich ist.<\/li>\n<li class=\"whitespace-normal\">Die Ausscheidungsh\u00e4rtung bei niedrigen Temperaturen im Bereich von 150\u2013350 \u00b0C bewirkt die Ausf\u00e4llung der kupferreichen Phase, was eine um bis zu 50 % erh\u00f6hte Festigkeit bei gleichzeitig reduzierter Duktilit\u00e4t mit sich bringt.<\/li>\n<li class=\"whitespace-normal\">Spannungsreduzierung um die 300-500\u00a1\u00abC hilft, die Restspannungen einer vorherigen Formgebung zu reduzieren.<\/li>\n<\/ul>\n<p class=\"whitespace-pre-wrap\">W\u00e4rmebehandlung erweitert die Vielseitigkeit der Legierung CuZn40 durch die Erm\u00f6glichung von Eigenschaftsverbesserungen gem\u00e4\u00df Anwendungsanforderungen.<\/p>\n<h2>Vergleich von CuZn40 mit Alternativen<\/h2>\n<p class=\"whitespace-pre-wrap\">Im Folgenden wird CuZn40 mit anderen g\u00e4ngigen Kupferlegierungspulvern verglichen:<\/p>\n<table>\n<thead>\n<tr>\n<th>Legierung<\/th>\n<th>CuZn40<\/th>\n<th>CuSn6<\/th>\n<th>CuNi18Zn20<\/th>\n<th>Bronze<\/th>\n<\/tr>\n<\/thead>\n<tbody>\n<tr>\n<td>St\u00e4rke<\/td>\n<td>High<\/td>\n<td>Mittel<\/td>\n<td>H\u00f6chste<\/td>\n<td>Mittel<\/td>\n<\/tr>\n<tr>\n<td>Duktilit\u00e4t<\/td>\n<td>High<\/td>\n<td>Mittel<\/td>\n<td>Niedrig<\/td>\n<td>Mittel<\/td>\n<\/tr>\n<tr>\n<td>Korrosionsbest\u00e4ndigkeit<\/td>\n<td>Gut<\/td>\n<td>Ausgezeichnet<\/td>\n<td>Ausgezeichnet<\/td>\n<td>Ausgezeichnet<\/td>\n<\/tr>\n<tr>\n<td>W\u00e4rmeleitf\u00e4higkeit<\/td>\n<td>120 W\/m-K<\/td>\n<td>50 W\/m-K<\/td>\n<td>20 W\/m-K<\/td>\n<td>60 W\/m\u00b7K<\/td>\n<\/tr>\n<tr>\n<td>Kosten<\/td>\n<td>Niedrig<\/td>\n<td>High<\/td>\n<td>High<\/td>\n<td>Mittel<\/td>\n<\/tr>\n<\/tbody>\n<\/table>\n<ul class=\"list-disc pl-8 space-y-2\">\n<li class=\"whitespace-normal\">CUSN6 hat eine \u00fcberlegene Korrosionsbest\u00e4ndigkeit, aber eine geringere Festigkeit und thermische Leitf\u00e4higkeit. Teurer.<\/li>\n<li class=\"whitespace-normal\">CuNi18Zn20 hat die h\u00f6chste Festigkeit, aber die geringste Duktilit\u00e4t und W\u00e4rmeleitf\u00e4higkeit.<\/li>\n<li class=\"whitespace-normal\">Bronze wie CuSn10 sind \u00fcberragend korrosionsbest\u00e4ndig, aber nur m\u00e4\u00dfig fest.<\/li>\n<li class=\"whitespace-normal\">CuZn40 bietet die ausgewogensten Gesamteigenschaften und die niedrigsten Kosten.<\/li>\n<\/ul>\n<p class=\"whitespace-pre-wrap\">Aufgrund seiner vielseitigen Eigenschaften, hervorragenden Formbarkeit, Bearbeitbarkeit und geringen Kosten ist CuZn40 das beliebteste Kupferlegierungspulver f\u00fcr den breiten Einsatz in Industriebereichen.<\/p>\n<h2>Hersteller von CuZn40-Pulver<\/h2>\n<p class=\"whitespace-pre-wrap\">CuZn40-Pulver wird in gro\u00dfen Mengen weltweit von den wichtigsten Herstellern von Metallpulver produziert:<\/p>\n<table>\n<thead>\n<tr>\n<th>Hersteller<\/th>\n<th>Land<\/th>\n<\/tr>\n<\/thead>\n<tbody>\n<tr>\n<td>Hoganas<\/td>\n<td>Schweden<\/td>\n<\/tr>\n<tr>\n<td>CNPC<\/td>\n<td>China<\/td>\n<\/tr>\n<tr>\n<td>Miyou-Gruppe<\/td>\n<td>China<\/td>\n<\/tr>\n<tr>\n<td>GKN Hoeganaes<\/td>\n<td>Vereinigte Staaten<\/td>\n<\/tr>\n<tr>\n<td>Ich bin Nickel<\/td>\n<td>Taiwan<\/td>\n<\/tr>\n<tr>\n<td>SCM Metallprodukte<\/td>\n<td>Japan<\/td>\n<\/tr>\n<\/tbody>\n<\/table>\n<p class=\"whitespace-pre-wrap\">Namhafte Hersteller betreiben eine strikte Qualit\u00e4tskontrolle und entsprechen internationalen Standards hinsichtlich Zusammensetzung, Partikelgr\u00f6\u00dfenverteilung, Rauhigkeit und Fremdk\u00f6rperanteil.<\/p>\n<p class=\"whitespace-pre-wrap\">Sie k\u00f6nnen CuZn40-Pulverzusammensetzungen und Eigenschaften wie Partikelform, Dichte, Flie\u00dfgeschwindigkeiten usw. an die Kundenanforderungen f\u00fcr ihre spezifische Anwendung anpassen.<\/p>\n<h2>Preise f\u00fcr CuZn40-Pulver<\/h2>\n<p class=\"whitespace-pre-wrap\">Da CuZn40 ein weit verbreitetes kommerzielles Legierungspulver ist, ist es sehr wirtschaftlich. Richtpreise sind:<\/p>\n<table>\n<thead>\n<tr>\n<th>Pulver-Typ<\/th>\n<th>Teilchengr\u00f6sse<\/th>\n<th>Preis ($\/kg)<\/th>\n<\/tr>\n<\/thead>\n<tbody>\n<tr>\n<td>Zum Pressen<\/td>\n<td>Unter 150 Mikron<\/td>\n<td>$5-15<\/td>\n<\/tr>\n<tr>\n<td>Zum Sintern<\/td>\n<td>45-150 Mikron<\/td>\n<td>$8-20<\/td>\n<\/tr>\n<tr>\n<td>F\u00fcr MIM<\/td>\n<td>10-20 Mikrometer<\/td>\n<td>$12-25<\/td>\n<\/tr>\n<tr>\n<td>F\u00fcr AM<\/td>\n<td>15-45 Mikron<\/td>\n<td>$15-30<\/td>\n<\/tr>\n<tr>\n<td>Hohe Reinheit<\/td>\n<td>Bis 5 Mikron<\/td>\n<td>$25-40<\/td>\n<\/tr>\n<\/tbody>\n<\/table>\n<ul class=\"list-disc pl-8 space-y-2\">\n<li class=\"whitespace-normal\">Unregelm\u00e4\u00dfig geformtes Pulver zum Pressen und Sintern ist am wirtschaftlichsten.<\/li>\n<li class=\"whitespace-normal\">Spherical Pulver f\u00fcr MIM und AM sind wegen des Gaszerst\u00e4ubungsprozesses teurer.<\/li>\n<li class=\"whitespace-normal\">Kleinere Partikelgr\u00f6\u00dfen und hohe Reinheitsgrade f\u00fchren zu Preisaufschl\u00e4gen.<\/li>\n<li class=\"whitespace-normal\">Auftragsmengen in Tonnen erlauben eine weitere Reduzierung des Preises pro Kilogramm.<\/li>\n<\/ul>\n<p class=\"whitespace-pre-wrap\">CuZn40-Pulver ist aufgrund seiner breiten kommerziellen Nutzung und der dadurch m\u00f6glichen kosteng\u00fcnstigen Produktion in gro\u00dfen Mengen preislich konkurrenzf\u00e4hig.<\/p>\n<h2>Gesundheits- und Sicherheitshinweise f\u00fcr CuZn40-Pulver<\/h2>\n<p class=\"whitespace-pre-wrap\">Wie jedes feine Metallpulver erfordert CuZn40-Pulver eine sichere Handhabung:<\/p>\n<table>\n<thead>\n<tr>\n<th>Gefahr<\/th>\n<th>Vorsichtsma\u00dfnahmen<\/th>\n<th>PSA<\/th>\n<\/tr>\n<\/thead>\n<tbody>\n<tr>\n<td>Einatmung<\/td>\n<td>Vermeiden Sie das Einatmen von Pulverstaub. Achten Sie auf ausreichende Bel\u00fcftung.<\/td>\n<td>Atemmaske<\/td>\n<\/tr>\n<tr>\n<td>Hautkontakt<\/td>\n<td>Handschuhe tragen. Nach Kontakt waschen.<\/td>\n<td>Handschuhe<\/td>\n<\/tr>\n<tr>\n<td>Blickkontakt<\/td>\n<td>Tragen Sie eine Schutzbrille. Bei Kontakt aussp\u00fclen.<\/td>\n<td>Schutzbrille<\/td>\n<\/tr>\n<tr>\n<td>Zufuhr<\/td>\n<td>Vermeiden Sie die Ber\u00fchrung von Hand und Mund. H\u00e4nde waschen.<\/td>\n<td>&#8211;<\/td>\n<\/tr>\n<tr>\n<td>Staubexplosion<\/td>\n<td>Vermeiden Sie Pulverwolken. Bodenger\u00e4t.<\/td>\n<td>&#8211;<\/td>\n<\/tr>\n<\/tbody>\n<\/table>\n<ul class=\"list-disc pl-8 space-y-2\">\n<li class=\"whitespace-normal\">PSA verwenden - Atemschutzger\u00e4t, Handschuhe, Schutzbrille bei der Handhabung von Pulver.<\/li>\n<li class=\"whitespace-normal\">Ber\u00fchrung mit der Haut vermeiden. Nach Exposition waschen.<\/li>\n<li class=\"whitespace-normal\">Verschlossene Beh\u00e4lter fern von Funken und Flammen lagern.<\/li>\n<li class=\"whitespace-normal\">Sicherstellen einer ordnungsgem\u00e4\u00dfen Bel\u00fcftung und Staubabsaugung.<\/li>\n<li class=\"whitespace-normal\">Vollst\u00e4ndige Sicherheitsrichtlinien finden Sie im Sicherheitsdatenblatt und den \u00f6rtlichen Vorschriften.<\/li>\n<\/ul>\n<p class=\"whitespace-pre-wrap\">Angemessene Vorsichtsma\u00dfnahmen und PSA w\u00e4hrend der Lagerung, Handhabung und Verarbeitung minimieren Gesundheits- und Sicherheitsrisiken.<\/p>\n<h2>Inspektion und Pr\u00fcfung von CuZn40-Pulver<\/h2>\n<p class=\"whitespace-pre-wrap\">Um Qualit\u00e4t zu gew\u00e4hrleisten, sollte CuZn40-Pulver wie folgt getestet werden:<\/p>\n<table>\n<thead>\n<tr>\n<th>Parameter<\/th>\n<th>Methode<\/th>\n<th>Spezifikation<\/th>\n<\/tr>\n<\/thead>\n<tbody>\n<tr>\n<td>Chemische Zusammensetzung<\/td>\n<td>Verbrennungsanalyse oder RFA<\/td>\n<td>Zn 40 % \u00a9 I 1 % Pb &lt; 1000 ppm<\/td>\n<\/tr>\n<tr>\n<td>Korngr\u00f6\u00dfenverteilung<\/td>\n<td>Siebung, Laserbeugung<\/td>\n<td>D10, D50, D90 im Bereich<\/td>\n<\/tr>\n<tr>\n<td>Anscheindichte<\/td>\n<td>Hallen-Durchflussmessger\u00e4t<\/td>\n<td>Mindestspezifikationen<\/td>\n<\/tr>\n<tr>\n<td>Durchflussrate<\/td>\n<td>Hallen-Durchflussmessger\u00e4t<\/td>\n<td>Maximal spezifiziert<\/td>\n<\/tr>\n<tr>\n<td>Verunreinigungen<\/td>\n<td>ICP oder LECO-Analyse<\/td>\n<td>Geringer Sauerstoff- und Stickstoffgehalt<\/td>\n<\/tr>\n<\/tbody>\n<\/table>\n<p class=\"whitespace-pre-wrap\">Routinetests nach ASTM-Normen stellen Best\u00e4ndigkeit in der Produktion und hochwertiges Pulver sicher, geeignet f\u00fcr Endanwendungen.<\/p>\n<p class=\"whitespace-pre-wrap\">Die K\u00e4ufer m\u00fcssen auf Qualit\u00e4tszertifikaten von seri\u00f6sen Herstellern bestehen. Regelm\u00e4\u00dfige hausinterne Pr\u00fcfungen werden ebenfalls empfohlen.<\/p>\n<h2>FAQs<\/h2>\n<p class=\"whitespace-pre-wrap\"><strong>F. Wozu verwendet man CuZn40 ?<\/strong><\/p>\n<p class=\"whitespace-pre-wrap\">A. CuZn40 findet aufgrund seiner Festigkeit, Duktilit\u00e4t, Korrosionsbest\u00e4ndigkeit und Bearbeitbarkeit breiten Einsatz in elektrischen Steckverbindungen, Sanit\u00e4rarmaturen, Zahnr\u00e4dern, Dekorationsteilen usw.<\/p>\n<p class=\"whitespace-pre-wrap\"><strong>F. Was ist der Unterschied zwischen einer normalen und einer bleihaltigen Messinglegierung?<\/strong><\/p>\n<p class=\"whitespace-pre-wrap\">A. Bleifreies Messing enth\u00e4lt eine geringe Menge Blei (bis zu 3 %), um die Bearbeitbarkeit zu verbessern, w\u00e4hrend normales Messing bleifrei ist. Aus Gr\u00fcnden des Kontakts mit Lebensmitteln und der Umweltsicherheit wird bleifrei bevorzugt.<\/p>\n<p class=\"whitespace-pre-wrap\"><strong>F. Muss CuZn40 w\u00e4rmebehandelt werden?<\/strong><\/p>\n<p class=\"whitespace-pre-wrap\">A. Optional w\u00e4rmebehandlung kann zur Erweichung und Wiederherstellung der Duktilit\u00e4t durch Gl\u00fchen oder zur St\u00e4rkung durch Ausscheidungsh\u00e4rtung durchgef\u00fchrt werden.<\/p>\n<p class=\"whitespace-pre-wrap\"><strong>F. Welche Methoden werden angewandt, um Teile aus CuZn40-Pulver herzustellen?<\/strong><\/p>\n<p class=\"whitespace-pre-wrap\">A. Verdichten gefolgt von Sintern, Metallspritzgussformen und additive Herstellungsverfahren wie Binder-Jetting und FDM sind g\u00e4ngige Techniken, um CuZn40-Pulver in dichten Komponenten zu verfestigen.<\/p>\n<p class=\"whitespace-pre-wrap\"><strong>F. Ist CuZn40-Pulver sicher in der Handhabung?<\/strong><\/p>\n<p class=\"whitespace-pre-wrap\">A. Wie bei jedem feinen Metallpulver sollten Vorsichtsma\u00dfnahmen zur Vermeidung von Inhalationen und Hautkontakt getroffen werden. Durch richtige Bel\u00fcftung, PSA und sichere Handhabungsverfahren k\u00f6nnen Risiken minimiert werden.<\/p>\n<p><\/span><\/span><\/p>","protected":false},"excerpt":{"rendered":"<p>CuZn40, auch bekannt als Messingpulver, ist eine Kupfer-Zink-Legierung, die aus 40% Zink und einem Rest Kupfer besteht. Es bietet eine hervorragende Kombination aus Festigkeit, Duktilit\u00e4t, Korrosionsbest\u00e4ndigkeit, Bearbeitbarkeit und wirtschaftlichem Preis, was es zu einem der am h\u00e4ufigsten verwendeten Legierungspulver macht. CuZn40 Pulverzusammensetzung Die Zusammensetzung von CuZn40 Messingpulver ist: Element-Zusammensetzung Kupfer (Cu)...<\/p>","protected":false},"featured_media":1864,"parent":0,"template":"","meta":{"_acf_changed":false,"_kad_blocks_custom_css":"","_kad_blocks_head_custom_js":"","_kad_blocks_body_custom_js":"","_kad_blocks_footer_custom_js":"","_kad_post_transparent":"","_kad_post_title":"","_kad_post_layout":"","_kad_post_sidebar_id":"","_kad_post_content_style":"","_kad_post_vertical_padding":"","_kad_post_feature":"","_kad_post_feature_position":"","_kad_post_header":false,"_kad_post_footer":false,"_kad_post_classname":""},"product-category":[119,129],"class_list":["post-3933","product","type-product","status-publish","has-post-thumbnail","hentry","product-category-3d-printing-metal-powder","product-category-copper-alloy-powder"],"acf":[],"taxonomy_info":{"product-category":[{"value":119,"label":"3D Printing Metal Powder"},{"value":129,"label":"Copper Alloy Powder"}]},"featured_image_src_large":["https:\/\/3dpmetal.com\/wp-content\/uploads\/2024\/02\/CuZn40-Powder.jpg",600,600,false],"author_info":[],"comment_info":"","_links":{"self":[{"href":"https:\/\/3dpmetal.com\/de\/wp-json\/wp\/v2\/product\/3933","targetHints":{"allow":["GET"]}}],"collection":[{"href":"https:\/\/3dpmetal.com\/de\/wp-json\/wp\/v2\/product"}],"about":[{"href":"https:\/\/3dpmetal.com\/de\/wp-json\/wp\/v2\/types\/product"}],"wp:featuredmedia":[{"embeddable":true,"href":"https:\/\/3dpmetal.com\/de\/wp-json\/wp\/v2\/media\/1864"}],"wp:attachment":[{"href":"https:\/\/3dpmetal.com\/de\/wp-json\/wp\/v2\/media?parent=3933"}],"wp:term":[{"taxonomy":"product-category","embeddable":true,"href":"https:\/\/3dpmetal.com\/de\/wp-json\/wp\/v2\/product-category?post=3933"}],"curies":[{"name":"wp","href":"https:\/\/api.w.org\/{rel}","templated":true}]}}