{"id":3936,"date":"2024-03-18T06:10:15","date_gmt":"2024-03-18T06:10:15","guid":{"rendered":"https:\/\/3dp.45612300.xyz\/product\/alsi50-powder\/"},"modified":"2024-03-18T06:10:15","modified_gmt":"2024-03-18T06:10:15","slug":"alsi50-powder","status":"publish","type":"product","link":"https:\/\/3dpmetal.com\/de\/product\/alsi50-powder\/","title":{"rendered":"AlSi50 Pulver"},"content":{"rendered":"<p><span style=\"vertical-align: inherit;\"><span style=\"vertical-align: inherit;\"><\/p>\n<p class=\"whitespace-pre-wrap\">AlSi50 ist ein Aluminium-Silizium-Legierungspulver, das 50 % Silizium und den Rest Aluminium enth\u00e4lt. Es bietet eine au\u00dfergew\u00f6hnliche Kombination von Eigenschaften wie geringe Dichte, hohe Flie\u00dff\u00e4higkeit, geringe W\u00e4rmeausdehnung, hohe spezifische Festigkeit und Korrosionsbest\u00e4ndigkeit.<\/p>\n<h2>AlSi50 Pulverzusammensetzung<\/h2>\n<p class=\"whitespace-pre-wrap\">Die typische Zusammensetzung von AlSi50 Legierungspulver ist:<\/p>\n<table>\n<thead>\n<tr>\n<th>Element<\/th>\n<th>Komposition<\/th>\n<\/tr>\n<\/thead>\n<tbody>\n<tr>\n<td>Aluminium (Al)<\/td>\n<td>Balanse<\/td>\n<\/tr>\n<tr>\n<td>Silizium (Si)<\/td>\n<td>48-52%<\/td>\n<\/tr>\n<\/tbody>\n<\/table>\n<ul class=\"list-disc pl-8 space-y-2\">\n<li class=\"whitespace-normal\">Aluminium bildet die Matrix, die Duktilit\u00e4t, Z\u00e4higkeit und Korrosionsbest\u00e4ndigkeit liefert.<\/li>\n<li class=\"whitespace-normal\">Silizium erh\u00f6ht H\u00e4rte, Flie\u00dff\u00e4higkeit und vermindert den thermischen Ausdehnungskoeffizienten.<\/li>\n<\/ul>\n<p class=\"whitespace-pre-wrap\">Der hohe Siliziumanteil von 50 % f\u00fchrt zu einer eutektischen Zusammensetzung mit dem niedrigst m\u00f6glichen Schmelzpunkt und exzellenten Gussm\u00f6glichkeiten. Eine strikte Kontrolle des Al\/Si-Verh\u00e4ltnisses ist kritisch.<\/p>\n<h2>Eigenschaften von AlSi50 Pulver<\/h2>\n<p class=\"whitespace-pre-wrap\">AlSi50-Pulver verf\u00fcgt \u00fcber eine einmalige Kombination von Eigenschaften: Es eignet sich f\u00fcr Anwendungen mit hoher Leistung.<\/p>\n<table>\n<thead>\n<tr>\n<th>Immobilie<\/th>\n<th>Wert<\/th>\n<\/tr>\n<\/thead>\n<tbody>\n<tr>\n<td>Dichte<\/td>\n<td>2,55 g\/cm3<\/td>\n<\/tr>\n<tr>\n<td>Schmelzpunkt<\/td>\n<td>577\u00ed\u00abC<\/td>\n<\/tr>\n<tr>\n<td>Maximale Zugfestigkeit<\/td>\n<td>200\u2013300 MPa<\/td>\n<\/tr>\n<tr>\n<td>Verl\u00e4ngerung<\/td>\n<td>&lt;1 %<\/td>\n<\/tr>\n<tr>\n<td>H\u00e4rte<\/td>\n<td>100 bis 120 HB<\/td>\n<\/tr>\n<tr>\n<td>W\u00e4rmeleitf\u00e4higkeit<\/td>\n<td>50\u201390 W\/m\u00b7K<\/td>\n<\/tr>\n<tr>\n<td>CTE<\/td>\n<td>12\u201315 x 10^\u22126\/\u00a1\u00abC<\/td>\n<\/tr>\n<tr>\n<td>Elastizit\u00e4tsmodul<\/td>\n<td>80\u201390 GPa<\/td>\n<\/tr>\n<tr>\n<td>Korrosionsbest\u00e4ndigkeit<\/td>\n<td>Ausgezeichnet<\/td>\n<\/tr>\n<\/tbody>\n<\/table>\n<ul class=\"list-disc pl-8 space-y-2\">\n<li class=\"whitespace-normal\"><strong>Geringe Dichte<\/strong>?- Bis zu 40 % geringer als Titanlegierungen und St\u00e4hle.<\/li>\n<li class=\"whitespace-normal\"><strong>Hohe Flie\u00dff\u00e4higkeit im geschmolzenen Zustand<\/strong>?- Erm\u00f6glicht eine hervorragende Gie\u00dfbarkeit und Formf\u00fcllung.<\/li>\n<li class=\"whitespace-normal\"><strong>Hohes Festigkeits-Gewicht-Verh\u00e4ltnis<\/strong>?- Spezifische Festigkeit vergleichbar mit Titanlegierungen.<\/li>\n<li class=\"whitespace-normal\"><strong>Niedriger W\u00e4rmeausdehnungskoeffizient<\/strong>?- Abmessungen bleiben \u00fcber einen gro\u00dfen Temperaturbereich stabil.<\/li>\n<li class=\"whitespace-normal\"><strong>Exzellente Korrosionsbest\u00e4ndigkeit<\/strong>?- Eine Oxidschutzschicht verhindert Korrosion in den meisten Umgebungen.<\/li>\n<li class=\"whitespace-normal\"><strong>Gute W\u00e4rmeleitf\u00e4higkeit<\/strong>?- doppelt so hoch wie bei Titanlegierungen, wodurch eine effiziente W\u00e4rmeableitung erm\u00f6glicht wird.<\/li>\n<\/ul>\n<p class=\"whitespace-pre-wrap\">Dieses einzigartige Eigenschaftsprofil macht AlSi50 f\u00fcr Anwendungen geeignet, in welchen eine niedrige Masse, Pr\u00e4zision, Stabilit\u00e4t und St\u00e4rke kritisch sind.<\/p>\n<h2>Anwendungen von AlSi50-Pulver<\/h2>\n<p class=\"whitespace-pre-wrap\">Die wichtigsten Eigenschaften von AlSi50-Pulver machen es ideal f\u00fcr Folgendes:<\/p>\n<table>\n<thead>\n<tr>\n<th>ANWENDUNGEN<\/th>\n<th>Vorteile<\/th>\n<\/tr>\n<\/thead>\n<tbody>\n<tr>\n<td>Kraftfahrzeugkomponenten<\/td>\n<td>Geringe Dichte und ausgezeichnete Gussm\u00f6glichkeiten.<\/td>\n<\/tr>\n<tr>\n<td>Luft- und Raumfahrtteile<\/td>\n<td>Hohe spezifische Festigkeit, stabile Abmessungen.<\/td>\n<\/tr>\n<tr>\n<td>Elektronische Substrate<\/td>\n<td>Thermisches Management, CTE-Anpassung an Keramik<\/td>\n<\/tr>\n<tr>\n<td>Glasrohlinge<\/td>\n<td>Geringe Dichte, Bearbeitbarkeit, Stabilit\u00e4t.<\/td>\n<\/tr>\n<tr>\n<td>Medizinische Implantate<\/td>\n<td>Biokompatibel, ungiftig, korrosionsbest\u00e4ndig.<\/td>\n<\/tr>\n<\/tbody>\n<\/table>\n<ul class=\"list-disc pl-8 space-y-2\">\n<li class=\"whitespace-normal\"><strong>Automotive<\/strong>?- Verwende in Kolben, Motorbl\u00f6cken, Antriebskomponenten zur Gewichtsreduzierung und Verbesserung der Kraftstoffeffizienz.<\/li>\n<li class=\"whitespace-normal\"><strong>Luft- und Raumfahrt<\/strong>-  Ideal f\u00fcr pr\u00e4zisionsbearbeitete Komponenten in der Luft- und Raumfahrt wie Stellglieder und Turboladerr\u00e4der, die h\u00f6chste Festigkeit bei niedrigem Gewicht erfordern.<\/li>\n<li class=\"whitespace-normal\"><strong>Elektronik<\/strong>?- Substrate f\u00fcr PCBs, IC-Geh\u00e4use zum Bearbeiten thermischer Lasten bei gleichzeitiger Anpassung des Expansionsverhaltens von Keramik.<\/li>\n<li class=\"whitespace-normal\"><strong>Optik<\/strong>?- Die Spiegelrohlinge, Teleskope profitieren von einer hohen Dimensionsstabilit\u00e4t und Bearbeitbarkeit.<\/li>\n<li class=\"whitespace-normal\"><strong>Medizinisch<\/strong>?- Ausgezeichnete Biokompatibilit\u00e4t und Korrosionsbest\u00e4ndigkeit f\u00fcr Implantate wie orthop\u00e4dische Ger\u00e4te.<\/li>\n<\/ul>\n<p class=\"whitespace-pre-wrap\">AlSi50 liefert maximale Leistung, wenn geringe Dichte, Pr\u00e4zision und Festigkeit entscheidend sind.<\/p>\n<p><img loading=\"lazy\" decoding=\"async\" class=\"size-medium wp-image-1409 aligncenter\" src=\"https:\/\/met3dp.com\/wp-content\/uploads\/2023\/09\/ed7a94ec-3c10-4b1b-87ed--300x300.jpg\" alt=\"AlSi50 Pulver\" width=\"300\" height=\"300\" title=\"\"><\/p>\n<h2>AlSi50 Pulverspezifikationen<\/h2>\n<p class=\"whitespace-pre-wrap\">AlSi50-Pulver ist in verschiedenen Fraktionen, Formen und Reinheitsstufen verf\u00fcgbar:<\/p>\n<table>\n<thead>\n<tr>\n<th>Parameter<\/th>\n<th>**Original:**\n\n1. Options sind derivate Finanzinstrumente, die dem Inhaber das Recht einr\u00e4umen, aber nicht die Verpflichtung auferlegen, einen zugrunde liegenden Verm\u00f6genswert zu einem bestimmten Preis zu einem bestimmten Zeitpunkt zu kaufen oder zu verkaufen.\n2. Optionen k\u00f6nnen Long- oder Short-Positionen sein.\n3. Die Pr\u00e4mie ist der Preis, den der K\u00e4ufer einer Option f\u00fcr das Recht zahlt, den zugrunde liegenden Verm\u00f6genswert zu kaufen oder zu verkaufen.\n4. Das Aus\u00fcbungsdatum ist das Datum, an dem der Inhaber einer Option das Recht hat, den zugrunde liegenden Verm\u00f6genswert zu kaufen oder zu verkaufen.\n5. Das Verfallsdatum ist das Datum, an dem das Recht des Inhabers einer Option, den zugrunde liegenden Verm\u00f6genswert zu kaufen oder zu verkaufen, erlischt.\n6. Die Aus\u00fcbung eines Optionskontrakts erfolgt durch Lieferung des zugrunde liegenden Verm\u00f6genswerts (bei einer Kaufoption) oder des Gegenwerts des zugrunde liegenden Verm\u00f6genswerts (bei einer Verkaufsoption).\n\n**Improved and Translated:**\n\n**Optionen**\n\n1. Optionen sind derivative Finanzinstrumente, die dem Inhaber das Recht einr\u00e4umen, aber nicht verpflichten, einen Basiswert zu einem festgelegten Preis und Zeitpunkt zu kaufen oder zu verkaufen.\n2. Optionen k\u00f6nnen Long- oder Short-Positionen sein.\n3. Die Optionspr\u00e4mie ist der Preis, den der K\u00e4ufer einer Option f\u00fcr das Recht zahlt, den Basiswert zu kaufen oder zu verkaufen.\n4. Das Aus\u00fcbungsdatum ist der Tag, an dem der Option Inhaber das Recht besitzt, den Basiswert zu kaufen oder zu verkaufen.\n5. Das Verfallsdatum ist der Tag, an dem das Recht des Option Inhabers erlischt, den Basiswert zu kaufen oder zu verkaufen.\n6. Die Aus\u00fcbung eines Optionsvertrags erfolgt durch Lieferung des Basiswerts (bei einer Kaufoption) oder des Gegenwerts des Basiswerts (bei einer Verkaufsoption).<\/th>\n<\/tr>\n<\/thead>\n<tbody>\n<tr>\n<td>Teilchengr\u00f6sse<\/td>\n<td>10 - 150 Mikrometer<\/td>\n<\/tr>\n<tr>\n<td>Partikelform<\/td>\n<td>Unregelm\u00e4\u00dfig, kugelf\u00f6rmig<\/td>\n<\/tr>\n<tr>\n<td>Anscheindichte<\/td>\n<td>Bis zu 2,7 g\/cm3<\/td>\n<\/tr>\n<tr>\n<td>Durchflussrate<\/td>\n<td>Bis zu 25 s\/50 g<\/td>\n<\/tr>\n<tr>\n<td>Reinheit<\/td>\n<td>Bis zu 99,7%<\/td>\n<\/tr>\n<tr>\n<td>Legierungsvarianten<\/td>\n<td>AlSi40, AlSi30<\/td>\n<\/tr>\n<\/tbody>\n<\/table>\n<ul class=\"list-disc pl-8 space-y-2\">\n<li class=\"whitespace-normal\">Kleinere Partikel f\u00f6rdern eine h\u00f6here Dichte durch Sintern, w\u00e4hrend gro\u00dfe Partikel die Flie\u00dff\u00e4higkeit verbessern.<\/li>\n<li class=\"whitespace-normal\">Eine sph\u00e4rische Morphologie verbessert im Vergleich zu unregelm\u00e4\u00dfigen Partikeln das Pulverflie\u00dfen.<\/li>\n<li class=\"whitespace-normal\">Eine h\u00f6here scheinbare Dichte erh\u00f6ht die effektive Belastung bei der Herstellung von Verbundwerkstoffen.<\/li>\n<li class=\"whitespace-normal\">Durch Schnellere Flie\u00dfgeschwindigkeiten werden Handhabung und Verarbeitung von Pulver leichter.<\/li>\n<li class=\"whitespace-normal\">Hochreine G\u00fcteklassen minimieren Kontaminationsprobleme.<\/li>\n<li class=\"whitespace-normal\">Auch Aluminium-Silizium-Legierungen mit 30-40 % Silizium erh\u00e4ltlich.<\/li>\n<\/ul>\n<p class=\"whitespace-pre-wrap\">Pulvereigenschaften k\u00f6nnen auf Basis spezifischer Staubanforderungen und Verarbeitungsmethoden angepasst werden.<\/p>\n<h2>Verfestigungsverfahren f\u00fcr AlSi50-Pulver<\/h2>\n<p class=\"whitespace-pre-wrap\">AlSi50-Pulver kann zu volldichten Bauteilen mit folgenden Verfahren umgewandelt werden:<\/p>\n<table>\n<thead>\n<tr>\n<th>Methode<\/th>\n<th>Details<\/th>\n<\/tr>\n<\/thead>\n<tbody>\n<tr>\n<td>Additive Fertigung<\/td>\n<td>Hervorragende geometrische Freiheit f\u00fcr komplexe Formen.<\/td>\n<\/tr>\n<tr>\n<td>Metallspritzguss<\/td>\n<td>Hochpr\u00e4zise Nettoformf\u00e4higkeit.<\/td>\n<\/tr>\n<tr>\n<td>Pressen und Sintern<\/td>\n<td>Wirtschaftlich bei h\u00f6heren Volumen einfacherer Formen.<\/td>\n<\/tr>\n<tr>\n<td>Besetzungsaufruf<\/td>\n<td>Hebt hervorragende Flie\u00dff\u00e4higkeit und Formf\u00fcllverhalten hervor.<\/td>\n<\/tr>\n<tr>\n<td>Extrusion<\/td>\n<td>F\u00fcr Profile, Stangen und Rohre.<\/td>\n<\/tr>\n<\/tbody>\n<\/table>\n<ul class=\"list-disc pl-8 space-y-2\">\n<li class=\"whitespace-normal\">Pulverbett-Fusions-AM-Technologien wie selektives Laserschmelzen eignen sich ideal f\u00fcr komplexe Teile mit geringem Volumen.<\/li>\n<li class=\"whitespace-normal\">Metallspritzguss bietet am engsten Toleranzen und Oberfl\u00e4chenbehandlung.<\/li>\n<li class=\"whitespace-normal\">\u00dcblicherweise wird Pressen gefolgt von Fl\u00fcssigphasensintern angewandt, allerdings ist eine Nachbearbeitung erforderlich.<\/li>\n<li class=\"whitespace-normal\">Feinguss bietet eine h\u00f6here Produktivit\u00e4t bei einfacheren Geometrien.<\/li>\n<li class=\"whitespace-normal\">Extrusion eignet sich f\u00fcr die kontinuierliche Fertigung von Stangen, St\u00e4ben und Rohren.<\/li>\n<\/ul>\n<p class=\"whitespace-pre-wrap\">Die Konsolidierungsmethode hat starken Einfluss auf die endg\u00fcltigen Eigenschaften, die Mikrostruktur und die Wirtschaftlichkeit der Kosten.<\/p>\n<h2>W\u00e4rmebehandlung von AlSi50-Teilen<\/h2>\n<p class=\"whitespace-pre-wrap\">Die folgenden W\u00e4rmebehandlungen k\u00f6nnen verwendet werden, um die AlSi50-Eigenschaften zu modifizieren:<\/p>\n<table>\n<thead>\n<tr>\n<th>W\u00e4rmebehandlung<\/th>\n<th>Details<\/th>\n<th>Zweck<\/th>\n<\/tr>\n<\/thead>\n<tbody>\n<tr>\n<td>L\u00f6sungsgl\u00fchbehandlung<\/td>\n<td>500-550\u00a1\u00abC, Abschrecken<\/td>\n<td>L\u00f6se l\u00f6sliche Phasen auf<\/td>\n<\/tr>\n<tr>\n<td>K\u00fcnstliche Alterung<\/td>\n<td>150-180 \u00a1\u00abC, 5-10 Stunden<\/td>\n<td>Ausscheidungsh\u00e4rtung<\/td>\n<\/tr>\n<tr>\n<td>Stressabbau<\/td>\n<td>250\u00a1\u00abC, 2 Stunden<\/td>\n<td>Restspannungen abbauen<\/td>\n<\/tr>\n<\/tbody>\n<\/table>\n<ul class=\"list-disc pl-8 space-y-2\">\n<li class=\"whitespace-normal\">Die L\u00f6sungsbehandlung l\u00f6st Silizium-Partikel in der Aluminiummatrix auf, gefolgt von schnellem Abk\u00fchlen.<\/li>\n<li class=\"whitespace-normal\">Sp\u00e4tere Alterung f\u00fchrt dazu, dass Silizium als feine Dispersionen erneut ausf\u00e4llt, was zu einer St\u00e4rkung f\u00fchrt.<\/li>\n<li class=\"whitespace-normal\">Die Spannungsarmgl\u00fchung bei niedriger Temperatur hilft, Restspannungen aus vorherigen Formgebungsschritten zu reduzieren.<\/li>\n<\/ul>\n<p class=\"whitespace-pre-wrap\">Die richtige W\u00e4rmebehandlung erlaubt die Anpassung von Festigkeit, H\u00e4rte und Duktilit\u00e4t entsprechend den jeweiligen Anwendungserfordernissen.<\/p>\n<h2>Vergleich von AlSi50-Pulver mit Alternativen<\/h2>\n<p class=\"whitespace-pre-wrap\">So sieht AlSi50 im Vergleich zu anderen eutektischen Aluminium-Silizium-Legierungen aus:<\/p>\n<table>\n<thead>\n<tr>\n<th>Legierung<\/th>\n<th>AlSi50<\/th>\n<th>AlSi40<\/th>\n<th>AlSi30<\/th>\n<\/tr>\n<\/thead>\n<tbody>\n<tr>\n<td>Fluidit\u00e4t<\/td>\n<td>H\u00f6chste<\/td>\n<td>High<\/td>\n<td>Mittel<\/td>\n<\/tr>\n<tr>\n<td>Gie\u00dfbarkeit<\/td>\n<td>Ausgezeichnet<\/td>\n<td>Sehr gut<\/td>\n<td>Gut<\/td>\n<\/tr>\n<tr>\n<td>H\u00e4rte<\/td>\n<td>High<\/td>\n<td>Mittel<\/td>\n<td>Niedrig<\/td>\n<\/tr>\n<tr>\n<td>St\u00e4rke<\/td>\n<td>High<\/td>\n<td>Mittel<\/td>\n<td>Niedrig<\/td>\n<\/tr>\n<tr>\n<td>W\u00e4rmeleitf\u00e4higkeit<\/td>\n<td>Mittel<\/td>\n<td>High<\/td>\n<td>H\u00f6chste<\/td>\n<\/tr>\n<tr>\n<td>CTE<\/td>\n<td>Niedrig<\/td>\n<td>Mittel<\/td>\n<td>High<\/td>\n<\/tr>\n<tr>\n<td>Kosten<\/td>\n<td>High<\/td>\n<td>Mittel<\/td>\n<td>Niedrig<\/td>\n<\/tr>\n<\/tbody>\n<\/table>\n<ul class=\"list-disc pl-8 space-y-2\">\n<li class=\"whitespace-normal\">AlSi40 bietet die beste Allround-Kombination aus Flie\u00dff\u00e4higkeit, Festigkeit und W\u00e4rmeleitf\u00e4higkeit.<\/li>\n<li class=\"whitespace-normal\">AlSi30 bietet die h\u00f6chste W\u00e4rmeleitf\u00e4higkeit, jedoch die geringste Festigkeit und Flie\u00dff\u00e4higkeit.<\/li>\n<li class=\"whitespace-normal\">AlSi50 besitzt die h\u00f6chste Flie\u00dff\u00e4higkeit, H\u00e4rte und Festigkeit, aber eine geringere W\u00e4rmeleitf\u00e4higkeit.<\/li>\n<\/ul>\n<p class=\"whitespace-pre-wrap\">AlSi50 w\u00e4hlt man, wenn maximale Gie\u00dfbarkeit, Dimensionsstabilit\u00e4t und hohe spezifische Festigkeit ausschlaggebend sind.<\/p>\n<h2>AlSi50 Pulverhersteller<\/h2>\n<p class=\"whitespace-pre-wrap\">AlSi50 wird als Speziallegierungspulver weltweit von verschiedenen Anbietern hergestellt:<\/p>\n<table>\n<thead>\n<tr>\n<th>Hersteller<\/th>\n<th>Land<\/th>\n<\/tr>\n<\/thead>\n<tbody>\n<tr>\n<td>Bindermetalle<\/td>\n<td>Deutschland<\/td>\n<\/tr>\n<tr>\n<td>CNPC-Pulver<\/td>\n<td>China<\/td>\n<\/tr>\n<tr>\n<td>Sandvik Osprey<\/td>\n<td>Gro\u00dfbritannien<\/td>\n<\/tr>\n<tr>\n<td>Rio Tinto Metallpulver<\/td>\n<td>Kanada<\/td>\n<\/tr>\n<tr>\n<td>Valimet Inc<\/td>\n<td>Vereinigte Staaten<\/td>\n<\/tr>\n<tr>\n<td>ASK Chemicals<\/td>\n<td>Vereinigte Staaten<\/td>\n<\/tr>\n<\/tbody>\n<\/table>\n<p class=\"whitespace-pre-wrap\">Namhafte Hersteller betreiben eine strikte Qualit\u00e4tskontrolle und entsprechen internationalen Standards hinsichtlich Zusammensetzung, Partikelgr\u00f6\u00dfenverteilung, Rauhigkeit und Fremdk\u00f6rperanteil.<\/p>\n<h2>AlSi50-Pulverpreise<\/h2>\n<p class=\"whitespace-pre-wrap\">Als eine moderne Speziallegierungspulver, profitiert AlSi50 von einem h\u00f6heren Preis, verglichen mit einfachem Aluminiumg\u00fcten:<\/p>\n<table>\n<thead>\n<tr>\n<th>Pulverg\u00fctemerkmal<\/th>\n<th>Teilchengr\u00f6sse<\/th>\n<th>Preis ($\/kg)<\/th>\n<\/tr>\n<\/thead>\n<tbody>\n<tr>\n<td>Zum Pressen<\/td>\n<td>Unter 150 \u00c3\u00d7m<\/td>\n<td>$15-25<\/td>\n<\/tr>\n<tr>\n<td>Zum Sintern<\/td>\n<td>45-150 \u00c3\u2013m<\/td>\n<td>$18-30<\/td>\n<\/tr>\n<tr>\n<td>F\u00fcr AM<\/td>\n<td>15\u201345 \u00b5m<\/td>\n<td>$30-50<\/td>\n<\/tr>\n<tr>\n<td>Hohe Reinheit<\/td>\n<td>Bis zu 10 \u00c3\u00d7m<\/td>\n<td>$40-75<\/td>\n<\/tr>\n<\/tbody>\n<\/table>\n<ul class=\"list-disc pl-8 space-y-2\">\n<li class=\"whitespace-normal\">Feinere Qualit\u00e4ten f\u00fcr AM und Sintern sind teurer als grobes Pulver zum Pressen.<\/li>\n<li class=\"whitespace-normal\">Kleinere Losgr\u00f6\u00dfen unter 100 kg f\u00fchren zu h\u00f6heren Preisen.<\/li>\n<li class=\"whitespace-normal\">Reinheitsgrad mit geringerem Sauerstoff- und Stickstoffgehalt sind 50-100% teurer.<\/li>\n<li class=\"whitespace-normal\">Die Reduzierung des Siliziumgehalts auf AlSi40 senkt die Kosten um etwa 20 %.<\/li>\n<\/ul>\n<p class=\"whitespace-pre-wrap\">Mengenrabatte, l\u00e4ngerfristige Vertr\u00e4ge und einfachere Teilchenspezifikationen tragen zur Kostensenkung bei.<\/p>\n<h2>Gesundheits- und Sicherheitsaspekte f\u00fcr AlSi50-Pulver<\/h2>\n<p class=\"whitespace-pre-wrap\">Wie jedes Metallpulver muss AlSi50-Pulver sicher gehandhabt werden:<\/p>\n<table>\n<thead>\n<tr>\n<th>Gefahr<\/th>\n<th>Vorsichtsma\u00dfnahmen<\/th>\n<th>PSA<\/th>\n<\/tr>\n<\/thead>\n<tbody>\n<tr>\n<td>Haut-\/Augenkontakt<\/td>\n<td>Direkten Kontakt vermeiden. Bei Kontakt sp\u00fclen.<\/td>\n<td>Handschuhe, Schutzbrille<\/td>\n<\/tr>\n<tr>\n<td>Einatmung<\/td>\n<td>Staub nicht einatmen. F\u00fcr Bel\u00fcftung sorgen.<\/td>\n<td>Beatmungsger\u00e4t<\/td>\n<\/tr>\n<tr>\n<td>Zufuhr<\/td>\n<td>H\u00e4ndedruck vermeiden. H\u00e4nde waschen.<\/td>\n<td>&#8211;<\/td>\n<\/tr>\n<tr>\n<td>Feuer<\/td>\n<td>Sand verwenden. Kein Wasser verwenden.<\/td>\n<td>Schutzausr\u00fcstung<\/td>\n<\/tr>\n<\/tbody>\n<\/table>\n<ul class=\"list-disc pl-8 space-y-2\">\n<li class=\"whitespace-normal\">Tragen Sie Handschuhe, Schutzbrille und Mundschutz beim Umgang mit Pulver.<\/li>\n<li class=\"whitespace-normal\">Ber\u00fchrung mit der Haut vermeiden. Nach Exposition waschen.<\/li>\n<li class=\"whitespace-normal\">K\u00fchl und trocken lagern, fern von Funken oder Flammen.<\/li>\n<li class=\"whitespace-normal\">Sicherstellen einer ordnungsgem\u00e4\u00dfen Bel\u00fcftung und Staubabsaugung.<\/li>\n<li class=\"whitespace-normal\">Siehe SDS und \u00f6rtliche Vorschriften f\u00fcr vollst\u00e4ndige Anweisungen.<\/li>\n<\/ul>\n<p class=\"whitespace-pre-wrap\">Mit den richtigen Vorsichtsma\u00dfnahmen und der richtigen PSA kann AlSi50-Pulver sicher gehandhabt werden.<\/p>\n<h2>Pr\u00fcfung und Testen von AlSi50-Pulver<\/h2>\n<p class=\"whitespace-pre-wrap\">Um die Erf\u00fcllung der Qualit\u00e4tsspezifikationen zu gew\u00e4hrleisten, sollte AlSi50-Pulver folgenden Schritten unterzogen werden:<\/p>\n<table>\n<thead>\n<tr>\n<th>Parameter<\/th>\n<th>Methode<\/th>\n<th>Spezifikation<\/th>\n<\/tr>\n<\/thead>\n<tbody>\n<tr>\n<td>Chemische Zusammensetzung<\/td>\n<td>OES, XRF, Nasschemie<\/td>\n<td>\u00dcbereinstimmung mit Al- und Si-Gehalt<\/td>\n<\/tr>\n<tr>\n<td>Korngr\u00f6\u00dfenverteilung<\/td>\n<td>Laserbeugung, Siebung<\/td>\n<td>D10, D50, D90 im Bereich<\/td>\n<\/tr>\n<tr>\n<td>Pulvermorphologie<\/td>\n<td>SEM-Bildgebung<\/td>\n<td>Form- und flie\u00dftechnische Eigenschaften<\/td>\n<\/tr>\n<tr>\n<td>Anscheindichte<\/td>\n<td>Hallenstr\u00f6mungsmengenmesser pr\u00fcfen<\/td>\n<td>Mindestangegebene Dichte<\/td>\n<\/tr>\n<tr>\n<td>Durchflussrate<\/td>\n<td>Hallenstr\u00f6mungsmengenmesser pr\u00fcfen<\/td>\n<td>Maximale Sekunden f\u00fcr 50g Durchfluss<\/td>\n<\/tr>\n<tr>\n<td>Verunreinigungsstufen<\/td>\n<td>ICP oder LECO-Analyse<\/td>\n<td>Niedriger Sauerstoffgehalt, Feuchtigkeitsgehalt<\/td>\n<\/tr>\n<\/tbody>\n<\/table>\n<p class=\"whitespace-pre-wrap\">Pr\u00fcfungen sollten regelm\u00e4\u00dfig gem\u00e4\u00df den ASTM-Standards durchgef\u00fchrt werden, um die Konsistenz von Produktionsqualit\u00e4t und Leistung in den Endanwendungsbereichen sicherzustellen.<\/p>\n<h2>FAQs<\/h2>\n<p class=\"whitespace-pre-wrap\"><strong>F. Wof\u00fcr wird AlSi50 verwendet?<\/strong><\/p>\n<p class=\"whitespace-pre-wrap\">A. AlSi50 ist ideal f\u00fcr Anwendungen wie z. B. Komponenten im KFZ-Bereich, Teile f\u00fcr die Luft- und Raumfahrt sowie elektronische Substrate, bei denen geringe Masse, Formstabilit\u00e4t und hohe Flie\u00dff\u00e4higkeit entscheidend sind.<\/p>\n<p class=\"whitespace-pre-wrap\"><strong>F. Ben\u00f6tigt AlSi50 eine W\u00e4rmebehandlung?<\/strong><\/p>\n<p class=\"whitespace-pre-wrap\">A. Optionale W\u00e4rmebehandlung einschlie\u00dflich L\u00f6sungsgl\u00fchen und Aush\u00e4rten k\u00f6nnen zur Steigerung der Festigkeit durch Ausf\u00e4llen von Siliziumpartikeln in der Mikrostruktur vorgenommen werden.<\/p>\n<p class=\"whitespace-pre-wrap\"><strong>Frage: Mit welchen Methoden kann AlSi50-Pulver konsolidiert werden?<\/strong><\/p>\n<p class=\"whitespace-pre-wrap\">A. AlSi50-Pulver kann durch Metallspritzguss, Gie\u00dfen, additive Fertigung \u00fcber SLM\/EBM, Extrusion und Sintern zu voller Dichte konsolidiert werden.<\/p>\n<p class=\"whitespace-pre-wrap\"><strong>F. Ist AlSi50 gut schwei\u00dfbar?<\/strong><\/p>\n<p class=\"whitespace-pre-wrap\">A. AlSi50 hat eine relativ geringe Schwei\u00dfbarkeit aufgrund seines hohen Siliziumgehalts. F\u00fcr das Schwei\u00dfen dieser Legierung sind spezielle Zusatzwerkstoffe und Techniken erforderlich.<\/p>\n<p class=\"whitespace-pre-wrap\"><strong>Q. Ist der Umgang mit AlSi50-Pulver sicher?<\/strong><\/p>\n<p class=\"whitespace-pre-wrap\">A. Wie bei jedem feinen Metallpulver m\u00fcssen bei der Handhabung von AlSi50-Pulver die \u00fcblichen Sicherheitsvorkehrungen getroffen werden, um Gesundheits- und Sicherheitsrisiken zu minimieren.<\/p>\n<div id=\"gtx-trans\" style=\"position: absolute;left: 95px;top: -10px\">\n<div class=\"gtx-trans-icon\"><\/div>\n<\/div>\n<p><\/span><\/span><\/p>","protected":false},"excerpt":{"rendered":"<p>AlSi50 ist ein Aluminium-Silizium-Legierungspulver, das 50% Silizium und den Rest Aluminium enth\u00e4lt. Es bietet eine au\u00dfergew\u00f6hnliche Kombination von Eigenschaften wie geringe Dichte, hohe Flie\u00dff\u00e4higkeit, geringe W\u00e4rmeausdehnung, hohe spezifische Festigkeit und Korrosionsbest\u00e4ndigkeit. Zusammensetzung von AlSi50-Pulver Die typische Zusammensetzung von AlSi50-Legierungspulver ist: Elementzusammensetzung Aluminium (Al) Gleichgewicht Silizium (Si) 48-52% Aluminium bildet die...<\/p>","protected":false},"featured_media":1869,"parent":0,"template":"","meta":{"_acf_changed":false,"_kad_blocks_custom_css":"","_kad_blocks_head_custom_js":"","_kad_blocks_body_custom_js":"","_kad_blocks_footer_custom_js":"","_kad_post_transparent":"","_kad_post_title":"","_kad_post_layout":"","_kad_post_sidebar_id":"","_kad_post_content_style":"","_kad_post_vertical_padding":"","_kad_post_feature":"","_kad_post_feature_position":"","_kad_post_header":false,"_kad_post_footer":false,"_kad_post_classname":""},"product-category":[119,124],"class_list":["post-3936","product","type-product","status-publish","has-post-thumbnail","hentry","product-category-3d-printing-metal-powder","product-category-aluminum-based-alloy-powder"],"acf":[],"taxonomy_info":{"product-category":[{"value":119,"label":"3D Printing Metal Powder"},{"value":124,"label":"Aluminum Based Alloy Powder"}]},"featured_image_src_large":["https:\/\/3dpmetal.com\/wp-content\/uploads\/2024\/02\/AlSi50.jpg",600,600,false],"author_info":[],"comment_info":"","_links":{"self":[{"href":"https:\/\/3dpmetal.com\/de\/wp-json\/wp\/v2\/product\/3936","targetHints":{"allow":["GET"]}}],"collection":[{"href":"https:\/\/3dpmetal.com\/de\/wp-json\/wp\/v2\/product"}],"about":[{"href":"https:\/\/3dpmetal.com\/de\/wp-json\/wp\/v2\/types\/product"}],"wp:featuredmedia":[{"embeddable":true,"href":"https:\/\/3dpmetal.com\/de\/wp-json\/wp\/v2\/media\/1869"}],"wp:attachment":[{"href":"https:\/\/3dpmetal.com\/de\/wp-json\/wp\/v2\/media?parent=3936"}],"wp:term":[{"taxonomy":"product-category","embeddable":true,"href":"https:\/\/3dpmetal.com\/de\/wp-json\/wp\/v2\/product-category?post=3936"}],"curies":[{"name":"wp","href":"https:\/\/api.w.org\/{rel}","templated":true}]}}