{"id":3939,"date":"2024-03-18T06:10:15","date_gmt":"2024-03-18T06:10:15","guid":{"rendered":"https:\/\/3dp.45612300.xyz\/product\/gh3625-powderinconel-625-powder\/"},"modified":"2024-03-18T06:10:15","modified_gmt":"2024-03-18T06:10:15","slug":"gh3625-powderinconel-625-powder","status":"publish","type":"product","link":"https:\/\/3dpmetal.com\/de\/product\/gh3625-powderinconel-625-powder\/","title":{"rendered":"GH3625-Pulver (Inconel 625-Pulver)"},"content":{"rendered":"<p><span style=\"vertical-align: inherit;\"><span style=\"vertical-align: inherit;\"><\/p>\n<h2>\u00dcberblick<\/h2>\n<p><img loading=\"lazy\" decoding=\"async\" class=\"wp-image-2160 size-full aligncenter\" src=\"https:\/\/met3dp.com\/wp-content\/uploads\/2023\/09\/in718-powder.jpg\" alt=\"Inconel-Pulver\" width=\"600\" height=\"600\" title=\"\"><\/p>\n<p class=\"whitespace-pre-wrap\">GH3625-Pulver ist ein Legierungspulver zur Verwendung f\u00fcr Metall <a href=\"https:\/\/en.wikipedia.org\/wiki\/3D_printing\" target=\"_blank\" rel=\"noopener\">Additive Fertigung<\/a> Verfahren wie selektives Laserschmelzen (SLS) und direktes Metalllaserschmelzen (DMLS). Es handelt sich um eine Superlegierung auf Nickelbasis, die hohe Festigkeit, Korrosionsbest\u00e4ndigkeit und hervorragende Hochtemperatureigenschaften bietet.<\/p>\n<p class=\"whitespace-pre-wrap\">GH3625 wurde speziell f\u00fcr die additive Fertigung entwickelt, um komplexe, dichte Teile mit au\u00dfergew\u00f6hnlichen mechanischen Eigenschaften herzustellen, die mit geschmiedeten Materialien vergleichbar sind. Es erm\u00f6glicht die Produktion von Leichtbauteilen mit komplexen Geometrien f\u00fcr den Einsatz in der Luft- und Raumfahrt, im Automobilbau, in der Medizin und in der Industrie.<\/p>\n<p class=\"whitespace-pre-wrap\">Dieser Leitfaden bietet eine detaillierte \u00dcbersicht des Pulvers GH3625 und deckt dessen Zusammensetzung, Eigenschaften, Anwendungen, Spezifikationen, Preisgestaltung, Vorteile und Grenzen ab. Es werden Vergleiche mit anderen g\u00e4ngigen Legierungen wie Inconel 718 und Stellite 21 gezogen, um die Leistung und Eignung von GH3625 f\u00fcr unterschiedliche Anwendungen aufzuzeigen. Ein Abschnitt mit h\u00e4ufig gestellten Fragen beantwortet wichtige Fragen zu diesem Material.<\/p>\n<h2>GH3625 Pulverzusammensetzung<\/h2>\n<p class=\"whitespace-pre-wrap\">GH3625 besitzt eine komplexe chemische Zusammensetzung, die eine Kombination aus hoher Festigkeit, Best\u00e4ndigkeit gegen thermische Erm\u00fcdung, Oxidation und Korrosion bieten soll. Hier ein \u00dcberblick \u00fcber seine Zusammensetzung:<\/p>\n<table>\n<thead>\n<tr>\n<th><strong>Element<\/strong><\/th>\n<th><strong>Gew.-%<\/strong><\/th>\n<\/tr>\n<\/thead>\n<tbody>\n<tr>\n<td>Nickel<\/td>\n<td>Balanse<\/td>\n<\/tr>\n<tr>\n<td>Chrom<\/td>\n<td>15-17%<\/td>\n<\/tr>\n<tr>\n<td>Kobalt<\/td>\n<td>10%<\/td>\n<\/tr>\n<tr>\n<td>Molybd\u00e4n<\/td>\n<td>8-10%<\/td>\n<\/tr>\n<tr>\n<td>Tantal<\/td>\n<td>5-6%<\/td>\n<\/tr>\n<tr>\n<td>Aluminium<\/td>\n<td>1.2-1.7%<\/td>\n<\/tr>\n<tr>\n<td>Titan<\/td>\n<td>0.5-1.2%<\/td>\n<\/tr>\n<tr>\n<td>Bor<\/td>\n<td>0.01%<\/td>\n<\/tr>\n<\/tbody>\n<\/table>\n<p class=\"whitespace-pre-wrap\">Nickel bildet die Basis dieser Superlegierung, die Verformbarkeit und Z\u00e4higkeit liefert. Elemente wie Chrom, Kobalt und Molybd\u00e4n tragen durch die Mischkristallverfestigung zur Festigkeit bei hohen Temperaturen bei.<\/p>\n<p class=\"whitespace-pre-wrap\">Tantalum sorgt f\u00fcr die Verst\u00e4rkung der festen L\u00f6sung und bildet Karbidpartikel f\u00fcr die Ausscheidungsh\u00e4rtung. Aluminium und Titan bilden die Gamma-Prime-Phase Ni3(Al,Ti), um hervorragende mechanische Hochtemperatureigenschaften zu bieten. Bor verbessert die Korngrenzenfestigkeit.<\/p>\n<p class=\"whitespace-pre-wrap\">Die ausgeglichene Zusammensetzung verleiht dem GH3625-Pulver eine im Vergleich zu ausscheidungsgeh\u00e4rteten Edelst\u00e4hlen hervorragende Schwei\u00dfbarkeit. Es kann leicht nachbearbeitet werden, unter anderem durch Hei\u00dfisostatisches Pressen (HIP), W\u00e4rmebehandlung und spanende Bearbeitung.<\/p>\n<h2>GH3625 Pulvereigenschaften<\/h2>\n<p class=\"whitespace-pre-wrap\">GH3625-Pulver weist folgende physikalische und mechanische Eigenschaften auf, die es f\u00fcr anspruchsvolle Anwendungen geeignet machen:<\/p>\n<p class=\"whitespace-pre-wrap\"><strong>GH3625 Pulvereigenschaften<\/strong><\/p>\n<table>\n<thead>\n<tr>\n<th><strong>Immobilie<\/strong><\/th>\n<th><strong>Wert<\/strong><\/th>\n<\/tr>\n<\/thead>\n<tbody>\n<tr>\n<td>Dichte<\/td>\n<td>8,1-8,5 g\/cm\u00b3<\/td>\n<\/tr>\n<tr>\n<td>Schmelzpunkt<\/td>\n<td>1260-1335\u00a1\u00abC<\/td>\n<\/tr>\n<tr>\n<td>W\u00e4rmeleitf\u00e4higkeit<\/td>\n<td>11\u201312,5 W\/mK<\/td>\n<\/tr>\n<tr>\n<td>W\u00e4rmeausdehnungskoeffizient<\/td>\n<td>12,5\u201313,5 x 10\u202f&lt;sup&gt;-6&lt;\/sup&gt;\/K<\/td>\n<\/tr>\n<tr>\n<td>E-Modul<\/td>\n<td>156-186 GPa<\/td>\n<\/tr>\n<tr>\n<td>Poissonsche Konstante<\/td>\n<td>0.29-0.33<\/td>\n<\/tr>\n<tr>\n<td>Zugfestigkeit<\/td>\n<td>1050\u20131280 MPa<\/td>\n<\/tr>\n<tr>\n<td>Streckgrenze (0,2 % bleibende Dehnung)<\/td>\n<td>860-1050 MPa<\/td>\n<\/tr>\n<tr>\n<td>Verl\u00e4ngerung<\/td>\n<td>8-15%<\/td>\n<\/tr>\n<tr>\n<td>H\u00e4rte<\/td>\n<td>32-38 HRC<\/td>\n<\/tr>\n<\/tbody>\n<\/table>\n<p class=\"whitespace-pre-wrap\">Der hohe Schmelzpunkt, die thermische Leitf\u00e4higkeit und der niedrige W\u00e4rmeausdehnungskoeffizient erm\u00f6glichen eine gute Dimensionsstabilit\u00e4t bei Hochtemperatureins\u00e4tzen bis zu 1000 \u00b0C f\u00fcr begrenzte Zeitr\u00e4ume.<\/p>\n<p class=\"whitespace-pre-wrap\">Die Legierung zeichnet sich durch eine exzellente Zug- und Streckfestigkeit aus, vergleichbar mit verformten Werkstoffen, sowie durch gute Duktilit\u00e4t und Bruchz\u00e4higkeit. Sie hat eine hohe H\u00e4rte, Verschlei\u00dffestigkeit sowie Best\u00e4ndigkeit gegen Rissbildung und Abrieb.<\/p>\n<p class=\"whitespace-pre-wrap\">Aufgrund der Eigenschaften \u00fcbertrifft GH3625 bei hohen Temperaturen Edelst\u00e4hle, Kobaltlegierungen und steht sogar aush\u00e4rtbaren Nickel-Superlegierungen in nichts nach. Au\u00dferdem bietet es eine bessere Schwei\u00dfbarkeit als Inconel 718.<\/p>\n<h2>GH3625 Pulverbeschichtungsanwendungen<\/h2>\n<p class=\"whitespace-pre-wrap\">Die Kombination aus hoher St\u00e4rke, H\u00e4rte, Z\u00e4higkeit und thermischer Stabilit\u00e4t macht GH3625 zu einem hervorragenden Material f\u00fcr:<\/p>\n<p class=\"whitespace-pre-wrap\"><strong>GH3625 Anwendungen<\/strong><\/p>\n<table>\n<thead>\n<tr>\n<th><strong>Industrie<\/strong><\/th>\n<th><strong>Komponenten<\/strong><\/th>\n<\/tr>\n<\/thead>\n<tbody>\n<tr>\n<td>Luft- und Raumfahrt<\/td>\n<td>Turbinenschaufeln, Brennkammerteile, Leitschaufeln<\/td>\n<\/tr>\n<tr>\n<td>Automotive<\/td>\n<td>Turboladerr\u00e4der, Kr\u00fcmmer und Ventile<\/td>\n<\/tr>\n<tr>\n<td>\u00d6l und Gas<\/td>\n<td>Bohrloch-Kopfteile, Bohrlochwerkzeuge, Ventile<\/td>\n<\/tr>\n<tr>\n<td>Energieerzeugung<\/td>\n<td>W\u00e4rmetauscher, Brennerkomponenten<\/td>\n<\/tr>\n<tr>\n<td>Chemische Verarbeitung<\/td>\n<td>Pumpenlaufr\u00e4der, Ventile, Reaktionsgef\u00e4\u00dfe<\/td>\n<\/tr>\n<tr>\n<td>Medizinisch<\/td>\n<td>Zahnimplantate, Prothesen, Chirurgische Instrumente<\/td>\n<\/tr>\n<\/tbody>\n<\/table>\n<p class=\"whitespace-pre-wrap\">Die M\u00f6glichkeit, komplexe Geometrien zu drucken, erlaubt, mehrere Teile zu einzelnen Komponenten und leichten Gitterstrukturen zusammenzufassen. Dies erm\u00f6glicht einen schnelleren Druck von Einzelst\u00fcckkomponenten im Vergleich zum Zusammenbau mehrerer Abschnitte.<\/p>\n<p class=\"whitespace-pre-wrap\">GH3625 wird zum Drucken von Schaufeln, Laufr\u00e4dern, Platten, Scheiben, Rohren mit konformen K\u00fchlkan\u00e4len und anderen Elementen verwendet, die bei hohen Dr\u00fccken und Temperaturen arbeiten.<\/p>\n<h2>Technische Daten zu GH3625-Pulver<\/h2>\n<p class=\"whitespace-pre-wrap\">GH3625-Pulver f\u00fcr AM-Prozesse ist in verschiedenen Gr\u00f6\u00dfenverteilungen, Formen und Zusammensetzungen von verschiedenen Pulverherstellern verf\u00fcgbar.<\/p>\n<p class=\"whitespace-pre-wrap\"><strong>GH3625 Pulverarten<\/strong><\/p>\n<table>\n<thead>\n<tr>\n<th><strong>Spezifikation<\/strong><\/th>\n<th><strong>Details<\/strong><\/th>\n<\/tr>\n<\/thead>\n<tbody>\n<tr>\n<td>Korngr\u00f6\u00dfenverteilung<\/td>\n<td>15-45 \u00b5m, 15-53  \u00b5m, 53-150  \u00b5m<\/td>\n<\/tr>\n<tr>\n<td>Partikelform<\/td>\n<td>Sph\u00e4risch, satellit, polyedrisch<\/td>\n<\/tr>\n<tr>\n<td>Legierungsmodifikationen<\/td>\n<td>Mit B, C, Zr, Nb, Ta<\/td>\n<\/tr>\n<tr>\n<td>Herstellungsverfahren<\/td>\n<td>Gasverd\u00fcsung, Plasmaverd\u00fcsung<\/td>\n<\/tr>\n<\/tbody>\n<\/table>\n<p class=\"whitespace-pre-wrap\">Gas- und Plasma- Zerst\u00e4ubungsprozesse produzieren sph\u00e4rische Pulver, die ideal f\u00fcr SLS\/DMLS-Verfahren sind. Satellitenpulver haben eine h\u00f6here Sch\u00fcttdichte und verbessern die Flie\u00dff\u00e4higkeit des Pulvers.<\/p>\n<p class=\"whitespace-pre-wrap\">Kleinere Pulver von 15-45 \u00b5m erm\u00f6glichen eine hohe Aufl\u00f6sung und Oberfl\u00e4chenbeschaffenheit, w\u00e4hrend gr\u00f6\u00dfere Pulver von 53-150 \u00b5m eine schnellere Baugeschwindigkeit erm\u00f6glichen. Unterschiedliche Legierungszus\u00e4tze wie Bor, Kohlenstoff, Zirkonium, Niob und Tantal werden verwendet, um die Materialeigenschaften anzupassen.<\/p>\n<p class=\"whitespace-pre-wrap\"><strong>GH 3625 Substanzstandards<\/strong><\/p>\n<table>\n<thead>\n<tr>\n<th><strong>Standard<\/strong><\/th>\n<th><strong>Beschreibung<\/strong><\/th>\n<\/tr>\n<\/thead>\n<tbody>\n<tr>\n<td>ASTM-F3056<\/td>\n<td>Normspezifikation f\u00fcr die additive Fertigung von Nickellegierungen<\/td>\n<\/tr>\n<tr>\n<td>AMS7016<\/td>\n<td>Nickellegierungspulver f\u00fcr Hochtemperaturanwendungen<\/td>\n<\/tr>\n<tr>\n<td>ASME B46.1<\/td>\n<td>Anforderungen an die Oberfl\u00e4chenbeschaffenheit<\/td>\n<\/tr>\n<\/tbody>\n<\/table>\n<p class=\"whitespace-pre-wrap\">GH3625-Pulver wird gem\u00e4\u00df ASTM F3056 anhand von Zusammensetzungsgrenzen, Teilchengr\u00f6\u00dfenverteilung, Morphologie, Flie\u00dff\u00e4higkeit, Sch\u00fcttdichte und Mikrostruktur qualifiziert. Zus\u00e4tzliche Tests gem\u00e4\u00df Anwendungsnormen sind erforderlich.<\/p>\n<h2>Preisgestaltung f\u00fcr GH3625-Pulver<\/h2>\n<p class=\"whitespace-pre-wrap\">GH3625-Pulver ist aufgrund der komplexen Zusammensetzung und exklusiven Natur teurer als Edelstahlpulver. Hier sind die typischen Preisspannen:<\/p>\n<p class=\"whitespace-pre-wrap\"><strong>GH3625 Pulverpreis<\/strong><\/p>\n<table>\n<thead>\n<tr>\n<th><strong>Pulverg\u00fctemerkmal<\/strong><\/th>\n<th><strong>Preisspanne<\/strong><\/th>\n<\/tr>\n<\/thead>\n<tbody>\n<tr>\n<td>GH3625<\/td>\n<td>90\u2013200 \u20ac pro kg<\/td>\n<\/tr>\n<tr>\n<td>GH3625 + Bor<\/td>\n<td>110-250 \u20ac pro kg<\/td>\n<\/tr>\n<tr>\n<td>GH3625 + Karbon<\/td>\n<td>100\u2013220 US-$ pro kg<\/td>\n<\/tr>\n<\/tbody>\n<\/table>\n<p class=\"whitespace-pre-wrap\">Die Preise variieren je nach Bestellmenge, Partikelgr\u00f6\u00dfenverteilung, Form, Herstellungsverfahren, Lieferant und zus\u00e4tzlichen Charakterisierungs- oder Qualifizierungsanforderungen f\u00fcr Pulver.<\/p>\n<h2>Vorteile und Nachteile von GH3625 Pulver<\/h2>\n<p class=\"whitespace-pre-wrap\">GH3625 zeichnet sich durch die folgenden Vorteile aus, die es zu einer beliebten Wahl machen:<\/p>\n<p class=\"whitespace-pre-wrap\"><strong>GH3625 Profis<\/strong><\/p>\n<ul class=\"list-disc pl-8 space-y-2\">\n<li class=\"whitespace-normal\">Ausgezeichnete Festigkeit und H\u00e4rte bis zu 1000 \u00b0C<\/li>\n<li class=\"whitespace-normal\">Eine gute Best\u00e4ndigkeit gegen Korrosion und Oxidation<\/li>\n<li class=\"whitespace-normal\">F\u00fcr die Nachbearbeitung schwei\u00dfbar<\/li>\n<li class=\"whitespace-normal\">H\u00f6here Duktilit\u00e4t als Inconel 718<\/li>\n<li class=\"whitespace-normal\">Kann durch W\u00e4rmebehandlung geh\u00e4rtet werden<\/li>\n<li class=\"whitespace-normal\">Komplexe Geometrien durch additive Fertigung erm\u00f6glicht<\/li>\n<li class=\"whitespace-normal\">Schneller und g\u00fcnstiger als Gussteile<\/li>\n<li class=\"whitespace-normal\">Reduziert die Anzahl der Teile durch Konsolidierung<\/li>\n<\/ul>\n<p class=\"whitespace-pre-wrap\"><strong>GH3625 Nachteile<\/strong><\/p>\n<ul class=\"list-disc pl-8 space-y-2\">\n<li class=\"whitespace-normal\">Teurer als Edelstahl<\/li>\n<li class=\"whitespace-normal\">Geringere Festigkeit als Inconel 718 \u00fcber 550 \u00a1\u00abC<\/li>\n<li class=\"whitespace-normal\">Anf\u00e4llig f\u00fcr Kaltverspr\u00f6dung<\/li>\n<li class=\"whitespace-normal\">Erfordert hei\u00dfisostatisches Pressen (HIP)<\/li>\n<li class=\"whitespace-normal\">Schwer zu bearbeiten - erfordert Spezialwerkzeuge<\/li>\n<li class=\"whitespace-normal\">Begrenzte Lieferantendaten zur langfristigen Leistung<\/li>\n<\/ul>\n<p class=\"whitespace-pre-wrap\">Durch die richtige Auswahl der AM-Prozessparameter und die Nachbearbeitung werden einige Einschr\u00e4nkungen des GH3625-Pulvers gemildert.<\/p>\n<h2>Vergleich von GH3625 mit <a href=\"https:\/\/met3dp.com\/inconel-718-alloy-powder\/\" target=\"_blank\" rel=\"noopener\">Inconel 718<\/a> und Stellite 21<\/h2>\n<p class=\"whitespace-pre-wrap\">GH3625 besetzt eine Nische zwischen Inconel 718 und Stellite 21 in Bezug auf Eigenschaften und Kosten:<\/p>\n<p class=\"whitespace-pre-wrap\"><strong>Legierungsvergleich<\/strong><\/p>\n<table>\n<thead>\n<tr>\n<th><strong>Immobilie<\/strong><\/th>\n<th><strong>GH3625<\/strong><\/th>\n<th><strong>Inconel 718<\/strong><\/th>\n<th><strong>Stellite 21<\/strong><\/th>\n<\/tr>\n<\/thead>\n<tbody>\n<tr>\n<td>Kosten<\/td>\n<td>Mittel<\/td>\n<td>High<\/td>\n<td>Niedrig<\/td>\n<\/tr>\n<tr>\n<td>Dichte<\/td>\n<td>High<\/td>\n<td>Mittel<\/td>\n<td>High<\/td>\n<\/tr>\n<tr>\n<td>St\u00e4rke<\/td>\n<td>Mittel<\/td>\n<td>Sehr hoch<\/td>\n<td>Mittel<\/td>\n<\/tr>\n<tr>\n<td>H\u00e4rte<\/td>\n<td>High<\/td>\n<td>Mittel<\/td>\n<td>Sehr hoch<\/td>\n<\/tr>\n<tr>\n<td>Verschlei\u00dffestigkeit<\/td>\n<td>Mittel<\/td>\n<td>Niedrig<\/td>\n<td>Sehr hoch<\/td>\n<\/tr>\n<tr>\n<td>Korrosionsbest\u00e4ndigkeit<\/td>\n<td>Mittel<\/td>\n<td>High<\/td>\n<td>Mittel<\/td>\n<\/tr>\n<tr>\n<td>Oxidationsbest\u00e4ndigkeit<\/td>\n<td>Mittel<\/td>\n<td>High<\/td>\n<td>Mittel<\/td>\n<\/tr>\n<tr>\n<td>Thermische Stabilit\u00e4t<\/td>\n<td>Bis zu 1000\u00a1\u00abC<\/td>\n<td>Bis zu 700\u00a1\u00abC<\/td>\n<td>Bis 900 \u00a1\u00abC<\/td>\n<\/tr>\n<tr>\n<td>Schwei\u00dfbarkeit<\/td>\n<td>Gut<\/td>\n<td>Arm<\/td>\n<td>Mittel<\/td>\n<\/tr>\n<tr>\n<td>Herstellbarkeit<\/td>\n<td>Mittel<\/td>\n<td>Schwierig<\/td>\n<td>Einfach<\/td>\n<\/tr>\n<\/tbody>\n<\/table>\n<p class=\"whitespace-pre-wrap\">GH3625 erreicht oder \u00fcbertrifft die Leistung von Kobaltlegierungen wie Stellite 21 in Hinblick auf Verschlei\u00df- und Korrosionsfestigkeit, jedoch zu geringeren Kosten. Es \u00e4hnelt der Festigkeit von Inconel 718 bis zu 550 \u00b0C und bietet eine bessere Schwei\u00dfbarkeit und Verarbeitbarkeit.<\/p>\n<p class=\"whitespace-pre-wrap\">Dadurch wird es zu einer kosteng\u00fcnstigen Alternative f\u00fcr viele Anwendungen, die eine Leistung zwischen diesen Standardlegierungen erfordern. Die M\u00f6glichkeit, komplexe Geometrien in 3D zu drucken, verschafft ihr au\u00dferdem einen Vorteil.<\/p>\n<h2>GH3625 Pulver \u2013 FAQs<\/h2>\n<p class=\"whitespace-pre-wrap\"><strong>F: Was ist GH3625-Pulver?<\/strong><\/p>\n<p class=\"whitespace-pre-wrap\">A: GH3625 ist ein Superlegierungspulver auf Nickelbasis, das speziell f\u00fcr additive Fertigungsprozesse wie selektives Lasersintern (SLS) und direktes Metall-Lasersintern (DMLS) entwickelt wurde. Es bietet eine hervorragende Kombination aus Hochtemperaturfestigkeit, H\u00e4rte, Verschlei\u00df- und Korrosionsbest\u00e4ndigkeit.<\/p>\n<p class=\"whitespace-pre-wrap\"><strong>F: Wozu wird GH3625 verwendet?<\/strong><\/p>\n<p class=\"whitespace-pre-wrap\">A: GH3625-Pulver wird dazu genutzt, kritische Komponenten wie Turbinenschaufeln, Verteiler, Laufr\u00e4der, W\u00e4rmetauscher, die hohe mechanische Eigenschaften, Dimensionsstabilit\u00e4t und W\u00e4rmebest\u00e4ndigkeit bis zu 1000 \u00a1\u00abC erfordern, in 3D zu drucken. Es findet Anwendungen in Luft- und Raumfahrt, Automobilindustrie, Energie-, chemische Verarbeitungs- und medizinische Industrie.<\/p>\n<p class=\"whitespace-pre-wrap\"><strong>F: Welche 3D-Metalldruckverfahren verwenden GH3625-Pulver?<\/strong><\/p>\n<p class=\"whitespace-pre-wrap\">A: Selektives Lasersintern (SLS) und Direktes Metall-Lasersintern (DMLS) sind Pulverbett-Fusions-3D-Druckverfahren, die h\u00e4ufig mit dem Pulver GH3625 verwendet werden. Binder Jetting ist ebenfalls f\u00fcr GH3625 geeignet.<\/p>\n<p class=\"whitespace-pre-wrap\"><strong>F: Welche Werkstoffeigenschaften hat GH3625?<\/strong><\/p>\n<p class=\"whitespace-pre-wrap\">A: GH3625 verf\u00fcgt \u00fcber eine hervorragende Zugfestigkeit von 1050-1280 MPa, eine Streckgrenze von 860-1050 MPa und eine H\u00e4rte von 32-38 HRC, \u00e4hnlich wie bei Schmiedest\u00fccken. Es hat eine gute Duktilit\u00e4t mit einer Dehnung von 8-15 % und eine hohe Best\u00e4ndigkeit gegen Verschlei\u00df, Fressen, Abrieb und Korrosion. Die thermischen Eigenschaften erm\u00f6glichen den Einsatz bis zu 1000 \u00b0C.<\/p>\n<p class=\"whitespace-pre-wrap\"><strong>F: Ben\u00f6tigt GH3625-Pulver eine W\u00e4rmebehandlung?<\/strong><\/p>\n<p class=\"whitespace-pre-wrap\">A: Ja, nach SLS\/DMLS gedruckte Teile des Typs GH3625 erfordern ein hei\u00dfisostatisches Pressen (HIP), gefolgt von einer W\u00e4rmebehandlung, um optimale mechanische Eigenschaften, Materialverfestigung und Mikrostruktur zu erzielen. HIP hilft, innere Poren und Hohlr\u00e4ume zu schlie\u00dfen.<\/p>\n<p class=\"whitespace-pre-wrap\"><strong>F: Ist GH3625 schwei\u00dfbar?<\/strong><\/p>\n<p class=\"whitespace-pre-wrap\">A: GH3625 wurde entwickelt, um im Vergleich zu St\u00e4hle mit Ausscheidungsh\u00e4rtung und Inconel 718 eine ausgezeichnete Schwei\u00dfbarkeit aufzuweisen. Dies erm\u00f6glicht die Reparatur und Verbindung von AM GH3625-Teilen durch Schwei\u00dfen. Nach dem Schwei\u00dfen kann eine Spannungsarmgl\u00fchung erforderlich sein, um Rissbildung zu verhindern.<\/p>\n<p class=\"whitespace-pre-wrap\"><strong>F: Ist GH3625 bearbeitbar?<\/strong><\/p>\n<p class=\"whitespace-pre-wrap\">A: GH3625 ist im Vergleich zu Edelstahl schwierig zu bearbeiten und erfordert die Hochgeschwindigkeitsbearbeitung mit Spezial-Hartmetallwerkzeugen. Der Werkzeugverschlei\u00df ist h\u00f6her, so dass optimale Vorsch\u00fcbe, Geschwindigkeiten und Werkzeugwege notwendig sind.<\/p>\n<p class=\"whitespace-pre-wrap\"><strong>F: Was kostet GH3625 in Pulverform?<\/strong><\/p>\n<p class=\"whitespace-pre-wrap\">A: GH3625 kostet \u00fcblicherweise zwischen 90 und 250 US-Dollar pro kg, abh\u00e4ngig von Bestellmenge, Teilchengr\u00f6\u00dfenverteilung, Herstellungsmethode und zus\u00e4tzlichen Test-\/Qualifizierungsanforderungen. Es ist teurer als Edelstahlpulver, aber g\u00fcnstiger als Inconel 718.<\/p>\n<h2>Schlussfolgerung<\/h2>\n<p class=\"whitespace-pre-wrap\">GH3625 ist eine fortschrittliche Superlegierung auf Nickelbasis, die speziell f\u00fcr die additive Fertigung von Hochleistungskomponenten entwickelt wurde. Sie bietet sowohl die Vorteile herk\u00f6mmlicher Legierungen als auch die durch AM erm\u00f6glichte Flexibilit\u00e4t bei der Konstruktion.<\/p>\n<p class=\"whitespace-pre-wrap\">Ein sorgf\u00e4ltig optimierter Regelkreis und spezialisierte Parameteroptimierung erm\u00f6glicht es, das volle Potenzial von GH3625 auszusch\u00f6pfen. Mit seinen Eigenschaften und dem hohen Preisleistungsverh\u00e4ltnis wird GH3625 zur machbaren Alternative zu traditionellen Legierungen in kritischen Luftfahrt-, Automobil-, Energie- und Industrieanwendungen.<\/p>\n<p><\/span><\/span><\/p>","protected":false},"excerpt":{"rendered":"<p>\u00dcbersicht GH3625-Pulver ist ein Legierungspulver, das f\u00fcr additive Metallfertigungsverfahren wie selektives Lasersintern (SLS) und direktes Metalllasersintern (DMLS) verwendet wird. Es ist eine Superlegierung auf Nickelbasis, die hohe Festigkeit, Korrosionsbest\u00e4ndigkeit und hervorragende Hochtemperatureigenschaften bietet. GH3625 wurde speziell f\u00fcr die additive Fertigung entwickelt, um komplexe, dichte Teile mit au\u00dfergew\u00f6hnlichen mechanischen Eigenschaften herzustellen\u2026<\/p>","protected":false},"featured_media":1875,"parent":0,"template":"","meta":{"_acf_changed":false,"_kad_blocks_custom_css":"","_kad_blocks_head_custom_js":"","_kad_blocks_body_custom_js":"","_kad_blocks_footer_custom_js":"","_kad_post_transparent":"","_kad_post_title":"","_kad_post_layout":"","_kad_post_sidebar_id":"","_kad_post_content_style":"","_kad_post_vertical_padding":"","_kad_post_feature":"","_kad_post_feature_position":"","_kad_post_header":false,"_kad_post_footer":false,"_kad_post_classname":""},"product-category":[119,120],"class_list":["post-3939","product","type-product","status-publish","has-post-thumbnail","hentry","product-category-3d-printing-metal-powder","product-category-high-temperature-alloy-powder"],"acf":[],"taxonomy_info":{"product-category":[{"value":119,"label":"3D Printing Metal Powder"},{"value":120,"label":"High Temperature Alloy Powder"}]},"featured_image_src_large":["https:\/\/3dpmetal.com\/wp-content\/uploads\/2024\/02\/GH3625.jpg",600,600,false],"author_info":[],"comment_info":"","_links":{"self":[{"href":"https:\/\/3dpmetal.com\/de\/wp-json\/wp\/v2\/product\/3939","targetHints":{"allow":["GET"]}}],"collection":[{"href":"https:\/\/3dpmetal.com\/de\/wp-json\/wp\/v2\/product"}],"about":[{"href":"https:\/\/3dpmetal.com\/de\/wp-json\/wp\/v2\/types\/product"}],"wp:featuredmedia":[{"embeddable":true,"href":"https:\/\/3dpmetal.com\/de\/wp-json\/wp\/v2\/media\/1875"}],"wp:attachment":[{"href":"https:\/\/3dpmetal.com\/de\/wp-json\/wp\/v2\/media?parent=3939"}],"wp:term":[{"taxonomy":"product-category","embeddable":true,"href":"https:\/\/3dpmetal.com\/de\/wp-json\/wp\/v2\/product-category?post=3939"}],"curies":[{"name":"wp","href":"https:\/\/api.w.org\/{rel}","templated":true}]}}