{"id":3940,"date":"2024-03-18T06:10:15","date_gmt":"2024-03-18T06:10:15","guid":{"rendered":"https:\/\/3dp.45612300.xyz\/product\/gh5188-powder\/"},"modified":"2024-03-18T06:10:15","modified_gmt":"2024-03-18T06:10:15","slug":"gh5188-powder","status":"publish","type":"product","link":"https:\/\/3dpmetal.com\/de\/product\/gh5188-powder\/","title":{"rendered":"GH5188 Pulver"},"content":{"rendered":"<p><span style=\"vertical-align: inherit;\"><span style=\"vertical-align: inherit;\">GH5188 ist eine W-verst\u00e4rkte Hochtemperaturlegierung auf Diamantbasis. GH5188 hat gute mechanische Eigenschaften und eine ausgezeichnete Best\u00e4ndigkeit gegen Oxidation bei hohen Temperaturen. Sie ist geeignet f\u00fcr Luftfahrtteile, die eine Zugfestigkeit unterhalb von 980 \u00b0C und eine Oxidationsbest\u00e4ndigkeit unterhalb von 1100 \u00b0C erfordern.<\/p>\n<h2>Physikalische Eigenschaften<\/h2>\n<div>\n<table>\n<tbody>\n<tr>\n<td colspan=\"1\" rowspan=\"2\" data-sheets-value=\"{&quot;1&quot;:2,&quot;2&quot;:&quot;Size range&quot;}\">\n<div style=\"text-align: center\">Gr\u00f6\u00dfenpalette<\/div>\n<\/td>\n<td style=\"text-align: center\" colspan=\"3\" rowspan=\"1\" data-sheets-value=\"{&quot;1&quot;:2,&quot;2&quot;:&quot;Size distribution&quot;}\">Verteilungsgr\u00f6\u00dfe<\/td>\n<td colspan=\"1\" rowspan=\"2\" data-sheets-value=\"{&quot;1&quot;:2,&quot;2&quot;:&quot;Hall flow rate&quot;}\">\n<div style=\"text-align: center\">Hallenflussmenge<\/div>\n<\/td>\n<td colspan=\"1\" rowspan=\"2\" data-sheets-value=\"{&quot;1&quot;:2,&quot;2&quot;:&quot;Bulk density&quot;}\">\n<div>Sch\u00fcttdichte<\/div>\n<\/td>\n<td colspan=\"1\" rowspan=\"2\" data-sheets-value=\"{&quot;1&quot;:2,&quot;2&quot;:&quot;Tap density&quot;}\">\n<div>Sch\u00fcttdichte<\/div>\n<\/td>\n<\/tr>\n<tr>\n<td style=\"text-align: center\" data-sheets-value=\"{&quot;1&quot;:2,&quot;2&quot;:&quot;D10(\u00c3\u00d7m)&quot;}\">D10(\u00c3 \u00e2\u20ac\u201c m)<\/td>\n<td style=\"text-align: center\" data-sheets-value=\"{&quot;1&quot;:2,&quot;2&quot;:&quot;D50(\u00c3\u00d7m)&quot;}\">D50(\u00c5xM)<\/td>\n<td style=\"text-align: center\" data-sheets-value=\"{&quot;1&quot;:2,&quot;2&quot;:&quot;D90(\u00c3\u00d7m)&quot;}\">D90(\u00c2\u00b5m)<\/td>\n<\/tr>\n<tr>\n<td style=\"text-align: center\" data-sheets-value=\"{&quot;1&quot;:2,&quot;2&quot;:&quot;15-53\u00c3\u00d7m&quot;}\">15\u201353\u00c2\u00d7m<\/td>\n<td style=\"text-align: center\" data-sheets-value=\"{&quot;1&quot;:2,&quot;2&quot;:&quot;17-22&quot;}\">17-22<\/td>\n<td style=\"text-align: center\" data-sheets-value=\"{&quot;1&quot;:2,&quot;2&quot;:&quot;32-38&quot;}\">32-38<\/td>\n<td style=\"text-align: center\" data-sheets-value=\"{&quot;1&quot;:2,&quot;2&quot;:&quot;52-58&quot;}\">52-58<\/td>\n<td style=\"text-align: center\" data-sheets-value=\"{&quot;1&quot;:2,&quot;2&quot;:&quot;\u00a8P18s\/50g&quot;}\">\"P18s\/50g<\/td>\n<td style=\"text-align: center\" data-sheets-value=\"{&quot;1&quot;:2,&quot;2&quot;:&quot;\u00a1\u00d44.20g\/cm3&quot;}\">\u00a1\u00d44,80 g\/cm3<\/td>\n<td style=\"text-align: center\" data-sheets-value=\"{&quot;1&quot;:2,&quot;2&quot;:&quot;\u00a1\u00d44.80g\/cm3&quot;}\">\u00a15,40 g\/cm3<\/td>\n<\/tr>\n<\/tbody>\n<\/table>\n<\/div>\n<h2>Empfehlungen zur W\u00e4rmebehandlung<\/h2>\n<p>Feste L\u00f6sung: 1180 \u00b0C \/ 20 min \/ Abschrecken<\/p>\n<h2>Mechanisches Verhalten<\/h2>\n<div>\n<table>\n<tbody>\n<tr>\n<td style=\"text-align: center\" data-sheets-value=\"{&quot;1&quot;:2,&quot;2&quot;:&quot;Test temperature&quot;}\">Pr\u00fcftemperatur<\/td>\n<td style=\"text-align: center\" data-sheets-value=\"{&quot;1&quot;:2,&quot;2&quot;:&quot;Tensile strength (\u00bf\u00bcb\/Mpa)&quot;}\">Zugfestigkeit (\u00bf\u00bcb\/Mpa)<\/td>\n<td style=\"text-align: center\" data-sheets-value=\"{&quot;1&quot;:2,&quot;2&quot;:&quot;Yield strength (\u00bf\u00bcp0.2\/Mpa)&quot;}\">Flie\u00dfgrenze (\u00bf\u00bcp0,2 \/MPa)<\/td>\n<td style=\"text-align: center\" data-sheets-value=\"{&quot;1&quot;:2,&quot;2&quot;:&quot;Elongation (\u00d1\u00b45\/%)&quot;}\">\n<div>\n<div>Dehnung (\u00d1\u00b45\/%)<\/div>\n<\/div>\n<\/td>\n<\/tr>\n<tr>\n<td style=\"text-align: center\" data-sheets-value=\"{&quot;1&quot;:2,&quot;2&quot;:&quot;25\u00a1\u00cd&quot;}\">25. Januar<\/td>\n<td style=\"text-align: center\" data-sheets-value=\"{&quot;1&quot;:3,&quot;3&quot;:900}\">900<\/td>\n<td style=\"text-align: center\" data-sheets-value=\"{&quot;1&quot;:3,&quot;3&quot;:400}\">400<\/td>\n<td style=\"text-align: center\" data-sheets-value=\"{&quot;1&quot;:2,&quot;2&quot;:&quot;\u00a1\u00d445&quot;}\">\u00a1\u00d445<\/td>\n<\/tr>\n<tr>\n<td style=\"text-align: center\" data-sheets-value=\"{&quot;1&quot;:2,&quot;2&quot;:&quot;650\u00a1\u00cd&quot;}\">650\u20ac<\/td>\n<td style=\"text-align: center\" data-sheets-value=\"{&quot;1&quot;:3,&quot;3&quot;:650}\">650<\/td>\n<td style=\"text-align: center\" data-sheets-value=\"{&quot;1&quot;:3,&quot;3&quot;:280}\">280<\/td>\n<td style=\"text-align: center\" data-sheets-value=\"{&quot;1&quot;:2,&quot;2&quot;:&quot;\u00a1\u00d450&quot;}\">\u00a1\u00d450<\/td>\n<\/tr>\n<tr>\n<td style=\"text-align: center\" data-sheets-value=\"{&quot;1&quot;:2,&quot;2&quot;:&quot;900\u00a1\u00cd&quot;}\">900 je<\/td>\n<td style=\"text-align: center\" data-sheets-value=\"{&quot;1&quot;:3,&quot;3&quot;:300}\">300<\/td>\n<td style=\"text-align: center\" data-sheets-value=\"{&quot;1&quot;:3,&quot;3&quot;:240}\">240<\/td>\n<td style=\"text-align: center\" data-sheets-value=\"{&quot;1&quot;:2,&quot;2&quot;:&quot;\u00a1\u00d450&quot;}\">\u00a1\u00d450<\/td>\n<\/tr>\n<tr>\n<td style=\"text-align: center\" data-sheets-value=\"{&quot;1&quot;:2,&quot;2&quot;:&quot;950\u00a1\u00cd&quot;}\">950\u2009000<\/td>\n<td style=\"text-align: center\" data-sheets-value=\"{&quot;1&quot;:3,&quot;3&quot;:200}\">200<\/td>\n<td style=\"text-align: center\" data-sheets-value=\"{&quot;1&quot;:3,&quot;3&quot;:170}\">170<\/td>\n<td style=\"text-align: center\" data-sheets-value=\"{&quot;1&quot;:2,&quot;2&quot;:&quot;\u00a1\u00d450&quot;}\">\u00a1\u00d450<\/td>\n<\/tr>\n<tr>\n<td style=\"text-align: center\" data-sheets-value=\"{&quot;1&quot;:2,&quot;2&quot;:&quot;1000\u00a1\u00cd&quot;}\">1000 \u00a1<\/td>\n<td style=\"text-align: center\" data-sheets-value=\"{&quot;1&quot;:3,&quot;3&quot;:160}\">160<\/td>\n<td style=\"text-align: center\" data-sheets-value=\"{&quot;1&quot;:3,&quot;3&quot;:130}\">130<\/td>\n<td style=\"text-align: center\" data-sheets-value=\"{&quot;1&quot;:2,&quot;2&quot;:&quot;\u00a1\u00d450&quot;}\">\u00a1\u00d450<\/td>\n<\/tr>\n<\/tbody>\n<\/table>\n<\/div>\n<h2>Bereich der chemischen Zusammensetzung (Gew.-%)<\/h2>\n<div>\n<table>\n<tbody>\n<tr>\n<td style=\"text-align: center\" data-sheets-value=\"{&quot;1&quot;:2,&quot;2&quot;:&quot;Element&quot;}\"><strong>Element<\/strong><\/td>\n<td style=\"text-align: center\" data-sheets-value=\"{&quot;1&quot;:2,&quot;2&quot;:&quot;C&quot;}\"><strong>C<\/strong><\/td>\n<td style=\"text-align: center\" data-sheets-value=\"{&quot;1&quot;:2,&quot;2&quot;:&quot;Cr&quot;}\"><strong>Cr<\/strong><\/td>\n<td style=\"text-align: center\" data-sheets-value=\"{&quot;1&quot;:2,&quot;2&quot;:&quot;Ni&quot;}\"><strong>Nein<\/strong><\/td>\n<td style=\"text-align: center\" data-sheets-value=\"{&quot;1&quot;:2,&quot;2&quot;:&quot;Co&quot;}\"><strong>Co<\/strong><\/td>\n<td style=\"text-align: center\" data-sheets-value=\"{&quot;1&quot;:2,&quot;2&quot;:&quot;Nb&quot;}\"><strong>W<\/strong><\/td>\n<td style=\"text-align: center\" data-sheets-value=\"{&quot;1&quot;:2,&quot;2&quot;:&quot;Mo&quot;}\"><strong>Fe<\/strong><\/td>\n<\/tr>\n<tr>\n<td style=\"text-align: center\" data-sheets-value=\"{&quot;1&quot;:2,&quot;2&quot;:&quot;wt\u00a8\u00d4&quot;}\">wt\u00a8\u00d4<\/td>\n<td style=\"text-align: center\" data-sheets-value=\"{&quot;1&quot;:2,&quot;2&quot;:&quot;0.02-0.06&quot;}\">0.05-0.15<\/td>\n<td style=\"text-align: center\" data-sheets-value=\"{&quot;1&quot;:2,&quot;2&quot;:&quot;17.00-21.00&quot;}\">20.00-24.00<\/td>\n<td style=\"text-align: center\" data-sheets-value=\"{&quot;1&quot;:2,&quot;2&quot;:&quot; 50.00-55.00&quot;}\">20.00-24.00<\/td>\n<td style=\"text-align: center\" data-sheets-value=\"{&quot;1&quot;:2,&quot;2&quot;:&quot;\u00a8P1.00&quot;}\">Tanz<\/td>\n<td style=\"text-align: center\" data-sheets-value=\"{&quot;1&quot;:2,&quot;2&quot;:&quot;4.75-5.50&quot;}\">13.00-16.00<\/td>\n<td style=\"text-align: center\" data-sheets-value=\"{&quot;1&quot;:2,&quot;2&quot;:&quot;2.80-3.30&quot;}\">\u00a8P3,00<\/td>\n<\/tr>\n<tr>\n<td style=\"text-align: center\" data-sheets-value=\"{&quot;1&quot;:2,&quot;2&quot;:&quot;Element&quot;}\"><strong>Element<\/strong><\/td>\n<td style=\"text-align: center\" data-sheets-value=\"{&quot;1&quot;:2,&quot;2&quot;:&quot;Al&quot;}\"><b>B<\/b><\/td>\n<td style=\"text-align: center\" data-sheets-value=\"{&quot;1&quot;:2,&quot;2&quot;:&quot;Ti&quot;}\"><strong>Die<\/strong><\/td>\n<td style=\"text-align: center\" data-sheets-value=\"{&quot;1&quot;:2,&quot;2&quot;:&quot;Fe&quot;}\"><strong>Mn<\/strong><\/td>\n<td style=\"text-align: center\" data-sheets-value=\"{&quot;1&quot;:2,&quot;2&quot;:&quot;B&quot;}\"><strong>Ja<\/strong><\/td>\n<td style=\"text-align: center\" data-sheets-value=\"{&quot;1&quot;:2,&quot;2&quot;:&quot;Mg&quot;}\"><strong>P<\/strong><\/td>\n<td style=\"text-align: center\" data-sheets-value=\"{&quot;1&quot;:2,&quot;2&quot;:&quot;Mn&quot;}\"><strong>S<\/strong><\/td>\n<\/tr>\n<tr>\n<td style=\"text-align: center\" data-sheets-value=\"{&quot;1&quot;:2,&quot;2&quot;:&quot;wt\u00a8\u00d4&quot;}\">wt\u00a8\u00d4<\/td>\n<td style=\"text-align: center\" data-sheets-value=\"{&quot;1&quot;:2,&quot;2&quot;:&quot;0.20-0.80&quot;}\">\u00a8R0.015<\/td>\n<td style=\"text-align: center\" data-sheets-value=\"{&quot;1&quot;:2,&quot;2&quot;:&quot;0.65-1.15&quot;}\">0.03-0.12<\/td>\n<td style=\"text-align: center\" data-sheets-value=\"{&quot;1&quot;:2,&quot;2&quot;:&quot;Bal&quot;}\">``P1.25<\/td>\n<td style=\"text-align: center\" data-sheets-value=\"{&quot;1&quot;:2,&quot;2&quot;:&quot;\u00a8P0.006&quot;}\">0.20-0.50<\/td>\n<td style=\"text-align: center\" data-sheets-value=\"{&quot;1&quot;:2,&quot;2&quot;:&quot;\u00a8P0.010&quot;}\">\u00a8P0.02<\/td>\n<td style=\"text-align: center\" data-sheets-value=\"{&quot;1&quot;:2,&quot;2&quot;:&quot;\u00a8P0.35&quot;}\">\u00a8R0.015<\/td>\n<\/tr>\n<tr>\n<td style=\"text-align: center\" data-sheets-value=\"{&quot;1&quot;:2,&quot;2&quot;:&quot;Element&quot;}\"><strong>Element<\/strong><\/td>\n<td style=\"text-align: center\" data-sheets-value=\"{&quot;1&quot;:2,&quot;2&quot;:&quot;Si&quot;}\"><strong>Cu<\/strong><\/td>\n<td style=\"text-align: center\" data-sheets-value=\"{&quot;1&quot;:2,&quot;2&quot;:&quot;P&quot;}\"><strong>\u00d6<\/strong><\/td>\n<td style=\"text-align: center\" data-sheets-value=\"{&quot;1&quot;:2,&quot;2&quot;:&quot;S&quot;}\"><strong>N<\/strong><\/td>\n<td style=\"text-align: center\" data-sheets-value=\"{&quot;1&quot;:2,&quot;2&quot;:&quot;Cu&quot;}\"><strong>&#8211;<\/strong><\/td>\n<td style=\"text-align: center\" data-sheets-value=\"{&quot;1&quot;:2,&quot;2&quot;:&quot;O&quot;}\"><strong>&#8211;<\/strong><\/td>\n<td style=\"text-align: center\" data-sheets-value=\"{&quot;1&quot;:2,&quot;2&quot;:&quot;N&quot;}\"><strong>&#8211;<\/strong><\/td>\n<\/tr>\n<tr>\n<td style=\"text-align: center\" data-sheets-value=\"{&quot;1&quot;:2,&quot;2&quot;:&quot;wt\u00a8\u00d4&quot;}\">wt\u00a8\u00d4<\/td>\n<td style=\"text-align: center\" data-sheets-value=\"{&quot;1&quot;:2,&quot;2&quot;:&quot;\u00a8P0.35&quot;}\">\u00a8P0.07<\/td>\n<td style=\"text-align: center\" data-sheets-value=\"{&quot;1&quot;:2,&quot;2&quot;:&quot;\u00a8P0.015&quot;}\">P0.025<\/td>\n<td style=\"text-align: center\" data-sheets-value=\"{&quot;1&quot;:2,&quot;2&quot;:&quot;\u00a8P0.015&quot;}\">\u00a8R0.015<\/td>\n<td style=\"text-align: center\" data-sheets-value=\"{&quot;1&quot;:2,&quot;2&quot;:&quot;\u00a8P0.30&quot;}\">&#8211;<\/td>\n<td style=\"text-align: center\" data-sheets-value=\"{&quot;1&quot;:2,&quot;2&quot;:&quot;\u00a8P0.020&quot;}\">\u00c3\u00bf<\/td>\n<td style=\"text-align: center\" data-sheets-value=\"{&quot;1&quot;:2,&quot;2&quot;:&quot;\u00a8P0.015&quot;}\">\u00c3\u00bf<\/td>\n<\/tr>\n<\/tbody>\n<\/table>\n<\/div>\n<p><\/span><\/span><\/p>","protected":false},"excerpt":{"rendered":"<p>GH5188 ist eine W-verst\u00e4rkte, diamantbasierte Hochtemperaturlegierung. GH5188 hat gute mechanische Eigenschaften und eine ausgezeichnete Oxidationsbest\u00e4ndigkeit bei hohen Temperaturen. Es eignet sich f\u00fcr Luftfahrtteile, die eine Zugfestigkeit unter 980 \u00b0C und eine Oxidationsbest\u00e4ndigkeit unter 1100 \u00b0C erfordern. Physikalische Eigenschaften Gr\u00f6\u00dfenbereich Gr\u00f6\u00dfenverteilung Hall-Durchflussrate Sch\u00fcttdichte Stampfdichte D10 (\u00d7 m) D50 (\u00d7 m) D90 (\u00d7 m) 15\u201353 \u00d7 m 17\u201322 32\u201338 52\u201358\u2026<\/p>","protected":false},"featured_media":1877,"parent":0,"template":"","meta":{"_acf_changed":false,"_kad_blocks_custom_css":"","_kad_blocks_head_custom_js":"","_kad_blocks_body_custom_js":"","_kad_blocks_footer_custom_js":"","_kad_post_transparent":"","_kad_post_title":"","_kad_post_layout":"","_kad_post_sidebar_id":"","_kad_post_content_style":"","_kad_post_vertical_padding":"","_kad_post_feature":"","_kad_post_feature_position":"","_kad_post_header":false,"_kad_post_footer":false,"_kad_post_classname":""},"product-category":[119,120],"class_list":["post-3940","product","type-product","status-publish","has-post-thumbnail","hentry","product-category-3d-printing-metal-powder","product-category-high-temperature-alloy-powder"],"acf":[],"taxonomy_info":{"product-category":[{"value":119,"label":"3D Printing Metal Powder"},{"value":120,"label":"High Temperature Alloy Powder"}]},"featured_image_src_large":["https:\/\/3dpmetal.com\/wp-content\/uploads\/2024\/02\/GH5188-Powder.jpg",600,600,false],"author_info":[],"comment_info":"","_links":{"self":[{"href":"https:\/\/3dpmetal.com\/de\/wp-json\/wp\/v2\/product\/3940","targetHints":{"allow":["GET"]}}],"collection":[{"href":"https:\/\/3dpmetal.com\/de\/wp-json\/wp\/v2\/product"}],"about":[{"href":"https:\/\/3dpmetal.com\/de\/wp-json\/wp\/v2\/types\/product"}],"wp:featuredmedia":[{"embeddable":true,"href":"https:\/\/3dpmetal.com\/de\/wp-json\/wp\/v2\/media\/1877"}],"wp:attachment":[{"href":"https:\/\/3dpmetal.com\/de\/wp-json\/wp\/v2\/media?parent=3940"}],"wp:term":[{"taxonomy":"product-category","embeddable":true,"href":"https:\/\/3dpmetal.com\/de\/wp-json\/wp\/v2\/product-category?post=3940"}],"curies":[{"name":"wp","href":"https:\/\/api.w.org\/{rel}","templated":true}]}}