{"id":3941,"date":"2024-03-18T06:10:15","date_gmt":"2024-03-18T06:10:15","guid":{"rendered":"https:\/\/3dp.45612300.xyz\/product\/tinbzrsn-alloy-powder\/"},"modified":"2024-03-18T06:10:15","modified_gmt":"2024-03-18T06:10:15","slug":"tinbzrsn-alloy-powder","status":"publish","type":"product","link":"https:\/\/3dpmetal.com\/de\/product\/tinbzrsn-alloy-powder\/","title":{"rendered":"TiNbZrSn-Legierungspulver"},"content":{"rendered":"<p><span style=\"vertical-align: inherit;\"><span style=\"vertical-align: inherit;\"><\/p>\n<h2><strong>Zusammensetzung des TiNbZrSn-Legierungspulvers<\/strong><\/h2>\n<p class=\"whitespace-pre-wrap\">Das TiNbZrSn-Legierungspulver besteht aus folgenden Elementen:<\/p>\n<table>\n<thead>\n<tr>\n<th>Element<\/th>\n<th>Gew.-%<\/th>\n<\/tr>\n<\/thead>\n<tbody>\n<tr>\n<td>Titan (Ti)<\/td>\n<td>35-40%<\/td>\n<\/tr>\n<tr>\n<td>Niobium (Nb)<\/td>\n<td>35-40%<\/td>\n<\/tr>\n<tr>\n<td>Zirkonium (Zr)<\/td>\n<td>5-10%<\/td>\n<\/tr>\n<tr>\n<td>Zinn (Sn)<\/td>\n<td>5-10%<\/td>\n<\/tr>\n<\/tbody>\n<\/table>\n<p class=\"whitespace-pre-wrap\">Diese sorgf\u00e4ltige Verbindung von Titan, Niob, Zirconium und Zinn ergibt eine Legierung mit extremer St\u00e4rke, H\u00e4rte und Elastizit\u00e4t im Vergleich zu konventionellen Legierungen. Insbesondere der Niob-Anteil verbessert die mechanische Leistung deutlich.<\/p>\n<p class=\"whitespace-pre-wrap\">Durch sorgf\u00e4ltige Kontrolle der Verh\u00e4ltnisse der einzelnen Metalle k\u00f6nnen die Eigenschaften des Legierungspulvers f\u00fcr unterschiedliche Anwendungen optimiert werden, die hohe Festigkeits-Gewichts-Eigenschaften, Korrosionsbest\u00e4ndigkeit, Biokompatibilit\u00e4t oder Hochtemperaturbest\u00e4ndigkeit erfordern.<\/p>\n<h2><strong>Eigenschaften von TiNbZrSn-Legierungspulver<\/strong><\/h2>\n<p class=\"whitespace-pre-wrap\">TiNbZrSn Legierungspulver weist folgende au\u00dfergew\u00f6hnliche Eigenschaften auf:<\/p>\n<table>\n<thead>\n<tr>\n<th>Immobilie<\/th>\n<th>Beschreibung<\/th>\n<\/tr>\n<\/thead>\n<tbody>\n<tr>\n<td>hohe Festigkeit<\/td>\n<td>Bietet Festigkeit von \u00fcber 1400 MPa, vergleichbar mit fortschrittlichen Luft- und Raumfahrt-Legierungen<\/td>\n<\/tr>\n<tr>\n<td>Geringe Dichte<\/td>\n<td>Dichte um die 6,5 g\/cm3 herum, viel niedriger als Stahl<\/td>\n<\/tr>\n<tr>\n<td>Ausgezeichnete Elastizit\u00e4t<\/td>\n<td>Young&#8217;s modulus um etwa 100 GPa, was Flexibilit\u00e4t erm\u00f6glicht<\/td>\n<\/tr>\n<tr>\n<td>Hohe H\u00e4rte<\/td>\n<td>Vickersh\u00e4rte \u00fcber 450 HV, bessere Abriebbest\u00e4ndigkeit als Edelstahl<\/td>\n<\/tr>\n<tr>\n<td>Gute Korrosionsbest\u00e4ndigkeit<\/td>\n<td>Best\u00e4ndig gegen Korrosion in rauen Umgebungen<\/td>\n<\/tr>\n<tr>\n<td>Biokompatibilit\u00e4t<\/td>\n<td>Ungiftig und geeignet f\u00fcr medizinische Implantate<\/td>\n<\/tr>\n<tr>\n<td>Hoher Schmelzpunkt<\/td>\n<td>Schmelzpunkt \u00fcber 2500 \u00b0C, wodurch es f\u00fcr Hochtemperaturanwendungen geeignet ist<\/td>\n<\/tr>\n<\/tbody>\n<\/table>\n<p class=\"whitespace-pre-wrap\">Die Kombination aus hoher Festigkeit, geringem Gewicht, H\u00e4rte und Elastizit\u00e4t ist selten und macht TiNbZrSn zu einem \u00e4u\u00dferst vielseitigen Material. Es \u00fcbertrifft herk\u00f6mmliche Legierungen wie Edelstahl in mehreren Eigenschaften.<\/p>\n<h2><strong>Herstellung von TiNbZrSn-Legierungspulver<\/strong><\/h2>\n<p class=\"whitespace-pre-wrap\">TiNbZrSn-Legierungspulver kann mit den folgenden fortgeschrittenen Methoden hergestellt werden:<\/p>\n<table>\n<thead>\n<tr>\n<th>Methode<\/th>\n<th>Beschreibung<\/th>\n<\/tr>\n<\/thead>\n<tbody>\n<tr>\n<td>Gasverd\u00fcsung<\/td>\n<td>Geschmolzene Legierung wird in feine Tr\u00f6pfchen verspr\u00fcht, die zu Pulver aush\u00e4rten<\/td>\n<\/tr>\n<tr>\n<td>Plasma-Rotationselektroden-Prozess (PREP)<\/td>\n<td>Elektrode rotiert schnell in einem Plasmabogen, um in Pulver zu zerfallen<\/td>\n<\/tr>\n<tr>\n<td>Hydrid-Dehydrid (HDH)<\/td>\n<td>Die Legierung wird hydriert, mechanisch zu Pulver zerkleinert und anschlie\u00dfend dehydriert<\/td>\n<\/tr>\n<\/tbody>\n<\/table>\n<p class=\"whitespace-pre-wrap\">Durch Gaszerst\u00e4ubung l\u00e4sst sich die Partikelgr\u00f6\u00dfenverteilung steuern. Au\u00dferdem entsteht dabei glattes, kugelf\u00f6rmiges Pulver, das sich ideal f\u00fcr die additive Fertigung eignet. Bei PREP- und HDH-Methoden l\u00e4sst sich wirtschaftlich unregelm\u00e4\u00dfiges Pulver erzeugen, das zum Pressen und Sintern geeignet ist.<\/p>\n<p class=\"whitespace-pre-wrap\">Die Legierungszusammensetzung kann in diesen Pulverproduktionsverfahren pr\u00e4zise eingehalten werden, was zu gleichbleibenden Eigenschaften f\u00fchrt. Inerter hochreiner Gasatmosph\u00e4ren verhindern Verunreinigungen.<\/p>\n<h2><strong>Anwendungen von TiNbZrSn-Legierungspulver<\/strong><\/h2>\n<p class=\"whitespace-pre-wrap\">Aufgrund seiner ausgeglichenen Materialeigenschaften wird das TiNbZrSn Legierungspulver in folgenden Bereichen eingesetzt:<\/p>\n<table>\n<thead>\n<tr>\n<th>Industrie<\/th>\n<th>Bewerbung<\/th>\n<\/tr>\n<\/thead>\n<tbody>\n<tr>\n<td>Luft- und Raumfahrt<\/td>\n<td>Komponenten f\u00fcr Flugzeug- und Raketentriebwerke, Weltraumsysteme<\/td>\n<\/tr>\n<tr>\n<td>Automotive<\/td>\n<td>Ventilfedern, Befestigungselemente, Aktoren<\/td>\n<\/tr>\n<tr>\n<td>Medizinisch<\/td>\n<td>Implantate, Prothesen, Ger\u00e4te<\/td>\n<\/tr>\n<tr>\n<td>Verteidigung<\/td>\n<td>R\u00fcstung, Munition, Ballistik<\/td>\n<\/tr>\n<tr>\n<td>Additive Fertigung<\/td>\n<td>Hochfeste 3D-Druckteile<\/td>\n<\/tr>\n<tr>\n<td>Chemische Verarbeitung<\/td>\n<td>Korrosionsbest\u00e4ndige Beh\u00e4lter und Rohrleitungen<\/td>\n<\/tr>\n<\/tbody>\n<\/table>\n<p class=\"whitespace-pre-wrap\">Die Kombination aus Festigkeit, H\u00e4rte und Biokompatibilit\u00e4t macht TiNbZrSn f\u00fcr tragende implantierte Vorrichtungen wie H\u00fcft- und Kniegelenke geeignet. Seine Korrosionsbest\u00e4ndigkeit macht es f\u00fcr Anwendungen in der Schifffahrt im Salzwasser geeignet. Und seine Hochtemperaturbest\u00e4ndigkeit ist ein Vorteil f\u00fcr Triebwerke und Turbinen.<\/p>\n<p class=\"whitespace-pre-wrap\">Im Vergleich zu herk\u00f6mmlichen Legierungen erm\u00f6glicht TiNbZrSn leichtere, st\u00e4rkere und langlebigere Komponenten, was ihm in anspruchsvollen Industrien einen Vorteil verschafft.<\/p>\n<h2><strong>TiNbZrSn-Legierungspulverspezifikationen<\/strong><\/h2>\n<p class=\"whitespace-pre-wrap\">TiNbZrSn-Legierungspulver ist in den folgenden Spezifikationen handels\u00fcblich erh\u00e4ltlich:<\/p>\n<table>\n<thead>\n<tr>\n<th>Attribut<\/th>\n<th>Details<\/th>\n<\/tr>\n<\/thead>\n<tbody>\n<tr>\n<td>Teilchengr\u00f6\u00dfen<\/td>\n<td>15-45 Mikron, 45-106 Mikron, 106-250 Mikron<\/td>\n<\/tr>\n<tr>\n<td>Partikelform<\/td>\n<td>Sph\u00e4risch, unregelm\u00e4\u00dfig<\/td>\n<\/tr>\n<tr>\n<td>Reinheit<\/td>\n<td>Bis zu 99,9 %<\/td>\n<\/tr>\n<tr>\n<td>Sauerstoffgehalt<\/td>\n<td>Unter 2000 ppm<\/td>\n<\/tr>\n<tr>\n<td>Pulversorten<\/td>\n<td>Klasse 5, 23, 23 ELI<\/td>\n<\/tr>\n<tr>\n<td>Lieferformular<\/td>\n<td>Loses Pulver, gesinterte Vorformlinge<\/td>\n<\/tr>\n<\/tbody>\n<\/table>\n<p class=\"whitespace-pre-wrap\">Sowohl gasatomisiertes sph\u00e4risches Pulver als auch unregelm\u00e4\u00dfiges Pulver von HDH oder PREP ist erh\u00e4ltlich. Kleineres 15-45 Mikron Pulver ist geeignet f\u00fcr die additive Fertigung, bei der ein guter Fluss und eine gute Packung erforderlich sind. Gr\u00f6\u00dferes 106-250 Mikron Pulver wird in der Regel gepresst und gesintert.<\/p>\n<p class=\"whitespace-pre-wrap\">Normen wie ASTM F1805 und ISO 5832 legen die Grenzwerte f\u00fcr die chemische Zusammensetzung und die erforderlichen Eigenschaften f\u00fcr biomedizinisches Pulver der G\u00fcte 23 ELI fest. Kundenspezifische Legierungszusammensetzungen und Partikelgr\u00f6\u00dfen k\u00f6nnen ebenfalls hergestellt werden, um die Anforderungen der Anwendung zu erf\u00fcllen.<\/p>\n<h2><strong>TiNbZrSn-Legierungspulver-Lieferanten<\/strong><\/h2>\n<p class=\"whitespace-pre-wrap\">Einige weltweit f\u00fchrende Anbieter von TiNbZrSn-Legierungspulver sind:<\/p>\n<table>\n<thead>\n<tr>\n<th>Anbieter<\/th>\n<th>Ort<\/th>\n<\/tr>\n<\/thead>\n<tbody>\n<tr>\n<td>AMETEK<\/td>\n<td>Vereinigte Staaten<\/td>\n<\/tr>\n<tr>\n<td>CNPC-Pulver<\/td>\n<td>China<\/td>\n<\/tr>\n<tr>\n<td>GKN Hoeganaes<\/td>\n<td>Europa<\/td>\n<\/tr>\n<tr>\n<td>LPW Technologie<\/td>\n<td>Gro\u00dfbritannien<\/td>\n<\/tr>\n<tr>\n<td>Sandvik Osprey<\/td>\n<td>Gro\u00dfbritannien<\/td>\n<\/tr>\n<\/tbody>\n<\/table>\n<p class=\"whitespace-pre-wrap\">Renommierte Lieferanten wie diese verf\u00fcgen \u00fcber fortschrittliche interne Pulverproduktionsanlagen, die Gaszerst\u00e4ubungs- oder Hydrid-Dehydrid-Verfahren einsetzen. Sie k\u00f6nnen verschiedene Teilchengr\u00f6\u00dfenverteilungen anbieten und die Legierungszusammensetzung je nach Bedarf anpassen.<\/p>\n<p class=\"whitespace-pre-wrap\">Es werden Kleinstmengenprototypen bis hin zu gro\u00dfen Handelsmengen angeboten. Strikte Qualit\u00e4tskontrolle und Pr\u00fcfung durch Lieferanten ist gew\u00e4hrleistet, damit das Pulver den Spezifikationen entspricht.<\/p>\n<h2><strong>Preisgestaltung f\u00fcr TiNbZrSn-Legierungspulver<\/strong><\/h2>\n<p class=\"whitespace-pre-wrap\">Als fortschrittliche Speziallegierung hat TiNbZrSn-Pulver einen hohen Preis:<\/p>\n<table>\n<thead>\n<tr>\n<th>Pulverg\u00fctemerkmal<\/th>\n<th>Preisspanne<\/th>\n<\/tr>\n<\/thead>\n<tbody>\n<tr>\n<td>Klasse 5<\/td>\n<td>350\u2013500 $ pro kg<\/td>\n<\/tr>\n<tr>\n<td>Klasse 23<\/td>\n<td>$450-$650 pro kg<\/td>\n<\/tr>\n<tr>\n<td>Grade 23 ELI<\/td>\n<td>$ 550- $ 750 pro kg<\/td>\n<\/tr>\n<\/tbody>\n<\/table>\n<p class=\"whitespace-pre-wrap\">Der Preis h\u00e4ngt ab von Bestellmenge, Korngr\u00f6\u00dfenverteilung, Form und Zusammensetzung. Kleinere Mengen feinen sph\u00e4rischen Pulvers sind teurer. Unregelm\u00e4\u00dfiges Pulver und gr\u00f6\u00dfere Chargen bieten die Einsparung von Kosten.<\/p>\n<p class=\"whitespace-pre-wrap\">Der Preis ist um ein Mehrfaches h\u00f6her als f\u00fcr g\u00e4ngige Legierungen wie 316L-Edelstahlpulver. Die hervorragenden Eigenschaften rechtfertigen jedoch die h\u00f6heren Kosten f\u00fcr kritische Anwendungen, bei denen eine maximale Leistung erforderlich ist.<\/p>\n<h2><strong>Handhabung von TiNbZrSn-Legierungspulver<\/strong><\/h2>\n<p class=\"whitespace-pre-wrap\">Sicherer Umgang mit TiNbZrSn-Legierungspulver:<\/p>\n<ul class=\"list-disc pl-8 space-y-2\">\n<li class=\"whitespace-normal\">Verschlossene Beh\u00e4lter sollten zur Vermeidung von Oxidation und Hydrierung in einer k\u00fchlen, trockenen Umgebung gelagert werden<\/li>\n<li class=\"whitespace-normal\">Vermeiden Sie Versch\u00fcttungen, um Pulveransammlungen als Explosionsgefahr zu vermeiden<\/li>\n<li class=\"whitespace-normal\">Erden Sie alle Ger\u00e4te f\u00fcr die Handhabung von Pulver und Transportbeh\u00e4lter<\/li>\n<li class=\"whitespace-normal\">Tragen Sie beim Umgang mit Pulver Handschuhe und Atemschutz<\/li>\n<li class=\"whitespace-normal\">Verwenden Sie funkenfreie Werkzeuge und Vakuumsysteme mit inertem Gasschutz<\/li>\n<li class=\"whitespace-normal\">Nutzen Sie bei Bedarf L\u00fcftung und Absaugung an der Emissionsquelle<\/li>\n<\/ul>\n<p class=\"whitespace-pre-wrap\">Die feine Partikelgr\u00f6\u00dfe macht das TiNbZrSn Pulver bei Dispersion brennbar. Ein vorsichtiges Vorgehen entsprechend den Sicherheitsprotokollen ist essenziell. Der Einsatz von automatischen Handschuhkastensystemen und geschlossenen Systemen wird empfohlen.<\/p>\n<h2><strong>TiNbZrSn-Legierungspulverinspektion<\/strong><\/h2>\n<p class=\"whitespace-pre-wrap\">TiNbZrSn-Legierungspulver sollte auf Folgendes gepr\u00fcft werden:<\/p>\n<table>\n<thead>\n<tr>\n<th>Parameter<\/th>\n<th>Methode<\/th>\n<th>Akzeptanzkriterien<\/th>\n<\/tr>\n<\/thead>\n<tbody>\n<tr>\n<td>Korngr\u00f6\u00dfenverteilung<\/td>\n<td>Laserbeugung, Siebung<\/td>\n<td>Erreicht den angegebenen Bereich<\/td>\n<\/tr>\n<tr>\n<td>Partikelform<\/td>\n<td>SEM-Bildgebung<\/td>\n<td>Kugelf\u00f6rmige, glatte Oberfl\u00e4chen<\/td>\n<\/tr>\n<tr>\n<td>Artikelchemie<\/td>\n<td>EDX\/EDS, ICP-OES<\/td>\n<td>Entspricht angegebener Zusammensetzung<\/td>\n<\/tr>\n<tr>\n<td>Sauerstoff\/Stickstoff<\/td>\n<td>CMT-Schwei\u00dfen<\/td>\n<td>Unter 2000 ppm Sauerstoff<\/td>\n<\/tr>\n<tr>\n<td>Anscheindichte<\/td>\n<td>Hallen-Durchflussmessger\u00e4t<\/td>\n<td>Besserer Fluss f\u00fcr h\u00f6here Dichte<\/td>\n<\/tr>\n<tr>\n<td>Durchflussrate<\/td>\n<td>Hallen-Durchflussmessger\u00e4t<\/td>\n<td>Flie\u00dft frei durch die Blende<\/td>\n<\/tr>\n<\/tbody>\n<\/table>\n<p class=\"whitespace-pre-wrap\">Diese Tests stellen sicher, dass das Pulver den Spezifikationen f\u00fcr Gr\u00f6\u00dfe, Form, Chemie, Reinheit und Flie\u00dff\u00e4higkeit entspricht, die f\u00fcr den additiven Fertigungs- oder Pulverpress- und Sinterprozess ben\u00f6tigt werden.<\/p>\n<h2><strong>Testen von TiNbZrSn-Legierungspulver<\/strong><\/h2>\n<p class=\"whitespace-pre-wrap\">Die folgenden weiteren Pr\u00fcfungen k\u00f6nnen durchgef\u00fchrt werden, um die Legierungspulverqualit\u00e4t von TiNbZrSn zu bestimmen:<\/p>\n<table>\n<thead>\n<tr>\n<th>Test<\/th>\n<th>Methode<\/th>\n<th>Zweck<\/th>\n<\/tr>\n<\/thead>\n<tbody>\n<tr>\n<td>Kompressibilit\u00e4t<\/td>\n<td>Uniaxiales Pressen<\/td>\n<td>Verdichtungsreaktion beurteilen<\/td>\n<\/tr>\n<tr>\n<td>Gr\u00fcnfestigkeit<\/td>\n<td>Biegebruchfestigkeit<\/td>\n<td>Messen Sie die St\u00e4rke vor dem Sintern<\/td>\n<\/tr>\n<tr>\n<td>Dichte nach dem Sintern<\/td>\n<td>Ma\u00dfhaltige Messung<\/td>\n<td>Stellen Sie eine vollst\u00e4ndige Konsolidierung sicher<\/td>\n<\/tr>\n<tr>\n<td>Mikrostruktur<\/td>\n<td>Lichtmikroskopie, Rasterelektronenmikroskopie<\/td>\n<td>Schmelze, Porosit\u00e4t, K\u00f6rner analysieren<\/td>\n<\/tr>\n<tr>\n<td>H\u00e4rte<\/td>\n<td>Vickers\/Rockwell-H\u00e4rtepr\u00fcfung<\/td>\n<td>Mechanische Eigenschaften \u00fcberpr\u00fcfen<\/td>\n<\/tr>\n<tr>\n<td>Zugfestigkeit<\/td>\n<td>ASTM E8<\/td>\n<td>UTS, Ausbeute und Dehnung messen<\/td>\n<\/tr>\n<\/tbody>\n<\/table>\n<p class=\"whitespace-pre-wrap\">Die Pr\u00fcfung verdichteter und gesinterter Proben ist ratsam, um die Verarbeitbarkeit von Pulver und die endg\u00fcltigen mechanischen Eigenschaften im Vergleich zu den Konstruktionsanforderungen zu best\u00e4tigen.<\/p>\n<h2><strong>Vorteile und Nachteile von TiNbZrSn-Legierungspulver<\/strong><\/h2>\n<table>\n<thead>\n<tr>\n<th>Vorteile<\/th>\n<th>Nachteile<\/th>\n<\/tr>\n<\/thead>\n<tbody>\n<tr>\n<td>Au\u00dfergew\u00f6hnliches Festigkeits-Gewichts-Verh\u00e4ltnis<\/td>\n<td>Teuer im Vergleich zu g\u00e4ngigen Legierungen<\/td>\n<\/tr>\n<tr>\n<td>H\u00f6here Elastizit\u00e4t als andere hochfeste Legierungen<\/td>\n<td>Niedrigere Duktilit\u00e4t als Titanlegierungen<\/td>\n<\/tr>\n<tr>\n<td>Ausgezeichnete H\u00e4rte und Verschlei\u00dffestigkeit<\/td>\n<td>Aufgrund der Reaktivit\u00e4t ist ein vorsichtiger Umgang erforderlich<\/td>\n<\/tr>\n<tr>\n<td>Best\u00e4ndig gegen Korrosion in rauen Umgebungen<\/td>\n<td>Schwer zu bearbeiten und zu schleifen<\/td>\n<\/tr>\n<tr>\n<td>Biokompatibel f\u00fcr medizinische Anwendungen<\/td>\n<td>Begrenzte Lieferanten und Verf\u00fcgbarkeit<\/td>\n<\/tr>\n<tr>\n<td>H\u00e4lt extrem hohen Temperaturen stand<\/td>\n<td>Ben\u00f6tigt hei\u00dfisostatisches Pressen f\u00fcr die vollst\u00e4ndige Verfestigung<\/td>\n<\/tr>\n<\/tbody>\n<\/table>\n<p class=\"whitespace-pre-wrap\">F\u00fcr kritische Anwendungen, bei denen die Leistung die Kosten \u00fcberwiegt, bietet das Legierungspulver TiNbZrSn Eigenschaften, die von anderen Legierungen unerreicht sind. Die wichtigsten Einschr\u00e4nkungen sind Kosten und Verf\u00fcgbarkeit.<\/p>\n<h2><strong>Vergleich von TiNbZrSn mit anderen Legierungen<\/strong><\/h2>\n<p class=\"whitespace-pre-wrap\">Wie vergleicht sich TiNbZrSn im Vergleich zu anderen Hochleistungslegierungspulvern?<\/p>\n<p class=\"whitespace-pre-wrap\"><strong>Gegen Edelstahl<\/strong>:<\/p>\n<ul class=\"list-disc pl-8 space-y-2\">\n<li class=\"whitespace-normal\">2x st\u00e4rkere Festigkeit<\/li>\n<li class=\"whitespace-normal\">70 % geringere Dichte<\/li>\n<li class=\"whitespace-normal\">5x h\u00f6here H\u00e4rte<\/li>\n<li class=\"whitespace-normal\">Bessere Best\u00e4ndigkeit gegen Korrosion<\/li>\n<\/ul>\n<p class=\"whitespace-pre-wrap\"><strong>Im Vergleich zu Titanlegierungen<\/strong>:<\/p>\n<ul class=\"list-disc pl-8 space-y-2\">\n<li class=\"whitespace-normal\">50 % h\u00f6here Elastizit\u00e4t<\/li>\n<li class=\"whitespace-normal\">20 % h\u00f6here H\u00e4rte<\/li>\n<li class=\"whitespace-normal\">Verbesserte Kriechfestigkeit<\/li>\n<li class=\"whitespace-normal\">Geringere Duktilit\u00e4t<\/li>\n<\/ul>\n<p class=\"whitespace-pre-wrap\"><strong>Versus Kobalt-Chrom-Legierungen<\/strong>:<\/p>\n<ul class=\"list-disc pl-8 space-y-2\">\n<li class=\"whitespace-normal\">Geringere Dichte<\/li>\n<li class=\"whitespace-normal\">Keine toxische Effekte<\/li>\n<li class=\"whitespace-normal\">H\u00f6here Betriebstemperatur<\/li>\n<li class=\"whitespace-normal\">Niedrigere Z\u00e4higkeit<\/li>\n<\/ul>\n<p class=\"whitespace-pre-wrap\"><strong>Gegen\u00fcber Ni-Basis-Superlegierungen<\/strong>:<\/p>\n<ul class=\"list-disc pl-8 space-y-2\">\n<li class=\"whitespace-normal\">Einfachere Bearbeitung<\/li>\n<li class=\"whitespace-normal\">Geringere Kosten<\/li>\n<li class=\"whitespace-normal\">Niedertemperaturf\u00e4higkeit<\/li>\n<li class=\"whitespace-normal\">Geringere Dauerfestigkeit<\/li>\n<\/ul>\n<p class=\"whitespace-pre-wrap\">TiNbZrSn bietet eine optimale Balance an Eigenschaften, die in anderen Legierungen nicht zu finden ist. Daher ist es f\u00fcr anspruchsvollste Anwendung geeignet.<\/p>\n<h2><strong>Einblicke zur Verwendung von TiNbZrSn-Legierungspulver<\/strong><\/h2>\n<p class=\"whitespace-pre-wrap\">Hier sind einige wichtige Erkenntnisse zur effektiven Verwendung von TiNbZrSn:<\/p>\n<ul class=\"list-disc pl-8 space-y-2\">\n<li class=\"whitespace-normal\">Gaszerst\u00e4ubtes Pulver mit kontrollierter Teilchengr\u00f6\u00dfenverteilung flie\u00dft und verfestigt sich am besten f\u00fcr AM<\/li>\n<li class=\"whitespace-normal\">Unregelm\u00e4\u00dfiges Pulver erfordert h\u00f6heren Druck f\u00fcr die Kompaktierung und Sinterung<\/li>\n<li class=\"whitespace-normal\">Hei\u00dfisostatisches Pressen hilft, maximale Dichte und Eigenschaften zu erreichen<\/li>\n<li class=\"whitespace-normal\">Durch Tempern kann je nach Anforderung Duktilit\u00e4t und Z\u00e4higkeit angepasst werden<\/li>\n<li class=\"whitespace-normal\">Rohteile nahe der Nettoform minimieren die aufwendige Bearbeitung gesinterter Bauteile<\/li>\n<li class=\"whitespace-normal\">Oberfl\u00e4chenbehandlungen erh\u00f6hen den Verschlei\u00dfwiderstand bei Gleitkontakten<\/li>\n<li class=\"whitespace-normal\">Um unterschiedliche Materialien mit TiNbZrSn zu verbinden, bedarf es einer Auswahl an geeigneten Verfahren<\/li>\n<li class=\"whitespace-normal\">Strenge Lieferantenqualifikationen und -pr\u00fcfungen helfen dabei, die Pulverqualit\u00e4t und -leistung zu gew\u00e4hrleisten<\/li>\n<\/ul>\n<p class=\"whitespace-pre-wrap\">Das Verst\u00e4ndnis der Beziehungen zwischen Verarbeitung, Mikrostruktur und Eigenschaften ist wichtig, um das volle Potenzial dieser au\u00dfergew\u00f6hnlichen Legierung zu nutzen.<\/p>\n<h2><strong>H\u00e4ufig gestellte Fragen<\/strong><\/h2>\n<p class=\"whitespace-pre-wrap\">Hier sind einige h\u00e4ufig gestellte Fragen zu TiNbZrSn-Legierungspulver:<\/p>\n<p class=\"whitespace-pre-wrap\"><strong>F: Ist das Pulver TiNbZrSn zum 3D-Druck geeignet?<\/strong><\/p>\n<p class=\"whitespace-pre-wrap\">A: Ja, gasatomisiertes TiNbZrSn mit kontrollierter Partikelgr\u00f6\u00dfe und hoher Rundheit kann f\u00fcr Powder Bed Fusion- und Direct Energy Deposition-AM-Prozesse verwendet werden. Die Parameter m\u00fcssen optimiert werden, um eine hohe Dichte zu erreichen.<\/p>\n<p class=\"whitespace-pre-wrap\"><strong>F: Welche Partikelgr\u00f6\u00dfe eignet sich am besten f\u00fcr die additive Fertigung?<\/strong><\/p>\n<p class=\"whitespace-pre-wrap\">A: 15-45 Mikrometer werden empfohlen, um einen guten Pulverfluss und eine gute Verdichtung zu gew\u00e4hrleisten. Gr\u00f6\u00dfere, bis zu 106 Mikrometer, wurden ebenfalls f\u00fcr einige Anwendungen, die dickere Schichten erfordern, erfolgreich gedruckt.<\/p>\n<p class=\"whitespace-pre-wrap\"><strong>F: Ben\u00f6tigt TiNbZrSn nach der additiven Fertigung ein hei\u00dfisostatisches Pressen?<\/strong><\/p>\n<p class=\"whitespace-pre-wrap\">A: HIP tr\u00e4gt dazu bei Dichte zu maximieren, innere Poren zu elimieren und die mechanischen Eigenschaften zu verbessern. Aber f\u00fcr einige weniger anspruchsvolle Anwendungen k\u00f6nnten wie gedruckte TiNbZrSn Komponenten die Anforderungen ohne HIP erf\u00fcllen.<\/p>\n<p class=\"whitespace-pre-wrap\"><strong>Q: K\u00f6nnen Sie TiNbZrSn-Legierung fr\u00e4sen und schleifen?<\/strong><\/p>\n<p class=\"whitespace-pre-wrap\">A: Ja, aber daf\u00fcr ben\u00f6tigt man strenge Setups, Hochdruck-K\u00fchlmittel, scharfe Hartmetallwerkzeuge und feine Schleifmittel. Vorschubgeschwindigkeiten und Drehzahlen m\u00fcssen wegen der H\u00e4rte niedriger sein als bei herk\u00f6mmlichen Legierungen.<\/p>\n<p class=\"whitespace-pre-wrap\"><strong>F: Ist TiNbZrSn f\u00fcr biomedizinische Implantate geeignet?<\/strong><\/p>\n<p class=\"whitespace-pre-wrap\">A: Ja, aufgrund seiner Biokompatibilit\u00e4t, seines niedrigen Elastizit\u00e4tsmoduls und seiner f\u00fcr lasttragende Ger\u00e4te idealen hohen Festigkeit wurde es f\u00fcr Knochenplatten, H\u00fcft- und Knieimplantate verwendet. Pulver aus G\u00fcte 23 ELI liefert die erforderliche Reinheit.<\/p>\n<p class=\"whitespace-pre-wrap\"><strong>F: Was sind typische Anwendungen f\u00fcr TiNbZrSn-Legierungen?<\/strong><\/p>\n<p class=\"whitespace-pre-wrap\">A: Luft- und Raumfahrtkomponenten wie Fahrwerke, Automobilfedern und Verbindungselemente, biomedizinische Implantate, Panzerplatten, Turbinen f\u00fcr die Stromerzeugung und Werkzeuge zur Formung und Blechstanzung.<\/p>\n<h1>Schlussfolgerung<\/h1>\n<p class=\"whitespace-pre-wrap\">Zusammenfassend l\u00e4sst sich sagen, dass TiNbZrSn-Legierungspulver eine au\u00dfergew\u00f6hnliche Festigkeit zusammen mit geringer Dichte, Elastizit\u00e4t und H\u00e4rte bietet, die es von herk\u00f6mmlichen oder fortschrittlichen Legierungen unterscheidet. Obwohl die Kosten h\u00f6her sind, rechtfertigen viele wichtige Anwendungsf\u00e4lle den Aufwand, wenn optimierte Materialeigenschaften von gr\u00f6\u00dfter Bedeutung sind. Mit wachsender Verf\u00fcgbarkeit und laufenden Innovationen werden die einzigartigen F\u00e4higkeiten von TiNbZrSn in den kommenden Jahren in mehr Branchen genutzt werden.<\/p>\n<p><\/span><\/span><\/p>","protected":false},"excerpt":{"rendered":"<p>TiNbZrSn-Legierungspulver Zusammensetzung TiNbZrSn-Legierungspulver besteht aus den folgenden Elementen: Element Gewicht % Titan (Ti) 35-40% Niob (Nb) 35-40% Zirkonium (Zr) 5-10% Zinn (Sn) 5-10% Diese pr\u00e4zise Kombination aus Titan, Niob, Zirkonium und Zinn ergibt eine Legierung mit herausragender Festigkeit, H\u00e4rte und Elastizit\u00e4t im Vergleich zu herk\u00f6mmlichen Legierungen. Insbesondere der Niobgehalt\u2026<\/p>","protected":false},"featured_media":1879,"parent":0,"template":"","meta":{"_acf_changed":false,"_kad_blocks_custom_css":"","_kad_blocks_head_custom_js":"","_kad_blocks_body_custom_js":"","_kad_blocks_footer_custom_js":"","_kad_post_transparent":"","_kad_post_title":"","_kad_post_layout":"","_kad_post_sidebar_id":"","_kad_post_content_style":"","_kad_post_vertical_padding":"","_kad_post_feature":"","_kad_post_feature_position":"","_kad_post_header":false,"_kad_post_footer":false,"_kad_post_classname":""},"product-category":[119,123],"class_list":["post-3941","product","type-product","status-publish","has-post-thumbnail","hentry","product-category-3d-printing-metal-powder","product-category-titanium-based-alloy-powder"],"acf":[],"taxonomy_info":{"product-category":[{"value":119,"label":"3D Printing Metal Powder"},{"value":123,"label":"Titanium Based Alloy Powder"}]},"featured_image_src_large":["https:\/\/3dpmetal.com\/wp-content\/uploads\/2024\/02\/Titanium-alloy-powder.jpg",600,600,false],"author_info":[],"comment_info":"","_links":{"self":[{"href":"https:\/\/3dpmetal.com\/de\/wp-json\/wp\/v2\/product\/3941","targetHints":{"allow":["GET"]}}],"collection":[{"href":"https:\/\/3dpmetal.com\/de\/wp-json\/wp\/v2\/product"}],"about":[{"href":"https:\/\/3dpmetal.com\/de\/wp-json\/wp\/v2\/types\/product"}],"wp:featuredmedia":[{"embeddable":true,"href":"https:\/\/3dpmetal.com\/de\/wp-json\/wp\/v2\/media\/1879"}],"wp:attachment":[{"href":"https:\/\/3dpmetal.com\/de\/wp-json\/wp\/v2\/media?parent=3941"}],"wp:term":[{"taxonomy":"product-category","embeddable":true,"href":"https:\/\/3dpmetal.com\/de\/wp-json\/wp\/v2\/product-category?post=3941"}],"curies":[{"name":"wp","href":"https:\/\/api.w.org\/{rel}","templated":true}]}}