{"id":3944,"date":"2024-03-18T06:10:15","date_gmt":"2024-03-18T06:10:15","guid":{"rendered":"https:\/\/3dp.45612300.xyz\/product\/aermet100-stainless-steel-powder\/"},"modified":"2024-03-18T06:10:15","modified_gmt":"2024-03-18T06:10:15","slug":"aermet100-stainless-steel-powder","status":"publish","type":"product","link":"https:\/\/3dpmetal.com\/de\/product\/aermet100-stainless-steel-powder\/","title":{"rendered":"AerMet100-Edelstahlpulver"},"content":{"rendered":"<p><span style=\"vertical-align: inherit;\"><span style=\"vertical-align: inherit;\"><\/p>\n<p class=\"whitespace-pre-wrap\">AerMet100 Edelstahlpulver ist ein Hochleistungslegierungspulver, das f\u00fcr additive Fertigungsanwendungen entwickelt wurde, die hohe Festigkeit und Erm\u00fcdungsbest\u00e4ndigkeit erfordern. Zu den wichtigsten Merkmalen dieses Materials geh\u00f6ren:<\/p>\n<ul class=\"list-disc pl-8 space-y-2\">\n<li class=\"whitespace-normal\">Hohe Festigkeit und H\u00e4rte \u2013 AerMet100 hat eine ausgezeichnete Festigkeit mit einer Zugfestigkeit von \u00fcber 200 ksi und einer H\u00e4rte zwischen 30-36 HRC.<\/li>\n<li class=\"whitespace-normal\">Gute Duktilit\u00e4t &#8211; Trotz der hohen Festigkeit bewahrt AerMet100 eine ordentliche Duktilit\u00e4t und Schlagz\u00e4higkeit. Die Bruchdehnung betr\u00e4gt \u00fcber 10 %.<\/li>\n<li class=\"whitespace-normal\">Fantastische Erm\u00fcdungsbest\u00e4ndigkeit \u2013 Die Erm\u00fcdungsgrenze von AerMet100 ist \u00e4u\u00dferst hoch und liegt bei etwa 50 % der Zugfestigkeit. Dies erm\u00f6glicht langlebige Bauteile, die wechselnden Belastungen ausgesetzt sind.<\/li>\n<li class=\"whitespace-normal\">Kriechfestigkeit \u2013 AerMet100 widersteht der Verformung unter Belastung bei hohen Temperaturen von bis zu 700 C, wodurch es f\u00fcr den Einsatz bei erh\u00f6hten Temperaturen geeignet ist.<\/li>\n<li class=\"whitespace-normal\">Korrosionsbest\u00e4ndigkeit \u2013 Die Zusammensetzung des Edelsteels bietet Korrosions- und Oxidationsbest\u00e4ndigkeit f\u00fcr den Einsatz in rauen Umgebungen.<\/li>\n<li class=\"whitespace-normal\">Schwei\u00dfbarkeit &#8211; Der niedrige Kohlenstoffanteil erm\u00f6glicht eine hohe Schwei\u00dfbarkeit bei Anwendung der Standard-Schwei\u00dfmethoden.<\/li>\n<li class=\"whitespace-normal\">Wirtschaftlichkeit \u2013 AerMet100 ist g\u00fcnstiger als andere hochfeste Legierungen mit \u00e4hnlichen Eigenschaften.<\/li>\n<\/ul>\n<p class=\"whitespace-pre-wrap\">Diese au\u00dfergew\u00f6hnliche Ausgewogenheit von Eigenschaften eignet AerMet100 f\u00fcr anspruchsvolle Anwendungen in den Bereichen Luft- und Raumfahrt, \u00d6l und Gas, Automobilbau und Industrie. Teile aus AerMet100-Pulver bieten ein hohes Festigkeits-Gewichts-Verh\u00e4ltnis, Haltbarkeit und Zuverl\u00e4ssigkeit bei Betriebslasten.<\/p>\n<h2>AerMet100-Pulverzusammensetzung<\/h2>\n<p class=\"whitespace-pre-wrap\">AerMet100 hat eine Zusammensetzung aus martensitischen Edelst\u00e4hlen mit Zus\u00e4tzen von Kobalt, Nickel und Molybd\u00e4n f\u00fcr Festigkeit und H\u00e4rte. Die Nominale Zusammensetzung ist unten aufgef\u00fchrt:<\/p>\n<table>\n<thead>\n<tr>\n<th>Element<\/th>\n<th>Gew.-%<\/th>\n<\/tr>\n<\/thead>\n<tbody>\n<tr>\n<td>Eisen (Fe)<\/td>\n<td>Balanse<\/td>\n<\/tr>\n<tr>\n<td>Chrom (Cr)<\/td>\n<td>15.0 &#8211; 17.0<\/td>\n<\/tr>\n<tr>\n<td>Nickel (Ni)<\/td>\n<td>7.0 &#8211; 10.0<\/td>\n<\/tr>\n<tr>\n<td>Cobalt (Co)<\/td>\n<td>8.0 &#8211; 10.0<\/td>\n<\/tr>\n<tr>\n<td>Molybd\u00e4n (Mo)<\/td>\n<td>4.0 &#8211; 5.0<\/td>\n<\/tr>\n<tr>\n<td>Mangan (Mn)<\/td>\n<td>&lt; 1.0<\/td>\n<\/tr>\n<tr>\n<td>Silizium (Si)<\/td>\n<td>&lt; 1.0<\/td>\n<\/tr>\n<tr>\n<td>Kohlenstoff (C)<\/td>\n<td>&lt; 0,03<\/td>\n<\/tr>\n<\/tbody>\n<\/table>\n<p class=\"whitespace-pre-wrap\">Die wichtigsten Legierungselemente und ihre Auswirkungen sind:<\/p>\n<ul class=\"list-disc pl-8 space-y-2\">\n<li class=\"whitespace-normal\"><strong>Chrom<\/strong>?- Bietet Korrosions- und Oxidationsbest\u00e4ndigkeit<\/li>\n<li class=\"whitespace-normal\"><strong>Nickel<\/strong>?- Erh\u00f6ht Z\u00e4higkeit und Dehnbarkeit<\/li>\n<li class=\"whitespace-normal\"><strong>Kobalt<\/strong>?- Mischkristallh\u00e4rter, erh\u00f6ht die Festigkeit<\/li>\n<li class=\"whitespace-normal\"><strong>Molybd\u00e4n<\/strong>?- Feststoffl\u00f6sungsverst\u00e4rker, erh\u00f6ht die Festigkeit und Kriechfestigkeit<\/li>\n<li class=\"whitespace-normal\"><strong>Mangan &amp; Silicium<\/strong>?- Desoxidationsmittel zur Verbesserung der Pulverherstellbarkeit<\/li>\n<li class=\"whitespace-normal\"><strong>Kohlenstoff<\/strong>?- Niedrig f\u00fcr bessere Schwei\u00dfbarkeit gehalten<\/li>\n<\/ul>\n<p class=\"whitespace-pre-wrap\">Die Kombination dieser Elemente gibt dem rostfreien Stahl AerMet100 seine besonderen Eigenschaften.<\/p>\n<h2>AerMet100 Edelstahlpulvereigenschaften<\/h2>\n<p class=\"whitespace-pre-wrap\">AerMet100 zeigt die folgenden physikalischen und mechanischen Eigenschaften in gebauten AM- und w\u00e4rmebehandelten Bedingungen:<\/p>\n<table>\n<thead>\n<tr>\n<th>Immobilie<\/th>\n<th>Nacharbeit<\/th>\n<th>Geh\u00e4rtet<\/th>\n<\/tr>\n<\/thead>\n<tbody>\n<tr>\n<td><strong>Dichte<\/strong><\/td>\n<td>7,9 g\/cm3<\/td>\n<td>7,9 g\/cm3<\/td>\n<\/tr>\n<tr>\n<td><strong>Porosit\u00e4t<\/strong><\/td>\n<td>&lt; 1%<\/td>\n<td>&lt; 1%<\/td>\n<\/tr>\n<tr>\n<td><strong>Oberfl\u00e4chenrauigkeit (Ra)<\/strong><\/td>\n<td>15-25 \u00c3-m<\/td>\n<td>15-25 \u00c3-m<\/td>\n<\/tr>\n<tr>\n<td><strong>H\u00e4rte<\/strong><\/td>\n<td>30-35 HRC<\/td>\n<td>34-38 HRC<\/td>\n<\/tr>\n<tr>\n<td><strong>Zugfestigkeit<\/strong><\/td>\n<td>170-190 ksi<\/td>\n<td>190\u2013220 ksi<\/td>\n<\/tr>\n<tr>\n<td><strong>Streckgrenze (0,2 % bleibende Dehnung)<\/strong><\/td>\n<td>160-180 ksi<\/td>\n<td>180-210 ksi<\/td>\n<\/tr>\n<tr>\n<td><strong>Verl\u00e4ngerung<\/strong><\/td>\n<td>8-13%<\/td>\n<td>10-15%<\/td>\n<\/tr>\n<tr>\n<td><strong>Fl\u00e4chenreduktion<\/strong><\/td>\n<td>15-25%<\/td>\n<td>15-25%<\/td>\n<\/tr>\n<tr>\n<td><strong>E-Modul<\/strong><\/td>\n<td>27-30 Mio.<\/td>\n<td>29-32 Msi<\/td>\n<\/tr>\n<tr>\n<td><strong>CTE (70-400\u00a1\u00abC)<\/strong><\/td>\n<td>11\u201312 \u00c3\u00d7m\/m\u00a1\u00abC<\/td>\n<td>11\u201312 \u00c3\u00d7m\/m\u00a1\u00abC<\/td>\n<\/tr>\n<tr>\n<td><strong>Leitf\u00e4higkeit<\/strong><\/td>\n<td>25-30% IACS<\/td>\n<td>25-30% IACS<\/td>\n<\/tr>\n<\/tbody>\n<\/table>\n<p class=\"whitespace-pre-wrap\">Die Eigenschaften machen AerMet100 geeignet f\u00fcr hochfeste Strukturbauteile, Flugzeugschrauben, Tiefseewerkzeuge, Ventile und Pumpen sowie andere kritische Teile, bei denen Erm\u00fcdungsfestigkeit von gr\u00f6\u00dfter Bedeutung ist.<\/p>\n<h2>Anwendungen f\u00fcr AerMet100-Edelstahlpulver<\/h2>\n<p class=\"whitespace-pre-wrap\">Die einzigartigen Eigenschaften von AerMet100 machen es zu einer ausgezeichneten Wahl f\u00fcr die folgenden Anwendungen:<\/p>\n<h3>Luft- und Raumfahrt<\/h3>\n<ul class=\"list-disc pl-8 space-y-2\">\n<li class=\"whitespace-normal\">Strukturteile, Streben, Rumpfkomponenten<\/li>\n<li class=\"whitespace-normal\">Fahrwerksteile, Tragfl\u00e4chenkomponenten, Leitwerke<\/li>\n<li class=\"whitespace-normal\">Motorbefestigungen, Auspuffbauteile<\/li>\n<li class=\"whitespace-normal\">Turbinenschaufeln, Laufr\u00e4der, Verdichterteile<\/li>\n<li class=\"whitespace-normal\">Hochfeste Verbindungselemente, Schrauben, Muttern, Nieten<\/li>\n<\/ul>\n<h3>\u00d6l- und Gasindustrie<\/h3>\n<ul class=\"list-disc pl-8 space-y-2\">\n<li class=\"whitespace-normal\">Bohrwerkzeuge und Komponenten f\u00fcr Bohrl\u00f6cher<\/li>\n<li class=\"whitespace-normal\">Bohrlochteile, Ventile, Pumpen<\/li>\n<li class=\"whitespace-normal\">Druckbeh\u00e4lter, Rohrarmaturen<\/li>\n<li class=\"whitespace-normal\">Tiefsee-\/ Offshore-Strukturteile<\/li>\n<\/ul>\n<h3>Automotive<\/h3>\n<ul class=\"list-disc pl-8 space-y-2\">\n<li class=\"whitespace-normal\">Komponenten zur Energieerzeugung<\/li>\n<li class=\"whitespace-normal\">Antriebssystemteile wie Zahnr\u00e4der, Wellen<\/li>\n<li class=\"whitespace-normal\">Strukturverst\u00e4rkungen, Fahrwerkskomponenten<\/li>\n<li class=\"whitespace-normal\">Leistungsstarke Rennsportkomponenten<\/li>\n<\/ul>\n<h3>Industrie<\/h3>\n<ul class=\"list-disc pl-8 space-y-2\">\n<li class=\"whitespace-normal\">Verschlei\u00df- und sto\u00dffeste Roboterteile<\/li>\n<li class=\"whitespace-normal\">Werkzeuge (Maschinen), Formen, Werkzeuge<\/li>\n<li class=\"whitespace-normal\">Komponenten der Fluidaufbereitung wie Ventile und Pumpen<\/li>\n<li class=\"whitespace-normal\">Andere hochzyklisch belastete Komponenten<\/li>\n<\/ul>\n<p class=\"whitespace-pre-wrap\">Die ausgezeichnete Erm\u00fcdungsfestigkeit von AerMet100 macht es zum idealen Ersatz f\u00fcr Bauteile, die traditionell aus Titan- oder Nickellegierungen hergestellt werden. Auch die hohe H\u00e4rte bietet eine gute Verschlei\u00dffestigkeit.<\/p>\n<h2>Pulverspezifikationen von AerMet100 Edelstahl<\/h2>\n<p class=\"whitespace-pre-wrap\">AerMet100-Pulverprodukte entsprechen folgenden Spezifikationen:<\/p>\n<table>\n<thead>\n<tr>\n<th><strong>Spezifikation<\/strong><\/th>\n<th><strong>G\u00fcteklasse\/Legierung<\/strong><\/th>\n<\/tr>\n<\/thead>\n<tbody>\n<tr>\n<td>AMS 7245<\/td>\n<td>AerMet100<\/td>\n<\/tr>\n<tr>\n<td>ASTM-F3056<\/td>\n<td>AlloySpec 23A<\/td>\n<\/tr>\n<tr>\n<td>DIN 17224<\/td>\n<td>X3NiCoMoAl 15-7-3<\/td>\n<\/tr>\n<\/tbody>\n<\/table>\n<p class=\"whitespace-pre-wrap\">Typische Gr\u00f6\u00dfenverteilungen f\u00fcr die AM-Verarbeitung sind:<\/p>\n<table>\n<thead>\n<tr>\n<th><strong>Teilchengr\u00f6sse<\/strong><\/th>\n<th><strong>Vertrieb<\/strong><\/th>\n<\/tr>\n<\/thead>\n<tbody>\n<tr>\n<td>15\u201353 \u03bcm<\/td>\n<td>98%<\/td>\n<\/tr>\n<tr>\n<td>&lt;106 \u00b5m<\/td>\n<td>99%<\/td>\n<\/tr>\n<\/tbody>\n<\/table>\n<p class=\"whitespace-pre-wrap\">Die chemische Zusammensetzung muss den zul\u00e4ssigen Bereichen f\u00fcr Elemente wie Cr, Ni, Co, Mo, C usw. entsprechen, wie in der AMS 7245-Spezifikation f\u00fcr die Legierung AerMet100 beschrieben.<\/p>\n<p class=\"whitespace-pre-wrap\">Die mechanischen Eigenschaften sollten den Mindestwerten f\u00fcr H\u00e4rte, Zugfestigkeit, Streckgrenze, Dehnung und Querschnittsverminderung entsprechen oder diese \u00fcbertreffen, wie sie in AMS 7245 angegeben sind.<\/p>\n<p class=\"whitespace-pre-wrap\">Zerst\u00f6rungsfreie Pr\u00fcfungen wie Farbeindringpr\u00fcfung oder Magnetpulverpr\u00fcfung sollten keine kritischen Fehler oder M\u00e4ngel aufdecken. Pulver sollte gut flie\u00dfen k\u00f6nnen und keine Klumpenbildung aufweisen.<\/p>\n<h2>AerMet100 Stainless Steel Pulverlieferanten und Preisgestaltung<\/h2>\n<p class=\"whitespace-pre-wrap\">AerMet100-Pulver ist von folgenden Gro\u00dfh\u00e4ndlern erh\u00e4ltlich:<\/p>\n<table>\n<thead>\n<tr>\n<th><strong>Anbieter<\/strong><\/th>\n<th><strong>Produktbezeichnung<\/strong><\/th>\n<th><strong>Preisspanne pro kg<\/strong><\/th>\n<\/tr>\n<\/thead>\n<tbody>\n<tr>\n<td>Carpenter Additive<\/td>\n<td>CarTech AerMet100<\/td>\n<td>$85-110<\/td>\n<\/tr>\n<tr>\n<td>H?gan?s<\/td>\n<td>Digital Metal DM100<\/td>\n<td>$90-120<\/td>\n<\/tr>\n<tr>\n<td>Praxair<\/td>\n<td>TRU100<\/td>\n<td>$80-100<\/td>\n<\/tr>\n<tr>\n<td>Sandvik Osprey<\/td>\n<td>Osprey Met 100<\/td>\n<td>$75-95<\/td>\n<\/tr>\n<\/tbody>\n<\/table>\n<p class=\"whitespace-pre-wrap\">Die Preise variieren je nach Bestellmenge, Losgr\u00f6\u00dfe, Regionalh\u00e4ndler und anderen Rabatten. Kleinere Forschungsmengen k\u00f6nnen mehr kosten als Massenproduktionsmengen.<\/p>\n<h2>Lagerung und Handhabung<\/h2>\n<p class=\"whitespace-pre-wrap\">Um die Qualit\u00e4t von AerMet100-Pulver f\u00fcr den additiven Fertigungsprozess zu erhalten, gelten die folgenden Lager- und Handhabungsrichtlinien:<\/p>\n<ul class=\"list-disc pl-8 space-y-2\">\n<li class=\"whitespace-normal\">Geschlossene Gef\u00e4\u00dfe an einem k\u00fchlen, trockenen Ort vor Feuchtigkeit und Kontaminationsquellen aufbewahren.<\/li>\n<li class=\"whitespace-normal\">Vermeiden Sie es, Pulver f\u00fcr l\u00e4ngere Zeit hoher Luftfeuchtigkeit (&gt;60 % RH) auszusetzen<\/li>\n<li class=\"whitespace-normal\">Lassen Sie das Pulver auf Raumtemperatur kommen, bevor Sie den Beh\u00e4lter \u00f6ffnen, um Kondensation zu vermeiden.<\/li>\n<li class=\"whitespace-normal\">Pulver unter inerten Bedingungen mit m\u00f6glichst niedrigem Sauerstoffgehalt aussch\u00fctten und umf\u00fcllen<\/li>\n<li class=\"whitespace-normal\">Verwenden Sie Pulverhandhabungsger\u00e4te und Zubeh\u00f6r aus kompatiblen Materialien, um eine Verunreinigung zu verhindern<\/li>\n<li class=\"whitespace-normal\">Begrenzen Sie die Wiederverwendung von Pulver auf maximal 2-3 Durchg\u00e4nge, um eine Verschlechterung der Eigenschaften zu vermeiden<\/li>\n<li class=\"whitespace-normal\">Durchf\u00fchren von Tests des gebrauchten Pulvers, um sicherzustellen, dass es immer noch alle Spezifikationen zur Wiederverwendung erf\u00fcllt<\/li>\n<\/ul>\n<p class=\"whitespace-pre-wrap\">Die ordnungsgem\u00e4\u00dfe Lagerung und sorgf\u00e4ltige Handhabung sind entscheidend, um Oxidation von Pulver, Verunreinigung oder \u00c4nderungen der Flie\u00dff\u00e4higkeit zu vermeiden.<\/p>\n<h2>Sicherheitsinformationen<\/h2>\n<ul class=\"list-disc pl-8 space-y-2\">\n<li class=\"whitespace-normal\">Tragen Sie beim Umgang mit Pulver PSA \u2013 Handschuhe, Atemschutzmaske, Schutzbrille<\/li>\n<li class=\"whitespace-normal\">Zus\u00e4tzlichen Hautkontakt vermeiden, um m\u00f6gliche allergische Reaktionen zu vermeiden<\/li>\n<li class=\"whitespace-normal\">Das Einatmen von Feinstaub \u00fcber einen l\u00e4ngeren Zeitraum ist zu vermeiden<\/li>\n<li class=\"whitespace-normal\">F\u00fcr ausreichende Bel\u00fcftung und Staubabsaugung bei der Verarbeitung sorgen<\/li>\n<li class=\"whitespace-normal\">Zum Abgeben und Umgang mit Pulver nur funkenfreie Werkzeuge verwenden<\/li>\n<li class=\"whitespace-normal\">Die Schutzgasbedeckung mit Inertgas wird f\u00fcr das Pulverhandling empfohlen.<\/li>\n<li class=\"whitespace-normal\">Befolgen Sie alle zutreffenden Richtlinien des Sicherheitsdatenblattes (SDB)<\/li>\n<li class=\"whitespace-normal\">Entsorgen Sie sie gem\u00e4\u00df den lokalen Vorschriften und sorgen Sie f\u00fcr Eind\u00e4mmung<\/li>\n<\/ul>\n<p class=\"whitespace-pre-wrap\">AerMet100-Legierungspulver sind im Allgemeinen keine gef\u00e4hrlichen Materialien, es wird jedoch empfohlen, w\u00e4hrend der Lagerung, Handhabung und Verarbeitung die grundlegenden Sicherheitsma\u00dfnahmen zu beachten.<\/p>\n<h2>Pr\u00fcfung und Testen<\/h2>\n<p class=\"whitespace-pre-wrap\">Um die Einhaltung der Spezifikationen durch das AerMet100-Pulver zu gew\u00e4hrleisten, k\u00f6nnen die folgenden Pr\u00fcf- und Testverfahren eingesetzt werden:<\/p>\n<table>\n<thead>\n<tr>\n<th><strong>Pr\u00fcfverfahren<\/strong><\/th>\n<th><strong>Eigenschaft validiert<\/strong><\/th>\n<\/tr>\n<\/thead>\n<tbody>\n<tr>\n<td>Visuelle Inspektion<\/td>\n<td>Pulverflie\u00dff\u00e4higkeit, Verunreinigung<\/td>\n<\/tr>\n<tr>\n<td>Rasterelektronenmikroskopie<\/td>\n<td>Partikelgr\u00f6\u00dfenverteilung und Morphologie<\/td>\n<\/tr>\n<tr>\n<td>Energiedispersive R\u00f6ntgenspektroskopie (EDX oder EDS)<\/td>\n<td>Legierungschemie, Verunreinigung<\/td>\n<\/tr>\n<tr>\n<td>R\u00f6ntgenbeugung<\/td>\n<td>Anwesende Phasen, Kontamination<\/td>\n<\/tr>\n<tr>\n<td>Hallen-Durchflussmessger\u00e4t<\/td>\n<td>Pulverf\u00f6rdermenge<\/td>\n<\/tr>\n<tr>\n<td>Anscheindichte<\/td>\n<td>Sch\u00fcttdichte<\/td>\n<\/tr>\n<tr>\n<td>Test der Sch\u00fcttdichte<\/td>\n<td>Rieself\u00e4higkeit von Puder<\/td>\n<\/tr>\n<tr>\n<td>Siebanalyse<\/td>\n<td>Verteilung der Partikelgr\u00f6\u00dfen pro ASTM B214<\/td>\n<\/tr>\n<tr>\n<td>Chemische Analyse<\/td>\n<td>Zusammensetzung pro AMS 7245, Oxide<\/td>\n<\/tr>\n<tr>\n<td>Dichtebestimmung<\/td>\n<td>Pulverdichte vs. AMS 7245<\/td>\n<\/tr>\n<\/tbody>\n<\/table>\n<p class=\"whitespace-pre-wrap\">Mechanische Tests an gedruckten Probek\u00f6rpern gem\u00e4\u00df AMS 7245 validieren die Einhaltung der Anforderungen f\u00fcr die Eigenschaften des Fertigteils. Die Pr\u00fcfmethoden umfassen H\u00e4rte, Zugfestigkeit, Kerbschlagz\u00e4higkeit, Hochzyklusdauerfestigkeit, Niedrigzyklusdauerfestigkeit, Zeitstandfestigkeit, Bruchz\u00e4higkeit, Korrosion usw.<\/p>\n<h2>Vergleich von AerMet100-Edelstahlpulver mit \u00e4hnlichen Werkstoffen<\/h2>\n<p class=\"whitespace-pre-wrap\">AerMet100 steht im Vergleich zu anderen hochfesten martensitischen Edelst\u00e4hlen wie folgt da:<\/p>\n<table>\n<thead>\n<tr>\n<th><strong>Legierung<\/strong><\/th>\n<th><strong>St\u00e4rke<\/strong><\/th>\n<th><strong>Duktilit\u00e4t<\/strong><\/th>\n<th><strong>Schwei\u00dfbarkeit<\/strong><\/th>\n<th><strong>Kosten<\/strong><\/th>\n<\/tr>\n<\/thead>\n<tbody>\n<tr>\n<td>AerMet100<\/td>\n<td>Sehr hoch<\/td>\n<td>Mittelm\u00e4ssig<\/td>\n<td>M\u00e4\u00dfig<\/td>\n<td>Mittelm\u00e4ssig<\/td>\n<\/tr>\n<tr>\n<td>17-4PH<\/td>\n<td>High<\/td>\n<td>Niedrig<\/td>\n<td>Arm<\/td>\n<td>Niedrig<\/td>\n<\/tr>\n<tr>\n<td>Custom 465<\/td>\n<td>Sehr hoch<\/td>\n<td>Niedrig<\/td>\n<td>Arm<\/td>\n<td>High<\/td>\n<\/tr>\n<tr>\n<td>316L<\/td>\n<td>Mittelm\u00e4ssig<\/td>\n<td>High<\/td>\n<td>Ausgezeichnet<\/td>\n<td>Niedrig<\/td>\n<\/tr>\n<tr>\n<td>Inconel 718<\/td>\n<td>High<\/td>\n<td>High<\/td>\n<td>Mittelm\u00e4ssig<\/td>\n<td>Sehr hoch<\/td>\n<\/tr>\n<\/tbody>\n<\/table>\n<p class=\"whitespace-pre-wrap\"><strong>Vorteile von AerMet100:<\/strong><\/p>\n<ul class=\"list-disc pl-8 space-y-2\">\n<li class=\"whitespace-normal\">H\u00f6here Festigkeit als 17-4PH und 316L<\/li>\n<li class=\"whitespace-normal\">Bessere Duktilit\u00e4t als Custom 465 f\u00fcr h\u00f6here Schlagfestigkeit<\/li>\n<li class=\"whitespace-normal\">Besser schwei\u00dfbar als aush\u00e4rtungsf\u00e4hige Legierungen<\/li>\n<li class=\"whitespace-normal\">Geringere Kosten als Inconel 718<\/li>\n<\/ul>\n<p class=\"whitespace-pre-wrap\"><strong>Grenzen von AerMet100:<\/strong><\/p>\n<ul class=\"list-disc pl-8 space-y-2\">\n<li class=\"whitespace-normal\">Geringere Duktilit\u00e4t\/Bruchfestigkeit als austenitisches 316L<\/li>\n<li class=\"whitespace-normal\">Geringere Schwei\u00dfbarkeit im Vergleich zu 316L<\/li>\n<li class=\"whitespace-normal\">H\u00f6here Kosten als 17-4PH oder 316L<\/li>\n<li class=\"whitespace-normal\">Geringe St\u00e4rke als Custom 465 im h\u00f6chsten Alter<\/li>\n<\/ul>\n<p class=\"whitespace-pre-wrap\">Insgesamt bietet AerMet100 eine optimale Kombination aus Festigkeit, Duktilit\u00e4t, Schwei\u00dfbarkeit und Kosten f\u00fcr Hochleistungsteile, die mit AM-Verfahren hergestellt werden.<\/p>\n<h2>FAQ<\/h2>\n<p class=\"whitespace-pre-wrap\"><strong>F: Welche Vorteile bietet die Legierung AerMet100?<\/strong><\/p>\n<p class=\"whitespace-pre-wrap\">A: Die Hauptvorteile von AerMet100 sind seine Festigkeit und H\u00e4rte, verbunden mit guter Duktilit\u00e4t, exzellenter Erm\u00fcdungsbest\u00e4ndigkeit, Kriechfestigkeit, Korrosionsbest\u00e4ndigkeit und moderaten Kosten. Dadurch eignet es sich hervorragend f\u00fcr kritische AM-Anwendungen.<\/p>\n<p class=\"whitespace-pre-wrap\"><strong>F: Welche W\u00e4rmebehandlung wird bei AerMet100 verwendet?<\/strong><\/p>\n<p class=\"whitespace-pre-wrap\">A: Eine typische W\u00e4rmebehandlung umfasst 1 bis 2 Stunden Spannungsfreigl\u00fchen bei 1040 bis 1080 \u00b0C, gefolgt von Luft- oder Ofenk\u00fchlung auf Raumtemperatur, dann Ausscheidungsh\u00e4rtung bei 480 \u00b0C f\u00fcr 4 Stunden, um die optimale Festigkeit und H\u00e4rte zu erreichen.<\/p>\n<p class=\"whitespace-pre-wrap\"><strong>F: Welche Schwei\u00dfverfahren k\u00f6nnen verwendet werden, um AerMet100-Teile zu verbinden?<\/strong><\/p>\n<p class=\"whitespace-pre-wrap\">A: Schmelzschwei\u00dfverfahren wie GTAW, GMAW und PAW werden f\u00fcr AerMet100 empfohlen, um Risse zu vermeiden und Verzug zu minimieren. Niedriger W\u00e4rmeeintrag und mechanische Bearbeitung der Schwei\u00dfn\u00e4hte wird ebenfalls empfohlen. L\u00f6ten kann auch gute Verbindungen hervorrufen.<\/p>\n<p class=\"whitespace-pre-wrap\"><strong>F: Wie schneidet AerMet100 im Vergleich zu maraging Stahl f\u00fcr AM ab?<\/strong><\/p>\n<p class=\"whitespace-pre-wrap\">A: AerMet100 besitzt eine h\u00f6here Duktilit\u00e4t, aber geringf\u00fcgig niedrigere St\u00e4rke als Maraging-St\u00e4hle wie 18Ni300 oder 18Ni350. Maraging-St\u00e4hle haben eine schlechte Schwei\u00dfbarkeit. AerMet100 ist eine gute, kosteng\u00fcnstigere Alternative f\u00fcr Maraging.<\/p>\n<p class=\"whitespace-pre-wrap\"><strong>F: Kann AerMet100 nach der additiven Fertigung bearbeitet werden?<\/strong><\/p>\n<p class=\"whitespace-pre-wrap\">A: Ja, AerMet100 kann nach AM bearbeitet werden, jedoch muss dabei auf Kaltverfestigungseffekte geachtet werden. Geringe Schnittkr\u00e4fte, Hartmetallwerkzeuge und ein ausreichender K\u00fchlmittelzufuhr werden empfohlen. Nach einer umfangreichen Bearbeitung kann ein Gl\u00fchen erforderlich sein.<\/p>\n<p class=\"whitespace-pre-wrap\"><strong>F: Welchen Partikelgr\u00f6\u00dfenbereich hat AerMet100-Pulver optimal f\u00fcr AM?<\/strong><\/p>\n<p class=\"whitespace-pre-wrap\">A: Der empfohlene Partikelgr\u00f6\u00dfenbereich f\u00fcr AM liegt bei 15\u201345 \u00c3\u00d7m. Feinere Pulver verbessern die Aufl\u00f6sung, k\u00f6nnen sich jedoch negativ auf die Flie\u00dff\u00e4higkeit auswirken. Grobe Pulver \u00fcber 53 \u00c3\u00d7m k\u00f6nnen Druckfehler verursachen. Der typische Idealbereich liegt bei 25\u201335 \u00c3\u00d7m.<\/p>\n<p><\/span><\/span><\/p>","protected":false},"excerpt":{"rendered":"<p>AerMet100 Edelstahlpulver ist ein Hochleistungslegierungspulver, das f\u00fcr additive Fertigungsanwendungen entwickelt wurde, die eine hohe Festigkeit und Erm\u00fcdungsbest\u00e4ndigkeit erfordern. Zu den wichtigsten Merkmalen dieses Materials geh\u00f6ren: Hohe Festigkeit und H\u00e4rte - AerMet100 hat eine ausgezeichnete Festigkeit mit einer Zugfestigkeit von \u00fcber 200 ksi und einer H\u00e4rte von 30-36 HRC. Gute Duktilit\u00e4t - Trotz der hohen Festigkeit,...<\/p>","protected":false},"featured_media":1950,"parent":0,"template":"","meta":{"_acf_changed":false,"_kad_blocks_custom_css":"","_kad_blocks_head_custom_js":"","_kad_blocks_body_custom_js":"","_kad_blocks_footer_custom_js":"","_kad_post_transparent":"","_kad_post_title":"","_kad_post_layout":"","_kad_post_sidebar_id":"","_kad_post_content_style":"","_kad_post_vertical_padding":"","_kad_post_feature":"","_kad_post_feature_position":"","_kad_post_header":false,"_kad_post_footer":false,"_kad_post_classname":""},"product-category":[119,122],"class_list":["post-3944","product","type-product","status-publish","has-post-thumbnail","hentry","product-category-3d-printing-metal-powder","product-category-iron-based-alloy-powder"],"acf":[],"taxonomy_info":{"product-category":[{"value":119,"label":"3D Printing Metal Powder"},{"value":122,"label":"Iron Based Alloy Powder"}]},"featured_image_src_large":["https:\/\/3dpmetal.com\/wp-content\/uploads\/2024\/02\/300M-Stainless-Steel-Powder.jpg",545,408,false],"author_info":[],"comment_info":"","_links":{"self":[{"href":"https:\/\/3dpmetal.com\/de\/wp-json\/wp\/v2\/product\/3944","targetHints":{"allow":["GET"]}}],"collection":[{"href":"https:\/\/3dpmetal.com\/de\/wp-json\/wp\/v2\/product"}],"about":[{"href":"https:\/\/3dpmetal.com\/de\/wp-json\/wp\/v2\/types\/product"}],"wp:featuredmedia":[{"embeddable":true,"href":"https:\/\/3dpmetal.com\/de\/wp-json\/wp\/v2\/media\/1950"}],"wp:attachment":[{"href":"https:\/\/3dpmetal.com\/de\/wp-json\/wp\/v2\/media?parent=3944"}],"wp:term":[{"taxonomy":"product-category","embeddable":true,"href":"https:\/\/3dpmetal.com\/de\/wp-json\/wp\/v2\/product-category?post=3944"}],"curies":[{"name":"wp","href":"https:\/\/api.w.org\/{rel}","templated":true}]}}