{"id":3946,"date":"2024-03-18T06:10:15","date_gmt":"2024-03-18T06:10:15","guid":{"rendered":"https:\/\/3dp.45612300.xyz\/product\/gh3536-alloy-powder\/"},"modified":"2024-03-18T06:10:15","modified_gmt":"2024-03-18T06:10:15","slug":"gh3536-alloy-powder","status":"publish","type":"product","link":"https:\/\/3dpmetal.com\/de\/product\/gh3536-alloy-powder\/","title":{"rendered":"GH3536-Legierungspulver"},"content":{"rendered":"<p><span style=\"vertical-align: inherit;\"><span style=\"vertical-align: inherit;\"><\/p>\n<p class=\"whitespace-pre-wrap\">GH3536-Legierungspulver wurde speziell f\u00fcr die additive Fertigung entwickelt und verwendet f\u00fcr die Optimierung der Zusammensetzung und Pulverzerst\u00e4ubungstechniken, um \u00fcberlegene Eigenschaften im Vergleich zu herk\u00f6mmlichen Nickelsuperlegierungen zu erreichen. Die Hauptmerkmale von GH3536-Legierungspulver umfassen:<\/p>\n<ul class=\"list-disc pl-8 space-y-2\">\n<li class=\"whitespace-normal\">Hohe Festigkeit bei Temperaturen bis 760&amp;deg;C (1400&amp;deg;F)<\/li>\n<li class=\"whitespace-normal\">Oxidations- und Korrosionsbest\u00e4ndigkeit in rauen Umgebungen<\/li>\n<li class=\"whitespace-normal\">Hohe Lebensdauer bei thermischer Erm\u00fcdung und hohe Risswachstumsbest\u00e4ndigkeit<\/li>\n<li class=\"whitespace-normal\">Gute Druckbarkeit und geringe Porosit\u00e4t bei gedruckten Teilen<\/li>\n<li class=\"whitespace-normal\">Kann zur Optimierung von Festigkeit und Duktilit\u00e4t aush\u00e4rtend gealtert werden.<\/li>\n<\/ul>\n<p class=\"whitespace-pre-wrap\">Aufgrund der Kombination aus Eigenschaften eignet sich GH3536 f\u00fcr die Luft- und Raumfahrt, Energieerzeugung, \u00d6l- und Gas- sowie chemische Verarbeitungskomponenten, die extremen Temperaturen und Belastungen ausgesetzt sind. Sowohl die Herstellung neuer Teile als auch die Reparatur abgenutzter Komponenten k\u00f6nnen von der Verwendung dieses fortschrittlichen Pulvers profitieren.<\/p>\n<p>&nbsp;<\/p>\n<p><img loading=\"lazy\" decoding=\"async\" class=\"size-medium wp-image-2078 aligncenter\" src=\"https:\/\/met3dp.com\/wp-content\/uploads\/2023\/10\/GH3536-1-300x300.jpg\" alt=\"GH3536 Legierungspulver\" width=\"300\" height=\"300\" title=\"\"><\/p>\n<p>&nbsp;<\/p>\n<h2>GH3536 Legierungs-Pulverzusammensetzung<\/h2>\n<p class=\"whitespace-pre-wrap\">GH3536 hat eine komplexe Zusammensetzung, die entwickelt wurde, um ein optimales Gleichgewicht der Eigenschaften zu bieten. Die nominale Zusammensetzung ist unten dargestellt:<\/p>\n<table>\n<thead>\n<tr>\n<th>Element<\/th>\n<th>Gew.-%<\/th>\n<\/tr>\n<\/thead>\n<tbody>\n<tr>\n<td>Nickel (Ni)<\/td>\n<td>Balanse<\/td>\n<\/tr>\n<tr>\n<td>Chrom (Cr)<\/td>\n<td>13.5 &#8211; 16.0<\/td>\n<\/tr>\n<tr>\n<td>Cobalt (Co)<\/td>\n<td>12.0 &#8211; 15.0<\/td>\n<\/tr>\n<tr>\n<td>Wolfram (W)<\/td>\n<td>5.0 &#8211; 7.0<\/td>\n<\/tr>\n<tr>\n<td>Tantal (Ta)<\/td>\n<td>3.0 &#8211; 5.0<\/td>\n<\/tr>\n<tr>\n<td>Aluminium (Al)<\/td>\n<td>2.8 &#8211; 3.8<\/td>\n<\/tr>\n<tr>\n<td>Titan (Ti)<\/td>\n<td>0.5 &#8211; 1.5<\/td>\n<\/tr>\n<tr>\n<td>Niobium (Nb)<\/td>\n<td>0.5 &#8211; 1.5<\/td>\n<\/tr>\n<tr>\n<td>Hafnium (Hf)<\/td>\n<td>0.2 &#8211; 0.8<\/td>\n<\/tr>\n<tr>\n<td>Kohlenstoff (C)<\/td>\n<td>0.05 &#8211; 0.15<\/td>\n<\/tr>\n<tr>\n<td>Bor (B)<\/td>\n<td>0.01 &#8211; 0.03<\/td>\n<\/tr>\n<tr>\n<td>Zirkonium (Zr)<\/td>\n<td>0.01 &#8211; 0.05<\/td>\n<\/tr>\n<\/tbody>\n<\/table>\n<p class=\"whitespace-pre-wrap\">Nickel bildet die Matrix, w\u00e4hrend Elemente wie Chrom, Kobalt und Aluminium die Oxidationsbest\u00e4ndigkeit verbessern. Die hitzebest\u00e4ndigen Elemente Tantal, Wolfram, Niob und Hafnium tragen zur Festigkeit bei hohen Temperaturen bei. Titan und Niob st\u00e4rken die Legierung durch Karbidbildung. Spuren von Kohlenstoff, Bor und Zirkonium verst\u00e4rken die Ausscheidungsh\u00e4rtung.<\/p>\n<p class=\"whitespace-pre-wrap\">Die Pulverzusammensetzung ist daf\u00fcr ausgelegt, Entmischung zu begrenzen und die Einheitlichkeit der Zusammensetzung w\u00e4hrend des Druckvorgangs beizubehalten, was gleichbleibende Eigenschaften im Fertigteil gew\u00e4hrleistet. Auch die kugelf\u00f6rmige Pulvermorphologie verbessert die Flie\u00dff\u00e4higkeit und Packungsdichte f\u00fcr gute Bedruckbarkeit.<\/p>\n<h2>Eigenschaften GH3536-Legierungspulver<\/h2>\n<p class=\"whitespace-pre-wrap\">GH3536 weist eine hervorragende Kombination aus Festigkeit, Duktilit\u00e4t und Umweltbest\u00e4ndigkeit auf, was auf seine ma\u00dfgeschneiderte Zusammensetzung und optimierten Produktionsprozess zur\u00fcckzuf\u00fchren ist. Die wichtigsten Eigenschaften sind nachfolgend zusammengefasst:<\/p>\n<p class=\"whitespace-pre-wrap\"><strong>Mechanische Eigenschaften<\/strong><\/p>\n<table>\n<thead>\n<tr>\n<th>Immobilie<\/th>\n<th>Wie gedruckt<\/th>\n<th>Gealtert<\/th>\n<\/tr>\n<\/thead>\n<tbody>\n<tr>\n<td>Zugfestigkeit<\/td>\n<td>1050\u20131250 MPa (152\u2013181 ksi)<\/td>\n<td>1275 \u2013 1400 MPa (185 \u2013 203 ksi)<\/td>\n<\/tr>\n<tr>\n<td>Streckgrenze (0,2 % bleibende Dehnung)<\/td>\n<td>900 - 1100 MPa (131 - 160 ksi)<\/td>\n<td>1150\u20131300 MPa (167\u2013189 ksi)<\/td>\n<\/tr>\n<tr>\n<td>Verl\u00e4ngerung<\/td>\n<td>25 &#8211; 35%<\/td>\n<td>16 &#8211; 22%<\/td>\n<\/tr>\n<tr>\n<td>H\u00e4rte<\/td>\n<td>32-38 HRC<\/td>\n<td>36 \u2013 43 HRC<\/td>\n<\/tr>\n<\/tbody>\n<\/table>\n<p class=\"whitespace-pre-wrap\"><strong>Physikalische Eigenschaften<\/strong><\/p>\n<table>\n<thead>\n<tr>\n<th>Immobilie<\/th>\n<th>Typischer Wert<\/th>\n<\/tr>\n<\/thead>\n<tbody>\n<tr>\n<td>Dichte<\/td>\n<td>8.3 g\/cm\u00b3<\/td>\n<\/tr>\n<tr>\n<td>Schmelzpunkt<\/td>\n<td>1310 \u00b0C (2390 \u00b0F)<\/td>\n<\/tr>\n<\/tbody>\n<\/table>\n<p class=\"whitespace-pre-wrap\"><strong>Thermal Eigenschaften<\/strong><\/p>\n<table>\n<thead>\n<tr>\n<th>Immobilie<\/th>\n<th>Temperatur<\/th>\n<\/tr>\n<\/thead>\n<tbody>\n<tr>\n<td>W\u00e4rmeausdehnungskoeffizient<\/td>\n<td>12,8 x 10-6\/\u00a1\u00abC bei 20-100\u00a1\u00abC<\/td>\n<\/tr>\n<tr>\n<td>W\u00e4rmeleitf\u00e4higkeit<\/td>\n<td>11,4 W\/m-K bei 20 \u00a1\u00abC<\/td>\n<\/tr>\n<tr>\n<td>Spezifische W\u00e4rme<\/td>\n<td>0,43 J\/g bei 20 \u00a1\u00abC<\/td>\n<\/tr>\n<\/tbody>\n<\/table>\n<p class=\"whitespace-pre-wrap\"><strong>Oxidationsbest\u00e4ndigkeit<\/strong><\/p>\n<ul class=\"list-disc pl-8 space-y-2\">\n<li class=\"whitespace-normal\">Best\u00e4ndig gegen Oxidation in Luft bis zu ~980 \u00b0C. Sch\u00fctzt die Cr2O3-Oxidschicht.<\/li>\n<li class=\"whitespace-normal\">Bessere Oxidationsbest\u00e4ndigkeit als Inconel 718 und viele andere Ni-Legierungen.<\/li>\n<\/ul>\n<p class=\"whitespace-pre-wrap\"><strong>Korrosionsbest\u00e4ndigkeit<\/strong><\/p>\n<ul class=\"list-disc pl-8 space-y-2\">\n<li class=\"whitespace-normal\">Hervorragende Best\u00e4ndigkeit gegen Hei\u00dfgaskorrosion und Sulfidierung.<\/li>\n<li class=\"whitespace-normal\">Ist best\u00e4ndig gegen viele organische S\u00e4uren, Chloride und Laugen.<\/li>\n<\/ul>\n<p class=\"whitespace-pre-wrap\"><strong>Weitere Eigenschaften<\/strong><\/p>\n<ul class=\"list-disc pl-8 space-y-2\">\n<li class=\"whitespace-normal\">Beh\u00e4lt Festigkeit und Duktilit\u00e4t nach l\u00e4ngerer Belastung mit bis zu 760\u00a1\u00abC.<\/li>\n<li class=\"whitespace-normal\">Hervorragende Lebensdauer im Hinblick auf W\u00e4rmeaustausch. Verhindert Rissbildung.<\/li>\n<li class=\"whitespace-normal\">Geringer Reibungsbeiwert und hoher Fressverschlei\u00dfwiderstand.<\/li>\n<\/ul>\n<p class=\"whitespace-pre-wrap\">Die Festigkeit von GH3536 im gealterten Zustand ist h\u00f6her als die von herk\u00f6mmlichen Nickelsuperlegierungen wie Inconel 718, w\u00e4hrend gleichzeitig eine hohe Duktilit\u00e4t erhalten bleibt. Die Legierung ist bei hohen Temperaturen st\u00e4rker als viele nichtrostende St\u00e4hle. Die Oxidationsbest\u00e4ndigkeit \u00e4hnelt der von Nickel-Chrom-Legierungen wie Inconel 601. Insgesamt bietet GH3536 eine au\u00dfergew\u00f6hnliche Eigenschaftsbalance f\u00fcr kritische Anwendungen.<\/p>\n<h2>Anwendungen von GH3536-Legierungspulver<\/h2>\n<p class=\"whitespace-pre-wrap\">Die Kombination von Festigkeit, Umweltbest\u00e4ndigkeit, Bedruckbarkeit und einfacher Nachbearbeitung macht GH3536 geeignet f\u00fcr:<\/p>\n<p class=\"whitespace-pre-wrap\"><strong>Komponenten f\u00fcr die Luft- und Raumfahrt<\/strong><\/p>\n<ul class=\"list-disc pl-8 space-y-2\">\n<li class=\"whitespace-normal\">Turbinenschaufeln, Leitschaufeln, Brennkammern<\/li>\n<li class=\"whitespace-normal\">Strukturteile, Fahrwerk<\/li>\n<li class=\"whitespace-normal\">D\u00fcsen f\u00fcr Raketentriebwerke, Triebwerke<\/li>\n<li class=\"whitespace-normal\">Hei\u00dfstrukturen von Hyperschall-Raumfahrzeugen<\/li>\n<\/ul>\n<p class=\"whitespace-pre-wrap\"><strong>Energieerzeugung<\/strong><\/p>\n<ul class=\"list-disc pl-8 space-y-2\">\n<li class=\"whitespace-normal\">Gasturbinen-Hei\u00dfteilteile<\/li>\n<li class=\"whitespace-normal\">W\u00e4rmetauscher, Rekuperatoren<\/li>\n<li class=\"whitespace-normal\">Hitzeschilde, Thermoh\u00fclsen<\/li>\n<\/ul>\n<p class=\"whitespace-pre-wrap\"><strong>\u00d6l- und Gasindustrie<\/strong><\/p>\n<ul class=\"list-disc pl-8 space-y-2\">\n<li class=\"whitespace-normal\">Bohrlochwerkzeuge, Kopfst\u00fcckkomponenten<\/li>\n<li class=\"whitespace-normal\">Ventile, Pumpen f\u00fcr korrosive Einsatzbereiche<\/li>\n<\/ul>\n<p class=\"whitespace-pre-wrap\"><strong>Automotive<\/strong><\/p>\n<ul class=\"list-disc pl-8 space-y-2\">\n<li class=\"whitespace-normal\">Turbolader-R\u00e4der und -Geh\u00e4use<\/li>\n<li class=\"whitespace-normal\">Abgasanlagenkomponenten<\/li>\n<\/ul>\n<p class=\"whitespace-pre-wrap\"><strong>Chemische Verarbeitung<\/strong><\/p>\n<ul class=\"list-disc pl-8 space-y-2\">\n<li class=\"whitespace-normal\">Ventile, Pumpen, Reaktionsgef\u00e4\u00dfe<\/li>\n<li class=\"whitespace-normal\">W\u00e4rmetauscherrohre<\/li>\n<\/ul>\n<p class=\"whitespace-pre-wrap\"><strong>Werkzeuge<\/strong><\/p>\n<ul class=\"list-disc pl-8 space-y-2\">\n<li class=\"whitespace-normal\">Konforme K\u00fchlungsformen<\/li>\n<li class=\"whitespace-normal\">Druckgussformen, Hei\u00dfpr\u00e4gewerkzeuge<\/li>\n<\/ul>\n<p class=\"whitespace-pre-wrap\"><strong>Andere<\/strong><\/p>\n<ul class=\"list-disc pl-8 space-y-2\">\n<li class=\"whitespace-normal\">Heizelemente<\/li>\n<li class=\"whitespace-normal\">Beh\u00e4lter f\u00fcr radioaktiven Abfall<\/li>\n<li class=\"whitespace-normal\">Spezialschrauben und Federn<\/li>\n<\/ul>\n<p class=\"whitespace-pre-wrap\">GH3536 kann vorhandene Teile aus minderwertigen Materialien ersetzen, um die Haltbarkeit und Effizienz zu verbessern. Das Pulver ist auch ideal f\u00fcr die Herstellung neuer Designs, die mit herk\u00f6mmlicher Fertigung nicht m\u00f6glich sind. Sowohl die Herstellung neuer Teile als auch die Reparatur\/\u00dcberarbeitung verschlissener Komponenten werden erm\u00f6glicht.<\/p>\n<h2>Drucken von GH3536-Legierungspulver<\/h2>\n<p class=\"whitespace-pre-wrap\">GH3536-Pulver kann erfolgreich durch Laserstrahl-Pulverschmelzen (L-PBF) und Elektronenstrahl-Pulverschmelzen (E-PBF) gedruckt werden. Die sph\u00e4rische Pulvermorphologie gew\u00e4hrleistet ein gutes Flie\u00dfen und Packen. Zu den wichtigsten \u00dcberlegungen geh\u00f6ren:<\/p>\n<p class=\"whitespace-pre-wrap\"><strong>Druckverfahren<\/strong><\/p>\n<ul class=\"list-disc pl-8 space-y-2\">\n<li class=\"whitespace-normal\">Anwendbare Laser- und Elektronenstrahl-Pulverbetttechnologien.<\/li>\n<li class=\"whitespace-normal\">Prozessparameter erfordern Entwicklung f\u00fcr neue Maschinen.<\/li>\n<li class=\"whitespace-normal\">Inerte Schutzgasatmosph\u00e4re (Argon oder Stickstoff).<\/li>\n<\/ul>\n<p class=\"whitespace-pre-wrap\"><strong>Pulverspezifikation<\/strong><\/p>\n<ul class=\"list-disc pl-8 space-y-2\">\n<li class=\"whitespace-normal\">Korngr\u00f6\u00dfenbereich 10-45 \u00b5m, D50 ~25 \u00b5m typisch.<\/li>\n<li class=\"whitespace-normal\">Sch\u00fcttdichte 2,5-3,5 g\/cm3.<\/li>\n<li class=\"whitespace-normal\">Durchfluss 25-35 s (Hall-Durchflussmesser).<\/li>\n<\/ul>\n<p class=\"whitespace-pre-wrap\"><strong>Druckeempfehlungen<\/strong><\/p>\n<ul class=\"list-disc pl-8 space-y-2\">\n<li class=\"whitespace-normal\">Vorw\u00e4rmen der Grundplatte auf ca. 150 \u00b0C verringert thermische Spannungen.<\/li>\n<li class=\"whitespace-normal\">Die typische Scangeschwindigkeiten liegen zwischen 400-1000 mm\/s.<\/li>\n<li class=\"whitespace-normal\">Schlupfabstand 0,08-0,12 mm f\u00fcr gute Verdichtung.<\/li>\n<li class=\"whitespace-normal\">100% frisches Pulver zur Wiederverwertung.<\/li>\n<\/ul>\n<p class=\"whitespace-pre-wrap\"><strong>Post-Verarbeitung<\/strong><\/p>\n<ul class=\"list-disc pl-8 space-y-2\">\n<li class=\"whitespace-normal\">Stressabbau: 1080 \u00b0C \/ 2 h, Luftk\u00fchlung<\/li>\n<li class=\"whitespace-normal\">H\u00e4rten: 760 \u00b0C \/ 8-16 h, Luftk\u00fchlung<\/li>\n<li class=\"whitespace-normal\">Hei\u00dfisostatisches Pressen kann die Porosit\u00e4t weiter reduzieren.<\/li>\n<\/ul>\n<p class=\"whitespace-pre-wrap\">Mithilfe der Parameteroptimierung sind Dichten von \u00fcber 99,8 % m\u00f6glich. Das Gef\u00fcge besteht aus feinem, gleichm\u00e4\u00dfigem Korn, geeignet f\u00fcr kritische Anwendungen.<\/p>\n<h2>Spezifikationen von GH3536-Pulver<\/h2>\n<p class=\"whitespace-pre-wrap\">GH3536-Legierungspulver mit einer standardm\u00e4\u00dfigen Gr\u00f6\u00dfenverteilung und einer Klassifizierung ist im Handel erh\u00e4ltlich (siehe folgende Zusammenfassung). Dar\u00fcber hinaus k\u00f6nnen auch individuelle Variationen hergestellt werden.<\/p>\n<table>\n<thead>\n<tr>\n<th>Korngr\u00f6\u00dfenverteilung<\/th>\n<th><\/th>\n<\/tr>\n<\/thead>\n<tbody>\n<tr>\n<td>D10<\/td>\n<td>10 \u00c3\u00d7m<\/td>\n<\/tr>\n<tr>\n<td>D50<\/td>\n<td>25 cm<\/td>\n<\/tr>\n<tr>\n<td>D90<\/td>\n<td>45 \u00c2\u00b5m<\/td>\n<\/tr>\n<\/tbody>\n<\/table>\n<table>\n<thead>\n<tr>\n<th>Pulverklassen<\/th>\n<th>Nennvolumenstrom<\/th>\n<th>Anscheindichte<\/th>\n<\/tr>\n<\/thead>\n<tbody>\n<tr>\n<td>Klasse I<\/td>\n<td>25 s<\/td>\n<td>2,5 g\/cm\u00b3<\/td>\n<\/tr>\n<tr>\n<td>Klasse II<\/td>\n<td>28 s<\/td>\n<td>2,8 g\/cm\u00b3<\/td>\n<\/tr>\n<tr>\n<td>Klasse III<\/td>\n<td>32 s<\/td>\n<td>3,2 g\/cm3<\/td>\n<\/tr>\n<\/tbody>\n<\/table>\n<p class=\"whitespace-pre-wrap\">Weitere Spezifikationen:<\/p>\n<ul class=\"list-disc pl-8 space-y-2\">\n<li class=\"whitespace-normal\">Sph\u00e4rische Morphologie mit Satellitenanteil unter 1%.<\/li>\n<li class=\"whitespace-normal\">Sauerstoffgehalt unter 100 ppm.<\/li>\n<li class=\"whitespace-normal\">Es sind keine Binde- oder Schmiermittel hinzugef\u00fcgt worden.<\/li>\n<\/ul>\n<p class=\"whitespace-pre-wrap\">Jedes Pulverlos wird mit einem Analysezertifikat geliefert, in dem Zusammensetzung, Partikeleigenschaften, Flie\u00dfrate und andere Parameter aufgef\u00fchrt sind.<\/p>\n<h2>Handhabung und Lagerung von GH3536<\/h2>\n<p class=\"whitespace-pre-wrap\">Bei der Handhabung und Lagerung Pulverqualit\u00e4t beibehalten:<\/p>\n<ul class=\"list-disc pl-8 space-y-2\">\n<li class=\"whitespace-normal\">Verschlie\u00dfen Sie die Pulverbeh\u00e4lter und bewahren Sie diese in einer k\u00fchlen, trockenen Umgebung auf. Trockenmittel empfohlen.<\/li>\n<li class=\"whitespace-normal\">Vermeiden Sie, das Pulver Feuchtigkeit auszusetzen, die zu Verklumpungen und Flie\u00dfproblemen f\u00fchren kann.<\/li>\n<li class=\"whitespace-normal\">Temperaturschwankungen w\u00e4hrend des Transports und der Lagerung begrenzen.<\/li>\n<li class=\"whitespace-normal\">Gebinde nur in einem Handschuhfach mit Schutzgasatmosph\u00e4re oder in einer Argonkammer \u00f6ffnen.<\/li>\n<li class=\"whitespace-normal\">Offene Beh\u00e4lter sofort verarbeiten, um Oxidation zu begrenzen. Offenes Pulver nicht wiederverwenden.<\/li>\n<li class=\"whitespace-normal\">Verwenden Sie angemessene PSA und vermeiden Sie das Einatmen oder den Haut- und Augenkontakt.<\/li>\n<\/ul>\n<p class=\"whitespace-pre-wrap\">Bei sachgerechter Lagerung ist GH3536 Pulver ab Herstellungsdatum ein Jahr haltbar. Das FIFO-Verfahren bei der Lagerhaltung wird empfohlen.<\/p>\n<h2>Sicherheitsdaten f\u00fcr GH3536<\/h2>\n<p class=\"whitespace-pre-wrap\">Als eine Legierungspulver, das Nickel und andere Elemente enth\u00e4lt, sollten beim Umgang normale Sicherheitsvorkehrungen getroffen werden:<\/p>\n<ul class=\"list-disc pl-8 space-y-2\">\n<li class=\"whitespace-normal\">Sch\u00fctzende Ausr\u00fcstung tragen: Passende Atemschutzmaske, Handschuhe, Augenschutz, Schutzkleidung<\/li>\n<li class=\"whitespace-normal\">Ber\u00fchrung mit der Haut sowie Einatmen des Staubs w\u00e4hrend der Handhabung vermeiden.<\/li>\n<li class=\"whitespace-normal\">Alle Ger\u00e4te, die mit Pulver in Ber\u00fchrung kommen, angemessen erden. Inertgas-Handschuhk\u00e4sten werden empfohlen.<\/li>\n<li class=\"whitespace-normal\">Verwenden Sie bei der Reinigung eine Staubabsaugung. Vermeiden Sie es, Staub in der Luft zu erzeugen.<\/li>\n<li class=\"whitespace-normal\">\u00dcbersch\u00fcssiges Pulver und S\u00e4uberungsreste ordnungsgem\u00e4\u00df entsorgen.<\/li>\n<li class=\"whitespace-normal\">Weitere Sicherheitsinformationen finden Sie im Sicherheitsdatenblatt.<\/li>\n<\/ul>\n<p class=\"whitespace-pre-wrap\">Nickelpulver wird als m\u00f6glicherweise krebserregend eingestuft. Befolgen Sie alle Gesetze und Vorschriften f\u00fcr die sichere Handhabung von Metallpulver.<\/p>\n<h2>Inspektion von GH3536 Pulver<\/h2>\n<p class=\"whitespace-pre-wrap\">Um sicherzustellen, dass GH3536-Pulver den Anwendungsanforderungen entspricht, k\u00f6nnen folgende Pr\u00fcfverfahren genutzt werden:<\/p>\n<p class=\"whitespace-pre-wrap\"><strong>Korngr\u00f6\u00dfenverteilung<\/strong><\/p>\n<ul class=\"list-disc pl-8 space-y-2\">\n<li class=\"whitespace-normal\">Laserbeugungsanalyse (ISO 13320)<\/li>\n<li class=\"whitespace-normal\">Siebanalyse (ASTM B214)<\/li>\n<\/ul>\n<p class=\"whitespace-pre-wrap\"><strong>Morphologie und Mikrostruktur<\/strong><\/p>\n<ul class=\"list-disc pl-8 space-y-2\">\n<li class=\"whitespace-normal\">Rasterelektronenmikroskopie<\/li>\n<li class=\"whitespace-normal\">Mikroskopische Untersuchung des montierten und polierten Pr\u00e4parats<\/li>\n<\/ul>\n<p class=\"whitespace-pre-wrap\"><strong>Pulverzusammensetzung<\/strong><\/p>\n<ul class=\"list-disc pl-8 space-y-2\">\n<li class=\"whitespace-normal\">Induktiv gekoppelte Plasma-Massenspektrometrie (ASTM E1097)<\/li>\n<li class=\"whitespace-normal\">Inerte Gasfusion f\u00fcr O und N (ASTM E1019)<\/li>\n<\/ul>\n<p class=\"whitespace-pre-wrap\"><strong>Pulverdichte<\/strong><\/p>\n<ul class=\"list-disc pl-8 space-y-2\">\n<li class=\"whitespace-normal\">Anscheindichte (Hall-Durchflussmesser)<\/li>\n<li class=\"whitespace-normal\">Sch\u00fcttdichte (ASTM B527)<\/li>\n<\/ul>\n<p class=\"whitespace-pre-wrap\"><strong>Rieself\u00e4higkeit von Puder<\/strong><\/p>\n<ul class=\"list-disc pl-8 space-y-2\">\n<li class=\"whitespace-normal\">Hallen-Durchflussmesser (ASTM B213)<\/li>\n<li class=\"whitespace-normal\">Revolutions-Pulveranalysator<\/li>\n<\/ul>\n<p class=\"whitespace-pre-wrap\"><strong>Chargenannahme<\/strong><\/p>\n<ul class=\"list-disc pl-8 space-y-2\">\n<li class=\"whitespace-normal\">Probennahme gem\u00e4\u00df ASTM B215<\/li>\n<li class=\"whitespace-normal\">\u00dcberpr\u00fcfen Sie, ob Pulver Spezifikationen zu Gr\u00f6\u00dfe, Zusammensetzung und Morphologie entsprechen<\/li>\n<\/ul>\n<p class=\"whitespace-pre-wrap\">Pr\u00fcfungen sollten f\u00fcr jede Pulvercharge durchgef\u00fchrt werden, um die Konformit\u00e4t mit den geltenden ASTM-Standards zu verifizieren. Das gew\u00e4hrleistet einen best\u00e4ndigen, qualitativ hochwertigen Pulverrohstoff zum Drucken.<\/p>\n<h2>FAQs<\/h2>\n<p class=\"whitespace-pre-wrap\"><strong>F: Was unterscheidet GH3536 von anderen Ni-Superlegierungen hinsichtlich der additiven Fertigung?<\/strong><\/p>\n<p class=\"whitespace-pre-wrap\">A: GH3536 besitzt eine gr\u00f6\u00dfere H\u00e4rte als die Workhorse-Legierungen wie Inconel 718 und bleibt gleichzeitig dehnbar. Die Pul Zusammensetzung und der Zerst\u00e4ubungsprozess minimieren Aussonderung und Porosit\u00e4t.<\/p>\n<p class=\"whitespace-pre-wrap\"><strong>F: Erfordert GH3536 nach dem Druck hei\u00dfisostatisches Pressen (HIP)?<\/strong><\/p>\n<p class=\"whitespace-pre-wrap\">A: HIP kann die innere Porosit\u00e4t weiter reduzieren, ist aber nicht erforderlich, um hohe Dichten (&gt;99,5 %) mit optimierten AM-Parametern zu erreichen. HIP kann m\u00f6glicherweise h\u00f6here Betriebstemperaturen erm\u00f6glichen.<\/p>\n<p class=\"whitespace-pre-wrap\"><strong>F: Welche Nachbearbeitung ist nach dem Drucken von GH3536 erforderlich?<\/strong><\/p>\n<p class=\"whitespace-pre-wrap\">A: Eine einfache W\u00e4rmbehandlung zum Stressabbau kann nach dem Drucken verwendet werden. F\u00fcr optimale Festigkeit wird eine W\u00e4rmeauslagerung empfohlen.<\/p>\n<p class=\"whitespace-pre-wrap\"><strong>F: Was sind die Vorlaufzeiten f\u00fcr den Kauf von GH3536 Pulver?<\/strong><\/p>\n<p class=\"whitespace-pre-wrap\">A: Kleinere Mengen k\u00f6nnen innerhalb von 2-4 Wochen versandt werden. Planen Sie je nach Verf\u00fcgbarkeit 3-5 Monate f\u00fcr gr\u00f6\u00dfere Produktionsmengen ein.<\/p>\n<p class=\"whitespace-pre-wrap\"><strong>F: Enth\u00e4lt GH3536 Aluminium oder Titan, sodass Problee beim Druck auftreten?<\/strong><\/p>\n<p class=\"whitespace-pre-wrap\">A: Die Al- und Ti-Konzentrationen sind ausgeglichen, um Pulvereinoxidation oder \u00fcberm\u00e4\u00dfige Reaktion mit der Schmelze w\u00e4hrend des Druckens zu vermeiden.<\/p>\n<p class=\"whitespace-pre-wrap\"><strong>Q: Welche Partikelgr\u00f6\u00dfenverteilung wird f\u00fcr den Druck von GH3536 empfohlen?<\/strong><\/p>\n<p class=\"whitespace-pre-wrap\">A: Eine Verteilung mit D10 von 10 \u00b5m, D50 von 25 \u00b5m und D90 von 45 \u00b5m sorgt f\u00fcr eine gute Balance aus Flie\u00dff\u00e4higkeit und Druck.<\/p>\n<p class=\"whitespace-pre-wrap\"><strong>Q: Kann GH3536 zum Drucken von Bauteilen mit \u00dcberh\u00e4ngen und komplexen Geometrien verwendet werden?<\/strong><\/p>\n<p class=\"whitespace-pre-wrap\">A: Ja, GH3536 hat sich als hervorragend druckbar f\u00fcr Teile mit \u00dcberh\u00e4ngen, die den \u00dcberhangwinkel von 45\u00a1\u00ab \u00fcberschreiten, erwiesen.<\/p>\n<h1>Schlussfolgerung<\/h1>\n<p class=\"whitespace-pre-wrap\">Das Nickel-Superlegierungspulver GH3536 bietet eine au\u00dfergew\u00f6hnliche Kombination aus hoher Festigkeit, Temperaturbest\u00e4ndigkeit, Oxidationsbest\u00e4ndigkeit, Druckf\u00e4higkeit und Reaktion in der Nachbearbeitung f\u00fcr anspruchsvolle additive Fertigungsanwendungen in der Luft- und Raumfahrt, der Stromerzeugung, der \u00d6l- und Gasindustrie, der Automobilindustrie und der chemischen Industrie. Die ma\u00dfgeschneiderte Zusammensetzung, die optimierten Pulvercharakteristika und das Potenzial f\u00fcr eine W\u00e4rmebehandlung erm\u00f6glichen abstimmbare Eigenschaften f\u00fcr neue Designs, die mit herk\u00f6mmlicher Fertigung nicht m\u00f6glich sind. Mit korrekten Handhabungs- und Druckverfahren erm\u00f6glicht GH3536 komplexe, hochleistungsf\u00e4hige Metallteile, die geringes Gewicht und Haltbarkeit wie nie zuvor kombinieren.<\/p>\n<div class=\"flex gap-0.5 -mx-1 -mt-2 text-stone-500 justify-between items-stretch\">\n<div class=\"flex gap-0.5\">\n<div class=\"contents\"><\/div>\n<\/div>\n<\/div>\n<p><\/span><\/span><\/p>","protected":false},"excerpt":{"rendered":"<p>Das Legierungspulver GH3536 wurde speziell f\u00fcr die additive Fertigung entwickelt. Durch Optimierung der Zusammensetzung und Pulverzerst\u00e4ubungstechniken wurden im Vergleich zu herk\u00f6mmlichen Nickel-Superlegierungen bessere Eigenschaften erzielt. Zu den wichtigsten Eigenschaften des Legierungspulvers GH3536 geh\u00f6ren: Hohe Festigkeit bei Temperaturen bis zu 760 \u00b0C (1400 \u00b0F) Oxidations- und Korrosionsbest\u00e4ndigkeit in rauen Umgebungen Ausgezeichnete thermische Erm\u00fcdungsbest\u00e4ndigkeit und Risswachstum \u2026<\/p>","protected":false},"featured_media":1954,"parent":0,"template":"","meta":{"_acf_changed":false,"_kad_blocks_custom_css":"","_kad_blocks_head_custom_js":"","_kad_blocks_body_custom_js":"","_kad_blocks_footer_custom_js":"","_kad_post_transparent":"","_kad_post_title":"","_kad_post_layout":"","_kad_post_sidebar_id":"","_kad_post_content_style":"","_kad_post_vertical_padding":"","_kad_post_feature":"","_kad_post_feature_position":"","_kad_post_header":false,"_kad_post_footer":false,"_kad_post_classname":""},"product-category":[119,120],"class_list":["post-3946","product","type-product","status-publish","has-post-thumbnail","hentry","product-category-3d-printing-metal-powder","product-category-high-temperature-alloy-powder"],"acf":[],"taxonomy_info":{"product-category":[{"value":119,"label":"3D Printing Metal Powder"},{"value":120,"label":"High Temperature Alloy Powder"}]},"featured_image_src_large":["https:\/\/3dpmetal.com\/wp-content\/uploads\/2024\/02\/GH3536-Alloy-Powder.jpg",333,339,false],"author_info":[],"comment_info":"","_links":{"self":[{"href":"https:\/\/3dpmetal.com\/de\/wp-json\/wp\/v2\/product\/3946","targetHints":{"allow":["GET"]}}],"collection":[{"href":"https:\/\/3dpmetal.com\/de\/wp-json\/wp\/v2\/product"}],"about":[{"href":"https:\/\/3dpmetal.com\/de\/wp-json\/wp\/v2\/types\/product"}],"wp:featuredmedia":[{"embeddable":true,"href":"https:\/\/3dpmetal.com\/de\/wp-json\/wp\/v2\/media\/1954"}],"wp:attachment":[{"href":"https:\/\/3dpmetal.com\/de\/wp-json\/wp\/v2\/media?parent=3946"}],"wp:term":[{"taxonomy":"product-category","embeddable":true,"href":"https:\/\/3dpmetal.com\/de\/wp-json\/wp\/v2\/product-category?post=3946"}],"curies":[{"name":"wp","href":"https:\/\/api.w.org\/{rel}","templated":true}]}}