{"id":3950,"date":"2024-03-18T06:10:15","date_gmt":"2024-03-18T06:10:15","guid":{"rendered":"https:\/\/3dp.45612300.xyz\/product\/cocrfeni-powder\/"},"modified":"2024-03-18T06:10:15","modified_gmt":"2024-03-18T06:10:15","slug":"cocrfeni-powder","status":"publish","type":"product","link":"https:\/\/3dpmetal.com\/de\/product\/cocrfeni-powder\/","title":{"rendered":"CoCrFeNi-Pulver"},"content":{"rendered":"<p><span style=\"vertical-align: inherit;\"><span style=\"vertical-align: inherit;\"><\/p>\n<h2>\u00dcberblick \u00fcber CoCrFeNi-Pulver<\/h2>\n<p class=\"whitespace-pre-wrap\">CoCrFeNi-Pulver, auch als CoCrFeNiMn-Pulver oder Pulver aus Hochentropielegierungen (HEA) bezeichnet, bezieht sich auf ein Material, das aus Kobalt-, Chrom-, Eisen- und Nickelelementen in nahezu \u00e4quiatomaren Verh\u00e4ltnissen zusammengesetzt ist. Dieses neuartige Legierungspulver zeigt im Vergleich zu herk\u00f6mmlichen Legierungen au\u00dfergew\u00f6hnliche Eigenschaften und hat gro\u00dfes Interesse f\u00fcr verschiedene Anwendungen geweckt.<\/p>\n<p class=\"whitespace-pre-wrap\">Zu den Hauptmerkmalen von CoCrFeNi-Pulver geh\u00f6ren:<\/p>\n<ul class=\"list-disc pl-8 space-y-2\">\n<li class=\"whitespace-normal\">Hohe konfigurationelle Entropie f\u00fchrt zu herausragender Festigkeit, H\u00e4rte, Thermostabilit\u00e4t und Korrosionsbest\u00e4ndigkeit<\/li>\n<li class=\"whitespace-normal\">Mikrostruktur einer einzigen festen FCC-Einphasenl\u00f6sung<\/li>\n<li class=\"whitespace-normal\">Ausgezeichnete Festigkeits-Duktilit\u00e4ts-Kombination<\/li>\n<li class=\"whitespace-normal\">Hohe Bruchz\u00e4higkeit<\/li>\n<li class=\"whitespace-normal\">Gute Bearbeitbarkeit und Verformbarkeit<\/li>\n<li class=\"whitespace-normal\">Best\u00e4ndigkeit gegen Erweichen bei erh\u00f6hten Temperaturen<\/li>\n<li class=\"whitespace-normal\">Durch kleinere Erg\u00e4nzungen von Elementen wie Mangan anpassbar<\/li>\n<\/ul>\n<p class=\"whitespace-pre-wrap\">Die einzigartige Fehlordnung in der atomaren Anordnung von CoCrFeNi verleiht hervorragende mechanische Eigenschaften. Die nahezu gleichen Konzentrationen der Hauptelemente behindern die Versetzungsbewegung und verbessern die H\u00e4rte. Die Mehrphasenstruktur sorgt durch Gitterdehnungseffekte f\u00fcr eine Mischkristallverfestigung.<\/p>\n<h3>Zusammensetzung des CoCrFeNi-Pulvers<\/h3>\n<p class=\"whitespace-pre-wrap\">Die Zusammensetzung von CoCrFeNi HEA-Pulver kann angepasst werden, besteht jedoch im Allgemeinen aus:<\/p>\n<table>\n<thead>\n<tr>\n<th>Element<\/th>\n<th>Typische Zusammensetzungsbereiche<\/th>\n<\/tr>\n<\/thead>\n<tbody>\n<tr>\n<td>Cobalt (Co)<\/td>\n<td>20-35 at.-%<\/td>\n<\/tr>\n<tr>\n<td>Chrom (Cr)<\/td>\n<td>20-35 at.-%<\/td>\n<\/tr>\n<tr>\n<td>Eisen (Fe)<\/td>\n<td>20-35 at.-%<\/td>\n<\/tr>\n<tr>\n<td>Nickel (Ni)<\/td>\n<td>20-35 at.-%<\/td>\n<\/tr>\n<\/tbody>\n<\/table>\n<p class=\"whitespace-pre-wrap\">Das \u00e4quiatomare Verh\u00e4ltnis f\u00fchrt zu maximaler Konfigurationsentropie, aber kleinere Abweichungen haben keinen signifikanten Einfluss auf die Eigenschaften. Die Zugabe von 1-2 At.-% Mangan ist \u00fcblich, um die Eigenschaften durch Kornfeinung und Ausscheidungsh\u00e4rtung weiter zu verbessern.<\/p>\n<h3>Eigenschaften von CoCrFeNi-Pulver<\/h3>\n<p class=\"whitespace-pre-wrap\">CoCrFeNi-Legierungspulver weist eine einzigartige Kombination hervorragender Eigenschaften auf:<\/p>\n<table>\n<thead>\n<tr>\n<th>Immobilie<\/th>\n<th>Werte<\/th>\n<\/tr>\n<\/thead>\n<tbody>\n<tr>\n<td>Dichte<\/td>\n<td>7,5-8,3 g\/cm3<\/td>\n<\/tr>\n<tr>\n<td>Schmelzpunkt<\/td>\n<td>1200 vor Christus<\/td>\n<\/tr>\n<tr>\n<td>Mikroh\u00e4rte<\/td>\n<td>2,5\u20134 GPa<\/td>\n<\/tr>\n<tr>\n<td>Maximale Zugfestigkeit<\/td>\n<td>500\u20131300 MPa<\/td>\n<\/tr>\n<tr>\n<td>Streckgrenze<\/td>\n<td>200-1100 MPa<\/td>\n<\/tr>\n<tr>\n<td>Verl\u00e4ngerung<\/td>\n<td>10-60%<\/td>\n<\/tr>\n<tr>\n<td>Elastizit\u00e4tsmodul<\/td>\n<td>150\u2013250 GPa<\/td>\n<\/tr>\n<tr>\n<td>Gleitmodul<\/td>\n<td>65\u201385 GPa<\/td>\n<\/tr>\n<tr>\n<td>Poissonzahl<\/td>\n<td>0.21-0.33<\/td>\n<\/tr>\n<tr>\n<td>Bruchz\u00e4higkeit<\/td>\n<td>&gt;100 MPa\u00a9|m<\/td>\n<\/tr>\n<tr>\n<td>W\u00e4rmeleitf\u00e4higkeit<\/td>\n<td>10-30 W\/mK<\/td>\n<\/tr>\n<tr>\n<td>Elektrischer Widerstand<\/td>\n<td>70-100 n\u00b4\u00cem<\/td>\n<\/tr>\n<tr>\n<td>Korrosionsbest\u00e4ndigkeit<\/td>\n<td>Ausgezeichnet in verschiedenen Umgebungen<\/td>\n<\/tr>\n<\/tbody>\n<\/table>\n<p class=\"whitespace-pre-wrap\">Die hohe H\u00e4rte entsteht durch Mischkristallh\u00e4rtung, w\u00e4hrend die Kfz-Struktur eine gute Duktilit\u00e4t verleiht. Die Eigenschaften k\u00f6nnen durch Anpassungen der Zusammensetzung und Verarbeitung angepasst werden.<\/p>\n<h3>Eigenschaften von CoCrFeNi-Pulver<\/h3>\n<p class=\"whitespace-pre-wrap\">Zu den herausragenden Merkmalen von CoCrFeNi-Legierungspulver geh\u00f6ren:<\/p>\n<ul class=\"list-disc pl-8 space-y-2\">\n<li class=\"whitespace-normal\">Einphasige FCC-Struktur ohne intermetallische Phasen<\/li>\n<li class=\"whitespace-normal\">Verzwilligungszwillinge und Stapelfehler pr\u00e4sentieren<\/li>\n<li class=\"whitespace-normal\">Gleichm\u00e4\u00dfige Pulvermorphologie mit guter Flie\u00dfeigenschaften<\/li>\n<li class=\"whitespace-normal\">Partikelgr\u00f6\u00dfenverteilung im Bereich von 15-150 \u00c3\u00d7m<\/li>\n<li class=\"whitespace-normal\">Hohe Reinheit mit niedrigem Sauerstoffgehalt<\/li>\n<li class=\"whitespace-normal\">Kugelform des Pulvers und glatte Oberfl\u00e4che<\/li>\n<li class=\"whitespace-normal\">Anpassbare Partikelgr\u00f6\u00dfe, -form und -zusammensetzung<\/li>\n<\/ul>\n<p class=\"whitespace-pre-wrap\">Das Pulver weist eine hohe chemische Homogenit\u00e4t mit gleichm\u00e4\u00dfiger Verteilung der Legierungselemente auf. Die sph\u00e4rische Morphologie sorgt f\u00fcr gute Verpackungs- und Flie\u00dfeigenschaften.<\/p>\n<h2>Anwendungen von CoCrFeNi Pulver<\/h2>\n<p class=\"whitespace-pre-wrap\">Die au\u00dfergew\u00f6hnliche Kombination aus Festigkeit, Z\u00e4higkeit und Verarbeitbarkeit von CoCrFeNi-Pulver macht es geeignet f\u00fcr:<\/p>\n<p class=\"whitespace-pre-wrap\"><strong>Additive Fertigung:<\/strong> Hervorragende Druckbarkeit auf Grund guter Flie\u00df- und Schmelzeigenschaften. Wird f\u00fcr Luft- und Raumfahrt, Werkzeug- und Biomedizin-Implantate genutzt.<\/p>\n<p class=\"whitespace-pre-wrap\"><strong>Thermisches Spritzbeschichten:<\/strong> Verschlei\u00df-, Korrosions- und thermoerweichende Best\u00e4ndigkeit. Beschichtungen f\u00fcr mechanische, Marine- und chemische Anwendungen.<\/p>\n<p class=\"whitespace-pre-wrap\"><strong>Legierungsentwicklung:<\/strong> Grundstoff f\u00fcr neue Hochentropie Legierungen mit Zus\u00e4tzen von z.B. Al, Ti<\/p>\n<p class=\"whitespace-pre-wrap\"><strong>Metallspritzguss:<\/strong> Hohe Steifigkeit f\u00fcr guter Dimensionsstabilit\u00e4t f\u00fcr Luftfahrt und Automobil.<\/p>\n<p class=\"whitespace-pre-wrap\"><strong>Pulvermetallurgie:<\/strong> Hochleistungs-P\/M-Teile mit ausgewogener Festigkeit und Duktilit\u00e4t.<\/p>\n<p class=\"whitespace-pre-wrap\"><strong>Kryogene Anwendungen:<\/strong> Erhaltung der Duktilit\u00e4t und Z\u00e4higkeit bei Minusgraden.<\/p>\n<h2>Spezifikationen f\u00fcr CoCrFeNi-Pulver<\/h2>\n<p class=\"whitespace-pre-wrap\">CoCrFeNi-Legierungspulver ist in verschiedenen Gr\u00f6\u00dfenbereichen, Zusammensetzungen und Formen erh\u00e4ltlich:<\/p>\n<table>\n<thead>\n<tr>\n<th>Parameter<\/th>\n<th>Varianten<\/th>\n<\/tr>\n<\/thead>\n<tbody>\n<tr>\n<td>Gr\u00f6\u00dfenpalette<\/td>\n<td>15\u201325 \u00c3\u02dcm, 25\u201345 \u00c3\u02dcm, 45\u201375 \u00c3\u02dcm, 75\u2013105 \u00c3\u02dcm, 105\u2013150 \u00c3\u02dcm<\/td>\n<\/tr>\n<tr>\n<td>Komposition<\/td>\n<td>\u00c4quiatomar, benutzerdefinierte Grundelementeverh\u00e4ltnisse<\/td>\n<\/tr>\n<tr>\n<td>Pulverform<\/td>\n<td>Sph\u00e4risch, unregelm\u00e4\u00dfig<\/td>\n<\/tr>\n<tr>\n<td>Produktionsverfahren<\/td>\n<td>Gas-\/Wasserzerst\u00e4ubung, mechanisches Legieren<\/td>\n<\/tr>\n<tr>\n<td>Lieferformular<\/td>\n<td>Loses Pulver, gesinterte Vorformlinge<\/td>\n<\/tr>\n<\/tbody>\n<\/table>\n<p class=\"whitespace-pre-wrap\">Gr\u00f6\u00dfere Pulvergr\u00f6\u00dfen von 45\u2013150 \u00c5 \u00d7 m werden bevorzugt f\u00fcr thermisches Spritzen und Metallspritzguss. Feinere Gr\u00f6\u00dfen von 15\u201345 \u00c5 \u00d7 m werden f\u00fcr die additive Fertigung verwendet. Pulver k\u00f6nnen hinsichtlich Form, Gr\u00f6\u00dfe, Sauerstoffgehalt und Flie\u00dff\u00e4higkeit angepasst werden.<\/p>\n<h2>Lieferanten von CoCrFeNi-Pulver<\/h2>\n<p class=\"whitespace-pre-wrap\">Einige der weltweit f\u00fchrenden Anbieter von CoCrFeNi-Legierungspulver mit hoher Entropie sind:<\/p>\n<table>\n<thead>\n<tr>\n<th>Unternehmen<\/th>\n<th>Produktionskapazit\u00e4t<\/th>\n<th>Ort<\/th>\n<\/tr>\n<\/thead>\n<tbody>\n<tr>\n<td>Sandvik<\/td>\n<td>200 Tonnen pro Jahr<\/td>\n<td>Schweden<\/td>\n<\/tr>\n<tr>\n<td>Praxair<\/td>\n<td>150 Tonnen pro Jahr<\/td>\n<td>Vereinigte Staaten<\/td>\n<\/tr>\n<tr>\n<td>Hoganas<\/td>\n<td>100 Tonnen pro Jahr<\/td>\n<td>Schweden<\/td>\n<\/tr>\n<tr>\n<td>CNPC-Pulver<\/td>\n<td>50 Tonnen pro Jahr<\/td>\n<td>China<\/td>\n<\/tr>\n<tr>\n<td>Carpenter Technologies<\/td>\n<td>40 Tonnen pro Jahr<\/td>\n<td>Vereinigte Staaten<\/td>\n<\/tr>\n<\/tbody>\n<\/table>\n<p class=\"whitespace-pre-wrap\">Die Pulver werden im Allgemeinen mit Gas- oder Wasserzerst\u00e4ubungsverfahren hergestellt. Bei diesen Zulieferern k\u00f6nnen individuell zusammengestellte Pulverzusammensetzungen und -gr\u00f6\u00dfen bezogen werden.<\/p>\n<h3>Preise<\/h3>\n<table>\n<thead>\n<tr>\n<th>Pulvergr\u00f6\u00dfe<\/th>\n<th>Preisspanne<\/th>\n<\/tr>\n<\/thead>\n<tbody>\n<tr>\n<td>15-45 Mikrometer<\/td>\n<td>150-200 \u20ac pro kg<\/td>\n<\/tr>\n<tr>\n<td>45-105 Mikron<\/td>\n<td>100-150 \u20ac pro kg<\/td>\n<\/tr>\n<tr>\n<td>105-150+ Mikron<\/td>\n<td>80\u2013120 \u20ac pro kg<\/td>\n<\/tr>\n<\/tbody>\n<\/table>\n<p class=\"whitespace-pre-wrap\">Gr\u00f6\u00dfere Pulvergr\u00f6\u00dfen sind wegen h\u00f6herer Erzeugungsraten bei der Zerst\u00e4ubung billiger. Kundenspezifische Legierungen und Zusammensetzungen haben einen h\u00f6heren Preis. Aufgrund des zunehmenden Wettbewerbs auf dem Markt und der Kapazit\u00e4ten sinken die Pulverpreise.<\/p>\n<h2>Vorteile und Nachteile von CoCrFeNi-Pulver<\/h2>\n<table>\n<thead>\n<tr>\n<th>Vorteile<\/th>\n<th>Einschr\u00e4nkungen<\/th>\n<\/tr>\n<\/thead>\n<tbody>\n<tr>\n<td>Au\u00dfergew\u00f6hnliche Festigkeit und H\u00e4rte<\/td>\n<td>Hohe Materialkosten durch Co und Ni<\/td>\n<\/tr>\n<tr>\n<td>Hervorragender Dehnungsverm\u00f6gen und Z\u00e4higkeit<\/td>\n<td>Begrenzte Daten zur Langzeitleistung<\/td>\n<\/tr>\n<tr>\n<td>Gute Herstellbarkeit durch AM, MIM, PM<\/td>\n<td>Verarbeitungsherausforderungen mit mikrostruktureller Steuerung<\/td>\n<\/tr>\n<tr>\n<td>Thermische und mikrostrukturelle Stabilit\u00e4t<\/td>\n<td>Die Zusammensetzung muss pr\u00e4zise gesteuert werden<\/td>\n<\/tr>\n<tr>\n<td>Hohe Korrosions- und Verschlei\u00dffestigkeit<\/td>\n<td>Geringere Verarbeitbarkeit als herk\u00f6mmliche Legierungen<\/td>\n<\/tr>\n<tr>\n<td>Bewahrt bei h\u00f6heren Temperaturen Festigkeit<\/td>\n<td>H\u00e4ufig ist eine HIP-Nachbearbeitung erforderlich<\/td>\n<\/tr>\n<\/tbody>\n<\/table>\n<p class=\"whitespace-pre-wrap\">CoCrFeNi HEA-Pulver erm\u00f6glicht Komponenten mit un\u00fcbertroffenen Eigenschaftskombinationen. Die Material- und Verarbeitungskosten sind jedoch hoch. Mikrostruktur und Eigenschaften h\u00e4ngen in hohem Ma\u00dfe von einer pr\u00e4zisen Zusammensetzungskontrolle ab.<\/p>\n<h2>Vergleich mit Alternativen<\/h2>\n<p class=\"whitespace-pre-wrap\"><strong>Gegen Edelstahlpulver<\/strong><\/p>\n<ul class=\"list-disc pl-8 space-y-2\">\n<li class=\"whitespace-normal\">H\u00f6here Festigkeit und H\u00e4rte<\/li>\n<li class=\"whitespace-normal\">\u00dcberlegene Verschlei\u00df- und Korrosionsbest\u00e4ndigkeit<\/li>\n<li class=\"whitespace-normal\">Teurere Grundmaterialkosten<\/li>\n<li class=\"whitespace-normal\">Geringere Verarbeitbarkeit und Schwei\u00dfbarkeit<\/li>\n<\/ul>\n<p class=\"whitespace-pre-wrap\"><strong>Gegen aufgespritztes Werkzeugstahlpulver<\/strong><\/p>\n<ul class=\"list-disc pl-8 space-y-2\">\n<li class=\"whitespace-normal\">Bessere Duktilit\u00e4t und Bruchz\u00e4higkeit<\/li>\n<li class=\"whitespace-normal\">Geringere Hochtemperaturfestigkeit<\/li>\n<li class=\"whitespace-normal\">Weniger etablierte Verarbeitungsmethoden<\/li>\n<li class=\"whitespace-normal\">Begrenzte Gr\u00f6\u00dfe und Verf\u00fcgbarkeit von Legierungsvarianten<\/li>\n<\/ul>\n<p class=\"whitespace-pre-wrap\"><strong>Inconel-Superlegierungs-Pulver<\/strong><\/p>\n<ul class=\"list-disc pl-8 space-y-2\">\n<li class=\"whitespace-normal\">Vergleichbare Hochtemperaturfestigkeit<\/li>\n<li class=\"whitespace-normal\">Kosteng\u00fcnstigeres Material<\/li>\n<li class=\"whitespace-normal\">K\u00fcrzere Erfolgsbilanz<\/li>\n<li class=\"whitespace-normal\">Eingeschr\u00e4nkte Mikrostrukt. Stabilit\u00e4t bei sehr hohen Temperaturen<\/li>\n<\/ul>\n<h2>FAQs<\/h2>\n<p class=\"whitespace-pre-wrap\"><strong>Q: Was ist ein Hochentropielegierungspulver (HEA)?<\/strong><\/p>\n<p class=\"whitespace-pre-wrap\">A: HEA-Pulver enth\u00e4lt mehrere Hauptelemente in nahezu \u00e4quiatomaren Verh\u00e4ltnissen, um au\u00dfergew\u00f6hnliche Eigenschaften hinsichtlich Festigkeit, Duktilit\u00e4t und Stabilit\u00e4t zu erzielen. CoCrFeNi-Pulver ist eine f\u00fchrende HEA.<\/p>\n<p class=\"whitespace-pre-wrap\"><strong>Q: Welche typischen Gr\u00f6\u00dfen stehen f\u00fcr CoCrFeNi-Pulver zur Verf\u00fcgung?<\/strong><\/p>\n<p class=\"whitespace-pre-wrap\">A: Herk\u00f6mmliche Gr\u00f6\u00dfenbereiche f\u00fcr AM betragen 15-45 \u00b5m, f\u00fcr thermisches Spr\u00fchen 45-105 \u00b5m und f\u00fcr MIM und andere Anwendungen 105-150 \u00b5m. Feinere und gr\u00f6bere Gr\u00f6\u00dfen k\u00f6nnen angepasst werden.<\/p>\n<p class=\"whitespace-pre-wrap\"><strong>F: Was beeinflusst den Preis von CoCrFeNi-Legierungspulver?<\/strong><\/p>\n<p class=\"whitespace-pre-wrap\">A: Pulvergr\u00f6\u00dfe, Zusammensetzung, Reinheit, Herstellungsverfahren und Bestellmenge bestimmen den Preis. Gr\u00f6\u00dfere Gr\u00f6\u00dfen \u00fcber 100 \u00c3\u00d7m kosten weniger. Geringf\u00fcgige Erg\u00e4nzungen oder engere Zusammensetzungsbereiche erh\u00f6hen die Kosten.<\/p>\n<p class=\"whitespace-pre-wrap\"><strong>F: Wie wird CoCrFeNi-HEA-Pulver hergestellt?<\/strong><\/p>\n<p class=\"whitespace-pre-wrap\">A: Gaszerst\u00e4ubung und Wasserzerst\u00e4ubung sind die wichtigsten Produktionsmethoden. Das Pulver kann auch durch mechanische Legierung oder Kryomahlung vorlegierter Barren hergestellt werden.<\/p>\n<p class=\"whitespace-pre-wrap\"><strong>F: Nennen Sie einige Anwendungsbeispiele f\u00fcr CoCrFeNi-Pulver?<\/strong><\/p>\n<p class=\"whitespace-pre-wrap\">A: Bedeutende Anwendungen sind die additive Fertigung von Werkzeugen und Komponenten f\u00fcr die Luft- und Raumfahrt, thermische Spritzbeschichtungen f\u00fcr Verschlei\u00df-\/Korrosionsbest\u00e4ndigkeit, Legierungsentwicklung, Metallspritzguss von Fahrzeugteilen und Pulvermetallurgie von Hochleistungskomponenten.<\/p>\n<p class=\"whitespace-pre-wrap\"><strong>Q: Was sind die wichtigsten Eigenschaften von CoCrFeNi HEA-Pulver?<\/strong><\/p>\n<p class=\"whitespace-pre-wrap\">A: Es zeigt eine au\u00dfergew\u00f6hnliche Kombination aus hoher Festigkeit, H\u00e4rte, Duktilit\u00e4t, Bruchz\u00e4higkeit, thermischer Stabilit\u00e4t und Korrosionsbest\u00e4ndigkeit im Vergleich zu herk\u00f6mmlichen Legierungen.<\/p>\n<p class=\"whitespace-pre-wrap\"><strong>F: Welches sind die Einschr\u00e4nkungen von CoCrFeNi-Pulver?<\/strong><\/p>\n<p class=\"whitespace-pre-wrap\">A: Zu den Nachteilen geh\u00f6ren hohe Basismaterialkosten, Verarbeitungsherausforderungen bei der Steuerung der Mikrostruktur, begrenzte Daten zur Langzeitbest\u00e4ndigkeit, geringere Schwei\u00dfbarkeit im Vergleich zu St\u00e4hlen.<\/p>\n<p class=\"whitespace-pre-wrap\"><strong>F: Wie steht CoCrFeNi-Pulver im Vergleich zu Werkzeugst\u00e4hlen und rostfreien St\u00e4hlen da?<\/strong><\/p>\n<p class=\"whitespace-pre-wrap\">A: Es besitzt eine wesentlich h\u00f6here Festigkeit und H\u00e4rte, aber eine geringere Verarbeitbarkeit als rostfreie St\u00e4hle. Im Vergleich zu Werkzeugst\u00e4hlen bietet es eine \u00fcberlegene Z\u00e4higkeit und Duktilit\u00e4t.<\/p>\n<p class=\"whitespace-pre-wrap\"><strong>F: Ist CoCrFeNi f\u00fcr Tieftemperaturanwendungen geeignet?<\/strong><\/p>\n<p class=\"whitespace-pre-wrap\">A: Ja, es beh\u00e4lt eine hohe Duktilit\u00e4t und Z\u00e4higkeit bei Temperaturen unter Null, w\u00e4hrend konventionelle Legierungen spr\u00f6de werden. Dies macht es f\u00fcr Kryoausr\u00fcstungen n\u00fctzlich.<\/p>\n<p class=\"whitespace-pre-wrap\"><strong>F: Kann die Zusammensetzung des CoCrFeNi-Pulvers angepasst werden?<\/strong><\/p>\n<p class=\"whitespace-pre-wrap\">A: Ja, Lieferanten k\u00f6nnen neben der \u00e4quiatomaren Zusammensetzung kundenspezifische Elementverh\u00e4ltnisse bereitstellen. H\u00e4ufig werden 1\u20132 At.-% Mn oder Co hinzugef\u00fcgt, um die Eigenschaften zu optimieren.<\/p>\n<p><\/span><\/span><\/p>","protected":false},"excerpt":{"rendered":"<p>\u00dcberblick \u00fcber CoCrFeNi-Pulver CoCrFeNi-Pulver, auch bekannt als CoCrFeNiMn-Pulver oder HEA-Pulver (High Entropy Alloy), ist ein Material, das aus den Elementen Kobalt, Chrom, Eisen und Nickel in nahezu \u00e4quiatomischen Verh\u00e4ltnissen besteht. Dieses neuartige Legierungspulver weist im Vergleich zu herk\u00f6mmlichen Legierungen au\u00dfergew\u00f6hnliche Eigenschaften auf und hat f\u00fcr verschiedene Anwendungen gro\u00dfes Interesse geweckt. Einige Hauptmerkmale von...<\/p>","protected":false},"featured_media":1789,"parent":0,"template":"","meta":{"_acf_changed":false,"_kad_blocks_custom_css":"","_kad_blocks_head_custom_js":"","_kad_blocks_body_custom_js":"","_kad_blocks_footer_custom_js":"","_kad_post_transparent":"","_kad_post_title":"","_kad_post_layout":"","_kad_post_sidebar_id":"","_kad_post_content_style":"","_kad_post_vertical_padding":"","_kad_post_feature":"","_kad_post_feature_position":"","_kad_post_header":false,"_kad_post_footer":false,"_kad_post_classname":""},"product-category":[119,127],"class_list":["post-3950","product","type-product","status-publish","has-post-thumbnail","hentry","product-category-3d-printing-metal-powder","product-category-high-entropy-alloy-powder"],"acf":[],"taxonomy_info":{"product-category":[{"value":119,"label":"3D Printing Metal Powder"},{"value":127,"label":"High Entropy Alloy Powder"}]},"featured_image_src_large":["https:\/\/3dpmetal.com\/wp-content\/uploads\/2024\/02\/FeCoNiCrAl-powder.jpg",600,600,false],"author_info":[],"comment_info":"","_links":{"self":[{"href":"https:\/\/3dpmetal.com\/de\/wp-json\/wp\/v2\/product\/3950","targetHints":{"allow":["GET"]}}],"collection":[{"href":"https:\/\/3dpmetal.com\/de\/wp-json\/wp\/v2\/product"}],"about":[{"href":"https:\/\/3dpmetal.com\/de\/wp-json\/wp\/v2\/types\/product"}],"wp:featuredmedia":[{"embeddable":true,"href":"https:\/\/3dpmetal.com\/de\/wp-json\/wp\/v2\/media\/1789"}],"wp:attachment":[{"href":"https:\/\/3dpmetal.com\/de\/wp-json\/wp\/v2\/media?parent=3950"}],"wp:term":[{"taxonomy":"product-category","embeddable":true,"href":"https:\/\/3dpmetal.com\/de\/wp-json\/wp\/v2\/product-category?post=3950"}],"curies":[{"name":"wp","href":"https:\/\/api.w.org\/{rel}","templated":true}]}}