{"id":4284,"date":"2024-04-07T08:17:04","date_gmt":"2024-04-07T08:17:04","guid":{"rendered":"https:\/\/3dpmetal.com\/product\/inconel-625-powder%ef%be%98%ef%bd%adnickel-based-superalloy-in625-powder\/"},"modified":"2024-04-20T08:26:43","modified_gmt":"2024-04-20T08:26:43","slug":"inconel-625-powder%ef%be%98%ef%bd%adnickel-based-superalloy-in625-powder","status":"publish","type":"product","link":"https:\/\/3dpmetal.com\/de\/product\/inconel-625-powder%ef%be%98%ef%bd%adnickel-based-superalloy-in625-powder\/","title":{"rendered":"Inconel 625 Pulver Nickelbasierte Superlegierung Inconel 625 Pulver"},"content":{"rendered":"<h2>\u00dcberblick<\/h2>\n<p><a href=\"https:\/\/en.wikipedia.org\/wiki\/Metal_powder\" target=\"_blank\" rel=\"noopener\">Inconel 625-Pulver<\/a> ist eine Superlegierung auf Nickelbasis, die f\u00fcr ihre au\u00dfergew\u00f6hnliche Best\u00e4ndigkeit gegen Korrosion, hohe Temperaturen und spannungsbedingte Rissbildung bekannt ist. Dieses Pulver wird h\u00e4ufig in anspruchsvollen industriellen Anwendungen eingesetzt und bietet hervorragende mechanische Eigenschaften, die es ideal f\u00fcr kritische Komponenten machen, die extremen Umgebungen ausgesetzt sind.<\/p>\n<h2>Komposition<\/h2>\n<p>Die Zusammensetzung von Inconel 625-Pulver ist darauf zugeschnitten, die Leistung unter rauen Bedingungen zu verbessern. Die nominale Zusammensetzung umfasst in der Regel:<\/p>\n<table>\n<thead>\n<tr>\n<th>Element<\/th>\n<th>Gew.-%<\/th>\n<\/tr>\n<\/thead>\n<tbody>\n<tr>\n<td>Nickel (Ni)<\/td>\n<td>\u226558<\/td>\n<\/tr>\n<tr>\n<td>Chrom (Cr)<\/td>\n<td>20-23<\/td>\n<\/tr>\n<tr>\n<td>Molybd\u00e4n (Mo)<\/td>\n<td>8-10<\/td>\n<\/tr>\n<tr>\n<td>Eisen (Fe)<\/td>\n<td>Balanse<\/td>\n<\/tr>\n<tr>\n<td>Niob (Nb) + Tantal (Ta)<\/td>\n<td>3.15-4.15<\/td>\n<\/tr>\n<tr>\n<td>Titan (Ti)<\/td>\n<td>\u22640.4<\/td>\n<\/tr>\n<tr>\n<td>Aluminium (Al)<\/td>\n<td>\u22640.4<\/td>\n<\/tr>\n<tr>\n<td>Mangan (Mn)<\/td>\n<td>\u22640.5<\/td>\n<\/tr>\n<tr>\n<td>Silizium (Si)<\/td>\n<td>\u22640.5<\/td>\n<\/tr>\n<tr>\n<td>Kohlenstoff (C)<\/td>\n<td>\u22640.1<\/td>\n<\/tr>\n<tr>\n<td>Schwefel (S)<\/td>\n<td>\u22640.015<\/td>\n<\/tr>\n<tr>\n<td>Phosphor (P)<\/td>\n<td>\u22640.015<\/td>\n<\/tr>\n<\/tbody>\n<\/table>\n<p>Die Legierungselemente tragen zu den au\u00dfergew\u00f6hnlichen Eigenschaften der Legierung bei, darunter Korrosionsbest\u00e4ndigkeit, Hochtemperaturfestigkeit und Oxidationsbest\u00e4ndigkeit.<\/p>\n<h2>Merkmale<\/h2>\n<p>Inconel 625-Pulver weist hervorragende Eigenschaften auf, die seine Eignung f\u00fcr anspruchsvolle Anwendungen gew\u00e4hrleisten:<\/p>\n<table>\n<thead>\n<tr>\n<th>Immobilie<\/th>\n<th>Wert<\/th>\n<\/tr>\n<\/thead>\n<tbody>\n<tr>\n<td>Dichte<\/td>\n<td>\u22658,4 g\/cm\u00b3<\/td>\n<\/tr>\n<tr>\n<td>Maximale Zugfestigkeit<\/td>\n<td>\u2265760 MPa<\/td>\n<\/tr>\n<tr>\n<td>Streckgrenze<\/td>\n<td>\u2265345 MPa<\/td>\n<\/tr>\n<tr>\n<td>Verl\u00e4ngerung<\/td>\n<td>\u226530%<\/td>\n<\/tr>\n<tr>\n<td>H\u00e4rte<\/td>\n<td>\u226430 HRC<\/td>\n<\/tr>\n<tr>\n<td>E-Modul<\/td>\n<td>\u2265200 GPa<\/td>\n<\/tr>\n<tr>\n<td>Schmelzpunkt<\/td>\n<td>\u22481290\u00b0C<\/td>\n<\/tr>\n<tr>\n<td>W\u00e4rmeleitf\u00e4higkeit<\/td>\n<td>\u224810,8 W\/m-K<\/td>\n<\/tr>\n<tr>\n<td>Elektrischer Widerstand<\/td>\n<td>\u2248129 \u00b5\u03a9-cm<\/td>\n<\/tr>\n<\/tbody>\n<\/table>\n<p>Diese Eigenschaften machen Inconel 625-Pulver unverzichtbar f\u00fcr Bauteile, die Festigkeit, Haltbarkeit, Korrosions- und Hochtemperaturbest\u00e4ndigkeit erfordern.<\/p>\n<h2>ANWENDUNGEN<\/h2>\n<p>Die Vielseitigkeit von Inconel 625-Pulver macht es in verschiedenen Branchen unverzichtbar:<\/p>\n<ul>\n<li>Komponenten von Gasturbinentriebwerken<\/li>\n<li>Komponenten f\u00fcr die Luft- und Raumfahrt: Turbinenschaufeln, Triebwerkskan\u00e4le<\/li>\n<li>Chemische Verarbeitungsanlagen: Reaktorbeh\u00e4lter, Rohrleitungen, W\u00e4rmetauscher<\/li>\n<li>\u00d6l- und Gasindustrie: Bohrlochausr\u00fcstung, Bohrlochkopfkomponenten<\/li>\n<li>Schiffsanwendungen: Propellerbl\u00e4tter, Wellen, Ventile<\/li>\n<li>Kernreaktoren: Steuerstabkomponenten, Reaktorbeh\u00e4ltereinbauten<\/li>\n<li>Medizinische Implantate: orthop\u00e4dische Implantate, chirurgische Instrumente<\/li>\n<\/ul>\n<h2>Additiver Fertigungsprozess<\/h2>\n<p>Inconel 625-Pulver wird in der Regel durch Gas- oder Plasmazerst\u00e4ubung hergestellt. Bei der Gaszerst\u00e4ubung wird geschmolzenes Metall mit Hilfe eines Hochdruck-Inertgasstroms zerkleinert, wodurch kugelf\u00f6rmige Pulver entstehen, die sich f\u00fcr die additive Fertigung eignen. Die Plasmaverd\u00fcsung gew\u00e4hrleistet eine hohe Reinheit und Flie\u00dff\u00e4higkeit des Pulvers.<\/p>\n<h2>Pulverspezifikationen<\/h2>\n<p>Inconel 625-Pulver ist in verschiedenen Spezifikationen erh\u00e4ltlich, um unterschiedlichen Anwendungsanforderungen gerecht zu werden:<\/p>\n<table>\n<thead>\n<tr>\n<th>Attribut<\/th>\n<th>Details<\/th>\n<\/tr>\n<\/thead>\n<tbody>\n<tr>\n<td>Teilchengr\u00f6\u00dfen<\/td>\n<td>10-45 \u00b5m, 20-100 \u00b5m<\/td>\n<\/tr>\n<tr>\n<td>Morphologie<\/td>\n<td>Sph\u00e4risch, unregelm\u00e4\u00dfig<\/td>\n<\/tr>\n<tr>\n<td>Anscheindichte<\/td>\n<td>3,5-4,5 g\/cm\u00b3<\/td>\n<\/tr>\n<tr>\n<td>Sch\u00fcttdichte<\/td>\n<td>\u22654 g\/cm\u00b3<\/td>\n<\/tr>\n<tr>\n<td>Hallenflussmenge<\/td>\n<td>&lt;30 s\/50g<\/td>\n<\/tr>\n<tr>\n<td>Reinheit<\/td>\n<td>\u226599%<\/td>\n<\/tr>\n<tr>\n<td>Sauerstoffgehalt<\/td>\n<td>\u2264200 ppm<\/td>\n<\/tr>\n<tr>\n<td>Feuchtigkeitsgehalt<\/td>\n<td>\u22640.2%<\/td>\n<\/tr>\n<\/tbody>\n<\/table>\n<p>Diese Spezifikationen gew\u00e4hrleisten die Qualit\u00e4t und Konsistenz von Inconel 625-Pulver und erleichtern den erfolgreichen Einsatz in additiven Fertigungsverfahren.<\/p>\n<h2>Normen und Benotungen<\/h2>\n<p>Inconel 625-Pulver entspricht den einschl\u00e4gigen Industrienormen, einschlie\u00dflich ASTM B443. Zu den gleichwertigen Sorten geh\u00f6ren UNS N06625 und Werkstoff Nr. 2.4856.<\/p>\n<h2>Qualit\u00e4tskontrolle<\/h2>\n<p>Zu den Qualit\u00e4tskontrollma\u00dfnahmen f\u00fcr Inconel 625-Pulver geh\u00f6ren:<\/p>\n<ul>\n<li>Chemische Analyse: Sicherstellung der korrekten Zusammensetzung von Legierungselementen.<\/li>\n<li>Analyse der Partikelgr\u00f6\u00dfe: \u00dcberpr\u00fcfung der gew\u00fcnschten Partikelgr\u00f6\u00dfenverteilung.<\/li>\n<li>Bewertung der Morphologie des Pulvers: Pr\u00fcfung auf kugelf\u00f6rmige oder unregelm\u00e4\u00dfige Partikelformen.<\/li>\n<li>Dichtheitspr\u00fcfung: Messung der Sch\u00fctt- und Klopfdichte f\u00fcr die Effizienz der Pulververpackung.<\/li>\n<li>Bewertung der Reinheit: \u00dcberpr\u00fcfung des Reinheitsgrads zur Gew\u00e4hrleistung der gew\u00fcnschten Eigenschaften.<\/li>\n<li>Analyse des Sauerstoff- und Feuchtigkeitsgehalts: \u00dcberwachung zur Vermeidung von Kontaminationen.<\/li>\n<\/ul>\n<h2>Kostenanalyse<\/h2>\n<p>Die Kosten f\u00fcr Inconel 625-Pulver variieren in Abh\u00e4ngigkeit von Faktoren wie Auftragsvolumen, Partikelgr\u00f6\u00dfenbereich, Pulvermorphologie, Reinheitsgrad und Hersteller-\/H\u00e4ndlermargen.<\/p>\n<h2>Lagerung und Handhabung von Pulvern<\/h2>\n<p>Um die Integrit\u00e4t von Inconel 625-Pulver zu erhalten, ist eine sachgem\u00e4\u00dfe Lagerung und Handhabung entscheidend:<\/p>\n<ul>\n<li>In verschlossenen Beh\u00e4ltern in einer k\u00fchlen, trockenen Umgebung aufbewahren<\/li>\n<li>Verwenden Sie eine Inertgassp\u00fclung oder ein Vakuum, um die Aufnahme von Feuchtigkeit zu verhindern.<\/li>\n<li>Erden aller Ger\u00e4te zur Handhabung und zum Transport von Pulver<\/li>\n<li>PSA verwenden - Maske, Handschuhe, Augenschutz beim Umgang mit Pulver<\/li>\n<\/ul>\n<h2>Gesundheit und Sicherheit<\/h2>\n<p>Inconel 625-Pulver birgt bei sachgem\u00e4\u00dfer Handhabung nur minimale Gesundheitsrisiken:<\/p>\n<ul>\n<li>Tragen Sie beim Umgang mit Pulver geeignete PSA<\/li>\n<li>Verwenden Sie einen HEPA-gefilterten Staubsauger zum Aufsaugen von Staub und Pulver<\/li>\n<li>Vermeiden Sie das Einatmen von Schwei\u00df- oder Schmelzd\u00e4mpfen<\/li>\n<li>Gem\u00e4\u00df den \u00f6rtlichen Umweltvorschriften entsorgen<\/li>\n<\/ul>\n<h2>FAQ<\/h2>\n<ol>\n<li><strong>Ist Inconel 625-Pulver f\u00fcr Hochtemperaturanwendungen geeignet?<\/strong> Ja, Inconel 625-Pulver weist eine au\u00dfergew\u00f6hnliche Widerstandsf\u00e4higkeit gegen\u00fcber hohen Temperaturen auf und eignet sich daher f\u00fcr den Einsatz in Gasturbinentriebwerken, in der Luft- und Raumfahrt und vielen anderen Anwendungen.<\/li>\n<li><strong>Welche typischen Partikelgr\u00f6\u00dfen sind f\u00fcr Inconel 625-Pulver erh\u00e4ltlich?<\/strong> Die Partikelgr\u00f6\u00dfen f\u00fcr Inconel 625-Pulver liegen in der Regel zwischen 10-45 \u00b5m und 20-100 \u00b5m.<\/li>\n<li><strong>Muss Inconel 625-Pulver unter kontrollierter Atmosph\u00e4re gelagert werden?<\/strong> Auch wenn dies nicht unbedingt erforderlich ist, kann die Lagerung von Inconel 625-Pulver in versiegelten Beh\u00e4ltern mit Inertgas dazu beitragen, Oxidation zu verhindern und die Integrit\u00e4t des Pulvers zu erhalten.<\/li>\n<li><strong>In welchen Branchen wird Inconel 625-Pulver haupts\u00e4chlich verwendet?<\/strong> Inconel 625-Pulver wird in Branchen wie der Luft- und Raumfahrt, der \u00d6l- und Gasindustrie, der chemischen Verarbeitung, der Schifffahrt, der Nuklearindustrie und der Medizintechnik eingesetzt.<\/li>\n<li><strong>Kann Inconel 625-Pulver in additiven Fertigungsverfahren verwendet werden?<\/strong> Ja, Inconel 625-Pulver wird h\u00e4ufig in der additiven Fertigung zur Herstellung komplexer Bauteile mit hoher Festigkeit und Korrosionsbest\u00e4ndigkeit verwendet.<\/li>\n<li><strong>Was sind die wichtigsten \u00dcberlegungen zur sicheren Handhabung von Inconel 625-Pulver?<\/strong> Die ordnungsgem\u00e4\u00dfe Lagerung in verschlossenen Beh\u00e4ltern, die Verwendung von pers\u00f6nlicher Schutzausr\u00fcstung und die Einhaltung der Handhabungsrichtlinien sind f\u00fcr die sichere Handhabung von Inconel 625-Pulver unerl\u00e4sslich.<\/li>\n<li><strong>Ist Inconel 625-Pulver recycelbar?<\/strong> Ja, Inconel 625-Pulver kann recycelt und in additiven Fertigungsverfahren wiederverwendet werden, sofern es den Qualit\u00e4tsstandards entspricht und frei von Verunreinigungen ist.<\/li>\n<li><strong>Was sind die typischen Kosten f\u00fcr Inconel 625-Pulver?<\/strong> Die Kosten f\u00fcr Inconel 625-Pulver variieren in Abh\u00e4ngigkeit von Faktoren wie Volumen, Partikelgr\u00f6\u00dfenbereich, Reinheitsgrad und Marktbedingungen.<\/li>\n<\/ol>","protected":false},"excerpt":{"rendered":"<p>\u00dcbersicht Inconel 625-Pulver ist eine Superlegierung auf Nickelbasis, die f\u00fcr ihre au\u00dfergew\u00f6hnliche Korrosionsbest\u00e4ndigkeit, hohe Temperaturen und Spannungsrisse bekannt ist. Dieses Pulver wird h\u00e4ufig in anspruchsvollen Industrieanwendungen eingesetzt und bietet hervorragende mechanische Eigenschaften, was es ideal f\u00fcr kritische Komponenten macht, die extremen Umgebungen ausgesetzt sind. Zusammensetzung Die Zusammensetzung des Inconel 625-Pulvers ist darauf ausgelegt, seine Leistung zu verbessern\u2026<\/p>","protected":false},"featured_media":1736,"parent":0,"template":"","meta":{"_acf_changed":false,"_kad_blocks_custom_css":"","_kad_blocks_head_custom_js":"","_kad_blocks_body_custom_js":"","_kad_blocks_footer_custom_js":"","_kad_post_transparent":"","_kad_post_title":"","_kad_post_layout":"","_kad_post_sidebar_id":"","_kad_post_content_style":"","_kad_post_vertical_padding":"","_kad_post_feature":"","_kad_post_feature_position":"","_kad_post_header":false,"_kad_post_footer":false,"_kad_post_classname":""},"product-category":[120],"class_list":["post-4284","product","type-product","status-publish","has-post-thumbnail","hentry","product-category-high-temperature-alloy-powder"],"acf":[],"taxonomy_info":{"product-category":[{"value":120,"label":"High Temperature Alloy Powder"}]},"featured_image_src_large":["https:\/\/3dpmetal.com\/wp-content\/uploads\/2024\/02\/Inconel-625-Powder.jpg",600,600,false],"author_info":[],"comment_info":"","_links":{"self":[{"href":"https:\/\/3dpmetal.com\/de\/wp-json\/wp\/v2\/product\/4284","targetHints":{"allow":["GET"]}}],"collection":[{"href":"https:\/\/3dpmetal.com\/de\/wp-json\/wp\/v2\/product"}],"about":[{"href":"https:\/\/3dpmetal.com\/de\/wp-json\/wp\/v2\/types\/product"}],"wp:featuredmedia":[{"embeddable":true,"href":"https:\/\/3dpmetal.com\/de\/wp-json\/wp\/v2\/media\/1736"}],"wp:attachment":[{"href":"https:\/\/3dpmetal.com\/de\/wp-json\/wp\/v2\/media?parent=4284"}],"wp:term":[{"taxonomy":"product-category","embeddable":true,"href":"https:\/\/3dpmetal.com\/de\/wp-json\/wp\/v2\/product-category?post=4284"}],"curies":[{"name":"wp","href":"https:\/\/api.w.org\/{rel}","templated":true}]}}