{"id":4286,"date":"2024-04-07T08:17:04","date_gmt":"2024-04-07T08:17:04","guid":{"rendered":"https:\/\/3dpmetal.com\/product\/h13-tool-steel-powder\/"},"modified":"2024-04-07T09:06:29","modified_gmt":"2024-04-07T09:06:29","slug":"h13-tool-steel-powder","status":"publish","type":"product","link":"https:\/\/3dpmetal.com\/de\/product\/h13-tool-steel-powder\/","title":{"rendered":"H13 Werkzeugstahlpulver"},"content":{"rendered":"<h2>H13 Werkzeugstahl-Pulver: \u00dcbersicht<\/h2>\n<p style=\"text-align: left;\"><a href=\"https:\/\/en.wikipedia.org\/wiki\/Metal_powder\" target=\"_blank\" rel=\"noopener\">H13 Werkzeugstahlpulver <\/a>ist ein Hochleistungsstahlpulver, das f\u00fcr seine au\u00dfergew\u00f6hnliche Warmh\u00e4rte, Verschlei\u00dffestigkeit und Z\u00e4higkeit bekannt ist. Es wird h\u00e4ufig im Werkzeug- und Formenbau eingesetzt, wo Hochtemperaturfestigkeit und Best\u00e4ndigkeit gegen thermische Erm\u00fcdung wichtig sind.<\/p>\n<h2>Komposition<\/h2>\n<p>Die Zusammensetzung des H13-Werkzeugstahlpulvers wurde sorgf\u00e4ltig entwickelt, um seine mechanischen Eigenschaften und Leistungen zu optimieren:<\/p>\n<table>\n<thead>\n<tr>\n<th>Element<\/th>\n<th>Gew.-%<\/th>\n<\/tr>\n<\/thead>\n<tbody>\n<tr>\n<td>Kohlenstoff (C)<\/td>\n<td>0.32-0.45<\/td>\n<\/tr>\n<tr>\n<td>Chrom (Cr)<\/td>\n<td>4.75-5.50<\/td>\n<\/tr>\n<tr>\n<td>Molybd\u00e4n (Mo)<\/td>\n<td>1.10-1.75<\/td>\n<\/tr>\n<tr>\n<td>Vanadium (V)<\/td>\n<td>0.80-1.20<\/td>\n<\/tr>\n<tr>\n<td>Silizium (Si)<\/td>\n<td>0.80-1.20<\/td>\n<\/tr>\n<tr>\n<td>Mangan (Mn)<\/td>\n<td>\u22640.50<\/td>\n<\/tr>\n<tr>\n<td>Phosphor (P)<\/td>\n<td>\u22640.03<\/td>\n<\/tr>\n<tr>\n<td>Schwefel (S)<\/td>\n<td>\u22640.03<\/td>\n<\/tr>\n<tr>\n<td>Eisen (Fe)<\/td>\n<td>Balanse<\/td>\n<\/tr>\n<\/tbody>\n<\/table>\n<p>Diese Legierungselemente verleihen dem H13-Werkzeugstahlpulver eine ausgezeichnete H\u00e4rtbarkeit, Festigkeit und W\u00e4rmebest\u00e4ndigkeit.<\/p>\n<h2>Merkmale<\/h2>\n<p>H13 Werkzeugstahlpulver verf\u00fcgt \u00fcber beeindruckende mechanische Eigenschaften, die seine Eignung f\u00fcr verschiedene industrielle Anwendungen gew\u00e4hrleisten:<\/p>\n<table>\n<thead>\n<tr>\n<th>Immobilie<\/th>\n<th>Wert<\/th>\n<\/tr>\n<\/thead>\n<tbody>\n<tr>\n<td>Dichte<\/td>\n<td>7,8-8,0 g\/cm\u00b3<\/td>\n<\/tr>\n<tr>\n<td>H\u00e4rte<\/td>\n<td>45-50 HRC<\/td>\n<\/tr>\n<tr>\n<td>Zugfestigkeit<\/td>\n<td>1000-1100 MPa<\/td>\n<\/tr>\n<tr>\n<td>Streckgrenze<\/td>\n<td>850-900 MPa<\/td>\n<\/tr>\n<tr>\n<td>Verl\u00e4ngerung<\/td>\n<td>10-15%<\/td>\n<\/tr>\n<tr>\n<td>W\u00e4rmeleitf\u00e4higkeit<\/td>\n<td>23,8 W\/m-K<\/td>\n<\/tr>\n<tr>\n<td>W\u00e4rmeausdehnungskoeffizient<\/td>\n<td>11,5 \u00b5m\/m-K<\/td>\n<\/tr>\n<tr>\n<td>Schmelzpunkt<\/td>\n<td>1427-1475\u00b0C<\/td>\n<\/tr>\n<\/tbody>\n<\/table>\n<p>Diese Eigenschaften machen H13-Werkzeugstahlpulver zu einer idealen Wahl f\u00fcr Bauteile, die eine hohe Festigkeit, ein geringes Gewicht und Best\u00e4ndigkeit gegen raue Umgebungsbedingungen erfordern.<\/p>\n<h2>ANWENDUNGEN<\/h2>\n<p>Typische Anwendungen f\u00fcr H13-Werkzeugstahlpulver sind:<\/p>\n<ul>\n<li>Druckgussformen<\/li>\n<li>Strangpresswerkzeuge<\/li>\n<li>Schmiedegesenke<\/li>\n<li>Kunststoff-Formen<\/li>\n<li>Werkzeuge f\u00fcr die Warmarbeit<\/li>\n<li>Spritzgussformen<\/li>\n<li>Werkzeuge f\u00fcr die Metallumformung<\/li>\n<\/ul>\n<p>Seine Kombination aus hoher H\u00e4rte, Z\u00e4higkeit und Hitzebest\u00e4ndigkeit macht es f\u00fcr Werkzeuganwendungen in Fertigungsprozessen unverzichtbar.<\/p>\n<h2>Additiver Fertigungsprozess<\/h2>\n<p>H13-Werkzeugstahlpulver wird in der Regel durch Gas- oder Wasserzerst\u00e4ubung hergestellt. Bei der Gaszerst\u00e4ubung wird geschmolzenes Metall durch Hochdruckgasstr\u00f6me schnell verfestigt, was zu kugelf\u00f6rmigen Pulverpartikeln f\u00fchrt, die sich f\u00fcr die additive Fertigung eignen. Bei der Wasserverd\u00fcsung entstehen unregelm\u00e4\u00dfig geformte Partikel, die f\u00fcr additive Fertigungsanwendungen nachbearbeitet werden m\u00fcssen.<\/p>\n<h2>Pulverspezifikationen<\/h2>\n<p>H13-Werkzeugstahlpulver ist in verschiedenen Spezifikationen erh\u00e4ltlich, um spezifische Anwendungsanforderungen zu erf\u00fcllen:<\/p>\n<table>\n<thead>\n<tr>\n<th>Attribut<\/th>\n<th>Details<\/th>\n<\/tr>\n<\/thead>\n<tbody>\n<tr>\n<td>Teilchengr\u00f6\u00dfen<\/td>\n<td>15-45 \u00b5m, 10-100 \u00b5m<\/td>\n<\/tr>\n<tr>\n<td>Morphologie<\/td>\n<td>Sph\u00e4risch, unregelm\u00e4\u00dfig<\/td>\n<\/tr>\n<tr>\n<td>Anscheindichte<\/td>\n<td>3,5-4,5 g\/cm\u00b3<\/td>\n<\/tr>\n<tr>\n<td>Sch\u00fcttdichte<\/td>\n<td>4-5 g\/cm\u00b3<\/td>\n<\/tr>\n<tr>\n<td>Reinheit<\/td>\n<td>\u226599.5%<\/td>\n<\/tr>\n<tr>\n<td>Sauerstoffgehalt<\/td>\n<td>&lt;300 ppm<\/td>\n<\/tr>\n<tr>\n<td>Feuchtigkeitsgehalt<\/td>\n<td>&lt; 0,2 %<\/td>\n<\/tr>\n<\/tbody>\n<\/table>\n<p>Diese Spezifikationen gew\u00e4hrleisten die Qualit\u00e4t und Konsistenz von H13-Werkzeugstahlpulver f\u00fcr additive Fertigungsverfahren.<\/p>\n<h2>Normen und Benotungen<\/h2>\n<p>H13-Werkzeugstahlpulver entspricht den einschl\u00e4gigen Industrienormen, einschlie\u00dflich ASTM A681 und AISI H13. Zu den gleichwertigen G\u00fcten geh\u00f6ren DIN 1.2344 und JIS SKD61.<\/p>\n<h2>Qualit\u00e4tskontrolle<\/h2>\n<p>Zu den Qualit\u00e4tskontrollma\u00dfnahmen f\u00fcr H13-Werkzeugstahlpulver geh\u00f6ren:<\/p>\n<ul>\n<li>Chemische Analyse: \u00dcberpr\u00fcfung der korrekten Zusammensetzung von Legierungselementen.<\/li>\n<li>Analyse der Partikelgr\u00f6\u00dfe: Sicherstellung der gew\u00fcnschten Partikelgr\u00f6\u00dfenverteilung.<\/li>\n<li>Bewertung der Morphologie des Pulvers: Pr\u00fcfung auf kugelf\u00f6rmige oder unregelm\u00e4\u00dfige Partikelformen.<\/li>\n<li>Dichtheitspr\u00fcfung: Messung der Sch\u00fctt- und Klopfdichte f\u00fcr die Effizienz der Pulververpackung.<\/li>\n<li>Bewertung der Reinheit: \u00dcberpr\u00fcfung des Reinheitsgrads zur Gew\u00e4hrleistung der gew\u00fcnschten Eigenschaften.<\/li>\n<li>Analyse des Sauerstoff- und Feuchtigkeitsgehalts: \u00dcberwachung zur Vermeidung von Kontaminationen.<\/li>\n<\/ul>\n<h2>Kostenanalyse<\/h2>\n<p>Die Kosten f\u00fcr H13-Werkzeugstahlpulver variieren in Abh\u00e4ngigkeit von Faktoren wie Auftragsvolumen, Korngr\u00f6\u00dfenbereich, Pulvermorphologie, Reinheitsgrad und Hersteller-\/Vertriebsmargen.<\/p>\n<h2>Lagerung und Handhabung von Pulvern<\/h2>\n<p>Um die Integrit\u00e4t von H13-Werkzeugstahlpulver zu erhalten, ist eine sachgem\u00e4\u00dfe Lagerung und Handhabung entscheidend:<\/p>\n<ul>\n<li>In verschlossenen Beh\u00e4ltern in einer k\u00fchlen, trockenen Umgebung aufbewahren.<\/li>\n<li>Verwenden Sie eine Inertgassp\u00fclung oder ein Vakuum, um die Aufnahme von Feuchtigkeit zu verhindern.<\/li>\n<li>Erden Sie alle Ger\u00e4te zur Handhabung und zum Transport von Pulver.<\/li>\n<li>Verwenden Sie beim Umgang mit Pulver eine geeignete pers\u00f6nliche Schutzausr\u00fcstung (PSA).<\/li>\n<\/ul>\n<h2>Gesundheit und Sicherheit<\/h2>\n<p>H13-Werkzeugstahlpulver birgt bei sachgem\u00e4\u00dfer Handhabung nur minimale Gesundheitsrisiken:<\/p>\n<ul>\n<li>Tragen Sie beim Umgang mit Pulver geeignete PSA.<\/li>\n<li>Verwenden Sie einen HEPA-gefilterten Staubsauger f\u00fcr die Reinigung von Staub und Pulver.<\/li>\n<li>Vermeiden Sie das Einatmen von Schwei\u00df- oder Schmelzd\u00e4mpfen.<\/li>\n<li>Gem\u00e4\u00df den \u00f6rtlichen Umweltvorschriften entsorgen.<\/li>\n<\/ul>\n<h2>FAQ<\/h2>\n<ol>\n<li><strong>Ist H13-Werkzeugstahlpulver f\u00fcr Anwendungen in der Luft- und Raumfahrt geeignet?<\/strong> Ja, H13-Werkzeugstahlpulver wird aufgrund seiner hohen Festigkeit und Z\u00e4higkeit h\u00e4ufig in der Luft- und Raumfahrt f\u00fcr Strukturteile, Flugzeugrahmen und Geh\u00e4use von Raketenmotoren verwendet.<\/li>\n<li><strong>Was sind die wichtigsten Vorteile von H13-Werkzeugstahlpulver f\u00fcr Verteidigungsanwendungen?<\/strong> H13-Werkzeugstahlpulver bietet eine hervorragende Festigkeit und Z\u00e4higkeit und ist daher ideal f\u00fcr Raketenkomponenten und Panzerungen in Verteidigungsanwendungen.<\/li>\n<li><strong>Kann H13-Werkzeugstahlpulver in additiven Fertigungsverfahren verwendet werden?<\/strong> Ja, H13-Werkzeugstahlpulver eignet sich f\u00fcr additive Fertigungsverfahren wie das selektive Laserschmelzen (SLM) und das Elektronenstrahlschmelzen (EBM) zur Herstellung komplexer Bauteile mit hoher Festigkeit und Korrosionsbest\u00e4ndigkeit.<\/li>\n<li><strong>Was sind die typischen Kosten f\u00fcr H13-Werkzeugstahlpulver?<\/strong> Die Kosten f\u00fcr H13-Werkzeugstahlpulver variieren in Abh\u00e4ngigkeit von Faktoren wie Volumen, Korngr\u00f6\u00dfenbereich, Reinheitsgrad und Marktbedingungen.<\/li>\n<li><strong>Ist H13-Werkzeugstahlpulver recycelbar?<\/strong> Ja, H13-Werkzeugstahlpulver kann recycelt und in additiven Fertigungsverfahren wiederverwendet werden, sofern es den Qualit\u00e4tsstandards entspricht und frei von Verunreinigungen ist.<\/li>\n<\/ol>","protected":false},"excerpt":{"rendered":"<p>H13 Werkzeugstahl-Pulver: \u00dcbersicht H13-Werkzeugstahlpulver ist ein Hochleistungsstahlpulver, das f\u00fcr seine au\u00dfergew\u00f6hnliche Warmh\u00e4rte, Verschlei\u00dffestigkeit und Z\u00e4higkeit bekannt ist. Es wird h\u00e4ufig im Werkzeug- und Formenbau eingesetzt, wo Hochtemperaturfestigkeit und Best\u00e4ndigkeit gegen thermische Erm\u00fcdung von entscheidender Bedeutung sind. Zusammensetzung Die Zusammensetzung von H13-Werkzeugstahlpulver wurde sorgf\u00e4ltig...<\/p>","protected":false},"featured_media":1877,"parent":0,"template":"","meta":{"_acf_changed":false,"_kad_blocks_custom_css":"","_kad_blocks_head_custom_js":"","_kad_blocks_body_custom_js":"","_kad_blocks_footer_custom_js":"","_kad_post_transparent":"","_kad_post_title":"","_kad_post_layout":"","_kad_post_sidebar_id":"","_kad_post_content_style":"","_kad_post_vertical_padding":"","_kad_post_feature":"","_kad_post_feature_position":"","_kad_post_header":false,"_kad_post_footer":false,"_kad_post_classname":""},"product-category":[119],"class_list":["post-4286","product","type-product","status-publish","has-post-thumbnail","hentry","product-category-3d-printing-metal-powder"],"acf":[],"taxonomy_info":{"product-category":[{"value":119,"label":"3D Printing Metal Powder"}]},"featured_image_src_large":["https:\/\/3dpmetal.com\/wp-content\/uploads\/2024\/02\/GH5188-Powder.jpg",600,600,false],"author_info":[],"comment_info":"","_links":{"self":[{"href":"https:\/\/3dpmetal.com\/de\/wp-json\/wp\/v2\/product\/4286","targetHints":{"allow":["GET"]}}],"collection":[{"href":"https:\/\/3dpmetal.com\/de\/wp-json\/wp\/v2\/product"}],"about":[{"href":"https:\/\/3dpmetal.com\/de\/wp-json\/wp\/v2\/types\/product"}],"wp:featuredmedia":[{"embeddable":true,"href":"https:\/\/3dpmetal.com\/de\/wp-json\/wp\/v2\/media\/1877"}],"wp:attachment":[{"href":"https:\/\/3dpmetal.com\/de\/wp-json\/wp\/v2\/media?parent=4286"}],"wp:term":[{"taxonomy":"product-category","embeddable":true,"href":"https:\/\/3dpmetal.com\/de\/wp-json\/wp\/v2\/product-category?post=4286"}],"curies":[{"name":"wp","href":"https:\/\/api.w.org\/{rel}","templated":true}]}}