{"id":4292,"date":"2024-04-07T08:17:04","date_gmt":"2024-04-07T08:17:04","guid":{"rendered":"https:\/\/3dpmetal.com\/product\/nickel-alloy-k500-powder\/"},"modified":"2024-04-08T00:46:37","modified_gmt":"2024-04-08T00:46:37","slug":"nickel-alloy-k500-powder","status":"publish","type":"product","link":"https:\/\/3dpmetal.com\/de\/product\/nickel-alloy-k500-powder\/","title":{"rendered":"Nickellegierung K500 Pulver"},"content":{"rendered":"<h2>Nickellegierung K500-Pulver: \u00dcbersicht<\/h2>\n<p>Nickel-Legierung<a href=\"https:\/\/en.wikipedia.org\/wiki\/Metal_powder\" target=\"_blank\" rel=\"noopener\"> K500-Pulver<\/a> ist ein sehr begehrtes Pulver aus einer Nickelbasislegierung, das f\u00fcr seine au\u00dfergew\u00f6hnliche Korrosionsbest\u00e4ndigkeit, hohe Festigkeit und hervorragende mechanische Eigenschaften bekannt ist. Dieses Pulver wird in vielen Industriezweigen eingesetzt, insbesondere in der Schifffahrt, der chemischen Industrie und der Luft- und Raumfahrt, und spielt eine entscheidende Rolle bei Anwendungen, die eine hervorragende Leistung unter anspruchsvollen Bedingungen erfordern.<\/p>\n<h2>Komposition<\/h2>\n<p>Das Pulver der Nickellegierung K500 wird sorgf\u00e4ltig mit pr\u00e4zisen Legierungselementen hergestellt, um seine hervorragenden Eigenschaften zu erzielen:<\/p>\n<table>\n<thead>\n<tr>\n<th>Element<\/th>\n<th>Gew.-%<\/th>\n<\/tr>\n<\/thead>\n<tbody>\n<tr>\n<td>Nickel (Ni)<\/td>\n<td>63.0-70.0<\/td>\n<\/tr>\n<tr>\n<td>Kupfer (Cu)<\/td>\n<td>27.0-33.0<\/td>\n<\/tr>\n<tr>\n<td>Aluminium (Al)<\/td>\n<td>2.30-3.15<\/td>\n<\/tr>\n<tr>\n<td>Titan (Ti)<\/td>\n<td>\u22640.35<\/td>\n<\/tr>\n<tr>\n<td>Mangan (Mn)<\/td>\n<td>\u22641.50<\/td>\n<\/tr>\n<tr>\n<td>Eisen (Fe)<\/td>\n<td>\u22642.0<\/td>\n<\/tr>\n<tr>\n<td>Silizium (Si)<\/td>\n<td>\u22640.5<\/td>\n<\/tr>\n<tr>\n<td>Kohlenstoff (C)<\/td>\n<td>\u22640.25<\/td>\n<\/tr>\n<tr>\n<td>Schwefel (S)<\/td>\n<td>\u22640.010<\/td>\n<\/tr>\n<tr>\n<td>Phosphor (P)<\/td>\n<td>\u22640.020<\/td>\n<\/tr>\n<\/tbody>\n<\/table>\n<p>Diese Legierungselemente tragen synergetisch zur Festigkeit, Korrosionsbest\u00e4ndigkeit und den mechanischen Eigenschaften der Legierung bei.<\/p>\n<h2>Merkmale<\/h2>\n<p>Nickellegierung K500 Pulver weist bemerkenswerte Eigenschaften auf, die f\u00fcr anspruchsvolle Anwendungen unerl\u00e4sslich sind:<\/p>\n<table>\n<thead>\n<tr>\n<th>Immobilie<\/th>\n<th>Wert<\/th>\n<\/tr>\n<\/thead>\n<tbody>\n<tr>\n<td>Dichte<\/td>\n<td>8,44 g\/cm\u00b3<\/td>\n<\/tr>\n<tr>\n<td>H\u00e4rte (HRB)<\/td>\n<td>65-90<\/td>\n<\/tr>\n<tr>\n<td>Zugfestigkeit<\/td>\n<td>1100-1400 MPa<\/td>\n<\/tr>\n<tr>\n<td>Streckgrenze<\/td>\n<td>790-1180 MPa<\/td>\n<\/tr>\n<tr>\n<td>Verl\u00e4ngerung<\/td>\n<td>20-30%<\/td>\n<\/tr>\n<tr>\n<td>Schmelzpunkt<\/td>\n<td>1300-1350\u00b0C<\/td>\n<\/tr>\n<tr>\n<td>W\u00e4rmeleitf\u00e4higkeit<\/td>\n<td>17,0 W\/m-K<\/td>\n<\/tr>\n<tr>\n<td>Koeffizient der Ausdehnung<\/td>\n<td>13,3 \u00b5m\/m-K<\/td>\n<\/tr>\n<\/tbody>\n<\/table>\n<p>Aufgrund dieser hervorragenden Eigenschaften eignet sich das Pulver aus der Nickellegierung K500 f\u00fcr eine Vielzahl von Anwendungen, die hohe Festigkeit, Korrosionsbest\u00e4ndigkeit und Haltbarkeit erfordern.<\/p>\n<h2>ANWENDUNGEN<\/h2>\n<p>Nickellegierung K500-Pulver findet in vielen verschiedenen Branchen Anwendung:<\/p>\n<ul>\n<li>Marine: Propellerwellen, Pumpen- und Ventilkomponenten<\/li>\n<li>Chemische Verarbeitung: Pumpen- und Ventilkomponenten, Federn<\/li>\n<li>Luft- und Raumfahrt: Flugzeugkomponenten, Fahrwerksteile<\/li>\n<li>\u00d6l und Gas: Bohrlochausr\u00fcstung, Federn, Befestigungselemente<\/li>\n<li>Elektronik: Steckverbinder, Federn<\/li>\n<\/ul>\n<p>Durch die Kombination hervorragender Eigenschaften ist es ideal f\u00fcr kritische Bauteile, die korrosiven Umgebungen und hohen Belastungen ausgesetzt sind.<\/p>\n<h2>Additiver Fertigungsprozess<\/h2>\n<p>Das Pulver aus der Nickellegierung K500 wird in der Regel durch Gas- oder Plasmazerst\u00e4ubung hergestellt. Dabei entstehen kugelf\u00f6rmige Partikel, die sich f\u00fcr additive Fertigungsverfahren wie das selektive Laserschmelzen (SLM) und das Elektronenstrahlschmelzen (EBM) eignen.<\/p>\n<h2>Pulverspezifikationen<\/h2>\n<p>Nickellegierung K500-Pulver ist in verschiedenen Spezifikationen erh\u00e4ltlich, die auf spezifische Anwendungsanforderungen zugeschnitten sind, einschlie\u00dflich Partikelgr\u00f6\u00dfenverteilung, Morphologie, Sch\u00fcttdichte, Reinheit und Sauerstoffgehalt.<\/p>\n<h2>Normen und Benotungen<\/h2>\n<p>Das Pulver der Nickellegierung K500 entspricht den Industriestandards ASTM B865 und AMS 4676, was seine Qualit\u00e4t und Eignung f\u00fcr verschiedene Anwendungen gew\u00e4hrleistet.<\/p>\n<h2>Qualit\u00e4tskontrolle<\/h2>\n<p>Strenge Qualit\u00e4tskontrollma\u00dfnahmen werden f\u00fcr Nickellegierung K500 Pulver durchgef\u00fchrt, einschlie\u00dflich chemischer Analyse, Partikelgr\u00f6\u00dfenanalyse, Bewertung der Pulvermorphologie, Dichtepr\u00fcfung, Reinheitsbewertung und Analyse des Sauerstoffgehalts, um Konsistenz und Zuverl\u00e4ssigkeit zu gew\u00e4hrleisten.<\/p>\n<h2>Kostenanalyse<\/h2>\n<p>Die Kosten f\u00fcr Nickellegierung K500-Pulver h\u00e4ngen von mehreren Faktoren ab, darunter Auftragsvolumen, Partikelgr\u00f6\u00dfenbereich, Pulvermorphologie, Reinheitsgrad und Hersteller-\/Vertriebsmargen.<\/p>\n<h2>Lagerung und Handhabung von Pulvern<\/h2>\n<p>Um die Unversehrtheit des Nickellegierungspulvers K500 zu erhalten, ist eine sachgem\u00e4\u00dfe Lagerung und Handhabung unerl\u00e4sslich. Dazu geh\u00f6ren die Lagerung in versiegelten Beh\u00e4ltern in einer kontrollierten Umgebung und die Einhaltung geeigneter Handhabungsprotokolle.<\/p>\n<h2>Gesundheit und Sicherheit<\/h2>\n<p>Nickellegierung K500 Pulver birgt bei sachgem\u00e4\u00dfer Handhabung nur minimale Gesundheitsrisiken, was die Verwendung von pers\u00f6nlicher Schutzausr\u00fcstung und die Einhaltung von Sicherheitsprotokollen w\u00e4hrend der Handhabung und Verarbeitung erfordert.<\/p>\n<h2>FAQ<\/h2>\n<ol>\n<li><strong>Was sind die Hauptvorteile von Nickellegierung K500-Pulver?<\/strong> Die Nickellegierung K500 Powder bietet eine au\u00dfergew\u00f6hnliche Korrosionsbest\u00e4ndigkeit, hohe Festigkeit und Haltbarkeit und eignet sich daher f\u00fcr anspruchsvolle Anwendungen in korrosiven Umgebungen.<\/li>\n<li><strong>Eignet sich Nickellegierung K500-Pulver f\u00fcr den Einsatz in der Schifffahrt?<\/strong> Ja, Nickellegierung K500-Pulver wird wegen seiner hervorragenden Korrosionsbest\u00e4ndigkeit h\u00e4ufig in der Schifffahrt verwendet und eignet sich daher ideal f\u00fcr Propellerwellen, Pumpen- und Ventilkomponenten.<\/li>\n<li><strong>Kann Nickellegierung K500-Pulver in der Luft- und Raumfahrt verwendet werden?<\/strong> Ja, Nickellegierung K500 Pulver eignet sich aufgrund seiner hohen Festigkeit und Korrosionsbest\u00e4ndigkeit f\u00fcr Anwendungen in der Luft- und Raumfahrt, einschlie\u00dflich Flugzeugkomponenten und Fahrwerksteilen.<\/li>\n<li><strong>In welchen additiven Fertigungsverfahren kann Nickellegierung K500-Pulver verwendet werden?<\/strong> Das Pulver der Nickellegierung K500 kann mit additiven Fertigungsverfahren wie dem selektiven Laserschmelzen (SLM) und dem Elektronenstrahlschmelzen (EBM) verarbeitet werden, um komplexe Bauteile mit hoher Pr\u00e4zision herzustellen.<\/li>\n<li><strong>Was sind die typischen Kosten im Zusammenhang mit Nickellegierung K500-Pulver?<\/strong> Die Kosten f\u00fcr Nickellegierung K500-Pulver variieren in Abh\u00e4ngigkeit von Faktoren wie Volumen, Partikelgr\u00f6\u00dfenbereich, Reinheitsgrad und Marktbedingungen.<\/li>\n<\/ol>","protected":false},"excerpt":{"rendered":"<p>Nickellegierung K500-Pulver: \u00dcbersicht Nickellegierung K500 Pulver ist ein sehr begehrtes Pulver aus einer Nickelbasislegierung, das f\u00fcr seine au\u00dfergew\u00f6hnliche Korrosionsbest\u00e4ndigkeit, hohe Festigkeit und hervorragende mechanische Eigenschaften bekannt ist. Dieses Pulver wird in vielen Industriezweigen eingesetzt, insbesondere in der Schifffahrt, der chemischen Industrie und der Luft- und Raumfahrt, und spielt eine entscheidende Rolle bei Anwendungen, die eine hervorragende Leistung unter anspruchsvollen Bedingungen erfordern. Zusammensetzung Nickel...<\/p>","protected":false},"featured_media":1871,"parent":0,"template":"","meta":{"_acf_changed":false,"_kad_blocks_custom_css":"","_kad_blocks_head_custom_js":"","_kad_blocks_body_custom_js":"","_kad_blocks_footer_custom_js":"","_kad_post_transparent":"","_kad_post_title":"","_kad_post_layout":"","_kad_post_sidebar_id":"","_kad_post_content_style":"","_kad_post_vertical_padding":"","_kad_post_feature":"","_kad_post_feature_position":"","_kad_post_header":false,"_kad_post_footer":false,"_kad_post_classname":""},"product-category":[119],"class_list":["post-4292","product","type-product","status-publish","has-post-thumbnail","hentry","product-category-3d-printing-metal-powder"],"acf":[],"taxonomy_info":{"product-category":[{"value":119,"label":"3D Printing Metal Powder"}]},"featured_image_src_large":["https:\/\/3dpmetal.com\/wp-content\/uploads\/2024\/02\/420-powder.jpg",600,600,false],"author_info":[],"comment_info":"","_links":{"self":[{"href":"https:\/\/3dpmetal.com\/de\/wp-json\/wp\/v2\/product\/4292","targetHints":{"allow":["GET"]}}],"collection":[{"href":"https:\/\/3dpmetal.com\/de\/wp-json\/wp\/v2\/product"}],"about":[{"href":"https:\/\/3dpmetal.com\/de\/wp-json\/wp\/v2\/types\/product"}],"wp:featuredmedia":[{"embeddable":true,"href":"https:\/\/3dpmetal.com\/de\/wp-json\/wp\/v2\/media\/1871"}],"wp:attachment":[{"href":"https:\/\/3dpmetal.com\/de\/wp-json\/wp\/v2\/media?parent=4292"}],"wp:term":[{"taxonomy":"product-category","embeddable":true,"href":"https:\/\/3dpmetal.com\/de\/wp-json\/wp\/v2\/product-category?post=4292"}],"curies":[{"name":"wp","href":"https:\/\/api.w.org\/{rel}","templated":true}]}}