{"id":4293,"date":"2024-04-07T08:17:04","date_gmt":"2024-04-07T08:17:04","guid":{"rendered":"https:\/\/3dpmetal.com\/product\/titanium-ti6242-powder\/"},"modified":"2024-04-08T00:48:43","modified_gmt":"2024-04-08T00:48:43","slug":"titanium-ti6242-powder","status":"publish","type":"product","link":"https:\/\/3dpmetal.com\/de\/product\/titanium-ti6242-powder\/","title":{"rendered":"Titan Ti6242-Pulver"},"content":{"rendered":"<h2>Titan Ti6242-Pulver: \u00dcbersicht<\/h2>\n<p>Titan<a href=\"https:\/\/en.wikipedia.org\/wiki\/Metal_powder\" target=\"_blank\" rel=\"noopener\"> Ti6242-Pulver<\/a> ist ein begehrtes Legierungspulver auf Titanbasis, das f\u00fcr sein au\u00dfergew\u00f6hnliches Verh\u00e4ltnis von Festigkeit zu Gewicht, Korrosionsbest\u00e4ndigkeit und Biokompatibilit\u00e4t bekannt ist. Dieses Pulver wird in vielen Industriezweigen eingesetzt, insbesondere in der Luft- und Raumfahrt, der Medizintechnik und der Automobilindustrie, und spielt eine entscheidende Rolle bei Anwendungen, die eine hervorragende Leistung unter anspruchsvollen Bedingungen erfordern.<\/p>\n<h2>Komposition<\/h2>\n<p>Titan Ti6242-Pulver wird sorgf\u00e4ltig mit pr\u00e4zisen Legierungselementen hergestellt, um seine hervorragenden Eigenschaften zu erzielen:<\/p>\n<table>\n<thead>\n<tr>\n<th>Element<\/th>\n<th>Gew.-%<\/th>\n<\/tr>\n<\/thead>\n<tbody>\n<tr>\n<td>Titan (Ti)<\/td>\n<td>88.0-91.0<\/td>\n<\/tr>\n<tr>\n<td>Aluminium (Al)<\/td>\n<td>5.5-6.5<\/td>\n<\/tr>\n<tr>\n<td>Zinn (Sn)<\/td>\n<td>3.5-4.5<\/td>\n<\/tr>\n<tr>\n<td>Zirkonium (Zr)<\/td>\n<td>1.8-2.2<\/td>\n<\/tr>\n<tr>\n<td>Sauerstoff (O)<\/td>\n<td>\u22640.12<\/td>\n<\/tr>\n<tr>\n<td>Eisen (Fe)<\/td>\n<td>\u22640.25<\/td>\n<\/tr>\n<tr>\n<td>Kohlenstoff (C)<\/td>\n<td>\u22640.08<\/td>\n<\/tr>\n<tr>\n<td>Stickstoff (N)<\/td>\n<td>\u22640.05<\/td>\n<\/tr>\n<tr>\n<td>Wasserstoff (H)<\/td>\n<td>\u22640.015<\/td>\n<\/tr>\n<\/tbody>\n<\/table>\n<p>Diese Legierungselemente tragen synergetisch zur hohen Festigkeit, Korrosionsbest\u00e4ndigkeit und Biokompatibilit\u00e4t der Legierung bei.<\/p>\n<h2>Merkmale<\/h2>\n<p>Titan Ti6242 Powder weist bemerkenswerte Eigenschaften auf, die f\u00fcr anspruchsvolle Anwendungen unerl\u00e4sslich sind:<\/p>\n<table>\n<thead>\n<tr>\n<th>Immobilie<\/th>\n<th>Wert<\/th>\n<\/tr>\n<\/thead>\n<tbody>\n<tr>\n<td>Dichte<\/td>\n<td>4,5 g\/cm\u00b3<\/td>\n<\/tr>\n<tr>\n<td>H\u00e4rte (HB)<\/td>\n<td>330-380<\/td>\n<\/tr>\n<tr>\n<td>Zugfestigkeit<\/td>\n<td>950-1000 MPa<\/td>\n<\/tr>\n<tr>\n<td>Streckgrenze<\/td>\n<td>800-850 MPa<\/td>\n<\/tr>\n<tr>\n<td>Verl\u00e4ngerung<\/td>\n<td>10-12%<\/td>\n<\/tr>\n<tr>\n<td>Schmelzpunkt<\/td>\n<td>1600-1650\u00b0C<\/td>\n<\/tr>\n<tr>\n<td>W\u00e4rmeleitf\u00e4higkeit<\/td>\n<td>6,7 W\/m-K<\/td>\n<\/tr>\n<tr>\n<td>Koeffizient der Ausdehnung<\/td>\n<td>8,6 \u00b5m\/m-K<\/td>\n<\/tr>\n<\/tbody>\n<\/table>\n<p>Aufgrund dieser hervorragenden Eigenschaften eignet sich Titan Ti6242 Powder f\u00fcr eine Vielzahl von Anwendungen, die hohe Festigkeit, Korrosionsbest\u00e4ndigkeit und Biokompatibilit\u00e4t erfordern.<\/p>\n<h2>ANWENDUNGEN<\/h2>\n<p>Titan Ti6242-Pulver findet in vielen verschiedenen Branchen Anwendung:<\/p>\n<ul>\n<li>Luft- und Raumfahrt: Flugzeugkomponenten, Triebwerksteile<\/li>\n<li>Medizinisch: chirurgische Implantate, prothetische Ger\u00e4te<\/li>\n<li>Automotive: Leichtbaukomponenten, Abgassysteme<\/li>\n<li>Sportger\u00e4te: Fahrradrahmen, Golfschl\u00e4ger<\/li>\n<li>Chemische Verarbeitung: Reaktoren, W\u00e4rmetauscher<\/li>\n<\/ul>\n<p>Durch die Kombination hervorragender Eigenschaften ist es ideal f\u00fcr kritische Bauteile, die korrosiven Umgebungen und hohen Belastungen ausgesetzt sind.<\/p>\n<h2>Additiver Fertigungsprozess<\/h2>\n<p>Titan Ti6242-Pulver wird in der Regel durch fortschrittliche Fertigungstechniken wie Plasma- oder Gaszerst\u00e4ubung hergestellt. Das Ergebnis sind kugelf\u00f6rmige Partikel, die sich f\u00fcr additive Fertigungstechniken wie das selektive Laserschmelzen (SLM) und das Elektronenstrahlschmelzen (EBM) eignen.<\/p>\n<h2>Pulverspezifikationen<\/h2>\n<p>Titan Ti6242-Pulver ist in verschiedenen Spezifikationen erh\u00e4ltlich, die auf spezifische Anwendungsanforderungen zugeschnitten sind und die Partikelgr\u00f6\u00dfenverteilung, Morphologie, Sch\u00fcttdichte, Reinheit und den Sauerstoffgehalt umfassen.<\/p>\n<h2>Normen und Benotungen<\/h2>\n<p>Titan Ti6242-Pulver entspricht den Industrienormen ASTM B348 und AMS 4919, was seine Qualit\u00e4t und Eignung f\u00fcr verschiedene Anwendungen gew\u00e4hrleistet.<\/p>\n<h2>Qualit\u00e4tskontrolle<\/h2>\n<p>F\u00fcr Titan Ti6242-Pulver werden strenge Qualit\u00e4tskontrollma\u00dfnahmen durchgef\u00fchrt, einschlie\u00dflich chemischer Analyse, Partikelgr\u00f6\u00dfenanalyse, Bewertung der Pulvermorphologie, Dichtepr\u00fcfung, Reinheitsbewertung und Analyse des Sauerstoffgehalts, um Konsistenz und Zuverl\u00e4ssigkeit zu gew\u00e4hrleisten.<\/p>\n<h2>Kostenanalyse<\/h2>\n<p>Die Kosten f\u00fcr Titan Ti6242-Pulver h\u00e4ngen von mehreren Faktoren ab, darunter Auftragsvolumen, Partikelgr\u00f6\u00dfenbereich, Pulvermorphologie, Reinheitsgrad und Hersteller-\/H\u00e4ndlermargen.<\/p>\n<h2>Lagerung und Handhabung von Pulvern<\/h2>\n<p>Um die Unversehrtheit von Titanium Ti6242 Powder zu bewahren, ist eine sachgem\u00e4\u00dfe Lagerung und Handhabung unerl\u00e4sslich, einschlie\u00dflich der Lagerung in versiegelten Beh\u00e4ltern in einer kontrollierten Umgebung und der Einhaltung geeigneter Handhabungsprotokolle.<\/p>\n<h2>Gesundheit und Sicherheit<\/h2>\n<p>Titan Ti6242-Pulver birgt bei sachgem\u00e4\u00dfer Handhabung nur minimale Gesundheitsrisiken, was die Verwendung pers\u00f6nlicher Schutzausr\u00fcstung und die Einhaltung von Sicherheitsprotokollen w\u00e4hrend der Handhabung und Verarbeitung erfordert.<\/p>\n<h2>FAQ<\/h2>\n<ol>\n<li><strong>Was sind die Hauptvorteile von Titan Ti6242 Powder?<\/strong> Titan Ti6242 Powder bietet ein au\u00dfergew\u00f6hnliches Verh\u00e4ltnis von Festigkeit zu Gewicht, Korrosionsbest\u00e4ndigkeit und Biokompatibilit\u00e4t und eignet sich daher f\u00fcr eine Vielzahl von Anwendungen in der Luft- und Raumfahrt, der Medizin und der Automobilindustrie.<\/li>\n<li><strong>Ist Titan Ti6242-Pulver f\u00fcr medizinische Implantate geeignet?<\/strong> Ja, Titan Ti6242 Powder wird aufgrund seiner Biokompatibilit\u00e4t und Korrosionsbest\u00e4ndigkeit h\u00e4ufig in der Medizintechnik eingesetzt und ist daher ideal f\u00fcr chirurgische Implantate und Prothesen.<\/li>\n<li><strong>Kann Titan Ti6242-Pulver in der Luft- und Raumfahrt verwendet werden?<\/strong> Ja, Titan Ti6242-Pulver eignet sich aufgrund seiner hohen Festigkeit im Verh\u00e4ltnis zum Gewicht und seiner Korrosionsbest\u00e4ndigkeit f\u00fcr Anwendungen in der Luft- und Raumfahrt, einschlie\u00dflich Flugzeugkomponenten und Triebwerksteilen.<\/li>\n<li><strong>F\u00fcr welche additiven Fertigungsverfahren kann Titan Ti6242 Pulver verwendet werden?<\/strong> Titan Ti6242-Pulver kann mit additiven Fertigungsverfahren wie dem selektiven Laserschmelzen (SLM) und dem Elektronenstrahlschmelzen (EBM) verarbeitet werden, um komplexe Bauteile mit hoher Pr\u00e4zision herzustellen.<\/li>\n<li><strong>Was sind die typischen Kosten im Zusammenhang mit Titan Ti6242 Powder?<\/strong> Die Kosten f\u00fcr Titan Ti6242-Pulver variieren in Abh\u00e4ngigkeit von Faktoren wie Volumen, Partikelgr\u00f6\u00dfenbereich, Reinheitsgrad und Marktbedingungen.<\/li>\n<\/ol>","protected":false},"excerpt":{"rendered":"<p>Titan Ti6242-Pulver: \u00dcberblick Titan Ti6242-Pulver ist ein sehr begehrtes Legierungspulver auf Titanbasis, das f\u00fcr sein au\u00dfergew\u00f6hnliches Verh\u00e4ltnis von Festigkeit zu Gewicht, seine Korrosionsbest\u00e4ndigkeit und seine Biokompatibilit\u00e4t bekannt ist. Dieses Pulver wird in vielen Industriezweigen eingesetzt, insbesondere in der Luft- und Raumfahrt, in der Medizin und in der Automobilindustrie. Es spielt eine entscheidende Rolle bei Anwendungen, die eine hervorragende Leistung unter anspruchsvollen Bedingungen erfordern. Zusammensetzung Titanium Ti6242 Powder wird sorgf\u00e4ltig hergestellt...<\/p>","protected":false},"featured_media":4173,"parent":0,"template":"","meta":{"_acf_changed":false,"_kad_blocks_custom_css":"","_kad_blocks_head_custom_js":"","_kad_blocks_body_custom_js":"","_kad_blocks_footer_custom_js":"","_kad_post_transparent":"","_kad_post_title":"","_kad_post_layout":"","_kad_post_sidebar_id":"","_kad_post_content_style":"","_kad_post_vertical_padding":"","_kad_post_feature":"","_kad_post_feature_position":"","_kad_post_header":false,"_kad_post_footer":false,"_kad_post_classname":""},"product-category":[119],"class_list":["post-4293","product","type-product","status-publish","has-post-thumbnail","hentry","product-category-3d-printing-metal-powder"],"acf":[],"taxonomy_info":{"product-category":[{"value":119,"label":"3D Printing Metal Powder"}]},"featured_image_src_large":["https:\/\/3dpmetal.com\/wp-content\/uploads\/2024\/04\/Al-3104-powder.jpg",600,600,false],"author_info":[],"comment_info":"","_links":{"self":[{"href":"https:\/\/3dpmetal.com\/de\/wp-json\/wp\/v2\/product\/4293","targetHints":{"allow":["GET"]}}],"collection":[{"href":"https:\/\/3dpmetal.com\/de\/wp-json\/wp\/v2\/product"}],"about":[{"href":"https:\/\/3dpmetal.com\/de\/wp-json\/wp\/v2\/types\/product"}],"wp:featuredmedia":[{"embeddable":true,"href":"https:\/\/3dpmetal.com\/de\/wp-json\/wp\/v2\/media\/4173"}],"wp:attachment":[{"href":"https:\/\/3dpmetal.com\/de\/wp-json\/wp\/v2\/media?parent=4293"}],"wp:term":[{"taxonomy":"product-category","embeddable":true,"href":"https:\/\/3dpmetal.com\/de\/wp-json\/wp\/v2\/product-category?post=4293"}],"curies":[{"name":"wp","href":"https:\/\/api.w.org\/{rel}","templated":true}]}}