{"id":4295,"date":"2024-04-07T08:17:04","date_gmt":"2024-04-07T08:17:04","guid":{"rendered":"https:\/\/3dpmetal.com\/product\/chromium-cocr-powder\/"},"modified":"2024-04-08T00:51:51","modified_gmt":"2024-04-08T00:51:51","slug":"chromium-cocr-powder","status":"publish","type":"product","link":"https:\/\/3dpmetal.com\/de\/product\/chromium-cocr-powder\/","title":{"rendered":"Chrom CoCr-Pulver"},"content":{"rendered":"<h2>Chrom-Cocr-Pulver: \u00dcberblick<\/h2>\n<p><a href=\"https:\/\/en.wikipedia.org\/wiki\/Metal_powder\" target=\"_blank\" rel=\"noopener\">Chrom CoCr-Pulver<\/a> ist ein sehr begehrtes Legierungspulver, das f\u00fcr seine au\u00dfergew\u00f6hnliche Verschlei\u00dffestigkeit, Korrosionsbest\u00e4ndigkeit und Hochtemperaturfestigkeit bekannt ist. Dieses Pulver wird in vielen Industriezweigen eingesetzt, insbesondere in der Luft- und Raumfahrt, im Automobilsektor und in der Medizintechnik. Es spielt eine entscheidende Rolle bei Anwendungen, die eine hervorragende Leistung unter anspruchsvollen Bedingungen erfordern.<\/p>\n<h2>Komposition<\/h2>\n<p>Chrom-CoCr-Pulver wird sorgf\u00e4ltig mit pr\u00e4zisen Legierungselementen hergestellt, um seine hervorragenden Eigenschaften zu erzielen:<\/p>\n<table>\n<thead>\n<tr>\n<th>Element<\/th>\n<th>Gew.-%<\/th>\n<\/tr>\n<\/thead>\n<tbody>\n<tr>\n<td>Chrom (Cr)<\/td>\n<td>28.0-32.0<\/td>\n<\/tr>\n<tr>\n<td>Cobalt (Co)<\/td>\n<td>Balanse<\/td>\n<\/tr>\n<tr>\n<td>Kohlenstoff (C)<\/td>\n<td>\u22640.15<\/td>\n<\/tr>\n<tr>\n<td>Silizium (Si)<\/td>\n<td>\u22640.15<\/td>\n<\/tr>\n<tr>\n<td>Mangan (Mn)<\/td>\n<td>\u22640.5<\/td>\n<\/tr>\n<tr>\n<td>Eisen (Fe)<\/td>\n<td>\u22640.5<\/td>\n<\/tr>\n<tr>\n<td>Phosphor (P)<\/td>\n<td>\u22640.03<\/td>\n<\/tr>\n<tr>\n<td>Schwefel (S)<\/td>\n<td>\u22640.03<\/td>\n<\/tr>\n<\/tbody>\n<\/table>\n<p>Diese Legierungselemente tragen synergetisch zur Verschlei\u00dffestigkeit, Korrosionsbest\u00e4ndigkeit und Hochtemperaturfestigkeit der Legierung bei.<\/p>\n<h2>Merkmale<\/h2>\n<p>Chrom-Cocr-Pulver weist bemerkenswerte Eigenschaften auf, die f\u00fcr anspruchsvolle Anwendungen unerl\u00e4sslich sind:<\/p>\n<table>\n<thead>\n<tr>\n<th>Immobilie<\/th>\n<th>Wert<\/th>\n<\/tr>\n<\/thead>\n<tbody>\n<tr>\n<td>Dichte<\/td>\n<td>8,8 g\/cm\u00b3<\/td>\n<\/tr>\n<tr>\n<td>H\u00e4rte (HRC)<\/td>\n<td>38-45<\/td>\n<\/tr>\n<tr>\n<td>Zugfestigkeit<\/td>\n<td>900-1100 MPa<\/td>\n<\/tr>\n<tr>\n<td>Streckgrenze<\/td>\n<td>650-800 MPa<\/td>\n<\/tr>\n<tr>\n<td>Verl\u00e4ngerung<\/td>\n<td>20-30%<\/td>\n<\/tr>\n<tr>\n<td>Schmelzpunkt<\/td>\n<td>~1300\u00b0C<\/td>\n<\/tr>\n<tr>\n<td>W\u00e4rmeleitf\u00e4higkeit<\/td>\n<td>24 W\/m-K<\/td>\n<\/tr>\n<tr>\n<td>Koeffizient der Ausdehnung<\/td>\n<td>13,6 \u00b5m\/m-K<\/td>\n<\/tr>\n<\/tbody>\n<\/table>\n<p>Aufgrund dieser hervorragenden Eigenschaften eignet sich Chrom-CoCr-Pulver f\u00fcr eine Vielzahl von Anwendungen, die Verschlei\u00dffestigkeit, Korrosionsbest\u00e4ndigkeit und Hochtemperaturfestigkeit erfordern.<\/p>\n<h2>ANWENDUNGEN<\/h2>\n<p>Chrom-CoCr-Pulver findet in verschiedenen Industriezweigen breite Anwendung:<\/p>\n<ul>\n<li>Luft- und Raumfahrt: Turbinenschaufeln, Komponenten f\u00fcr Flugzeugtriebwerke<\/li>\n<li>Automotive: Ventilsitze, Motorventile<\/li>\n<li>Medizinisch: orthop\u00e4dische Implantate, Zahnprothetik<\/li>\n<li>Industrie: Pumpenteile, Ventilteile<\/li>\n<li>Werkzeuge: Schneidwerkzeuge, Matrizen<\/li>\n<\/ul>\n<p>Durch die Kombination seiner hervorragenden Eigenschaften ist es ideal f\u00fcr kritische Komponenten, die abrasivem Verschlei\u00df, Korrosion und hohen Temperaturen ausgesetzt sind.<\/p>\n<h2>Additiver Fertigungsprozess<\/h2>\n<p>Chrom-CoCr-Pulver wird in der Regel durch Gas- oder Plasmazerst\u00e4ubung hergestellt. Das Ergebnis sind kugelf\u00f6rmige Partikel, die sich f\u00fcr additive Fertigungsverfahren wie selektives Laserschmelzen (SLM) und Elektronenstrahlschmelzen (EBM) eignen.<\/p>\n<h2>Pulverspezifikationen<\/h2>\n<p>Chrom-CoCr-Pulver ist in verschiedenen Spezifikationen erh\u00e4ltlich, die auf spezifische Anwendungsanforderungen zugeschnitten sind und die Partikelgr\u00f6\u00dfenverteilung, Morphologie, Sch\u00fcttdichte, Reinheit und den Sauerstoffgehalt umfassen.<\/p>\n<h2>Normen und Benotungen<\/h2>\n<p>Chrom-CoCr-Pulver entspricht den Industrienormen ASTM F75 und ISO 5832-12 und gew\u00e4hrleistet damit seine Qualit\u00e4t und Eignung f\u00fcr verschiedene Anwendungen.<\/p>\n<h2>Qualit\u00e4tskontrolle<\/h2>\n<p>F\u00fcr Chrom-Cocr-Pulver werden strenge Qualit\u00e4tskontrollma\u00dfnahmen durchgef\u00fchrt, einschlie\u00dflich chemischer Analyse, Partikelgr\u00f6\u00dfenanalyse, Bewertung der Pulvermorphologie, Dichtepr\u00fcfung, Reinheitsbewertung und Analyse des Sauerstoffgehalts, um Konsistenz und Zuverl\u00e4ssigkeit zu gew\u00e4hrleisten.<\/p>\n<h2>Kostenanalyse<\/h2>\n<p>Die Kosten f\u00fcr Chrom-Cocr-Pulver h\u00e4ngen von mehreren Faktoren ab, darunter Auftragsvolumen, Partikelgr\u00f6\u00dfenbereich, Pulvermorphologie, Reinheitsgrad und Hersteller-\/Vertriebsmargen.<\/p>\n<h2>Lagerung und Handhabung von Pulvern<\/h2>\n<p>Um die Unversehrtheit von Chrom-Cocr-Pulver zu erhalten, ist eine sachgem\u00e4\u00dfe Lagerung und Handhabung unerl\u00e4sslich. Dazu geh\u00f6ren die Lagerung in versiegelten Beh\u00e4ltern in einer kontrollierten Umgebung und die Einhaltung geeigneter Handhabungsprotokolle.<\/p>\n<h2>Gesundheit und Sicherheit<\/h2>\n<p>Chrom-Cocr-Pulver birgt bei sachgem\u00e4\u00dfer Handhabung nur minimale Gesundheitsrisiken, wobei die Verwendung pers\u00f6nlicher Schutzausr\u00fcstung und die Einhaltung von Sicherheitsprotokollen w\u00e4hrend der Handhabung und Verarbeitung erforderlich sind.<\/p>\n<h2>FAQ<\/h2>\n<ol>\n<li><strong>Was sind die wichtigsten Vorteile von Chrom-Cocr-Pulver?<\/strong> Chrom-CoCr-Pulver bietet eine au\u00dfergew\u00f6hnliche Verschlei\u00dffestigkeit, Korrosionsbest\u00e4ndigkeit und Hochtemperaturfestigkeit und eignet sich daher f\u00fcr eine Vielzahl von Anwendungen in der Luft- und Raumfahrt, der Automobilindustrie und der medizinischen Industrie.<\/li>\n<li><strong>Ist Chrom-Cocr-Pulver f\u00fcr medizinische Implantate geeignet?<\/strong> Ja, Chrom-CoCr-Pulver wird aufgrund seiner Biokompatibilit\u00e4t, Verschlei\u00dffestigkeit und Korrosionsbest\u00e4ndigkeit h\u00e4ufig in medizinischen Anwendungen eingesetzt und eignet sich daher ideal f\u00fcr orthop\u00e4dische Implantate und Zahnprothesen.<\/li>\n<li><strong>Kann Chrom-Cocr-Pulver in der Luft- und Raumfahrt verwendet werden?<\/strong> Ja, Chrom-CoCr-Pulver eignet sich aufgrund seiner Hochtemperaturfestigkeit und Korrosionsbest\u00e4ndigkeit f\u00fcr Anwendungen in der Luft- und Raumfahrt, z. B. f\u00fcr Turbinenschaufeln und Komponenten von Flugzeugtriebwerken.<\/li>\n<li><strong>In welchen additiven Fertigungsverfahren kann Chrom-Cocr-Pulver eingesetzt werden?<\/strong> Chrom-CoCr-Pulver kann mit additiven Fertigungsverfahren wie dem selektiven Laserschmelzen (SLM) und dem Elektronenstrahlschmelzen (EBM) verarbeitet werden, um komplexe Bauteile mit hoher Pr\u00e4zision herzustellen.<\/li>\n<li><strong>Was sind die typischen Kosten im Zusammenhang mit Chrom-Cocr-Pulver?<\/strong> Die Kosten f\u00fcr Chrom-Cocr-Pulver h\u00e4ngen von Faktoren wie Volumen, Korngr\u00f6\u00dfenbereich, Reinheitsgrad und Marktbedingungen ab.<\/li>\n<\/ol>","protected":false},"excerpt":{"rendered":"<p>Chrom CoCr-Pulver: \u00dcbersicht Chrom-Cocr-Pulver ist ein sehr begehrtes Legierungspulver, das f\u00fcr seine au\u00dfergew\u00f6hnliche Verschlei\u00dffestigkeit, Korrosionsbest\u00e4ndigkeit und Hochtemperaturfestigkeit bekannt ist. Dieses Pulver wird in vielen Industriezweigen eingesetzt, insbesondere in der Luft- und Raumfahrt, in der Automobilindustrie und in der Medizintechnik. Es spielt eine entscheidende Rolle bei Anwendungen, die eine hervorragende Leistung unter anspruchsvollen Bedingungen erfordern. Zusammensetzung Chrom CoCr-Pulver wird sorgf\u00e4ltig hergestellt...<\/p>","protected":false},"featured_media":1871,"parent":0,"template":"","meta":{"_acf_changed":false,"_kad_blocks_custom_css":"","_kad_blocks_head_custom_js":"","_kad_blocks_body_custom_js":"","_kad_blocks_footer_custom_js":"","_kad_post_transparent":"","_kad_post_title":"","_kad_post_layout":"","_kad_post_sidebar_id":"","_kad_post_content_style":"","_kad_post_vertical_padding":"","_kad_post_feature":"","_kad_post_feature_position":"","_kad_post_header":false,"_kad_post_footer":false,"_kad_post_classname":""},"product-category":[119],"class_list":["post-4295","product","type-product","status-publish","has-post-thumbnail","hentry","product-category-3d-printing-metal-powder"],"acf":[],"taxonomy_info":{"product-category":[{"value":119,"label":"3D Printing Metal Powder"}]},"featured_image_src_large":["https:\/\/3dpmetal.com\/wp-content\/uploads\/2024\/02\/420-powder.jpg",600,600,false],"author_info":[],"comment_info":"","_links":{"self":[{"href":"https:\/\/3dpmetal.com\/de\/wp-json\/wp\/v2\/product\/4295","targetHints":{"allow":["GET"]}}],"collection":[{"href":"https:\/\/3dpmetal.com\/de\/wp-json\/wp\/v2\/product"}],"about":[{"href":"https:\/\/3dpmetal.com\/de\/wp-json\/wp\/v2\/types\/product"}],"wp:featuredmedia":[{"embeddable":true,"href":"https:\/\/3dpmetal.com\/de\/wp-json\/wp\/v2\/media\/1871"}],"wp:attachment":[{"href":"https:\/\/3dpmetal.com\/de\/wp-json\/wp\/v2\/media?parent=4295"}],"wp:term":[{"taxonomy":"product-category","embeddable":true,"href":"https:\/\/3dpmetal.com\/de\/wp-json\/wp\/v2\/product-category?post=4295"}],"curies":[{"name":"wp","href":"https:\/\/api.w.org\/{rel}","templated":true}]}}