{"id":4296,"date":"2024-04-07T08:17:04","date_gmt":"2024-04-07T08:17:04","guid":{"rendered":"https:\/\/3dpmetal.com\/product\/aluminium-alf357-powder\/"},"modified":"2024-04-08T00:53:19","modified_gmt":"2024-04-08T00:53:19","slug":"aluminium-alf357-powder","status":"publish","type":"product","link":"https:\/\/3dpmetal.com\/de\/product\/aluminium-alf357-powder\/","title":{"rendered":"Aluminium AlF357-Pulver"},"content":{"rendered":"<h2>\u00dcberblick<\/h2>\n<p><a href=\"https:\/\/en.wikipedia.org\/wiki\/Metal_powder\" target=\"_blank\" rel=\"noopener\">Aluminium AlF357-Pulver<\/a> ist ein sehr begehrtes Legierungspulver auf Aluminiumbasis, das f\u00fcr seine au\u00dfergew\u00f6hnliche Festigkeit, sein geringes Gewicht und seine Korrosionsbest\u00e4ndigkeit bekannt ist. Es findet in verschiedenen Branchen umfangreiche Anwendungen, insbesondere in der Luft- und Raumfahrt, der Automobilindustrie und der verarbeitenden Industrie, wo leichte und hochfeste Materialien f\u00fcr eine optimale Leistung unerl\u00e4sslich sind.<\/p>\n<h2>Komposition<\/h2>\n<p>Aluminium AlF357 Powder wird mit pr\u00e4zisen Legierungselementen sorgf\u00e4ltig hergestellt, um seine hervorragenden Eigenschaften zu erzielen:<\/p>\n<table>\n<thead>\n<tr>\n<th>Element<\/th>\n<th>Gew.-%<\/th>\n<\/tr>\n<\/thead>\n<tbody>\n<tr>\n<td>Aluminium (Al)<\/td>\n<td>91.0-93.0<\/td>\n<\/tr>\n<tr>\n<td>Silizium (Si)<\/td>\n<td>6.0-8.0<\/td>\n<\/tr>\n<tr>\n<td>Eisen (Fe)<\/td>\n<td>\u22640.5<\/td>\n<\/tr>\n<tr>\n<td>Kupfer (Cu)<\/td>\n<td>\u22640.15<\/td>\n<\/tr>\n<tr>\n<td>Mangan (Mn)<\/td>\n<td>\u22640.15<\/td>\n<\/tr>\n<tr>\n<td>Magnesium (Mg)<\/td>\n<td>\u22640.1<\/td>\n<\/tr>\n<tr>\n<td>Titan (Ti)<\/td>\n<td>\u22640.1<\/td>\n<\/tr>\n<tr>\n<td>Chrom (Cr)<\/td>\n<td>\u22640.1<\/td>\n<\/tr>\n<tr>\n<td>Zink (Zn)<\/td>\n<td>\u22640.05<\/td>\n<\/tr>\n<tr>\n<td>Andere<\/td>\n<td>\u22640.05<\/td>\n<\/tr>\n<\/tbody>\n<\/table>\n<p>Diese Legierungselemente tragen synergetisch zur Festigkeit, Korrosionsbest\u00e4ndigkeit und den mechanischen Eigenschaften der Legierung bei.<\/p>\n<h2>Merkmale<\/h2>\n<p>Aluminium AlF357 Powder weist bemerkenswerte Eigenschaften auf, die f\u00fcr anspruchsvolle Anwendungen unerl\u00e4sslich sind:<\/p>\n<table>\n<thead>\n<tr>\n<th>Immobilie<\/th>\n<th>Wert<\/th>\n<\/tr>\n<\/thead>\n<tbody>\n<tr>\n<td>Dichte<\/td>\n<td>2,65 g\/cm\u00b3<\/td>\n<\/tr>\n<tr>\n<td>Zugfestigkeit<\/td>\n<td>380-420 MPa<\/td>\n<\/tr>\n<tr>\n<td>Streckgrenze<\/td>\n<td>290-320 MPa<\/td>\n<\/tr>\n<tr>\n<td>Verl\u00e4ngerung<\/td>\n<td>5-8%<\/td>\n<\/tr>\n<tr>\n<td>Schmelzpunkt<\/td>\n<td>~600\u00b0C<\/td>\n<\/tr>\n<tr>\n<td>W\u00e4rmeleitf\u00e4higkeit<\/td>\n<td>120-160 W\/m-K<\/td>\n<\/tr>\n<tr>\n<td>Koeffizient der Ausdehnung<\/td>\n<td>23,1 \u00b5m\/m-K<\/td>\n<\/tr>\n<\/tbody>\n<\/table>\n<p>Aufgrund dieser herausragenden Eigenschaften eignet sich Aluminium AlF357 Powder f\u00fcr eine Vielzahl von Anwendungen, die hohe Festigkeit, geringes Gewicht und Korrosionsbest\u00e4ndigkeit erfordern.<\/p>\n<h2>ANWENDUNGEN<\/h2>\n<p>Aluminium AlF357-Pulver findet in vielen verschiedenen Branchen Anwendung:<\/p>\n<ul>\n<li>Luft- und Raumfahrt: Flugzeugkomponenten, Strukturteile<\/li>\n<li>Automotive: Motorkomponenten, Fahrwerksteile<\/li>\n<li>Herstellung: Prototypentwicklung, Werkzeugbau<\/li>\n<li>Sportger\u00e4te: Fahrradrahmen, Rennsportkomponenten<\/li>\n<li>Konsumg\u00fcter: elektronische Geh\u00e4use, Ger\u00e4te<\/li>\n<\/ul>\n<p>Durch die Kombination hervorragender Eigenschaften ist es ideal f\u00fcr kritische Bauteile, die hohen Belastungen, Erm\u00fcdung und korrosiven Umgebungen ausgesetzt sind.<\/p>\n<h2>Additiver Fertigungsprozess<\/h2>\n<p>Aluminium AlF357-Pulver wird in der Regel durch Gas- oder Plasmazerst\u00e4ubung hergestellt, wodurch kugelf\u00f6rmige Partikel entstehen, die sich f\u00fcr additive Fertigungsverfahren wie selektives Laserschmelzen (SLM) und Pulverbettfusion (PBF) eignen.<\/p>\n<h2>Pulverspezifikationen<\/h2>\n<p>Aluminium AlF357-Pulver ist in verschiedenen Spezifikationen erh\u00e4ltlich, die auf spezifische Anwendungsanforderungen zugeschnitten sind und die Partikelgr\u00f6\u00dfenverteilung, Morphologie, Sch\u00fcttdichte, Reinheit und den Sauerstoffgehalt umfassen.<\/p>\n<h2>Normen und Benotungen<\/h2>\n<p>Aluminium AlF357 Powder entspricht den Industrienormen ASTM B214 und AMS 4219 und gew\u00e4hrleistet damit seine Qualit\u00e4t und Eignung f\u00fcr verschiedene Anwendungen.<\/p>\n<h2>Qualit\u00e4tskontrolle<\/h2>\n<p>F\u00fcr Aluminium AlF357 Powder werden strenge Qualit\u00e4tskontrollma\u00dfnahmen durchgef\u00fchrt, einschlie\u00dflich chemischer Analysen, Partikelgr\u00f6\u00dfenanalyse, Bewertung der Pulvermorphologie, Dichtepr\u00fcfung, Reinheitsbewertung und Analyse des Sauerstoffgehalts, um Konsistenz und Zuverl\u00e4ssigkeit zu gew\u00e4hrleisten.<\/p>\n<h2>Kostenanalyse<\/h2>\n<p>Die Kosten f\u00fcr Aluminium AlF357-Pulver h\u00e4ngen von mehreren Faktoren ab, darunter Auftragsvolumen, Partikelgr\u00f6\u00dfenbereich, Pulvermorphologie, Reinheitsgrad und Hersteller-\/Vertriebsmargen.<\/p>\n<h2>Lagerung und Handhabung von Pulvern<\/h2>\n<p>Um die Unversehrtheit von Aluminium AlF357 Powder zu erhalten, ist eine sachgem\u00e4\u00dfe Lagerung und Handhabung unerl\u00e4sslich. Dazu geh\u00f6ren die Lagerung in versiegelten Beh\u00e4ltern in einer kontrollierten Umgebung und die Einhaltung geeigneter Handhabungsprotokolle.<\/p>\n<h2>Gesundheit und Sicherheit<\/h2>\n<p>Aluminium AlF357 Powder birgt bei sachgem\u00e4\u00dfer Handhabung nur minimale Gesundheitsrisiken, was die Verwendung von pers\u00f6nlicher Schutzausr\u00fcstung und die Einhaltung von Sicherheitsprotokollen bei der Handhabung und Verarbeitung erfordert.<\/p>\n<h2>FAQ<\/h2>\n<ol>\n<li><strong>Was sind die wichtigsten Vorteile von Aluminium AlF357 Powder?<\/strong> Aluminium AlF357 Powder bietet au\u00dfergew\u00f6hnliche Festigkeit, geringes Gewicht und Korrosionsbest\u00e4ndigkeit und eignet sich daher f\u00fcr eine Vielzahl von Anwendungen in der Luft- und Raumfahrt, der Automobilindustrie und der verarbeitenden Industrie.<\/li>\n<li><strong>Ist Aluminium AlF357 Pulver f\u00fcr die additive Fertigung geeignet?<\/strong> Ja, Aluminium AlF357-Pulver wird h\u00e4ufig in additiven Fertigungsverfahren wie dem selektiven Laserschmelzen (SLM) und dem Pulverbettschmelzen (PBF) verwendet, um komplexe Bauteile mit hoher Festigkeit und geringem Gewicht herzustellen.<\/li>\n<li><strong>Kann Aluminium AlF357-Pulver in der Luft- und Raumfahrt verwendet werden?<\/strong> Ja, Aluminium AlF357-Pulver eignet sich aufgrund seines guten Verh\u00e4ltnisses von Festigkeit zu Gewicht und seiner Korrosionsbest\u00e4ndigkeit f\u00fcr Anwendungen in der Luft- und Raumfahrt, einschlie\u00dflich Flugzeugkomponenten und Strukturteilen.<\/li>\n<li><strong>Was sind die typischen Kosten im Zusammenhang mit Aluminium AlF357 Pulver?<\/strong> Die Kosten f\u00fcr Aluminium AlF357 Pulver variieren in Abh\u00e4ngigkeit von Faktoren wie Volumen, Partikelgr\u00f6\u00dfenbereich, Reinheitsgrad und Marktbedingungen.<\/li>\n<\/ol>","protected":false},"excerpt":{"rendered":"<p>\u00dcbersicht Aluminium AlF357 Powder ist ein sehr begehrtes Legierungspulver auf Aluminiumbasis, das f\u00fcr seine au\u00dfergew\u00f6hnliche Festigkeit, Leichtigkeit und Korrosionsbest\u00e4ndigkeit bekannt ist. Es findet umfangreiche Anwendungen in verschiedenen Industriezweigen, insbesondere in der Luft- und Raumfahrt, im Automobilbau und in der verarbeitenden Industrie, wo leichte und hochfeste Materialien f\u00fcr eine optimale Leistung unerl\u00e4sslich sind. Zusammensetzung Aluminium AlF357 Pulver wird sorgf\u00e4ltig mit pr\u00e4zisen Legierungselementen hergestellt...<\/p>","protected":false},"featured_media":1858,"parent":0,"template":"","meta":{"_acf_changed":false,"_kad_blocks_custom_css":"","_kad_blocks_head_custom_js":"","_kad_blocks_body_custom_js":"","_kad_blocks_footer_custom_js":"","_kad_post_transparent":"","_kad_post_title":"","_kad_post_layout":"","_kad_post_sidebar_id":"","_kad_post_content_style":"","_kad_post_vertical_padding":"","_kad_post_feature":"","_kad_post_feature_position":"","_kad_post_header":false,"_kad_post_footer":false,"_kad_post_classname":""},"product-category":[119],"class_list":["post-4296","product","type-product","status-publish","has-post-thumbnail","hentry","product-category-3d-printing-metal-powder"],"acf":[],"taxonomy_info":{"product-category":[{"value":119,"label":"3D Printing Metal Powder"}]},"featured_image_src_large":["https:\/\/3dpmetal.com\/wp-content\/uploads\/2024\/02\/GH3230-Powder.jpg",600,600,false],"author_info":[],"comment_info":"","_links":{"self":[{"href":"https:\/\/3dpmetal.com\/de\/wp-json\/wp\/v2\/product\/4296","targetHints":{"allow":["GET"]}}],"collection":[{"href":"https:\/\/3dpmetal.com\/de\/wp-json\/wp\/v2\/product"}],"about":[{"href":"https:\/\/3dpmetal.com\/de\/wp-json\/wp\/v2\/types\/product"}],"wp:featuredmedia":[{"embeddable":true,"href":"https:\/\/3dpmetal.com\/de\/wp-json\/wp\/v2\/media\/1858"}],"wp:attachment":[{"href":"https:\/\/3dpmetal.com\/de\/wp-json\/wp\/v2\/media?parent=4296"}],"wp:term":[{"taxonomy":"product-category","embeddable":true,"href":"https:\/\/3dpmetal.com\/de\/wp-json\/wp\/v2\/product-category?post=4296"}],"curies":[{"name":"wp","href":"https:\/\/api.w.org\/{rel}","templated":true}]}}