{"id":4301,"date":"2024-04-07T08:17:04","date_gmt":"2024-04-07T08:17:04","guid":{"rendered":"https:\/\/3dpmetal.com\/product\/inconel-x750-powder\/"},"modified":"2024-04-08T01:12:12","modified_gmt":"2024-04-08T01:12:12","slug":"inconel-x750-powder","status":"publish","type":"product","link":"https:\/\/3dpmetal.com\/de\/product\/inconel-x750-powder\/","title":{"rendered":"Inconel X750-Pulver"},"content":{"rendered":"<h2>Inconel X750-Pulver: \u00dcberblick<\/h2>\n<p><a href=\"https:\/\/en.wikipedia.org\/wiki\/Metal_powder\" target=\"_blank\" rel=\"noopener\">Inconel X750-Pulver<\/a> ist ein sehr begehrtes Superlegierungspulver auf Nickelbasis, das f\u00fcr seine au\u00dfergew\u00f6hnliche Hochtemperaturfestigkeit, Korrosionsbest\u00e4ndigkeit und hervorragenden mechanischen Eigenschaften bekannt ist. Dieses Pulver wird in verschiedenen Branchen eingesetzt, insbesondere in der Luft- und Raumfahrt, bei Gasturbinen und in der chemischen Verarbeitung. Es spielt eine zentrale Rolle bei Anwendungen, die Materialien erfordern, die extremen Bedingungen standhalten k\u00f6nnen.<\/p>\n<h2>Komposition<\/h2>\n<p>Inconel X750-Pulver wird sorgf\u00e4ltig mit pr\u00e4zisen Legierungselementen formuliert, um seine hervorragenden Eigenschaften zu erzielen:<\/p>\n<table>\n<thead>\n<tr>\n<th>Element<\/th>\n<th>Gew.-%<\/th>\n<\/tr>\n<\/thead>\n<tbody>\n<tr>\n<td>Nickel (Ni)<\/td>\n<td>70,0 min<\/td>\n<\/tr>\n<tr>\n<td>Chrom (Cr)<\/td>\n<td>14.0-17.0<\/td>\n<\/tr>\n<tr>\n<td>Eisen (Fe)<\/td>\n<td>5.0-9.0<\/td>\n<\/tr>\n<tr>\n<td>Aluminium (Al)<\/td>\n<td>0.4-1.0<\/td>\n<\/tr>\n<tr>\n<td>Titan (Ti)<\/td>\n<td>2.25-2.75<\/td>\n<\/tr>\n<tr>\n<td>Cobalt (Co)<\/td>\n<td>1,0 max<\/td>\n<\/tr>\n<tr>\n<td>Molybd\u00e4n (Mo)<\/td>\n<td>0.7-1.2<\/td>\n<\/tr>\n<tr>\n<td>Niobium (Nb)<\/td>\n<td>0.7-1.2<\/td>\n<\/tr>\n<tr>\n<td>Silizium (Si)<\/td>\n<td>0,5 max<\/td>\n<\/tr>\n<tr>\n<td>Kohlenstoff (C)<\/td>\n<td>0,08 max<\/td>\n<\/tr>\n<tr>\n<td>Mangan (Mn)<\/td>\n<td>0,5 max<\/td>\n<\/tr>\n<tr>\n<td>Schwefel (S)<\/td>\n<td>0,01 max<\/td>\n<\/tr>\n<\/tbody>\n<\/table>\n<p>Diese Legierungselemente wirken synergetisch, um die Hochtemperaturfestigkeit, die Korrosionsbest\u00e4ndigkeit und die mechanischen Eigenschaften der Legierung zu verbessern.<\/p>\n<h2>Merkmale<\/h2>\n<p>Inconel X750-Pulver weist bemerkenswerte Eigenschaften auf, die f\u00fcr anspruchsvolle Anwendungen unerl\u00e4sslich sind:<\/p>\n<table>\n<thead>\n<tr>\n<th>Immobilie<\/th>\n<th>Wert<\/th>\n<\/tr>\n<\/thead>\n<tbody>\n<tr>\n<td>Dichte<\/td>\n<td>8,28 g\/cm\u00b3<\/td>\n<\/tr>\n<tr>\n<td>Zugfestigkeit<\/td>\n<td>1400 MPa<\/td>\n<\/tr>\n<tr>\n<td>Streckgrenze<\/td>\n<td>1050 MPa<\/td>\n<\/tr>\n<tr>\n<td>Verl\u00e4ngerung<\/td>\n<td>15%<\/td>\n<\/tr>\n<tr>\n<td>H\u00e4rte (HRC)<\/td>\n<td>30 HRC<\/td>\n<\/tr>\n<tr>\n<td>Schmelzpunkt<\/td>\n<td>1399-1430\u00b0C<\/td>\n<\/tr>\n<tr>\n<td>W\u00e4rmeleitf\u00e4higkeit<\/td>\n<td>11,1 W\/m-K<\/td>\n<\/tr>\n<tr>\n<td>Koeffizient der Ausdehnung<\/td>\n<td>13,1 \u00b5m\/m-K<\/td>\n<\/tr>\n<\/tbody>\n<\/table>\n<p>Aufgrund dieser hervorragenden Eigenschaften eignet sich Inconel X750 Powder f\u00fcr eine Vielzahl von Anwendungen, die hohe Temperaturbest\u00e4ndigkeit, Korrosionsbest\u00e4ndigkeit und mechanische Zuverl\u00e4ssigkeit erfordern.<\/p>\n<h2>ANWENDUNGEN<\/h2>\n<p>Inconel X750-Pulver findet in vielen verschiedenen Branchen Anwendung:<\/p>\n<ul>\n<li>Luft- und Raumfahrt: Triebwerkskomponenten, Raketenmotoren<\/li>\n<li>Gasturbinen: Turbinenschaufeln, Dichtungen<\/li>\n<li>Chemische Verarbeitung: W\u00e4rmetauscher, Reaktorbeh\u00e4lter<\/li>\n<li>Kernenergie: Komponenten von Kernreaktoren<\/li>\n<li>Automobilindustrie: Auspuffanlagen, Turbolader-Rotoren<\/li>\n<\/ul>\n<p>Durch die Kombination hervorragender Eigenschaften ist es ideal f\u00fcr kritische Bauteile, die hohen Temperaturen, korrosiven Umgebungen und mechanischer Belastung ausgesetzt sind.<\/p>\n<h2>Additiver Fertigungsprozess<\/h2>\n<p>Inconel X750-Pulver wird in der Regel durch Gas- oder Plasmazerst\u00e4ubung hergestellt, wodurch kugelf\u00f6rmige Partikel entstehen, die sich f\u00fcr additive Fertigungsverfahren wie das selektive Laserschmelzen (SLM) und das Elektronenstrahlschmelzen (EBM) eignen.<\/p>\n<h2>Pulverspezifikationen<\/h2>\n<p>Inconel X750-Pulver ist in verschiedenen Spezifikationen erh\u00e4ltlich, die auf spezifische Anwendungsanforderungen zugeschnitten sind und die Partikelgr\u00f6\u00dfenverteilung, Morphologie, Sch\u00fcttdichte, Reinheit und Sauerstoffgehalt umfassen.<\/p>\n<h2>Normen und Benotungen<\/h2>\n<p>Inconel X750-Pulver entspricht den Industrienormen AMS 5542 und ASTM B637, was seine Qualit\u00e4t und Eignung f\u00fcr verschiedene Anwendungen gew\u00e4hrleistet.<\/p>\n<h2>Qualit\u00e4tskontrolle<\/h2>\n<p>F\u00fcr Inconel X750-Pulver werden strenge Qualit\u00e4tskontrollma\u00dfnahmen durchgef\u00fchrt, einschlie\u00dflich chemischer Analyse, Partikelgr\u00f6\u00dfenanalyse, Bewertung der Pulvermorphologie, Dichtepr\u00fcfung, Reinheitsbewertung und Analyse des Sauerstoffgehalts, um Konsistenz und Zuverl\u00e4ssigkeit zu gew\u00e4hrleisten.<\/p>\n<h2>Kostenanalyse<\/h2>\n<p>Die Kosten f\u00fcr Inconel X750-Pulver h\u00e4ngen von mehreren Faktoren ab, darunter Auftragsvolumen, Partikelgr\u00f6\u00dfenbereich, Pulvermorphologie, Reinheitsgrad und Hersteller-\/H\u00e4ndlermargen.<\/p>\n<h2>Lagerung und Handhabung von Pulvern<\/h2>\n<p>Um die Unversehrtheit von Inconel X750-Pulver zu erhalten, ist eine sachgem\u00e4\u00dfe Lagerung und Handhabung unerl\u00e4sslich. Dazu geh\u00f6ren die Lagerung in versiegelten Beh\u00e4ltern in einer kontrollierten Umgebung und die Einhaltung geeigneter Handhabungsprotokolle.<\/p>\n<h2>Gesundheit und Sicherheit<\/h2>\n<p>Inconel X750-Pulver birgt bei sachgem\u00e4\u00dfer Handhabung nur minimale Gesundheitsrisiken, was die Verwendung von pers\u00f6nlicher Schutzausr\u00fcstung und die Einhaltung von Sicherheitsprotokollen w\u00e4hrend der Handhabung und Verarbeitung erfordert.<\/p>\n<h2>FAQ<\/h2>\n<ol>\n<li><strong>Was sind die wichtigsten Vorteile von Inconel X750-Pulver?<\/strong> Inconel X750-Pulver bietet eine au\u00dfergew\u00f6hnliche Hochtemperaturfestigkeit, Korrosionsbest\u00e4ndigkeit und mechanische Zuverl\u00e4ssigkeit und eignet sich daher f\u00fcr eine Vielzahl anspruchsvoller Anwendungen in der Luft- und Raumfahrt, in Gasturbinen und in der chemischen Verarbeitungsindustrie.<\/li>\n<li><strong>Kann Inconel X750-Pulver in der additiven Fertigung verwendet werden?<\/strong> Ja, Inconel X750-Pulver wird h\u00e4ufig in additiven Fertigungsverfahren wie dem selektiven Laserschmelzen (SLM) und dem Elektronenstrahlschmelzen (EBM) verwendet, um komplexe Bauteile mit hoher Festigkeit und Zuverl\u00e4ssigkeit herzustellen.<\/li>\n<li><strong>Ist Inconel X750-Pulver f\u00fcr Gasturbinenanwendungen geeignet?<\/strong> Ja, Inconel X750-Pulver eignet sich aufgrund seiner Hochtemperaturfestigkeit und Korrosionsbest\u00e4ndigkeit f\u00fcr Anwendungen in Gasturbinen, einschlie\u00dflich Turbinenschaufeln und Dichtungen.<\/li>\n<li><strong>Was sind die typischen Kosten im Zusammenhang mit Inconel X750-Pulver?<\/strong> Die Kosten f\u00fcr Inconel X750-Pulver h\u00e4ngen von Faktoren wie Volumen, Partikelgr\u00f6\u00dfenbereich, Reinheitsgrad und Marktbedingungen ab.<\/li>\n<\/ol>","protected":false},"excerpt":{"rendered":"<p>Inconel X750-Pulver: \u00dcberblick Inconel X750-Pulver ist ein sehr begehrtes Superlegierungspulver auf Nickelbasis, das f\u00fcr seine au\u00dfergew\u00f6hnliche Hochtemperaturfestigkeit, Korrosionsbest\u00e4ndigkeit und hervorragenden mechanischen Eigenschaften bekannt ist. Dieses Pulver wird in verschiedenen Industriezweigen eingesetzt, insbesondere in der Luft- und Raumfahrt, bei Gasturbinen und in der chemischen Verarbeitung. Es spielt eine entscheidende Rolle bei Anwendungen, die Materialien erfordern, die extremen Bedingungen standhalten k\u00f6nnen. ....<\/p>","protected":false},"featured_media":4263,"parent":0,"template":"","meta":{"_acf_changed":false,"_kad_blocks_custom_css":"","_kad_blocks_head_custom_js":"","_kad_blocks_body_custom_js":"","_kad_blocks_footer_custom_js":"","_kad_post_transparent":"","_kad_post_title":"","_kad_post_layout":"","_kad_post_sidebar_id":"","_kad_post_content_style":"","_kad_post_vertical_padding":"","_kad_post_feature":"","_kad_post_feature_position":"","_kad_post_header":false,"_kad_post_footer":false,"_kad_post_classname":""},"product-category":[119],"class_list":["post-4301","product","type-product","status-publish","has-post-thumbnail","hentry","product-category-3d-printing-metal-powder"],"acf":[],"taxonomy_info":{"product-category":[{"value":119,"label":"3D Printing Metal Powder"}]},"featured_image_src_large":["https:\/\/3dpmetal.com\/wp-content\/uploads\/2024\/04\/Ti48Al2Cr2Nb.jpg",510,444,false],"author_info":[],"comment_info":"","_links":{"self":[{"href":"https:\/\/3dpmetal.com\/de\/wp-json\/wp\/v2\/product\/4301","targetHints":{"allow":["GET"]}}],"collection":[{"href":"https:\/\/3dpmetal.com\/de\/wp-json\/wp\/v2\/product"}],"about":[{"href":"https:\/\/3dpmetal.com\/de\/wp-json\/wp\/v2\/types\/product"}],"wp:featuredmedia":[{"embeddable":true,"href":"https:\/\/3dpmetal.com\/de\/wp-json\/wp\/v2\/media\/4263"}],"wp:attachment":[{"href":"https:\/\/3dpmetal.com\/de\/wp-json\/wp\/v2\/media?parent=4301"}],"wp:term":[{"taxonomy":"product-category","embeddable":true,"href":"https:\/\/3dpmetal.com\/de\/wp-json\/wp\/v2\/product-category?post=4301"}],"curies":[{"name":"wp","href":"https:\/\/api.w.org\/{rel}","templated":true}]}}