{"id":4309,"date":"2024-04-07T08:17:24","date_gmt":"2024-04-07T08:17:24","guid":{"rendered":"https:\/\/3dpmetal.com\/product\/hastelloy-g30-powder\/"},"modified":"2024-04-08T01:22:43","modified_gmt":"2024-04-08T01:22:43","slug":"hastelloy-g30-powder","status":"publish","type":"product","link":"https:\/\/3dpmetal.com\/de\/product\/hastelloy-g30-powder\/","title":{"rendered":"Hastelloy G30-Pulver"},"content":{"rendered":"<h2>Hastelloy G30-Pulver: \u00dcbersicht<\/h2>\n<p><a href=\"https:\/\/en.wikipedia.org\/wiki\/Metal_powder\" target=\"_blank\" rel=\"noopener\">Hastelloy G30-Pulver<\/a> ist eine hoch angesehene Nickel-Chrom-Eisen-Molybd\u00e4n-Legierung, die f\u00fcr ihre au\u00dfergew\u00f6hnliche Korrosionsbest\u00e4ndigkeit, Hochtemperaturfestigkeit und hervorragende Verarbeitbarkeit bekannt ist. Dieses Pulver wird h\u00e4ufig in der chemischen, petrochemischen und pharmazeutischen Industrie verwendet und spielt eine entscheidende Rolle bei der Herstellung von Komponenten, die eine hervorragende Korrosionsbest\u00e4ndigkeit in stark sauren Umgebungen erfordern.<\/p>\n<h2>Komposition<\/h2>\n<p>Hastelloy G30-Pulver wird sorgf\u00e4ltig mit pr\u00e4zisen Legierungselementen hergestellt, um seine hervorragenden Eigenschaften zu erzielen:<\/p>\n<table>\n<thead>\n<tr>\n<th>Element<\/th>\n<th>Gew.-%<\/th>\n<\/tr>\n<\/thead>\n<tbody>\n<tr>\n<td>Nickel (Ni)<\/td>\n<td>46-49<\/td>\n<\/tr>\n<tr>\n<td>Chrom (Cr)<\/td>\n<td>29-32<\/td>\n<\/tr>\n<tr>\n<td>Eisen (Fe)<\/td>\n<td>14-17<\/td>\n<\/tr>\n<tr>\n<td>Molybd\u00e4n (Mo)<\/td>\n<td>4-6<\/td>\n<\/tr>\n<tr>\n<td>Kupfer (Cu)<\/td>\n<td>\u22641.5<\/td>\n<\/tr>\n<tr>\n<td>Cobalt (Co)<\/td>\n<td>\u22641<\/td>\n<\/tr>\n<tr>\n<td>Mangan (Mn)<\/td>\n<td>\u22641<\/td>\n<\/tr>\n<tr>\n<td>Vanadium (V)<\/td>\n<td>\u22640.35<\/td>\n<\/tr>\n<tr>\n<td>Kohlenstoff (C)<\/td>\n<td>\u22640.03<\/td>\n<\/tr>\n<tr>\n<td>Silizium (Si)<\/td>\n<td>\u22640.02<\/td>\n<\/tr>\n<tr>\n<td>Phosphor (P)<\/td>\n<td>\u22640.015<\/td>\n<\/tr>\n<tr>\n<td>Schwefel (S)<\/td>\n<td>\u22640.010<\/td>\n<\/tr>\n<\/tbody>\n<\/table>\n<p>Diese Legierungselemente wirken synergetisch, um die Korrosionsbest\u00e4ndigkeit, Festigkeit und Verarbeitbarkeit der Legierung zu verbessern.<\/p>\n<h2>Merkmale<\/h2>\n<p>Hastelloy G30-Pulver weist bemerkenswerte Eigenschaften auf, die f\u00fcr anspruchsvolle Anwendungen unerl\u00e4sslich sind:<\/p>\n<table>\n<thead>\n<tr>\n<th>Immobilie<\/th>\n<th>Wert<\/th>\n<\/tr>\n<\/thead>\n<tbody>\n<tr>\n<td>Dichte<\/td>\n<td>8,50 g\/cm\u00b3<\/td>\n<\/tr>\n<tr>\n<td>Zugfestigkeit<\/td>\n<td>690 MPa<\/td>\n<\/tr>\n<tr>\n<td>Streckgrenze<\/td>\n<td>280 MPa<\/td>\n<\/tr>\n<tr>\n<td>Verl\u00e4ngerung<\/td>\n<td>45%<\/td>\n<\/tr>\n<tr>\n<td>H\u00e4rte (HRB)<\/td>\n<td>95 HRB<\/td>\n<\/tr>\n<tr>\n<td>Schmelzpunkt<\/td>\n<td>~1399-1454\u00b0C<\/td>\n<\/tr>\n<tr>\n<td>W\u00e4rmeleitf\u00e4higkeit<\/td>\n<td>10,8 W\/m-K<\/td>\n<\/tr>\n<tr>\n<td>Elektrischer Widerstand<\/td>\n<td>126 \u00b5\u03a9-cm<\/td>\n<\/tr>\n<\/tbody>\n<\/table>\n<p>Aufgrund dieser hervorragenden Eigenschaften eignet sich Hastelloy G30-Pulver f\u00fcr eine Vielzahl von Anwendungen, die eine hervorragende Korrosionsbest\u00e4ndigkeit und Hochtemperaturfestigkeit erfordern.<\/p>\n<h2>ANWENDUNGEN<\/h2>\n<p>Hastelloy G30-Pulver findet in vielen verschiedenen Industriezweigen Anwendung:<\/p>\n<ul>\n<li>Chemische Verarbeitung: Reaktorbeh\u00e4lter, W\u00e4rmetauscher, Rohrleitungssysteme<\/li>\n<li>Petrochemie: Gasentschwefelungsanlagen, Schwefels\u00e4ureproduktion<\/li>\n<li>Pharmazeutik: Ausr\u00fcstung f\u00fcr die pharmazeutische Verarbeitung<\/li>\n<li>Umweltschutz: W\u00e4scher, Kaminauskleidungen, Rauchgasentschwefelungsanlagen<\/li>\n<\/ul>\n<p>Durch die Kombination hervorragender Eigenschaften ist es ideal f\u00fcr kritische Bauteile, die stark korrosiven und hohen Temperaturen ausgesetzt sind.<\/p>\n<h2>Additiver Fertigungsprozess<\/h2>\n<p>Hastelloy G30-Pulver wird in der Regel durch Gas- oder Plasmazerst\u00e4ubung hergestellt. Dabei entstehen kugelf\u00f6rmige Partikel, die sich f\u00fcr additive Fertigungsverfahren wie das selektive Laserschmelzen (SLM) und das Elektronenstrahlschmelzen (EBM) eignen.<\/p>\n<h2>Pulverspezifikationen<\/h2>\n<p>Hastelloy G30-Pulver ist in verschiedenen Gr\u00f6\u00dfenbereichen, Morphologien und Qualit\u00e4tsstufen erh\u00e4ltlich und erf\u00fcllt spezifische Anwendungsanforderungen.<\/p>\n<h2>Normen und Benotungen<\/h2>\n<p>Hastelloy G30-Pulver entspricht den Industrienormen wie ASTM B und ASME SB und gew\u00e4hrleistet damit seine Qualit\u00e4t und Eignung f\u00fcr verschiedene Anwendungen.<\/p>\n<h2>Qualit\u00e4tskontrolle<\/h2>\n<p>F\u00fcr Hastelloy G30-Pulver werden strenge Qualit\u00e4tskontrollma\u00dfnahmen durchgef\u00fchrt, einschlie\u00dflich chemischer Analyse, Partikelgr\u00f6\u00dfenanalyse, Bewertung der Pulvermorphologie, Dichtepr\u00fcfung, Reinheitsbewertung und Analyse des Sauerstoffgehalts, um Konsistenz und Zuverl\u00e4ssigkeit zu gew\u00e4hrleisten.<\/p>\n<h2>Kostenanalyse<\/h2>\n<p>Die Kosten f\u00fcr Hastelloy G30-Pulver h\u00e4ngen von mehreren Faktoren ab, darunter Auftragsvolumen, Korngr\u00f6\u00dfenbereich, Pulvermorphologie, Reinheitsgrad und Marktbedingungen.<\/p>\n<h2>Lagerung und Handhabung von Pulvern<\/h2>\n<p>Um die Unversehrtheit von Hastelloy G30-Pulver zu erhalten, ist eine sachgem\u00e4\u00dfe Lagerung und Handhabung unerl\u00e4sslich. Dazu geh\u00f6ren die Lagerung in versiegelten Beh\u00e4ltern in einer kontrollierten Umgebung und die Einhaltung geeigneter Handhabungsprotokolle.<\/p>\n<h2>Gesundheit und Sicherheit<\/h2>\n<p>Hastelloy G30-Pulver birgt bei sachgem\u00e4\u00dfer Handhabung nur minimale Gesundheitsrisiken, was die Verwendung von pers\u00f6nlicher Schutzausr\u00fcstung und die Einhaltung von Sicherheitsprotokollen bei der Handhabung und Verarbeitung erfordert.<\/p>\n<h2>FAQ<\/h2>\n<ol>\n<li><strong>Was sind die wichtigsten Vorteile von Hastelloy G30-Pulver?<\/strong> Hastelloy G30-Pulver bietet eine au\u00dfergew\u00f6hnliche Korrosionsbest\u00e4ndigkeit, Hochtemperaturfestigkeit und Verarbeitbarkeit und eignet sich daher f\u00fcr eine Vielzahl von Anwendungen in der chemischen Verarbeitung, der Petrochemie und der pharmazeutischen Industrie.<\/li>\n<li><strong>Kann Hastelloy G30-Pulver f\u00fcr die additive Fertigung verwendet werden?<\/strong> Ja, Hastelloy G30-Pulver wird h\u00e4ufig in additiven Fertigungsverfahren wie dem selektiven Laserschmelzen (SLM) und dem Elektronenstrahlschmelzen (EBM) verwendet, um Bauteile mit hervorragender Korrosionsbest\u00e4ndigkeit und Hochtemperaturfestigkeit herzustellen.<\/li>\n<li><strong>Ist Hastelloy G30-Pulver f\u00fcr Anwendungen in der chemischen Industrie geeignet?<\/strong> Ja, Hastelloy G30-Pulver eignet sich aufgrund seiner au\u00dfergew\u00f6hnlichen Korrosionsbest\u00e4ndigkeit und Hochtemperaturfestigkeit f\u00fcr Anwendungen in der chemischen Verarbeitung, einschlie\u00dflich Reaktorbeh\u00e4lter, W\u00e4rmetauscher und Rohrleitungssysteme.<\/li>\n<li><strong>Was sind die typischen Kosten f\u00fcr Hastelloy G30-Pulver?<\/strong> Die Kosten f\u00fcr Hastelloy G30-Pulver variieren in Abh\u00e4ngigkeit von Faktoren wie Volumen, Partikelgr\u00f6\u00dfenbereich, Reinheitsgrad und Marktbedingungen.<\/li>\n<\/ol>","protected":false},"excerpt":{"rendered":"<p>Hastelloy G30-Pulver: \u00dcbersicht Hastelloy G30-Pulver ist eine hoch angesehene Nickel-Chrom-Eisen-Molybd\u00e4n-Legierung, die f\u00fcr ihre au\u00dfergew\u00f6hnliche Korrosionsbest\u00e4ndigkeit, Hochtemperaturfestigkeit und hervorragende Verarbeitbarkeit bekannt ist. Dieses Pulver wird h\u00e4ufig in der chemischen, petrochemischen und pharmazeutischen Industrie eingesetzt und spielt eine entscheidende Rolle bei der Herstellung von Komponenten, die eine hervorragende Korrosionsbest\u00e4ndigkeit in stark sauren Umgebungen erfordern. Zusammensetzung Hastelloy G30-Pulver...<\/p>","protected":false},"featured_media":1858,"parent":0,"template":"","meta":{"_acf_changed":false,"_kad_blocks_custom_css":"","_kad_blocks_head_custom_js":"","_kad_blocks_body_custom_js":"","_kad_blocks_footer_custom_js":"","_kad_post_transparent":"","_kad_post_title":"","_kad_post_layout":"","_kad_post_sidebar_id":"","_kad_post_content_style":"","_kad_post_vertical_padding":"","_kad_post_feature":"","_kad_post_feature_position":"","_kad_post_header":false,"_kad_post_footer":false,"_kad_post_classname":""},"product-category":[119],"class_list":["post-4309","product","type-product","status-publish","has-post-thumbnail","hentry","product-category-3d-printing-metal-powder"],"acf":[],"taxonomy_info":{"product-category":[{"value":119,"label":"3D Printing Metal Powder"}]},"featured_image_src_large":["https:\/\/3dpmetal.com\/wp-content\/uploads\/2024\/02\/GH3230-Powder.jpg",600,600,false],"author_info":[],"comment_info":"","_links":{"self":[{"href":"https:\/\/3dpmetal.com\/de\/wp-json\/wp\/v2\/product\/4309","targetHints":{"allow":["GET"]}}],"collection":[{"href":"https:\/\/3dpmetal.com\/de\/wp-json\/wp\/v2\/product"}],"about":[{"href":"https:\/\/3dpmetal.com\/de\/wp-json\/wp\/v2\/types\/product"}],"wp:featuredmedia":[{"embeddable":true,"href":"https:\/\/3dpmetal.com\/de\/wp-json\/wp\/v2\/media\/1858"}],"wp:attachment":[{"href":"https:\/\/3dpmetal.com\/de\/wp-json\/wp\/v2\/media?parent=4309"}],"wp:term":[{"taxonomy":"product-category","embeddable":true,"href":"https:\/\/3dpmetal.com\/de\/wp-json\/wp\/v2\/product-category?post=4309"}],"curies":[{"name":"wp","href":"https:\/\/api.w.org\/{rel}","templated":true}]}}