{"id":4311,"date":"2024-04-07T08:17:24","date_gmt":"2024-04-07T08:17:24","guid":{"rendered":"https:\/\/3dpmetal.com\/product\/nickel-alloy-52-powder\/"},"modified":"2024-04-08T01:25:33","modified_gmt":"2024-04-08T01:25:33","slug":"nickel-alloy-52-powder","status":"publish","type":"product","link":"https:\/\/3dpmetal.com\/de\/product\/nickel-alloy-52-powder\/","title":{"rendered":"Nickellegierung 52 Pulver"},"content":{"rendered":"<h2>Nickellegierung 52-Pulver: \u00dcbersicht<\/h2>\n<p><a href=\"https:\/\/en.wikipedia.org\/wiki\/Metal_powder\" target=\"_blank\" rel=\"noopener\">Nickellegierung 52 Pulver<\/a> ist ein hoch angesehenes Pulver aus einer Nickel-Eisen-Legierung, das f\u00fcr seine au\u00dfergew\u00f6hnlichen W\u00e4rmeausdehnungseigenschaften, seine geringe W\u00e4rmeleitf\u00e4higkeit und seinen hohen elektrischen Widerstand bekannt ist. Dieses Pulver wird h\u00e4ufig in elektronischen und elektrischen Anwendungen eingesetzt und spielt eine entscheidende Rolle bei der Herstellung von Komponenten, die eine pr\u00e4zise Kontrolle der W\u00e4rmeausdehnung und hohe Zuverl\u00e4ssigkeit erfordern.<\/p>\n<h2>Komposition<\/h2>\n<p>Nickel Alloy 52 Powder wird sorgf\u00e4ltig mit pr\u00e4zisen Legierungselementen hergestellt, um seine hervorragenden Eigenschaften zu erzielen:<\/p>\n<table>\n<thead>\n<tr>\n<th>Element<\/th>\n<th>Gew.-%<\/th>\n<\/tr>\n<\/thead>\n<tbody>\n<tr>\n<td>Nickel (Ni)<\/td>\n<td>49.0-51.0<\/td>\n<\/tr>\n<tr>\n<td>Eisen (Fe)<\/td>\n<td>Balanse<\/td>\n<\/tr>\n<tr>\n<td>Mangan (Mn)<\/td>\n<td>\u22640.60<\/td>\n<\/tr>\n<tr>\n<td>Silizium (Si)<\/td>\n<td>\u22640.30<\/td>\n<\/tr>\n<tr>\n<td>Kohlenstoff (C)<\/td>\n<td>\u22640.05<\/td>\n<\/tr>\n<tr>\n<td>Schwefel (S)<\/td>\n<td>\u22640.02<\/td>\n<\/tr>\n<tr>\n<td>Phosphor (P)<\/td>\n<td>\u22640.02<\/td>\n<\/tr>\n<\/tbody>\n<\/table>\n<p>Diese Legierungselemente wirken synergetisch, um die W\u00e4rmeausdehnungseigenschaften und den elektrischen Widerstand der Legierung zu verbessern.<\/p>\n<h2>Merkmale<\/h2>\n<p>Nickel Alloy 52 Powder weist bemerkenswerte Eigenschaften auf, die f\u00fcr anspruchsvolle Anwendungen unerl\u00e4sslich sind:<\/p>\n<table>\n<thead>\n<tr>\n<th>Immobilie<\/th>\n<th>Wert<\/th>\n<\/tr>\n<\/thead>\n<tbody>\n<tr>\n<td>Dichte<\/td>\n<td>8,25 g\/cm\u00b3<\/td>\n<\/tr>\n<tr>\n<td>Koeffizient der Ausdehnung<\/td>\n<td>10,9 \u00b5m\/m-K<\/td>\n<\/tr>\n<tr>\n<td>W\u00e4rmeleitf\u00e4higkeit<\/td>\n<td>17,1 W\/m-K<\/td>\n<\/tr>\n<tr>\n<td>Elektrischer Widerstand<\/td>\n<td>0,44 \u00b5\u03a9-m<\/td>\n<\/tr>\n<tr>\n<td>Zugfestigkeit<\/td>\n<td>450 MPa<\/td>\n<\/tr>\n<tr>\n<td>Streckgrenze<\/td>\n<td>175 MPa<\/td>\n<\/tr>\n<tr>\n<td>Verl\u00e4ngerung<\/td>\n<td>40%<\/td>\n<\/tr>\n<tr>\n<td>Schmelzpunkt<\/td>\n<td>~1330-1370\u00b0C<\/td>\n<\/tr>\n<\/tbody>\n<\/table>\n<p>Aufgrund dieser hervorragenden Eigenschaften eignet sich Nickellegierung 52-Pulver f\u00fcr eine Vielzahl von Anwendungen, die eine pr\u00e4zise Steuerung der W\u00e4rmeausdehnung und einen hohen elektrischen Widerstand erfordern.<\/p>\n<h2>ANWENDUNGEN<\/h2>\n<p>Nickellegierung 52-Pulver findet in vielen verschiedenen Branchen Anwendung:<\/p>\n<ul>\n<li>Elektronik: Bleirahmen, Keramik-Metall-Dichtungen, Glas-Metall-Dichtungen<\/li>\n<li>Elektrisch: drahtgewickelte Widerst\u00e4nde, Pr\u00e4zisionsinstrumente, Thermoelemente<\/li>\n<li>Automobilindustrie: Sensorkomponenten, Relaiskomponenten<\/li>\n<li>Luft- und Raumfahrt: Satellitenkomponenten, Luft- und Raumfahrtelektronik<\/li>\n<\/ul>\n<p>Die Kombination seiner hervorragenden Eigenschaften macht es ideal f\u00fcr kritische Komponenten, die ein pr\u00e4zises W\u00e4rmemanagement und hohe Zuverl\u00e4ssigkeit erfordern.<\/p>\n<h2>Additiver Fertigungsprozess<\/h2>\n<p>Nickellegierung 52-Pulver wird in der Regel durch Gas- oder Plasmazerst\u00e4ubung hergestellt, wodurch kugelf\u00f6rmige Partikel entstehen, die sich f\u00fcr additive Fertigungsverfahren wie selektives Laserschmelzen (SLM) und Elektronenstrahlschmelzen (EBM) eignen.<\/p>\n<h2>Pulverspezifikationen<\/h2>\n<p>Nickellegierung 52-Pulver ist in verschiedenen Gr\u00f6\u00dfenbereichen, Morphologien und Qualit\u00e4tsstufen erh\u00e4ltlich und erf\u00fcllt spezifische Anwendungsanforderungen.<\/p>\n<h2>Normen und Benotungen<\/h2>\n<p>Nickel Alloy 52 Powder entspricht den Industrienormen wie ASTM F und AMS 4, was seine Qualit\u00e4t und Eignung f\u00fcr verschiedene Anwendungen gew\u00e4hrleistet.<\/p>\n<h2>Qualit\u00e4tskontrolle<\/h2>\n<p>F\u00fcr Nickel Alloy 52 Powder werden strenge Qualit\u00e4tskontrollma\u00dfnahmen durchgef\u00fchrt, einschlie\u00dflich chemischer Analyse, Partikelgr\u00f6\u00dfenanalyse, Bewertung der Pulvermorphologie, Dichtepr\u00fcfung, Reinheitsbewertung und Analyse des Sauerstoffgehalts, um Konsistenz und Zuverl\u00e4ssigkeit zu gew\u00e4hrleisten.<\/p>\n<h2>Kostenanalyse<\/h2>\n<p>Die Kosten f\u00fcr Nickellegierung 52-Pulver h\u00e4ngen von mehreren Faktoren ab, darunter Auftragsvolumen, Partikelgr\u00f6\u00dfe, Pulvermorphologie, Reinheitsgrad und Marktbedingungen.<\/p>\n<h2>Lagerung und Handhabung von Pulvern<\/h2>\n<p>Um die Unversehrtheit von Nickel Alloy 52 Powder zu erhalten, ist eine sachgem\u00e4\u00dfe Lagerung und Handhabung unerl\u00e4sslich, einschlie\u00dflich der Lagerung in versiegelten Beh\u00e4ltern in einer kontrollierten Umgebung und der Einhaltung geeigneter Handhabungsprotokolle.<\/p>\n<h2>Gesundheit und Sicherheit<\/h2>\n<p>Nickellegierung 52-Pulver birgt bei sachgem\u00e4\u00dfer Handhabung nur minimale Gesundheitsrisiken, was die Verwendung von pers\u00f6nlicher Schutzausr\u00fcstung und die Einhaltung von Sicherheitsprotokollen w\u00e4hrend der Handhabung und Verarbeitung erfordert.<\/p>","protected":false},"excerpt":{"rendered":"<p>Nickel-Legierung 52-Pulver: \u00dcbersicht Nickel Alloy 52 Powder ist ein hoch angesehenes Nickel-Eisen-Legierungspulver, das f\u00fcr seine au\u00dfergew\u00f6hnlichen W\u00e4rmeausdehnungseigenschaften, seine geringe W\u00e4rmeleitf\u00e4higkeit und seinen hohen elektrischen Widerstand bekannt ist. Dieses Pulver wird h\u00e4ufig in elektronischen und elektrischen Anwendungen eingesetzt und spielt eine entscheidende Rolle bei der Herstellung von Komponenten, die eine pr\u00e4zise Kontrolle der W\u00e4rmeausdehnung und hohe Zuverl\u00e4ssigkeit erfordern. Zusammensetzung...<\/p>","protected":false},"featured_media":1798,"parent":0,"template":"","meta":{"_acf_changed":false,"_kad_blocks_custom_css":"","_kad_blocks_head_custom_js":"","_kad_blocks_body_custom_js":"","_kad_blocks_footer_custom_js":"","_kad_post_transparent":"","_kad_post_title":"","_kad_post_layout":"","_kad_post_sidebar_id":"","_kad_post_content_style":"","_kad_post_vertical_padding":"","_kad_post_feature":"","_kad_post_feature_position":"","_kad_post_header":false,"_kad_post_footer":false,"_kad_post_classname":""},"product-category":[119],"class_list":["post-4311","product","type-product","status-publish","has-post-thumbnail","hentry","product-category-3d-printing-metal-powder"],"acf":[],"taxonomy_info":{"product-category":[{"value":119,"label":"3D Printing Metal Powder"}]},"featured_image_src_large":["https:\/\/3dpmetal.com\/wp-content\/uploads\/2024\/02\/GH-3625-Powder.jpg",600,600,false],"author_info":[],"comment_info":"","_links":{"self":[{"href":"https:\/\/3dpmetal.com\/de\/wp-json\/wp\/v2\/product\/4311","targetHints":{"allow":["GET"]}}],"collection":[{"href":"https:\/\/3dpmetal.com\/de\/wp-json\/wp\/v2\/product"}],"about":[{"href":"https:\/\/3dpmetal.com\/de\/wp-json\/wp\/v2\/types\/product"}],"wp:featuredmedia":[{"embeddable":true,"href":"https:\/\/3dpmetal.com\/de\/wp-json\/wp\/v2\/media\/1798"}],"wp:attachment":[{"href":"https:\/\/3dpmetal.com\/de\/wp-json\/wp\/v2\/media?parent=4311"}],"wp:term":[{"taxonomy":"product-category","embeddable":true,"href":"https:\/\/3dpmetal.com\/de\/wp-json\/wp\/v2\/product-category?post=4311"}],"curies":[{"name":"wp","href":"https:\/\/api.w.org\/{rel}","templated":true}]}}