{"id":4312,"date":"2024-04-07T08:17:24","date_gmt":"2024-04-07T08:17:24","guid":{"rendered":"https:\/\/3dpmetal.com\/product\/inconel-600-powder\/"},"modified":"2024-04-08T01:31:11","modified_gmt":"2024-04-08T01:31:11","slug":"inconel-600-powder","status":"publish","type":"product","link":"https:\/\/3dpmetal.com\/de\/product\/inconel-600-powder\/","title":{"rendered":"Inconel 600-Pulver"},"content":{"rendered":"<h2>Inconel 600-Pulver: \u00dcberblick<\/h2>\n<p><a href=\"https:\/\/en.wikipedia.org\/wiki\/Metal_powder\" target=\"_blank\" rel=\"noopener\">Inconel 600-Pulver<\/a> ist f\u00fcr seine au\u00dfergew\u00f6hnliche Widerstandsf\u00e4higkeit gegen\u00fcber hohen Temperaturen und Korrosion bekannt, was es zu einem wertvollen Material in verschiedenen Branchen macht. Seine \u00fcberragende Festigkeit und Zuverl\u00e4ssigkeit in extremen Umgebungen machen es zu einer bevorzugten Wahl f\u00fcr kritische Anwendungen.<\/p>\n<h2>Komposition<\/h2>\n<p>Inconel 600-Pulver besteht aus pr\u00e4zisen Legierungselementen:<\/p>\n<table>\n<thead>\n<tr>\n<th>Element<\/th>\n<th>Gew.-%<\/th>\n<\/tr>\n<\/thead>\n<tbody>\n<tr>\n<td>Nickel (Ni)<\/td>\n<td>72,0 min<\/td>\n<\/tr>\n<tr>\n<td>Chrom (Cr)<\/td>\n<td>14.0-17.0<\/td>\n<\/tr>\n<tr>\n<td>Eisen (Fe)<\/td>\n<td>6.0-10.0<\/td>\n<\/tr>\n<tr>\n<td>Kupfer (Cu)<\/td>\n<td>\u22640.50<\/td>\n<\/tr>\n<tr>\n<td>Mangan (Mn)<\/td>\n<td>\u22641.00<\/td>\n<\/tr>\n<tr>\n<td>Silizium (Si)<\/td>\n<td>\u22640.50<\/td>\n<\/tr>\n<tr>\n<td>Kohlenstoff (C)<\/td>\n<td>\u22640.15<\/td>\n<\/tr>\n<\/tbody>\n<\/table>\n<h2>Merkmale<\/h2>\n<p>Inconel 600-Pulver weist bemerkenswerte Eigenschaften auf:<\/p>\n<table>\n<thead>\n<tr>\n<th>Immobilie<\/th>\n<th>Wert<\/th>\n<\/tr>\n<\/thead>\n<tbody>\n<tr>\n<td>Dichte<\/td>\n<td>8,47 g\/cm\u00b3<\/td>\n<\/tr>\n<tr>\n<td>Zugfestigkeit<\/td>\n<td>550-690 MPa<\/td>\n<\/tr>\n<tr>\n<td>Streckgrenze<\/td>\n<td>240-310 MPa<\/td>\n<\/tr>\n<tr>\n<td>Verl\u00e4ngerung<\/td>\n<td>30-35%<\/td>\n<\/tr>\n<tr>\n<td>H\u00e4rte (HRB)<\/td>\n<td>65-85 HRB<\/td>\n<\/tr>\n<tr>\n<td>Schmelzpunkt<\/td>\n<td>~1350-1410\u00b0C<\/td>\n<\/tr>\n<tr>\n<td>W\u00e4rmeleitf\u00e4higkeit<\/td>\n<td>14,9 W\/m-K<\/td>\n<\/tr>\n<tr>\n<td>Elektrischer Widerstand<\/td>\n<td>1,03 \u00b5\u03a9-m<\/td>\n<\/tr>\n<\/tbody>\n<\/table>\n<h2>ANWENDUNGEN<\/h2>\n<p>Inconel 600-Pulver findet breite Anwendung in der Luft- und Raumfahrt, in der chemischen Verarbeitung, in der Nuklearindustrie und in der Schifffahrt f\u00fcr Komponenten wie Triebwerksteile, Reaktorkernkomponenten und Offshore-Bohrger\u00e4te.<\/p>\n<h2>Additiver Fertigungsprozess<\/h2>\n<p>Inconel 600-Pulver wird durch Gas- oder Plasmazerst\u00e4ubung hergestellt und eignet sich f\u00fcr additive Fertigungsverfahren wie selektives Laserschmelzen (SLM) und Elektronenstrahlschmelzen (EBM).<\/p>\n<h2>Pulverspezifikationen<\/h2>\n<p>Inconel 600-Pulver ist in verschiedenen Gr\u00f6\u00dfenbereichen, Morphologien und Qualit\u00e4tsstufen erh\u00e4ltlich und erf\u00fcllt spezifische Anwendungsanforderungen.<\/p>\n<h2>Normen und Benotungen<\/h2>\n<p>Inconel 600-Pulver entspricht den Industrienormen ASTM B und AMS 4 und gew\u00e4hrleistet Qualit\u00e4t und Eignung f\u00fcr verschiedene Anwendungen.<\/p>\n<h2>Qualit\u00e4tskontrolle<\/h2>\n<p>Strenge Qualit\u00e4tskontrollma\u00dfnahmen, einschlie\u00dflich chemischer und Partikelgr\u00f6\u00dfenanalysen, gew\u00e4hrleisten die Konsistenz und Zuverl\u00e4ssigkeit von Inconel 600-Pulver.<\/p>\n<h2>Kostenanalyse<\/h2>\n<p>Die Kosten h\u00e4ngen von Faktoren wie Volumen, Partikelgr\u00f6\u00dfe und Marktbedingungen ab.<\/p>\n<h2>Lagerung und Handhabung von Pulvern<\/h2>\n<p>Die ordnungsgem\u00e4\u00dfe Lagerung in versiegelten Beh\u00e4ltern und die Einhaltung der Handhabungsprotokolle sind entscheidend f\u00fcr die Unversehrtheit von Inconel 600 Powder.<\/p>\n<h2>Gesundheit und Sicherheit<\/h2>\n<p>Inconel 600 Powder birgt minimale Gesundheitsrisiken. Bei der Handhabung und Verarbeitung ist die Verwendung von pers\u00f6nlicher Schutzausr\u00fcstung erforderlich.<\/p>\n<h2>FAQ<\/h2>\n<ol>\n<li><strong>Was sind die wichtigsten Vorteile von Inconel 600-Pulver?<\/strong> Inconel 600 Powder bietet eine au\u00dfergew\u00f6hnliche Best\u00e4ndigkeit gegen hohe Temperaturen und Korrosion und eignet sich daher f\u00fcr anspruchsvolle Anwendungen in der Luft- und Raumfahrt, der chemischen Verarbeitung und der Nuklearindustrie.<\/li>\n<li><strong>Kann Inconel 600-Pulver f\u00fcr die additive Fertigung verwendet werden?<\/strong> Ja, Inconel 600-Pulver wird h\u00e4ufig in additiven Fertigungsverfahren wie dem selektiven Laserschmelzen (SLM) und dem Elektronenstrahlschmelzen (EBM) verwendet, um Bauteile mit hoher Festigkeit und Best\u00e4ndigkeit gegen extreme Umgebungsbedingungen herzustellen.<\/li>\n<li><strong>Ist Inconel 600-Pulver f\u00fcr Anwendungen in der Luft- und Raumfahrt geeignet?<\/strong> Ja, Inconel 600-Pulver wird aufgrund seiner ausgezeichneten Best\u00e4ndigkeit gegen hohe Temperaturen und Korrosion h\u00e4ufig in der Luft- und Raumfahrt eingesetzt, z. B. f\u00fcr Triebwerkskomponenten, Raketenmotoren und Flugzeugabgassysteme.<\/li>\n<li><strong>Was sind die typischen Kosten im Zusammenhang mit Inconel 600 Pulver?<\/strong> Die Kosten f\u00fcr Inconel 600-Pulver variieren in Abh\u00e4ngigkeit von Faktoren wie Volumen, Korngr\u00f6\u00dfenbereich, Pulvermorphologie, Reinheitsgrad und Marktbedingungen.<\/li>\n<\/ol>","protected":false},"excerpt":{"rendered":"<p>Inconel 600-Pulver: \u00dcberblick Inconel 600-Pulver wird f\u00fcr seine au\u00dfergew\u00f6hnliche Best\u00e4ndigkeit gegen hohe Temperaturen und Korrosion gesch\u00e4tzt, was es zu einem wertvollen Werkstoff in verschiedenen Branchen macht. Seine \u00fcberlegene Festigkeit und Zuverl\u00e4ssigkeit in extremen Umgebungen machen es zu einer bevorzugten Wahl f\u00fcr kritische Anwendungen. Zusammensetzung Inconel 600-Pulver besteht aus pr\u00e4zisen Legierungselementen: Element Gewicht %...<\/p>","protected":false},"featured_media":1740,"parent":0,"template":"","meta":{"_acf_changed":false,"_kad_blocks_custom_css":"","_kad_blocks_head_custom_js":"","_kad_blocks_body_custom_js":"","_kad_blocks_footer_custom_js":"","_kad_post_transparent":"","_kad_post_title":"","_kad_post_layout":"","_kad_post_sidebar_id":"","_kad_post_content_style":"","_kad_post_vertical_padding":"","_kad_post_feature":"","_kad_post_feature_position":"","_kad_post_header":false,"_kad_post_footer":false,"_kad_post_classname":""},"product-category":[119],"class_list":["post-4312","product","type-product","status-publish","has-post-thumbnail","hentry","product-category-3d-printing-metal-powder"],"acf":[],"taxonomy_info":{"product-category":[{"value":119,"label":"3D Printing Metal Powder"}]},"featured_image_src_large":["https:\/\/3dpmetal.com\/wp-content\/uploads\/2024\/02\/Pure-Titanium-Powder.jpg",600,600,false],"author_info":[],"comment_info":"","_links":{"self":[{"href":"https:\/\/3dpmetal.com\/de\/wp-json\/wp\/v2\/product\/4312","targetHints":{"allow":["GET"]}}],"collection":[{"href":"https:\/\/3dpmetal.com\/de\/wp-json\/wp\/v2\/product"}],"about":[{"href":"https:\/\/3dpmetal.com\/de\/wp-json\/wp\/v2\/types\/product"}],"wp:featuredmedia":[{"embeddable":true,"href":"https:\/\/3dpmetal.com\/de\/wp-json\/wp\/v2\/media\/1740"}],"wp:attachment":[{"href":"https:\/\/3dpmetal.com\/de\/wp-json\/wp\/v2\/media?parent=4312"}],"wp:term":[{"taxonomy":"product-category","embeddable":true,"href":"https:\/\/3dpmetal.com\/de\/wp-json\/wp\/v2\/product-category?post=4312"}],"curies":[{"name":"wp","href":"https:\/\/api.w.org\/{rel}","templated":true}]}}