{"id":4313,"date":"2024-04-07T08:17:24","date_gmt":"2024-04-07T08:17:24","guid":{"rendered":"https:\/\/3dpmetal.com\/product\/nickel-alloy-c276-powder\/"},"modified":"2024-04-08T01:33:25","modified_gmt":"2024-04-08T01:33:25","slug":"nickel-alloy-c276-powder","status":"publish","type":"product","link":"https:\/\/3dpmetal.com\/de\/product\/nickel-alloy-c276-powder\/","title":{"rendered":"Nickel-Legierung C276 Pulver"},"content":{"rendered":"<h2>Nickel-Legierung C276 Pulver: \u00dcbersicht<\/h2>\n<p><a href=\"https:\/\/en.wikipedia.org\/wiki\/Metal_powder\" target=\"_blank\" rel=\"noopener\">Nickel-Legierung C276 Pulver<\/a> wird wegen seiner au\u00dfergew\u00f6hnlichen Korrosionsbest\u00e4ndigkeit hoch gesch\u00e4tzt und ist daher in verschiedenen Industriezweigen ein wichtiges Material. Seine Widerstandsf\u00e4higkeit gegen\u00fcber einer Vielzahl von korrosiven Umgebungen, einschlie\u00dflich aggressiver S\u00e4uren und hoher Temperaturen, macht es f\u00fcr kritische Anwendungen von unsch\u00e4tzbarem Wert.<\/p>\n<h2>Komposition<\/h2>\n<p>Das Pulver der Nickellegierung C276 wird mit pr\u00e4zisen Legierungselementen sorgf\u00e4ltig formuliert:<\/p>\n<table>\n<thead>\n<tr>\n<th>Element<\/th>\n<th>Gew.-%<\/th>\n<\/tr>\n<\/thead>\n<tbody>\n<tr>\n<td>Nickel (Ni)<\/td>\n<td>57,0 min<\/td>\n<\/tr>\n<tr>\n<td>Chrom (Cr)<\/td>\n<td>14.5-16.5<\/td>\n<\/tr>\n<tr>\n<td>Molybd\u00e4n (Mo)<\/td>\n<td>15.0-17.0<\/td>\n<\/tr>\n<tr>\n<td>Eisen (Fe)<\/td>\n<td>4.0-7.0<\/td>\n<\/tr>\n<tr>\n<td>Wolfram (W)<\/td>\n<td>3.0-4.5<\/td>\n<\/tr>\n<tr>\n<td>Cobalt (Co)<\/td>\n<td>\u22642.5<\/td>\n<\/tr>\n<\/tbody>\n<\/table>\n<h2>Merkmale<\/h2>\n<p>Nickel Alloy C276 Powder zeichnet sich durch hervorragende Eigenschaften aus:<\/p>\n<table>\n<thead>\n<tr>\n<th>Immobilie<\/th>\n<th>Wert<\/th>\n<\/tr>\n<\/thead>\n<tbody>\n<tr>\n<td>Dichte<\/td>\n<td>8,89 g\/cm\u00b3<\/td>\n<\/tr>\n<tr>\n<td>Zugfestigkeit<\/td>\n<td>690 MPa (min)<\/td>\n<\/tr>\n<tr>\n<td>Streckgrenze<\/td>\n<td>283 MPa (min)<\/td>\n<\/tr>\n<tr>\n<td>Verl\u00e4ngerung<\/td>\n<td>40% (min)<\/td>\n<\/tr>\n<tr>\n<td>H\u00e4rte (HRB)<\/td>\n<td>100 (maximal)<\/td>\n<\/tr>\n<tr>\n<td>Schmelzpunkt<\/td>\n<td>1325-1370\u00b0C<\/td>\n<\/tr>\n<tr>\n<td>W\u00e4rmeleitf\u00e4higkeit<\/td>\n<td>8,7 W\/m-K<\/td>\n<\/tr>\n<tr>\n<td>Elektrischer Widerstand<\/td>\n<td>1,35 \u00b5\u03a9-m<\/td>\n<\/tr>\n<\/tbody>\n<\/table>\n<h2>ANWENDUNGEN<\/h2>\n<p>Das Pulver aus der Nickellegierung C276 findet breite Anwendung in der chemischen Verarbeitung, der Zellstoff- und Papierproduktion, der Abfallbehandlung und der Umweltschutzindustrie f\u00fcr Komponenten wie Reaktorbeh\u00e4lter, W\u00e4rmetauscher und Rohrleitungssysteme.<\/p>\n<h2>Additiver Fertigungsprozess<\/h2>\n<p>Das durch Gas- oder Plasmazerst\u00e4ubung hergestellte Pulver der Nickellegierung C276 eignet sich f\u00fcr additive Fertigungsverfahren wie selektives Laserschmelzen (SLM) und Elektronenstrahlschmelzen (EBM).<\/p>\n<h2>Pulverspezifikationen<\/h2>\n<p>Nickel Alloy C276 Powder ist in verschiedenen Gr\u00f6\u00dfenbereichen, Morphologien und Qualit\u00e4tsstufen erh\u00e4ltlich und erf\u00fcllt spezifische Anwendungsanforderungen.<\/p>\n<h2>Normen und Benotungen<\/h2>\n<p>Das Pulver aus Nickellegierung C276 entspricht den Industrienormen ASTM B574 und AMS 5 und gew\u00e4hrleistet Qualit\u00e4t und Eignung f\u00fcr verschiedene Anwendungen.<\/p>\n<h2>Qualit\u00e4tskontrolle<\/h2>\n<p>Strenge Qualit\u00e4tskontrollma\u00dfnahmen, einschlie\u00dflich chemischer und Partikelgr\u00f6\u00dfenanalysen, werden durchgef\u00fchrt, um die Konsistenz und Zuverl\u00e4ssigkeit von Nickel Alloy C276 Powder zu gew\u00e4hrleisten.<\/p>\n<h2>Kostenanalyse<\/h2>\n<p>Die Kosten f\u00fcr Nickellegierung C276-Pulver variieren in Abh\u00e4ngigkeit von Faktoren wie Volumen, Partikelgr\u00f6\u00dfenbereich und Marktbedingungen.<\/p>\n<h2>Lagerung und Handhabung von Pulvern<\/h2>\n<p>Die ordnungsgem\u00e4\u00dfe Lagerung in versiegelten Beh\u00e4ltern und die Einhaltung der Handhabungsprotokolle sind f\u00fcr die Erhaltung der Unversehrtheit von Nickellegierung C276-Pulver unerl\u00e4sslich.<\/p>\n<h2>Gesundheit und Sicherheit<\/h2>\n<p>Nickel Alloy C276 Powder birgt nur minimale Gesundheitsrisiken, erfordert jedoch die Verwendung von pers\u00f6nlicher Schutzausr\u00fcstung w\u00e4hrend der Handhabung und Verarbeitung.<\/p>\n<h2>FAQ<\/h2>\n<ol>\n<li><strong>Was sind die Hauptvorteile von Pulver aus Nickellegierung C276?<\/strong> Nickel Alloy C276 Powder bietet eine au\u00dfergew\u00f6hnliche Korrosionsbest\u00e4ndigkeit in einer Vielzahl von korrosiven Umgebungen und eignet sich daher f\u00fcr kritische Anwendungen in der chemischen Verarbeitung, der Zellstoff- und Papierproduktion und der Umweltkontrolle.<\/li>\n<li><strong>Kann das Pulver der Nickellegierung C276 f\u00fcr die additive Fertigung verwendet werden?<\/strong> Ja, das Pulver der Nickellegierung C276 wird h\u00e4ufig in additiven Fertigungsverfahren wie dem selektiven Laserschmelzen (SLM) und dem Elektronenstrahlschmelzen (EBM) verwendet, um Bauteile mit hervorragender Korrosionsbest\u00e4ndigkeit und mechanischen Eigenschaften herzustellen.<\/li>\n<li><strong>Ist Nickellegierung C276-Pulver f\u00fcr Hochtemperaturanwendungen geeignet?<\/strong> Ja, Nickellegierung C276-Pulver weist eine ausgezeichnete thermische Stabilit\u00e4t auf und kann hohen Temperaturen standhalten, so dass es sich f\u00fcr Anwendungen in W\u00e4rmetauschern, Reaktorbeh\u00e4ltern und anderen Hochtemperaturger\u00e4ten eignet.<\/li>\n<li><strong>Was sind die typischen Kosten im Zusammenhang mit Nickellegierung C276 Pulver?<\/strong> Die Kosten f\u00fcr Nickellegierung C276-Pulver variieren in Abh\u00e4ngigkeit von Faktoren wie Volumen, Partikelgr\u00f6\u00dfenbereich, Pulvermorphologie, Reinheitsgrad und Marktbedingungen.<\/li>\n<\/ol>","protected":false},"excerpt":{"rendered":"<p>Nickel-Legierung C276-Pulver: \u00dcbersicht Nickellegierung C276 Pulver wird wegen seiner au\u00dfergew\u00f6hnlichen Korrosionsbest\u00e4ndigkeit hoch gesch\u00e4tzt und ist daher in verschiedenen Industriezweigen ein wichtiges Material. Seine Best\u00e4ndigkeit gegen eine Vielzahl von korrosiven Umgebungen, einschlie\u00dflich aggressiver S\u00e4uren und hoher Temperaturen, macht es f\u00fcr kritische Anwendungen von unsch\u00e4tzbarem Wert. Die Zusammensetzung von Nickel Alloy C276 Powder ist sorgf\u00e4ltig formuliert mit...<\/p>","protected":false},"featured_media":1954,"parent":0,"template":"","meta":{"_acf_changed":false,"_kad_blocks_custom_css":"","_kad_blocks_head_custom_js":"","_kad_blocks_body_custom_js":"","_kad_blocks_footer_custom_js":"","_kad_post_transparent":"","_kad_post_title":"","_kad_post_layout":"","_kad_post_sidebar_id":"","_kad_post_content_style":"","_kad_post_vertical_padding":"","_kad_post_feature":"","_kad_post_feature_position":"","_kad_post_header":false,"_kad_post_footer":false,"_kad_post_classname":""},"product-category":[119],"class_list":["post-4313","product","type-product","status-publish","has-post-thumbnail","hentry","product-category-3d-printing-metal-powder"],"acf":[],"taxonomy_info":{"product-category":[{"value":119,"label":"3D Printing Metal Powder"}]},"featured_image_src_large":["https:\/\/3dpmetal.com\/wp-content\/uploads\/2024\/02\/GH3536-Alloy-Powder.jpg",333,339,false],"author_info":[],"comment_info":"","_links":{"self":[{"href":"https:\/\/3dpmetal.com\/de\/wp-json\/wp\/v2\/product\/4313","targetHints":{"allow":["GET"]}}],"collection":[{"href":"https:\/\/3dpmetal.com\/de\/wp-json\/wp\/v2\/product"}],"about":[{"href":"https:\/\/3dpmetal.com\/de\/wp-json\/wp\/v2\/types\/product"}],"wp:featuredmedia":[{"embeddable":true,"href":"https:\/\/3dpmetal.com\/de\/wp-json\/wp\/v2\/media\/1954"}],"wp:attachment":[{"href":"https:\/\/3dpmetal.com\/de\/wp-json\/wp\/v2\/media?parent=4313"}],"wp:term":[{"taxonomy":"product-category","embeddable":true,"href":"https:\/\/3dpmetal.com\/de\/wp-json\/wp\/v2\/product-category?post=4313"}],"curies":[{"name":"wp","href":"https:\/\/api.w.org\/{rel}","templated":true}]}}