{"id":4319,"date":"2024-04-07T08:17:24","date_gmt":"2024-04-07T08:17:24","guid":{"rendered":"https:\/\/3dpmetal.com\/product\/stainless-steel-410-powder\/"},"modified":"2024-04-08T01:41:05","modified_gmt":"2024-04-08T01:41:05","slug":"stainless-steel-410-powder","status":"publish","type":"product","link":"https:\/\/3dpmetal.com\/de\/product\/stainless-steel-410-powder\/","title":{"rendered":"Edelstahl 410 Pulver"},"content":{"rendered":"<h2>Edelstahl 410-Pulver: \u00dcbersicht<\/h2>\n<p><a href=\"https:\/\/en.wikipedia.org\/wiki\/Stainless_steel\" target=\"_blank\" rel=\"noopener\">Edelstahl 410 Pulver<\/a> wird wegen seiner au\u00dfergew\u00f6hnlichen Korrosionsbest\u00e4ndigkeit, hohen Festigkeit und Hitzebest\u00e4ndigkeit sehr gesch\u00e4tzt und ist daher ein wertvolles Material f\u00fcr verschiedene Branchen. Aufgrund seiner einzigartigen Eigenschaften eignet es sich f\u00fcr kritische Anwendungen, bei denen es auf Langlebigkeit und Zuverl\u00e4ssigkeit ankommt.<\/p>\n<h2>Komposition<\/h2>\n<p>Edelstahl 410-Pulver wird mit pr\u00e4zisen Legierungselementen sorgf\u00e4ltig formuliert:<\/p>\n<table>\n<thead>\n<tr>\n<th>Element<\/th>\n<th>Gew.-%<\/th>\n<\/tr>\n<\/thead>\n<tbody>\n<tr>\n<td>Eisen (Fe)<\/td>\n<td>86.0 min<\/td>\n<\/tr>\n<tr>\n<td>Chrom (Cr)<\/td>\n<td>11.5-13.5<\/td>\n<\/tr>\n<tr>\n<td>Kohlenstoff (C)<\/td>\n<td>0,08 max<\/td>\n<\/tr>\n<tr>\n<td>Mangan (Mn)<\/td>\n<td>1,0 max<\/td>\n<\/tr>\n<tr>\n<td>Silizium (Si)<\/td>\n<td>1,0 max<\/td>\n<\/tr>\n<tr>\n<td>Phosphor (P)<\/td>\n<td>0,04 max<\/td>\n<\/tr>\n<tr>\n<td>Schwefel (S)<\/td>\n<td>0,03 max<\/td>\n<\/tr>\n<\/tbody>\n<\/table>\n<h2>Merkmale<\/h2>\n<p>Edelstahl 410-Pulver verf\u00fcgt \u00fcber hervorragende Eigenschaften:<\/p>\n<table>\n<thead>\n<tr>\n<th>Immobilie<\/th>\n<th>Wert<\/th>\n<\/tr>\n<\/thead>\n<tbody>\n<tr>\n<td>Dichte<\/td>\n<td>7,7 g\/cm\u00b3<\/td>\n<\/tr>\n<tr>\n<td>Zugfestigkeit<\/td>\n<td>450-600 MPa<\/td>\n<\/tr>\n<tr>\n<td>Streckgrenze<\/td>\n<td>205-275 MPa<\/td>\n<\/tr>\n<tr>\n<td>Verl\u00e4ngerung<\/td>\n<td>20-30%<\/td>\n<\/tr>\n<tr>\n<td>H\u00e4rte (HB)<\/td>\n<td>140-180 HB<\/td>\n<\/tr>\n<tr>\n<td>Schmelzpunkt<\/td>\n<td>1480-1530\u00b0C<\/td>\n<\/tr>\n<tr>\n<td>W\u00e4rmeleitf\u00e4higkeit<\/td>\n<td>24 W\/m-K<\/td>\n<\/tr>\n<tr>\n<td>Elektrischer Widerstand<\/td>\n<td>0,0575 \u00b5\u03a9-m<\/td>\n<\/tr>\n<\/tbody>\n<\/table>\n<h2>ANWENDUNGEN<\/h2>\n<p>Edelstahl 410 Pulver findet breite Anwendung in der Automobil-, Luft- und Raumfahrt- und Fertigungsindustrie f\u00fcr Komponenten wie Wellen, Ventile und Befestigungselemente.<\/p>\n<h2>Additiver Fertigungsprozess<\/h2>\n<p>Das durch Gas- oder Wasserverd\u00fcsung hergestellte Edelstahl 410-Pulver eignet sich f\u00fcr additive Fertigungsverfahren wie selektives Laserschmelzen (SLM) und Binder-Jetting.<\/p>\n<h2>Pulverspezifikationen<\/h2>\n<p>Edelstahl 410-Pulver ist in verschiedenen Gr\u00f6\u00dfenbereichen, Morphologien und Qualit\u00e4tsstufen erh\u00e4ltlich und erf\u00fcllt spezifische Anwendungsanforderungen.<\/p>\n<h2>Normen und Benotungen<\/h2>\n<p>Edelstahl 410-Pulver entspricht den Industrienormen wie ASTM A276 und gew\u00e4hrleistet Qualit\u00e4t und Eignung f\u00fcr verschiedene Anwendungen.<\/p>\n<h2>Qualit\u00e4tskontrolle<\/h2>\n<p>Strenge Qualit\u00e4tskontrollma\u00dfnahmen, einschlie\u00dflich der Analyse der chemischen Zusammensetzung und der Partikelgr\u00f6\u00dfenverteilung, gew\u00e4hrleisten die Konsistenz und Zuverl\u00e4ssigkeit von Edelstahl 410-Pulver.<\/p>\n<h2>Kostenanalyse<\/h2>\n<p>Die Kosten f\u00fcr Edelstahl 410-Pulver variieren in Abh\u00e4ngigkeit von Faktoren wie Volumen, Partikelgr\u00f6\u00dfenbereich und Marktbedingungen.<\/p>\n<h2>Lagerung und Handhabung von Pulvern<\/h2>\n<p>Die ordnungsgem\u00e4\u00dfe Lagerung in versiegelten Beh\u00e4ltern und die Einhaltung von Handhabungsprotokollen sind entscheidend f\u00fcr die Unversehrtheit von Edelstahl 410-Pulver.<\/p>\n<h2>Gesundheit und Sicherheit<\/h2>\n<p>Edelstahl 410 Pulver birgt nur minimale Gesundheitsrisiken, erfordert aber bei der Handhabung und Verarbeitung die Verwendung von pers\u00f6nlicher Schutzausr\u00fcstung.<\/p>\n<h2>FAQ<\/h2>\n<ol>\n<li><strong>Was sind die Hauptvorteile von Edelstahl 410-Pulver?<\/strong> Edelstahl 410 Pulver bietet au\u00dfergew\u00f6hnliche Korrosionsbest\u00e4ndigkeit, hohe Festigkeit und Hitzebest\u00e4ndigkeit und eignet sich daher f\u00fcr kritische Anwendungen in der Automobil-, Luft- und Raumfahrt- und Fertigungsindustrie.<\/li>\n<li><strong>Kann Edelstahl 410-Pulver f\u00fcr die additive Fertigung verwendet werden?<\/strong> Ja, Edelstahl 410-Pulver wird h\u00e4ufig in additiven Fertigungsverfahren wie dem selektiven Laserschmelzen (SLM) und dem Binder-Jetting verwendet, um Bauteile mit hoher Festigkeit und Korrosionsbest\u00e4ndigkeit herzustellen.<\/li>\n<li><strong>Ist Edelstahl 410-Pulver f\u00fcr Hochtemperaturanwendungen geeignet?<\/strong> Ja, Edelstahl 410-Pulver weist eine gute Hitzebest\u00e4ndigkeit auf und kann hohen Temperaturen standhalten, wodurch es sich f\u00fcr Anwendungen in der Automobil- und Luftfahrtindustrie eignet.<\/li>\n<li><strong>Was sind die typischen Kosten f\u00fcr Edelstahl 410 Pulver?<\/strong> Die Kosten f\u00fcr Edelstahl 410-Pulver variieren in Abh\u00e4ngigkeit von Faktoren wie Volumen, Korngr\u00f6\u00dfenbereich, Pulvermorphologie, Reinheitsgrad und Marktbedingungen.<\/li>\n<\/ol>","protected":false},"excerpt":{"rendered":"<p>Edelstahl 410-Pulver: \u00dcbersicht Edelstahl 410 Pulver wird wegen seiner au\u00dfergew\u00f6hnlichen Korrosionsbest\u00e4ndigkeit, hohen Festigkeit und Hitzebest\u00e4ndigkeit sehr gesch\u00e4tzt und ist daher ein wertvolles Material f\u00fcr verschiedene Branchen. Aufgrund seiner einzigartigen Eigenschaften eignet es sich f\u00fcr kritische Anwendungen, bei denen es auf Langlebigkeit und Zuverl\u00e4ssigkeit ankommt. Zusammensetzung Edelstahl 410 Pulver ist sorgf\u00e4ltig formuliert mit pr\u00e4zisen...<\/p>","protected":false},"featured_media":1954,"parent":0,"template":"","meta":{"_acf_changed":false,"_kad_blocks_custom_css":"","_kad_blocks_head_custom_js":"","_kad_blocks_body_custom_js":"","_kad_blocks_footer_custom_js":"","_kad_post_transparent":"","_kad_post_title":"","_kad_post_layout":"","_kad_post_sidebar_id":"","_kad_post_content_style":"","_kad_post_vertical_padding":"","_kad_post_feature":"","_kad_post_feature_position":"","_kad_post_header":false,"_kad_post_footer":false,"_kad_post_classname":""},"product-category":[119],"class_list":["post-4319","product","type-product","status-publish","has-post-thumbnail","hentry","product-category-3d-printing-metal-powder"],"acf":[],"taxonomy_info":{"product-category":[{"value":119,"label":"3D Printing Metal Powder"}]},"featured_image_src_large":["https:\/\/3dpmetal.com\/wp-content\/uploads\/2024\/02\/GH3536-Alloy-Powder.jpg",333,339,false],"author_info":[],"comment_info":"","_links":{"self":[{"href":"https:\/\/3dpmetal.com\/de\/wp-json\/wp\/v2\/product\/4319","targetHints":{"allow":["GET"]}}],"collection":[{"href":"https:\/\/3dpmetal.com\/de\/wp-json\/wp\/v2\/product"}],"about":[{"href":"https:\/\/3dpmetal.com\/de\/wp-json\/wp\/v2\/types\/product"}],"wp:featuredmedia":[{"embeddable":true,"href":"https:\/\/3dpmetal.com\/de\/wp-json\/wp\/v2\/media\/1954"}],"wp:attachment":[{"href":"https:\/\/3dpmetal.com\/de\/wp-json\/wp\/v2\/media?parent=4319"}],"wp:term":[{"taxonomy":"product-category","embeddable":true,"href":"https:\/\/3dpmetal.com\/de\/wp-json\/wp\/v2\/product-category?post=4319"}],"curies":[{"name":"wp","href":"https:\/\/api.w.org\/{rel}","templated":true}]}}