{"id":4321,"date":"2024-04-07T08:17:24","date_gmt":"2024-04-07T08:17:24","guid":{"rendered":"https:\/\/3dpmetal.com\/product\/nickel-alloy-601-powder\/"},"modified":"2024-04-08T01:43:58","modified_gmt":"2024-04-08T01:43:58","slug":"nickel-alloy-601-powder","status":"publish","type":"product","link":"https:\/\/3dpmetal.com\/de\/product\/nickel-alloy-601-powder\/","title":{"rendered":"Nickellegierung 601 Pulver"},"content":{"rendered":"<h2>Nickellegierung 601-Pulver: \u00dcbersicht<\/h2>\n<p><a href=\"https:\/\/en.wikipedia.org\/wiki\/Metal_powder\" target=\"_blank\" rel=\"noopener\">Nickellegierung 601 Pulver<\/a> wird wegen seiner au\u00dfergew\u00f6hnlichen Hochtemperaturfestigkeit, Oxidationsbest\u00e4ndigkeit und Korrosionsbest\u00e4ndigkeit hoch gesch\u00e4tzt und ist daher ein wichtiger Werkstoff in verschiedenen Branchen. Aufgrund seiner einzigartigen Kombination von Eigenschaften eignet es sich f\u00fcr Anwendungen, bei denen eine Best\u00e4ndigkeit gegen extreme Temperaturen und aggressive Umgebungen erforderlich ist.<\/p>\n<h2>Komposition<\/h2>\n<p>Nickel Alloy 601 Powder wird mit pr\u00e4zisen Legierungselementen sorgf\u00e4ltig formuliert:<\/p>\n<table>\n<thead>\n<tr>\n<th>Element<\/th>\n<th>Gew.-%<\/th>\n<\/tr>\n<\/thead>\n<tbody>\n<tr>\n<td>Nickel (Ni)<\/td>\n<td>58.0-63.0<\/td>\n<\/tr>\n<tr>\n<td>Chrom (Cr)<\/td>\n<td>21.0-25.0<\/td>\n<\/tr>\n<tr>\n<td>Eisen (Fe)<\/td>\n<td>14.0-17.0<\/td>\n<\/tr>\n<tr>\n<td>Aluminium (Al)<\/td>\n<td>1,0 max<\/td>\n<\/tr>\n<tr>\n<td>Kohlenstoff (C)<\/td>\n<td>0,10 max<\/td>\n<\/tr>\n<tr>\n<td>Mangan (Mn)<\/td>\n<td>1,0 max<\/td>\n<\/tr>\n<tr>\n<td>Schwefel (S)<\/td>\n<td>0,015 max<\/td>\n<\/tr>\n<\/tbody>\n<\/table>\n<h2>Merkmale<\/h2>\n<p>Nickel Alloy 601 Powder zeichnet sich durch hervorragende Eigenschaften aus:<\/p>\n<table>\n<thead>\n<tr>\n<th>Immobilie<\/th>\n<th>Wert<\/th>\n<\/tr>\n<\/thead>\n<tbody>\n<tr>\n<td>Dichte<\/td>\n<td>8,1 g\/cm\u00b3<\/td>\n<\/tr>\n<tr>\n<td>Zugfestigkeit<\/td>\n<td>650 MPa (min)<\/td>\n<\/tr>\n<tr>\n<td>Streckgrenze<\/td>\n<td>240 MPa (min)<\/td>\n<\/tr>\n<tr>\n<td>Verl\u00e4ngerung<\/td>\n<td>30% (min)<\/td>\n<\/tr>\n<tr>\n<td>H\u00e4rte (HRB)<\/td>\n<td>65 HRB<\/td>\n<\/tr>\n<tr>\n<td>Schmelzpunkt<\/td>\n<td>1320-1370\u00b0C<\/td>\n<\/tr>\n<tr>\n<td>W\u00e4rmeleitf\u00e4higkeit<\/td>\n<td>11,8 W\/m-K<\/td>\n<\/tr>\n<tr>\n<td>Elektrischer Widerstand<\/td>\n<td>1,13 \u00b5\u03a9-m<\/td>\n<\/tr>\n<\/tbody>\n<\/table>\n<h2>ANWENDUNGEN<\/h2>\n<p>Nickellegierung 601 Pulver findet breite Anwendung in der chemischen Verarbeitung, in der Luft- und Raumfahrt und in der Energieerzeugungsindustrie f\u00fcr Komponenten wie Ofenschalld\u00e4mpfer, Strahlungsrohre und W\u00e4rmetauscher.<\/p>\n<h2>Additiver Fertigungsprozess<\/h2>\n<p>Das durch Gas- oder Plasmazerst\u00e4ubung hergestellte Pulver der Nickellegierung 601 eignet sich f\u00fcr additive Fertigungsverfahren wie selektives Laserschmelzen (SLM) und Elektronenstrahlschmelzen (EBM).<\/p>\n<h2>Pulverspezifikationen<\/h2>\n<p>Nickel Alloy 601 Powder ist in verschiedenen Gr\u00f6\u00dfenbereichen, Morphologien und Qualit\u00e4tsstufen erh\u00e4ltlich und erf\u00fcllt spezifische Anwendungsanforderungen.<\/p>\n<h2>Normen und Benotungen<\/h2>\n<p>Nickel Alloy 601 Powder entspricht den Industriestandards wie ASTM B163 und gew\u00e4hrleistet Qualit\u00e4t und Eignung f\u00fcr verschiedene Anwendungen.<\/p>\n<h2>Qualit\u00e4tskontrolle<\/h2>\n<p>Strenge Qualit\u00e4tskontrollma\u00dfnahmen, einschlie\u00dflich chemischer und Partikelgr\u00f6\u00dfenanalysen, gew\u00e4hrleisten die Konsistenz und Zuverl\u00e4ssigkeit von Nickel Alloy 601 Powder.<\/p>\n<h2>Kostenanalyse<\/h2>\n<p>Die Kosten f\u00fcr Nickellegierungspulver 601 variieren in Abh\u00e4ngigkeit von Faktoren wie Volumen, Partikelgr\u00f6\u00dfenbereich und Marktbedingungen.<\/p>\n<h2>Lagerung und Handhabung von Pulvern<\/h2>\n<p>Die ordnungsgem\u00e4\u00dfe Lagerung in versiegelten Beh\u00e4ltern und die Einhaltung der Handhabungsprotokolle sind f\u00fcr die Unversehrtheit von Nickel Alloy 601 Powder unerl\u00e4sslich.<\/p>\n<h2>Gesundheit und Sicherheit<\/h2>\n<p>Nickellegierungspulver 601 birgt nur minimale Gesundheitsrisiken, erfordert aber bei der Handhabung und Verarbeitung die Verwendung von pers\u00f6nlicher Schutzausr\u00fcstung.<\/p>\n<h2>FAQ<\/h2>\n<ol>\n<li><strong>Was sind die wichtigsten Vorteile von Nickellegierungspulver 601?<\/strong> Nickellegierung 601 Pulver bietet eine au\u00dfergew\u00f6hnliche Hochtemperaturfestigkeit, Oxidations- und Korrosionsbest\u00e4ndigkeit und eignet sich daher f\u00fcr Anwendungen in der chemischen Verarbeitung, der Luft- und Raumfahrt und der Energieerzeugung.<\/li>\n<li><strong>Kann Nickellegierung 601-Pulver in der additiven Fertigung verwendet werden?<\/strong> Ja, Nickellegierung 601-Pulver wird h\u00e4ufig in additiven Fertigungsverfahren wie dem selektiven Laserschmelzen (SLM) und dem Elektronenstrahlschmelzen (EBM) verwendet, um Bauteile mit hervorragenden Hochtemperatureigenschaften herzustellen.<\/li>\n<li><strong>Eignet sich Nickellegierung 601-Pulver f\u00fcr Ofenanwendungen?<\/strong> Ja, Nickellegierung 601-Pulver wird aufgrund seiner hervorragenden Hochtemperaturfestigkeit und Korrosionsbest\u00e4ndigkeit h\u00e4ufig f\u00fcr Ofenkomponenten wie Ofenmuffeln und Strahlungsrohre verwendet.<\/li>\n<li><strong>Wie hoch sind die typischen Kosten im Zusammenhang mit Nickellegierung 601-Pulver?<\/strong> Die Kosten f\u00fcr Nickellegierung 601-Pulver variieren in Abh\u00e4ngigkeit von Faktoren wie Volumen, Partikelgr\u00f6\u00dfenbereich, Pulvermorphologie, Reinheitsgrad und Marktbedingungen.<\/li>\n<\/ol>","protected":false},"excerpt":{"rendered":"<p>Nickel-Legierung 601 Pulver: \u00dcbersicht Nickellegierung 601 Pulver wird wegen seiner au\u00dfergew\u00f6hnlichen Hochtemperaturfestigkeit, Oxidationsbest\u00e4ndigkeit und Korrosionsbest\u00e4ndigkeit hoch gesch\u00e4tzt und ist daher ein wichtiger Werkstoff in verschiedenen Industriezweigen. Aufgrund seiner einzigartigen Eigenschaftskombination eignet es sich f\u00fcr Anwendungen, bei denen eine Best\u00e4ndigkeit gegen extreme Temperaturen und aggressive Umgebungen erforderlich ist. Zusammensetzung Nickellegierung 601 Pulver...<\/p>","protected":false},"featured_media":1960,"parent":0,"template":"","meta":{"_acf_changed":false,"_kad_blocks_custom_css":"","_kad_blocks_head_custom_js":"","_kad_blocks_body_custom_js":"","_kad_blocks_footer_custom_js":"","_kad_post_transparent":"","_kad_post_title":"","_kad_post_layout":"","_kad_post_sidebar_id":"","_kad_post_content_style":"","_kad_post_vertical_padding":"","_kad_post_feature":"","_kad_post_feature_position":"","_kad_post_header":false,"_kad_post_footer":false,"_kad_post_classname":""},"product-category":[119],"class_list":["post-4321","product","type-product","status-publish","has-post-thumbnail","hentry","product-category-3d-printing-metal-powder"],"acf":[],"taxonomy_info":{"product-category":[{"value":119,"label":"3D Printing Metal Powder"}]},"featured_image_src_large":["https:\/\/3dpmetal.com\/wp-content\/uploads\/2024\/02\/TC18.jpg",600,600,false],"author_info":[],"comment_info":"","_links":{"self":[{"href":"https:\/\/3dpmetal.com\/de\/wp-json\/wp\/v2\/product\/4321","targetHints":{"allow":["GET"]}}],"collection":[{"href":"https:\/\/3dpmetal.com\/de\/wp-json\/wp\/v2\/product"}],"about":[{"href":"https:\/\/3dpmetal.com\/de\/wp-json\/wp\/v2\/types\/product"}],"wp:featuredmedia":[{"embeddable":true,"href":"https:\/\/3dpmetal.com\/de\/wp-json\/wp\/v2\/media\/1960"}],"wp:attachment":[{"href":"https:\/\/3dpmetal.com\/de\/wp-json\/wp\/v2\/media?parent=4321"}],"wp:term":[{"taxonomy":"product-category","embeddable":true,"href":"https:\/\/3dpmetal.com\/de\/wp-json\/wp\/v2\/product-category?post=4321"}],"curies":[{"name":"wp","href":"https:\/\/api.w.org\/{rel}","templated":true}]}}