{"id":4322,"date":"2024-04-07T08:17:24","date_gmt":"2024-04-07T08:17:24","guid":{"rendered":"https:\/\/3dpmetal.com\/product\/inconel-690-powder\/"},"modified":"2024-04-08T01:44:55","modified_gmt":"2024-04-08T01:44:55","slug":"inconel-690-powder","status":"publish","type":"product","link":"https:\/\/3dpmetal.com\/de\/product\/inconel-690-powder\/","title":{"rendered":"Inconel 690-Pulver"},"content":{"rendered":"<h2>Inconel 690-Pulver: \u00dcberblick<\/h2>\n<p><a href=\"\/de\/_wp_link_placeholder\/\" data-wplink-edit=\"true\">Inconel 690-Pulver<\/a> wird f\u00fcr seine au\u00dfergew\u00f6hnliche Hochtemperaturfestigkeit, Korrosionsbest\u00e4ndigkeit und hervorragende Verarbeitbarkeit gesch\u00e4tzt und ist daher in verschiedenen Branchen unverzichtbar. Seine einzigartige Kombination von Eigenschaften macht es ideal f\u00fcr Anwendungen, bei denen die Best\u00e4ndigkeit gegen extreme Temperaturen und aggressive Umgebungen entscheidend ist.<\/p>\n<h2>Komposition<\/h2>\n<p>Inconel 690-Pulver wird mit pr\u00e4zisen Legierungselementen sorgf\u00e4ltig hergestellt:<\/p>\n<table>\n<thead>\n<tr>\n<th>Element<\/th>\n<th>Gew.-%<\/th>\n<\/tr>\n<\/thead>\n<tbody>\n<tr>\n<td>Nickel (Ni)<\/td>\n<td>58.0-71.0<\/td>\n<\/tr>\n<tr>\n<td>Chrom (Cr)<\/td>\n<td>27.0-31.0<\/td>\n<\/tr>\n<tr>\n<td>Eisen (Fe)<\/td>\n<td>7.0-11.0<\/td>\n<\/tr>\n<tr>\n<td>Mangan (Mn)<\/td>\n<td>0,5 max<\/td>\n<\/tr>\n<tr>\n<td>Silizium (Si)<\/td>\n<td>0,5 max<\/td>\n<\/tr>\n<tr>\n<td>Kohlenstoff (C)<\/td>\n<td>0,05 max<\/td>\n<\/tr>\n<tr>\n<td>Schwefel (S)<\/td>\n<td>0,015 max<\/td>\n<\/tr>\n<\/tbody>\n<\/table>\n<h2>Merkmale<\/h2>\n<p>Inconel 690-Pulver zeichnet sich durch hervorragende Eigenschaften aus:<\/p>\n<table>\n<thead>\n<tr>\n<th>Immobilie<\/th>\n<th>Wert<\/th>\n<\/tr>\n<\/thead>\n<tbody>\n<tr>\n<td>Dichte<\/td>\n<td>8,19 g\/cm\u00b3<\/td>\n<\/tr>\n<tr>\n<td>Zugfestigkeit<\/td>\n<td>785 MPa (min)<\/td>\n<\/tr>\n<tr>\n<td>Streckgrenze<\/td>\n<td>310 MPa (min)<\/td>\n<\/tr>\n<tr>\n<td>Verl\u00e4ngerung<\/td>\n<td>30% (min)<\/td>\n<\/tr>\n<tr>\n<td>H\u00e4rte (HRB)<\/td>\n<td>85 HRB<\/td>\n<\/tr>\n<tr>\n<td>Schmelzpunkt<\/td>\n<td>1343-1371\u00b0C<\/td>\n<\/tr>\n<tr>\n<td>W\u00e4rmeleitf\u00e4higkeit<\/td>\n<td>10,2 W\/m-K<\/td>\n<\/tr>\n<tr>\n<td>Elektrischer Widerstand<\/td>\n<td>1,14 \u00b5\u03a9-m<\/td>\n<\/tr>\n<\/tbody>\n<\/table>\n<h2>ANWENDUNGEN<\/h2>\n<p>Inconel 690-Pulver wird in der chemischen, nuklearen und petrochemischen Industrie f\u00fcr Komponenten wie Reaktorbeh\u00e4lter, W\u00e4rmetauscher und Rohrleitungssysteme eingesetzt.<\/p>\n<h2>Additiver Fertigungsprozess<\/h2>\n<p>Das durch Gas- oder Plasmazerst\u00e4ubung hergestellte Inconel 690-Pulver eignet sich f\u00fcr additive Fertigungsverfahren wie das selektive Laserschmelzen (SLM) und das Elektronenstrahlschmelzen (EBM).<\/p>\n<h2>Pulverspezifikationen<\/h2>\n<p>Inconel 690-Pulver ist in verschiedenen Gr\u00f6\u00dfenbereichen, Morphologien und Qualit\u00e4tsstufen erh\u00e4ltlich und erf\u00fcllt spezifische Anwendungsanforderungen.<\/p>\n<h2>Normen und Benotungen<\/h2>\n<p>Inconel 690-Pulver entspricht den Industrienormen wie ASTM B166 und gew\u00e4hrleistet Qualit\u00e4t und Eignung f\u00fcr verschiedene Anwendungen.<\/p>\n<h2>Qualit\u00e4tskontrolle<\/h2>\n<p>Strenge Qualit\u00e4tskontrollma\u00dfnahmen, einschlie\u00dflich chemischer und Partikelgr\u00f6\u00dfenanalysen, gew\u00e4hrleisten die Konsistenz und Zuverl\u00e4ssigkeit von Inconel 690-Pulver.<\/p>\n<h2>Kostenanalyse<\/h2>\n<p>Die Kosten f\u00fcr Inconel 690-Pulver variieren in Abh\u00e4ngigkeit von Faktoren wie Volumen, Partikelgr\u00f6\u00dfenbereich und Marktbedingungen.<\/p>\n<h2>Lagerung und Handhabung von Pulvern<\/h2>\n<p>Die ordnungsgem\u00e4\u00dfe Lagerung in versiegelten Beh\u00e4ltern und die Einhaltung der Handhabungsprotokolle sind f\u00fcr die Erhaltung der Unversehrtheit von Inconel 690 Powder unerl\u00e4sslich.<\/p>\n<h2>Gesundheit und Sicherheit<\/h2>\n<p>Inconel 690 Powder birgt nur minimale Gesundheitsrisiken, erfordert aber bei der Handhabung und Verarbeitung die Verwendung von pers\u00f6nlicher Schutzausr\u00fcstung.<\/p>\n<h2>FAQ<\/h2>\n<ol>\n<li><strong>Was sind die wichtigsten Vorteile von Inconel 690-Pulver?<\/strong> Inconel 690-Pulver bietet eine au\u00dfergew\u00f6hnliche Hochtemperaturfestigkeit, Korrosionsbest\u00e4ndigkeit und Verarbeitbarkeit und eignet sich daher f\u00fcr kritische Anwendungen in der chemischen, nuklearen und petrochemischen Industrie.<\/li>\n<li><strong>Kann Inconel 690-Pulver f\u00fcr die additive Fertigung verwendet werden?<\/strong> Ja, Inconel 690-Pulver wird h\u00e4ufig in additiven Fertigungsverfahren wie dem selektiven Laserschmelzen (SLM) und dem Elektronenstrahlschmelzen (EBM) verwendet, um Bauteile mit hervorragenden Hochtemperatureigenschaften herzustellen.<\/li>\n<li><strong>Ist Inconel 690-Pulver f\u00fcr Reaktorbeh\u00e4lter geeignet?<\/strong> Ja, Inconel 690-Pulver wird aufgrund seiner ausgezeichneten Hochtemperaturfestigkeit und Korrosionsbest\u00e4ndigkeit h\u00e4ufig in Reaktorbeh\u00e4ltern verwendet.<\/li>\n<li><strong>Was sind die typischen Kosten im Zusammenhang mit Inconel 690 Pulver?<\/strong> Die Kosten f\u00fcr Inconel 690-Pulver variieren in Abh\u00e4ngigkeit von Faktoren wie Volumen, Korngr\u00f6\u00dfenbereich, Pulvermorphologie, Reinheitsgrad und Marktbedingungen.<\/li>\n<\/ol>","protected":false},"excerpt":{"rendered":"<p>Inconel 690-Pulver: \u00dcberblick Inconel 690-Pulver wird f\u00fcr seine au\u00dfergew\u00f6hnliche Hochtemperaturfestigkeit, Korrosionsbest\u00e4ndigkeit und hervorragende Verarbeitbarkeit gesch\u00e4tzt und ist daher in verschiedenen Industriezweigen unverzichtbar. Seine einzigartige Kombination von Eigenschaften macht es ideal f\u00fcr Anwendungen, bei denen die Best\u00e4ndigkeit gegen extreme Temperaturen und aggressive Umgebungen entscheidend ist. Zusammensetzung Inconel 690-Pulver wird sorgf\u00e4ltig mit pr\u00e4zisen...<\/p>","protected":false},"featured_media":1781,"parent":0,"template":"","meta":{"_acf_changed":false,"_kad_blocks_custom_css":"","_kad_blocks_head_custom_js":"","_kad_blocks_body_custom_js":"","_kad_blocks_footer_custom_js":"","_kad_post_transparent":"","_kad_post_title":"","_kad_post_layout":"","_kad_post_sidebar_id":"","_kad_post_content_style":"","_kad_post_vertical_padding":"","_kad_post_feature":"","_kad_post_feature_position":"","_kad_post_header":false,"_kad_post_footer":false,"_kad_post_classname":""},"product-category":[119],"class_list":["post-4322","product","type-product","status-publish","has-post-thumbnail","hentry","product-category-3d-printing-metal-powder"],"acf":[],"taxonomy_info":{"product-category":[{"value":119,"label":"3D Printing Metal Powder"}]},"featured_image_src_large":["https:\/\/3dpmetal.com\/wp-content\/uploads\/2024\/02\/Ti22Al25Nb-Powder.png",842,756,false],"author_info":[],"comment_info":"","_links":{"self":[{"href":"https:\/\/3dpmetal.com\/de\/wp-json\/wp\/v2\/product\/4322","targetHints":{"allow":["GET"]}}],"collection":[{"href":"https:\/\/3dpmetal.com\/de\/wp-json\/wp\/v2\/product"}],"about":[{"href":"https:\/\/3dpmetal.com\/de\/wp-json\/wp\/v2\/types\/product"}],"wp:featuredmedia":[{"embeddable":true,"href":"https:\/\/3dpmetal.com\/de\/wp-json\/wp\/v2\/media\/1781"}],"wp:attachment":[{"href":"https:\/\/3dpmetal.com\/de\/wp-json\/wp\/v2\/media?parent=4322"}],"wp:term":[{"taxonomy":"product-category","embeddable":true,"href":"https:\/\/3dpmetal.com\/de\/wp-json\/wp\/v2\/product-category?post=4322"}],"curies":[{"name":"wp","href":"https:\/\/api.w.org\/{rel}","templated":true}]}}