{"id":4323,"date":"2024-04-07T08:17:24","date_gmt":"2024-04-07T08:17:24","guid":{"rendered":"https:\/\/3dpmetal.com\/product\/inconel-602ca-powder\/"},"modified":"2024-04-08T01:46:06","modified_gmt":"2024-04-08T01:46:06","slug":"inconel-602ca-powder","status":"publish","type":"product","link":"https:\/\/3dpmetal.com\/de\/product\/inconel-602ca-powder\/","title":{"rendered":"Inconel 602CA-Pulver"},"content":{"rendered":"<h2>Inconel 602CA-Pulver: \u00dcberblick<\/h2>\n<p><a href=\"https:\/\/en.wikipedia.org\/wiki\/Metal_powder\" target=\"_blank\" rel=\"noopener\">Inconel 602CA-Pulver<\/a> wird wegen seiner au\u00dfergew\u00f6hnlichen Hochtemperaturfestigkeit, Oxidationsbest\u00e4ndigkeit und Aufkohlungsbest\u00e4ndigkeit sehr gesch\u00e4tzt und ist daher f\u00fcr verschiedene anspruchsvolle Anwendungen unverzichtbar. Seine einzigartige Kombination von Eigenschaften macht es ideal f\u00fcr Umgebungen, in denen extreme Temperaturen und aggressive Atmosph\u00e4ren vorherrschen.<\/p>\n<h2>Komposition<\/h2>\n<p>Inconel 602CA-Pulver wird mit pr\u00e4zisen Legierungselementen sorgf\u00e4ltig hergestellt:<\/p>\n<table>\n<thead>\n<tr>\n<th>Element<\/th>\n<th>Gew.-%<\/th>\n<\/tr>\n<\/thead>\n<tbody>\n<tr>\n<td>Nickel (Ni)<\/td>\n<td>70,0 min<\/td>\n<\/tr>\n<tr>\n<td>Chrom (Cr)<\/td>\n<td>24.0-27.0<\/td>\n<\/tr>\n<tr>\n<td>Eisen (Fe)<\/td>\n<td>5.0-9.0<\/td>\n<\/tr>\n<tr>\n<td>Mangan (Mn)<\/td>\n<td>1,0 max<\/td>\n<\/tr>\n<tr>\n<td>Silizium (Si)<\/td>\n<td>1,0 max<\/td>\n<\/tr>\n<tr>\n<td>Kohlenstoff (C)<\/td>\n<td>0,15 max<\/td>\n<\/tr>\n<tr>\n<td>Schwefel (S)<\/td>\n<td>0,015 max<\/td>\n<\/tr>\n<\/tbody>\n<\/table>\n<h2>Merkmale<\/h2>\n<p>Inconel 602CA-Pulver zeichnet sich durch hervorragende Eigenschaften aus:<\/p>\n<table>\n<thead>\n<tr>\n<th>Immobilie<\/th>\n<th>Wert<\/th>\n<\/tr>\n<\/thead>\n<tbody>\n<tr>\n<td>Dichte<\/td>\n<td>8,1 g\/cm\u00b3<\/td>\n<\/tr>\n<tr>\n<td>Zugfestigkeit<\/td>\n<td>655 MPa (min)<\/td>\n<\/tr>\n<tr>\n<td>Streckgrenze<\/td>\n<td>285 MPa (min)<\/td>\n<\/tr>\n<tr>\n<td>Verl\u00e4ngerung<\/td>\n<td>35% (min)<\/td>\n<\/tr>\n<tr>\n<td>H\u00e4rte (HRB)<\/td>\n<td>85 HRB<\/td>\n<\/tr>\n<tr>\n<td>Schmelzpunkt<\/td>\n<td>1340-1380\u00b0C<\/td>\n<\/tr>\n<tr>\n<td>W\u00e4rmeleitf\u00e4higkeit<\/td>\n<td>12,2 W\/m-K<\/td>\n<\/tr>\n<tr>\n<td>Elektrischer Widerstand<\/td>\n<td>1,18 \u00b5\u03a9-m<\/td>\n<\/tr>\n<\/tbody>\n<\/table>\n<h2>ANWENDUNGEN<\/h2>\n<p>Inconel 602CA-Pulver findet breite Anwendung in der Petrochemie, der W\u00e4rmebehandlung und der Energieerzeugung f\u00fcr Komponenten wie Reformerrohre, Strahlungsspulen und Ofenmuffen.<\/p>\n<h2>Additiver Fertigungsprozess<\/h2>\n<p>Das durch Gas- oder Plasmazerst\u00e4ubung hergestellte Inconel 602CA-Pulver eignet sich f\u00fcr additive Fertigungsverfahren wie das selektive Laserschmelzen (SLM) und das Elektronenstrahlschmelzen (EBM).<\/p>\n<h2>Pulverspezifikationen<\/h2>\n<p>Inconel 602CA-Pulver ist in verschiedenen Gr\u00f6\u00dfenbereichen, Morphologien und Qualit\u00e4tsstufen erh\u00e4ltlich und erf\u00fcllt spezifische Anwendungsanforderungen.<\/p>\n<h2>Normen und Benotungen<\/h2>\n<p>Inconel 602CA-Pulver entspricht den Industrienormen wie ASTM B166 und gew\u00e4hrleistet Qualit\u00e4t und Eignung f\u00fcr verschiedene Anwendungen.<\/p>\n<h2>Qualit\u00e4tskontrolle<\/h2>\n<p>Strenge Qualit\u00e4tskontrollma\u00dfnahmen, einschlie\u00dflich chemischer und Partikelgr\u00f6\u00dfenanalysen, gew\u00e4hrleisten die Konsistenz und Zuverl\u00e4ssigkeit von Inconel 602CA-Pulver.<\/p>\n<h2>Kostenanalyse<\/h2>\n<p>Die Kosten f\u00fcr Inconel 602CA-Pulver variieren in Abh\u00e4ngigkeit von Faktoren wie Volumen, Partikelgr\u00f6\u00dfenbereich und Marktbedingungen.<\/p>\n<h2>Lagerung und Handhabung von Pulvern<\/h2>\n<p>Die ordnungsgem\u00e4\u00dfe Lagerung in versiegelten Beh\u00e4ltern und die Einhaltung von Handhabungsprotokollen sind f\u00fcr den Erhalt der Unversehrtheit von Inconel 602CA-Pulver unerl\u00e4sslich.<\/p>\n<h2>Gesundheit und Sicherheit<\/h2>\n<p>Inconel 602CA-Pulver birgt nur minimale Gesundheitsrisiken, erfordert aber bei der Handhabung und Verarbeitung die Verwendung von pers\u00f6nlicher Schutzausr\u00fcstung.<\/p>\n<h2>FAQ<\/h2>\n<ol>\n<li><strong>Was sind die wichtigsten Vorteile von Inconel 602CA-Pulver?<\/strong> Inconel 602CA-Pulver bietet eine au\u00dfergew\u00f6hnliche Hochtemperaturfestigkeit, Oxidationsbest\u00e4ndigkeit und Aufkohlungsbest\u00e4ndigkeit und eignet sich daher f\u00fcr anspruchsvolle Anwendungen in der Petrochemie, W\u00e4rmebehandlung und Energieerzeugung.<\/li>\n<li><strong>Kann Inconel 602CA-Pulver f\u00fcr die additive Fertigung verwendet werden?<\/strong> Ja, Inconel 602CA-Pulver wird h\u00e4ufig in additiven Fertigungsverfahren wie dem selektiven Laserschmelzen (SLM) und dem Elektronenstrahlschmelzen (EBM) verwendet, um Bauteile mit hervorragenden Hochtemperatureigenschaften herzustellen.<\/li>\n<li><strong>Ist Inconel 602CA-Pulver f\u00fcr Reformerrohranwendungen geeignet?<\/strong> Ja, Inconel 602CA-Pulver wird aufgrund seiner hervorragenden Hochtemperaturfestigkeit und Best\u00e4ndigkeit gegen Oxidation und Aufkohlung h\u00e4ufig f\u00fcr Reformerrohre verwendet.<\/li>\n<li><strong>Was sind die typischen Kosten im Zusammenhang mit Inconel 602CA-Pulver?<\/strong> Die Kosten f\u00fcr Inconel 602CA-Pulver variieren in Abh\u00e4ngigkeit von Faktoren wie Volumen, Korngr\u00f6\u00dfenbereich, Pulvermorphologie, Reinheitsgrad und Marktbedingungen.<\/li>\n<\/ol>","protected":false},"excerpt":{"rendered":"<p>Inconel 602CA-Pulver: \u00dcberblick Inconel 602CA-Pulver wird wegen seiner au\u00dfergew\u00f6hnlichen Hochtemperaturfestigkeit, Oxidationsbest\u00e4ndigkeit und Aufkohlungsbest\u00e4ndigkeit sehr gesch\u00e4tzt und ist daher f\u00fcr verschiedene anspruchsvolle Anwendungen unverzichtbar. Seine einzigartige Kombination von Eigenschaften macht es ideal f\u00fcr Umgebungen, in denen extreme Temperaturen und aggressive Atmosph\u00e4ren vorherrschen. Zusammensetzung Inconel 602CA-Pulver wird sorgf\u00e4ltig mit pr\u00e4zisen Legierungselementen hergestellt...<\/p>","protected":false},"featured_media":1855,"parent":0,"template":"","meta":{"_acf_changed":false,"_kad_blocks_custom_css":"","_kad_blocks_head_custom_js":"","_kad_blocks_body_custom_js":"","_kad_blocks_footer_custom_js":"","_kad_post_transparent":"","_kad_post_title":"","_kad_post_layout":"","_kad_post_sidebar_id":"","_kad_post_content_style":"","_kad_post_vertical_padding":"","_kad_post_feature":"","_kad_post_feature_position":"","_kad_post_header":false,"_kad_post_footer":false,"_kad_post_classname":""},"product-category":[119],"class_list":["post-4323","product","type-product","status-publish","has-post-thumbnail","hentry","product-category-3d-printing-metal-powder"],"acf":[],"taxonomy_info":{"product-category":[{"value":119,"label":"3D Printing Metal Powder"}]},"featured_image_src_large":["https:\/\/3dpmetal.com\/wp-content\/uploads\/2024\/02\/High-temperature-alloy.jpg",600,600,false],"author_info":[],"comment_info":"","_links":{"self":[{"href":"https:\/\/3dpmetal.com\/de\/wp-json\/wp\/v2\/product\/4323","targetHints":{"allow":["GET"]}}],"collection":[{"href":"https:\/\/3dpmetal.com\/de\/wp-json\/wp\/v2\/product"}],"about":[{"href":"https:\/\/3dpmetal.com\/de\/wp-json\/wp\/v2\/types\/product"}],"wp:featuredmedia":[{"embeddable":true,"href":"https:\/\/3dpmetal.com\/de\/wp-json\/wp\/v2\/media\/1855"}],"wp:attachment":[{"href":"https:\/\/3dpmetal.com\/de\/wp-json\/wp\/v2\/media?parent=4323"}],"wp:term":[{"taxonomy":"product-category","embeddable":true,"href":"https:\/\/3dpmetal.com\/de\/wp-json\/wp\/v2\/product-category?post=4323"}],"curies":[{"name":"wp","href":"https:\/\/api.w.org\/{rel}","templated":true}]}}