{"id":4325,"date":"2024-04-07T08:17:41","date_gmt":"2024-04-07T08:17:41","guid":{"rendered":"https:\/\/3dpmetal.com\/product\/alloy-g-30-powder\/"},"modified":"2024-04-08T01:48:44","modified_gmt":"2024-04-08T01:48:44","slug":"alloy-g-30-powder","status":"publish","type":"product","link":"https:\/\/3dpmetal.com\/de\/product\/alloy-g-30-powder\/","title":{"rendered":"Legierung G-30 Pulver"},"content":{"rendered":"<h2>Legierung G-30-Pulver: \u00dcbersicht<\/h2>\n<p><a href=\"https:\/\/en.wikipedia.org\/wiki\/Metal_powder\" target=\"_blank\" rel=\"noopener\">Legierung G-30 Pulver<\/a> wird wegen seiner au\u00dfergew\u00f6hnlichen Korrosionsbest\u00e4ndigkeit, hohen Festigkeit und Vielseitigkeit hoch gesch\u00e4tzt und ist daher in verschiedenen anspruchsvollen Umgebungen unverzichtbar. Aufgrund seiner einzigartigen Kombination von Eigenschaften eignet es sich f\u00fcr Anwendungen, bei denen die Best\u00e4ndigkeit gegen raue chemische Umgebungen im Vordergrund steht.<\/p>\n<h2>Komposition<\/h2>\n<p>Alloy G-30 Powder wird mit pr\u00e4zisen Legierungselementen sorgf\u00e4ltig hergestellt:<\/p>\n<table>\n<thead>\n<tr>\n<th>Element<\/th>\n<th>Gew.-%<\/th>\n<\/tr>\n<\/thead>\n<tbody>\n<tr>\n<td>Nickel (Ni)<\/td>\n<td>50.0-55.0<\/td>\n<\/tr>\n<tr>\n<td>Chrom (Cr)<\/td>\n<td>14.0-17.0<\/td>\n<\/tr>\n<tr>\n<td>Molybd\u00e4n (Mo)<\/td>\n<td>15.0-17.0<\/td>\n<\/tr>\n<tr>\n<td>Eisen (Fe)<\/td>\n<td>5.0-7.0<\/td>\n<\/tr>\n<tr>\n<td>Cobalt (Co)<\/td>\n<td>2,5 max<\/td>\n<\/tr>\n<tr>\n<td>Wolfram (W)<\/td>\n<td>2,5 max<\/td>\n<\/tr>\n<tr>\n<td>Kupfer (Cu)<\/td>\n<td>1.0-2.5<\/td>\n<\/tr>\n<tr>\n<td>Vanadium (V)<\/td>\n<td>0,35 max<\/td>\n<\/tr>\n<tr>\n<td>Kohlenstoff (C)<\/td>\n<td>0,03 max<\/td>\n<\/tr>\n<tr>\n<td>Silizium (Si)<\/td>\n<td>0,08 max<\/td>\n<\/tr>\n<tr>\n<td>Phosphor (P)<\/td>\n<td>0,020 max<\/td>\n<\/tr>\n<tr>\n<td>Schwefel (S)<\/td>\n<td>0,010 max<\/td>\n<\/tr>\n<\/tbody>\n<\/table>\n<h2>Merkmale<\/h2>\n<p>Alloy G-30 Powder zeichnet sich durch hervorragende Eigenschaften aus:<\/p>\n<table>\n<thead>\n<tr>\n<th>Immobilie<\/th>\n<th>Wert<\/th>\n<\/tr>\n<\/thead>\n<tbody>\n<tr>\n<td>Dichte<\/td>\n<td>8,22 g\/cm\u00b3<\/td>\n<\/tr>\n<tr>\n<td>Zugfestigkeit<\/td>\n<td>760 MPa (min)<\/td>\n<\/tr>\n<tr>\n<td>Streckgrenze<\/td>\n<td>350 MPa (min)<\/td>\n<\/tr>\n<tr>\n<td>Verl\u00e4ngerung<\/td>\n<td>40% (min)<\/td>\n<\/tr>\n<tr>\n<td>H\u00e4rte (HRB)<\/td>\n<td>92 HRB<\/td>\n<\/tr>\n<tr>\n<td>Schmelzpunkt<\/td>\n<td>1360-1415\u00b0C<\/td>\n<\/tr>\n<tr>\n<td>W\u00e4rmeleitf\u00e4higkeit<\/td>\n<td>10,3 W\/m-K<\/td>\n<\/tr>\n<tr>\n<td>Elektrischer Widerstand<\/td>\n<td>1,25 \u00b5\u03a9-m<\/td>\n<\/tr>\n<\/tbody>\n<\/table>\n<h2>ANWENDUNGEN<\/h2>\n<p>Alloy G-30 Powder wird in der chemischen und pharmazeutischen Industrie sowie im Umweltschutz f\u00fcr Komponenten wie Reaktorbeh\u00e4lter, W\u00e4rmetauscher und W\u00e4schersysteme eingesetzt.<\/p>\n<h2>Additiver Fertigungsprozess<\/h2>\n<p>Das durch Gas- oder Plasmazerst\u00e4ubung hergestellte Alloy G-30-Pulver eignet sich f\u00fcr additive Fertigungsverfahren wie Pulverbettfusion und gerichtete Energieabscheidung.<\/p>\n<h2>Pulverspezifikationen<\/h2>\n<p>Alloy G-30 Powder ist in verschiedenen Gr\u00f6\u00dfenbereichen, Morphologien und Qualit\u00e4tsstufen erh\u00e4ltlich und erf\u00fcllt spezifische Anwendungsanforderungen.<\/p>\n<h2>Normen und Benotungen<\/h2>\n<p>Alloy G-30 Powder entspricht den Industrienormen wie ASTM B582 und gew\u00e4hrleistet Qualit\u00e4t und Eignung f\u00fcr verschiedene Anwendungen.<\/p>\n<h2>Qualit\u00e4tskontrolle<\/h2>\n<p>Strenge Qualit\u00e4tskontrollma\u00dfnahmen, einschlie\u00dflich chemischer und Partikelgr\u00f6\u00dfenanalysen, gew\u00e4hrleisten die Konsistenz und Zuverl\u00e4ssigkeit von Alloy G-30 Powder.<\/p>\n<h2>Kostenanalyse<\/h2>\n<p>Die Kosten f\u00fcr Alloy G-30-Pulver h\u00e4ngen von Faktoren wie Volumen, Partikelgr\u00f6\u00dfenbereich und Marktbedingungen ab.<\/p>\n<h2>Lagerung und Handhabung von Pulvern<\/h2>\n<p>Die ordnungsgem\u00e4\u00dfe Lagerung in versiegelten Beh\u00e4ltern und die Einhaltung der Handhabungsprotokolle sind f\u00fcr die Unversehrtheit von Alloy G-30 Powder unerl\u00e4sslich.<\/p>\n<h2>Gesundheit und Sicherheit<\/h2>\n<p>Alloy G-30 Powder birgt nur minimale Gesundheitsrisiken, erfordert aber bei der Handhabung und Verarbeitung die Verwendung von pers\u00f6nlicher Schutzausr\u00fcstung.<\/p>\n<h2>FAQ<\/h2>\n<ol>\n<li><strong>Was sind die Hauptvorteile von Alloy G-30 Powder?<\/strong> Alloy G-30 Powder bietet au\u00dfergew\u00f6hnliche Korrosionsbest\u00e4ndigkeit, hohe Festigkeit und Vielseitigkeit und ist damit ideal f\u00fcr Anwendungen in rauen chemischen Umgebungen.<\/li>\n<li><strong>Kann Alloy G-30-Pulver in der additiven Fertigung verwendet werden?<\/strong> Ja, Alloy G-30-Pulver wird h\u00e4ufig in additiven Fertigungsverfahren wie Pulverbettschmelzen und gerichteter Energieabscheidung verwendet, um Bauteile mit hervorragender Korrosionsbest\u00e4ndigkeit und mechanischen Eigenschaften herzustellen.<\/li>\n<li><strong>Ist Alloy G-30 Powder f\u00fcr Anwendungen in Reaktorbeh\u00e4ltern geeignet?<\/strong> Ja, Alloy G-30 Powder wird aufgrund seiner hervorragenden Korrosionsbest\u00e4ndigkeit und hohen Festigkeit h\u00e4ufig in Reaktorbeh\u00e4ltern verwendet.<\/li>\n<li><strong>Was sind die typischen Kosten im Zusammenhang mit Alloy G-30 Powder?<\/strong> Die Kosten f\u00fcr Alloy G-30-Pulver variieren in Abh\u00e4ngigkeit von Faktoren wie Volumen, Partikelgr\u00f6\u00dfenbereich, Pulvermorphologie, Reinheitsgrad und Marktbedingungen.<\/li>\n<\/ol>","protected":false},"excerpt":{"rendered":"<p>Legierung G-30-Pulver: \u00dcbersicht Alloy G-30 Powder wird wegen seiner au\u00dfergew\u00f6hnlichen Korrosionsbest\u00e4ndigkeit, hohen Festigkeit und Vielseitigkeit hoch gesch\u00e4tzt und ist daher in verschiedenen anspruchsvollen Umgebungen unverzichtbar. Aufgrund seiner einzigartigen Kombination von Eigenschaften eignet es sich f\u00fcr Anwendungen, bei denen die Best\u00e4ndigkeit gegen raue chemische Umgebungen im Vordergrund steht. Die Zusammensetzung von Alloy G-30 Powder wird sorgf\u00e4ltig mit pr\u00e4zisen Legierungselementen hergestellt:...<\/p>","protected":false},"featured_media":4210,"parent":0,"template":"","meta":{"_acf_changed":false,"_kad_blocks_custom_css":"","_kad_blocks_head_custom_js":"","_kad_blocks_body_custom_js":"","_kad_blocks_footer_custom_js":"","_kad_post_transparent":"","_kad_post_title":"","_kad_post_layout":"","_kad_post_sidebar_id":"","_kad_post_content_style":"","_kad_post_vertical_padding":"","_kad_post_feature":"","_kad_post_feature_position":"","_kad_post_header":false,"_kad_post_footer":false,"_kad_post_classname":""},"product-category":[119],"class_list":["post-4325","product","type-product","status-publish","has-post-thumbnail","hentry","product-category-3d-printing-metal-powder"],"acf":[],"taxonomy_info":{"product-category":[{"value":119,"label":"3D Printing Metal Powder"}]},"featured_image_src_large":["https:\/\/3dpmetal.com\/wp-content\/uploads\/2024\/04\/Gh3536.jpg",600,600,false],"author_info":[],"comment_info":"","_links":{"self":[{"href":"https:\/\/3dpmetal.com\/de\/wp-json\/wp\/v2\/product\/4325","targetHints":{"allow":["GET"]}}],"collection":[{"href":"https:\/\/3dpmetal.com\/de\/wp-json\/wp\/v2\/product"}],"about":[{"href":"https:\/\/3dpmetal.com\/de\/wp-json\/wp\/v2\/types\/product"}],"wp:featuredmedia":[{"embeddable":true,"href":"https:\/\/3dpmetal.com\/de\/wp-json\/wp\/v2\/media\/4210"}],"wp:attachment":[{"href":"https:\/\/3dpmetal.com\/de\/wp-json\/wp\/v2\/media?parent=4325"}],"wp:term":[{"taxonomy":"product-category","embeddable":true,"href":"https:\/\/3dpmetal.com\/de\/wp-json\/wp\/v2\/product-category?post=4325"}],"curies":[{"name":"wp","href":"https:\/\/api.w.org\/{rel}","templated":true}]}}