{"id":4326,"date":"2024-04-07T08:17:41","date_gmt":"2024-04-07T08:17:41","guid":{"rendered":"https:\/\/3dpmetal.com\/product\/alloy-x-750-powder\/"},"modified":"2024-04-08T01:49:30","modified_gmt":"2024-04-08T01:49:30","slug":"alloy-x-750-powder","status":"publish","type":"product","link":"https:\/\/3dpmetal.com\/de\/product\/alloy-x-750-powder\/","title":{"rendered":"Legierung X-750 Pulver"},"content":{"rendered":"<h2>Legierung X-750-Pulver: \u00dcbersicht<\/h2>\n<p><a href=\"https:\/\/en.wikipedia.org\/wiki\/Metal_powder\" target=\"_blank\" rel=\"noopener\">Legierung X-750 Pulver<\/a> wird wegen seiner au\u00dfergew\u00f6hnlichen Hochtemperaturfestigkeit, Oxidationsbest\u00e4ndigkeit und Korrosionsbest\u00e4ndigkeit hoch gesch\u00e4tzt und ist daher f\u00fcr verschiedene anspruchsvolle Anwendungen unverzichtbar. Seine einzigartige Kombination von Eigenschaften macht es f\u00fcr Umgebungen geeignet, in denen extreme Temperaturen und aggressive Atmosph\u00e4ren vorherrschen.<\/p>\n<h2>Komposition<\/h2>\n<p>Alloy X-750 Powder wird mit pr\u00e4zisen Legierungselementen sorgf\u00e4ltig hergestellt:<\/p>\n<table>\n<thead>\n<tr>\n<th>Element<\/th>\n<th>Gew.-%<\/th>\n<\/tr>\n<\/thead>\n<tbody>\n<tr>\n<td>Nickel (Ni)<\/td>\n<td>70,0 min<\/td>\n<\/tr>\n<tr>\n<td>Chrom (Cr)<\/td>\n<td>14.0-17.0<\/td>\n<\/tr>\n<tr>\n<td>Eisen (Fe)<\/td>\n<td>5.0-9.0<\/td>\n<\/tr>\n<tr>\n<td>Aluminium (Al)<\/td>\n<td>2.25-2.75<\/td>\n<\/tr>\n<tr>\n<td>Titan (Ti)<\/td>\n<td>0.7-1.2<\/td>\n<\/tr>\n<tr>\n<td>Cobalt (Co)<\/td>\n<td>1,0 max<\/td>\n<\/tr>\n<tr>\n<td>Molybd\u00e4n (Mo)<\/td>\n<td>0.7-1.2<\/td>\n<\/tr>\n<tr>\n<td>Kupfer (Cu)<\/td>\n<td>0.5-1.0<\/td>\n<\/tr>\n<tr>\n<td>Silizium (Si)<\/td>\n<td>0,5 max<\/td>\n<\/tr>\n<tr>\n<td>Schwefel (S)<\/td>\n<td>0,01 max<\/td>\n<\/tr>\n<tr>\n<td>Kohlenstoff (C)<\/td>\n<td>0,08 max<\/td>\n<\/tr>\n<\/tbody>\n<\/table>\n<h2>Merkmale<\/h2>\n<p>Alloy X-750 Powder zeichnet sich durch hervorragende Eigenschaften aus:<\/p>\n<table>\n<thead>\n<tr>\n<th>Immobilie<\/th>\n<th>Wert<\/th>\n<\/tr>\n<\/thead>\n<tbody>\n<tr>\n<td>Dichte<\/td>\n<td>8,27 g\/cm\u00b3<\/td>\n<\/tr>\n<tr>\n<td>Zugfestigkeit<\/td>\n<td>1034 MPa (min)<\/td>\n<\/tr>\n<tr>\n<td>Streckgrenze<\/td>\n<td>689 MPa (min)<\/td>\n<\/tr>\n<tr>\n<td>Verl\u00e4ngerung<\/td>\n<td>30% (min)<\/td>\n<\/tr>\n<tr>\n<td>H\u00e4rte (HRB)<\/td>\n<td>96 HRB<\/td>\n<\/tr>\n<tr>\n<td>Schmelzpunkt<\/td>\n<td>1393-1427\u00b0C<\/td>\n<\/tr>\n<tr>\n<td>W\u00e4rmeleitf\u00e4higkeit<\/td>\n<td>11,0 W\/m-K<\/td>\n<\/tr>\n<tr>\n<td>Elektrischer Widerstand<\/td>\n<td>1,22 \u00b5\u03a9-m<\/td>\n<\/tr>\n<\/tbody>\n<\/table>\n<h2>ANWENDUNGEN<\/h2>\n<p>Alloy X-750 Powder wird in der Luft- und Raumfahrt, in Gasturbinen und in der Nuklearindustrie f\u00fcr Komponenten wie Turbinenschaufeln, Raketentriebwerke und Reaktorbeh\u00e4lter eingesetzt.<\/p>\n<h2>Additiver Fertigungsprozess<\/h2>\n<p>Das durch Gas- oder Plasmazerst\u00e4ubung hergestellte Alloy X-750-Pulver eignet sich f\u00fcr additive Fertigungsverfahren wie Pulverbettfusion und gerichtete Energieabscheidung.<\/p>\n<h2>Pulverspezifikationen<\/h2>\n<p>Alloy X-750 Powder ist in verschiedenen Gr\u00f6\u00dfenbereichen, Morphologien und Qualit\u00e4tsstufen erh\u00e4ltlich und erf\u00fcllt spezifische Anwendungsanforderungen.<\/p>\n<h2>Normen und Benotungen<\/h2>\n<p>Alloy X-750 Powder entspricht den Industrienormen wie AMS 5667 und gew\u00e4hrleistet Qualit\u00e4t und Eignung f\u00fcr verschiedene Anwendungen.<\/p>\n<h2>Qualit\u00e4tskontrolle<\/h2>\n<p>Strenge Qualit\u00e4tskontrollma\u00dfnahmen, einschlie\u00dflich chemischer und Partikelgr\u00f6\u00dfenanalysen, gew\u00e4hrleisten die Konsistenz und Zuverl\u00e4ssigkeit von Alloy X-750 Powder.<\/p>\n<h2>Kostenanalyse<\/h2>\n<p>Die Kosten f\u00fcr Alloy X-750-Pulver h\u00e4ngen von Faktoren wie Volumen, Partikelgr\u00f6\u00dfenbereich und Marktbedingungen ab.<\/p>\n<h2>Lagerung und Handhabung von Pulvern<\/h2>\n<p>Die ordnungsgem\u00e4\u00dfe Lagerung in versiegelten Beh\u00e4ltern und die Einhaltung der Handhabungsprotokolle sind f\u00fcr die Erhaltung der Unversehrtheit von Alloy X-750 Powder unerl\u00e4sslich.<\/p>\n<h2>Gesundheit und Sicherheit<\/h2>\n<p>Alloy X-750 Powder birgt nur minimale Gesundheitsrisiken, erfordert aber bei der Handhabung und Verarbeitung die Verwendung von pers\u00f6nlicher Schutzausr\u00fcstung.<\/p>\n<h2>FAQ<\/h2>\n<ol>\n<li><strong>Was sind die wichtigsten Vorteile von Alloy X-750 Powder?<\/strong> Alloy X-750 Powder bietet eine au\u00dfergew\u00f6hnliche Hochtemperaturfestigkeit, Oxidationsbest\u00e4ndigkeit und Korrosionsbest\u00e4ndigkeit und ist damit ideal f\u00fcr Anwendungen in der Luft- und Raumfahrt, in Gasturbinen und in der Nuklearindustrie.<\/li>\n<li><strong>Kann Alloy X-750-Pulver in der additiven Fertigung verwendet werden?<\/strong> Ja, Alloy X-750 Powder wird h\u00e4ufig in additiven Fertigungsverfahren wie dem Pulverbettschmelzen und der gerichteten Energieabscheidung verwendet, um Bauteile mit hervorragenden Hochtemperatureigenschaften herzustellen.<\/li>\n<li><strong>Eignet sich Alloy X-750 Powder f\u00fcr den Einsatz in Turbinenschaufeln?<\/strong> Ja, Alloy X-750 Powder wird aufgrund seiner hervorragenden Hochtemperaturfestigkeit und Oxidationsbest\u00e4ndigkeit h\u00e4ufig f\u00fcr Turbinenschaufeln verwendet.<\/li>\n<li><strong>Was sind die typischen Kosten im Zusammenhang mit Alloy X-750 Powder?<\/strong> Die Kosten f\u00fcr Alloy X-750-Pulver variieren in Abh\u00e4ngigkeit von Faktoren wie Volumen, Partikelgr\u00f6\u00dfenbereich, Pulvermorphologie, Reinheitsgrad und Marktbedingungen.<\/li>\n<\/ol>","protected":false},"excerpt":{"rendered":"<p>Alloy X-750-Pulver: \u00dcbersicht Alloy X-750 Powder wird wegen seiner au\u00dfergew\u00f6hnlichen Hochtemperaturfestigkeit, Oxidationsbest\u00e4ndigkeit und Korrosionsbest\u00e4ndigkeit hoch gesch\u00e4tzt und ist daher f\u00fcr verschiedene anspruchsvolle Anwendungen unverzichtbar. Seine einzigartige Kombination von Eigenschaften macht es geeignet f\u00fcr Umgebungen, in denen extreme Temperaturen und aggressive Atmosph\u00e4ren vorherrschen. Die Zusammensetzung von Alloy X-750 Powder wird sorgf\u00e4ltig mit pr\u00e4zisen Legierungselementen hergestellt...<\/p>","protected":false},"featured_media":1845,"parent":0,"template":"","meta":{"_acf_changed":false,"_kad_blocks_custom_css":"","_kad_blocks_head_custom_js":"","_kad_blocks_body_custom_js":"","_kad_blocks_footer_custom_js":"","_kad_post_transparent":"","_kad_post_title":"","_kad_post_layout":"","_kad_post_sidebar_id":"","_kad_post_content_style":"","_kad_post_vertical_padding":"","_kad_post_feature":"","_kad_post_feature_position":"","_kad_post_header":false,"_kad_post_footer":false,"_kad_post_classname":""},"product-category":[119],"class_list":["post-4326","product","type-product","status-publish","has-post-thumbnail","hentry","product-category-3d-printing-metal-powder"],"acf":[],"taxonomy_info":{"product-category":[{"value":119,"label":"3D Printing Metal Powder"}]},"featured_image_src_large":["https:\/\/3dpmetal.com\/wp-content\/uploads\/2024\/02\/T15-Powder.jpg",600,600,false],"author_info":[],"comment_info":"","_links":{"self":[{"href":"https:\/\/3dpmetal.com\/de\/wp-json\/wp\/v2\/product\/4326","targetHints":{"allow":["GET"]}}],"collection":[{"href":"https:\/\/3dpmetal.com\/de\/wp-json\/wp\/v2\/product"}],"about":[{"href":"https:\/\/3dpmetal.com\/de\/wp-json\/wp\/v2\/types\/product"}],"wp:featuredmedia":[{"embeddable":true,"href":"https:\/\/3dpmetal.com\/de\/wp-json\/wp\/v2\/media\/1845"}],"wp:attachment":[{"href":"https:\/\/3dpmetal.com\/de\/wp-json\/wp\/v2\/media?parent=4326"}],"wp:term":[{"taxonomy":"product-category","embeddable":true,"href":"https:\/\/3dpmetal.com\/de\/wp-json\/wp\/v2\/product-category?post=4326"}],"curies":[{"name":"wp","href":"https:\/\/api.w.org\/{rel}","templated":true}]}}