{"id":4327,"date":"2024-04-07T08:17:41","date_gmt":"2024-04-07T08:17:41","guid":{"rendered":"https:\/\/3dpmetal.com\/product\/410l-stainless-steel-powder\/"},"modified":"2024-04-08T01:50:58","modified_gmt":"2024-04-08T01:50:58","slug":"410l-stainless-steel-powder","status":"publish","type":"product","link":"https:\/\/3dpmetal.com\/de\/product\/410l-stainless-steel-powder\/","title":{"rendered":"410L-Edelstahl-Pulver"},"content":{"rendered":"<h2>410L-Edelstahl-Pulver: \u00dcbersicht<\/h2>\n<p><a href=\"https:\/\/en.wikipedia.org\/wiki\/Stainless_steel\" target=\"_blank\" rel=\"noopener\">410L-Edelstahl-Pulver<\/a> wird wegen seiner au\u00dfergew\u00f6hnlichen Korrosionsbest\u00e4ndigkeit, Hitzebest\u00e4ndigkeit und Verschlei\u00dffestigkeit sehr gesch\u00e4tzt, was es zu einem unverzichtbaren Werkstoff in verschiedenen Branchen macht. Aufgrund seiner einzigartigen Kombination von Eigenschaften eignet es sich f\u00fcr Anwendungen, bei denen hohe Festigkeit und Haltbarkeit erforderlich sind.<\/p>\n<h2>Komposition<\/h2>\n<p>410L-Edelstahlpulver wird mit pr\u00e4zisen Legierungselementen sorgf\u00e4ltig hergestellt:<\/p>\n<table>\n<thead>\n<tr>\n<th>Element<\/th>\n<th>Gew.-%<\/th>\n<\/tr>\n<\/thead>\n<tbody>\n<tr>\n<td>Chrom (Cr)<\/td>\n<td>11.5-13.5<\/td>\n<\/tr>\n<tr>\n<td>Nickel (Ni)<\/td>\n<td>0,60 max<\/td>\n<\/tr>\n<tr>\n<td>Mangan (Mn)<\/td>\n<td>1,0 max<\/td>\n<\/tr>\n<tr>\n<td>Silizium (Si)<\/td>\n<td>1,0 max<\/td>\n<\/tr>\n<tr>\n<td>Kohlenstoff (C)<\/td>\n<td>0,03 max<\/td>\n<\/tr>\n<tr>\n<td>Schwefel (S)<\/td>\n<td>0,03 max<\/td>\n<\/tr>\n<tr>\n<td>Phosphor (P)<\/td>\n<td>0,040 max<\/td>\n<\/tr>\n<tr>\n<td>Eisen (Fe)<\/td>\n<td>Balanse<\/td>\n<\/tr>\n<\/tbody>\n<\/table>\n<h2>Merkmale<\/h2>\n<p>410L-Edelstahlpulver zeichnet sich durch hervorragende Eigenschaften aus:<\/p>\n<table>\n<thead>\n<tr>\n<th>Immobilie<\/th>\n<th>Wert<\/th>\n<\/tr>\n<\/thead>\n<tbody>\n<tr>\n<td>Dichte<\/td>\n<td>7,7 g\/cm\u00b3<\/td>\n<\/tr>\n<tr>\n<td>Zugfestigkeit<\/td>\n<td>450 MPa (min)<\/td>\n<\/tr>\n<tr>\n<td>Streckgrenze<\/td>\n<td>205 MPa (min)<\/td>\n<\/tr>\n<tr>\n<td>Verl\u00e4ngerung<\/td>\n<td>20% (min)<\/td>\n<\/tr>\n<tr>\n<td>H\u00e4rte (HRB)<\/td>\n<td>80 HRB<\/td>\n<\/tr>\n<tr>\n<td>Schmelzpunkt<\/td>\n<td>1480-1530\u00b0C<\/td>\n<\/tr>\n<tr>\n<td>W\u00e4rmeleitf\u00e4higkeit<\/td>\n<td>24,9 W\/m-K<\/td>\n<\/tr>\n<tr>\n<td>Elektrischer Widerstand<\/td>\n<td>0,06 \u00b5\u03a9-m<\/td>\n<\/tr>\n<\/tbody>\n<\/table>\n<h2>ANWENDUNGEN<\/h2>\n<p>410L-Edelstahlpulver findet breite Anwendung in der Automobil-, Luft- und Raumfahrt- und Bauindustrie f\u00fcr Komponenten wie Auspuffanlagen, Befestigungselemente und Strukturteile.<\/p>\n<h2>Additiver Fertigungsprozess<\/h2>\n<p>410L-Edelstahlpulver wird durch Gas- oder Plasmazerst\u00e4ubung hergestellt und eignet sich f\u00fcr additive Fertigungsverfahren wie Pulverbettschmelzen und Binderstrahlverfahren.<\/p>\n<h2>Pulverspezifikationen<\/h2>\n<p>410L-Edelstahlpulver ist in verschiedenen Gr\u00f6\u00dfenbereichen, Morphologien und Qualit\u00e4tsstufen erh\u00e4ltlich und erf\u00fcllt spezifische Anwendungsanforderungen.<\/p>\n<h2>Normen und Benotungen<\/h2>\n<p>410L-Edelstahlpulver entspricht den Industrienormen wie ASTM A240 und gew\u00e4hrleistet Qualit\u00e4t und Eignung f\u00fcr verschiedene Anwendungen.<\/p>\n<h2>Qualit\u00e4tskontrolle<\/h2>\n<p>Strenge Qualit\u00e4tskontrollma\u00dfnahmen, einschlie\u00dflich chemischer und Partikelgr\u00f6\u00dfenanalysen, gew\u00e4hrleisten die Konsistenz und Zuverl\u00e4ssigkeit von 410L-Edelstahlpulver.<\/p>\n<h2>Kostenanalyse<\/h2>\n<p>Die Kosten f\u00fcr 410L-Edelstahlpulver variieren in Abh\u00e4ngigkeit von Faktoren wie Volumen, Partikelgr\u00f6\u00dfenbereich und Marktbedingungen.<\/p>\n<h2>Lagerung und Handhabung von Pulvern<\/h2>\n<p>Die ordnungsgem\u00e4\u00dfe Lagerung in versiegelten Beh\u00e4ltern und die Einhaltung von Handhabungsprotokollen sind entscheidend f\u00fcr die Unversehrtheit von 410L Edelstahlpulver.<\/p>\n<h2>Gesundheit und Sicherheit<\/h2>\n<p>410L-Edelstahlpulver birgt nur minimale Gesundheitsrisiken, erfordert aber bei der Handhabung und Verarbeitung die Verwendung von pers\u00f6nlicher Schutzausr\u00fcstung.<\/p>\n<h2>FAQ<\/h2>\n<ol>\n<li><strong>Was sind die wichtigsten Vorteile von 410L-Edelstahlpulver?<\/strong> 410L Edelstahlpulver bietet eine au\u00dfergew\u00f6hnliche Korrosions-, Hitze- und Verschlei\u00dfbest\u00e4ndigkeit und eignet sich daher ideal f\u00fcr Anwendungen, die eine hohe Festigkeit und Haltbarkeit erfordern.<\/li>\n<li><strong>Kann 410L-Edelstahlpulver f\u00fcr die additive Fertigung verwendet werden?<\/strong> Ja, 410L-Edelstahlpulver wird h\u00e4ufig in additiven Fertigungsverfahren wie dem Pulverbettschmelzen und dem Binderstrahlverfahren verwendet, um Bauteile mit hervorragenden mechanischen Eigenschaften herzustellen.<\/li>\n<li><strong>Ist 410L-Edelstahlpulver f\u00fcr Anwendungen in der Automobilindustrie geeignet?<\/strong> Ja, 410L-Edelstahlpulver wird aufgrund seiner hervorragenden Korrosions- und Hitzebest\u00e4ndigkeit h\u00e4ufig in der Automobilindustrie verwendet und ist daher ideal f\u00fcr Auspuffanlagen und Strukturteile.<\/li>\n<li><strong>Was sind die typischen Kosten im Zusammenhang mit 410L Edelstahlpulver?<\/strong> Die Kosten f\u00fcr 410L-Edelstahlpulver variieren in Abh\u00e4ngigkeit von Faktoren wie Volumen, Korngr\u00f6\u00dfenbereich, Pulvermorphologie, Reinheitsgrad und Marktbedingungen.<\/li>\n<\/ol>","protected":false},"excerpt":{"rendered":"<p>410L-Edelstahl-Pulver: \u00dcbersicht 410L-Edelstahlpulver wird wegen seiner au\u00dfergew\u00f6hnlichen Korrosionsbest\u00e4ndigkeit, Hitzebest\u00e4ndigkeit und Verschlei\u00dffestigkeit sehr gesch\u00e4tzt und ist daher in verschiedenen Industriezweigen ein wichtiger Werkstoff. Aufgrund seiner einzigartigen Kombination von Eigenschaften eignet es sich f\u00fcr Anwendungen, die eine hohe Festigkeit und Haltbarkeit erfordern. Die Zusammensetzung von 410L-Edelstahlpulver wird sorgf\u00e4ltig hergestellt...<\/p>","protected":false},"featured_media":4167,"parent":0,"template":"","meta":{"_acf_changed":false,"_kad_blocks_custom_css":"","_kad_blocks_head_custom_js":"","_kad_blocks_body_custom_js":"","_kad_blocks_footer_custom_js":"","_kad_post_transparent":"","_kad_post_title":"","_kad_post_layout":"","_kad_post_sidebar_id":"","_kad_post_content_style":"","_kad_post_vertical_padding":"","_kad_post_feature":"","_kad_post_feature_position":"","_kad_post_header":false,"_kad_post_footer":false,"_kad_post_classname":""},"product-category":[119],"class_list":["post-4327","product","type-product","status-publish","has-post-thumbnail","hentry","product-category-3d-printing-metal-powder"],"acf":[],"taxonomy_info":{"product-category":[{"value":119,"label":"3D Printing Metal Powder"}]},"featured_image_src_large":["https:\/\/3dpmetal.com\/wp-content\/uploads\/2024\/04\/718-powder.jpg",600,600,false],"author_info":[],"comment_info":"","_links":{"self":[{"href":"https:\/\/3dpmetal.com\/de\/wp-json\/wp\/v2\/product\/4327","targetHints":{"allow":["GET"]}}],"collection":[{"href":"https:\/\/3dpmetal.com\/de\/wp-json\/wp\/v2\/product"}],"about":[{"href":"https:\/\/3dpmetal.com\/de\/wp-json\/wp\/v2\/types\/product"}],"wp:featuredmedia":[{"embeddable":true,"href":"https:\/\/3dpmetal.com\/de\/wp-json\/wp\/v2\/media\/4167"}],"wp:attachment":[{"href":"https:\/\/3dpmetal.com\/de\/wp-json\/wp\/v2\/media?parent=4327"}],"wp:term":[{"taxonomy":"product-category","embeddable":true,"href":"https:\/\/3dpmetal.com\/de\/wp-json\/wp\/v2\/product-category?post=4327"}],"curies":[{"name":"wp","href":"https:\/\/api.w.org\/{rel}","templated":true}]}}