{"id":3859,"date":"2024-03-18T06:10:08","date_gmt":"2024-03-18T06:10:08","guid":{"rendered":"https:\/\/3dp.45612300.xyz\/product\/ti-6al-4v-titanium-alloy-powder\/"},"modified":"2024-03-18T06:10:08","modified_gmt":"2024-03-18T06:10:08","slug":"ti-6al-4v-titanium-alloy-powder","status":"publish","type":"product","link":"https:\/\/3dpmetal.com\/el\/product\/ti-6al-4v-titanium-alloy-powder\/","title":{"rendered":"\u03a3\u03ba\u03cc\u03bd\u03b7 \u03ba\u03c1\u03ac\u03bc\u03b1\u03c4\u03bf\u03c2 \u03c4\u03b9\u03c4\u03b1\u03bd\u03af\u03bf\u03c5 Ti-6Al-4V"},"content":{"rendered":"<p><span style=\"vertical-align: inherit;\"><span style=\"vertical-align: inherit;\">\u0397 \u03c3\u03ba\u03cc\u03bd\u03b7 \u03ba\u03b1\u03b8\u03b1\u03c1\u03bf\u03cd \u03c4\u03b9\u03c4\u03b1\u03bd\u03af\u03bf\u03c5 \u03c7\u03b1\u03bc\u03b7\u03bb\u03bf\u03cd \u03bf\u03be\u03c5\u03b3\u03cc\u03bd\u03bf\u03c5 \u03b1\u03c0\u03bf\u03c4\u03b5\u03bb\u03b5\u03af \u03c4\u03b7 \u03b2\u03ac\u03c3\u03b7 \u03c4\u03b7\u03c2 \u03c0\u03b1\u03c1\u03b1\u03b3\u03c9\u03b3\u03ae\u03c2 \u03c4\u03b9\u03c4\u03b1\u03bd\u03af\u03bf\u03c5 \u03bc\u03b5\u03c4\u03b1\u03bb\u03bb\u03bf\u03c5\u03c1\u03b3\u03af\u03b1\u03c2 \u03c3\u03ba\u03cc\u03bd\u03b7\u03c2, \u03b5\u03af\u03bd\u03b1\u03b9 \u03b5\u03c0\u03af\u03c3\u03b7\u03c2 \u03ad\u03bd\u03b1 \u03b1\u03c0\u03cc \u03c4\u03b1 \u03ba\u03bf\u03c1\u03c5\u03c6\u03b1\u03af\u03b1 \u03c0\u03c1\u03bf\u03ca\u03cc\u03bd\u03c4\u03b1 \u03c4\u03b7\u03c2 \u03b5\u03c4\u03b1\u03b9\u03c1\u03b5\u03af\u03b1\u03c2. \u0395\u03c0\u03af \u03c4\u03bf\u03c5 \u03c0\u03b1\u03c1\u03cc\u03bd\u03c4\u03bf\u03c2, \u03b7 \u03b5\u03c4\u03b1\u03b9\u03c1\u03b5\u03af\u03b1 \u03bc\u03ad\u03c3\u03c9 \u03c4\u03b7\u03c2 \u03b4\u03b9\u03b1\u03b4\u03b9\u03ba\u03b1\u03c3\u03af\u03b1\u03c2 HDH \u03ba\u03b1\u03b9 \u03c4\u03b7\u03c2 \u03c4\u03b5\u03c7\u03bd\u03bf\u03bb\u03bf\u03b3\u03af\u03b1\u03c2 \u03b5\u03bb\u03ad\u03b3\u03c7\u03bf\u03c5 \u03bf\u03be\u03c5\u03b3\u03cc\u03bd\u03bf\u03c5, \u03b7 \u03c0\u03b1\u03c1\u03b1\u03b3\u03c9\u03b3\u03ae \u03c5\u03c8\u03b7\u03bb\u03ae\u03c2 \u03c0\u03bf\u03b9\u03cc\u03c4\u03b7\u03c4\u03b1\u03c2 \u03c5\u03c0\u03b5\u03c1-\u03bb\u03b5\u03c0\u03c4\u03cc\u03ba\u03bf\u03ba\u03ba\u03b7\u03c2 \u03ba\u03b1\u03b8\u03b1\u03c1\u03ae\u03c2 \u03c3\u03ba\u03cc\u03bd\u03b7\u03c2 \u03ba\u03c1\u03ac\u03bc\u03b1\u03c4\u03bf\u03c2 \u03c4\u03b9\u03c4\u03b1\u03bd\u03af\u03bf\u03c5 \u03c7\u03b1\u03bc\u03b7\u03bb\u03bf\u03cd \u03bf\u03be\u03c5\u03b3\u03cc\u03bd\u03bf\u03c5 \u03c3\u03c4\u03b7 \u03b4\u03b9\u03b5\u03b8\u03bd\u03ae \u03b7\u03b3\u03b5\u03c4\u03b9\u03ba\u03ae \u03b8\u03ad\u03c3\u03b7 \u03c3\u03c4\u03bf\u03c5\u03c2 \u03b4\u03b5\u03af\u03ba\u03c4\u03b5\u03c2, \u03bc\u03b5 \u03c4\u03b1 \u03c7\u03b1\u03c1\u03b1\u03ba\u03c4\u03b7\u03c1\u03b9\u03c3\u03c4\u03b9\u03ba\u03ac \u03c4\u03bf\u03c5 \u03c5\u03c0\u03b5\u03c1-\u03bb\u03b5\u03c0\u03c4\u03bf\u03cd \u03bc\u03b5\u03b3\u03ad\u03b8\u03bf\u03c5\u03c2 \u03c3\u03ba\u03cc\u03bd\u03b7\u03c2, \u03c4\u03b7\u03c2 \u03b5\u03be\u03b1\u03b9\u03c1\u03b5\u03c4\u03b9\u03ba\u03ac \u03c7\u03b1\u03bc\u03b7\u03bb\u03ae\u03c2 \u03c0\u03b5\u03c1\u03b9\u03b5\u03ba\u03c4\u03b9\u03ba\u03cc\u03c4\u03b7\u03c4\u03b1\u03c2 \u03c3\u03b5 \u03bf\u03be\u03c5\u03b3\u03cc\u03bd\u03bf, \u03c4\u03c9\u03bd \u03c7\u03b1\u03bc\u03b7\u03bb\u03ce\u03bd \u03b1\u03ba\u03b1\u03b8\u03b1\u03c1\u03c3\u03b9\u03ce\u03bd, \u03b3\u03b9\u03b1 \u03bd\u03b1 \u03b5\u03c0\u03b9\u03c4\u03b5\u03c5\u03c7\u03b8\u03b5\u03af \u03b7 \u03bc\u03b5\u03b3\u03ac\u03bb\u03b7\u03c2 \u03ba\u03bb\u03af\u03bc\u03b1\u03ba\u03b1\u03c2 \u03c0\u03b1\u03c1\u03b1\u03b3\u03c9\u03b3\u03ae \u03c5\u03c8\u03b7\u03bb\u03ae\u03c2 \u03c0\u03bf\u03b9\u03cc\u03c4\u03b7\u03c4\u03b1\u03c2 \u03ba\u03b1\u03b8\u03b1\u03c1\u03ae\u03c2 \u03c3\u03ba\u03cc\u03bd\u03b7\u03c2 \u03c4\u03b9\u03c4\u03b1\u03bd\u03af\u03bf\u03c5 \u03c7\u03b1\u03bc\u03b7\u03bb\u03bf\u03cd \u03bf\u03be\u03c5\u03b3\u03cc\u03bd\u03bf\u03c5. \u039c\u03c0\u03bf\u03c1\u03b5\u03af \u03bd\u03b1 \u03c0\u03b1\u03c1\u03ac\u03b3\u03b5\u03b9 \u03bc\u03b9\u03b1 \u03c0\u03bf\u03b9\u03ba\u03b9\u03bb\u03af\u03b1 \u03c0\u03c1\u03bf\u03ca\u03cc\u03bd\u03c4\u03c9\u03bd \u03c3\u03ba\u03cc\u03bd\u03b7\u03c2 \u03c4\u03b9\u03c4\u03b1\u03bd\u03af\u03bf\u03c5, \u03cc\u03c0\u03c9\u03c2 150\u00c3\u00d7m, 75\u00c3\u00d7m, 45\u00c3\u00d7m, 10\u00c3\u00d7m, 3\u00c3\u00d7m \u03ba\u03b1\u03b9 \u03bf\u03cd\u03c4\u03c9 \u03ba\u03b1\u03b8\u03b5\u03be\u03ae\u03c2, \u03bc\u03b5 \u03c0\u03b5\u03c1\u03b9\u03b5\u03ba\u03c4\u03b9\u03ba\u03cc\u03c4\u03b7\u03c4\u03b1 \u03c3\u03b5 \u03bf\u03be\u03c5\u03b3\u03cc\u03bd\u03bf \u03bc\u03b5\u03b9\u03c9\u03bc\u03ad\u03bd\u03b7 \u03ba\u03b1\u03c4\u03ac 50% \u03c3\u03b5 \u03c3\u03cd\u03b3\u03ba\u03c1\u03b9\u03c3\u03b7 \u03bc\u03b5 \u03c4\u03b1 \u03c3\u03c5\u03bc\u03b2\u03b1\u03c4\u03b9\u03ba\u03ac \u03b5\u03bc\u03c0\u03bf\u03c1\u03b9\u03ba\u03ac \u03c0\u03c1\u03bf\u03ca\u03cc\u03bd\u03c4\u03b1. \u0397 \u03c5\u03c8\u03b7\u03bb\u03ae\u03c2 \u03c0\u03bf\u03b9\u03cc\u03c4\u03b7\u03c4\u03b1\u03c2 \u03b5\u03be\u03b1\u03b9\u03c1\u03b5\u03c4\u03b9\u03ba\u03ac \u03bb\u03b5\u03c0\u03c4\u03ae \u03c3\u03ba\u03cc\u03bd\u03b7 \u03ba\u03b1\u03b8\u03b1\u03c1\u03bf\u03cd \u03c4\u03b9\u03c4\u03b1\u03bd\u03af\u03bf\u03c5 \u03c7\u03b1\u03bc\u03b7\u03bb\u03bf\u03cd \u03bf\u03be\u03c5\u03b3\u03cc\u03bd\u03bf\u03c5 \u03c0\u03bf\u03c5 \u03c0\u03b1\u03c1\u03ac\u03b3\u03b5\u03c4\u03b1\u03b9 \u03b1\u03c0\u03cc \u03c4\u03b7\u03bd \u03b5\u03c4\u03b1\u03b9\u03c1\u03b5\u03af\u03b1 \u03ad\u03c7\u03b5\u03b9 \u03ba\u03b1\u03c4\u03b1\u03c7\u03c9\u03c1\u03b7\u03b8\u03b5\u03af \u03c9\u03c2 \u03b5\u03b9\u03b4\u03b9\u03ba\u03cc\u03c2 \u03c0\u03c1\u03bf\u03bc\u03b7\u03b8\u03b5\u03c5\u03c4\u03ae\u03c2 \u03c3\u03ba\u03cc\u03bd\u03b7\u03c2 \u03c4\u03b9\u03c4\u03b1\u03bd\u03af\u03bf\u03c5 \u03c3\u03c4\u03bf \u03c0\u03c1\u03ce\u03c4\u03bf \u03c0\u03c5\u03c1\u03b7\u03bd\u03b9\u03ba\u03cc \u03c7\u03b7\u03bc\u03b9\u03ba\u03cc \u03ad\u03c1\u03b3\u03bf \u03c4\u03b7\u03c2 \u039a\u03af\u03bd\u03b1\u03c2. \u0395\u03c0\u03af \u03c4\u03bf\u03c5 \u03c0\u03b1\u03c1\u03cc\u03bd\u03c4\u03bf\u03c2, \u03c4\u03bf \u03bc\u03b5\u03c1\u03af\u03b4\u03b9\u03bf \u03c4\u03b7\u03c2 \u03b5\u03b3\u03c7\u03ce\u03c1\u03b9\u03b1\u03c2 \u03b1\u03b3\u03bf\u03c1\u03ac\u03c2 \u03c4\u03b7\u03c2 \u03c5\u03c8\u03b7\u03bb\u03ae\u03c2 \u03c0\u03bf\u03b9\u03cc\u03c4\u03b7\u03c4\u03b1\u03c2 \u03c3\u03ba\u03cc\u03bd\u03b7\u03c2 \u03ba\u03b1\u03b8\u03b1\u03c1\u03bf\u03cd \u03c4\u03b9\u03c4\u03b1\u03bd\u03af\u03bf\u03c5 \u03c7\u03b1\u03bc\u03b7\u03bb\u03ae\u03c2 \u03c0\u03b5\u03c1\u03b9\u03b5\u03ba\u03c4\u03b9\u03ba\u03cc\u03c4\u03b7\u03c4\u03b1\u03c2 \u03c3\u03b5 \u03bf\u03be\u03c5\u03b3\u03cc\u03bd\u03bf \u03b5\u03af\u03bd\u03b1\u03b9 \u03c0\u03ac\u03bd\u03c9 \u03b1\u03c0\u03cc 70%.<\/p>\n<p><strong>\u03a0\u03c1\u03bf\u03ca\u03cc\u03bd;<\/strong><strong>\u03a0\u03c1\u03bf\u03b4\u03b9\u03b1\u03b3\u03c1\u03b1\u03c6\u03ad\u03c2<\/strong><\/p>\n<div>\n<table>\n<tbody>\n<tr>\n<td data-sheets-value=\"{&quot;1&quot;:2,&quot;2&quot;:&quot;Pure titanium powder&quot;}\"><strong>\u039a\u03b1\u03b8\u03b1\u03c1\u03ae \u03c3\u03ba\u03cc\u03bd\u03b7 \u03c4\u03b9\u03c4\u03b1\u03bd\u03af\u03bf\u03c5<\/strong><\/td>\n<td data-sheets-value=\"{&quot;1&quot;:2,&quot;2&quot;:&quot;Mesh&quot;}\"><strong>\u03a0\u03bb\u03ad\u03b3\u03bc\u03b1<\/strong><\/td>\n<td data-sheets-value=\"{&quot;1&quot;:2,&quot;2&quot;:&quot;Particle size\u00a8P&quot;}\"><strong>\u039c\u03ad\u03b3\u03b5\u03b8\u03bf\u03c2 \u03c3\u03c9\u03bc\u03b1\u03c4\u03b9\u03b4\u03af\u03c9\u03bd\u00a8P<\/strong><\/td>\n<td data-sheets-value=\"{&quot;1&quot;:2,&quot;2&quot;:&quot;PSD&quot;}\"><strong>PSD<\/strong><\/td>\n<td colspan=\"10\" rowspan=\"1\" data-sheets-value=\"{&quot;1&quot;:2,&quot;2&quot;:&quot;Element\u00a8\u00d7%\u00a8\u00d8\u00a1\u00a5&quot;}\"><strong>\u03a3\u03c4\u03bf\u03b9\u03c7\u03b5\u03af\u03bf \u00a8\u00d7%\u00a8\u00d8\u00a1\u00a5<\/strong><\/td>\n<\/tr>\n<tr>\n<td data-sheets-value=\"{&quot;1&quot;:2,&quot;2&quot;:&quot;D10&quot;}\">D10<\/td>\n<td data-sheets-value=\"{&quot;1&quot;:2,&quot;2&quot;:&quot;D50&quot;}\">D50<\/td>\n<td data-sheets-value=\"{&quot;1&quot;:2,&quot;2&quot;:&quot;D90&quot;}\">D90<\/td>\n<td data-sheets-value=\"{&quot;1&quot;:2,&quot;2&quot;:&quot;Fe&quot;}\">Fe<\/td>\n<td data-sheets-value=\"{&quot;1&quot;:2,&quot;2&quot;:&quot;Cl&quot;}\">Cl<\/td>\n<td data-sheets-value=\"{&quot;1&quot;:2,&quot;2&quot;:&quot;Mg&quot;}\">Mg<\/td>\n<td data-sheets-value=\"{&quot;1&quot;:2,&quot;2&quot;:&quot;Mn&quot;}\">\u039c\u03bd<\/td>\n<td data-sheets-value=\"{&quot;1&quot;:2,&quot;2&quot;:&quot;Si&quot;}\">\u039d\u03b1\u03b9<\/td>\n<td data-sheets-value=\"{&quot;1&quot;:2,&quot;2&quot;:&quot;C&quot;}\">\u03bd\u03c4\u03bf<\/td>\n<td data-sheets-value=\"{&quot;1&quot;:2,&quot;2&quot;:&quot;N&quot;}\">N<\/td>\n<td data-sheets-value=\"{&quot;1&quot;:2,&quot;2&quot;:&quot;H&quot;}\">H<\/td>\n<td data-sheets-value=\"{&quot;1&quot;:2,&quot;2&quot;:&quot;O&quot;}\">\u039f<\/td>\n<td><\/td>\n<td><\/td>\n<\/tr>\n<tr>\n<td data-sheets-value=\"{&quot;1&quot;:2,&quot;2&quot;:&quot;-100mesh&quot;}\">-100mesh<\/td>\n<td data-sheets-value=\"{&quot;1&quot;:2,&quot;2&quot;:&quot;150\u00c3\u00d7m&quot;}\">150\u00c3\u00d7m<\/td>\n<td data-sheets-value=\"{&quot;1&quot;:2,&quot;2&quot;:&quot;45-50&quot;}\">45-50<\/td>\n<td data-sheets-value=\"{&quot;1&quot;:2,&quot;2&quot;:&quot;90-95&quot;}\">90-95<\/td>\n<td data-sheets-value=\"{&quot;1&quot;:2,&quot;2&quot;:&quot;135-140&quot;}\">135-140<\/td>\n<td data-sheets-value=\"{&quot;1&quot;:3,&quot;3&quot;:0.03}\">0.03<\/td>\n<td data-sheets-value=\"{&quot;1&quot;:3,&quot;3&quot;:0.02}\">0.02<\/td>\n<td data-sheets-value=\"{&quot;1&quot;:3,&quot;3&quot;:0.01}\">0.01<\/td>\n<td data-sheets-value=\"{&quot;1&quot;:3,&quot;3&quot;:0.01}\">0.01<\/td>\n<td data-sheets-value=\"{&quot;1&quot;:3,&quot;3&quot;:0.01}\">0.01<\/td>\n<td data-sheets-value=\"{&quot;1&quot;:3,&quot;3&quot;:0.03}\">0.03<\/td>\n<td data-sheets-value=\"{&quot;1&quot;:3,&quot;3&quot;:0.03}\">0.03<\/td>\n<td data-sheets-value=\"{&quot;1&quot;:3,&quot;3&quot;:0.03}\">0.03<\/td>\n<td data-sheets-value=\"{&quot;1&quot;:3,&quot;3&quot;:0.13}\">0.13<\/td>\n<\/tr>\n<tr>\n<td data-sheets-value=\"{&quot;1&quot;:2,&quot;2&quot;:&quot;-200mesh&quot;}\">-200mesh<\/td>\n<td data-sheets-value=\"{&quot;1&quot;:2,&quot;2&quot;:&quot;75\u00c3\u00d7m&quot;}\">75\u00c3\u00d7m<\/td>\n<td data-sheets-value=\"{&quot;1&quot;:2,&quot;2&quot;:&quot;18-23&quot;}\">18-23<\/td>\n<td data-sheets-value=\"{&quot;1&quot;:2,&quot;2&quot;:&quot;38-45&quot;}\">38-45<\/td>\n<td data-sheets-value=\"{&quot;1&quot;:2,&quot;2&quot;:&quot;65-70&quot;}\">65-70<\/td>\n<td data-sheets-value=\"{&quot;1&quot;:3,&quot;3&quot;:0.03}\">0.03<\/td>\n<td data-sheets-value=\"{&quot;1&quot;:3,&quot;3&quot;:0.02}\">0.02<\/td>\n<td data-sheets-value=\"{&quot;1&quot;:3,&quot;3&quot;:0.01}\">0.01<\/td>\n<td data-sheets-value=\"{&quot;1&quot;:3,&quot;3&quot;:0.01}\">0.01<\/td>\n<td data-sheets-value=\"{&quot;1&quot;:3,&quot;3&quot;:0.01}\">0.01<\/td>\n<td data-sheets-value=\"{&quot;1&quot;:3,&quot;3&quot;:0.03}\">0.03<\/td>\n<td data-sheets-value=\"{&quot;1&quot;:3,&quot;3&quot;:0.03}\">0.03<\/td>\n<td data-sheets-value=\"{&quot;1&quot;:3,&quot;3&quot;:0.03}\">0.03<\/td>\n<td data-sheets-value=\"{&quot;1&quot;:3,&quot;3&quot;:0.16}\">0.16<\/td>\n<\/tr>\n<tr>\n<td data-sheets-value=\"{&quot;1&quot;:2,&quot;2&quot;:&quot;-325mesh&quot;}\">-325mesh<\/td>\n<td data-sheets-value=\"{&quot;1&quot;:2,&quot;2&quot;:&quot;45\u00c3\u00d7m&quot;}\">45\u00d7m<\/td>\n<td data-sheets-value=\"{&quot;1&quot;:3,&quot;3&quot;:44849}\" data-sheets-numberformat=\"{&quot;1&quot;:5,&quot;2&quot;:&quot;m-d&quot;,&quot;3&quot;:1}\">10-15<\/td>\n<td data-sheets-value=\"{&quot;1&quot;:2,&quot;2&quot;:&quot;26-31&quot;}\">26-31<\/td>\n<td data-sheets-value=\"{&quot;1&quot;:2,&quot;2&quot;:&quot;46-51&quot;}\">46-51<\/td>\n<td data-sheets-value=\"{&quot;1&quot;:3,&quot;3&quot;:0.03}\">0.03<\/td>\n<td data-sheets-value=\"{&quot;1&quot;:3,&quot;3&quot;:0.02}\">0.02<\/td>\n<td data-sheets-value=\"{&quot;1&quot;:3,&quot;3&quot;:0.01}\">0.01<\/td>\n<td data-sheets-value=\"{&quot;1&quot;:3,&quot;3&quot;:0.01}\">0.01<\/td>\n<td data-sheets-value=\"{&quot;1&quot;:3,&quot;3&quot;:0.01}\">0.01<\/td>\n<td data-sheets-value=\"{&quot;1&quot;:3,&quot;3&quot;:0.03}\">0.03<\/td>\n<td data-sheets-value=\"{&quot;1&quot;:3,&quot;3&quot;:0.03}\">0.03<\/td>\n<td data-sheets-value=\"{&quot;1&quot;:3,&quot;3&quot;:0.03}\">0.03<\/td>\n<td data-sheets-value=\"{&quot;1&quot;:3,&quot;3&quot;:0.2}\">0.2<\/td>\n<\/tr>\n<\/tbody>\n<\/table>\n<\/div>\n<p>&nbsp;<\/p>\n<p>* \u03a0\u03b1\u03c1\u03b1\u03c4\u03ae\u03c1\u03b7\u03c3\u03b7: \u03a5\u03c0\u03bf\u03c3\u03c4\u03ae\u03c1\u03b9\u03be\u03b7 \u03c0\u03c1\u03bf\u03c3\u03b1\u03c1\u03bc\u03bf\u03c3\u03bc\u03ad\u03bd\u03b7 \u03c3\u03cd\u03bc\u03c6\u03c9\u03bd\u03b1 \u03bc\u03b5 \u03c4\u03b9\u03c2 \u03b1\u03c0\u03b1\u03b9\u03c4\u03ae\u03c3\u03b5\u03b9\u03c2 \u03c4\u03bf\u03c5 \u03c0\u03b5\u03bb\u03ac\u03c4\u03b7<\/p>\n<p><strong>\u03a0<\/strong><strong>roduct \u03a7\u03b1\u03c1\u03b1\u03ba\u03c4\u03b7\u03c1\u03b9\u03c3\u03c4\u03b9\u03ba\u03ac<\/strong><\/p>\n<ol>\n<li>\u0397 \u03c3\u03ba\u03cc\u03bd\u03b7 \u03ad\u03c7\u03b5\u03b9 \u03c5\u03c8\u03b7\u03bb\u03ae \u03ba\u03b1\u03b8\u03b1\u03c1\u03cc\u03c4\u03b7\u03c4\u03b1, \u03c7\u03b1\u03bc\u03b7\u03bb\u03ae \u03c0\u03b5\u03c1\u03b9\u03b5\u03ba\u03c4\u03b9\u03ba\u03cc\u03c4\u03b7\u03c4\u03b1 \u03c3\u03b5 \u03bf\u03be\u03c5\u03b3\u03cc\u03bd\u03bf.<\/li>\n<li>\u03a5\u03c0\u03b5\u03c1\u03bb\u03b5\u03c0\u03c4\u03cc \u03bc\u03ad\u03b3\u03b5\u03b8\u03bf\u03c2 \u03c3\u03c9\u03bc\u03b1\u03c4\u03b9\u03b4\u03af\u03c9\u03bd \u03c3\u03ba\u03cc\u03bd\u03b7\u03c2.<\/li>\n<li>\u039c\u03b1\u03b6\u03b9\u03ba\u03ae \u03c0\u03b1\u03c1\u03b1\u03b3\u03c9\u03b3\u03ae \u03c0\u03c1\u03bf\u03ca\u03cc\u03bd\u03c4\u03c9\u03bd \u03bc\u03b5\u03b3\u03ad\u03b8\u03bf\u03c5\u03c2 150\u00d7m, 75\u00d7m, 45\u00d7m, 10\u00d7m, 3\u00d7m \u03ba\u03b1\u03b9 \u03ac\u03bb\u03bb\u03c9\u03bd \u03c3\u03c9\u03bc\u03b1\u03c4\u03b9\u03b4\u03af\u03c9\u03bd<\/li>\n<li>\u0391\u03c6\u03c5\u03b4\u03c1\u03bf\u03b3\u03cc\u03bd\u03c9\u03c3\u03b7 \u03bc\u03b5 \u03c5\u03b4\u03c1\u03af\u03b4\u03b9\u03b1 (\u03b4\u03b9\u03b1\u03b4\u03b9\u03ba\u03b1\u03c3\u03af\u03b1 HDH)<\/li>\n<li>\u039c\u03b7\u03bd\u03b9\u03b1\u03af\u03b1 \u03c0\u03b1\u03c1\u03b1\u03b3\u03c9\u03b3\u03ae 35 \u03c4\u03cc\u03bd\u03c9\u03bd, 420 \u03c4\u03cc\u03bd\u03bf\u03b9 \u03b5\u03c4\u03ae\u03c3\u03b9\u03b1\u03c2 \u03c0\u03b1\u03c1\u03b1\u03b3\u03c9\u03b3\u03ae\u03c2.<\/li>\n<\/ol>\n<p><img loading=\"lazy\" decoding=\"async\" class=\"size-medium wp-image-1378 aligncenter\" src=\"https:\/\/met3dp.com\/wp-content\/uploads\/2023\/09\/GA-Al-7075-300x233.png\" alt=\"\u03a3\u03ba\u03cc\u03bd\u03b7 \u03ba\u03c1\u03ac\u03bc\u03b1\u03c4\u03bf\u03c2 \u03c4\u03b9\u03c4\u03b1\u03bd\u03af\u03bf\u03c5\" width=\"300\" height=\"233\" title=\"\"><\/p>\n<p><strong>\u0395\u03c6\u03b1\u03c1\u03bc\u03bf\u03b3\u03ae<\/strong><\/p>\n<p>\u03a7\u03c1\u03b7\u03c3\u03b9\u03bc\u03bf\u03c0\u03bf\u03b9\u03b5\u03af\u03c4\u03b1\u03b9 \u03ba\u03c5\u03c1\u03af\u03c9\u03c2 \u03c3\u03b5 \u03bc\u03c0\u03b1\u03c4\u03b1\u03c1\u03af\u03b5\u03c2 \u03c5\u03b4\u03c1\u03bf\u03b3\u03cc\u03bd\u03bf\u03c5, \u03c0\u03c1\u03ce\u03c4\u03b5\u03c2 \u03cd\u03bb\u03b5\u03c2 \u03bc\u03b5\u03c4\u03b1\u03bb\u03bb\u03bf\u03c5\u03c1\u03b3\u03af\u03b1\u03c2 \u03c3\u03ba\u03cc\u03bd\u03b7\u03c2, \u03c0\u03b1\u03c1\u03ac\u03b3\u03bf\u03bd\u03c4\u03b1 \u03b5\u03c0\u03b9\u03c6\u03b1\u03bd\u03b5\u03b9\u03b1\u03ba\u03ae\u03c2 \u03b5\u03c0\u03b9\u03ba\u03ac\u03bb\u03c5\u03c8\u03b7\u03c2, \u03c0\u03c1\u03cc\u03c3\u03b8\u03b5\u03c4\u03b1 \u03ba\u03c1\u03ac\u03bc\u03b1\u03c4\u03bf\u03c2 \u03b1\u03bb\u03bf\u03c5\u03bc\u03b9\u03bd\u03af\u03bf\u03c5, \u03b7\u03bb\u03b5\u03ba\u03c4\u03c1\u03b9\u03ba\u03cc \u03ba\u03b5\u03bd\u03bf\u03cd, \u03c8\u03b5\u03ba\u03b1\u03c3\u03bc\u03cc, \u03b5\u03c0\u03b9\u03bc\u03b5\u03c4\u03ac\u03bb\u03bb\u03c9\u03c3\u03b7, MIM \u03ba\u03b1\u03b9 \u03ac\u03bb\u03bb\u03bf\u03c5\u03c2 \u03c4\u03bf\u03bc\u03b5\u03af\u03c2.<\/p>\n<p><strong>\u0394\u03b9\u03b1\u03b4\u03b9\u03ba\u03b1\u03c3\u03af\u03b1 \u03ba\u03bf\u03bd\u03b9\u03bf\u03c0\u03bf\u03af\u03b7\u03c3\u03b7\u03c2:<\/strong><\/p>\n<ol>\n<li>\u03a3\u03c6\u03bf\u03c5\u03b3\u03b3\u03ac\u03c1\u03b9 \u03c4\u03b9\u03c4\u03b1\u03bd\u03af\u03bf\u03c5<\/li>\n<li>\u039a\u03b5\u03bd\u03cc \u03a5\u03c8\u03b7\u03bb\u03cc<\/li>\n<li>\u0398\u03b5\u03c1\u03bc\u03bf\u03ba\u03c1\u03b1\u03c3\u03af\u03b1 \u03a5\u03b4\u03c1\u03bf\u03b3\u03cc\u03bd\u03c9\u03c3\u03b7<\/li>\n<li>\u039a\u03bf\u03ba\u03ba\u03bf\u03c0\u03bf\u03af\u03b7\u03c3\u03b7 \u03c5\u03b4\u03c1\u03bf\u03b3\u03cc\u03bd\u03c9\u03c3\u03b7\u03c2 \u03c5\u03b4\u03c1\u03b9\u03b4\u03af\u03bf\u03c5 \u03c4\u03b9\u03c4\u03b1\u03bd\u03af\u03bf\u03c5<\/li>\n<li>\u03a3\u03ba\u03cc\u03bd\u03b7 \u03c5\u03b4\u03c1\u03b9\u03b4\u03af\u03bf\u03c5 \u03c4\u03b9\u03c4\u03b1\u03bd\u03af\u03bf\u03c5<\/li>\n<li>\u0391\u03c6\u03c5\u03b4\u03c1\u03bf\u03b3\u03cc\u03bd\u03c9\u03c3\u03b7 \u03c5\u03c0\u03cc \u03ba\u03b5\u03bd\u03cc \u03c3\u03b5 \u03c5\u03c8\u03b7\u03bb\u03ae \u03b8\u03b5\u03c1\u03bc\u03bf\u03ba\u03c1\u03b1\u03c3\u03af\u03b1<\/li>\n<li>\u0391\u03c6\u03c5\u03b4\u03c1\u03bf\u03b3\u03cc\u03bd\u03c9\u03c3\u03b7 \u03c4\u03b9\u03c4\u03b1\u03bd\u03af\u03bf\u03c5<\/li>\n<li>\u0391\u03c6\u03c5\u03b4\u03c1\u03bf\u03b3\u03cc\u03bd\u03c9\u03c3\u03b7 \u039a\u03bf\u03ba\u03ba\u03bf\u03c0\u03bf\u03af\u03b7\u03c3\u03b7<\/li>\n<li>\u0394\u03b9\u03b1\u03bb\u03bf\u03b3\u03ae<\/li>\n<li>\u0395\u03c0\u03b9\u03b8\u03b5\u03ce\u03c1\u03b7\u03c3\u03b7<\/li>\n<li>\u03a4\u03b5\u03bb\u03b5\u03b9\u03c9\u03bc\u03ad\u03bd\u03b1 \u03c0\u03c1\u03bf\u03ca\u03cc\u03bd\u03c4\u03b1<\/li>\n<li>\u03a3\u03c5\u03c3\u03ba\u03b5\u03c5\u03b1\u03c3\u03af\u03b1<\/li>\n<\/ol>\n<p><strong>\u03a3\u03c5\u03c7\u03bd\u03ad\u03c2 \u03b5\u03c1\u03c9\u03c4\u03ae\u03c3\u03b5\u03b9\u03c2<\/strong><\/p>\n<ul>\n<li><strong>H<\/strong><strong>\u03c0\u03ce\u03c2 \u03bc\u03c0\u03bf\u03c1\u03bf\u03cd\u03bc\u03b5 \u03bd\u03b1 \u03b5\u03b3\u03b3\u03c5\u03b7\u03b8\u03bf\u03cd\u03bc\u03b5 \u03c4\u03b7\u03bd \u03c0\u03bf\u03b9\u03cc\u03c4\u03b7\u03c4\u03b1;<\/strong><\/li>\n<\/ul>\n<p>\u03a0\u03ac\u03bd\u03c4\u03b1 \u03ad\u03bd\u03b1 \u03b4\u03b5\u03af\u03b3\u03bc\u03b1 \u03c0\u03c1\u03bf\u03c0\u03b1\u03c1\u03b1\u03b3\u03c9\u03b3\u03ae\u03c2 \u03c0\u03c1\u03b9\u03bd \u03b1\u03c0\u03cc \u03c4\u03b7 \u03bc\u03b1\u03b6\u03b9\u03ba\u03ae \u03c0\u03b1\u03c1\u03b1\u03b3\u03c9\u03b3\u03ae,<\/p>\n<p>\u03a0\u03ac\u03bd\u03c4\u03b1 \u03c4\u03b5\u03bb\u03b9\u03ba\u03ae \u03b5\u03c0\u03b9\u03b8\u03b5\u03ce\u03c1\u03b7\u03c3\u03b7 \u03c0\u03c1\u03b9\u03bd \u03b1\u03c0\u03cc \u03c4\u03b7\u03bd \u03b1\u03c0\u03bf\u03c3\u03c4\u03bf\u03bb\u03ae,<\/p>\n<ul>\n<li><strong>W<\/strong><strong>\u03c4\u03b9 \u03bc\u03c0\u03bf\u03c1\u03b5\u03af\u03c4\u03b5 \u03bd\u03b1 \u03b1\u03b3\u03bf\u03c1\u03ac\u03c3\u03b5\u03c4\u03b5 \u03b1\u03c0\u03cc \u03b5\u03bc\u03ac\u03c2;<\/strong><\/li>\n<\/ul>\n<p>3D \u03c3\u03ba\u03cc\u03bd\u03b7 \u03bc\u03b5\u03c4\u03ac\u03bb\u03bb\u03c9\u03bd, \u03c3\u03ba\u03cc\u03bd\u03b7 MIM, \u03b7\u03bb\u03b5\u03ba\u03c4\u03c1\u03bf\u03bd\u03b9\u03ba\u03ae \u03c0\u03ac\u03c3\u03c4\u03b1, \u03c4\u03b1 \u03c0\u03c1\u03bf\u03ca\u03cc\u03bd\u03c4\u03b1 \u03c0\u03bf\u03c5 \u03c0\u03b5\u03c1\u03b9\u03bb\u03b1\u03bc\u03b2\u03ac\u03bd\u03bf\u03bd\u03c4\u03b1\u03b9 \u03b5\u03af\u03bd\u03b1\u03b9 316L, 17-4ph, H13, sendust, Inconel718, Inconel625m, \u03c3\u03ba\u03cc\u03bd\u03b7 \u03b1\u03c1\u03b3\u03cd\u03c1\u03bf\u03c5, \u03c0\u03ac\u03c3\u03c4\u03b1 \u03b1\u03c1\u03b3\u03cd\u03c1\u03bf\u03c5, \u03c0\u03c1\u03bf\u03ca\u03cc\u03bd\u03c4\u03b1 \u03c3\u03c0\u03ac\u03bd\u03b9\u03b1\u03c2 \u03b3\u03b7\u03c2.<\/span><\/span><\/p>","protected":false},"excerpt":{"rendered":"<p>\u0397 \u03c3\u03ba\u03cc\u03bd\u03b7 \u03ba\u03b1\u03b8\u03b1\u03c1\u03bf\u03cd \u03c4\u03b9\u03c4\u03b1\u03bd\u03af\u03bf\u03c5 \u03c7\u03b1\u03bc\u03b7\u03bb\u03bf\u03cd \u03bf\u03be\u03c5\u03b3\u03cc\u03bd\u03bf\u03c5 \u03b1\u03c0\u03bf\u03c4\u03b5\u03bb\u03b5\u03af \u03c4\u03b7 \u03b2\u03ac\u03c3\u03b7 \u03c4\u03b7\u03c2 \u03c0\u03b1\u03c1\u03b1\u03b3\u03c9\u03b3\u03ae\u03c2 \u03c4\u03b9\u03c4\u03b1\u03bd\u03af\u03bf\u03c5 \u03bc\u03b5\u03c4\u03b1\u03bb\u03bb\u03bf\u03c5\u03c1\u03b3\u03af\u03b1\u03c2 \u03c3\u03ba\u03cc\u03bd\u03b7\u03c2, \u03b5\u03af\u03bd\u03b1\u03b9 \u03b5\u03c0\u03af\u03c3\u03b7\u03c2 \u03ad\u03bd\u03b1 \u03b1\u03c0\u03cc \u03c4\u03b1 \u03ba\u03bf\u03c1\u03c5\u03c6\u03b1\u03af\u03b1 \u03c0\u03c1\u03bf\u03ca\u03cc\u03bd\u03c4\u03b1 \u03c4\u03b7\u03c2 \u03b5\u03c4\u03b1\u03b9\u03c1\u03b5\u03af\u03b1\u03c2. \u0395\u03c0\u03af \u03c4\u03bf\u03c5 \u03c0\u03b1\u03c1\u03cc\u03bd\u03c4\u03bf\u03c2, \u03b7 \u03b5\u03c4\u03b1\u03b9\u03c1\u03b5\u03af\u03b1 \u03bc\u03ad\u03c3\u03c9 \u03c4\u03b7\u03c2 \u03b4\u03b9\u03b1\u03b4\u03b9\u03ba\u03b1\u03c3\u03af\u03b1\u03c2 HDH \u03ba\u03b1\u03b9 \u03c4\u03b7\u03c2 \u03c4\u03b5\u03c7\u03bd\u03bf\u03bb\u03bf\u03b3\u03af\u03b1\u03c2 \u03b5\u03bb\u03ad\u03b3\u03c7\u03bf\u03c5 \u03bf\u03be\u03c5\u03b3\u03cc\u03bd\u03bf\u03c5, \u03b7 \u03c0\u03b1\u03c1\u03b1\u03b3\u03c9\u03b3\u03ae \u03c5\u03c8\u03b7\u03bb\u03ae\u03c2 \u03c0\u03bf\u03b9\u03cc\u03c4\u03b7\u03c4\u03b1\u03c2 \u03c5\u03c0\u03b5\u03c1-\u03bb\u03b5\u03c0\u03c4\u03cc\u03ba\u03bf\u03ba\u03ba\u03b7\u03c2 \u03ba\u03b1\u03b8\u03b1\u03c1\u03ae\u03c2 \u03c3\u03ba\u03cc\u03bd\u03b7\u03c2 \u03ba\u03c1\u03ac\u03bc\u03b1\u03c4\u03bf\u03c2 \u03c4\u03b9\u03c4\u03b1\u03bd\u03af\u03bf\u03c5 \u03c7\u03b1\u03bc\u03b7\u03bb\u03bf\u03cd \u03bf\u03be\u03c5\u03b3\u03cc\u03bd\u03bf\u03c5 \u03c3\u03c4\u03b7 \u03b4\u03b9\u03b5\u03b8\u03bd\u03ae \u03b7\u03b3\u03b5\u03c4\u03b9\u03ba\u03ae \u03b8\u03ad\u03c3\u03b7 \u03c3\u03c4\u03bf\u03c5\u03c2 \u03b4\u03b5\u03af\u03ba\u03c4\u03b5\u03c2, \u03bc\u03b5 \u03c4\u03b1 \u03c7\u03b1\u03c1\u03b1\u03ba\u03c4\u03b7\u03c1\u03b9\u03c3\u03c4\u03b9\u03ba\u03ac \u03c4\u03b7\u03c2 \u03c5\u03c0\u03b5\u03c1\u03bb\u03b5\u03c0\u03c4\u03cc\u03ba\u03bf\u03ba\u03ba\u03b7\u03c2...<\/p>","protected":false},"featured_media":1726,"parent":0,"template":"","meta":{"_acf_changed":false,"_kad_blocks_custom_css":"","_kad_blocks_head_custom_js":"","_kad_blocks_body_custom_js":"","_kad_blocks_footer_custom_js":"","_kad_post_transparent":"","_kad_post_title":"","_kad_post_layout":"","_kad_post_sidebar_id":"","_kad_post_content_style":"","_kad_post_vertical_padding":"","_kad_post_feature":"","_kad_post_feature_position":"","_kad_post_header":false,"_kad_post_footer":false,"_kad_post_classname":""},"product-category":[119,123],"class_list":["post-3859","product","type-product","status-publish","has-post-thumbnail","hentry","product-category-3d-printing-metal-powder","product-category-titanium-based-alloy-powder"],"acf":[],"taxonomy_info":{"product-category":[{"value":119,"label":"3D Printing Metal Powder"},{"value":123,"label":"Titanium Based Alloy Powder"}]},"featured_image_src_large":["https:\/\/3dpmetal.com\/wp-content\/uploads\/2024\/02\/Ti-6Al-4V-Titanium-Alloy-Powder.jpg",600,600,false],"author_info":[],"comment_info":"","_links":{"self":[{"href":"https:\/\/3dpmetal.com\/el\/wp-json\/wp\/v2\/product\/3859","targetHints":{"allow":["GET"]}}],"collection":[{"href":"https:\/\/3dpmetal.com\/el\/wp-json\/wp\/v2\/product"}],"about":[{"href":"https:\/\/3dpmetal.com\/el\/wp-json\/wp\/v2\/types\/product"}],"wp:featuredmedia":[{"embeddable":true,"href":"https:\/\/3dpmetal.com\/el\/wp-json\/wp\/v2\/media\/1726"}],"wp:attachment":[{"href":"https:\/\/3dpmetal.com\/el\/wp-json\/wp\/v2\/media?parent=3859"}],"wp:term":[{"taxonomy":"product-category","embeddable":true,"href":"https:\/\/3dpmetal.com\/el\/wp-json\/wp\/v2\/product-category?post=3859"}],"curies":[{"name":"wp","href":"https:\/\/api.w.org\/{rel}","templated":true}]}}