{"id":3926,"date":"2024-03-18T06:10:14","date_gmt":"2024-03-18T06:10:14","guid":{"rendered":"https:\/\/3dp.45612300.xyz\/product\/aluminum-alloy-series\/"},"modified":"2024-03-18T06:10:14","modified_gmt":"2024-03-18T06:10:14","slug":"aluminum-alloy-series","status":"publish","type":"product","link":"https:\/\/3dpmetal.com\/el\/product\/aluminum-alloy-series\/","title":{"rendered":"\u03a3\u03b5\u03b9\u03c1\u03ac \u03ba\u03c1\u03ac\u03bc\u03b1\u03c4\u03bf\u03c2 \u03b1\u03bb\u03bf\u03c5\u03bc\u03b9\u03bd\u03af\u03bf\u03c5"},"content":{"rendered":"<p><span style=\"vertical-align: inherit;\"><span style=\"vertical-align: inherit;\"><\/p>\n<div style=\"overflow-x: auto;\">\n<table>\n<tbody>\n<tr>\n<td data-sheets-value=\"{&quot;1&quot;:2,&quot;2&quot;:&quot;Product&quot;}\">\u03a0\u03c1\u03bf\u03ca\u03cc\u03bd<\/td>\n<td data-sheets-value=\"{&quot;1&quot;:2,&quot;2&quot;:&quot;Specification&quot;}\">\u03a0\u03c1\u03bf\u03b4\u03b9\u03b1\u03b3\u03c1\u03b1\u03c6\u03ad\u03c2<\/td>\n<td data-sheets-value=\"{&quot;1&quot;:2,&quot;2&quot;:&quot;Apparent Density&quot;}\">\u03a6\u03b1\u03b9\u03bd\u03bf\u03bc\u03b5\u03bd\u03b9\u03ba\u03ae \u03c0\u03c5\u03ba\u03bd\u03cc\u03c4\u03b7\u03c4\u03b1<\/td>\n<td data-sheets-value=\"{&quot;1&quot;:2,&quot;2&quot;:&quot;Flow Ability&quot;}\">\u0399\u03ba\u03b1\u03bd\u03cc\u03c4\u03b7\u03c4\u03b1 \u03a1\u03bf\u03ae\u03c2<\/td>\n<td data-sheets-value=\"{&quot;1&quot;:2,&quot;2&quot;:&quot;Oxygen Content&quot;}\">\u03a0\u03b5\u03c1\u03b9\u03b5\u03ba\u03c4\u03b9\u03ba\u03cc\u03c4\u03b7\u03c4\u03b1 \u03bf\u03be\u03c5\u03b3\u03cc\u03bd\u03bf\u03c5<\/td>\n<td data-sheets-value=\"{&quot;1&quot;:2,&quot;2&quot;:&quot;Tensile Strength&quot;}\">\u0391\u03bd\u03c4\u03bf\u03c7\u03ae \u03c3\u03b5 \u03b5\u03c6\u03b5\u03bb\u03ba\u03c5\u03c3\u03bc\u03cc<\/td>\n<td data-sheets-value=\"{&quot;1&quot;:2,&quot;2&quot;:&quot;Yield Strength&quot;}\">\u0391\u03bd\u03c4\u03bf\u03c7\u03ae \u03c3\u03b5 \u03b5\u03c0\u03b9\u03bc\u03ae\u03ba\u03c5\u03bd\u03c3\u03b7<\/td>\n<td data-sheets-value=\"{&quot;1&quot;:2,&quot;2&quot;:&quot;Elongation&quot;}\">\u0395\u03c0\u03ad\u03ba\u03c4\u03b1\u03c3\u03b7<\/td>\n<\/tr>\n<tr>\n<td data-sheets-value=\"{&quot;1&quot;:2,&quot;2&quot;:&quot;AISi10Mg&quot;}\">AISi10Mg<\/td>\n<td colspan=\"1\" rowspan=\"4\" data-sheets-value=\"{&quot;1&quot;:2,&quot;2&quot;:&quot;15-53\u00c3\u00d7mn45-105\u00c3\u00d7mn75-150\u00c3\u00d7m&quot;}\">\n<div>15-53\u00d7m<br \/>\n45-105 mm<br \/>\n75-150 \u03c7\u03b9\u03bb\u03b9\u03bf\u03c3\u03c4\u03cc\u03bc\u03b5\u03c4\u03c1\u03b1<\/div>\n<\/td>\n<td data-sheets-value=\"{&quot;1&quot;:2,&quot;2&quot;:&quot;\u00a1\u00d41.35g\/cm3&quot;}\">\u00a11,35 g\/cm3<\/td>\n<td data-sheets-value=\"{&quot;1&quot;:2,&quot;2&quot;:&quot;\u00a8P80s\/50g&quot;}\">\u00a8P80s\/50g<\/td>\n<td data-sheets-value=\"{&quot;1&quot;:2,&quot;2&quot;:&quot;\u00a8P300ppm&quot;}\">\u00a8P300ppm<\/td>\n<td data-sheets-value=\"{&quot;1&quot;:2,&quot;2&quot;:&quot;300\u00a9I20Mpa &quot;}\">300\u00a9I20Mpa<\/td>\n<td data-sheets-value=\"{&quot;1&quot;:2,&quot;2&quot;:&quot;200\u00a9I20Mpa &quot;}\">200\u00a9I20Mpa<\/td>\n<td data-sheets-value=\"{&quot;1&quot;:2,&quot;2&quot;:&quot;20\u00a9I2%&quot;}\">20\u00a9I2%<\/td>\n<\/tr>\n<tr>\n<td data-sheets-value=\"{&quot;1&quot;:2,&quot;2&quot;:&quot;AMgScZr&quot;}\">AMgScZr<\/td>\n<td data-sheets-value=\"{&quot;1&quot;:2,&quot;2&quot;:&quot;\u00a1\u00d41.30g\/cm3&quot;}\">\u00a1\u00d41.30 g\/cm3<\/td>\n<td data-sheets-value=\"{&quot;1&quot;:2,&quot;2&quot;:&quot;\u00a8P80s\/50g&quot;}\">\u00a8P80s\/50g<\/td>\n<td data-sheets-value=\"{&quot;1&quot;:2,&quot;2&quot;:&quot;\u00a8P300ppm&quot;}\">\u00a8P300ppm<\/td>\n<td data-sheets-value=\"{&quot;1&quot;:2,&quot;2&quot;:&quot;545\u00a9I20Mpa &quot;}\">545\u00a9I20Mpa<\/td>\n<td data-sheets-value=\"{&quot;1&quot;:2,&quot;2&quot;:&quot;500\u00a9I20Mpa &quot;}\">500 \u03bfC \u03ba\u03b1\u03b9 20MPa<\/td>\n<td data-sheets-value=\"{&quot;1&quot;:2,&quot;2&quot;:&quot;10\u00a9I2%&quot;}\">10\u00a9I2%<\/td>\n<\/tr>\n<tr>\n<td data-sheets-value=\"{&quot;1&quot;:2,&quot;2&quot;:&quot;AK400 (can be anodized)&quot;}\">AK400 (\u03bc\u03c0\u03bf\u03c1\u03b5\u03af \u03bd\u03b1 \u03b1\u03bd\u03bf\u03b4\u03b9\u03c9\u03b8\u03b5\u03af)<\/td>\n<td data-sheets-value=\"{&quot;1&quot;:2,&quot;2&quot;:&quot;\u00a1\u00d41.30g\/cm3&quot;}\">\u00a1\u00d41.30 g\/cm3<\/td>\n<td data-sheets-value=\"{&quot;1&quot;:2,&quot;2&quot;:&quot;\u00a8P80s\/50g&quot;}\">\u00a8P80s\/50g<\/td>\n<td data-sheets-value=\"{&quot;1&quot;:2,&quot;2&quot;:&quot;\u00a8P300ppm&quot;}\">\u00a8P300ppm<\/td>\n<td data-sheets-value=\"{&quot;1&quot;:2,&quot;2&quot;:&quot;430\u00a9I20Mpa &quot;}\">430\u00a9I20Mpa<\/td>\n<td data-sheets-value=\"{&quot;1&quot;:2,&quot;2&quot;:&quot;300\u00a9I20Mpa &quot;}\">300\u00a9I20Mpa<\/td>\n<td data-sheets-value=\"{&quot;1&quot;:2,&quot;2&quot;:&quot;10\u00a9I2%&quot;}\">10\u00a9I2%<\/td>\n<\/tr>\n<tr>\n<td data-sheets-value=\"{&quot;1&quot;:2,&quot;2&quot;:&quot;Pure aluminum powder (purity 99.8%)&quot;}\">\u039a\u03b1\u03b8\u03b1\u03c1\u03ae \u03c3\u03ba\u03cc\u03bd\u03b7 \u03b1\u03bb\u03bf\u03c5\u03bc\u03b9\u03bd\u03af\u03bf\u03c5 (\u03ba\u03b1\u03b8\u03b1\u03c1\u03cc\u03c4\u03b7\u03c4\u03b1 99,8%)<\/td>\n<td data-sheets-value=\"{&quot;1&quot;:2,&quot;2&quot;:&quot;\u00a1\u00d41.20g\/cm3&quot;}\">1,20 g\/cm3<\/td>\n<td data-sheets-value=\"{&quot;1&quot;:2,&quot;2&quot;:&quot;\u00a8P100s\/50g&quot;}\">\u00a8P100s\/50g<\/td>\n<td data-sheets-value=\"{&quot;1&quot;:2,&quot;2&quot;:&quot;\u00a8P1000ppm&quot;}\">\u00a8P1000ppm<\/td>\n<td data-sheets-value=\"{&quot;1&quot;:2,&quot;2&quot;:&quot;\\&quot;}\"><\/td>\n<td data-sheets-value=\"{&quot;1&quot;:2,&quot;2&quot;:&quot;\\&quot;}\"><\/td>\n<td data-sheets-value=\"{&quot;1&quot;:2,&quot;2&quot;:&quot;\\&quot;}\"><\/td>\n<\/tr>\n<\/tbody>\n<\/table>\n<\/div>\n<p><img loading=\"lazy\" decoding=\"async\" class=\"size-medium wp-image-1409 aligncenter\" src=\"https:\/\/met3dp.com\/wp-content\/uploads\/2023\/09\/ed7a94ec-3c10-4b1b-87ed--300x300.jpg\" alt=\"\u03a3\u03b5\u03b9\u03c1\u03ac \u03ba\u03c1\u03ac\u03bc\u03b1\u03c4\u03bf\u03c2 \u03b1\u03bb\u03bf\u03c5\u03bc\u03b9\u03bd\u03af\u03bf\u03c5\" width=\"300\" height=\"300\" title=\"\"><\/p>\n<p><strong>\u0394\u03b9\u03b1\u03b4\u03b9\u03ba\u03b1\u03c3\u03af\u03b1<\/strong>: \u0397 \u03bc\u03ad\u03b8\u03bf\u03b4\u03bf\u03c2 \u03b1\u03b5\u03c1\u03b9\u03ce\u03b4\u03bf\u03c5\u03c2 \u03b1\u03c4\u03bf\u03bc\u03bf\u03c0\u03bf\u03af\u03b7\u03c3\u03b7\u03c2 \u03ba\u03b5\u03bd\u03bf\u03cd<\/p>\n<p><strong>\u03a0\u03bb\u03b5\u03bf\u03bd\u03b5\u03ba\u03c4\u03ae\u03bc\u03b1\u03c4\u03b1<\/strong>: \u039c\u03b9\u03ba\u03c1\u03ae \u03b1\u03bd\u03b1\u03bb\u03bf\u03b3\u03af\u03b1 \u03ba\u03bf\u03bd\u03b9\u03bf\u03c0\u03bf\u03b9\u03b7\u03bc\u03ad\u03bd\u03bf\u03c5\/\u03ba\u03bf\u03af\u03bb\u03bf\u03c5 \u03b4\u03bf\u03c1\u03c5\u03c6\u03bf\u03c1\u03b9\u03ba\u03bf\u03cd, \u03ba\u03b1\u03bb\u03ae \u03c1\u03b5\u03c5\u03c3\u03c4\u03cc\u03c4\u03b7\u03c4\u03b1, \u03c5\u03c8\u03b7\u03bb\u03ae \u03c3\u03c6\u03b1\u03b9\u03c1\u03b9\u03ba\u03cc\u03c4\u03b7\u03c4\u03b1 \u03ba\u03b1\u03b9 \u03c0\u03c5\u03ba\u03bd\u03cc\u03c4\u03b7\u03c4\u03b1 \u03cc\u03b3\u03ba\u03bf\u03c5. \u03a4\u03b1 \u03b5\u03ba\u03c4\u03c5\u03c0\u03c9\u03bc\u03ad\u03bd\u03b1 \u03ad\u03c4\u03bf\u03b9\u03bc\u03b1 \u03b5\u03be\u03b1\u03c1\u03c4\u03ae\u03bc\u03b1\u03c4\u03b1 \u03ad\u03c7\u03bf\u03c5\u03bd \u03c5\u03c8\u03b7\u03bb\u03ae \u03b1\u03bd\u03c4\u03bf\u03c7\u03ae \u03c3\u03c4\u03b7 \u03b4\u03b9\u03ac\u03b2\u03c1\u03c9\u03c3\u03b7 \u03ba\u03b1\u03b9 \u03c7\u03b1\u03bc\u03b7\u03bb\u03ae \u03c0\u03c5\u03ba\u03bd\u03cc\u03c4\u03b7\u03c4\u03b1 \u03ba\u03b1\u03b9 \u03bc\u03b7\u03c7\u03b1\u03bd\u03b9\u03ba\u03ae \u03b1\u03bd\u03c4\u03bf\u03c7\u03ae<br \/>\n\u03a5\u03c8\u03b7\u03bb\u03cc\u03c2 \u03b2\u03b1\u03b8\u03bc\u03cc\u03c2 \u03b8\u03b5\u03c1\u03bc\u03b9\u03ba\u03ae\u03c2 \u03b5\u03c0\u03b5\u03be\u03b5\u03c1\u03b3\u03b1\u03c3\u03af\u03b1\u03c2, \u03b1\u03c0\u03b1\u03b9\u03c4\u03b5\u03af \u03bb\u03b9\u03b3\u03cc\u03c4\u03b5\u03c1\u03b7 \u03b8\u03b5\u03c1\u03bc\u03b9\u03ba\u03ae \u03b5\u03c0\u03b5\u03be\u03b5\u03c1\u03b3\u03b1\u03c3\u03af\u03b1 \u03b1\u03c0\u03cc \u03c4\u03b1 \u03c7\u03c5\u03c4\u03ac<\/p>\n<p><strong>\u0395\u03c6\u03b1\u03c1\u03bc\u03bf\u03b3\u03ae<\/strong>3D \u03b5\u03ba\u03c4\u03cd\u03c0\u03c9\u03c3\u03b7 \u03b5\u03bb\u03b1\u03c6\u03c1\u03ce\u03bd, \u03b2\u03c1\u03b1\u03c7\u03b9\u03cc\u03bd\u03c9\u03bd \u03ba\u03b1\u03b9 \u03ac\u03bb\u03bb\u03c9\u03bd \u03b4\u03b9\u03b1\u03c1\u03b8\u03c1\u03c9\u03c4\u03b9\u03ba\u03ce\u03bd \u03c4\u03bc\u03b7\u03bc\u03ac\u03c4\u03c9\u03bd, \u03b5\u03be\u03b1\u03c1\u03c4\u03b7\u03bc\u03ac\u03c4\u03c9\u03bd \u03b1\u03c0\u03bf\u03b2\u03bf\u03bb\u03ae\u03c2 \u03b8\u03b5\u03c1\u03bc\u03cc\u03c4\u03b7\u03c4\u03b1\u03c2 \u03ba\u03bb\u03c0. \u03c3\u03c4\u03bf\u03bd \u03c4\u03bf\u03bc\u03ad\u03b1 \u03c4\u03b7\u03c2 \u03b1\u03b5\u03c1\u03bf\u03b4\u03b9\u03b1\u03c3\u03c4\u03b7\u03bc\u03b9\u03ba\u03ae\u03c2, \u03c4\u03b7\u03c2 \u03b1\u03c5\u03c4\u03bf\u03ba\u03b9\u03bd\u03b7\u03c4\u03bf\u03b2\u03b9\u03bf\u03bc\u03b7\u03c7\u03b1\u03bd\u03af\u03b1\u03c2 \u03ba\u03b1\u03b9 \u03ac\u03bb\u03bb\u03c9\u03bd \u03b2\u03b9\u03bf\u03bc\u03b7\u03c7\u03b1\u03bd\u03b9\u03ce\u03bd<\/p>\n<p><strong>\u03a3\u03c5\u03c3\u03ba\u03b5\u03c5\u03b1\u03c3\u03af\u03b1<\/strong>: \u03c3\u03b1\u03ba\u03bf\u03cd\u03bb\u03b5\u03c2 \u03b1\u03bb\u03bf\u03c5\u03bc\u03b9\u03bd\u03cc\u03c7\u03b1\u03c1\u03c4\u03bf\u03c5\/\u03c0\u03bb\u03b1\u03c3\u03c4\u03b9\u03ba\u03ad\u03c2 \u03c6\u03b9\u03ac\u03bb\u03b5\u03c2\/\u03c3\u03b9\u03b4\u03b5\u03c1\u03ad\u03bd\u03b9\u03b1 \u03b2\u03b1\u03c1\u03ad\u03bb\u03b9\u03b1 \u03ba\u03b1\u03b9 \u03ac\u03bb\u03bb\u03b5\u03c2 \u03c3\u03c5\u03bd\u03b7\u03b8\u03b9\u03c3\u03bc\u03ad\u03bd\u03b5\u03c2 \u03ae \u03ac\u03bb\u03bb\u03b5\u03c2 \u03c3\u03c5\u03c3\u03ba\u03b5\u03c5\u03b1\u03c3\u03af\u03b5\u03c2 \u03c3\u03b5 \u03ba\u03b5\u03bd\u03cc \u03b1\u03ad\u03c1\u03bf\u03c2 \u03ba.\u03bb\u03c0.<\/p>\n<div id=\"gtx-trans\" style=\"position: absolute; left: -59px; top: 433px;\">\n<div class=\"gtx-trans-icon\"><\/div>\n<\/div>\n<p><\/span><\/span><\/p>","protected":false},"excerpt":{"rendered":"<p>\u03a0\u03c1\u03bf\u03b4\u03b9\u03b1\u03b3\u03c1\u03b1\u03c6\u03ad\u03c2 \u03c0\u03c1\u03bf\u03ca\u03cc\u03bd\u03c4\u03bf\u03c2 \u03a6\u03b1\u03b9\u03bd\u03cc\u03bc\u03b5\u03bd\u03b7 \u03c0\u03c5\u03ba\u03bd\u03cc\u03c4\u03b7\u03c4\u03b1 \u0399\u03ba\u03b1\u03bd\u03cc\u03c4\u03b7\u03c4\u03b1 \u03c1\u03bf\u03ae\u03c2 \u03a0\u03b5\u03c1\u03b9\u03b5\u03ba\u03c4\u03b9\u03ba\u03cc\u03c4\u03b7\u03c4\u03b1 \u03c3\u03b5 \u03bf\u03be\u03c5\u03b3\u03cc\u03bd\u03bf \u0391\u03bd\u03c4\u03bf\u03c7\u03ae \u03c3\u03b5 \u03b5\u03c6\u03b5\u03bb\u03ba\u03c5\u03c3\u03bc\u03cc \u0391\u03bd\u03c4\u03bf\u03c7\u03ae \u03c3\u03b5 \u03b5\u03c0\u03b9\u03bc\u03ae\u03ba\u03c5\u03bd\u03c3\u03b7 AISi10Mg 15-53\u00c3\u00d7m 45-105\u00c3\u00d7m 75-150\u00c3\u00d7m \u00a1\u00d41.35g\/cm3 \u00a8P80s\/50g \u00a8P300ppm 300\u00a9I20Mpa 200\u00a9I20Mpa 20\u00a9I2% AMgScZr \u00a1\u00d41.30g\/cm3 \u00a8P80s\/50g \u00a8P300ppm 545\u00a9I20Mpa 500\u00a9I20Mpa 10\u00a9I2% AK400 (\u03bc\u03c0\u03bf\u03c1\u03b5\u03af \u03bd\u03b1 \u03b1\u03bd\u03bf\u03b4\u03b9\u03c9\u03b8\u03b5\u03af) \u00a1\u00d41.30g\/cm3 \u00a8P80s\/50g \u00a8P300ppm 430\u00a9I20Mpa 300\u00a9I20Mpa 10\u00a9I2% \u039a\u03b1\u03b8\u03b1\u03c1\u03cc \u03b1\u03bb\u03bf\u03c5\u03bc\u03af\u03bd\u03b9\u03bf \u03c3\u03b5 \u03c3\u03ba\u03cc\u03bd\u03b7 (\u03ba\u03b1\u03b8\u03b1\u03c1\u03cc\u03c4\u03b7\u03c4\u03b1 99.8%) \u00a1\u00d41.20g\/cm3 \u00a8P100s\/50g \u00a8P1000ppm \u0394\u03b9\u03b1\u03b4\u03b9\u03ba\u03b1\u03c3\u03af\u03b1: \u03a0\u03bb\u03b5\u03bf\u03bd\u03b5\u03ba\u03c4\u03ae\u03bc\u03b1\u03c4\u03b1: \u03c7\u03b1\u03bc\u03b7\u03bb\u03ae...<\/p>","protected":false},"featured_media":1850,"parent":0,"template":"","meta":{"_acf_changed":false,"_kad_blocks_custom_css":"","_kad_blocks_head_custom_js":"","_kad_blocks_body_custom_js":"","_kad_blocks_footer_custom_js":"","_kad_post_transparent":"","_kad_post_title":"","_kad_post_layout":"","_kad_post_sidebar_id":"","_kad_post_content_style":"","_kad_post_vertical_padding":"","_kad_post_feature":"","_kad_post_feature_position":"","_kad_post_header":false,"_kad_post_footer":false,"_kad_post_classname":""},"product-category":[119,124],"class_list":["post-3926","product","type-product","status-publish","has-post-thumbnail","hentry","product-category-3d-printing-metal-powder","product-category-aluminum-based-alloy-powder"],"acf":[],"taxonomy_info":{"product-category":[{"value":119,"label":"3D Printing Metal Powder"},{"value":124,"label":"Aluminum Based Alloy Powder"}]},"featured_image_src_large":["https:\/\/3dpmetal.com\/wp-content\/uploads\/2024\/02\/Aluminum-alloy-series.jpg",600,600,false],"author_info":[],"comment_info":"","_links":{"self":[{"href":"https:\/\/3dpmetal.com\/el\/wp-json\/wp\/v2\/product\/3926","targetHints":{"allow":["GET"]}}],"collection":[{"href":"https:\/\/3dpmetal.com\/el\/wp-json\/wp\/v2\/product"}],"about":[{"href":"https:\/\/3dpmetal.com\/el\/wp-json\/wp\/v2\/types\/product"}],"wp:featuredmedia":[{"embeddable":true,"href":"https:\/\/3dpmetal.com\/el\/wp-json\/wp\/v2\/media\/1850"}],"wp:attachment":[{"href":"https:\/\/3dpmetal.com\/el\/wp-json\/wp\/v2\/media?parent=3926"}],"wp:term":[{"taxonomy":"product-category","embeddable":true,"href":"https:\/\/3dpmetal.com\/el\/wp-json\/wp\/v2\/product-category?post=3926"}],"curies":[{"name":"wp","href":"https:\/\/api.w.org\/{rel}","templated":true}]}}