{"id":3867,"date":"2024-03-18T06:10:08","date_gmt":"2024-03-18T06:10:08","guid":{"rendered":"https:\/\/3dp.45612300.xyz\/product\/niobium-powder\/"},"modified":"2024-03-18T06:10:08","modified_gmt":"2024-03-18T06:10:08","slug":"niobium-powder","status":"publish","type":"product","link":"https:\/\/3dpmetal.com\/es\/product\/niobium-powder\/","title":{"rendered":"Niobio en polvo"},"content":{"rendered":"<p><span style=\"vertical-align: inherit;\"><span style=\"vertical-align: inherit;\"><\/p>\n<h2>Visi\u00f3n general del niobio en polvo<\/h2>\n<p class=\"whitespace-pre-wrap\">El niobio es un metal de transici\u00f3n refractario, blanco y brillante, con una extraordinaria resistencia al calor y un punto de fusi\u00f3n muy elevado. En forma de polvo, presenta una excelente estabilidad t\u00e9rmica, el\u00e9ctrica y qu\u00edmica.<\/p>\n<p class=\"whitespace-pre-wrap\">Entre las propiedades clave del polvo de niobio se incluyen:<\/p>\n<ul class=\"list-disc pl-8 space-y-2\">\n<li class=\"whitespace-normal\">Alta resistencia al calor y naturaleza refractaria<\/li>\n<li class=\"whitespace-normal\">Excelente resistencia a la corrosi\u00f3n<\/li>\n<li class=\"whitespace-normal\">Superconductor por debajo de 9,2K (-264\u00a1\"C)<\/li>\n<li class=\"whitespace-normal\">Estabilidad t\u00e9rmica y el\u00e9ctrica<\/li>\n<li class=\"whitespace-normal\">Baja absorci\u00f3n de neutrones<\/li>\n<li class=\"whitespace-normal\">Polvo de alta densidad con buena pureza qu\u00edmica<\/li>\n<li class=\"whitespace-normal\">Disponible en varios tama\u00f1os de part\u00edcula<\/li>\n<\/ul>\n<p class=\"whitespace-pre-wrap\">El polvo de niobio se utiliza all\u00ed donde pueden aprovecharse sus propiedades refractarias, conductoras y superconductoras. Las principales aplicaciones son la electr\u00f3nica, los superconductores, las aleaciones, los componentes resistentes a los productos qu\u00edmicos y al calor, los revestimientos \u00f3pticos y la pirotecnia.<\/p>\n<h2>Composici\u00f3n del polvo de niobio<\/h2>\n<p class=\"whitespace-pre-wrap\">El polvo de niobio tiene la siguiente composici\u00f3n t\u00edpica:<\/p>\n<table>\n<thead>\n<tr>\n<th>Elemento<\/th>\n<th>Pureza<\/th>\n<\/tr>\n<\/thead>\n<tbody>\n<tr>\n<td>Niobio (Nb)<\/td>\n<td>\u2265 99%<\/td>\n<\/tr>\n<tr>\n<td>Tantalio (Ta)<\/td>\n<td>0,5% m\u00e1x<\/td>\n<\/tr>\n<tr>\n<td>Hafnio (Hf)<\/td>\n<td>0,01% m\u00e1x.<\/td>\n<\/tr>\n<tr>\n<td>Nitrogeno (N)<\/td>\n<td>0,03% m\u00e1x<\/td>\n<\/tr>\n<tr>\n<td>Carbono (C)<\/td>\n<td>0,05 % m\u00e1x.<\/td>\n<\/tr>\n<tr>\n<td>Ox\u00edgeno (O)<\/td>\n<td>0.1-0.2%<\/td>\n<\/tr>\n<tr>\n<td>Hidr\u00f3geno (H)<\/td>\n<td>0,0015% m\u00e1x<\/td>\n<\/tr>\n<\/tbody>\n<\/table>\n<p class=\"whitespace-pre-wrap\">El polvo de niobio de alta pureza contiene m\u00e1s de 99% de niobio met\u00e1lico con bajos niveles de impurezas. Los grados comerciales tienen impurezas permitidas m\u00e1s altas.<\/p>\n<h2>Propiedades del niobio en polvo<\/h2>\n<p class=\"whitespace-pre-wrap\">El polvo de niobio presenta las siguientes propiedades:<\/p>\n<table>\n<thead>\n<tr>\n<th>Propiedad<\/th>\n<th>Valor<\/th>\n<\/tr>\n<\/thead>\n<tbody>\n<tr>\n<td>Densidad<\/td>\n<td>8,57 g\/cm3<\/td>\n<\/tr>\n<tr>\n<td>Punto de Fusi\u00f3n<\/td>\n<td>2477\u00a1\"C<\/td>\n<\/tr>\n<tr>\n<td>Conductividad t\u00e9rmica<\/td>\n<td>53 W\/mK<\/td>\n<\/tr>\n<tr>\n<td>Resistividad el\u00e9ctrica<\/td>\n<td>15 \u00c3\u00d7'\u00ce?cm<\/td>\n<\/tr>\n<tr>\n<td>M\u00f3dulo de Young<\/td>\n<td>105 GPa<\/td>\n<\/tr>\n<tr>\n<td>Coeficiente de Poisson<\/td>\n<td>0.40<\/td>\n<\/tr>\n<tr>\n<td>Resistencia a la tensi\u00f3n<\/td>\n<td>550 MPa<\/td>\n<\/tr>\n<tr>\n<td>Resistencia a la compresi\u00f3n<\/td>\n<td>200 MPa<\/td>\n<\/tr>\n<tr>\n<td>Dureza Vickers<\/td>\n<td>600 HV<\/td>\n<\/tr>\n<\/tbody>\n<\/table>\n<p class=\"whitespace-pre-wrap\">El niobio tiene un punto de fusi\u00f3n extremadamente alto y una conductividad muy buena. Ofrece una gran resistencia a bajas y altas temperaturas. La temperatura de transici\u00f3n superconductora es de 9,2K.<\/p>\n<p><img loading=\"lazy\" decoding=\"async\" class=\"size-medium wp-image-1409 aligncenter\" src=\"https:\/\/met3dp.com\/wp-content\/uploads\/2023\/09\/ed7a94ec-3c10-4b1b-87ed--300x300.jpg\" alt=\"Niobio en polvo\" width=\"300\" height=\"300\" title=\"\"><\/p>\n<h2>M\u00e9todos de producci\u00f3n del polvo de niobio<\/h2>\n<p class=\"whitespace-pre-wrap\">El polvo de niobio puede producirse por m\u00e9todos como:<\/p>\n<ul class=\"list-disc pl-8 space-y-2\">\n<li class=\"whitespace-normal\"><strong>Hidridaci\u00f3n-Deshidridaci\u00f3n<\/strong>Lingotes de niobio triturados en polvo grueso e hidratados. El hidruro de niobio se deshidrata al vac\u00edo y se muele hasta obtener polvo fino.<\/li>\n<li class=\"whitespace-normal\"><strong>Reducci\u00f3n calciot\u00e9rmica<\/strong>Reducci\u00f3n del \u00f3xido de niobio con calcio, seguida de consolidaci\u00f3n y trituraci\u00f3n hasta obtener polvo.<\/li>\n<li class=\"whitespace-normal\"><strong>Electr\u00f3lisis<\/strong>Electr\u00f3lisis con sales fundidas del \u00f3xido de niobio para producir una esponja de niobio que se tritura hasta convertirla en polvo.<\/li>\n<li class=\"whitespace-normal\"><strong>Reducci\u00f3n del carbono<\/strong>El \u00f3xido de niobio se reduce con carbono y se transforma en polvo.<\/li>\n<\/ul>\n<p class=\"whitespace-pre-wrap\">El proceso de hidr\u00f3lisis es el m\u00e1s com\u00fan, pero la reducci\u00f3n carb\u00f3nica y electrot\u00e9rmica ofrecen polvo de mayor pureza.<\/p>\n<h2>Aplicaciones del polvo de niobio<\/h2>\n<p class=\"whitespace-pre-wrap\">El polvo de niobio se utiliza en las siguientes aplicaciones principales:<\/p>\n<ul class=\"list-disc pl-8 space-y-2\">\n<li class=\"whitespace-normal\"><strong>Electr\u00f3nica<\/strong>Condensadores, cavidades superconductoras de radiofrecuencia, uniones Josephson, circuitos integrados.<\/li>\n<li class=\"whitespace-normal\"><strong>Aleaciones met\u00e1licas<\/strong>Se a\u00f1ade a los aceros y a las aleaciones a base de n\u00edquel para aumentar su solidez y resistencia al calor.<\/li>\n<li class=\"whitespace-normal\"><strong>Recubrimientos y pinturas<\/strong>Se utiliza en revestimientos conductores, pinturas resistentes a las chispas y revestimientos \u00f3pticos.<\/li>\n<li class=\"whitespace-normal\"><strong>Soldadura<\/strong>Como material de relleno para acero inoxidable, aleaciones de n\u00edquel y metales refractarios.<\/li>\n<li class=\"whitespace-normal\"><strong>Industria qu\u00edmica<\/strong>Componentes como intercambiadores de calor y recipientes de reactores que utilizan la estabilidad del niobio.<\/li>\n<li class=\"whitespace-normal\"><strong>Pirotecnia.<\/strong>Como combustible y oxidante en formulaciones pirot\u00e9cnicas.<\/li>\n<\/ul>\n<h2>Especificaciones del polvo de niobio<\/h2>\n<p class=\"whitespace-pre-wrap\">El polvo de niobio est\u00e1 disponible con distintas especificaciones:<\/p>\n<ul class=\"list-disc pl-8 space-y-2\">\n<li class=\"whitespace-normal\"><strong>Grados de pureza<\/strong>De la pureza comercial a la pureza ultra alta (99,99%) en funci\u00f3n de las impurezas.<\/li>\n<li class=\"whitespace-normal\"><strong>Tama\u00f1o de las part\u00edculas<\/strong>Desde 1 micra hasta 150 micras para diversas aplicaciones.<\/li>\n<li class=\"whitespace-normal\"><strong>Morfolog\u00eda<\/strong>Formas de polvo irregulares, esf\u00e9ricas, nodulares y en escamas.<\/li>\n<li class=\"whitespace-normal\"><strong>Superficie de \u00c1rea<\/strong>Desde grados de polvo de baja superficie hasta grados de polvo de alta superficie.<\/li>\n<li class=\"whitespace-normal\"><strong>Contenido de Ox\u00edgeno<\/strong>Tambi\u00e9n hay disponibles calidades de polvo fino con bajo contenido en ox\u00edgeno.<\/li>\n<li class=\"whitespace-normal\"><strong>Grados personalizados<\/strong>Caracter\u00edsticas y pureza de las part\u00edculas espec\u00edficas del cliente.<\/li>\n<\/ul>\n<h2>Proveedores mundiales de Niobio en polvo<\/h2>\n<p class=\"whitespace-pre-wrap\">Algunos de los principales proveedores mundiales de polvo de niobio son:<\/p>\n<ul class=\"list-disc pl-8 space-y-2\">\n<li class=\"whitespace-normal\">H.C. Starck (Alemania)<\/li>\n<li class=\"whitespace-normal\">CBMM (Brasil)<\/li>\n<li class=\"whitespace-normal\">Niobec (Canad\u00e1)<\/li>\n<li class=\"whitespace-normal\">ESPI Metals (EE.UU.)<\/li>\n<li class=\"whitespace-normal\">Continental Steel &amp; Tube (EE.UU.)<\/li>\n<li class=\"whitespace-normal\">ZhuZhou Oriental Powder Metallurgy (China)<\/li>\n<\/ul>\n<p class=\"whitespace-pre-wrap\">Estas empresas producen diversos grados de polvo de niobio utilizando diferentes m\u00e9todos de producci\u00f3n con niveles de pureza desde comercial hasta elevado.<\/p>\n<h2>Precios del niobio en polvo<\/h2>\n<p class=\"whitespace-pre-wrap\">Los precios del polvo de niobio dependen de factores como:<\/p>\n<ul class=\"list-disc pl-8 space-y-2\">\n<li class=\"whitespace-normal\"><strong>Grado de pureza<\/strong>Desde $50\/kg para la pureza comercial hasta m\u00e1s de $500\/kg para los grados de pureza ultra alta.<\/li>\n<li class=\"whitespace-normal\"><strong>Tama\u00f1o de part\u00edcula<\/strong>Los polvos nanom\u00e9tricos y submicr\u00f3nicos son m\u00e1s caros.<\/li>\n<li class=\"whitespace-normal\"><strong>Morfolog\u00eda<\/strong>Los polvos esf\u00e9ricos y lisos tienen un precio superior.<\/li>\n<li class=\"whitespace-normal\"><strong>Cantidad<\/strong>Los precios se reducen para las cantidades a granel debido a la econom\u00eda de escala.<\/li>\n<li class=\"whitespace-normal\"><strong>Fabricante<\/strong>Los grandes proveedores mundiales ofrecen precios m\u00e1s competitivos.<\/li>\n<li class=\"whitespace-normal\"><strong>Geograf\u00eda<\/strong>Los precios var\u00edan seg\u00fan la regi\u00f3n del mundo.<\/li>\n<\/ul>\n<h2>Almacenamiento y manipulaci\u00f3n del niobio en polvo<\/h2>\n<p class=\"whitespace-pre-wrap\">El polvo de niobio requiere un almacenamiento y una manipulaci\u00f3n controlados para:<\/p>\n<ul class=\"list-disc pl-8 space-y-2\">\n<li class=\"whitespace-normal\">Evitar la exposici\u00f3n al aire y a la humedad para minimizar la oxidaci\u00f3n<\/li>\n<li class=\"whitespace-normal\">Evitar los riesgos de ignici\u00f3n y explosi\u00f3n del polvo fino<\/li>\n<li class=\"whitespace-normal\">Utilizar ventilaci\u00f3n y protecci\u00f3n respiratoria adecuadas durante la manipulaci\u00f3n<\/li>\n<li class=\"whitespace-normal\">Seguir las precauciones de la ficha de datos de seguridad del proveedor<\/li>\n<li class=\"whitespace-normal\">Almacenar los envases cerrados en un lugar fresco y seco, lejos de sustancias incompatibles.<\/li>\n<\/ul>\n<p class=\"whitespace-pre-wrap\">Al manipular polvo de niobio deben utilizarse cajas de guantes para gases inertes, una conexi\u00f3n a tierra adecuada y EPI.<\/p>\n<h2>Inspecci\u00f3n y ensayo de polvo de niobio<\/h2>\n<p class=\"whitespace-pre-wrap\">El polvo de niobio suele someterse a las siguientes inspecciones y pruebas:<\/p>\n<ul class=\"list-disc pl-8 space-y-2\">\n<li class=\"whitespace-normal\"><strong>An\u00e1lisis qu\u00edmico<\/strong>Las t\u00e9cnicas de plasma acoplado inductivamente o de fluorescencia de rayos X se utilizan para comprobar la composici\u00f3n y la pureza.<\/li>\n<li class=\"whitespace-normal\"><strong>Pruebas granulom\u00e9tricas<\/strong>Realizado seg\u00fan la norma ASTM B822 utilizando la t\u00e9cnica de difracci\u00f3n l\u00e1ser.<\/li>\n<li class=\"whitespace-normal\"><strong>Morfolog\u00eda<\/strong>Microscop\u00eda electr\u00f3nica de barrido para determinar la forma y la superficie.<\/li>\n<li class=\"whitespace-normal\"><strong>Superficie espec\u00edfica<\/strong>M\u00e9todo BET de absorci\u00f3n de gas utilizado para medir la superficie por unidad de masa.<\/li>\n<li class=\"whitespace-normal\"><strong>Pruebas de impurezas<\/strong>ICP-MS para cuantificar los niveles de tantalio, ox\u00edgeno, nitr\u00f3geno y otras impurezas.<\/li>\n<li class=\"whitespace-normal\"><strong>Flujo de polvo<\/strong>Probado utilizando el caudal\u00edmetro Hall seg\u00fan la norma ASTM B213.<\/li>\n<\/ul>\n<h2>Comparaci\u00f3n de polvo de niobio y t\u00e1ntalo<\/h2>\n<p class=\"whitespace-pre-wrap\">Los polvos de niobio y t\u00e1ntalo son dos polvos met\u00e1licos refractarios similares comparados:<\/p>\n<table>\n<thead>\n<tr>\n<th>Par\u00e1metro<\/th>\n<th>Niobio en polvo<\/th>\n<th>Polvo de t\u00e1ntalo<\/th>\n<\/tr>\n<\/thead>\n<tbody>\n<tr>\n<td>Densidad<\/td>\n<td>8,57 g\/cm3<\/td>\n<td>16,6 g\/cm3<\/td>\n<\/tr>\n<tr>\n<td>Punto de Fusi\u00f3n<\/td>\n<td>2477\u00a1\"C<\/td>\n<td>2996\u00a1\"C<\/td>\n<\/tr>\n<tr>\n<td>Resistividad el\u00e9ctrica<\/td>\n<td>15 \u00c3\u00d7'\u00ce.cm<\/td>\n<td>13 \u00c3\u00d7'\u00ce.cm<\/td>\n<\/tr>\n<tr>\n<td>Resistencia a la tensi\u00f3n<\/td>\n<td>550 MPa<\/td>\n<td>400 MPa<\/td>\n<\/tr>\n<tr>\n<td>Resistencia a la oxidaci\u00f3n<\/td>\n<td>Moderado<\/td>\n<td>Mejor<\/td>\n<\/tr>\n<tr>\n<td>Coste<\/td>\n<td>Inferior<\/td>\n<td>Alto<\/td>\n<\/tr>\n<tr>\n<td>SOLICITUDES<\/td>\n<td>Aleaciones, condensadores<\/td>\n<td>Medicina, electr\u00f3nica<\/td>\n<\/tr>\n<\/tbody>\n<\/table>\n<p class=\"whitespace-pre-wrap\">El t\u00e1ntalo tiene mayor densidad, punto de fusi\u00f3n y mejor resistencia a la oxidaci\u00f3n, pero es m\u00e1s caro que el niobio.<\/p>\n<h2>Preguntas frecuentes sobre el polvo de niobio<\/h2>\n<p class=\"whitespace-pre-wrap\"><strong>P: \u00bfC\u00f3mo se produce el polvo de niobio?<\/strong><\/p>\n<p class=\"whitespace-pre-wrap\">R: Los principales m\u00e9todos de producci\u00f3n de polvo de niobio son la hidr\u00f3lisis-deshidr\u00f3lisis, la reducci\u00f3n calciot\u00e9rmica, la electr\u00f3lisis y la reducci\u00f3n de carbono de fuentes de \u00f3xido de niobio.<\/p>\n<p class=\"whitespace-pre-wrap\"><strong>P: \u00bfPara qu\u00e9 se utiliza el polvo de niobio?<\/strong><\/p>\n<p class=\"whitespace-pre-wrap\">R: Las principales aplicaciones del polvo de niobio son la electr\u00f3nica, las aleaciones met\u00e1licas, los revestimientos, la industria qu\u00edmica, la soldadura, la pirotecnia y los superconductores.<\/p>\n<p class=\"whitespace-pre-wrap\"><strong>P: \u00bfCu\u00e1l es el tama\u00f1o t\u00edpico del polvo de niobio para revestimientos por pulverizaci\u00f3n t\u00e9rmica?<\/strong><\/p>\n<p class=\"whitespace-pre-wrap\">R: En los procesos de pulverizaci\u00f3n t\u00e9rmica, el polvo de niobio se suele utilizar en part\u00edculas de 45-150 micras. Un polvo m\u00e1s fino puede provocar problemas de oxidaci\u00f3n.<\/p>\n<p class=\"whitespace-pre-wrap\"><strong>P: \u00bfEs inflamable o explosivo el polvo de niobio?<\/strong><\/p>\n<p class=\"whitespace-pre-wrap\">R: S\u00ed, al igual que otros metales finamente divididos, el polvo de niobio puede ser potencialmente inflamable o explosivo. Es necesario tomar las precauciones adecuadas para manipularlo y almacenarlo de forma segura.<\/p>\n<p class=\"whitespace-pre-wrap\"><strong>P: \u00bfD\u00f3nde puedo comprar polvo de niobio de gran pureza para aplicaciones superconductoras?<\/strong><\/p>\n<p class=\"whitespace-pre-wrap\">R: El polvo de niobio de pureza ultra alta (99,99%) adecuado para aplicaciones superconductoras puede adquirirse a los principales proveedores, como HC Starck, CBMM y ESPI Metals.<\/p>\n<p><\/span><\/span><\/p>","protected":false},"excerpt":{"rendered":"<p>Descripci\u00f3n general del niobio en polvo El niobio es un metal de transici\u00f3n refractario blanco y brillante con una extraordinaria resistencia al calor y un punto de fusi\u00f3n muy alto. En forma de polvo, presenta una excelente estabilidad t\u00e9rmica, el\u00e9ctrica y qu\u00edmica. Entre las propiedades clave del polvo de niobio se incluyen: Alta resistencia al calor y naturaleza refractaria Excelente resistencia a la corrosi\u00f3n Superconductor por debajo de 9,2K (-264\u00a1\"C) Estabilidad t\u00e9rmica y el\u00e9ctrica...<\/p>","protected":false},"featured_media":1742,"parent":0,"template":"","meta":{"_acf_changed":false,"_kad_blocks_custom_css":"","_kad_blocks_head_custom_js":"","_kad_blocks_body_custom_js":"","_kad_blocks_footer_custom_js":"","_kad_post_transparent":"","_kad_post_title":"","_kad_post_layout":"","_kad_post_sidebar_id":"","_kad_post_content_style":"","_kad_post_vertical_padding":"","_kad_post_feature":"","_kad_post_feature_position":"","_kad_post_header":false,"_kad_post_footer":false,"_kad_post_classname":""},"product-category":[119,125],"class_list":["post-3867","product","type-product","status-publish","has-post-thumbnail","hentry","product-category-3d-printing-metal-powder","product-category-refractory-metal-powder"],"acf":[],"taxonomy_info":{"product-category":[{"value":119,"label":"3D Printing Metal Powder"},{"value":125,"label":"Refractory Metal Powder"}]},"featured_image_src_large":["https:\/\/3dpmetal.com\/wp-content\/uploads\/2024\/02\/Niobium-Powder.jpg",600,600,false],"author_info":[],"comment_info":"","_links":{"self":[{"href":"https:\/\/3dpmetal.com\/es\/wp-json\/wp\/v2\/product\/3867","targetHints":{"allow":["GET"]}}],"collection":[{"href":"https:\/\/3dpmetal.com\/es\/wp-json\/wp\/v2\/product"}],"about":[{"href":"https:\/\/3dpmetal.com\/es\/wp-json\/wp\/v2\/types\/product"}],"wp:featuredmedia":[{"embeddable":true,"href":"https:\/\/3dpmetal.com\/es\/wp-json\/wp\/v2\/media\/1742"}],"wp:attachment":[{"href":"https:\/\/3dpmetal.com\/es\/wp-json\/wp\/v2\/media?parent=3867"}],"wp:term":[{"taxonomy":"product-category","embeddable":true,"href":"https:\/\/3dpmetal.com\/es\/wp-json\/wp\/v2\/product-category?post=3867"}],"curies":[{"name":"wp","href":"https:\/\/api.w.org\/{rel}","templated":true}]}}