{"id":3869,"date":"2024-03-18T06:10:08","date_gmt":"2024-03-18T06:10:08","guid":{"rendered":"https:\/\/3dp.45612300.xyz\/product\/tungsten-powder\/"},"modified":"2024-03-18T06:10:08","modified_gmt":"2024-03-18T06:10:08","slug":"tungsten-powder","status":"publish","type":"product","link":"https:\/\/3dpmetal.com\/es\/product\/tungsten-powder\/","title":{"rendered":"Polvo de wolframio"},"content":{"rendered":"<p><span style=\"vertical-align: inherit;\"><span style=\"vertical-align: inherit;\">Los polvos de tungsteno se utilizan como consumibles en sectores como la impresi\u00f3n 3D de tungsteno y aleaciones de tungsteno, los materiales porosos y el recubrimiento en polvo de alta densidad. Con el r\u00e1pido desarrollo de la tecnolog\u00eda de impresi\u00f3n 3D, materiales porosos, recubrimiento en polvo de alta densidad, y el moldeo por inyecci\u00f3n, la demanda de polvos de tungsteno esf\u00e9ricos de alta calidad est\u00e1 aumentando. El polvo esf\u00e9rico de tungsteno de alta calidad no s\u00f3lo tiene buena fluidez, buena esfericidad, alta densidad aparente y densidad vibratoria, y bajo contenido de ox\u00edgeno.<\/p>\n<p><strong>Propiedades del producto<\/strong><\/p>\n<ol>\n<li>Aspecto: Polvo gris<\/li>\n<li>Tama\u00f1o: 15-40um<\/li>\n<li>Nota: Otros polvos de impresi\u00f3n 3D est\u00e1n disponibles bajo cualquier requisito personalizado<\/li>\n<\/ol>\n<div>\n<table>\n<tbody>\n<tr>\n<td data-sheets-value=\"{&quot;1&quot;:2,&quot;2&quot;:&quot;No&quot;}\">No<\/td>\n<td data-sheets-value=\"{&quot;1&quot;:2,&quot;2&quot;:&quot;Name&quot;}\">Nombre<\/td>\n<td data-sheets-value=\"{&quot;1&quot;:2,&quot;2&quot;:&quot;Chemical Composition(wt%)&quot;}\">Composici\u00f3n qu\u00edmica(wt%)<\/td>\n<\/tr>\n<tr>\n<td data-sheets-value=\"{&quot;1&quot;:3,&quot;3&quot;:1}\">1<\/td>\n<td data-sheets-value=\"{&quot;1&quot;:2,&quot;2&quot;:&quot;18Ni300&quot;}\">18Ni300<\/td>\n<td data-sheets-value=\"{&quot;1&quot;:2,&quot;2&quot;:&quot;Ni17-19\u00a8\u00dbMo4.5-5.2\u00a8\u00dbCo8.5-9.5\u00a8\u00dbTi0.6-0.8\u00a8\u00dbAl0.05-0.15\u00a8\u00dbFe(Bal.)&quot;}\">Ni17-19, Mo4,5-5,2, Co8,5-9,5, Ti0,6-0,8, Al0,05-0,15\u00a8\u00dbFe(Bal.)<\/td>\n<\/tr>\n<tr>\n<td data-sheets-value=\"{&quot;1&quot;:3,&quot;3&quot;:2}\">2<\/td>\n<td data-sheets-value=\"{&quot;1&quot;:2,&quot;2&quot;:&quot;Hastelloy Alloy&quot;}\">Aleaci\u00f3n Hastelloy<\/td>\n<td data-sheets-value=\"{&quot;1&quot;:2,&quot;2&quot;:&quot;Fe17-20\u00a8\u00dbCr20.5-23\u00a8\u00dbMo8-10\u00a8\u00dbW0.2-1\u00a8\u00dbCo0.5-2.5\u00a8\u00dbC0.05-0.15\u00a8\u00dbNi(Bal.)&quot;}\">Fe17-20, Cr20,5-23, Mo8-10, W0,2-1, Co0,5-2,5, C0,05-0,15, Ni (Bal.)<\/td>\n<\/tr>\n<tr>\n<td data-sheets-value=\"{&quot;1&quot;:3,&quot;3&quot;:3}\">3<\/td>\n<td data-sheets-value=\"{&quot;1&quot;:2,&quot;2&quot;:&quot;AlSi10Mg&quot;}\">AlSi10Mg<\/td>\n<td data-sheets-value=\"{&quot;1&quot;:2,&quot;2&quot;:&quot;Si9-11\u00a8\u00dbMg0.2-0.45\u00a8\u00dbAl(Bal.)&quot;}\">Si9-11\u00a8\u00dbMg0.2-0.45\u00a8\u00dbAl(Bal.)<\/td>\n<\/tr>\n<tr>\n<td data-sheets-value=\"{&quot;1&quot;:3,&quot;3&quot;:4}\">4<\/td>\n<td data-sheets-value=\"{&quot;1&quot;:2,&quot;2&quot;:&quot;CoCrW&quot;}\">CoCrW<\/td>\n<td data-sheets-value=\"{&quot;1&quot;:2,&quot;2&quot;:&quot;Cr26.5-29\u00a8\u00dbW7-9\u00a8\u00dbSi1.2-1.9\u00a8\u00dbCo(Bal.)&quot;}\">Cr26,5-29, W7-9, Si1,2-1,9, Co (Bal.)<\/td>\n<\/tr>\n<tr>\n<td data-sheets-value=\"{&quot;1&quot;:3,&quot;3&quot;:5}\">5<\/td>\n<td data-sheets-value=\"{&quot;1&quot;:2,&quot;2&quot;:&quot;Co28Cr6Mo&quot;}\">Co28Cr6Mo<\/td>\n<td data-sheets-value=\"{&quot;1&quot;:2,&quot;2&quot;:&quot;Cr27-29\u00a8\u00dbMo5-7\u00a8\u00dbCo(Bal.)&quot;}\">Cr27-29, Mo5-7, Co (Bal.)<\/td>\n<\/tr>\n<tr>\n<td data-sheets-value=\"{&quot;1&quot;:3,&quot;3&quot;:6}\">6<\/td>\n<td data-sheets-value=\"{&quot;1&quot;:2,&quot;2&quot;:&quot;Spherical Ti Powder&quot;}\">Polvo esf\u00e9rico de Ti<\/td>\n<td data-sheets-value=\"{&quot;1&quot;:2,&quot;2&quot;:&quot;Ti\u00a1\u00d499.9&quot;}\">Ti\u00a1\u00d499.9<\/td>\n<\/tr>\n<tr>\n<td data-sheets-value=\"{&quot;1&quot;:3,&quot;3&quot;:7}\">7<\/td>\n<td data-sheets-value=\"{&quot;1&quot;:2,&quot;2&quot;:&quot;TC4&quot;}\">TC4<\/td>\n<td data-sheets-value=\"{&quot;1&quot;:2,&quot;2&quot;:&quot;Al5.5-6.8\u00a8\u00dbV3.5-4.5\u00a8\u00dbTi(Bal.)&quot;}\">Al5,5-6,8, V3,5-4,5, Ti? (Bal.)<\/td>\n<\/tr>\n<tr>\n<td data-sheets-value=\"{&quot;1&quot;:3,&quot;3&quot;:8}\">8<\/td>\n<td data-sheets-value=\"{&quot;1&quot;:2,&quot;2&quot;:&quot;TA15&quot;}\">TA15<\/td>\n<td data-sheets-value=\"{&quot;1&quot;:2,&quot;2&quot;:&quot;Al5.5-7.1\u00a8\u00dbV0.8-2.5\u00a8\u00dbMo0.8-2\u00a8\u00dbZr1.5-2.5\u00a8\u00dbAl(Bal.)&quot;}\">Al5,5-7,1, V0,8-2,5, Mo0,8-2\u00a8\u00dbZr1,5-2,5, Al (Bal.)<\/td>\n<\/tr>\n<tr>\n<td data-sheets-value=\"{&quot;1&quot;:3,&quot;3&quot;:9}\">9<\/td>\n<td data-sheets-value=\"{&quot;1&quot;:2,&quot;2&quot;:&quot;316L&quot;}\">316L<\/td>\n<td data-sheets-value=\"{&quot;1&quot;:2,&quot;2&quot;:&quot;Cr16.00-18.00\u00a8\u00db Ni10.00-14.00\u00a8\u00dbMo2.00-3.00\u00a8\u00dbFe(Bal.)&quot;}\">Cr16,00-18,00, Ni10,00-14,00, Mo2,00-3,00, Fe (Bal.)<\/td>\n<\/tr>\n<tr>\n<td data-sheets-value=\"{&quot;1&quot;:3,&quot;3&quot;:10}\">10<\/td>\n<td data-sheets-value=\"{&quot;1&quot;:2,&quot;2&quot;:&quot;S136&quot;}\">S136<\/td>\n<td data-sheets-value=\"{&quot;1&quot;:2,&quot;2&quot;:&quot;Cr12.0-14.0\u00a8\u00dbSi0.8-1.0\u00a8\u00dbV0.15-0.4\u00a8\u00dbC0.2-0.45\u00a8\u00dbFe(Bal.)&quot;}\">Cr12,0-14,0, Si0,8-1,0, V0,15-0,4, C0,2-0,45, Fe (Bal.)<\/td>\n<\/tr>\n<tr>\n<td data-sheets-value=\"{&quot;1&quot;:3,&quot;3&quot;:11}\">11<\/td>\n<td data-sheets-value=\"{&quot;1&quot;:2,&quot;2&quot;:&quot;In625&quot;}\">En625<\/td>\n<td data-sheets-value=\"{&quot;1&quot;:2,&quot;2&quot;:&quot;Cr20-23 , Mo8-10 , Nb 3.15-4.15 , Co\u00a8P1, Fe\u00a8P1 , Ni (bal.)&quot;}\">Cr20-23Mo8-10, Nb 3,15-4,15, Co\u00a8P1, Fe\u00a8P1, Ni (bal.)<\/td>\n<\/tr>\n<tr>\n<td data-sheets-value=\"{&quot;1&quot;:3,&quot;3&quot;:12}\">12<\/td>\n<td data-sheets-value=\"{&quot;1&quot;:2,&quot;2&quot;:&quot;In718&quot;}\">En718<\/td>\n<td data-sheets-value=\"{&quot;1&quot;:2,&quot;2&quot;:&quot;Cr17-21 , Mo2.8-3.3 , Nb 4.75-5.5 , Co\u00a8P1, Ni50-51 , Fe(Bal.)&quot;}\">Cr17-21, Mo2,8-3,3, Nb 4,75-5,5, Co\u00a8P1, Ni50-51, Fe (Bal.)<\/td>\n<\/tr>\n<tr>\n<td data-sheets-value=\"{&quot;1&quot;:3,&quot;3&quot;:13}\">13<\/td>\n<td data-sheets-value=\"{&quot;1&quot;:2,&quot;2&quot;:&quot;Spherica WC&quot;}\">Esf\u00e9rica WC<\/td>\n<td data-sheets-value=\"{&quot;1&quot;:2,&quot;2&quot;:&quot;C3.7-4.2\u00a8\u00dbW(Bal.)&quot;}\">C3.7-4.2, W (Bal.)<\/td>\n<\/tr>\n<tr>\n<td data-sheets-value=\"{&quot;1&quot;:3,&quot;3&quot;:14}\">14<\/td>\n<td data-sheets-value=\"{&quot;1&quot;:2,&quot;2&quot;:&quot;Spherical Cr Powder&quot;}\">Cr esf\u00e9rico en polvo<\/td>\n<td data-sheets-value=\"{&quot;1&quot;:2,&quot;2&quot;:&quot;Cr\u00a1\u00d499.9&quot;}\">Cr\u00a1\u00d499,9<\/td>\n<\/tr>\n<tr>\n<td data-sheets-value=\"{&quot;1&quot;:3,&quot;3&quot;:15}\">15<\/td>\n<td data-sheets-value=\"{&quot;1&quot;:2,&quot;2&quot;:&quot;Spherica Mo Powder&quot;}\">Spherica Mo Polvo<\/td>\n<td data-sheets-value=\"{&quot;1&quot;:2,&quot;2&quot;:&quot;Mo\u00a1\u00d499.9&quot;}\">Mo\u00a1\u00d499.9<\/td>\n<\/tr>\n<tr>\n<td data-sheets-value=\"{&quot;1&quot;:3,&quot;3&quot;:16}\">16<\/td>\n<td data-sheets-value=\"{&quot;1&quot;:2,&quot;2&quot;:&quot;Spherica Ta Powder&quot;}\">Spherica Ta Polvo<\/td>\n<td data-sheets-value=\"{&quot;1&quot;:2,&quot;2&quot;:&quot;Ta\u00a1\u00d499.9&quot;}\">Ta\u00a1\u00d499.9<\/td>\n<\/tr>\n<tr>\n<td data-sheets-value=\"{&quot;1&quot;:3,&quot;3&quot;:17}\">17<\/td>\n<td data-sheets-value=\"{&quot;1&quot;:2,&quot;2&quot;:&quot;Spherica W Powder&quot;}\">Spherica W Polvo<\/td>\n<td data-sheets-value=\"{&quot;1&quot;:2,&quot;2&quot;:&quot;W\u00a1\u00d499.9&quot;}\">W\u00a1\u00d499.9<\/td>\n<\/tr>\n<\/tbody>\n<\/table>\n<\/div>\n<p>&nbsp;<\/p>\n<p><strong>Aplicaci\u00f3n<\/strong><\/p>\n<ol>\n<li>Impresi\u00f3n 3D;<\/li>\n<li>Moldeo por inyecci\u00f3n (MIM);<\/li>\n<li>Pulvimetalurgia (PM);<\/li>\n<li>Revestimiento por pulverizaci\u00f3n (SP), etc.<\/li>\n<\/ol>\n<p><\/span><\/span><\/p>","protected":false},"excerpt":{"rendered":"<p>Los polvos de tungsteno se utilizan como consumibles en sectores como la impresi\u00f3n 3D de tungsteno y aleaciones de tungsteno, los materiales porosos y el recubrimiento en polvo de alta densidad. Con el r\u00e1pido desarrollo de la tecnolog\u00eda de impresi\u00f3n 3D, materiales porosos, recubrimiento en polvo de alta densidad, y el moldeo por inyecci\u00f3n, la demanda de polvos de tungsteno esf\u00e9ricos de alta calidad est\u00e1 aumentando. El polvo esf\u00e9rico de tungsteno de alta calidad es...<\/p>","protected":false},"featured_media":1746,"parent":0,"template":"","meta":{"_acf_changed":false,"_kad_blocks_custom_css":"","_kad_blocks_head_custom_js":"","_kad_blocks_body_custom_js":"","_kad_blocks_footer_custom_js":"","_kad_post_transparent":"","_kad_post_title":"","_kad_post_layout":"","_kad_post_sidebar_id":"","_kad_post_content_style":"","_kad_post_vertical_padding":"","_kad_post_feature":"","_kad_post_feature_position":"","_kad_post_header":false,"_kad_post_footer":false,"_kad_post_classname":""},"product-category":[119,125],"class_list":["post-3869","product","type-product","status-publish","has-post-thumbnail","hentry","product-category-3d-printing-metal-powder","product-category-refractory-metal-powder"],"acf":[],"taxonomy_info":{"product-category":[{"value":119,"label":"3D Printing Metal Powder"},{"value":125,"label":"Refractory Metal Powder"}]},"featured_image_src_large":["https:\/\/3dpmetal.com\/wp-content\/uploads\/2024\/02\/Tungsten-Powder.jpg",600,600,false],"author_info":[],"comment_info":"","_links":{"self":[{"href":"https:\/\/3dpmetal.com\/es\/wp-json\/wp\/v2\/product\/3869","targetHints":{"allow":["GET"]}}],"collection":[{"href":"https:\/\/3dpmetal.com\/es\/wp-json\/wp\/v2\/product"}],"about":[{"href":"https:\/\/3dpmetal.com\/es\/wp-json\/wp\/v2\/types\/product"}],"wp:featuredmedia":[{"embeddable":true,"href":"https:\/\/3dpmetal.com\/es\/wp-json\/wp\/v2\/media\/1746"}],"wp:attachment":[{"href":"https:\/\/3dpmetal.com\/es\/wp-json\/wp\/v2\/media?parent=3869"}],"wp:term":[{"taxonomy":"product-category","embeddable":true,"href":"https:\/\/3dpmetal.com\/es\/wp-json\/wp\/v2\/product-category?post=3869"}],"curies":[{"name":"wp","href":"https:\/\/api.w.org\/{rel}","templated":true}]}}