{"id":3884,"date":"2024-03-18T06:10:10","date_gmt":"2024-03-18T06:10:10","guid":{"rendered":"https:\/\/3dp.45612300.xyz\/product\/titanium-and-aluminum-ta7-powder\/"},"modified":"2024-03-18T06:10:10","modified_gmt":"2024-03-18T06:10:10","slug":"titanium-and-aluminum-ta7-powder","status":"publish","type":"product","link":"https:\/\/3dpmetal.com\/es\/product\/titanium-and-aluminum-ta7-powder\/","title":{"rendered":"Polvo de titanio y aluminio TA7"},"content":{"rendered":"<p><span style=\"vertical-align: inherit;\"><span style=\"vertical-align: inherit;\"><\/p>\n<h2>Descripci\u00f3n general del polvo de titanio y aluminio TA7<\/h2>\n<p class=\"whitespace-pre-wrap\">TA7 pertenece al sistema de aleaciones intermet\u00e1licas de titanio-aluminio que combinan las propiedades ligeras del aluminio con la fuerza y la resistencia a la corrosi\u00f3n del titanio. La proporci\u00f3n casi equiat\u00f3mica de Ti y Al proporciona un excelente equilibrio de propiedades para aplicaciones a temperaturas elevadas.<\/p>\n<p class=\"whitespace-pre-wrap\">Las principales caracter\u00edsticas del polvo TA7 son:<\/p>\n<ul class=\"list-disc pl-8 space-y-2\">\n<li class=\"whitespace-normal\">Resistencia espec\u00edfica muy elevada (relaci\u00f3n resistencia\/peso)<\/li>\n<li class=\"whitespace-normal\">Excelente resistencia a la tracci\u00f3n y a la fluencia a altas temperaturas<\/li>\n<li class=\"whitespace-normal\">Baja densidad en comparaci\u00f3n con las aleaciones de n\u00edquel o acero<\/li>\n<li class=\"whitespace-normal\">Buena resistencia a la corrosi\u00f3n en diversos entornos<\/li>\n<li class=\"whitespace-normal\">Disponible en distintos tama\u00f1os de part\u00edculas y morfolog\u00edas<\/li>\n<\/ul>\n<p class=\"whitespace-pre-wrap\">El polvo TA7 se ha revelado como una excelente opci\u00f3n para reducir el peso y mejorar la eficiencia en motores aeroespaciales y fuselajes que funcionan a altas temperaturas.<\/p>\n<h2>Composici\u00f3n qu\u00edmica del polvo TA7<\/h2>\n<p class=\"whitespace-pre-wrap\">El polvo TA7 tiene la siguiente composici\u00f3n nominal:<\/p>\n<table>\n<thead>\n<tr>\n<th>Elemento<\/th>\n<th>Porcentaje de peso<\/th>\n<\/tr>\n<\/thead>\n<tbody>\n<tr>\n<td>Titanio (Ti)<\/td>\n<td>Equilibrio<\/td>\n<\/tr>\n<tr>\n<td>Aluminio (Al)<\/td>\n<td>7%<\/td>\n<\/tr>\n<tr>\n<td>Esta\u00f1o (Sn)<\/td>\n<td>2-5%<\/td>\n<\/tr>\n<tr>\n<td>Circonio (Zr)<\/td>\n<td>1-4%<\/td>\n<\/tr>\n<tr>\n<td>Silicio (Si)<\/td>\n<td>0,5% m\u00e1x<\/td>\n<\/tr>\n<tr>\n<td>Carbono (C)<\/td>\n<td>0,1 % m\u00e1ximo<\/td>\n<\/tr>\n<tr>\n<td>Ox\u00edgeno (O)<\/td>\n<td>0,13% m\u00e1x<\/td>\n<\/tr>\n<\/tbody>\n<\/table>\n<p><img loading=\"lazy\" decoding=\"async\" class=\"size-medium wp-image-1409 aligncenter\" src=\"https:\/\/met3dp.com\/wp-content\/uploads\/2023\/09\/ed7a94ec-3c10-4b1b-87ed--300x300.jpg\" alt=\"Polvo de titanio y aluminio TA7\" width=\"300\" height=\"300\" title=\"\"><\/p>\n<p class=\"whitespace-pre-wrap\">La cantidad de esta\u00f1o y circonio puede variar para optimizar las propiedades mec\u00e1nicas a alta temperatura. Los niveles de impurezas de Si, C, O se reducen al m\u00ednimo.<\/p>\n<h2>Propiedades del polvo TA7<\/h2>\n<p class=\"whitespace-pre-wrap\">Entre las propiedades clave del polvo TA7 se incluyen:<\/p>\n<table>\n<thead>\n<tr>\n<th>Propiedad<\/th>\n<th>Valor<\/th>\n<\/tr>\n<\/thead>\n<tbody>\n<tr>\n<td>Densidad<\/td>\n<td>3,7-4,0 g\/cm3<\/td>\n<\/tr>\n<tr>\n<td>Punto de Fusi\u00f3n<\/td>\n<td>1460\u00abC<\/td>\n<\/tr>\n<tr>\n<td>Conductividad t\u00e9rmica<\/td>\n<td>6,7 W\/mK<\/td>\n<\/tr>\n<tr>\n<td>Resistividad el\u00e9ctrica<\/td>\n<td>1,78 \u00c3\u00d7'\u00ce.cm<\/td>\n<\/tr>\n<tr>\n<td>M\u00f3dulo de Young<\/td>\n<td>110 GPa<\/td>\n<\/tr>\n<tr>\n<td>Coeficiente de Poisson<\/td>\n<td>0.32<\/td>\n<\/tr>\n<tr>\n<td>Resistencia a la tensi\u00f3n<\/td>\n<td>800 MPa<\/td>\n<\/tr>\n<tr>\n<td>Resistencia el\u00e1stica<\/td>\n<td>760 MPa<\/td>\n<\/tr>\n<tr>\n<td>Elongaci\u00f3n<\/td>\n<td>1-2%<\/td>\n<\/tr>\n<tr>\n<td>Resistencia a la fluencia<\/td>\n<td>190 MPa a 700\u00a1\"C<\/td>\n<\/tr>\n<\/tbody>\n<\/table>\n<p>&nbsp;<\/p>\n<p class=\"whitespace-pre-wrap\">Sus propiedades, como alta resistencia, baja densidad, resistencia a la oxidaci\u00f3n y estabilidad t\u00e9rmica, hacen que el TA7 sea adecuado para las aplicaciones m\u00e1s exigentes a temperaturas elevadas.<\/p>\n<h2>M\u00e9todo de producci\u00f3n del polvo TA7<\/h2>\n<p class=\"whitespace-pre-wrap\">El polvo TA7 puede producirse mediante m\u00e9todos como:<\/p>\n<ul class=\"list-disc pl-8 space-y-2\">\n<li class=\"whitespace-normal\"><strong>Atomizaci\u00f3n de gas<\/strong>Gas inerte a alta presi\u00f3n utilizado para atomizar la aleaci\u00f3n TA7 fundida y obtener un polvo esf\u00e9rico ideal para la AM.<\/li>\n<li class=\"whitespace-normal\"><strong>Proceso de electrodo giratorio de plasma<\/strong>La desintegraci\u00f3n centr\u00edfuga de una corriente de metal fundido que gira r\u00e1pidamente produce polvo esf\u00e9rico.<\/li>\n<li class=\"whitespace-normal\"><strong>Aleaci\u00f3n Mec\u00e1nica<\/strong>Molienda por bolas de alta energ\u00eda de polvos mezclados de Ti y Al elementales seguida de recocido.<\/li>\n<\/ul>\n<p class=\"whitespace-pre-wrap\">La atomizaci\u00f3n con gas proporciona un excelente control de las caracter\u00edsticas del polvo, como la distribuci\u00f3n del tama\u00f1o de las part\u00edculas, la morfolog\u00eda, la microlimpieza y la fluidez.<\/p>\n<h2>Aplicaciones del polvo TA7<\/h2>\n<p class=\"whitespace-pre-wrap\">El polvo TA7 se utiliza habitualmente en:<\/p>\n<ul class=\"list-disc pl-8 space-y-2\">\n<li class=\"whitespace-normal\"><strong>fabricaci\u00f3n aditiva<\/strong>Fusi\u00f3n selectiva por l\u00e1ser para producir formas complejas de perfiles aerodin\u00e1micos, impulsores y \u00e1labes de turbina.<\/li>\n<li class=\"whitespace-normal\"><strong>Moldeo por inyecci\u00f3n de metal<\/strong>Para fabricar piezas peque\u00f1as y complejas con forma de red, como componentes de turbocompresores que requieren gran resistencia y resistencia a la temperatura.<\/li>\n<li class=\"whitespace-normal\"><strong>Recubrimientos por proyecci\u00f3n t\u00e9rmica<\/strong>Se aplica mediante plasma o pulverizaci\u00f3n HVOF en superficies de v\u00e1lvulas, cojinetes y componentes de trenes de aterrizaje que necesitan resistencia al desgaste\/corrosi\u00f3n a altas temperaturas.<\/li>\n<li class=\"whitespace-normal\"><strong>Metalurgia del polvo<\/strong>Prensado y sinterizado para crear piezas estructurales ligeras y de alta resistencia para aplicaciones aeroespaciales.<\/li>\n<\/ul>\n<h2>Especificaciones del polvo TA7<\/h2>\n<p class=\"whitespace-pre-wrap\">El polvo TA7 est\u00e1 disponible en varios tama\u00f1os, formas y niveles de pureza:<\/p>\n<ul class=\"list-disc pl-8 space-y-2\">\n<li class=\"whitespace-normal\"><strong>Tama\u00f1o de las part\u00edculas:<\/strong>Desde 15-45 \u00c3\u00d7m para m\u00e9todos AM, hasta 100 \u00c3\u00d7m para procesos de pulverizaci\u00f3n t\u00e9rmica.<\/li>\n<li class=\"whitespace-normal\"><strong>Morfolog\u00eda:<\/strong>La forma casi esf\u00e9rica del polvo proporciona un flujo y una densidad de empaquetamiento \u00f3ptimos.<\/li>\n<li class=\"whitespace-normal\"><strong>Pureza:<\/strong>Desde la pureza comercial hasta los niveles de pureza ultra alta, en funci\u00f3n de los l\u00edmites de impurezas y los requisitos del proceso.<\/li>\n<li class=\"whitespace-normal\"><strong>Contenido de Ox\u00edgeno:<\/strong>Niveles mantenidos por debajo de 2000 ppm para la mayor\u00eda de las aplicaciones.<\/li>\n<li class=\"whitespace-normal\"><strong>Caudal:<\/strong>Polvo personalizado para caudales excelentes superiores a 25 s\/50 g.<\/li>\n<\/ul>\n<h2>Proveedores mundiales de TA7 en polvo<\/h2>\n<p class=\"whitespace-pre-wrap\">Algunos de los principales proveedores mundiales de polvo TA7 son:<\/p>\n<ul class=\"list-disc pl-8 space-y-2\">\n<li class=\"whitespace-normal\">AP&amp;C (Canad\u00e1)<\/li>\n<li class=\"whitespace-normal\">TLS Technik (Alemania)<\/li>\n<li class=\"whitespace-normal\">Sandvik Osprey (RU)<\/li>\n<li class=\"whitespace-normal\">Tekna (Canad\u00e1)<\/li>\n<li class=\"whitespace-normal\">ECKA Granules (Alemania)<\/li>\n<li class=\"whitespace-normal\">Tecnolog\u00eda del metal (Reino Unido)<\/li>\n<\/ul>\n<p class=\"whitespace-pre-wrap\">Estas empresas producen diversos grados de polvo TA7 adaptados a la fabricaci\u00f3n aditiva, la pulverizaci\u00f3n t\u00e9rmica, la pulvimetalurgia y otras aplicaciones de alta temperatura.<\/p>\n<h2>Precios del polvo TA7<\/h2>\n<p class=\"whitespace-pre-wrap\">El polvo TA7 tiene un precio m\u00e1s elevado que los aceros y las aleaciones de n\u00edquel:<\/p>\n<ul class=\"list-disc pl-8 space-y-2\">\n<li class=\"whitespace-normal\"><strong>Cantidad<\/strong>$100-150 por kg para pedidos a granel superiores a 500 kg. Las cantidades m\u00e1s peque\u00f1as tienen un precio considerablemente superior.<\/li>\n<li class=\"whitespace-normal\"><strong>Calidad<\/strong>El polvo esf\u00e9rico de gran pureza fabricado en condiciones estrictamente controladas mediante procesos avanzados exige un precio superior.<\/li>\n<li class=\"whitespace-normal\"><strong>Proveedor<\/strong>Los grandes proveedores mundiales ofrecen ventajas de costes en comparaci\u00f3n con los peque\u00f1os fabricantes debido a sus mayores vol\u00famenes de producci\u00f3n.<\/li>\n<li class=\"whitespace-normal\"><strong>Geograf\u00eda<\/strong>Los precios var\u00edan de una regi\u00f3n a otra: Europa y Norteam\u00e9rica son mercados m\u00e1s caros que Asia.<\/li>\n<\/ul>\n<p class=\"whitespace-pre-wrap\">Para aplicaciones cr\u00edticas, los compradores deben centrarse en la calidad del polvo m\u00e1s que en el menor coste a la hora de adquirir polvo TA7.<\/p>\n<h2>Almacenamiento y manipulaci\u00f3n del polvo TA7<\/h2>\n<p class=\"whitespace-pre-wrap\">El polvo TA7 requiere un almacenamiento y una manipulaci\u00f3n cuidadosos:<\/p>\n<ul class=\"list-disc pl-8 space-y-2\">\n<li class=\"whitespace-normal\">Debe almacenarse en recipientes herm\u00e9ticos bajo gas inerte como el arg\u00f3n para evitar la oxidaci\u00f3n.<\/li>\n<li class=\"whitespace-normal\">Evitar la acumulaci\u00f3n de polvo fino para minimizar el riesgo de explosiones de polvo.<\/li>\n<li class=\"whitespace-normal\">Utilice EPI, ventilaci\u00f3n, conexi\u00f3n a tierra y pr\u00e1cticas de seguridad adecuadas durante la manipulaci\u00f3n del polvo.<\/li>\n<li class=\"whitespace-normal\">Evitar el contacto del polvo con fuentes de ignici\u00f3n debido al riesgo de inflamabilidad.<\/li>\n<li class=\"whitespace-normal\">Siga las directrices de seguridad aplicables de la FDS del proveedor.<\/li>\n<\/ul>\n<p class=\"whitespace-pre-wrap\">Debe tenerse cuidado al manipular este polvo de aleaci\u00f3n altamente reactivo.<\/p>\n<h2>Inspecci\u00f3n y ensayo del polvo TA7<\/h2>\n<p class=\"whitespace-pre-wrap\">Pruebas clave de control de calidad realizadas en el polvo TA7:<\/p>\n<ul class=\"list-disc pl-8 space-y-2\">\n<li class=\"whitespace-normal\">An\u00e1lisis qu\u00edmico mediante ICP-OES o XRF para garantizar que la composici\u00f3n cumple las especificaciones.<\/li>\n<li class=\"whitespace-normal\">Distribuci\u00f3n del tama\u00f1o de las part\u00edculas mediante difracci\u00f3n l\u00e1ser seg\u00fan la norma ASTM B822.<\/li>\n<li class=\"whitespace-normal\">An\u00e1lisis morfol\u00f3gico mediante im\u00e1genes SEM.<\/li>\n<li class=\"whitespace-normal\">Medici\u00f3n del caudal de polvo mediante caudal\u00edmetro Hall seg\u00fan la norma ASTM B213.<\/li>\n<li class=\"whitespace-normal\">Medici\u00f3n de la densidad por picnometr\u00eda de helio.<\/li>\n<li class=\"whitespace-normal\">An\u00e1lisis de impurezas mediante fusi\u00f3n con gas inerte o ICP-MS.<\/li>\n<li class=\"whitespace-normal\">Caracterizaci\u00f3n microestructural por difracci\u00f3n de rayos X.<\/li>\n<\/ul>\n<p class=\"whitespace-pre-wrap\">Las pruebas exhaustivas garantizan la consistencia de los lotes y la calidad del polvo para la aplicaci\u00f3n prevista.<\/p>\n<h2>Comparaci\u00f3n entre los polvos TA7 e Inconel 718<\/h2>\n<p class=\"whitespace-pre-wrap\">Comparaci\u00f3n de los polvos TA7 e Inconel 718:<\/p>\n<table>\n<thead>\n<tr>\n<th>Par\u00e1metro<\/th>\n<th>TA7<\/th>\n<th>Inconel 718<\/th>\n<\/tr>\n<\/thead>\n<tbody>\n<tr>\n<td>Densidad<\/td>\n<td>3,7-4,0 g\/cm3<\/td>\n<td>8,2 g\/cm3<\/td>\n<\/tr>\n<tr>\n<td>Resistencia a altas temperaturas<\/td>\n<td>Comparable<\/td>\n<td>Comparable<\/td>\n<\/tr>\n<tr>\n<td>Resistencia a la oxidaci\u00f3n<\/td>\n<td>Mejor<\/td>\n<td>Bien<\/td>\n<\/tr>\n<tr>\n<td>Coste<\/td>\n<td>Alto<\/td>\n<td>Inferior<\/td>\n<\/tr>\n<tr>\n<td>Viabilidad<\/td>\n<td>Pobre<\/td>\n<td>Excelente<\/td>\n<\/tr>\n<tr>\n<td>SOLICITUDES<\/td>\n<td>Componentes aeroespaciales<\/td>\n<td>Aerospace, automotriz<\/td>\n<\/tr>\n<tr>\n<td>Disponibilidad<\/td>\n<td>Bajo<\/td>\n<td>Disponible<\/td>\n<\/tr>\n<\/tbody>\n<\/table>\n<p>&nbsp;<\/p>\n<p class=\"whitespace-pre-wrap\">El TA7 ofrece un ahorro de peso con respecto al Inconel 718. Sin embargo, la trabajabilidad y la disponibilidad del polvo de aluminuro de titanio son menores.<\/p>\n<h2>Preguntas frecuentes sobre el polvo TA7<\/h2>\n<p class=\"whitespace-pre-wrap\"><strong>P: \u00bfC\u00f3mo se produce el polvo TA7?<\/strong><\/p>\n<p class=\"whitespace-pre-wrap\">R: El polvo TA7 se produce comercialmente mediante atomizaci\u00f3n con gas, proceso de electrodo giratorio de plasma y aleaci\u00f3n mec\u00e1nica seguida de recocido. La atomizaci\u00f3n con gas ofrece el mejor control de las caracter\u00edsticas del polvo.<\/p>\n<p class=\"whitespace-pre-wrap\"><strong>P: \u00bfCu\u00e1les son las principales aplicaciones del polvo TA7?<\/strong><\/p>\n<p class=\"whitespace-pre-wrap\">R: Las principales aplicaciones del polvo TA7 incluyen la fabricaci\u00f3n aditiva, los recubrimientos por pulverizaci\u00f3n t\u00e9rmica, el moldeo por inyecci\u00f3n de metales y la pulvimetalurgia para fabricar piezas estructurales ligeras que necesiten capacidad para altas temperaturas.<\/p>\n<p class=\"whitespace-pre-wrap\"><strong>P: \u00bfCu\u00e1l es el tama\u00f1o t\u00edpico del polvo TA7 utilizado para la fusi\u00f3n selectiva por l\u00e1ser?<\/strong><\/p>\n<p class=\"whitespace-pre-wrap\">R: Para el proceso SLM, el tama\u00f1o ideal del polvo TA7 es de 15-45 micras con morfolog\u00eda esf\u00e9rica y buena densidad de flujo y empaquetamiento del polvo.<\/p>\n<p class=\"whitespace-pre-wrap\"><strong>P: \u00bfRequiere el polvo TA7 precauciones especiales de manipulaci\u00f3n?<\/strong><\/p>\n<p class=\"whitespace-pre-wrap\">R: S\u00ed, es altamente reactivo y requiere una manipulaci\u00f3n cuidadosa en atm\u00f3sfera inerte utilizando ventilaci\u00f3n adecuada, conexi\u00f3n a tierra y EPI para evitar riesgos de incendio o explosi\u00f3n.<\/p>\n<p class=\"whitespace-pre-wrap\"><strong>P: \u00bfD\u00f3nde puedo comprar polvo TA7 adecuado para piezas aeroespaciales?<\/strong><\/p>\n<p class=\"whitespace-pre-wrap\">R: Para aplicaciones aeroespaciales que requieren ligereza y alta resistencia, el polvo TA7 puede adquirirse a fabricantes l\u00edderes como AP&amp;C, TLS Technik, Sandvik Osprey y Tekna.<\/p>\n<p><\/span><\/span><\/p>","protected":false},"excerpt":{"rendered":"<p>Descripci\u00f3n general del polvo de titanio y aluminio TA7 El TA7 pertenece al sistema de aleaciones intermet\u00e1licas de titanio-aluminio que combina las propiedades ligeras del aluminio con la fuerza y la resistencia a la corrosi\u00f3n del titanio. La proporci\u00f3n casi equiat\u00f3mica de Ti y Al proporciona un excelente equilibrio de propiedades para aplicaciones a temperaturas elevadas. Las principales caracter\u00edsticas del polvo TA7 son: Espec\u00edfica muy alta...<\/p>","protected":false},"featured_media":1772,"parent":0,"template":"","meta":{"_acf_changed":false,"_kad_blocks_custom_css":"","_kad_blocks_head_custom_js":"","_kad_blocks_body_custom_js":"","_kad_blocks_footer_custom_js":"","_kad_post_transparent":"","_kad_post_title":"","_kad_post_layout":"","_kad_post_sidebar_id":"","_kad_post_content_style":"","_kad_post_vertical_padding":"","_kad_post_feature":"","_kad_post_feature_position":"","_kad_post_header":false,"_kad_post_footer":false,"_kad_post_classname":""},"product-category":[119,123],"class_list":["post-3884","product","type-product","status-publish","has-post-thumbnail","hentry","product-category-3d-printing-metal-powder","product-category-titanium-based-alloy-powder"],"acf":[],"taxonomy_info":{"product-category":[{"value":119,"label":"3D Printing Metal Powder"},{"value":123,"label":"Titanium Based Alloy Powder"}]},"featured_image_src_large":["https:\/\/3dpmetal.com\/wp-content\/uploads\/2024\/02\/TA7.jpg",216,216,false],"author_info":[],"comment_info":"","_links":{"self":[{"href":"https:\/\/3dpmetal.com\/es\/wp-json\/wp\/v2\/product\/3884","targetHints":{"allow":["GET"]}}],"collection":[{"href":"https:\/\/3dpmetal.com\/es\/wp-json\/wp\/v2\/product"}],"about":[{"href":"https:\/\/3dpmetal.com\/es\/wp-json\/wp\/v2\/types\/product"}],"wp:featuredmedia":[{"embeddable":true,"href":"https:\/\/3dpmetal.com\/es\/wp-json\/wp\/v2\/media\/1772"}],"wp:attachment":[{"href":"https:\/\/3dpmetal.com\/es\/wp-json\/wp\/v2\/media?parent=3884"}],"wp:term":[{"taxonomy":"product-category","embeddable":true,"href":"https:\/\/3dpmetal.com\/es\/wp-json\/wp\/v2\/product-category?post=3884"}],"curies":[{"name":"wp","href":"https:\/\/api.w.org\/{rel}","templated":true}]}}