{"id":3900,"date":"2024-03-18T06:10:12","date_gmt":"2024-03-18T06:10:12","guid":{"rendered":"https:\/\/3dp.45612300.xyz\/product\/al-2024-powder\/"},"modified":"2024-03-18T06:10:12","modified_gmt":"2024-03-18T06:10:12","slug":"al-2024-powder","status":"publish","type":"product","link":"https:\/\/3dpmetal.com\/es\/product\/al-2024-powder\/","title":{"rendered":"Polvo Al 2024"},"content":{"rendered":"<p><span style=\"vertical-align: inherit;\"><span style=\"vertical-align: inherit;\"><\/p>\n<h2>Informaci\u00f3n general sobre el polvo de Al 2024<\/h2>\n<p class=\"whitespace-pre-wrap\">La aleaci\u00f3n Al 2024 es una de las m\u00e1s populares de la serie 2000 de aleaciones de aluminio forjado, conocida por su resistencia, resistencia a la fatiga, y excelente maquinabilidad y resistencia a la corrosi\u00f3n. Las adiciones de cobre imparten un fortalecimiento sustancial a trav\u00e9s del endurecimiento por precipitaci\u00f3n, al tiempo que conservan la conformabilidad y la soldabilidad.<\/p>\n<p class=\"whitespace-pre-wrap\">Caracter\u00edsticas principales del polvo de Al 2024:<\/p>\n<ul class=\"list-disc pl-8 space-y-2\">\n<li class=\"whitespace-normal\">Alta resistencia con ductilidad y tenacidad moderadas<\/li>\n<li class=\"whitespace-normal\">Excelente resistancia a la fatiga y la rotura<\/li>\n<li class=\"whitespace-normal\">Muy buena trabajabilidad y pulibilidad<\/li>\n<li class=\"whitespace-normal\">Buena soldabilidad y conformabilidad<\/li>\n<li class=\"whitespace-normal\">Alta conductividad t\u00e9rmica y el\u00e9ctrica<\/li>\n<li class=\"whitespace-normal\">Disponible en una gama de tama\u00f1os y formas de polvo<\/li>\n<\/ul>\n<p class=\"whitespace-pre-wrap\">El polvo Al 2024 es adecuado para componentes aeroespaciales y otras aplicaciones de alto rendimiento que necesitan resistencia combinada con capacidades de fabricaci\u00f3n.<\/p>\n<h2>Composici\u00f3n qu\u00edmica del polvo Al 2024<\/h2>\n<p class=\"whitespace-pre-wrap\">La composici\u00f3n t\u00edpica de polvo de Al 2024 es:<\/p>\n<table>\n<thead>\n<tr>\n<th>Elemento<\/th>\n<th>Porcentaje de peso<\/th>\n<\/tr>\n<\/thead>\n<tbody>\n<tr>\n<td>Aluminio (Al)<\/td>\n<td>90.7-94.7%<\/td>\n<\/tr>\n<tr>\n<td>Cobre (Cu)<\/td>\n<td>3.8-4.9%<\/td>\n<\/tr>\n<tr>\n<td>Magnesio (Mg)<\/td>\n<td>1.2-1.8%<\/td>\n<\/tr>\n<tr>\n<td>Manganeso (Mn)<\/td>\n<td>0.3-0.9%<\/td>\n<\/tr>\n<tr>\n<td>Hierro (Fe)<\/td>\n<td>0-0.5%<\/td>\n<\/tr>\n<tr>\n<td>Silicio (Si)<\/td>\n<td>0-0.5%<\/td>\n<\/tr>\n<tr>\n<td>El zinc (Zn)<\/td>\n<td>0-0.25%<\/td>\n<\/tr>\n<tr>\n<td>Cromo (Cr)<\/td>\n<td>0-0.1%<\/td>\n<\/tr>\n<tr>\n<td>Titanio (Ti)<\/td>\n<td>0-0.15%<\/td>\n<\/tr>\n<\/tbody>\n<\/table>\n<p><img loading=\"lazy\" decoding=\"async\" class=\"size-medium wp-image-1409 aligncenter\" src=\"https:\/\/met3dp.com\/wp-content\/uploads\/2023\/09\/ed7a94ec-3c10-4b1b-87ed--300x300.jpg\" alt=\"Polvo Al 2024\" width=\"300\" height=\"300\" title=\"\"><\/p>\n<p class=\"whitespace-pre-wrap\">El cobre es el principal elemento de aleaci\u00f3n, mientras que el magnesio confiere resistencia a trav\u00e9s del endurecimiento por precipitaci\u00f3n. Otros elementos como el manganeso, el hierro y el cromo tienen efectos menores sobre las propiedades mec\u00e1nicas.<\/p>\n<h2>Propiedades del polvo de Al 2024<\/h2>\n<p class=\"whitespace-pre-wrap\">Las propiedades clave del polvo de Al 2024 incluyen:<\/p>\n<table>\n<thead>\n<tr>\n<th>Propiedad<\/th>\n<th>Valor<\/th>\n<\/tr>\n<\/thead>\n<tbody>\n<tr>\n<td>Densidad<\/td>\n<td>2,77 g\/cm3<\/td>\n<\/tr>\n<tr>\n<td>Punto de Fusi\u00f3n<\/td>\n<td>500-638 \u00abC<\/td>\n<\/tr>\n<tr>\n<td>Conductividad t\u00e9rmica<\/td>\n<td>121-190 W\/mK<\/td>\n<\/tr>\n<tr>\n<td>Conductividad el\u00e9ctrica<\/td>\n<td>26-35% IACS<\/td>\n<\/tr>\n<tr>\n<td>M\u00f3dulo de Young<\/td>\n<td>73 GPa<\/td>\n<\/tr>\n<tr>\n<td>Coeficiente de Poisson<\/td>\n<td>0.33<\/td>\n<\/tr>\n<tr>\n<td>Resistencia a la tensi\u00f3n<\/td>\n<td>400-500 MPa<\/td>\n<\/tr>\n<tr>\n<td>Resistencia el\u00e1stica<\/td>\n<td>290-385 MPa.<\/td>\n<\/tr>\n<tr>\n<td>Elongaci\u00f3n<\/td>\n<td>8-20%<\/td>\n<\/tr>\n<tr>\n<td>Dureza<\/td>\n<td>90-150 Vickers<\/td>\n<\/tr>\n<\/tbody>\n<\/table>\n<p>&nbsp;<\/p>\n<p class=\"whitespace-pre-wrap\">Las adiciones de cobre dan como resultado un aumento sustancial en la resistencia manteniendo una ductilidad moderada y una excelente resistencia a la fatiga a trav\u00e9s del endurecimiento por precipitaci\u00f3n. Ofrece una combinaci\u00f3n ideal de propiedades para aplicaciones de alto rendimiento.<\/p>\n<h2>M\u00e9todo de producci\u00f3n para Al 2024 en polvo<\/h2>\n<p class=\"whitespace-pre-wrap\">Los m\u00e9todos de producci\u00f3n comercial para polvo de Al 2024 incluyen:<\/p>\n<ul class=\"list-disc pl-8 space-y-2\">\n<li class=\"whitespace-normal\"><strong>Atomizaci\u00f3n de gas<\/strong>?- El flujo de aleaci\u00f3n fundida se desintegr\u00f3 por chorros inertes de gas de alta presi\u00f3n en polvo esf\u00e9rico fino. Distribuci\u00f3n de tama\u00f1o de part\u00edcula controlada.<\/li>\n<li class=\"whitespace-normal\"><strong>Atomizaci\u00f3n de agua<\/strong>?- Los impactos del chorro de agua de alta velocidad desintegran la corriente de metal fundido para producir un fino polvo irregular.<\/li>\n<li class=\"whitespace-normal\"><strong>Aleaci\u00f3n Mec\u00e1nica<\/strong>- Molienda de bolas de una mezcla de polvos de aluminio y elementos de aleaci\u00f3n, seguida de compactaci\u00f3n en fr\u00edo y sinterizaci\u00f3n.<\/li>\n<li class=\"whitespace-normal\"><strong>Electr\u00f3lisis<\/strong>- Aluminio producido a trav\u00e9s del proceso de electr\u00f3lisis y luego aleado y atomizado.<\/li>\n<\/ul>\n<p class=\"whitespace-pre-wrap\">La atomizaci\u00f3n de gas proporciona el mejor control sobre las caracter\u00edsticas de las part\u00edculas, como el tama\u00f1o, la forma y la microestructura.<\/p>\n<h2>Aplicaciones del polvo de Al 2024<\/h2>\n<p class=\"whitespace-pre-wrap\">Aplicaciones clave del polvo de IA 2024 incluyen:<\/p>\n<ul class=\"list-disc pl-8 space-y-2\">\n<li class=\"whitespace-normal\"><strong>fabricaci\u00f3n aditiva<\/strong>?- Se utiliza en las tecnolog\u00edas de fusi\u00f3n selectiva por l\u00e1ser y de sinterizado l\u00e1ser de metal directo, para producir componentes complejos para los sectores aeroespacial y de la automoci\u00f3n.<\/li>\n<li class=\"whitespace-normal\"><strong>Moldeo por inyecci\u00f3n de metal<\/strong>- Para fabricar piezas peque\u00f1as e intrincadas con buenas propiedades mec\u00e1nicas y resistencia a la corrosi\u00f3n.<\/li>\n<li class=\"whitespace-normal\"><strong>Metalurgia del polvo<\/strong>?- Proceso de prensado y sinterizado para crear piezas de automoci\u00f3n y maquinaria de alto rendimiento.<\/li>\n<li class=\"whitespace-normal\"><strong>Pulverizaci\u00f3n t\u00e9rmica<\/strong>- Spray de plasma o arco para depositar recubrimientos protectores de Al 2024 contra el desgaste y la corrosi\u00f3n.<\/li>\n<li class=\"whitespace-normal\"><strong>Metal de aportacion para soldadura<\/strong>?- Para uso como hilo\/varilla de relleno para soldadura por arco de aleaciones de aluminio. Proporciona una excelente resistencia de la soldadura.<\/li>\n<li class=\"whitespace-normal\"><strong>Pirotecnia.<\/strong>?- A\u00f1adido a composiciones pirot\u00e9cnicas como combustible debido a la inflamabilidad del aluminio.<\/li>\n<\/ul>\n<h2>Especificaciones del polvo de Al 2024<\/h2>\n<p class=\"whitespace-pre-wrap\">El polvo Al 2024 est\u00e1 disponible en distintos rangos de tama\u00f1o, formas y grados, que incluyen:<\/p>\n<ul class=\"list-disc pl-8 space-y-2\">\n<li class=\"whitespace-normal\"><strong>Tama\u00f1o de las part\u00edculas:<\/strong>\u00bfDe 10 a 150 micras para fabricaci\u00f3n aditiva hasta 300 micras para procesos de rociado t\u00e9rmico.<\/li>\n<li class=\"whitespace-normal\"><strong>Morfolog\u00eda:<\/strong>\u00bfPart\u00edculas esf\u00e9ricas, granulares, irregulares y con forma de dendrita? El polvo fino fluye mejor.<\/li>\n<li class=\"whitespace-normal\"><strong>Calificaciones:<\/strong>?Compatible con las especificaciones AMS 4255, ASTM B221, EN 573-3, ISO 209 y otras calidades personalizadas.<\/li>\n<li class=\"whitespace-normal\"><strong>Pureza:<\/strong>?De calidades comerciales a grados de alta pureza seg\u00fan la composici\u00f3n qu\u00edmica y las necesidades de aplicaci\u00f3n.<\/li>\n<\/ul>\n<h2>Proveedores globales de polvo de Al 2024<\/h2>\n<p class=\"whitespace-pre-wrap\">Algunos de los principales proveedores a nivel mundial son:<\/p>\n<ul class=\"list-disc pl-8 space-y-2\">\n<li class=\"whitespace-normal\">Sandvik Osprey (RU)<\/li>\n<li class=\"whitespace-normal\">Valimet Inc. (EUA)<\/li>\n<li class=\"whitespace-normal\">TLS Technik (Alemania)<\/li>\n<li class=\"whitespace-normal\">Grupo de Polvos CNPC (China)<\/li>\n<li class=\"whitespace-normal\">Metal Powder Company (Estados Unidos)<\/li>\n<li class=\"whitespace-normal\">Makin Metal Powders (Reino Unido)<\/li>\n<li class=\"whitespace-normal\">AMETEK Reading Alloys (EE. UU.)<\/li>\n<\/ul>\n<p class=\"whitespace-pre-wrap\">Estas empresas producen polvo de Al 2024 apto para AM, pulverizaci\u00f3n t\u00e9rmica, automoci\u00f3n, aeroespacial y otras aplicaciones exigentes.<\/p>\n<h2>Al 2024 precios de polvo<\/h2>\n<p class=\"whitespace-pre-wrap\">El precio del polvo de Al 2024 depende de factores como:<\/p>\n<ul class=\"list-disc pl-8 space-y-2\">\n<li class=\"whitespace-normal\">Niveles de pureza<\/li>\n<li class=\"whitespace-normal\">Caracter\u00edsticas y calidad del polvo<\/li>\n<li class=\"whitespace-normal\">M\u00e9todo de producci\u00f3n<\/li>\n<li class=\"whitespace-normal\">Cantidad del pedido<\/li>\n<li class=\"whitespace-normal\">Proveedor y ubicaci\u00f3n<\/li>\n<\/ul>\n<table>\n<thead>\n<tr>\n<th>Grado<\/th>\n<th>Rango de precios<\/th>\n<\/tr>\n<\/thead>\n<tbody>\n<tr>\n<td>Comercial<\/td>\n<td>8-15 $ por kg<\/td>\n<\/tr>\n<tr>\n<td>Alta pureza<\/td>\n<td>15-30 d\u00f3lares por kg<\/td>\n<\/tr>\n<tr>\n<td>Ultrafino<\/td>\n<td>30-60 \u20ac por kg<\/td>\n<\/tr>\n<tr>\n<td>Grado especial<\/td>\n<td>$50-100 por kg<\/td>\n<\/tr>\n<\/tbody>\n<\/table>\n<p>&nbsp;<\/p>\n<p class=\"whitespace-pre-wrap\">Las aleaciones atomizadas por gas, de alta pureza y personalizadas son mucho m\u00e1s caras que los grados de polvo comerciales simples.<\/p>\n<h2>Almacenamiento y manipulaci\u00f3n del polvo de Al 2024<\/h2>\n<p class=\"whitespace-pre-wrap\">El polvo Al 2024 requiere un almacenamiento y manejo cuidadoso para prevenir:<\/p>\n<ul class=\"list-disc pl-8 space-y-2\">\n<li class=\"whitespace-normal\">Oxidaci\u00f3n y reacci\u00f3n con la humedad<\/li>\n<li class=\"whitespace-normal\">Explosiones de polvo por ignici\u00f3n de polvo fino<\/li>\n<li class=\"whitespace-normal\">Problemas de salud relacionados con la inhalaci\u00f3n<\/li>\n<li class=\"whitespace-normal\">Deben seguirse las pr\u00e1cticas de seguridad recomendadas por el proveedor<\/li>\n<\/ul>\n<p class=\"whitespace-pre-wrap\">Debe utilizarse protecci\u00f3n contra gases inertes, puesta a tierra adecuada, ventilaci\u00f3n y EPI al manipular el polvo.<\/p>\n<h2>M\u00e9todos de pruebas y caracterizaci\u00f3n<\/h2>\n<p class=\"whitespace-pre-wrap\">Los m\u00e9todos de prueba clave usados para el polvo de Al 2024 incluyen:<\/p>\n<ul class=\"list-disc pl-8 space-y-2\">\n<li class=\"whitespace-normal\">An\u00e1lisis qu\u00edmico mediante espectroscopia OES o XRF<\/li>\n<li class=\"whitespace-normal\">Distribuci\u00f3n de tama\u00f1o de part\u00edcula conforme a la norma ASTM B822<\/li>\n<li class=\"whitespace-normal\">An\u00e1lisis de morfolog\u00eda mediante microscop\u00eda electr\u00f3nica de barrido<\/li>\n<li class=\"whitespace-normal\">Medici\u00f3n del caudal de polvo mediante medidor de flujo Hall<\/li>\n<li class=\"whitespace-normal\">Medici\u00f3n de densidad por picnometr\u00eda de helio<\/li>\n<li class=\"whitespace-normal\">Pruebas de impurezas mediante ICP-MS<\/li>\n<li class=\"whitespace-normal\">Examen microestructural por difracci\u00f3n de rayos X<\/li>\n<\/ul>\n<p class=\"whitespace-pre-wrap\">Estas pruebas aseguran que el polvo cumple con los requisitos de qu\u00edmica, caracter\u00edsticas f\u00edsicas y microestructura seg\u00fan las necesidades de la aplicaci\u00f3n.<\/p>\n<h2>Comparaci\u00f3n entre polvo de Al 2024 y Al 7075<\/h2>\n<p class=\"whitespace-pre-wrap\">Al 2024 y Al 7075 son dos polvos de aleaci\u00f3n de aluminio de alta resistencia comparados:<\/p>\n<table>\n<thead>\n<tr>\n<th>Par\u00e1metro<\/th>\n<th>Para 2024<\/th>\n<th>Al 7075<\/th>\n<\/tr>\n<\/thead>\n<tbody>\n<tr>\n<td>Tipo de aleaci\u00f3n<\/td>\n<td>Tratables con calor<\/td>\n<td>Tratables con calor<\/td>\n<\/tr>\n<tr>\n<td>Contenido de Cu<\/td>\n<td>3.8-4.9%<\/td>\n<td>1.2-2%<\/td>\n<\/tr>\n<tr>\n<td>Contenido de Zn<\/td>\n<td>0-0.25%<\/td>\n<td>5.1-6.1%<\/td>\n<\/tr>\n<tr>\n<td>Fuerza<\/td>\n<td>Alto<\/td>\n<td>Muy alto<\/td>\n<\/tr>\n<tr>\n<td>Tenacidad a la fractura<\/td>\n<td>Alto<\/td>\n<td>Moderado<\/td>\n<\/tr>\n<tr>\n<td>Resistencia a la corrosi\u00f3n<\/td>\n<td>Bien<\/td>\n<td>Moderado<\/td>\n<\/tr>\n<tr>\n<td>Soldabilidad<\/td>\n<td>Justa<\/td>\n<td>Pobre<\/td>\n<\/tr>\n<tr>\n<td>Coste<\/td>\n<td>Inferior<\/td>\n<td>Alto<\/td>\n<\/tr>\n<\/tbody>\n<\/table>\n<p>&nbsp;<\/p>\n<p class=\"whitespace-pre-wrap\">Al 2024 ofrece mejor fabricaci\u00f3n mientras que el Al 7075 proporciona una resistencia muy alta despu\u00e9s del tratamiento t\u00e9rmico. Al 2024 es m\u00e1s rentable.<\/p>\n<h2>Al 2024 Preguntas frecuentes sobre el polvo<\/h2>\n<p class=\"whitespace-pre-wrap\"><strong>Q: \u00bfC\u00f3mo se produce el polvo Al 2024?<\/strong><\/p>\n<p class=\"whitespace-pre-wrap\">R: El polvo 2024 de aluminio se produce comercialmente mediante t\u00e9cnicas de atomizaci\u00f3n de gas, atomizaci\u00f3n de agua, aleaci\u00f3n mec\u00e1nica y electr\u00f3lisis. La atomizaci\u00f3n de gas ofrece el mejor control del tama\u00f1o de part\u00edcula y la morfolog\u00eda.<\/p>\n<p class=\"whitespace-pre-wrap\"><strong>P: \u00bfCu\u00e1les son las principales aplicaciones del polvo de Al 2024?<\/strong><\/p>\n<p class=\"whitespace-pre-wrap\">A: Las aplicaciones principales incluyen fabricaci\u00f3n aditiva, proyecci\u00f3n t\u00e9rmica, metalurgia de polvos, moldeo por inyecci\u00f3n de metal, material de aporte de soldadura y composiciones pirot\u00e9cnicas donde se requiere alta resistencia y buena resistencia a la corrosi\u00f3n.<\/p>\n<p class=\"whitespace-pre-wrap\"><strong>P: \u00bfCu\u00e1l es el tama\u00f1o t\u00edpico de part\u00edcula utilizado para el polvo Al 2024 en AM?<\/strong><\/p>\n<p class=\"whitespace-pre-wrap\">R: En la mayor\u00eda de los procesos de impresi\u00f3n de metal 3D, el rango de tama\u00f1o de part\u00edcula ideal para el polvo Al 2024 es de 15-45 micrones con morfolog\u00eda esf\u00e9rica y buenas caracter\u00edsticas de flujo.<\/p>\n<p class=\"whitespace-pre-wrap\"><strong>P: \u00bfEl polvo de Al 2024 requiere de alguna precauci\u00f3n especial de manejo?<\/strong><\/p>\n<p class=\"whitespace-pre-wrap\">A: S\u00ed, se recomienda manipular polvos de aluminio finos en gases inertes utilizando una conexi\u00f3n a tierra, ventilaci\u00f3n adecuada y EPP adecuados para prevenir el riesgo de incendios y explosiones.<\/p>\n<p class=\"whitespace-pre-wrap\"><strong>P: \u00bfD\u00f3nde puedo comprar polvo de Al 2024 adecuado para componentes aeroespaciales?<\/strong><\/p>\n<p class=\"whitespace-pre-wrap\">A: Empresas como Sandvik Osprey, Valimet Inc., TLS Technik y AMETEK Reading Alloys ofrecen polvos atomizados de Al 2024 de alta pureza que cumplen con los requisitos aeroespaciales.<\/p>\n<p><\/span><\/span><\/p>","protected":false},"excerpt":{"rendered":"<p>Descripci\u00f3n general del polvo de Al 2024 Al 2024 es una de las aleaciones de aluminio forjado m\u00e1s populares de la serie 2000, conocida por su fuerza, resistencia a la fatiga y excelente maquinabilidad y resistencia a la corrosi\u00f3n. Las adiciones de cobre le confieren un refuerzo sustancial mediante el endurecimiento por precipitaci\u00f3n, al tiempo que conserva su conformabilidad y soldabilidad. Las principales caracter\u00edsticas del polvo de Al 2024 son: Alta resistencia con...<\/p>","protected":false},"featured_media":1802,"parent":0,"template":"","meta":{"_acf_changed":false,"_kad_blocks_custom_css":"","_kad_blocks_head_custom_js":"","_kad_blocks_body_custom_js":"","_kad_blocks_footer_custom_js":"","_kad_post_transparent":"","_kad_post_title":"","_kad_post_layout":"","_kad_post_sidebar_id":"","_kad_post_content_style":"","_kad_post_vertical_padding":"","_kad_post_feature":"","_kad_post_feature_position":"","_kad_post_header":false,"_kad_post_footer":false,"_kad_post_classname":""},"product-category":[119,124],"class_list":["post-3900","product","type-product","status-publish","has-post-thumbnail","hentry","product-category-3d-printing-metal-powder","product-category-aluminum-based-alloy-powder"],"acf":[],"taxonomy_info":{"product-category":[{"value":119,"label":"3D Printing Metal Powder"},{"value":124,"label":"Aluminum Based Alloy Powder"}]},"featured_image_src_large":["https:\/\/3dpmetal.com\/wp-content\/uploads\/2024\/02\/GA-Al-2024.png",981,745,false],"author_info":[],"comment_info":"","_links":{"self":[{"href":"https:\/\/3dpmetal.com\/es\/wp-json\/wp\/v2\/product\/3900","targetHints":{"allow":["GET"]}}],"collection":[{"href":"https:\/\/3dpmetal.com\/es\/wp-json\/wp\/v2\/product"}],"about":[{"href":"https:\/\/3dpmetal.com\/es\/wp-json\/wp\/v2\/types\/product"}],"wp:featuredmedia":[{"embeddable":true,"href":"https:\/\/3dpmetal.com\/es\/wp-json\/wp\/v2\/media\/1802"}],"wp:attachment":[{"href":"https:\/\/3dpmetal.com\/es\/wp-json\/wp\/v2\/media?parent=3900"}],"wp:term":[{"taxonomy":"product-category","embeddable":true,"href":"https:\/\/3dpmetal.com\/es\/wp-json\/wp\/v2\/product-category?post=3900"}],"curies":[{"name":"wp","href":"https:\/\/api.w.org\/{rel}","templated":true}]}}