{"id":3903,"date":"2024-03-18T06:10:12","date_gmt":"2024-03-18T06:10:12","guid":{"rendered":"https:\/\/3dp.45612300.xyz\/product\/al-3003-powder\/"},"modified":"2024-03-18T06:10:12","modified_gmt":"2024-03-18T06:10:12","slug":"al-3003-powder","status":"publish","type":"product","link":"https:\/\/3dpmetal.com\/es\/product\/al-3003-powder\/","title":{"rendered":"Al 3003 polvo"},"content":{"rendered":"<p><span style=\"vertical-align: inherit;\"><span style=\"vertical-align: inherit;\"><\/p>\n<h2>Descripci\u00f3n general del polvo de Al 3003<\/h2>\n<p class=\"whitespace-pre-wrap\">El aluminio Al 3003 o 3A21 es una aleaci\u00f3n forjada conocida por su buena conformabilidad en fr\u00edo, soldabilidad y resistencia a la corrosi\u00f3n. Las adiciones de manganeso aumentan la resistencia mediante el refuerzo de la soluci\u00f3n s\u00f3lida, al tiempo que mantienen la trabajabilidad.<\/p>\n<p class=\"whitespace-pre-wrap\">Las principales caracter\u00edsticas del polvo de Al 3003 son<\/p>\n<ul class=\"list-disc pl-8 space-y-2\">\n<li class=\"whitespace-normal\">Resistencia moderada con buena ductilidad<\/li>\n<li class=\"whitespace-normal\">Excelente conformabilidad y soldabilidad<\/li>\n<li class=\"whitespace-normal\">Buena resistencia a la corrosi\u00f3n<\/li>\n<li class=\"whitespace-normal\">Alta conductividad t\u00e9rmica y el\u00e9ctrica<\/li>\n<li class=\"whitespace-normal\">Baja densidad<\/li>\n<li class=\"whitespace-normal\">Disponible en varios tama\u00f1os y formas de polvo<\/li>\n<\/ul>\n<p class=\"whitespace-pre-wrap\">El polvo de Al 3003 se utiliza ampliamente en tanques qu\u00edmicos, tuber\u00edas, piezas de autom\u00f3viles, intercambiadores de calor, utensilios y otras aplicaciones que requieren una resistencia moderada, conformabilidad y resistencia a la corrosi\u00f3n.<\/p>\n<h2>Composici\u00f3n qu\u00edmica del polvo de Al 3003<\/h2>\n<p class=\"whitespace-pre-wrap\">La composici\u00f3n qu\u00edmica t\u00edpica del polvo de Al 3003 es:<\/p>\n<table>\n<thead>\n<tr>\n<th>Elemento<\/th>\n<th>Porcentaje de peso<\/th>\n<\/tr>\n<\/thead>\n<tbody>\n<tr>\n<td>Aluminio (Al)<\/td>\n<td>Equilibrio<\/td>\n<\/tr>\n<tr>\n<td>Manganeso (Mn)<\/td>\n<td>1.0-1.5%<\/td>\n<\/tr>\n<tr>\n<td>Hierro (Fe)<\/td>\n<td>0,7 % m\u00e1ximo<\/td>\n<\/tr>\n<tr>\n<td>Silicio (Si)<\/td>\n<td>M\u00e1x. 0,6 %<\/td>\n<\/tr>\n<tr>\n<td>Cobre (Cu)<\/td>\n<td>0.05-0.20%<\/td>\n<\/tr>\n<tr>\n<td>El zinc (Zn)<\/td>\n<td>M\u00e1x. 0,10 %<\/td>\n<\/tr>\n<tr>\n<td>Magnesio (Mg)<\/td>\n<td>M\u00e1x. 0,10 %<\/td>\n<\/tr>\n<tr>\n<td>Cromo (Cr)<\/td>\n<td>M\u00e1x. 0,10 %<\/td>\n<\/tr>\n<\/tbody>\n<\/table>\n<p><img loading=\"lazy\" decoding=\"async\" class=\"alignnone size-medium wp-image-1409\" src=\"https:\/\/met3dp.com\/wp-content\/uploads\/2023\/09\/ed7a94ec-3c10-4b1b-87ed--300x300.jpg\" alt=\"Al 3003 polvo\" width=\"300\" height=\"300\" title=\"\"><\/p>\n<p class=\"whitespace-pre-wrap\">El manganeso es el principal elemento de aleaci\u00f3n del aluminio 3003. El hierro, el silicio y el cobre est\u00e1n presentes como elementos de impureza. La composici\u00f3n se controla para garantizar unas propiedades \u00f3ptimas.<\/p>\n<h2>Propiedades del polvo de Al 3003<\/h2>\n<p class=\"whitespace-pre-wrap\">El polvo de Al 3003 posee las siguientes propiedades:<\/p>\n<table>\n<thead>\n<tr>\n<th>Propiedad<\/th>\n<th>Valor<\/th>\n<\/tr>\n<\/thead>\n<tbody>\n<tr>\n<td>Densidad<\/td>\n<td>2,73 g\/cm3<\/td>\n<\/tr>\n<tr>\n<td>Punto de Fusi\u00f3n<\/td>\n<td>645-650\u00a1\"C<\/td>\n<\/tr>\n<tr>\n<td>Conductividad t\u00e9rmica<\/td>\n<td>180 W\/mK<\/td>\n<\/tr>\n<tr>\n<td>Conductividad el\u00e9ctrica<\/td>\n<td>43-44% IACS<\/td>\n<\/tr>\n<tr>\n<td>M\u00f3dulo de Young<\/td>\n<td>68-72 GPa<\/td>\n<\/tr>\n<tr>\n<td>Coeficiente de Poisson<\/td>\n<td>0.33<\/td>\n<\/tr>\n<tr>\n<td>Resistencia a la tensi\u00f3n<\/td>\n<td>145-185 MPa<\/td>\n<\/tr>\n<tr>\n<td>Resistencia el\u00e1stica<\/td>\n<td>110-140 MPa<\/td>\n<\/tr>\n<tr>\n<td>Elongaci\u00f3n<\/td>\n<td>12-20%<\/td>\n<\/tr>\n<tr>\n<td>Dureza<\/td>\n<td>35-55 Brinell<\/td>\n<\/tr>\n<\/tbody>\n<\/table>\n<p>&nbsp;<\/p>\n<p class=\"whitespace-pre-wrap\">La aleaci\u00f3n ofrece una resistencia moderada con una excelente ductilidad y conformabilidad. Presenta una buena resistencia a la corrosi\u00f3n atmosf\u00e9rica. La conductividad t\u00e9rmica y el\u00e9ctrica es elevada.<\/p>\n<h2>M\u00e9todo de producci\u00f3n de polvo de Al 3003<\/h2>\n<p class=\"whitespace-pre-wrap\">Los procesos de producci\u00f3n comerciales utilizados para el polvo de Al 3003 incluyen:<\/p>\n<ul class=\"list-disc pl-8 space-y-2\">\n<li class=\"whitespace-normal\"><strong>Atomizaci\u00f3n de gas<\/strong>Corriente de aleaci\u00f3n fundida desintegrada por chorros de gas inerte a alta presi\u00f3n en finos polvos esf\u00e9ricos.<\/li>\n<li class=\"whitespace-normal\"><strong>Atomizaci\u00f3n de agua<\/strong>El chorro de agua a alta velocidad impacta y desintegra la corriente de metal fundido para producir polvos finos.<\/li>\n<li class=\"whitespace-normal\"><strong>Mecanizado<\/strong>Molienda con bolas de copos\/polvos de aluminio para obtener part\u00edculas de tama\u00f1o y caracter\u00edsticas m\u00e1s finas.<\/li>\n<li class=\"whitespace-normal\"><strong>Electr\u00f3lisis<\/strong>Aluminio producido por electr\u00f3lisis y molido en polvo fino. Menor pureza.<\/li>\n<\/ul>\n<p class=\"whitespace-pre-wrap\">La atomizaci\u00f3n con gas proporciona el mejor control sobre la distribuci\u00f3n del tama\u00f1o de las part\u00edculas, la morfolog\u00eda y la microestructura del polvo.<\/p>\n<h2>Aplicaciones del polvo de Al 3003<\/h2>\n<p class=\"whitespace-pre-wrap\">El polvo de Al 3003 se utiliza en las siguientes aplicaciones principales:<\/p>\n<ul class=\"list-disc pl-8 space-y-2\">\n<li class=\"whitespace-normal\"><strong>fabricaci\u00f3n aditiva<\/strong>Fusi\u00f3n selectiva por l\u00e1ser, inyecci\u00f3n de aglutinante y otros procesos de impresi\u00f3n 3D para producir componentes complejos.<\/li>\n<li class=\"whitespace-normal\"><strong>Metalurgia del polvo<\/strong>Compactaci\u00f3n y sinterizaci\u00f3n para crear piezas con buenas propiedades mec\u00e1nicas y mecanizables.<\/li>\n<li class=\"whitespace-normal\"><strong>Moldeo por inyecci\u00f3n de metal<\/strong>Fabricar peque\u00f1os componentes intrincados para la industria automovil\u00edstica y electr\u00f3nica.<\/li>\n<li class=\"whitespace-normal\"><strong>Pulverizaci\u00f3n t\u00e9rmica<\/strong>Pulverizaci\u00f3n por arco de alambre para depositar revestimientos de Al 3003 que ofrecen una resistencia moderada al desgaste y la corrosi\u00f3n.<\/li>\n<li class=\"whitespace-normal\"><strong>Metal de aportacion para soldadura<\/strong>Se utiliza como alambre de relleno para la soldadura por arco y la reparaci\u00f3n de componentes de aluminio.<\/li>\n<li class=\"whitespace-normal\"><strong>Pigmentos<\/strong>Se utiliza en pinturas y revestimientos para proporcionar brillo y protecci\u00f3n contra la corrosi\u00f3n.<\/li>\n<li class=\"whitespace-normal\"><strong>Pirotecnia.<\/strong>?- A\u00f1adido a composiciones pirot\u00e9cnicas como combustible debido a la inflamabilidad del aluminio.<\/li>\n<\/ul>\n<h2>Especificaciones del polvo de Al 3003<\/h2>\n<p class=\"whitespace-pre-wrap\">El polvo de Al 3003 est\u00e1 disponible en diferentes tama\u00f1os, formas y niveles de pureza:<\/p>\n<ul class=\"list-disc pl-8 space-y-2\">\n<li class=\"whitespace-normal\"><strong>Tama\u00f1o de las part\u00edculas:<\/strong>Desde 10-150 micras para m\u00e9todos AM, hasta 300 micras para pulverizaci\u00f3n t\u00e9rmica.<\/li>\n<li class=\"whitespace-normal\"><strong>Morfolog\u00eda:<\/strong>Part\u00edculas esf\u00e9ricas, granulares, en copos e irregulares. El polvo liso fluye mejor.<\/li>\n<li class=\"whitespace-normal\"><strong>Pureza:<\/strong>Desde grados comerciales hasta grados de alta pureza (99,8%) adaptados a las aplicaciones.<\/li>\n<li class=\"whitespace-normal\"><strong>Fluidez:<\/strong>Polvo personalizado para caudales superiores a 25 s\/50 g.<\/li>\n<li class=\"whitespace-normal\"><strong>Calificaciones:<\/strong>Conforme a ASTM B209, EN 573-3, ISO 209:2007, etc. Se ofrecen grados personalizados.<\/li>\n<\/ul>\n<h2>Proveedores mundiales de Al 3003 en polvo<\/h2>\n<p class=\"whitespace-pre-wrap\">Algunos de los principales proveedores de polvo de Al 3003 a nivel mundial son:<\/p>\n<ul class=\"list-disc pl-8 space-y-2\">\n<li class=\"whitespace-normal\">Valimet Inc, EE.UU.<\/li>\n<li class=\"whitespace-normal\">Makin Metal Powders, Reino Unido<\/li>\n<li class=\"whitespace-normal\">Metal Powder Company, EE.UU.<\/li>\n<li class=\"whitespace-normal\">Shanghai Chaowei Nanotechnology, China<\/li>\n<li class=\"whitespace-normal\">AMETEK Reading Alloys, EE.UU.<\/li>\n<li class=\"whitespace-normal\">CNPC Powder Group, China<\/li>\n<li class=\"whitespace-normal\">SCM Metal Products, EE.UU.<\/li>\n<\/ul>\n<p class=\"whitespace-pre-wrap\">Estas empresas producen polvo de Al 3003 apto para fabricaci\u00f3n aditiva, proyecci\u00f3n t\u00e9rmica, soldadura, pulvimetalurgia y otros usos.<\/p>\n<h2>Al 3003 Polvo Precios<\/h2>\n<p class=\"whitespace-pre-wrap\">El precio del polvo de Al 3003 depende de factores como:<\/p>\n<ul class=\"list-disc pl-8 space-y-2\">\n<li class=\"whitespace-normal\">Niveles de pureza<\/li>\n<li class=\"whitespace-normal\">Distribuci\u00f3n de granulometr\u00eda<\/li>\n<li class=\"whitespace-normal\">Caracter\u00edsticas del polvo<\/li>\n<li class=\"whitespace-normal\">Cantidad del pedido<\/li>\n<li class=\"whitespace-normal\">Procesamiento adicional<\/li>\n<li class=\"whitespace-normal\">Proveedor y ubicaci\u00f3n<\/li>\n<\/ul>\n<table>\n<thead>\n<tr>\n<th>Grado<\/th>\n<th>Rango de precios<\/th>\n<\/tr>\n<\/thead>\n<tbody>\n<tr>\n<td>Comercial<\/td>\n<td>$3-8 por kg<\/td>\n<\/tr>\n<tr>\n<td>Alta pureza<\/td>\n<td>8-15 $ por kg<\/td>\n<\/tr>\n<tr>\n<td>Ultrafino<\/td>\n<td>15-30 d\u00f3lares por kg<\/td>\n<\/tr>\n<tr>\n<td>Grado especial<\/td>\n<td>30-60 \u20ac por kg<\/td>\n<\/tr>\n<\/tbody>\n<\/table>\n<p>&nbsp;<\/p>\n<p class=\"whitespace-pre-wrap\">Los polvos ultrafinos, esf\u00e9ricos y atomizados con gas tienen un precio mucho m\u00e1s elevado que los comerciales normales.<\/p>\n<h2>Almacenamiento y manipulaci\u00f3n del polvo de Al 3003<\/h2>\n<p class=\"whitespace-pre-wrap\">El polvo de Al 3003 debe almacenarse y manipularse adecuadamente para evitar:<\/p>\n<ul class=\"list-disc pl-8 space-y-2\">\n<li class=\"whitespace-normal\">Oxidaci\u00f3n y reacci\u00f3n con la humedad<\/li>\n<li class=\"whitespace-normal\">Explosiones de polvo por ignici\u00f3n de p\u00f3lvora<\/li>\n<li class=\"whitespace-normal\">La inhalaci\u00f3n de polvo fino provoca problemas de salud<\/li>\n<li class=\"whitespace-normal\">Deben seguirse las pr\u00e1cticas de seguridad aconsejadas por el proveedor<\/li>\n<\/ul>\n<p class=\"whitespace-pre-wrap\">Almacenamiento de gas inerte, ventilaci\u00f3n adecuada, toma de tierra y EPI son recomendables al manipular el polvo.<\/p>\n<h2>M\u00e9todos de pruebas y caracterizaci\u00f3n<\/h2>\n<p class=\"whitespace-pre-wrap\">Los principales m\u00e9todos de ensayo utilizados para el polvo de Al 3003 incluyen:<\/p>\n<ul class=\"list-disc pl-8 space-y-2\">\n<li class=\"whitespace-normal\">An\u00e1lisis qu\u00edmico con OES o XRF para la composici\u00f3n<\/li>\n<li class=\"whitespace-normal\">Distribuci\u00f3n de tama\u00f1o de part\u00edcula conforme a la norma ASTM B822<\/li>\n<li class=\"whitespace-normal\">An\u00e1lisis morfol\u00f3gico a trav\u00e9s de im\u00e1genes SEM<\/li>\n<li class=\"whitespace-normal\">Medici\u00f3n del caudal mediante embudo Hall<\/li>\n<li class=\"whitespace-normal\">Determinaci\u00f3n de la densidad mediante picnometr\u00eda de helio<\/li>\n<li class=\"whitespace-normal\">Pruebas de impurezas mediante ICP-MS<\/li>\n<li class=\"whitespace-normal\">Examen microestructural por difracci\u00f3n de rayos X<\/li>\n<\/ul>\n<p class=\"whitespace-pre-wrap\">Estos m\u00e9todos de ensayo garantizan una calidad fiable y constante del polvo de aleaci\u00f3n de aluminio.<\/p>\n<h2>Comparaci\u00f3n entre los polvos Al 3003 y Al 6061<\/h2>\n<p class=\"whitespace-pre-wrap\">Al 3003 y Al 6061 son dos polvos de aleaci\u00f3n de aluminio comparados:<\/p>\n<table>\n<thead>\n<tr>\n<th>Par\u00e1metro<\/th>\n<th>Hasta el 3003<\/th>\n<th>Al 6061<\/th>\n<\/tr>\n<\/thead>\n<tbody>\n<tr>\n<td>Tipo de aleaci\u00f3n<\/td>\n<td>No tratable con calor<\/td>\n<td>Tratables con calor<\/td>\n<\/tr>\n<tr>\n<td>Contenido de Mn<\/td>\n<td>1.0-1.5%<\/td>\n<td>0,15% m\u00e1x<\/td>\n<\/tr>\n<tr>\n<td>contenido Mg<\/td>\n<td>0,1 % m\u00e1ximo<\/td>\n<td>0.8-1.2%<\/td>\n<\/tr>\n<tr>\n<td>Fuerza<\/td>\n<td>Moderado<\/td>\n<td>Alto<\/td>\n<\/tr>\n<tr>\n<td>Resistencia a la corrosi\u00f3n<\/td>\n<td>Bien<\/td>\n<td>Excelente<\/td>\n<\/tr>\n<tr>\n<td>Soldabilidad<\/td>\n<td>Excelente<\/td>\n<td>Bien<\/td>\n<\/tr>\n<tr>\n<td>Coste<\/td>\n<td>Inferior<\/td>\n<td>Alto<\/td>\n<\/tr>\n<tr>\n<td>SOLICITUDES<\/td>\n<td>Dep\u00f3sitos qu\u00edmicos, utensilios<\/td>\n<td>Aeroespacial, piezas de autom\u00f3vil<\/td>\n<\/tr>\n<\/tbody>\n<\/table>\n<p>&nbsp;<\/p>\n<p class=\"whitespace-pre-wrap\">El Al 6061 ofrece una mayor resistencia, mientras que el Al 3003 proporciona una mejor soldabilidad y conformabilidad a un coste inferior.<\/p>\n<h2>Al 3003 Polvo Preguntas frecuentes<\/h2>\n<p class=\"whitespace-pre-wrap\"><strong>P: \u00bfC\u00f3mo se produce el polvo de Al 3003?<\/strong><\/p>\n<p class=\"whitespace-pre-wrap\">R: El polvo de Al 3003 se produce comercialmente mediante atomizaci\u00f3n con gas, atomizaci\u00f3n con agua, fresado mec\u00e1nico y procesos de electr\u00f3lisis. La atomizaci\u00f3n con gas ofrece el mejor control de las caracter\u00edsticas de las part\u00edculas.<\/p>\n<p class=\"whitespace-pre-wrap\"><strong>P: \u00bfCu\u00e1les son las principales aplicaciones del polvo de Al 3003?<\/strong><\/p>\n<p class=\"whitespace-pre-wrap\">R: Las principales aplicaciones son la fabricaci\u00f3n aditiva, la pulverizaci\u00f3n t\u00e9rmica, la pulvimetalurgia, el moldeo por inyecci\u00f3n de metales, el relleno de soldaduras, los pigmentos y las composiciones pirot\u00e9cnicas.<\/p>\n<p class=\"whitespace-pre-wrap\"><strong>P: \u00bfCu\u00e1l es el tama\u00f1o t\u00edpico del polvo de Al 3003 utilizado para el sinterizado por l\u00e1ser?<\/strong><\/p>\n<p class=\"whitespace-pre-wrap\">R: Para el proceso de sinterizado selectivo por l\u00e1ser, el tama\u00f1o del polvo com\u00fan de Al 3003 es de 20-53 micras con morfolog\u00eda esf\u00e9rica para una densidad \u00f3ptima del lecho de polvo.<\/p>\n<p class=\"whitespace-pre-wrap\"><strong>P: \u00bfRequiere el polvo de Al 3003 alguna precauci\u00f3n especial de manipulaci\u00f3n?<\/strong><\/p>\n<p class=\"whitespace-pre-wrap\">R: S\u00ed, los polvos de aluminio pueden ser inflamables y plantear riesgos de explosi\u00f3n. Se recomienda manipularlos con cuidado en atm\u00f3sfera inerte, utilizando una toma de tierra, ventilaci\u00f3n y EPI adecuados.<\/p>\n<p class=\"whitespace-pre-wrap\"><strong>P: \u00bfD\u00f3nde puedo conseguir polvo de Al 3003 adecuado para recubrimientos por pulverizaci\u00f3n t\u00e9rmica?<\/strong><\/p>\n<p class=\"whitespace-pre-wrap\">R: Empresas como Valimet, Makin Metal Powders y AMETEK ofrecen calidades de Al 3003 adecuadas para recubrimientos por proyecci\u00f3n de arco de alambre y proyecci\u00f3n de llama que necesitan una resistencia moderada al desgaste y a la corrosi\u00f3n.<\/p>\n<p><\/span><\/span><\/p>","protected":false},"excerpt":{"rendered":"<p>Al 3003 o aluminio 3A21 es una aleaci\u00f3n forjada conocida por su buena conformabilidad en fr\u00edo, soldabilidad y resistencia a la corrosi\u00f3n. Las adiciones de manganeso mejoran la resistencia mediante el refuerzo de la soluci\u00f3n s\u00f3lida, manteniendo al mismo tiempo la trabajabilidad. Las principales caracter\u00edsticas del polvo de Al 3003 son Resistencia moderada con buena ductilidad Excelente conformabilidad y soldabilidad Buena resistencia a la corrosi\u00f3n...<\/p>","protected":false},"featured_media":1808,"parent":0,"template":"","meta":{"_acf_changed":false,"_kad_blocks_custom_css":"","_kad_blocks_head_custom_js":"","_kad_blocks_body_custom_js":"","_kad_blocks_footer_custom_js":"","_kad_post_transparent":"","_kad_post_title":"","_kad_post_layout":"","_kad_post_sidebar_id":"","_kad_post_content_style":"","_kad_post_vertical_padding":"","_kad_post_feature":"","_kad_post_feature_position":"","_kad_post_header":false,"_kad_post_footer":false,"_kad_post_classname":""},"product-category":[119,124],"class_list":["post-3903","product","type-product","status-publish","has-post-thumbnail","hentry","product-category-3d-printing-metal-powder","product-category-aluminum-based-alloy-powder"],"acf":[],"taxonomy_info":{"product-category":[{"value":119,"label":"3D Printing Metal Powder"},{"value":124,"label":"Aluminum Based Alloy Powder"}]},"featured_image_src_large":["https:\/\/3dpmetal.com\/wp-content\/uploads\/2024\/02\/Al-3003-powder.png",385,318,false],"author_info":[],"comment_info":"","_links":{"self":[{"href":"https:\/\/3dpmetal.com\/es\/wp-json\/wp\/v2\/product\/3903","targetHints":{"allow":["GET"]}}],"collection":[{"href":"https:\/\/3dpmetal.com\/es\/wp-json\/wp\/v2\/product"}],"about":[{"href":"https:\/\/3dpmetal.com\/es\/wp-json\/wp\/v2\/types\/product"}],"wp:featuredmedia":[{"embeddable":true,"href":"https:\/\/3dpmetal.com\/es\/wp-json\/wp\/v2\/media\/1808"}],"wp:attachment":[{"href":"https:\/\/3dpmetal.com\/es\/wp-json\/wp\/v2\/media?parent=3903"}],"wp:term":[{"taxonomy":"product-category","embeddable":true,"href":"https:\/\/3dpmetal.com\/es\/wp-json\/wp\/v2\/product-category?post=3903"}],"curies":[{"name":"wp","href":"https:\/\/api.w.org\/{rel}","templated":true}]}}