{"id":3904,"date":"2024-03-18T06:10:12","date_gmt":"2024-03-18T06:10:12","guid":{"rendered":"https:\/\/3dp.45612300.xyz\/product\/al-3103-powder\/"},"modified":"2024-03-18T06:10:12","modified_gmt":"2024-03-18T06:10:12","slug":"al-3103-powder","status":"publish","type":"product","link":"https:\/\/3dpmetal.com\/es\/product\/al-3103-powder\/","title":{"rendered":"Al 3103 polvo"},"content":{"rendered":"<p><span style=\"vertical-align: inherit;\"><span style=\"vertical-align: inherit;\"><\/p>\n<h2>Descripci\u00f3n general del polvo Al 3103<\/h2>\n<p class=\"whitespace-pre-wrap\">Al 3103 es una aleaci\u00f3n de aluminio deformado que no se puede tratar t\u00e9rmicamente; es conocida por su excelente resistencia a la corrosi\u00f3n, su buena conformabilidad y soldabilidad. Los a\u00f1adidos de manganeso mejoran la resistencia a trav\u00e9s del fortalecimiento de la soluci\u00f3n s\u00f3lida, al tiempo que se mantiene una excelente ductilidad.<\/p>\n<p class=\"whitespace-pre-wrap\">Las principales caracter\u00edsticas del polvo de Al 3103 incluyen:<\/p>\n<ul class=\"list-disc pl-8 space-y-2\">\n<li class=\"whitespace-normal\">Resistencia moderada con gran ductilidad y dureza<\/li>\n<li class=\"whitespace-normal\">Excelentes capacidad de soldabilidad y maleabilidad<\/li>\n<li class=\"whitespace-normal\">Muy buena resistencia a la corrosi\u00f3n<\/li>\n<li class=\"whitespace-normal\">Alta conductividad t\u00e9rmica y el\u00e9ctrica<\/li>\n<li class=\"whitespace-normal\">Baja densidad<\/li>\n<li class=\"whitespace-normal\">Disponible en varias distribuciones de tama\u00f1o de part\u00edcula<\/li>\n<\/ul>\n<p class=\"whitespace-pre-wrap\">El polvo al 3103 es adecuado para aplicaciones como tanques qu\u00edmicos, equipo para procesamiento de alimentos, intercambiadores de calor, camiones cisterna, utensilios, etc., que necesitan una resistencia moderada combinada con una resistencia a la corrosi\u00f3n excelente.<\/p>\n<h2>Composici\u00f3n qu\u00edmica del polvo Al 3103<\/h2>\n<p class=\"whitespace-pre-wrap\">La composici\u00f3n qu\u00edmica t\u00edpica del polvo de Al 3103 es:<\/p>\n<table>\n<thead>\n<tr>\n<th>Elemento<\/th>\n<th>Porcentaje de peso<\/th>\n<\/tr>\n<\/thead>\n<tbody>\n<tr>\n<td>Aluminio (Al)<\/td>\n<td>Equilibrio<\/td>\n<\/tr>\n<tr>\n<td>Manganeso (Mn)<\/td>\n<td>1.0-1.5%<\/td>\n<\/tr>\n<tr>\n<td>Silicio (Si)<\/td>\n<td>M\u00e1x. 0,6 %<\/td>\n<\/tr>\n<tr>\n<td>Hierro (Fe)<\/td>\n<td>0,7 % m\u00e1ximo<\/td>\n<\/tr>\n<tr>\n<td>Cobre (Cu)<\/td>\n<td>M\u00e1x. 0,10 %<\/td>\n<\/tr>\n<tr>\n<td>Magnesio (Mg)<\/td>\n<td>M\u00e1x. 0,10 %<\/td>\n<\/tr>\n<tr>\n<td>El zinc (Zn)<\/td>\n<td>M\u00e1x. 0,10 %<\/td>\n<\/tr>\n<tr>\n<td>Cromo (Cr)<\/td>\n<td>0.05-0.20%<\/td>\n<\/tr>\n<\/tbody>\n<\/table>\n<p>&nbsp;<\/p>\n<p class=\"whitespace-pre-wrap\">El manganeso es el principal elemento de aleaci\u00f3n en el aluminio 3103. El hierro, el silicio, el cobre y el zinc est\u00e1n presentes como elementos de impureza con l\u00edmites espec\u00edficos.<\/p>\n<h2>Propiedades del polvo Al 3103<\/h2>\n<p class=\"whitespace-pre-wrap\">Entre las propiedades clave del polvo Al 3103 destacan:<\/p>\n<table>\n<thead>\n<tr>\n<th>Propiedad<\/th>\n<th>Valor<\/th>\n<\/tr>\n<\/thead>\n<tbody>\n<tr>\n<td>Densidad<\/td>\n<td>2,73 g\/cm3<\/td>\n<\/tr>\n<tr>\n<td>Punto de Fusi\u00f3n<\/td>\n<td>630-654 \u00a1\u00ab C<\/td>\n<\/tr>\n<tr>\n<td>Conductividad t\u00e9rmica<\/td>\n<td>130 W\/mK<\/td>\n<\/tr>\n<tr>\n<td>Conductividad el\u00e9ctrica<\/td>\n<td>41-43% IACS<\/td>\n<\/tr>\n<tr>\n<td>M\u00f3dulo de Young<\/td>\n<td>70 GPa<\/td>\n<\/tr>\n<tr>\n<td>Coeficiente de Poisson<\/td>\n<td>0.33<\/td>\n<\/tr>\n<tr>\n<td>Resistencia a la tensi\u00f3n<\/td>\n<td>110-180 MPa<\/td>\n<\/tr>\n<tr>\n<td>Resistencia el\u00e1stica<\/td>\n<td>55-110 MPa<\/td>\n<\/tr>\n<tr>\n<td>Elongaci\u00f3n<\/td>\n<td>18-30%<\/td>\n<\/tr>\n<tr>\n<td>Dureza<\/td>\n<td>25-55 Brinell<\/td>\n<\/tr>\n<\/tbody>\n<\/table>\n<p>&nbsp;<\/p>\n<p class=\"whitespace-pre-wrap\">La aleaci\u00f3n proporciona una resistencia moderada con una excelente ductilidad, tenacidad y maleabilidad. Tiene una muy buena resistencia a los ambientes marinos y atmosf\u00e9ricos.<\/p>\n<p><img loading=\"lazy\" decoding=\"async\" class=\"alignnone size-medium wp-image-1409\" src=\"https:\/\/met3dp.com\/wp-content\/uploads\/2023\/09\/ed7a94ec-3c10-4b1b-87ed--300x300.jpg\" alt=\"Al 3103 polvo\" width=\"300\" height=\"300\" title=\"\"><\/p>\n<h2>M\u00e9todo de producci\u00f3n del polvo de Al 3103<\/h2>\n<p class=\"whitespace-pre-wrap\">Los m\u00e9todos de producci\u00f3n comunes para polvo de Al 3103 incluyen:<\/p>\n<ul class=\"list-disc pl-8 space-y-2\">\n<li class=\"whitespace-normal\"><strong>Atomizaci\u00f3n de gas<\/strong>? - La corriente de aleaci\u00f3n fundida que se desintegra con chorros de gas inerte para formar un polvo esf\u00e9rico fino con una distribuci\u00f3n de tama\u00f1o controlada.<\/li>\n<li class=\"whitespace-normal\"><strong>Atomizaci\u00f3n de agua<\/strong>?- Se us\u00f3 un chorro de agua a alta velocidad para producir finas part\u00edculas irregulares de Al 3103. M\u00e1s econ\u00f3mico, pero con mayor contenido de ox\u00edgeno.<\/li>\n<li class=\"whitespace-normal\"><strong>Aleaci\u00f3n Mec\u00e1nica<\/strong>?- Molienda de bolas de aluminio y manganeso en polvo, seguida de compactaci\u00f3n en fr\u00edo y sinterizaci\u00f3n.<\/li>\n<\/ul>\n<p class=\"whitespace-pre-wrap\">La atomizaci\u00f3n de gas proporciona el mejor control sobre las caracter\u00edsticas del polvo como el tama\u00f1o de part\u00edcula, la forma y la microestructura.<\/p>\n<h2>Aplicaciones del polvo de Al 3103<\/h2>\n<p class=\"whitespace-pre-wrap\">Las aplicaciones t\u00edpicas del polvo de Al 3103 incluyen:<\/p>\n<ul class=\"list-disc pl-8 space-y-2\">\n<li class=\"whitespace-normal\"><strong>fabricaci\u00f3n aditiva<\/strong>: apto para la uni\u00f3n de chorro y procesos de fusi\u00f3n selectiva por l\u00e1ser para producir piezas de aluminio complejas.<\/li>\n<li class=\"whitespace-normal\"><strong>Metalurgia del polvo<\/strong>- Proceso de prensado y sinterizado para crear partes con buenas propiedades mec\u00e1nicas y maquinabilidad.<\/li>\n<li class=\"whitespace-normal\"><strong>Moldeo por inyecci\u00f3n de metal<\/strong>? - Fabricar componentes intrincados peque\u00f1os que necesiten una resistencia moderada y una resistencia a la corrosi\u00f3n.<\/li>\n<li class=\"whitespace-normal\"><strong>Pulverizaci\u00f3n t\u00e9rmica<\/strong>?- Pulverizaci\u00f3n por arco el\u00e9ctrico para producir revestimientos protectores con moderada resistencia al desgaste y a la corrosi\u00f3n.<\/li>\n<li class=\"whitespace-normal\"><strong>Metal de aportacion para soldadura<\/strong>?- Se usa como alambre de relleno que proporciona una resistencia a la soldadura similar al metal base.<\/li>\n<li class=\"whitespace-normal\"><strong>Pigmentos<\/strong>?- A\u00f1adido a pinturas y recubrimientos para proporcionar brillo y protecci\u00f3n contra la corrosi\u00f3n.<\/li>\n<\/ul>\n<h2>Especificaciones del polvo de Al 3103<\/h2>\n<p class=\"whitespace-pre-wrap\">El polvo Al 3103 est\u00e1 disponible en diferentes rangos de tama\u00f1os, formas, niveles de pureza y grados:<\/p>\n<ul class=\"list-disc pl-8 space-y-2\">\n<li class=\"whitespace-normal\"><strong>Tama\u00f1o de las part\u00edculas:<\/strong>?De 10-150 micrones para m\u00e9todos AM, hasta 300 micrones para procesos t\u00e9rmicos.<\/li>\n<li class=\"whitespace-normal\"><strong>Morfolog\u00eda:<\/strong>\u00bfPart\u00edculas esf\u00e9ricas, granulares, irregulares y con forma de dendrita? El polvo fino fluye mejor.<\/li>\n<li class=\"whitespace-normal\"><strong>Pureza:<\/strong>?Desde grados comerciales hasta grados de alta pureza (99.8%) adaptados para la aplicaci\u00f3n.<\/li>\n<li class=\"whitespace-normal\"><strong>Calificaciones:<\/strong>?Conforme a las especificaciones ASTM B209, EN 573, ISO. Se ofrecen grados personalizados.<\/li>\n<li class=\"whitespace-normal\"><strong>Fluidez:<\/strong>?Se pueden personalizar excelentes \u00edndices de flujo de polvo superiores a 25 s\/50 g.<\/li>\n<\/ul>\n<h2>Proveedores globales de polvo de Al 3103<\/h2>\n<p class=\"whitespace-pre-wrap\">Alguns dos principais fornecedores globais s\u00e3o:<\/p>\n<ul class=\"list-disc pl-8 space-y-2\">\n<li class=\"whitespace-normal\">Valimet Inc. (EUA)<\/li>\n<li class=\"whitespace-normal\">Makin Metal Powders (Reino Unido)<\/li>\n<li class=\"whitespace-normal\">Micron Metals (EE. UU.)<\/li>\n<li class=\"whitespace-normal\">Shanghai Chaowei Nanotechnology (China)<\/li>\n<li class=\"whitespace-normal\">Shandong Yamei Nanotechnology (China)<\/li>\n<li class=\"whitespace-normal\">Grupo de Polvos CNPC (China)<\/li>\n<li class=\"whitespace-normal\">Polvo de titanio (Rusia)<\/li>\n<\/ul>\n<p class=\"whitespace-pre-wrap\">Estas empresas producen polvo de Al 3103 adecuado para AM, MIM, rociado t\u00e9rmico, autom\u00f3viles, marina y otras aplicaciones utilizando varios m\u00e9todos.<\/p>\n<h2>Al 3103 Precios por polvo<\/h2>\n<p class=\"whitespace-pre-wrap\">El precio del polvo Al 3103 depende de varios factores:<\/p>\n<ul class=\"list-disc pl-8 space-y-2\">\n<li class=\"whitespace-normal\">Niveles de pureza<\/li>\n<li class=\"whitespace-normal\">Caracter\u00edsticas del polvo<\/li>\n<li class=\"whitespace-normal\">M\u00e9todo de producci\u00f3n<\/li>\n<li class=\"whitespace-normal\">Volumen de pedidos<\/li>\n<li class=\"whitespace-normal\">Proveedor y ubicaci\u00f3n<\/li>\n<\/ul>\n<table>\n<thead>\n<tr>\n<th>Grado<\/th>\n<th>Rango de precios<\/th>\n<\/tr>\n<\/thead>\n<tbody>\n<tr>\n<td>Comercial<\/td>\n<td>5-15 \u20ac por kg<\/td>\n<\/tr>\n<tr>\n<td>Alta pureza<\/td>\n<td>$15-25 por kg<\/td>\n<\/tr>\n<tr>\n<td>Ultrafino<\/td>\n<td>25-45 $ por kg<\/td>\n<\/tr>\n<tr>\n<td>Grado especial<\/td>\n<td>$45-90 por kg<\/td>\n<\/tr>\n<\/tbody>\n<\/table>\n<p>&nbsp;<\/p>\n<p class=\"whitespace-pre-wrap\">Los polvos con una pureza alta, esf\u00e9ricos y de dimensiones de part\u00edculas controladas tienen precios m\u00e1s altos que los grados comerciales regulares del polvo Al 3103.<\/p>\n<h2>Almacenamiento y manipulaci\u00f3n de polvo de Al 3103<\/h2>\n<p class=\"whitespace-pre-wrap\">El polvo Al 3103 se debe manipular y almacenar adecuadamente para prevenir:<\/p>\n<ul class=\"list-disc pl-8 space-y-2\">\n<li class=\"whitespace-normal\">Oxidaci\u00f3n y reacci\u00f3n con la humedad<\/li>\n<li class=\"whitespace-normal\">Riesgos de explosi\u00f3n por polvo a partir de polvo fino<\/li>\n<li class=\"whitespace-normal\">Problemas de salud relacionados con la inhalaci\u00f3n<\/li>\n<li class=\"whitespace-normal\">Se deben seguir las pr\u00e1cticas de seguridad desde las FDS de proveedor<\/li>\n<\/ul>\n<p class=\"whitespace-pre-wrap\">Se recomienda inertizar con gas, conectar a tierra de forma adecuada, ventilar y usar EPP cuando se manipula el polvo.<\/p>\n<h2>M\u00e9todos de pruebas y caracterizaci\u00f3n<\/h2>\n<p class=\"whitespace-pre-wrap\">Entre los m\u00e9todos de prueba clave utilizados para el polvo de Al 3103 se incluyen:<\/p>\n<ul class=\"list-disc pl-8 space-y-2\">\n<li class=\"whitespace-normal\">An\u00e1lisis qu\u00edmico con OES o XRF para la composici\u00f3n<\/li>\n<li class=\"whitespace-normal\">Distribuci\u00f3n de tama\u00f1o de part\u00edcula conforme a la norma ASTM B822<\/li>\n<li class=\"whitespace-normal\">An\u00e1lisis de morfolog\u00eda por SEM<\/li>\n<li class=\"whitespace-normal\">Caudal de flujo de polvo medido por el embudo de flujo Hall<\/li>\n<li class=\"whitespace-normal\">Determinaci\u00f3n de la densidad mediante picnometr\u00eda de helio<\/li>\n<li class=\"whitespace-normal\">Pruebas de impurezas por ICP-MS<\/li>\n<li class=\"whitespace-normal\">Examen microestructural por difracci\u00f3n de rayos X<\/li>\n<\/ul>\n<p class=\"whitespace-pre-wrap\">Las pruebas aseguran la consistencia de lotes y el cumplimiento de las especificaciones.<\/p>\n<h2>Comparaci\u00f3n entre los polvos de Al 3103 y Al 3003<\/h2>\n<p class=\"whitespace-pre-wrap\">Al 3103 y Al 3003 son dos polvos de aleaci\u00f3n de aluminio comparados:<\/p>\n<table>\n<thead>\n<tr>\n<th>Par\u00e1metro<\/th>\n<th>Al 3103<\/th>\n<th>Hasta el 3003<\/th>\n<\/tr>\n<\/thead>\n<tbody>\n<tr>\n<td>Tipo de aleaci\u00f3n<\/td>\n<td>No tratable con calor<\/td>\n<td>No tratable con calor<\/td>\n<\/tr>\n<tr>\n<td>Contenido de Mn<\/td>\n<td>1.0-1.5%<\/td>\n<td>1.0-1.5%<\/td>\n<\/tr>\n<tr>\n<td>Fuerza<\/td>\n<td>Un poco m\u00e1s abajo<\/td>\n<td>Un poco m\u00e1s alto<\/td>\n<\/tr>\n<tr>\n<td>Resistencia a la corrosi\u00f3n<\/td>\n<td>Excelente<\/td>\n<td>Excelente<\/td>\n<\/tr>\n<tr>\n<td>Soldabilidad<\/td>\n<td>Excelente<\/td>\n<td>Excelente<\/td>\n<\/tr>\n<tr>\n<td>Coste<\/td>\n<td>Inferior<\/td>\n<td>Alto<\/td>\n<\/tr>\n<\/tbody>\n<\/table>\n<p>&nbsp;<\/p>\n<p class=\"whitespace-pre-wrap\">La Al 3103 ofrece mejor maleabilidad, mientras que la Al 3003 proporciona una resistencia ligeramente mayor. Ambas ofrecen una excelente resistencia a la corrosi\u00f3n.<\/p>\n<h2>Preguntas frecuentes sobre el Al 3103 Powder<\/h2>\n<p class=\"whitespace-pre-wrap\"><strong>P: \u00bfC\u00f3mo se produce el polvo Al 3103?<\/strong><\/p>\n<p class=\"whitespace-pre-wrap\">El polvo al 3103 se produce comercialmente mediante atomizaci\u00f3n de gas, atomizaci\u00f3n de agua y aleaci\u00f3n mec\u00e1nica seguida de sinterizado. La atomizaci\u00f3n de gas proporciona el mejor control de las caracter\u00edsticas de las part\u00edculas.<\/p>\n<p class=\"whitespace-pre-wrap\"><strong>P: \u00bfCu\u00e1les son las principales aplicaciones del polvo Al 3103?<\/strong><\/p>\n<p class=\"whitespace-pre-wrap\">R: Las principales aplicaciones del polvo Al 3103 incluyen la fabricaci\u00f3n aditiva, el moldeo por inyecci\u00f3n de metal, los recubrimientos por pulverizaci\u00f3n t\u00e9rmica, las piezas de metalurgia de polvo, los pigmentos y el alambre de soldadura.<\/p>\n<p class=\"whitespace-pre-wrap\"><strong>P: \u00bfCu\u00e1l es el tama\u00f1o t\u00edpico de polvo de Al 3103 utilizado para la fusi\u00f3n selectiva por l\u00e1ser?<\/strong><\/p>\n<p class=\"whitespace-pre-wrap\">R: Para el proceso SLM, el tama\u00f1o de grano de polvo de Al 3103 ideal es de 20-45 micrones con una morfolog\u00eda esf\u00e9rica para permitir una buena densidad de lecho de polvo y formaci\u00f3n de una piscina de fusi\u00f3n.<\/p>\n<p class=\"whitespace-pre-wrap\"><strong>P: \u00bfEl polvo de Al 3103 requiere algunas precauciones de manejo especiales?<\/strong><\/p>\n<p class=\"whitespace-pre-wrap\">A: S\u00ed, se recomienda manejar los polvos de aluminio con cuidado bajo atm\u00f3sfera inerte utilizando una conexi\u00f3n a tierra adecuada, ventilaci\u00f3n y EPI para prevenir peligros de incendio o explosi\u00f3n.<\/p>\n<p class=\"whitespace-pre-wrap\"><strong>P: \u00bfD\u00f3nde puedo comprar polvo Al 3103 apto para aplicaciones marinas?<\/strong><\/p>\n<p class=\"whitespace-pre-wrap\">R: Los principales fabricantes como Valimet, Makin metal Powders y Micron Metals pueden venderles un polvo Al 3103 cuyas propiedades anticorrosivas fueron especialmente dise\u00f1adas para los ambientes marinos.<\/p>\n<p><\/span><\/span><\/p>","protected":false},"excerpt":{"rendered":"<p>Al 3103 es una aleaci\u00f3n de aluminio forjado no tratable en caliente conocida por su excelente resistencia a la corrosi\u00f3n, buena conformabilidad y soldabilidad. Las adiciones de manganeso mejoran la resistencia mediante el refuerzo de la soluci\u00f3n s\u00f3lida, manteniendo al mismo tiempo una excelente ductilidad. Las principales caracter\u00edsticas del polvo de Al 3103 son Resistencia moderada con alta ductilidad y tenacidad Excelente soldabilidad y conformabilidad Muy...<\/p>","protected":false},"featured_media":1810,"parent":0,"template":"","meta":{"_acf_changed":false,"_kad_blocks_custom_css":"","_kad_blocks_head_custom_js":"","_kad_blocks_body_custom_js":"","_kad_blocks_footer_custom_js":"","_kad_post_transparent":"","_kad_post_title":"","_kad_post_layout":"","_kad_post_sidebar_id":"","_kad_post_content_style":"","_kad_post_vertical_padding":"","_kad_post_feature":"","_kad_post_feature_position":"","_kad_post_header":false,"_kad_post_footer":false,"_kad_post_classname":""},"product-category":[119,124],"class_list":["post-3904","product","type-product","status-publish","has-post-thumbnail","hentry","product-category-3d-printing-metal-powder","product-category-aluminum-based-alloy-powder"],"acf":[],"taxonomy_info":{"product-category":[{"value":119,"label":"3D Printing Metal Powder"},{"value":124,"label":"Aluminum Based Alloy Powder"}]},"featured_image_src_large":["https:\/\/3dpmetal.com\/wp-content\/uploads\/2024\/02\/Ti22Al25Nb.jpg",406,304,false],"author_info":[],"comment_info":"","_links":{"self":[{"href":"https:\/\/3dpmetal.com\/es\/wp-json\/wp\/v2\/product\/3904","targetHints":{"allow":["GET"]}}],"collection":[{"href":"https:\/\/3dpmetal.com\/es\/wp-json\/wp\/v2\/product"}],"about":[{"href":"https:\/\/3dpmetal.com\/es\/wp-json\/wp\/v2\/types\/product"}],"wp:featuredmedia":[{"embeddable":true,"href":"https:\/\/3dpmetal.com\/es\/wp-json\/wp\/v2\/media\/1810"}],"wp:attachment":[{"href":"https:\/\/3dpmetal.com\/es\/wp-json\/wp\/v2\/media?parent=3904"}],"wp:term":[{"taxonomy":"product-category","embeddable":true,"href":"https:\/\/3dpmetal.com\/es\/wp-json\/wp\/v2\/product-category?post=3904"}],"curies":[{"name":"wp","href":"https:\/\/api.w.org\/{rel}","templated":true}]}}