{"id":3908,"date":"2024-03-18T06:10:12","date_gmt":"2024-03-18T06:10:12","guid":{"rendered":"https:\/\/3dp.45612300.xyz\/product\/haynes-alloy-188-powder\/"},"modified":"2024-03-18T06:10:12","modified_gmt":"2024-03-18T06:10:12","slug":"haynes-alloy-188-powder","status":"publish","type":"product","link":"https:\/\/3dpmetal.com\/es\/product\/haynes-alloy-188-powder\/","title":{"rendered":"Polvo de aleaci\u00f3n Haynes 188"},"content":{"rendered":"<p><span style=\"vertical-align: inherit;\"><span style=\"vertical-align: inherit;\"><\/p>\n<h2>Descripci\u00f3n de Haynes Alloy 188 Powder<\/h2>\n<p class=\"whitespace-pre-wrap\">La aleaci\u00f3n Haynes 188 es superaleaci\u00f3n de alto rendimiento que exhibe una excelente resistencia a la oxidaci\u00f3n, la fatiga t\u00e9rmica y el fluencia en temperaturas por encima de 1000\u00a1\u00abC. Los altos niveles de cobalto, n\u00edquel, cromo y tungsteno imparten una resistencia excepcional a altas temperaturas y resistencia a la corrosi\u00f3n.<\/p>\n<p class=\"whitespace-pre-wrap\">Las caracter\u00edsticas principales del polvo Haynes 188 incluyen:<\/p>\n<ul class=\"list-disc pl-8 space-y-2\">\n<li class=\"whitespace-normal\">Excepcional resistencia a las altas temperaturas y a la fluencia<\/li>\n<li class=\"whitespace-normal\">Excelent resistencia a la oxidaci\u00f3n y corrosi\u00f3n<\/li>\n<li class=\"whitespace-normal\">Retiene resistencia durante ciclos t\u00e9rmicos prolongados<\/li>\n<li class=\"whitespace-normal\">Resiste el ataque de azufre y vanadio<\/li>\n<li class=\"whitespace-normal\">Buenas caracter\u00edsticas de fabricaci\u00f3n<\/li>\n<li class=\"whitespace-normal\">Disponible en una gama de tama\u00f1os y formas de polvo<\/li>\n<\/ul>\n<p class=\"whitespace-pre-wrap\">El polvo Haynes 188 est\u00e1 dise\u00f1ado para aplicaciones extremadamente exigentes en las industrias de aviaci\u00f3n, procesamiento qu\u00edmico, generaci\u00f3n de energ\u00eda y tratamiento t\u00e9rmico que necesitan un rendimiento extraordinario a altas temperaturas.<\/p>\n<h2>Composici\u00f3n qu\u00edmica de Haynes Alloy 188 en Polvo<\/h2>\n<p class=\"whitespace-pre-wrap\">La composici\u00f3n t\u00edpica del polvo Haynes 188 es:<\/p>\n<table>\n<thead>\n<tr>\n<th>Elemento<\/th>\n<th>Porcentaje de peso<\/th>\n<\/tr>\n<\/thead>\n<tbody>\n<tr>\n<td>N\u00edquel (Ni)<\/td>\n<td>Equilibrio<\/td>\n<\/tr>\n<tr>\n<td>Cobalto (Co)<\/td>\n<td>20-25%<\/td>\n<\/tr>\n<tr>\n<td>Cromo (Cr)<\/td>\n<td>20-25%<\/td>\n<\/tr>\n<tr>\n<td>Tungsteno (W)<\/td>\n<td>12-15%<\/td>\n<\/tr>\n<tr>\n<td>Hierro (Fe)<\/td>\n<td>&lt;3%<\/td>\n<\/tr>\n<tr>\n<td>Manganeso (Mn)<\/td>\n<td>&lt;1,5 %<\/td>\n<\/tr>\n<tr>\n<td>Silicio (Si)<\/td>\n<td>&lt;1%<\/td>\n<\/tr>\n<tr>\n<td>Carbono (C)<\/td>\n<td>&lt;0,1%<\/td>\n<\/tr>\n<\/tbody>\n<\/table>\n<p>&nbsp;<\/p>\n<p class=\"whitespace-pre-wrap\">El n\u00edquel proporciona la matriz mientras que el cobalto proporciona fuerza. El cromo y el tungsteno brindan una excelente resistencia a la oxidaci\u00f3n y la corrosi\u00f3n. El hierro, el manganeso y el silicio est\u00e1n presentes como impurezas.<\/p>\n<h2>Propiedades del Haynes Alloy 188 Powder<\/h2>\n<p class=\"whitespace-pre-wrap\">Las propiedades clave del polvo de Haynes 188 incluyen:<\/p>\n<table>\n<thead>\n<tr>\n<th>Propiedad<\/th>\n<th>Valor<\/th>\n<\/tr>\n<\/thead>\n<tbody>\n<tr>\n<td>Densidad<\/td>\n<td>8,5 g\/cm\u00b3<\/td>\n<\/tr>\n<tr>\n<td>Punto de Fusi\u00f3n<\/td>\n<td>1230-1260\u00a1\u00abC<\/td>\n<\/tr>\n<tr>\n<td>Conductividad t\u00e9rmica<\/td>\n<td>9,8 W\/m\u00a9{K<\/td>\n<\/tr>\n<tr>\n<td>Resistividad el\u00e9ctrica<\/td>\n<td>126 \u00b1 2{cm}<\/td>\n<\/tr>\n<tr>\n<td>M\u00f3dulo de Young<\/td>\n<td>205 GPa<\/td>\n<\/tr>\n<tr>\n<td>Coeficiente de Poisson<\/td>\n<td>0.31<\/td>\n<\/tr>\n<tr>\n<td>Resistencia a la tensi\u00f3n<\/td>\n<td>550-900 MPa<\/td>\n<\/tr>\n<tr>\n<td>Resistencia el\u00e1stica<\/td>\n<td>240-650 MPa<\/td>\n<\/tr>\n<tr>\n<td>Elongaci\u00f3n<\/td>\n<td>25-45%<\/td>\n<\/tr>\n<tr>\n<td>Resistencia a la Fatiga<\/td>\n<td>310 MPa<\/td>\n<\/tr>\n<\/tbody>\n<\/table>\n<p>&nbsp;<\/p>\n<p class=\"whitespace-pre-wrap\">Las propiedades como la resistencia, la ductilidad y la resistencia a la fatiga se mantienen a temperaturas extremas que superan los 1000 \u00b0C, lo que las convierte en indicadas para aplicaciones de alta temperatura m\u00e1s exigentes.<\/p>\n<h2>M\u00e9todo de producci\u00f3n para polvo de Haynes Alloy 188<\/h2>\n<p class=\"whitespace-pre-wrap\">El polvo Haynes 188 se produce utilizando:<\/p>\n<ul class=\"list-disc pl-8 space-y-2\">\n<li class=\"whitespace-normal\"><strong>Atomizaci\u00f3n de gas<\/strong>? - Chorro de gas inerte a alta presi\u00f3n que se usa para desintegrar la corriente de aleaci\u00f3n fundida en finos polvos esf\u00e9ricos. Proporciona un buen flujo y empaque.<\/li>\n<li class=\"whitespace-normal\"><strong>Atomizaci\u00f3n de agua<\/strong>- El chorro de agua de alta velocidad impacta la corriente fundida para producir polvo fino irregular. M\u00e1s econ\u00f3mico pero con mayor absorci\u00f3n de ox\u00edgeno.<\/li>\n<li class=\"whitespace-normal\"><strong>Condensaci\u00f3n de gas inerte<\/strong>?- Vaporizaci\u00f3n y condensaci\u00f3n controlada de elementos de aleaci\u00f3n en un entorno de gas inerte de alta pureza. Produce un polvo esf\u00e9rico ultrafino.<\/li>\n<\/ul>\n<p class=\"whitespace-pre-wrap\">La atomizaci\u00f3n por gas proporciona el mejor control sobre la distribuci\u00f3n del tama\u00f1o de las part\u00edculas, la forma y la pureza.<\/p>\n<h2>Aplicaciones del polvo de aleaci\u00f3n 188 de Haynes<\/h2>\n<p class=\"whitespace-pre-wrap\">Algunas aplicaciones habituales del polvo Haynes 188 incluyen:<\/p>\n<ul class=\"list-disc pl-8 space-y-2\">\n<li class=\"whitespace-normal\"><strong>fabricaci\u00f3n aditiva<\/strong>? - Utilizado para la fusi\u00f3n selectiva por l\u00e1ser o la fusi\u00f3n por haz de electrones para producir piezas complejas pensadas para ambientes extremos.<\/li>\n<li class=\"whitespace-normal\"><strong>Recubrimientos por proyecci\u00f3n t\u00e9rmica<\/strong>?-Depositado mediante proyecci\u00f3n por plasma o HVOF para brindar resistencia al desgaste y la corrosi\u00f3n a altas temperaturas.<\/li>\n<li class=\"whitespace-normal\"><strong>Relleno de soldadura fuerte<\/strong>?- Para unir componentes que deben soportar altas temperaturas durante el servicio.<\/li>\n<li class=\"whitespace-normal\"><strong>Encendedores de combustible s\u00f3lido<\/strong>?- Buj\u00edas de ignici\u00f3n de metalurgia de polvos utilizadas en motores de reacci\u00f3n, turbinas terrestres.<\/li>\n<li class=\"whitespace-normal\"><strong>Procesamiento de metal fundido<\/strong>?- Manejo de crisoles, transporte de elementos, ollas de fusi\u00f3n utilizadas en las industrias del vidrio, del aluminio y de los metales.<\/li>\n<li class=\"whitespace-normal\"><strong>Componentes del horno<\/strong>:- Bandejas, fijaciones, transportadores utilizados en hornos de vidrio y tratamiento t\u00e9rmico de altas temperaturas.<\/li>\n<\/ul>\n<h2>Especificaciones del polvo de aleaciones Haynes 188<\/h2>\n<p class=\"whitespace-pre-wrap\">El polvo Haynes 188 est\u00e1 disponible en varios rangos de tama\u00f1o, formas y grados, incluidos:<\/p>\n<ul class=\"list-disc pl-8 space-y-2\">\n<li class=\"whitespace-normal\"><strong>Tama\u00f1o de las part\u00edculas:<\/strong>?De 10 a 45 micrones en los m\u00e9todos AM hasta 120 micrones en los procesos de pulverizaci\u00f3n t\u00e9rmica.<\/li>\n<li class=\"whitespace-normal\"><strong>Morfolog\u00eda:<\/strong>?Formas de polvo esf\u00e9ricas, irregulares y mezcladas. El polvo esf\u00e9rico liso proporciona un mejor flujo.<\/li>\n<li class=\"whitespace-normal\"><strong>Pureza:<\/strong>?Desde comercial a las altas cotas de pureza en base a un riguroso an\u00e1lisis qu\u00edmico.<\/li>\n<li class=\"whitespace-normal\"><strong>Calificaciones:<\/strong>?Conformidad con las normas AMS 5758, AMS 5759 y AMS 5864 dise\u00f1adas para aplicaciones aeroespaciales.<\/li>\n<li class=\"whitespace-normal\"><strong>\u00c1rea de superficie:<\/strong>?Se prefiieren los polvos con baja superficie para minimizar la oxidaci\u00f3n.<\/li>\n<\/ul>\n<h2>Proveedores globales de polvo de aleaci\u00f3n 188 de Haynes<\/h2>\n<p class=\"whitespace-pre-wrap\">Alguns dos principais fornecedores globais s\u00e3o:<\/p>\n<ul class=\"list-disc pl-8 space-y-2\">\n<li class=\"whitespace-normal\">Carpenter Additive (EE. UU.)<\/li>\n<li class=\"whitespace-normal\">Sandvik Osprey (RU)<\/li>\n<li class=\"whitespace-normal\">Erasteel (Francia)<\/li>\n<li class=\"whitespace-normal\">Edgetech Industries (EEUU)<\/li>\n<li class=\"whitespace-normal\">Special Metals Corp. (Estados Unidos)<\/li>\n<li class=\"whitespace-normal\">Tekna (Canad\u00e1)<\/li>\n<\/ul>\n<p class=\"whitespace-pre-wrap\">Estas empresas producen grados varios de polvo Haynes 188 especialmente dise\u00f1ados para fabricaci\u00f3n aditiva, recubrimientos t\u00e9rmicos pulverizados y otras aplicaciones de alta temperatura.<\/p>\n<h2>Precios del polvo de Haynes Alloy 188<\/h2>\n<p class=\"whitespace-pre-wrap\">Los precios de Haynes 188 en polvo dependen de factores como:<\/p>\n<ul class=\"list-disc pl-8 space-y-2\">\n<li class=\"whitespace-normal\">Niveles de pureza<\/li>\n<li class=\"whitespace-normal\">Distribuci\u00f3n y forma del tama\u00f1o de part\u00edcula<\/li>\n<li class=\"whitespace-normal\">Cantidad del pedido<\/li>\n<li class=\"whitespace-normal\">Fabricante y ubicaci\u00f3n geogr\u00e1fica<\/li>\n<\/ul>\n<table>\n<thead>\n<tr>\n<th>Grado<\/th>\n<th>Rango de precios<\/th>\n<\/tr>\n<\/thead>\n<tbody>\n<tr>\n<td>Comercial<\/td>\n<td>80-120 por kg<\/td>\n<\/tr>\n<tr>\n<td>Alta pureza<\/td>\n<td>120-250 USD por kg<\/td>\n<\/tr>\n<tr>\n<td>Ultrafino<\/td>\n<td>250-450 por kg<\/td>\n<\/tr>\n<tr>\n<td>Grado especial<\/td>\n<td>450-850 USD por kg<\/td>\n<\/tr>\n<\/tbody>\n<\/table>\n<p>&nbsp;<\/p>\n<p class=\"whitespace-pre-wrap\">Polvos ultrafino y de alta pureza atomizados con gas demandan precios m\u00e1s altos que los grados comerciales. Cantidades m\u00e1s peque\u00f1as son m\u00e1s costosas.<\/p>\n<h2>Almacenamiento y Manipulaci\u00f3n del Polvo Haynes Alloy 188<\/h2>\n<p class=\"whitespace-pre-wrap\">El polvo Haynes 188 requiere un almacenamiento y manipulaci\u00f3n cuidadosos:<\/p>\n<ul class=\"list-disc pl-8 space-y-2\">\n<li class=\"whitespace-normal\">Debe almacenarse en recipientes sellados bajo gas inerte para evitar la oxidaci\u00f3n.<\/li>\n<li class=\"whitespace-normal\">Evitar la acumulaci\u00f3n de polvo fino para minimizar el riesgo de explosi\u00f3n de polvo.<\/li>\n<li class=\"whitespace-normal\">Utilice equipo de protecci\u00f3n personal cuando manipule polvo fino<\/li>\n<li class=\"whitespace-normal\">Siga las pr\u00e1cticas de seguridad recomendadas por el fabricante<\/li>\n<\/ul>\n<p class=\"whitespace-pre-wrap\">Debes utilizar una conexi\u00f3n a tierra adecuada, ventilaci\u00f3n y EPP al manipular este polvo de aleaci\u00f3n reactiva.<\/p>\n<h2>Inspecci\u00f3n y pruebas del polvo de aleaci\u00f3n 188 de Haynes<\/h2>\n<p class=\"whitespace-pre-wrap\">Las pruebas esenciales llevadas a cabo para control de calidad incluyen:<\/p>\n<ul class=\"list-disc pl-8 space-y-2\">\n<li class=\"whitespace-normal\">An\u00e1lisis qu\u00edmico mediante OES o XRF para garantizar que la composici\u00f3n se encuentra dentro de los l\u00edmites especificados.<\/li>\n<li class=\"whitespace-normal\">Distribuci\u00f3n del tama\u00f1o de part\u00edculas usando t\u00e9cnica de difracci\u00f3n l\u00e1ser bajo la norma ASTM B822.<\/li>\n<li class=\"whitespace-normal\">An\u00e1lisis morfol\u00f3gico mediante microscop\u00eda electr\u00f3nica de barrido.<\/li>\n<li class=\"whitespace-normal\">Medici\u00f3n del caudal de polvo seg\u00fan la norma ASTM B213 mediante el caudal\u00edmetro de efecto Hall.<\/li>\n<li class=\"whitespace-normal\">Medici\u00f3n de la densidad mediante picnometr\u00eda de helio.<\/li>\n<li class=\"whitespace-normal\">Niveles de impurezas probados por ICP-MS.<\/li>\n<li class=\"whitespace-normal\">Caracterizaci\u00f3n microestructural por difracci\u00f3n de rayos X.<\/li>\n<\/ul>\n<p class=\"whitespace-pre-wrap\">Una inspecci\u00f3n y pruebas exhaustivas verifican que el polvo cumple con los requisitos qu\u00edmicos, f\u00edsicos y microestructurales para la aplicaci\u00f3n prevista.<\/p>\n<h2>Comparaci\u00f3n entre Haynes 188 y polvos de Hastelloy X<\/h2>\n<p class=\"whitespace-pre-wrap\">Comparaci\u00f3n de los polvos de aleaci\u00f3n de n\u00edquel Haynes 188 y Hastelloy X:<\/p>\n<table>\n<thead>\n<tr>\n<th>Par\u00e1metro<\/th>\n<th>Haynes 188<\/th>\n<th>Hastelloy X<\/th>\n<\/tr>\n<\/thead>\n<tbody>\n<tr>\n<td>Elemento base<\/td>\n<td>N\u00edquel<\/td>\n<td>N\u00edquel<\/td>\n<\/tr>\n<tr>\n<td>Contenido de Cr<\/td>\n<td>22-25%<\/td>\n<td>22-25%<\/td>\n<\/tr>\n<tr>\n<td>Contenido Mo<\/td>\n<td>Sin molibdeno<\/td>\n<td>8-10%<\/td>\n<\/tr>\n<tr>\n<td>Resistencia a la oxidaci\u00f3n<\/td>\n<td>Excelente hasta 1204\u00a1\u00abC<\/td>\n<td>Excelente hasta 1150\u00a1\u00abC<\/td>\n<\/tr>\n<tr>\n<td>Coste<\/td>\n<td>Alto<\/td>\n<td>Inferior<\/td>\n<\/tr>\n<tr>\n<td>Fuerza<\/td>\n<td>Inferior<\/td>\n<td>Alto<\/td>\n<\/tr>\n<tr>\n<td>Viabilidad<\/td>\n<td>Excelente<\/td>\n<td>Moderado<\/td>\n<\/tr>\n<tr>\n<td>SOLICITUDES<\/td>\n<td>Revestimientos, rellenos de soldadura blanda<\/td>\n<td>Componentes  espaciales, resortes<\/td>\n<\/tr>\n<\/tbody>\n<\/table>\n<p>&nbsp;<\/p>\n<p class=\"whitespace-pre-wrap\">Haynes 188 ofrece una mejor practicidad mientras que Hastelloy X tiene mayor resistencia. Haynes 188 resiste la oxidaci\u00f3n a temperaturas extremadamente altas.<\/p>\n<h2>Preguntas frecuentes sobre polvo de aleaci\u00f3n Haynes 188<\/h2>\n<p class=\"whitespace-pre-wrap\"><strong>P: \u00bfC\u00f3mo se produce el polvo de la aleaci\u00f3n 188 de Haynes?<\/strong><\/p>\n<p class=\"whitespace-pre-wrap\">R: El polvo Haynes 188 se produce comercialmente mediante t\u00e9cnicas de atomizaci\u00f3n por gas, atomizaci\u00f3n por agua y condensaci\u00f3n de gas inerte. La atomizaci\u00f3n por gas ofrece el mejor control sobre las caracter\u00edsticas de las part\u00edculas.<\/p>\n<p class=\"whitespace-pre-wrap\"><strong>Q: \u00bfCu\u00e1les son las principales aplicaciones del polvo Haynes 188?<\/strong><\/p>\n<p class=\"whitespace-pre-wrap\">A: Las aplicaciones principales son manufactura aditiva, revestimientos con aspersi\u00f3n t\u00e9rmica, material de relleno para soldadura fuerte, buj\u00edas de encendido de metalurgia de polvos y componentes de horno de alta temperatura que requieren una extraordinaria resistencia a la oxidaci\u00f3n y corrosi\u00f3n.<\/p>\n<p class=\"whitespace-pre-wrap\"><strong>P: \u00bfCu\u00e1l es el tama\u00f1o de polvo recomendado para el flujo met\u00e1lico o el rociado t\u00e9rmico?<\/strong><\/p>\n<p class=\"whitespace-pre-wrap\">A: Para la fabricaci\u00f3n aditiva, el rango de tama\u00f1o ideal es de 15-45 micras. Para los recubrimientos por pulverizaci\u00f3n t\u00e9rmica, se prefiere un polvo m\u00e1s grueso de hasta 120 micras.<\/p>\n<p class=\"whitespace-pre-wrap\"><strong>P: \u00bfEl polvo Haynes 188 requiere precauciones especiales de manejo?<\/strong><\/p>\n<p class=\"whitespace-pre-wrap\">A: S\u00ed, se recomienda manipular este polvo de aleaci\u00f3n reactiva con cuidado, en atm\u00f3sfera inerte, utilizando una puesta a tierra adecuada, ventilaci\u00f3n y EPP.<\/p>\n<p class=\"whitespace-pre-wrap\"><strong>P: \u00bfD\u00f3nde puedo comprar polvo Haynes 188 adecuado para aplicaciones aeroespaciales?<\/strong><\/p>\n<p class=\"whitespace-pre-wrap\">R: Hay disponible polvo de Haynes 188 de alta pureza que cumple con los est\u00e1ndares aeroespaciales de fabricantes l\u00edderes como Carpenter Additive, Sandvik Osprey, Erasteel y Special Metals Corporation.<\/p>\n<p><\/span><\/span><\/p>","protected":false},"excerpt":{"rendered":"<p>Resumen de la aleaci\u00f3n Haynes 188 en polvo La aleaci\u00f3n Haynes 188 es una superaleaci\u00f3n de alto rendimiento que presenta una excelente resistencia a la oxidaci\u00f3n, a la fatiga t\u00e9rmica y a la fluencia a temperaturas superiores a 1000\u00a1\"C. Los altos niveles de cobalto, n\u00edquel, cromo y tungsteno le confieren una excepcional resistencia a altas temperaturas y a la corrosi\u00f3n. Las principales caracter\u00edsticas del polvo Haynes 188 son: Resistencia excepcional a altas temperaturas y...<\/p>","protected":false},"featured_media":1818,"parent":0,"template":"","meta":{"_acf_changed":false,"_kad_blocks_custom_css":"","_kad_blocks_head_custom_js":"","_kad_blocks_body_custom_js":"","_kad_blocks_footer_custom_js":"","_kad_post_transparent":"","_kad_post_title":"","_kad_post_layout":"","_kad_post_sidebar_id":"","_kad_post_content_style":"","_kad_post_vertical_padding":"","_kad_post_feature":"","_kad_post_feature_position":"","_kad_post_header":false,"_kad_post_footer":false,"_kad_post_classname":""},"product-category":[119,121],"class_list":["post-3908","product","type-product","status-publish","has-post-thumbnail","hentry","product-category-3d-printing-metal-powder","product-category-cobalt-alloy-powder"],"acf":[],"taxonomy_info":{"product-category":[{"value":119,"label":"3D Printing Metal Powder"},{"value":121,"label":"Cobalt Alloy Powder"}]},"featured_image_src_large":["https:\/\/3dpmetal.com\/wp-content\/uploads\/2024\/02\/Haynes-alloy-188-powder.jpg",600,600,false],"author_info":[],"comment_info":"","_links":{"self":[{"href":"https:\/\/3dpmetal.com\/es\/wp-json\/wp\/v2\/product\/3908","targetHints":{"allow":["GET"]}}],"collection":[{"href":"https:\/\/3dpmetal.com\/es\/wp-json\/wp\/v2\/product"}],"about":[{"href":"https:\/\/3dpmetal.com\/es\/wp-json\/wp\/v2\/types\/product"}],"wp:featuredmedia":[{"embeddable":true,"href":"https:\/\/3dpmetal.com\/es\/wp-json\/wp\/v2\/media\/1818"}],"wp:attachment":[{"href":"https:\/\/3dpmetal.com\/es\/wp-json\/wp\/v2\/media?parent=3908"}],"wp:term":[{"taxonomy":"product-category","embeddable":true,"href":"https:\/\/3dpmetal.com\/es\/wp-json\/wp\/v2\/product-category?post=3908"}],"curies":[{"name":"wp","href":"https:\/\/api.w.org\/{rel}","templated":true}]}}