{"id":3909,"date":"2024-03-18T06:10:12","date_gmt":"2024-03-18T06:10:12","guid":{"rendered":"https:\/\/3dp.45612300.xyz\/product\/nickel-based-k403-powder\/"},"modified":"2024-03-18T06:10:12","modified_gmt":"2024-03-18T06:10:12","slug":"nickel-based-k403-powder","status":"publish","type":"product","link":"https:\/\/3dpmetal.com\/es\/product\/nickel-based-k403-powder\/","title":{"rendered":"Polvo K403 a base de n\u00edquel"},"content":{"rendered":"<p><span style=\"vertical-align: inherit;\"><span style=\"vertical-align: inherit;\"><\/p>\n<h2>Descripci\u00f3n general del polvo K403 a base de n\u00edquel<\/h2>\n<p><img loading=\"lazy\" decoding=\"async\" class=\"wp-image-2098 size-full aligncenter\" src=\"https:\/\/met3dp.com\/wp-content\/uploads\/2023\/10\/K403-Powder.jpg\" alt=\"inconel impresi\u00f3n 3d Polvo K403\" width=\"600\" height=\"600\" title=\"\"><\/p>\n<p class=\"whitespace-pre-wrap\">El polvo K403 es un polvo de aleaci\u00f3n de n\u00edquel-cromo-hierro-molibdeno. Ofrece una excelente resistencia a la oxidaci\u00f3n, la corrosi\u00f3n y el agrietamiento por fatiga t\u00e9rmica. El K403 presenta una buena estabilidad de fase a altas temperaturas.<\/p>\n<p class=\"whitespace-pre-wrap\">Las principales caracter\u00edsticas del polvo K403 son:<\/p>\n<ul class=\"list-disc pl-8 space-y-2\">\n<li class=\"whitespace-normal\">Excepcional resistencia a las altas temperaturas y a la fluencia<\/li>\n<li class=\"whitespace-normal\">Resiste la oxidaci\u00f3n y la corrosi\u00f3n en caliente hasta 1150\u00a1\"C<\/li>\n<li class=\"whitespace-normal\">Mantiene sus propiedades en condiciones de calentamiento c\u00edclico<\/li>\n<li class=\"whitespace-normal\">Coeficiente de dilataci\u00f3n compatible con aleaciones comunes<\/li>\n<li class=\"whitespace-normal\">Disponibles en varios tama\u00f1os y morfolog\u00edas<\/li>\n<\/ul>\n<p class=\"whitespace-pre-wrap\">El polvo K403 est\u00e1 dise\u00f1ado para revestimientos protectores, pulverizaci\u00f3n t\u00e9rmica, soldadura, soldadura fuerte y otras aplicaciones de alta temperatura.<\/p>\n<p class=\"whitespace-pre-wrap\">Este art\u00edculo ofrece una visi\u00f3n detallada de la composici\u00f3n, propiedades, aplicaciones, especificaciones, precios, seguridad y otra informaci\u00f3n esencial sobre el polvo K403 a base de n\u00edquel.<\/p>\n<h2>Composici\u00f3n del polvo K403 a base de n\u00edquel<\/h2>\n<p class=\"whitespace-pre-wrap\">La composici\u00f3n t\u00edpica del polvo K403 a base de n\u00edquel es:<\/p>\n<table>\n<thead>\n<tr>\n<th>Elemento<\/th>\n<th>Composici\u00f3n<\/th>\n<\/tr>\n<\/thead>\n<tbody>\n<tr>\n<td>N\u00edquel (Ni)<\/td>\n<td>Equilibrio<\/td>\n<\/tr>\n<tr>\n<td>Cromo (Cr)<\/td>\n<td>21-23%<\/td>\n<\/tr>\n<tr>\n<td>Hierro (Fe)<\/td>\n<td>17-20%<\/td>\n<\/tr>\n<tr>\n<td>Molibdeno (Mo)<\/td>\n<td>8-10%<\/td>\n<\/tr>\n<tr>\n<td>Tungsteno (W)<\/td>\n<td>1-2%<\/td>\n<\/tr>\n<tr>\n<td>Manganeso (Mn)<\/td>\n<td>\u00a8P0.5%<\/td>\n<\/tr>\n<tr>\n<td>Silicio (Si)<\/td>\n<td>\u00a8P0.5%<\/td>\n<\/tr>\n<tr>\n<td>Carbono (C)<\/td>\n<td>\u00a8P0.1%<\/td>\n<\/tr>\n<\/tbody>\n<\/table>\n<p>&nbsp;<\/p>\n<p class=\"whitespace-pre-wrap\">El n\u00edquel proporciona resistencia a la corrosi\u00f3n. El cromo y el hierro proporcionan resistencia a la oxidaci\u00f3n. El molibdeno y el wolframio aportan resistencia a altas temperaturas.<\/p>\n<p class=\"whitespace-pre-wrap\">La composici\u00f3n exacta se adapta en funci\u00f3n del m\u00e9todo de producci\u00f3n del polvo y de los requisitos de la aplicaci\u00f3n.<\/p>\n<h2>Propiedades del polvo de n\u00edquel K403<\/h2>\n<p class=\"whitespace-pre-wrap\">El polvo K403 presenta las siguientes propiedades:<\/p>\n<table>\n<thead>\n<tr>\n<th>Propiedad<\/th>\n<th>Detalles<\/th>\n<\/tr>\n<\/thead>\n<tbody>\n<tr>\n<td>Densidad<\/td>\n<td>8,2 g\/cm3<\/td>\n<\/tr>\n<tr>\n<td>Punto de Fusi\u00f3n<\/td>\n<td>1350-1400\u00a1\u00abC<\/td>\n<\/tr>\n<tr>\n<td>Conductividad t\u00e9rmica<\/td>\n<td>11 W\/m.K<\/td>\n<\/tr>\n<tr>\n<td>Resistividad el\u00e9ctrica<\/td>\n<td>94 microhm-cm<\/td>\n<\/tr>\n<tr>\n<td>M\u00f3dulo de Young<\/td>\n<td>207 GPa<\/td>\n<\/tr>\n<tr>\n<td>Coeficiente de Poisson<\/td>\n<td>0.29-0.30<\/td>\n<\/tr>\n<tr>\n<td>Resistencia a la tensi\u00f3n<\/td>\n<td>\u00a1\u00d4 550 MPa hasta 1050\u00a1\"C<\/td>\n<\/tr>\n<tr>\n<td>Elongaci\u00f3n<\/td>\n<td>15-25%<\/td>\n<\/tr>\n<tr>\n<td>Dureza<\/td>\n<td>30-35 HRC<\/td>\n<\/tr>\n<tr>\n<td>Resistencia a la oxidaci\u00f3n<\/td>\n<td>Excelente isotermia hasta 1150\u00a1\"C<\/td>\n<\/tr>\n<\/tbody>\n<\/table>\n<p>&nbsp;<\/p>\n<p class=\"whitespace-pre-wrap\">La aleaci\u00f3n mantiene una alta resistencia y dureza a temperaturas elevadas. Tiene buena ductilidad para el procesamiento por deformaci\u00f3n. El material resiste el agrietamiento por fatiga t\u00e9rmica.<\/p>\n<h2>Aplicaciones del polvo de n\u00edquel K403<\/h2>\n<p class=\"whitespace-pre-wrap\">El polvo K403 con base de n\u00edquel est\u00e1 dise\u00f1ado para su uso en entornos de alta temperatura. Las aplicaciones t\u00edpicas incluyen:<\/p>\n<p class=\"whitespace-pre-wrap\"><strong>Recubrimientos de aerosol t\u00e9rmicos:<\/strong> Se utiliza para aplicar revestimientos gruesos resistentes al desgaste, la corrosi\u00f3n y la oxidaci\u00f3n a altas temperaturas mediante pulverizaci\u00f3n con llama de alambre\/polvo o arco el\u00e9ctrico.<\/p>\n<p class=\"whitespace-pre-wrap\"><strong>Soldadura:<\/strong> Se utiliza como material de relleno para unir aleaciones de alta temperatura proporcionando resistencia a la oxidaci\u00f3n y a la corrosi\u00f3n.<\/p>\n<p class=\"whitespace-pre-wrap\"><strong>Soldadura:<\/strong> Excelente aleaci\u00f3n de aportaci\u00f3n para la soldadura fuerte de conjuntos que funcionan a m\u00e1s de 1000\u00a1\"C, como componentes de turbinas, intercambiadores de calor, etc.<\/p>\n<p class=\"whitespace-pre-wrap\"><strong>Fabricaci\u00f3n aditiva:<\/strong> La fusi\u00f3n selectiva por l\u00e1ser y otros procesos de fusi\u00f3n de lecho de polvo pueden utilizar polvo K403 para fabricar piezas.<\/p>\n<p class=\"whitespace-pre-wrap\"><strong>Turbinas de gas:<\/strong> Componentes de turbina pulvimetal\u00fargicos expuestos a trayectorias de gas caliente, como \u00e1labes, paletas y juntas.<\/p>\n<p class=\"whitespace-pre-wrap\"><strong>Industria qu\u00edmica:<\/strong> Componentes recubiertos de K403 en reactores de lecho fluidizado, intercambiadores de calor, separadores cicl\u00f3nicos.<\/p>\n<p class=\"whitespace-pre-wrap\"><strong>Industria del vidrio:<\/strong> Rodillos, gu\u00edas, deflectores pulverizados con polvo utilizados en hornos de fusi\u00f3n de vidrio y antehornos.<\/p>\n<p class=\"whitespace-pre-wrap\"><strong>Tratamiento t\u00e9rmico:<\/strong> Dispositivos, bandejas, cestas que funcionan en aplicaciones de alta temperatura.<\/p>\n<h2>Especificaciones y grados del polvo K403<\/h2>\n<p class=\"whitespace-pre-wrap\">El polvo de K403 est\u00e1 disponible en varios tama\u00f1os, morfolog\u00edas y grados:<\/p>\n<p class=\"whitespace-pre-wrap\"><strong>Tama\u00f1o de las part\u00edculas:<\/strong> Desde 10-45 micras para los m\u00e9todos AM, hasta 150 micras para los procesos de pulverizaci\u00f3n t\u00e9rmica.<\/p>\n<p class=\"whitespace-pre-wrap\"><strong>Morfolog\u00eda:<\/strong> Disponibles formas de part\u00edculas esf\u00e9ricas, irregulares y dendr\u00edticas. Los polvos esf\u00e9ricos son m\u00e1s fluidos.<\/p>\n<p class=\"whitespace-pre-wrap\"><strong>Calificaciones:<\/strong> El polvo puede adaptarse seg\u00fan las especificaciones AMS 7875, AMS 5887 u otras aleaciones de alta temperatura.<\/p>\n<p class=\"whitespace-pre-wrap\"><strong>Pureza:<\/strong> Polvo atomizado con gas arg\u00f3n de alta pureza disponible para aplicaciones cr\u00edticas.<\/p>\n<p class=\"whitespace-pre-wrap\"><strong>Personalizaci\u00f3n:<\/strong> La qu\u00edmica de la aleaci\u00f3n y las caracter\u00edsticas de las part\u00edculas pueden personalizarse seg\u00fan los requisitos de la aplicaci\u00f3n.<\/p>\n<h2>Proveedores mundiales de N\u00edquel en polvo K403<\/h2>\n<p class=\"whitespace-pre-wrap\">Algunos de los principales proveedores mundiales de polvo K403 a base de n\u00edquel son:<\/p>\n<table>\n<thead>\n<tr>\n<th>Compa\u00f1\u00eda<\/th>\n<th>Pa\u00eds<\/th>\n<\/tr>\n<\/thead>\n<tbody>\n<tr>\n<td>Sandvik<\/td>\n<td>Suecia<\/td>\n<\/tr>\n<tr>\n<td>Tecnolog\u00eda Carpenter<\/td>\n<td>EE. UU.<\/td>\n<\/tr>\n<tr>\n<td>Hoganas<\/td>\n<td>Suecia<\/td>\n<\/tr>\n<tr>\n<td>Praxair<\/td>\n<td>EE. UU.<\/td>\n<\/tr>\n<tr>\n<td>Polvo de CNPC<\/td>\n<td>China<\/td>\n<\/tr>\n<tr>\n<td>VDM Metales<\/td>\n<td>Alemania<\/td>\n<\/tr>\n<tr>\n<td>AMETEK<\/td>\n<td>EE. UU.<\/td>\n<\/tr>\n<\/tbody>\n<\/table>\n<p>&nbsp;<\/p>\n<p class=\"whitespace-pre-wrap\">Estas empresas producen polvo de K403 utilizando diversas t\u00e9cnicas, como la atomizaci\u00f3n con gas arg\u00f3n, la atomizaci\u00f3n con plasma y la fusi\u00f3n por inducci\u00f3n de electrodos, para conseguir las caracter\u00edsticas deseables del polvo.<\/p>\n<h2>Precios del polvo K403 a base de n\u00edquel<\/h2>\n<p class=\"whitespace-pre-wrap\">El polvo K403 a base de n\u00edquel es m\u00e1s costoso que los polvos de aleaciones simples debido a su compleja qu\u00edmica y procesamiento:<\/p>\n<ul class=\"list-disc pl-8 space-y-2\">\n<li class=\"whitespace-normal\"><strong>Cantidad<\/strong>Los precios oscilan entre $80-120\/kg para pedidos a granel superiores a 1.000 kg. Las cantidades inferiores tienen un precio superior.<\/li>\n<li class=\"whitespace-normal\"><strong>Calidad<\/strong>El polvo de alta pureza y morfolog\u00eda esf\u00e9rica fabricado en condiciones controladas mediante procesos avanzados exige precios superiores.<\/li>\n<li class=\"whitespace-normal\"><strong>Proveedor<\/strong>Los principales proveedores mundiales suelen ofrecer precios competitivos debido a sus mayores vol\u00famenes.<\/li>\n<li class=\"whitespace-normal\"><strong>Geograf\u00eda<\/strong>Los precios var\u00edan de una regi\u00f3n a otra: EE.UU. y Europa son mercados m\u00e1s caros que China e India.<\/li>\n<\/ul>\n<p class=\"whitespace-pre-wrap\">Para aplicaciones cr\u00edticas, los compradores deben centrarse en la calidad m\u00e1s que en el menor coste a la hora de adquirir polvo K403. El polvo que cumple las especificaciones es vital para el rendimiento.<\/p>\n<h2>Consideraciones de salud y seguridad para el polvo K403<\/h2>\n<p class=\"whitespace-pre-wrap\">Como polvo de aleaci\u00f3n met\u00e1lica, el K403 plantea algunos riesgos para la salud y la seguridad:<\/p>\n<ul class=\"list-disc pl-8 space-y-2\">\n<li class=\"whitespace-normal\">Los polvos finos pueden constituir un peligro de explosi\u00f3n. Evite la acumulaci\u00f3n de polvo y las fuentes de ignici\u00f3n.<\/li>\n<li class=\"whitespace-normal\">Puede provocar irritaci\u00f3n cut\u00e1nea y ocular en caso de exposici\u00f3n prolongada. Utilizar equipo de protecci\u00f3n individual.<\/li>\n<li class=\"whitespace-normal\">Debe evitarse la inhalaci\u00f3n. Utilizar protecci\u00f3n respiratoria durante la manipulaci\u00f3n del polvo.<\/li>\n<li class=\"whitespace-normal\">El polvo puede catalizar reacciones con oxidantes. Evitar el contacto entre materiales incompatibles.<\/li>\n<li class=\"whitespace-normal\">La correcta conexi\u00f3n a tierra del equipo, la ventilaci\u00f3n y las pr\u00e1cticas de higiene son esenciales para la manipulaci\u00f3n del polvo.<\/li>\n<li class=\"whitespace-normal\">Consulte las fichas de datos de seguridad aplicables de los proveedores para obtener informaci\u00f3n completa sobre los peligros para la salud.<\/li>\n<\/ul>\n<p class=\"whitespace-pre-wrap\">Los procedimientos de seguridad para polvos met\u00e1licos, como las cajas de guantes de gas inerte o los sistemas de supresi\u00f3n de explosiones, pueden aplicarse para proteger a los trabajadores.<\/p>\n<h2>Inspecci\u00f3n y ensayo de polvo K403<\/h2>\n<p class=\"whitespace-pre-wrap\">Para garantizar que el polvo de aleaci\u00f3n de n\u00edquel K403 se ajusta a las especificaciones, deben realizarse diversas pruebas e inspecciones:<\/p>\n<ul class=\"list-disc pl-8 space-y-2\">\n<li class=\"whitespace-normal\"><strong>Composici\u00f3n qu\u00edmica<\/strong>Verificar la composici\u00f3n de los principales elementos de aleaci\u00f3n mediante espectroscopia de emisi\u00f3n \u00f3ptica o fluorescencia de rayos X.<\/li>\n<li class=\"whitespace-normal\"><strong>Distribuci\u00f3n de granulometr\u00eda<\/strong>Evaluar el rango de tama\u00f1o de las part\u00edculas seg\u00fan la norma ASTM B822 mediante difracci\u00f3n l\u00e1ser.<\/li>\n<li class=\"whitespace-normal\"><strong>Morfolog\u00eda<\/strong>Inspeccionar la forma de la part\u00edcula y los defectos de la superficie bajo SEM. Comprobar si hay sat\u00e9lites o porosidad.<\/li>\n<li class=\"whitespace-normal\"><strong>Caudal<\/strong>Evaluar la fluidez y la densidad aparente seg\u00fan ASTM B213 utilizando un caudal\u00edmetro Hall.<\/li>\n<li class=\"whitespace-normal\"><strong>Impurezas<\/strong>Medir el contenido de ox\u00edgeno y nitr\u00f3geno mediante an\u00e1lisis de fusi\u00f3n de gases inertes. Minimizar las impurezas.<\/li>\n<li class=\"whitespace-normal\"><strong>Microestructura<\/strong>Comprobar las fases presentes mediante an\u00e1lisis de difracci\u00f3n de rayos X.<\/li>\n<li class=\"whitespace-normal\"><strong>Propiedades Mec\u00e1nicas<\/strong>Realizar ensayos de tracci\u00f3n y dureza de piezas pulvimetal\u00fargicas.<\/li>\n<\/ul>\n<p class=\"whitespace-pre-wrap\">Las pruebas de cualificaci\u00f3n y de lotes garantizan una calidad y un rendimiento constantes del polvo.<\/p>\n<h2>Comparaci\u00f3n del polvo K403 con el polvo IN738<\/h2>\n<p class=\"whitespace-pre-wrap\">K403 e IN738 son dos polvos de aleaci\u00f3n utilizados para aplicaciones de alta temperatura:<\/p>\n<table>\n<thead>\n<tr>\n<th>Par\u00e1metro<\/th>\n<th>Polvo K403<\/th>\n<th>IN738 Polvo<\/th>\n<\/tr>\n<\/thead>\n<tbody>\n<tr>\n<td>Composici\u00f3n<\/td>\n<td>Ni-Cr-Fe-Mo<\/td>\n<td>Ni-Cr-Co-Al-Ti<\/td>\n<\/tr>\n<tr>\n<td>Resistencia a la oxidaci\u00f3n<\/td>\n<td>Excelente hasta 1150\u00a1\u00abC<\/td>\n<td>Muy buena hasta 1100\u00a1\"C<\/td>\n<\/tr>\n<tr>\n<td>Coste<\/td>\n<td>Alto<\/td>\n<td>Inferior<\/td>\n<\/tr>\n<tr>\n<td>Estabilidad de fase<\/td>\n<td>Muy bueno<\/td>\n<td>Pobre<\/td>\n<\/tr>\n<tr>\n<td>Resistencia mec\u00e1nica<\/td>\n<td>Alta hasta 1050\u00a1\"C<\/td>\n<td>Bueno hasta 750\u00a1\"C<\/td>\n<\/tr>\n<tr>\n<td>Fabricaci\u00f3n<\/td>\n<td>Medio<\/td>\n<td>F\u00e1cil<\/td>\n<\/tr>\n<tr>\n<td>SOLICITUDES<\/td>\n<td>Proyecci\u00f3n t\u00e9rmica, soldadura<\/td>\n<td>Componentes de turbina, piezas AM<\/td>\n<\/tr>\n<tr>\n<td>Disponibilidad<\/td>\n<td>Moderado<\/td>\n<td>Disponible<\/td>\n<\/tr>\n<\/tbody>\n<\/table>\n<p>&nbsp;<\/p>\n<p class=\"whitespace-pre-wrap\">Para temperaturas extremas superiores a 1100\u00a1\"C que requieran estabilidad de fase, se prefiere el K403 a pesar de su mayor coste. El IN738 es m\u00e1s f\u00e1cil de fabricar y m\u00e1s barato.<\/p>\n<h2>Preguntas frecuentes<\/h2>\n<p class=\"whitespace-pre-wrap\"><strong>P: \u00bfPara qu\u00e9 se utiliza el polvo de n\u00edquel K403?<\/strong><\/p>\n<p class=\"whitespace-pre-wrap\">R: El polvo K403 est\u00e1 dise\u00f1ado para aplicaciones de alta temperatura, como recubrimientos por pulverizaci\u00f3n t\u00e9rmica, soldadura fuerte, soldadura blanda y fabricaci\u00f3n aditiva, en las que se requiere una resistencia a la oxidaci\u00f3n y a la corrosi\u00f3n de hasta 1150\u00baC.<\/p>\n<p class=\"whitespace-pre-wrap\"><strong>P: \u00bfQu\u00e9 tama\u00f1o de part\u00edcula se utiliza para la proyecci\u00f3n t\u00e9rmica de polvo K403?<\/strong><\/p>\n<p class=\"whitespace-pre-wrap\">R: El polvo K403 m\u00e1s grueso, de hasta 150 micras, se utiliza habitualmente en procesos de pulverizaci\u00f3n t\u00e9rmica como la pulverizaci\u00f3n por arco de alambre para maximizar la eficacia de la deposici\u00f3n y el espesor del revestimiento.<\/p>\n<p class=\"whitespace-pre-wrap\"><strong>P: \u00bfEs adecuado el K403 para la fabricaci\u00f3n aditiva por fusi\u00f3n de lecho de polvo l\u00e1ser?<\/strong><\/p>\n<p class=\"whitespace-pre-wrap\">R: S\u00ed, el polvo fino de K403 puede utilizarse en m\u00e1quinas de fusi\u00f3n selectiva por l\u00e1ser para fabricar piezas de geometr\u00eda compleja que funcionen bien en entornos de alta temperatura.<\/p>\n<p class=\"whitespace-pre-wrap\"><strong>P: \u00bfC\u00f3mo se compara el K403 con la aleaci\u00f3n Haynes 214?<\/strong><\/p>\n<p class=\"whitespace-pre-wrap\">R: El K403 tiene una resistencia a altas temperaturas y a la oxidaci\u00f3n ligeramente superior a la del Haynes 214. Pero Haynes 214 ofrece excelentes caracter\u00edsticas de fabricaci\u00f3n y menor coste.<\/p>\n<p class=\"whitespace-pre-wrap\"><strong>P: \u00bfCu\u00e1les son los principales peligros para la salud del polvo K403?<\/strong><\/p>\n<p class=\"whitespace-pre-wrap\">R: El polvo fino K403 plantea riesgos de explosi\u00f3n del polvo. Tambi\u00e9n puede irritar la piel y los ojos. Debe evitarse su inhalaci\u00f3n. Utilice el equipo de protecci\u00f3n adecuado cuando manipule el polvo K403.<\/p>\n<p class=\"whitespace-pre-wrap\"><strong>P: \u00bfD\u00f3nde puedo comprar polvo K403 para aplicaciones de soldadura fuerte a alta temperatura?<\/strong><\/p>\n<p class=\"whitespace-pre-wrap\">R: Proveedores l\u00edderes como Sandvik, Carpenter Powder Products, Praxair Supply disponen de polvo de aleaci\u00f3n de n\u00edquel K403 adecuado para soldadura fuerte a alta temperatura. Tenga en cuenta el tama\u00f1o de part\u00edcula y los niveles de pureza recomendados en funci\u00f3n de su aplicaci\u00f3n espec\u00edfica.<\/p>\n<p><\/span><\/span><\/p>","protected":false},"excerpt":{"rendered":"<p>Descripci\u00f3n general del polvo K403 a base de n\u00edquel El polvo K403 es un polvo de aleaci\u00f3n de n\u00edquel-cromo-hierro-molibdeno. Ofrece una excelente resistencia a la oxidaci\u00f3n, la corrosi\u00f3n y el agrietamiento por fatiga t\u00e9rmica. El K403 tiene una buena estabilidad de fase a altas temperaturas. Las principales caracter\u00edsticas del polvo de K403 son Excelente resistencia a altas temperaturas y a la fluencia Resiste la oxidaci\u00f3n y la corrosi\u00f3n en caliente hasta 1150\u00a1\"C Mantiene las propiedades bajo...<\/p>","protected":false},"featured_media":1820,"parent":0,"template":"","meta":{"_acf_changed":false,"_kad_blocks_custom_css":"","_kad_blocks_head_custom_js":"","_kad_blocks_body_custom_js":"","_kad_blocks_footer_custom_js":"","_kad_post_transparent":"","_kad_post_title":"","_kad_post_layout":"","_kad_post_sidebar_id":"","_kad_post_content_style":"","_kad_post_vertical_padding":"","_kad_post_feature":"","_kad_post_feature_position":"","_kad_post_header":false,"_kad_post_footer":false,"_kad_post_classname":""},"product-category":[119,120],"class_list":["post-3909","product","type-product","status-publish","has-post-thumbnail","hentry","product-category-3d-printing-metal-powder","product-category-high-temperature-alloy-powder"],"acf":[],"taxonomy_info":{"product-category":[{"value":119,"label":"3D Printing Metal Powder"},{"value":120,"label":"High Temperature Alloy Powder"}]},"featured_image_src_large":["https:\/\/3dpmetal.com\/wp-content\/uploads\/2024\/02\/K403-Powder.jpg",600,600,false],"author_info":[],"comment_info":"","_links":{"self":[{"href":"https:\/\/3dpmetal.com\/es\/wp-json\/wp\/v2\/product\/3909","targetHints":{"allow":["GET"]}}],"collection":[{"href":"https:\/\/3dpmetal.com\/es\/wp-json\/wp\/v2\/product"}],"about":[{"href":"https:\/\/3dpmetal.com\/es\/wp-json\/wp\/v2\/types\/product"}],"wp:featuredmedia":[{"embeddable":true,"href":"https:\/\/3dpmetal.com\/es\/wp-json\/wp\/v2\/media\/1820"}],"wp:attachment":[{"href":"https:\/\/3dpmetal.com\/es\/wp-json\/wp\/v2\/media?parent=3909"}],"wp:term":[{"taxonomy":"product-category","embeddable":true,"href":"https:\/\/3dpmetal.com\/es\/wp-json\/wp\/v2\/product-category?post=3909"}],"curies":[{"name":"wp","href":"https:\/\/api.w.org\/{rel}","templated":true}]}}