{"id":3916,"date":"2024-03-18T06:10:14","date_gmt":"2024-03-18T06:10:14","guid":{"rendered":"https:\/\/3dp.45612300.xyz\/product\/copper-base-solder\/"},"modified":"2024-03-18T06:10:14","modified_gmt":"2024-03-18T06:10:14","slug":"copper-base-solder","status":"publish","type":"product","link":"https:\/\/3dpmetal.com\/es\/product\/copper-base-solder\/","title":{"rendered":"Soldadura a base de cobre"},"content":{"rendered":"<p><span style=\"vertical-align: inherit;\"><span style=\"vertical-align: inherit;\"><\/p>\n<h2>Descripci\u00f3n del producto<\/h2>\n<p>La pasta de soldadura de cobre se prepara mediante un proceso especial a partir de polvo de soldadura fuerte a base de cobre, rastros de componentes activos, disolventes, portadores de pol\u00edmeros y otros aditivos.<\/p>\n<h2>Calificaciones y especificaciones<\/h2>\n<div>\n<table>\n<tbody>\n<tr>\n<td data-sheets-value=\"{&quot;1&quot;:2,&quot;2&quot;:&quot;Model&quot;}\">Modelo<\/td>\n<td data-sheets-value=\"{&quot;1&quot;:2,&quot;2&quot;:&quot;Product Type&quot;}\">Tipo de producto<\/td>\n<td data-sheets-value=\"{&quot;1&quot;:2,&quot;2&quot;:&quot;Composition(wt%)&quot;}\">Composici\u00f3n (wt%)<\/td>\n<td data-sheets-value=\"{&quot;1&quot;:2,&quot;2&quot;:&quot;Powder Size&quot;}\">Tama\u00f1o de polvo (M)<\/td>\n<td data-sheets-value=\"{&quot;1&quot;:2,&quot;2&quot;:&quot;Brazing temperature(C)&quot;}\">Temperatura de soldadura fuerte (\u00a1\u00cd)<\/td>\n<td data-sheets-value=\"{&quot;1&quot;:2,&quot;2&quot;:&quot;Brazing method&quot;}\">\n<div>\n<div>M\u00e9todo de brasado<\/div>\n<\/div>\n<\/td>\n<\/tr>\n<tr>\n<td data-sheets-value=\"{&quot;1&quot;:2,&quot;2&quot;:&quot;YTCu-1&quot;}\">YTCu-1<\/td>\n<td data-sheets-value=\"{&quot;1&quot;:2,&quot;2&quot;:&quot;Paste&quot;}\">Pegar<\/td>\n<td data-sheets-value=\"{&quot;1&quot;:2,&quot;2&quot;:&quot;Cu:93:P:7&quot;}\">Cu:93:P:7<\/td>\n<td data-sheets-value=\"{&quot;1&quot;:2,&quot;2&quot;:&quot;-200n-235&quot;}\">-200<br \/>\n-235<\/td>\n<td data-sheets-value=\"{&quot;1&quot;:2,&quot;2&quot;:&quot;743-840&quot;}\">743-840<\/td>\n<td colspan=\"1\" rowspan=\"5\" data-sheets-value=\"{&quot;1&quot;:2,&quot;2&quot;:&quot;FuranceflameresistancenHigh frequency brazing&quot;}\">\n<div>Horno, llama, resistencia<br \/>\nSoldadura fuerte de alta frecuencia<\/div>\n<\/td>\n<\/tr>\n<tr>\n<td data-sheets-value=\"{&quot;1&quot;:2,&quot;2&quot;:&quot;YTCu-2&quot;}\">YTCu-2<\/td>\n<td data-sheets-value=\"{&quot;1&quot;:2,&quot;2&quot;:&quot;Paste&quot;}\">Pegar<\/td>\n<td data-sheets-value=\"{&quot;1&quot;:2,&quot;2&quot;:&quot;Cu:92.5;P:7.5&quot;}\">Cu:92.5;P:7.5<\/td>\n<td data-sheets-value=\"{&quot;1&quot;:2,&quot;2&quot;:&quot;-200n-235&quot;}\">-200<br \/>\n-235<\/td>\n<td data-sheets-value=\"{&quot;1&quot;:2,&quot;2&quot;:&quot;730-830&quot;}\">730-830<\/td>\n<\/tr>\n<tr>\n<td data-sheets-value=\"{&quot;1&quot;:2,&quot;2&quot;:&quot;YTCu-3&quot;}\">YTCu-3<\/td>\n<td data-sheets-value=\"{&quot;1&quot;:2,&quot;2&quot;:&quot;Paste&quot;}\">Pegar<\/td>\n<td data-sheets-value=\"{&quot;1&quot;:2,&quot;2&quot;:&quot;Cu:86;P:7;Sn:7&quot;}\">Cu:86;P:7;Sn:7<\/td>\n<td data-sheets-value=\"{&quot;1&quot;:2,&quot;2&quot;:&quot;-200n-235&quot;}\">-200<br \/>\n-235<\/td>\n<td data-sheets-value=\"{&quot;1&quot;:2,&quot;2&quot;:&quot;700-750&quot;}\">700-750<\/td>\n<\/tr>\n<tr>\n<td data-sheets-value=\"{&quot;1&quot;:2,&quot;2&quot;:&quot;YTCu-4&quot;}\">YTCu-4<\/td>\n<td data-sheets-value=\"{&quot;1&quot;:2,&quot;2&quot;:&quot;Paste&quot;}\">Pegar<\/td>\n<td data-sheets-value=\"{&quot;1&quot;:2,&quot;2&quot;:&quot;Cu:75;Sn;P;Ni, etc.&quot;}\">Cu:75;Sn;P;Ni, etc.<\/td>\n<td data-sheets-value=\"{&quot;1&quot;:2,&quot;2&quot;:&quot;-200n-235&quot;}\">-200<br \/>\n-235<\/td>\n<td data-sheets-value=\"{&quot;1&quot;:2,&quot;2&quot;:&quot;600-650&quot;}\">600-650<\/td>\n<\/tr>\n<tr>\n<td data-sheets-value=\"{&quot;1&quot;:3,&quot;3&quot;:9414}\">9414<\/td>\n<td data-sheets-value=\"{&quot;1&quot;:2,&quot;2&quot;:&quot;Powder&quot;}\">Polvo<\/td>\n<td data-sheets-value=\"{&quot;1&quot;:2,&quot;2&quot;:&quot;Cu:88;Ni:5;Sn:7&quot;}\">Cu:88;Ni:5;Sn:7<\/td>\n<td data-sheets-value=\"{&quot;1&quot;:2,&quot;2&quot;:&quot;-200n-235&quot;}\">-200<br \/>\n-235<\/td>\n<td data-sheets-value=\"{&quot;1&quot;:2,&quot;2&quot;:&quot;890-900&quot;}\">890-900<\/td>\n<\/tr>\n<\/tbody>\n<\/table>\n<\/div>\n<p>1. Adecuado para soldadura al fuego, soldadura por resistencia, soldadura de alta frecuencia y soldadura en horno entre varias aleaciones de cobre y cobre.<\/p>\n<p>2. La pasta de soldadura se puede aplicar manualmente en el \u00e1rea a soldar, y tambi\u00e9n se puede utilizar para impresi\u00f3n de plantilla semiautom\u00e1tica y autom\u00e1tica e inyecci\u00f3n de aguja. Es eficiente y sencilla, y puede controlar cuantitativamente la cantidad de pasta de soldadura utilizada, lo que mejora enormemente la eficiencia del trabajo y el rendimiento del producto, y tambi\u00e9n mejora el entorno de trabajo.<\/p>\n<p>3. La pasta de soldadura a base de cobre y f\u00f3sforo se utiliza ampliamente en la soldadura y fabricaci\u00f3n de productos de cobre como tubos de cobre, tubos de calefacci\u00f3n el\u00e9ctrica de aleaci\u00f3n de cobre, piezas de hardware y varios radiadores de cobre. En el campo de soldadura resistente, se utiliza ampliamente en la soldadura resistente de varios componentes electr\u00f3nicos, tales como disyuntores, medidores el\u00e9ctricos y otros componentes.<\/p>\n<div id=\"gtx-trans\" style=\"position: absolute; left: 582px; top: 188.625px;\">\n<div class=\"gtx-trans-icon\"><\/div>\n<\/div>\n<p><\/span><\/span><\/p>","protected":false},"excerpt":{"rendered":"<p>Product description Copper solder paste is prepared by a special process from copper-based brazing powder, trace active components, solvents, polymer carriers and other additives. Grades and specifications Model Product Type Composition(wt%) Powder Size(M) Brazing temperature(\u00a1\u00cd) Brazing method YTCu-1 Paste Cu:93:P:7 -200 -235 743-840 Furance, flame, resistance, High frequency brazing YTCu-2 Paste Cu:92.5;P:7.5 -200 -235 730-830&#8230;<\/p>","protected":false},"featured_media":1833,"parent":0,"template":"","meta":{"_acf_changed":false,"_kad_blocks_custom_css":"","_kad_blocks_head_custom_js":"","_kad_blocks_body_custom_js":"","_kad_blocks_footer_custom_js":"","_kad_post_transparent":"","_kad_post_title":"","_kad_post_layout":"","_kad_post_sidebar_id":"","_kad_post_content_style":"","_kad_post_vertical_padding":"","_kad_post_feature":"","_kad_post_feature_position":"","_kad_post_header":false,"_kad_post_footer":false,"_kad_post_classname":""},"product-category":[119,129],"class_list":["post-3916","product","type-product","status-publish","has-post-thumbnail","hentry","product-category-3d-printing-metal-powder","product-category-copper-alloy-powder"],"acf":[],"taxonomy_info":{"product-category":[{"value":119,"label":"3D Printing Metal Powder"},{"value":129,"label":"Copper Alloy Powder"}]},"featured_image_src_large":["https:\/\/3dpmetal.com\/wp-content\/uploads\/2024\/02\/Copper-base-Solder.png",600,600,false],"author_info":[],"comment_info":"","_links":{"self":[{"href":"https:\/\/3dpmetal.com\/es\/wp-json\/wp\/v2\/product\/3916","targetHints":{"allow":["GET"]}}],"collection":[{"href":"https:\/\/3dpmetal.com\/es\/wp-json\/wp\/v2\/product"}],"about":[{"href":"https:\/\/3dpmetal.com\/es\/wp-json\/wp\/v2\/types\/product"}],"wp:featuredmedia":[{"embeddable":true,"href":"https:\/\/3dpmetal.com\/es\/wp-json\/wp\/v2\/media\/1833"}],"wp:attachment":[{"href":"https:\/\/3dpmetal.com\/es\/wp-json\/wp\/v2\/media?parent=3916"}],"wp:term":[{"taxonomy":"product-category","embeddable":true,"href":"https:\/\/3dpmetal.com\/es\/wp-json\/wp\/v2\/product-category?post=3916"}],"curies":[{"name":"wp","href":"https:\/\/api.w.org\/{rel}","templated":true}]}}