{"id":3917,"date":"2024-03-18T06:10:14","date_gmt":"2024-03-18T06:10:14","guid":{"rendered":"https:\/\/3dp.45612300.xyz\/product\/430l-powder\/"},"modified":"2024-03-18T06:10:14","modified_gmt":"2024-03-18T06:10:14","slug":"430l-powder","status":"publish","type":"product","link":"https:\/\/3dpmetal.com\/es\/product\/430l-powder\/","title":{"rendered":"Polvo 430 l"},"content":{"rendered":"<p><span style=\"vertical-align: inherit;\"><span style=\"vertical-align: inherit;\"><\/p>\n<h2>Descripci\u00f3n general del polvo 430L<\/h2>\n<p class=\"whitespace-pre-wrap\">El polvo 430L es un polvo de acero inoxidable ferr\u00edtico que contiene 17% de cromo con a\u00f1adidos de molibdeno y niobio para mejorar su resistencia a la corrosi\u00f3n. Provee un equilibrio \u00f3ptimo entre resistencia a la corrosi\u00f3n, resistencia, soldabilidad y coste.<\/p>\n<p class=\"whitespace-pre-wrap\">Propiedades clave y ventajas del polvo 430L:<\/p>\n<p class=\"whitespace-pre-wrap\"><strong>Propiedades y caracter\u00edsticas de los polvos 430L<\/strong><\/p>\n<table>\n<thead>\n<tr>\n<th>Propiedades<\/th>\n<th>Detalles<\/th>\n<\/tr>\n<\/thead>\n<tbody>\n<tr>\n<td>Composici\u00f3n<\/td>\n<td>Aleaci\u00f3n Fe-17Cr-Nb-Mo<\/td>\n<\/tr>\n<tr>\n<td>Densidad<\/td>\n<td>7,7 g\/cc<\/td>\n<\/tr>\n<tr>\n<td>Forma de las part\u00edculas<\/td>\n<td>Irregular, angular<\/td>\n<\/tr>\n<tr>\n<td>Rango de tama\u00f1os<\/td>\n<td>10-150 micras<\/td>\n<\/tr>\n<tr>\n<td>Densidad aparente<\/td>\n<td>Hasta 50% de densidad verdadera<\/td>\n<\/tr>\n<tr>\n<td>Fluidez<\/td>\n<td>Moderado<\/td>\n<\/tr>\n<tr>\n<td>Resistencia a la corrosi\u00f3n<\/td>\n<td>Excelente en muchos entornos<\/td>\n<\/tr>\n<tr>\n<td>Fortalecimiento<\/td>\n<td>Solidificaci\u00f3n de soluciones y fortalecimiento por precipitaci\u00f3n<\/td>\n<\/tr>\n<\/tbody>\n<\/table>\n<p class=\"whitespace-pre-wrap\">El polvo 430L se utiliza ampliamente en el procesamiento qu\u00edmico, los herrajes marinos, los componentes de escape automotrices, las v\u00e1lvulas y bridas industriales, y piezas estructurales que necesitan resistencia a la intemperie.<\/p>\n<h2>Composici\u00f3n del polvo 430L<\/h2>\n<p class=\"whitespace-pre-wrap\">Composici\u00f3n t\u00edpica del polvo de acero inoxidable 430L:<\/p>\n<p class=\"whitespace-pre-wrap\"><strong>Composici\u00f3n del polvo 430L<\/strong><\/p>\n<table>\n<thead>\n<tr>\n<th>Elemento<\/th>\n<th>Porcentaje de peso<\/th>\n<\/tr>\n<\/thead>\n<tbody>\n<tr>\n<td>Hierro (Fe)<\/td>\n<td>Equilibrio<\/td>\n<\/tr>\n<tr>\n<td>Cromo (Cr)<\/td>\n<td>16-18%<\/td>\n<\/tr>\n<tr>\n<td>Carbono (C)<\/td>\n<td>0,12 % m\u00e1x.<\/td>\n<\/tr>\n<tr>\n<td>Silicio (Si)<\/td>\n<td>1 % m\u00e1ximo<\/td>\n<\/tr>\n<tr>\n<td>Manganeso (Mn)<\/td>\n<td>1 % m\u00e1ximo<\/td>\n<\/tr>\n<tr>\n<td>Molibdeno (Mo)<\/td>\n<td>0,5% m\u00e1x<\/td>\n<\/tr>\n<tr>\n<td>Niobio (Nb)<\/td>\n<td>0.3-0.6%<\/td>\n<\/tr>\n<tr>\n<td>Nitrogeno (N)<\/td>\n<td>0,03% m\u00e1x<\/td>\n<\/tr>\n<tr>\n<td>Azufre (S)<\/td>\n<td>0,03% m\u00e1x<\/td>\n<\/tr>\n<\/tbody>\n<\/table>\n<ul class=\"list-disc pl-8 space-y-2\">\n<li class=\"whitespace-normal\">El hierro aporta la matriz base y ductilidad<\/li>\n<li class=\"whitespace-normal\">El cromo mejora la resistencia a la corrosi\u00f3n y la oxidaci\u00f3n<\/li>\n<li class=\"whitespace-normal\">El niobio y el molibdeno proporcionan un refuerzo por precipitaci\u00f3n<\/li>\n<li class=\"whitespace-normal\">El carbono, el nitr\u00f3geno y el azufre se controlan como impurezas<\/li>\n<\/ul>\n<p class=\"whitespace-pre-wrap\">La composici\u00f3n est\u00e1 dise\u00f1ada para proporcionar \u00f3ptima resistencia a la corrosi\u00f3n mientras conserva la ductilidad, tenacidad y soldabilidad id\u00f3neas.<\/p>\n<p><img loading=\"lazy\" decoding=\"async\" class=\"size-medium wp-image-1409 aligncenter\" src=\"https:\/\/met3dp.com\/wp-content\/uploads\/2023\/09\/ed7a94ec-3c10-4b1b-87ed--300x300.jpg\" alt=\"Polvo 430 l\" width=\"300\" height=\"300\" title=\"\"><\/p>\n<h2>Propiedades f\u00edsicas del polvo 430L<\/h2>\n<p class=\"whitespace-pre-wrap\"><strong>Propiedades f\u00edsicas del polvo 430L<\/strong><\/p>\n<table>\n<thead>\n<tr>\n<th>Propiedad<\/th>\n<th>Valores<\/th>\n<\/tr>\n<\/thead>\n<tbody>\n<tr>\n<td>Densidad<\/td>\n<td>7,7 g\/cc<\/td>\n<\/tr>\n<tr>\n<td>Punto de Fusi\u00f3n<\/td>\n<td>1400-1450\u00a1\u00abC<\/td>\n<\/tr>\n<tr>\n<td>Resistividad el\u00e9ctrica<\/td>\n<td>0,6-0,7 \u00c3\u2014 10\u00ce\u00bcm<\/td>\n<\/tr>\n<tr>\n<td>Conductividad t\u00e9rmica<\/td>\n<td>26 W\/mK<\/td>\n<\/tr>\n<tr>\n<td>Temperatura de Curie<\/td>\n<td>1440\u00a1\u00abC<\/td>\n<\/tr>\n<tr>\n<td>Temperatura m\u00e1xima de servicio<\/td>\n<td>650-750\u00a1\u00abC<\/td>\n<\/tr>\n<\/tbody>\n<\/table>\n<ul class=\"list-disc pl-8 space-y-2\">\n<li class=\"whitespace-normal\">La densidad es moderadamente alta para un acero inoxidable<\/li>\n<li class=\"whitespace-normal\">Proporciona resistencia a la corrosi\u00f3n y a altas temperaturas<\/li>\n<li class=\"whitespace-normal\">Resistividad superior a la del hierro puro o las aleaciones de hierro bajas.<\/li>\n<li class=\"whitespace-normal\">Se convierte en paramagn\u00e9tico por encima del punto Curie<\/li>\n<li class=\"whitespace-normal\">Puede soportar temperaturas de funcionamiento moderadamente altas<\/li>\n<\/ul>\n<p class=\"whitespace-pre-wrap\">Las propiedades f\u00edsicas hacen que 430L sea adecuado para entornos corrosivos y aplicaciones con temperatura moderadamente alta que requieren resistencia a la oxidaci\u00f3n.<\/p>\n<h2>Propiedades mec\u00e1nicas del polvo: 430L<\/h2>\n<p class=\"whitespace-pre-wrap\"><strong>Propiedades mec\u00e1nicas del polvo: 430L<\/strong><\/p>\n<table>\n<thead>\n<tr>\n<th>Propiedad<\/th>\n<th>Valores<\/th>\n<\/tr>\n<\/thead>\n<tbody>\n<tr>\n<td>Resistencia a la tensi\u00f3n<\/td>\n<td>450-650 MPa<\/td>\n<\/tr>\n<tr>\n<td>Resistencia el\u00e1stica<\/td>\n<td>250-350 MPa<\/td>\n<\/tr>\n<tr>\n<td>Elongaci\u00f3n<\/td>\n<td>35-45%<\/td>\n<\/tr>\n<tr>\n<td>M\u00f3dulo de elasticidad<\/td>\n<td>190-210 GPa<\/td>\n<\/tr>\n<tr>\n<td>Dureza<\/td>\n<td>80-90 HRB<\/td>\n<\/tr>\n<tr>\n<td>Resistencia al impacto<\/td>\n<td>50-100 J<\/td>\n<\/tr>\n<\/tbody>\n<\/table>\n<ul class=\"list-disc pl-8 space-y-2\">\n<li class=\"whitespace-normal\">Provee una resistencia moderadamente alta para un acero inoxidable<\/li>\n<li class=\"whitespace-normal\">Excelente ductilidad y tenacidad a la rotura<\/li>\n<li class=\"whitespace-normal\">El calor es un factor importante para que la fuerza aumente<\/li>\n<li class=\"whitespace-normal\">La dureza es relativamente baja en comparaci\u00f3n con los grados martens\u00edticos<\/li>\n<\/ul>\n<p class=\"whitespace-pre-wrap\">Las propiedades proporcionan una buena combinaci\u00f3n de resistencia, ductilidad y dureza necesarias para muchos ambientes corrosivos y condiciones de carga.<\/p>\n<h2>Aplicaciones del polvo 430L<\/h2>\n<p class=\"whitespace-pre-wrap\">Las aplicaciones t\u00edpicas del polvo de acero inoxidable 430L incluyen:<\/p>\n<p class=\"whitespace-pre-wrap\"><strong>Aplicaciones del polvo 430L<\/strong><\/p>\n<table>\n<thead>\n<tr>\n<th>Industria<\/th>\n<th>Ejemplos de uso<\/th>\n<\/tr>\n<\/thead>\n<tbody>\n<tr>\n<td>Qu\u00edmico<\/td>\n<td>Tanques, v\u00e1lvulas, tuber\u00edas, bombas<\/td>\n<\/tr>\n<tr>\n<td>Automovil\u00edstico<\/td>\n<td>Componentes de escape, piezas de inyecci\u00f3n de combustible<\/td>\n<\/tr>\n<tr>\n<td>Construcci\u00f3n<\/td>\n<td>Revestimiento, elementos arquitect\u00f3nicos<\/td>\n<\/tr>\n<tr>\n<td>Petr\u00f3leo y gas<\/td>\n<td>Equipos para cabezales de pozos, herramientas de perforaci\u00f3n<\/td>\n<\/tr>\n<tr>\n<td>Fabricaci\u00f3n<\/td>\n<td>Herramientas de prensado, moldes, troqueles<\/td>\n<\/tr>\n<\/tbody>\n<\/table>\n<p class=\"whitespace-pre-wrap\">Algunos usos espec\u00edficos del producto:<\/p>\n<ul class=\"list-disc pl-8 space-y-2\">\n<li class=\"whitespace-normal\">Accesorios marinos como barandillas, bisagras, cierres<\/li>\n<li class=\"whitespace-normal\">Colectores de escape automotrices, silenciadores, convertidores catal\u00edticos<\/li>\n<li class=\"whitespace-normal\">Equipos de procesamiento qu\u00edmico, como v\u00e1lvulas y bridas<\/li>\n<li class=\"whitespace-normal\">Productos tubulares tubulares para pa\u00edses petroleros para entornos de fondo de pozo<\/li>\n<li class=\"whitespace-normal\">Revestimientos arquitect\u00f3nicos, revestimientos y elementos decorativos<\/li>\n<\/ul>\n<p class=\"whitespace-pre-wrap\">Su excelente resistencia a la corrosi\u00f3n combinada con una buena manufacturabilidad hace que el 430L sea ampliamente utilizado en industrias que necesitan resistencia a la intemperie y a la oxidaci\u00f3n.<\/p>\n<h2>Especificaciones del polvo de 430L<\/h2>\n<p class=\"whitespace-pre-wrap\">Especificaciones y est\u00e1ndares relevantes:<\/p>\n<p class=\"whitespace-pre-wrap\"><strong>Est\u00e1ndares en polvo 430L<\/strong><\/p>\n<table>\n<thead>\n<tr>\n<th>Est\u00e1ndar<\/th>\n<th>Descripci\u00f3n<\/th>\n<\/tr>\n<\/thead>\n<tbody>\n<tr>\n<td>ASTM A743<\/td>\n<td>Norma para piezas fundidas de acero al cromo resistentes a la corrosi\u00f3n<\/td>\n<\/tr>\n<tr>\n<td>ASTM A744<\/td>\n<td>Norma para chapas y flejes de acero al cromo resistente a la corrosi\u00f3n<\/td>\n<\/tr>\n<tr>\n<td>AMS 5759<\/td>\n<td>Barra de acero, alambre de acero forjado, resistente a la corrosi\u00f3n con recocido<\/td>\n<\/tr>\n<tr>\n<td>SAE J405<\/td>\n<td>Chapa de acero de intemperie automotriz<\/td>\n<\/tr>\n<tr>\n<td>DIN 17440<\/td>\n<td>Aceros inoxidables para aplicaciones resistentes a la corrosion<\/td>\n<\/tr>\n<\/tbody>\n<\/table>\n<p class=\"whitespace-pre-wrap\">Estas normas definen:<\/p>\n<ul class=\"list-disc pl-8 space-y-2\">\n<li class=\"whitespace-normal\">L\u00edmites de composici\u00f3n qu\u00edmica de la aleaci\u00f3n 430L<\/li>\n<li class=\"whitespace-normal\">Niveles permisibles de impurezas como S, P<\/li>\n<li class=\"whitespace-normal\">Propiedades mec\u00e1nicas requeridas<\/li>\n<li class=\"whitespace-normal\">M\u00e9todos de producci\u00f3n aprobados<\/li>\n<li class=\"whitespace-normal\">Protocolos de prueba de cumplimiento<\/li>\n<li class=\"whitespace-normal\">Embalaje, etiquetado y documentaci\u00f3n adecuados.<\/li>\n<\/ul>\n<p class=\"whitespace-pre-wrap\">Cumplir con los requisitos de certificaci\u00f3n asegura la idoneidad del polvo para los mercados y las aplicaciones objetivo.<\/p>\n<h2>Tama\u00f1os de part\u00edcula de polvo 430L<\/h2>\n<p class=\"whitespace-pre-wrap\"><strong>Distribuci\u00f3n granulom\u00e9trica de part\u00edculas de 430L<\/strong><\/p>\n<table>\n<thead>\n<tr>\n<th>Tama\u00f1o de part\u00edcula<\/th>\n<th>Caracter\u00edsticas<\/th>\n<\/tr>\n<\/thead>\n<tbody>\n<tr>\n<td>10-45 micras<\/td>\n<td>Tama\u00f1o ultrafino para alta densidad y acabado superficial<\/td>\n<\/tr>\n<tr>\n<td>45 - 150 micras<\/td>\n<td>El tama\u00f1o grueso de grano proporciona buena fluidez<\/td>\n<\/tr>\n<tr>\n<td>15-150 micrones<\/td>\n<td>Grado est\u00e1ndar para prensado y sinterizado<\/td>\n<\/tr>\n<\/tbody>\n<\/table>\n<ul class=\"list-disc pl-8 space-y-2\">\n<li class=\"whitespace-normal\">Las part\u00edculas m\u00e1s finas permiten una mayor densificaci\u00f3n durante la sinterizaci\u00f3n<\/li>\n<li class=\"whitespace-normal\">El polvo m\u00e1s grueso fluye mejor y llena las cavidades de la matriz m\u00e1s uniformemente<\/li>\n<li class=\"whitespace-normal\">El rango de tama\u00f1os se adapta en funci\u00f3n de las propiedades finales de la pieza necesarias<\/li>\n<li class=\"whitespace-normal\">Hay polvos atomizados a gas y a agua disponibles<\/li>\n<\/ul>\n<p class=\"whitespace-pre-wrap\">Controlar la distribuci\u00f3n del tama\u00f1o de part\u00edcula permite optimizar el comportamiento de procesamiento y el rendimiento de la pieza final.<\/p>\n<h2>Densidad aparente del polvo 430 L<\/h2>\n<p class=\"whitespace-pre-wrap\"><strong>Densidad aparente del polvo 430 L<\/strong><\/p>\n<table>\n<thead>\n<tr>\n<th>Densidad aparente<\/th>\n<th>Detalles<\/th>\n<\/tr>\n<\/thead>\n<tbody>\n<tr>\n<td>Hasta 50% de densidad verdadera<\/td>\n<td>Para morfolog\u00eda irregular de polvo<\/td>\n<\/tr>\n<tr>\n<td>3,5-4,5 g\/cc generalmente<\/td>\n<td>Mejora con una mayor densidad de empaque<\/td>\n<\/tr>\n<\/tbody>\n<\/table>\n<ul class=\"list-disc pl-8 space-y-2\">\n<li class=\"whitespace-normal\">Una mayor densidad aparente mejora el flujo y la compresibilidad del polvo<\/li>\n<li class=\"whitespace-normal\">La morfolog\u00eda irregular limita la densidad m\u00e1xima de empaquetamiento<\/li>\n<li class=\"whitespace-normal\">Con polvos esf\u00e9ricos son posibles valores de hasta el 60%<\/li>\n<li class=\"whitespace-normal\">Una alta densidad aparente mejora la eficiencia de llenado del molde<\/li>\n<\/ul>\n<p class=\"whitespace-pre-wrap\">Una mayor densidad aparente se traduce en una mejor productividad de manufactura y una mejor calidad de piezas.<\/p>\n<h2>M\u00e9todo de producci\u00f3n de polvo 430L<\/h2>\n<p class=\"whitespace-pre-wrap\"><strong>Producci\u00f3n de polvo 430L<\/strong><\/p>\n<table>\n<thead>\n<tr>\n<th>M\u00e9todo<\/th>\n<th>Detalles<\/th>\n<\/tr>\n<\/thead>\n<tbody>\n<tr>\n<td>Atomizaci\u00f3n de gas<\/td>\n<td>El gas inerte de alta presi\u00f3n rompe la corriente de metal fundido en finas gotas.<\/td>\n<\/tr>\n<tr>\n<td>Atomizaci\u00f3n de agua<\/td>\n<td>El chorro de agua a alta presi\u00f3n rompe el metal en part\u00edculas finas<\/td>\n<\/tr>\n<tr>\n<td>Fundici\u00f3n por inducci\u00f3n al vac\u00edo<\/td>\n<td>Materiales de entrada de alta pureza fundidos al vac\u00edo<\/td>\n<\/tr>\n<tr>\n<td>Fusi\u00f3n m\u00faltiple<\/td>\n<td>Mejora la homogeneizaci\u00f3n qu\u00edmica<\/td>\n<\/tr>\n<tr>\n<td>Tamizado<\/td>\n<td>Clasifica el polvo en diferentes rangos de tama\u00f1o de part\u00edcula<\/td>\n<\/tr>\n<\/tbody>\n<\/table>\n<ul class=\"list-disc pl-8 space-y-2\">\n<li class=\"whitespace-normal\">La atomizaci\u00f3n de gas proporciona una morfolog\u00eda de polvo esf\u00e9rico y limpio<\/li>\n<li class=\"whitespace-normal\">La atomizaci\u00f3n de agua es un proceso m\u00e1s econ\u00f3mico con part\u00edculas irregulares<\/li>\n<li class=\"whitespace-normal\">La fundici\u00f3n y refundici\u00f3n al vac\u00edo minimiza las impurezas gaseosas<\/li>\n<li class=\"whitespace-normal\">El postprocesamiento permite la personalizaci\u00f3n de los tama\u00f1os de las part\u00edculas<\/li>\n<\/ul>\n<p class=\"whitespace-pre-wrap\">La producci\u00f3n automatizada y el estricto control de calidad dan como resultado un polvo uniforme id\u00f3neo para aplicaciones cr\u00edticas.<\/p>\n<h2>Precio de polvos 430L<\/h2>\n<p class=\"whitespace-pre-wrap\"><strong>Precio de polvos 430L<\/strong><\/p>\n<table>\n<thead>\n<tr>\n<th>Factor<\/th>\n<th>Impacto sobre el precio<\/th>\n<\/tr>\n<\/thead>\n<tbody>\n<tr>\n<td>Nivel de pureza<\/td>\n<td>A mayor pureza incrementa el costo<\/td>\n<\/tr>\n<tr>\n<td>Morfolog\u00eda del polvo<\/td>\n<td>El polvo esf\u00e9rico es m\u00e1s caro que el irregular<\/td>\n<\/tr>\n<tr>\n<td>Tama\u00f1o de part\u00edcula<\/td>\n<td>Polvo ultrafino m\u00e1s caro<\/td>\n<\/tr>\n<tr>\n<td>Volumen de pedidos<\/td>\n<td>Unidades m\u00e1s grandes tienen un precio por unidad menor<\/td>\n<\/tr>\n<tr>\n<td>Servicios adicionales<\/td>\n<td>La personalizaci\u00f3n aumenta el costo<\/td>\n<\/tr>\n<\/tbody>\n<\/table>\n<p class=\"whitespace-pre-wrap\"><strong>Precios indicativos<\/strong><\/p>\n<ul class=\"list-disc pl-8 space-y-2\">\n<li class=\"whitespace-normal\">Polvo 430L Irregular: $5-8 por kg<\/li>\n<li class=\"whitespace-normal\">Polvo esf\u00e9rico 430L: $8-12 por kg<\/li>\n<li class=\"whitespace-normal\">Los precios por volumen pueden ser entre un 30 o 50% m\u00e1s bajos<\/li>\n<\/ul>\n<p class=\"whitespace-pre-wrap\">El precio var\u00eda seg\u00fan la pureza, las caracter\u00edsticas de part\u00edcula, el volumen solicitado y el nivel de personalizaci\u00f3n necesario.<\/p>\n<h2>Proveedores de polvo 430 L<\/h2>\n<p class=\"whitespace-pre-wrap\"><strong>Proveedores de polvo 430 L<\/strong><\/p>\n<table>\n<thead>\n<tr>\n<th>Compa\u00f1\u00eda<\/th>\n<th>Ubicaci\u00f3n<\/th>\n<\/tr>\n<\/thead>\n<tbody>\n<tr>\n<td>H\u00e1gans<\/td>\n<td>Suecia<\/td>\n<\/tr>\n<tr>\n<td>Sandvik<\/td>\n<td>Alemania<\/td>\n<\/tr>\n<tr>\n<td>Daido Steel<\/td>\n<td>Jap\u00f3n<\/td>\n<\/tr>\n<tr>\n<td>Polvo de CNPC<\/td>\n<td>China<\/td>\n<\/tr>\n<tr>\n<td>Carpenter Powder Products<\/td>\n<td>EE. UU.<\/td>\n<\/tr>\n<tr>\n<td>Erasteel<\/td>\n<td>Francia<\/td>\n<\/tr>\n<\/tbody>\n<\/table>\n<p class=\"whitespace-pre-wrap\">Factores clave de selecci\u00f3n de proveedores:<\/p>\n<ul class=\"list-disc pl-8 space-y-2\">\n<li class=\"whitespace-normal\">Presentadas calificaciones de polvo<\/li>\n<li class=\"whitespace-normal\">capacidad de producci\u00f3n<\/li>\n<li class=\"whitespace-normal\">Morfonolg\u00eda de part\u00edculas y rangos de tama\u00f1o<\/li>\n<li class=\"whitespace-normal\">An\u00e1lisis y certificaci\u00f3n de lotes<\/li>\n<li class=\"whitespace-normal\">Precios y cantidad m\u00ednima de pedido<\/li>\n<li class=\"whitespace-normal\">Servicios de personalizaci\u00f3n<\/li>\n<li class=\"whitespace-normal\">Tiempos de Entrega y Fiabilidad<\/li>\n<\/ul>\n<h2>430L Manipulaci\u00f3n y almacenamiento de polvo<\/h2>\n<p class=\"whitespace-pre-wrap\"><strong>Manejo de polvo de 430L<\/strong><\/p>\n<table>\n<thead>\n<tr>\n<th>Recomendaci\u00f3n<\/th>\n<th>Motivo<\/th>\n<\/tr>\n<\/thead>\n<tbody>\n<tr>\n<td>Utilizar EPI y ventilaci\u00f3n<\/td>\n<td>Evitar la exposici\u00f3n a part\u00edculas met\u00e1licas finas<\/td>\n<\/tr>\n<tr>\n<td>Asegurar una adecuada puesta a tierra<\/td>\n<td>Evite las descargas est\u00e1ticas durante el manejo<\/td>\n<\/tr>\n<tr>\n<td>Evite las fuentes de ignici\u00f3n<\/td>\n<td>El polvo puede combustionar en la atm\u00f3sfera de ox\u00edgeno<\/td>\n<\/tr>\n<tr>\n<td>Utiliza herramientas no generadoras de chispas<\/td>\n<td>Evitar la posibilidad de ignici\u00f3n durante su manejo<\/td>\n<\/tr>\n<tr>\n<td>Sigue los protocolos de seguridad<\/td>\n<td>Reduce el riesgo de quemaduras, inhalaci\u00f3n e ingesti\u00f3n<\/td>\n<\/tr>\n<tr>\n<td>Almacenar en recipientes estables<\/td>\n<td>Evitar contaminaci\u00f3n u oxidaci\u00f3n<\/td>\n<\/tr>\n<\/tbody>\n<\/table>\n<p class=\"whitespace-pre-wrap\">Como el polvo 430L es inflamable, se deben controlar los riesgos de ignici\u00f3n y explosi\u00f3n durante su manipulaci\u00f3n y almacenamiento. De lo contrario es relativamente seguro con las precauciones apropiadas.<\/p>\n<h2>Inspecci\u00f3n y pruebas de polvo 430L<\/h2>\n<p class=\"whitespace-pre-wrap\"><strong>Prueba de polvo 430L<\/strong><\/p>\n<table>\n<thead>\n<tr>\n<th>Prueba<\/th>\n<th>Detalles<\/th>\n<\/tr>\n<\/thead>\n<tbody>\n<tr>\n<td>An\u00e1lisis qu\u00edmico<\/td>\n<td>El ICP y la DRX verifican la composici\u00f3n<\/td>\n<\/tr>\n<tr>\n<td>Distribuci\u00f3n de granulometr\u00eda<\/td>\n<td>La difracci\u00f3n l\u00e1ser determina la distribuci\u00f3n de tama\u00f1os<\/td>\n<\/tr>\n<tr>\n<td>Densidad aparente<\/td>\n<td>Prueba de caudal\u00edmetro Hall seg\u00fan la norma ASTM B212<\/td>\n<\/tr>\n<tr>\n<td>Morfolog\u00eda del polvo<\/td>\n<td>La imagen SEM muestra la forma de las part\u00edculas<\/td>\n<\/tr>\n<tr>\n<td>An\u00e1lisis de caudal<\/td>\n<td>Flujo de gravedad a trav\u00e9s de boquilla especificada<\/td>\n<\/tr>\n<tr>\n<td>P\u00e9rdidas por calcinaci\u00f3n<\/td>\n<td>Determina el contenido de humedad residual<\/td>\n<\/tr>\n<\/tbody>\n<\/table>\n<p class=\"whitespace-pre-wrap\">Pruebas rigurosas garantizan que el polvo cumpla con la pureza qu\u00edmica, caracter\u00edsticas de part\u00edcula, densidad, morfolog\u00eda y fluidez requeridas seg\u00fan las especificaciones vigentes.<\/p>\n<h2>Ventajas y desventajas del polvo 430L<\/h2>\n<p class=\"whitespace-pre-wrap\"><strong>Ventajas del polvo 430L<\/strong><\/p>\n<ul class=\"list-disc pl-8 space-y-2\">\n<li class=\"whitespace-normal\">Excelente resistencia a la corrosi\u00f3n en muchos entornos<\/li>\n<li class=\"whitespace-normal\">Buena ductilidad, tenacidad y soldabilidad<\/li>\n<li class=\"whitespace-normal\">Rentable en comparaci\u00f3n con los grados austen\u00edticos<\/li>\n<li class=\"whitespace-normal\">Se puede endurecer por precipitaci\u00f3n para aumentar la resistencia<\/li>\n<li class=\"whitespace-normal\">Buena resistencia a la oxidaci\u00f3n por altas temperaturas<\/li>\n<li class=\"whitespace-normal\">F\u00e1cilmente deformable utilizando t\u00e9cnicas convencionales<\/li>\n<\/ul>\n<p class=\"whitespace-pre-wrap\"><strong>Desventajas de 430L Polvo<\/strong><\/p>\n<ul class=\"list-disc pl-8 space-y-2\">\n<li class=\"whitespace-normal\">Menor resistencia que grados martens\u00edticos o ferr\u00edticos<\/li>\n<li class=\"whitespace-normal\">Requiere cuidado durante la soldadura para evitar la sensibilizaci\u00f3n<\/li>\n<li class=\"whitespace-normal\">Susceptible al agrietamiento por corrosi\u00f3n por estr\u00e9s de cloruro<\/li>\n<li class=\"whitespace-normal\">Resistencia limitada a la tracci\u00f3n a alta temperatura<\/li>\n<li class=\"whitespace-normal\">Menor dureza y resistencia al desgaste que los grados austen\u00edticos<\/li>\n<li class=\"whitespace-normal\">Decoloraci\u00f3n de la superficie con el tiempo en la exposici\u00f3n al aire libre<\/li>\n<\/ul>\n<h2>Comparaci\u00f3n con polvo 304L<\/h2>\n<p class=\"whitespace-pre-wrap\"><strong>Polvo de acero inoxidable 430L vs 304L<\/strong><\/p>\n<table>\n<thead>\n<tr>\n<th>Par\u00e1metro<\/th>\n<th>430 L<\/th>\n<th>304L<\/th>\n<\/tr>\n<\/thead>\n<tbody>\n<tr>\n<td>Densidad<\/td>\n<td>7,7 g\/cc<\/td>\n<td>8,0 g\/cm\u00b3<\/td>\n<\/tr>\n<tr>\n<td>Fuerza<\/td>\n<td>450-650 MPa<\/td>\n<td>520-620 MPa<\/td>\n<\/tr>\n<tr>\n<td>Resistencia a la corrosi\u00f3n<\/td>\n<td>Excelente<\/td>\n<td>Sobresaliente<\/td>\n<\/tr>\n<tr>\n<td>Resistencia al calor<\/td>\n<td>Bien<\/td>\n<td>Excelente<\/td>\n<\/tr>\n<tr>\n<td>Soldabilidad<\/td>\n<td>Bien<\/td>\n<td>Excelente<\/td>\n<\/tr>\n<tr>\n<td>Coste<\/td>\n<td>Bajo<\/td>\n<td>Alto<\/td>\n<\/tr>\n<tr>\n<td>Usos<\/td>\n<td>Automoci\u00f3n, construcci\u00f3n<\/td>\n<td>Procesamiento qu\u00edmico, marino<\/td>\n<\/tr>\n<\/tbody>\n<\/table>\n<ul class=\"list-disc pl-8 space-y-2\">\n<li class=\"whitespace-normal\">430L tiene una resistencia ligeramente inferior pero un coste mejor<\/li>\n<li class=\"whitespace-normal\">El 304L tiene una resistencia superior a la corrosi\u00f3n y el calor<\/li>\n<li class=\"whitespace-normal\">430L tiene mejor tenacidad en temperatura ambiente<\/li>\n<li class=\"whitespace-normal\">Se prefiere el 304L para aplicaciones por encima de 500 \u00b0C<\/li>\n<li class=\"whitespace-normal\">430L es apto para estructuras exteriores y piezas de autom\u00f3vil<\/li>\n<\/ul>\n<h2>Preguntas frecuentes sobre 430L Powder<\/h2>\n<p class=\"whitespace-pre-wrap\"><strong>P: \u00bfCu\u00e1les son las principales aplicaciones del polvo de acero inoxidable 430L?<\/strong><\/p>\n<p class=\"whitespace-pre-wrap\">R: Algunas de las aplicaciones principales incluyen componentes de escapes de autom\u00f3viles, equipos de tratamiento de qu\u00edmicos, herramientas de gas y petr\u00f3leo, revestimiento arquitect\u00f3nico y revestimiento, equipo marino y herramientas de fabricaci\u00f3n.<\/p>\n<p class=\"whitespace-pre-wrap\"><strong>P: \u00bfQu\u00e9 precauciones se deben tomar al trabajar con polvo de 430L?<\/strong><\/p>\n<p class=\"whitespace-pre-wrap\">R: Las precauciones recomendadas incluyen ventilaci\u00f3n, PPE, puesta a tierra adecuada, atm\u00f3sfera inerte, evitar fuentes de ignici\u00f3n, usar herramientas que no produzcan chispas y almacenamiento seguro en recipientes estables.<\/p>\n<p class=\"whitespace-pre-wrap\"><strong>Q: \u00bfCu\u00e1l es el efecto de la adici\u00f3n de niobio al acero inoxidable 430L?<\/strong><\/p>\n<p class=\"whitespace-pre-wrap\">A: El niobio proporciona un endurecimiento por precipitaci\u00f3n a trav\u00e9s de la formaci\u00f3n de nitruros y carburos. Esto fortalece el acero al tiempo que retiene una buena resistencia a la corrosi\u00f3n y ductilidad.<\/p>\n<p class=\"whitespace-pre-wrap\"><strong>P: \u00bfEn qu\u00e9 se diferencia el acero inoxidable 430L de los grados 409 y 439?<\/strong><\/p>\n<p class=\"whitespace-pre-wrap\">R: El 430L tiene mayor resistencia a la corrosi\u00f3n que el 409 y mayor resistencia al 439. Brinda una combinaci\u00f3n \u00f3ptima de resistencia a la corrosi\u00f3n, maleabilidad, soldabilidad y precio.<\/p>\n<div id=\"gtx-trans\" style=\"position: absolute; left: -8px; top: 59.8125px;\">\n<div class=\"gtx-trans-icon\"><\/div>\n<\/div>\n<p><\/span><\/span><\/p>","protected":false},"excerpt":{"rendered":"<p>Descripci\u00f3n general del polvo 430L El polvo 430L es un polvo de acero inoxidable ferr\u00edtico que contiene cromo 17% con adiciones de molibdeno y niobio para mejorar la resistencia a la corrosi\u00f3n. Proporciona un equilibrio \u00f3ptimo entre resistencia a la corrosi\u00f3n, solidez, soldabilidad y coste. Principales propiedades y ventajas del polvo 430L: Polvo 430L Propiedades y caracter\u00edsticas Propiedades Detalles Composici\u00f3n Aleaci\u00f3n Fe-17Cr-Nb-Mo Densidad...<\/p>","protected":false},"featured_media":1835,"parent":0,"template":"","meta":{"_acf_changed":false,"_kad_blocks_custom_css":"","_kad_blocks_head_custom_js":"","_kad_blocks_body_custom_js":"","_kad_blocks_footer_custom_js":"","_kad_post_transparent":"","_kad_post_title":"","_kad_post_layout":"","_kad_post_sidebar_id":"","_kad_post_content_style":"","_kad_post_vertical_padding":"","_kad_post_feature":"","_kad_post_feature_position":"","_kad_post_header":false,"_kad_post_footer":false,"_kad_post_classname":""},"product-category":[119,122],"class_list":["post-3917","product","type-product","status-publish","has-post-thumbnail","hentry","product-category-3d-printing-metal-powder","product-category-iron-based-alloy-powder"],"acf":[],"taxonomy_info":{"product-category":[{"value":119,"label":"3D Printing Metal Powder"},{"value":122,"label":"Iron Based Alloy Powder"}]},"featured_image_src_large":["https:\/\/3dpmetal.com\/wp-content\/uploads\/2024\/02\/430L-Powder.jpg",600,600,false],"author_info":[],"comment_info":"","_links":{"self":[{"href":"https:\/\/3dpmetal.com\/es\/wp-json\/wp\/v2\/product\/3917","targetHints":{"allow":["GET"]}}],"collection":[{"href":"https:\/\/3dpmetal.com\/es\/wp-json\/wp\/v2\/product"}],"about":[{"href":"https:\/\/3dpmetal.com\/es\/wp-json\/wp\/v2\/types\/product"}],"wp:featuredmedia":[{"embeddable":true,"href":"https:\/\/3dpmetal.com\/es\/wp-json\/wp\/v2\/media\/1835"}],"wp:attachment":[{"href":"https:\/\/3dpmetal.com\/es\/wp-json\/wp\/v2\/media?parent=3917"}],"wp:term":[{"taxonomy":"product-category","embeddable":true,"href":"https:\/\/3dpmetal.com\/es\/wp-json\/wp\/v2\/product-category?post=3917"}],"curies":[{"name":"wp","href":"https:\/\/api.w.org\/{rel}","templated":true}]}}