{"id":3918,"date":"2024-03-18T06:10:14","date_gmt":"2024-03-18T06:10:14","guid":{"rendered":"https:\/\/3dp.45612300.xyz\/product\/317l-powder\/"},"modified":"2024-03-18T06:10:14","modified_gmt":"2024-03-18T06:10:14","slug":"317l-powder","status":"publish","type":"product","link":"https:\/\/3dpmetal.com\/es\/product\/317l-powder\/","title":{"rendered":"Polvo 317L"},"content":{"rendered":"<p><span style=\"vertical-align: inherit;\"><span style=\"vertical-align: inherit;\"><\/p>\n<h2>Referencia general de polvo 317L<\/h2>\n<p class=\"whitespace-pre-wrap\">El polvo 317L es un polvo de acero inoxidable austen\u00edtico que contiene 18% de cromo, 3% de molibdeno y 0,08% de carbono. Ofrece una excelente combinaci\u00f3n de resistencia a la corrosi\u00f3n, resistencia, soldabilidad y costo.<\/p>\n<p class=\"whitespace-pre-wrap\">Propiedades y ventajas principales del polvo 317L:<\/p>\n<p class=\"whitespace-pre-wrap\"><strong>Caracter\u00edsticas y propiedades del polvo 317L<\/strong><\/p>\n<table>\n<thead>\n<tr>\n<th>Propiedades<\/th>\n<th>Detalles<\/th>\n<\/tr>\n<\/thead>\n<tbody>\n<tr>\n<td>Composici\u00f3n<\/td>\n<td>Aleaci\u00f3n Fe-18Cr-3Mo-0.08C<\/td>\n<\/tr>\n<tr>\n<td>Densidad<\/td>\n<td>8,0 g\/cm\u00b3<\/td>\n<\/tr>\n<tr>\n<td>Forma de las part\u00edculas<\/td>\n<td>Irregular, angular<\/td>\n<\/tr>\n<tr>\n<td>Rango de tama\u00f1os<\/td>\n<td>10-150 micras<\/td>\n<\/tr>\n<tr>\n<td>Densidad aparente<\/td>\n<td>Hasta 50% de densidad verdadera<\/td>\n<\/tr>\n<tr>\n<td>Fluidez<\/td>\n<td>Moderado<\/td>\n<\/tr>\n<tr>\n<td>Resistencia a la corrosi\u00f3n<\/td>\n<td>Excelente en muchos entornos<\/td>\n<\/tr>\n<tr>\n<td>Fortalecimiento<\/td>\n<td>Trabajo en fr\u00edo y fortalecimiento de soluci\u00f3n s\u00f3lida<\/td>\n<\/tr>\n<\/tbody>\n<\/table>\n<p class=\"whitespace-pre-wrap\">El polvo 317L es ampliamente utilizado en el procesamiento qu\u00edmico, aplicaciones mar\u00edtimas, en las industrias de pulpa y papel, generaci\u00f3n de energ\u00eda nuclear y caracter\u00edsticas arquitect\u00f3nicas que requieren resistencia a la intemperie.<\/p>\n<h2>Composici\u00f3n del polvo de 317L<\/h2>\n<p class=\"whitespace-pre-wrap\">Composici\u00f3n t\u00edpica del polvo de acero inoxidable 317L:<\/p>\n<p class=\"whitespace-pre-wrap\"><strong>Composici\u00f3n del polvo de 317L<\/strong><\/p>\n<table>\n<thead>\n<tr>\n<th>Elemento<\/th>\n<th>Porcentaje de peso<\/th>\n<\/tr>\n<\/thead>\n<tbody>\n<tr>\n<td>Hierro (Fe)<\/td>\n<td>Equilibrio<\/td>\n<\/tr>\n<tr>\n<td>Cromo (Cr)<\/td>\n<td>17-19%<\/td>\n<\/tr>\n<tr>\n<td>N\u00edquel (Ni)<\/td>\n<td>11-15%<\/td>\n<\/tr>\n<tr>\n<td>Molibdeno (Mo)<\/td>\n<td>2.5-3.5%<\/td>\n<\/tr>\n<tr>\n<td>Manganeso (Mn)<\/td>\n<td>&lt;2&nbsp;%<\/td>\n<\/tr>\n<tr>\n<td>Carbono (C)<\/td>\n<td>0,08\u00a0% m\u00e1x<\/td>\n<\/tr>\n<tr>\n<td>Silicio (Si)<\/td>\n<td>1 % m\u00e1ximo<\/td>\n<\/tr>\n<tr>\n<td>Nitrogeno (N)<\/td>\n<td>M\u00e1x. 0,10 %<\/td>\n<\/tr>\n<tr>\n<td>Azufre (S)<\/td>\n<td>0,03% m\u00e1x<\/td>\n<\/tr>\n<\/tbody>\n<\/table>\n<ul class=\"list-disc pl-8 space-y-2\">\n<li class=\"whitespace-normal\">El hierro proporciona la matriz ferritica y la ductilidad<\/li>\n<li class=\"whitespace-normal\">El cromo mejora la resistencia a la corrosi\u00f3n y la oxidaci\u00f3n<\/li>\n<li class=\"whitespace-normal\">El n\u00edquel estabiliza la estructura austen\u00edtica<\/li>\n<li class=\"whitespace-normal\">El molibdeno mejora a\u00fan m\u00e1s la resistencia a la corrosi\u00f3n<\/li>\n<li class=\"whitespace-normal\">Carbono, nitr\u00f3geno y azufre controlados como trampas de elementos<\/li>\n<\/ul>\n<p class=\"whitespace-pre-wrap\">La composici\u00f3n ofrece un equilibrio excelente entre resistencia a la corrosi\u00f3n, capacidad de formado, soldabilidad y coste.<\/p>\n<p><img loading=\"lazy\" decoding=\"async\" class=\"size-medium wp-image-1409 aligncenter\" src=\"https:\/\/met3dp.com\/wp-content\/uploads\/2023\/09\/ed7a94ec-3c10-4b1b-87ed--300x300.jpg\" alt=\"Polvo 317L\" width=\"300\" height=\"300\" title=\"\"><\/p>\n<h2>Propiedades F\u00edsicas del 317L en Polvo<\/h2>\n<p class=\"whitespace-pre-wrap\"><strong>Propiedades F\u00edsicas del 317L en Polvo<\/strong><\/p>\n<table>\n<thead>\n<tr>\n<th>Propiedad<\/th>\n<th>Valores<\/th>\n<\/tr>\n<\/thead>\n<tbody>\n<tr>\n<td>Densidad<\/td>\n<td>8,0 g\/cm\u00b3<\/td>\n<\/tr>\n<tr>\n<td>Punto de Fusi\u00f3n<\/td>\n<td>1370-1400 \u00abC<\/td>\n<\/tr>\n<tr>\n<td>Resistividad el\u00e9ctrica<\/td>\n<td>0,8 \u00c3\u2014 10-6 m<\/td>\n<\/tr>\n<tr>\n<td>Conductividad t\u00e9rmica<\/td>\n<td>16 W\/mK<\/td>\n<\/tr>\n<tr>\n<td>Expansi\u00f3n t\u00e9rmica<\/td>\n<td>16 x 10^-6 \/K<\/td>\n<\/tr>\n<tr>\n<td>Temperatura m\u00e1xima de servicio<\/td>\n<td>900\u00a1\u00abC<\/td>\n<\/tr>\n<\/tbody>\n<\/table>\n<ul class=\"list-disc pl-8 space-y-2\">\n<li class=\"whitespace-normal\">Alta densidad en comparaci\u00f3n con los aceros inoxidables ferr\u00edticos<\/li>\n<li class=\"whitespace-normal\">Mantiene la resistencia y la resistencia a la corrosi\u00f3n a elevadas temperaturas<\/li>\n<li class=\"whitespace-normal\">Resistividad m\u00e1s alta que la del hierro puro o los aceros al carbono<\/li>\n<li class=\"whitespace-normal\">Conductividad t\u00e9rmica menor que el acero al carbono<\/li>\n<li class=\"whitespace-normal\">Puede soportar un servicio continuo de hasta 900\u00a1\u00abC<\/li>\n<\/ul>\n<p class=\"whitespace-pre-wrap\">Las propiedades f\u00edsicas hacen al 317L apto para aplicaciones de alta temperatura que requieren resistencia a la corrosi\u00f3n.<\/p>\n<h2>Propiedades mecanicas del polvo 317L<\/h2>\n<p class=\"whitespace-pre-wrap\"><strong>Propiedades mecanicas del polvo 317L<\/strong><\/p>\n<table>\n<thead>\n<tr>\n<th>Propiedad<\/th>\n<th>Valores<\/th>\n<\/tr>\n<\/thead>\n<tbody>\n<tr>\n<td>Resistencia a la tensi\u00f3n<\/td>\n<td>515-620 MPa<\/td>\n<\/tr>\n<tr>\n<td>Resistencia el\u00e1stica<\/td>\n<td>205-275 MPa<\/td>\n<\/tr>\n<tr>\n<td>Elongaci\u00f3n<\/td>\n<td>40-50%<\/td>\n<\/tr>\n<tr>\n<td>Dureza<\/td>\n<td>88-95 HRB<\/td>\n<\/tr>\n<tr>\n<td>Resistencia al impacto<\/td>\n<td>100-150 J<\/td>\n<\/tr>\n<tr>\n<td>M\u00f3dulo de elasticidad<\/td>\n<td>190-210 GPa<\/td>\n<\/tr>\n<\/tbody>\n<\/table>\n<ul class=\"list-disc pl-8 space-y-2\">\n<li class=\"whitespace-normal\">Excelente combinaci\u00f3n de resistencia y ductilidad<\/li>\n<li class=\"whitespace-normal\">Puede endurecerse mucho para aumentar la resistencia<\/li>\n<li class=\"whitespace-normal\">Muy alta tenacidad y resistencia al impacto<\/li>\n<li class=\"whitespace-normal\">La resistencia se puede mejorar m\u00e1s por medio de trabajo en frio<\/li>\n<li class=\"whitespace-normal\">La dureza es relativamente baja en estado recocido<\/li>\n<\/ul>\n<p class=\"whitespace-pre-wrap\">Las propiedades proporcionan un excelente equilibrio entre la resistencia, ductilidad y tenacidad necesarias para muchos entornos corrosivos.<\/p>\n<h2>Aplicaciones del polvo 317L<\/h2>\n<p class=\"whitespace-pre-wrap\">Las aplicaciones t\u00edpicas del polvo de acero inoxidable 317L incluyen:<\/p>\n<p class=\"whitespace-pre-wrap\"><strong>Aplicaciones del polvo 317L<\/strong><\/p>\n<table>\n<thead>\n<tr>\n<th>Industria<\/th>\n<th>Ejemplos de uso<\/th>\n<\/tr>\n<\/thead>\n<tbody>\n<tr>\n<td>Qu\u00edmico<\/td>\n<td>Tanques, v\u00e1lvulas, tuber\u00edas, bombas<\/td>\n<\/tr>\n<tr>\n<td>Petroqu\u00edmica<\/td>\n<td>Equipos de proceso, tubos, v\u00e1lvulas<\/td>\n<\/tr>\n<tr>\n<td>Marina<\/td>\n<td>Ejes de h\u00e9lice, fijaciones, herrajes de cubierta<\/td>\n<\/tr>\n<tr>\n<td>Nuclear<\/td>\n<td>Vasijas de reacci\u00f3n, revestimiento de elementos combustibles<\/td>\n<\/tr>\n<tr>\n<td>Arquitect\u00f3nico<\/td>\n<td>Pasamanos, paneles de pared, techado<\/td>\n<\/tr>\n<\/tbody>\n<\/table>\n<p class=\"whitespace-pre-wrap\">Algunos usos espec\u00edficos del producto:<\/p>\n<ul class=\"list-disc pl-8 space-y-2\">\n<li class=\"whitespace-normal\">Equipos de control de contaminaci\u00f3n que manipulan \u00e1cidos calientes<\/li>\n<li class=\"whitespace-normal\">Estructuras internas del reactor nuclear<\/li>\n<li class=\"whitespace-normal\">Ejes de h\u00e9lices marinos, Accesorios de cubierta<\/li>\n<li class=\"whitespace-normal\">Tuberias, v\u00e1lvulas de pulpa y papel<\/li>\n<li class=\"whitespace-normal\">Revestimiento arquitect\u00f3nico, techado, revestimiento<\/li>\n<\/ul>\n<p class=\"whitespace-pre-wrap\">Su excelente resistencia a la corrosi\u00f3n, combinada con su buena capacidad de producci\u00f3n, hace que el 317L sea ampliamente usado en las industrias m\u00e1s exigentes.<\/p>\n<h2>Especificaciones del polvo 317L<\/h2>\n<p class=\"whitespace-pre-wrap\">Especificaciones y est\u00e1ndares relevantes:<\/p>\n<p class=\"whitespace-pre-wrap\"><strong>Est\u00e1ndares de polvo 317L<\/strong><\/p>\n<table>\n<thead>\n<tr>\n<th>Est\u00e1ndar<\/th>\n<th>Descripci\u00f3n<\/th>\n<\/tr>\n<\/thead>\n<tbody>\n<tr>\n<td>ASTM A276<\/td>\n<td>Norma para barras y perfiles de acero inoxidable<\/td>\n<\/tr>\n<tr>\n<td>ASTM A479<\/td>\n<td>Norma para tubos de acero inoxidable<\/td>\n<\/tr>\n<tr>\n<td>AMS 5524<\/td>\n<td>Barra de acero inoxidable recocido, alambre, forjados<\/td>\n<\/tr>\n<tr>\n<td>ASME SA-276<\/td>\n<td>Especificaciones para barras y perfiles de acero inoxidable<\/td>\n<\/tr>\n<tr>\n<td>AISI 630<\/td>\n<td>Standard para acero inoxidable martens\u00edtico endurecible por precipitaci\u00f3n 17Cr-4Ni<\/td>\n<\/tr>\n<\/tbody>\n<\/table>\n<p class=\"whitespace-pre-wrap\">Estas normas definen:<\/p>\n<ul class=\"list-disc pl-8 space-y-2\">\n<li class=\"whitespace-normal\">L\u00edmites de composici\u00f3n qu\u00edmica de 317L<\/li>\n<li class=\"whitespace-normal\">Niveles permisibles de impurezas como S, P<\/li>\n<li class=\"whitespace-normal\">Propiedades mec\u00e1nicas requeridas<\/li>\n<li class=\"whitespace-normal\">M\u00e9todos de producci\u00f3n aprobados<\/li>\n<li class=\"whitespace-normal\">Protocolos de prueba de cumplimiento<\/li>\n<li class=\"whitespace-normal\">Embalaje, etiquetado y documentaci\u00f3n adecuados.<\/li>\n<\/ul>\n<p class=\"whitespace-pre-wrap\">Cumplir con los requisitos de certificaci\u00f3n garantiza la idoneidad del polvo para las aplicaciones previstas.<\/p>\n<h2>Tama\u00f1o de Part\u00edculas de Polvo 317L<\/h2>\n<p class=\"whitespace-pre-wrap\"><strong>Distribuci\u00f3n del tama\u00f1o de las part\u00edculas del polvo 317L<\/strong><\/p>\n<table>\n<thead>\n<tr>\n<th>Tama\u00f1o de part\u00edcula<\/th>\n<th>Caracter\u00edsticas<\/th>\n<\/tr>\n<\/thead>\n<tbody>\n<tr>\n<td>10-45 micras<\/td>\n<td>Tama\u00f1o ultrafino para alta densidad y acabado superficial<\/td>\n<\/tr>\n<tr>\n<td>45 - 150 micras<\/td>\n<td>El tama\u00f1o grueso de grano proporciona buena fluidez<\/td>\n<\/tr>\n<tr>\n<td>15-150 micrones<\/td>\n<td>Grado est\u00e1ndar para prensado y sinterizado<\/td>\n<\/tr>\n<\/tbody>\n<\/table>\n<ul class=\"list-disc pl-8 space-y-2\">\n<li class=\"whitespace-normal\">Las part\u00edculas m\u00e1s finas permiten una mayor densificaci\u00f3n durante la sinterizaci\u00f3n<\/li>\n<li class=\"whitespace-normal\">El polvo m\u00e1s grueso fluye mejor y llena las cavidades de la matriz m\u00e1s uniformemente<\/li>\n<li class=\"whitespace-normal\">El rango de tama\u00f1os se adapta en funci\u00f3n de las propiedades finales de la pieza necesarias<\/li>\n<li class=\"whitespace-normal\">Hay polvos atomizados a gas y a agua disponibles<\/li>\n<\/ul>\n<p class=\"whitespace-pre-wrap\">Controlar la distribuci\u00f3n del tama\u00f1o de part\u00edcula permite optimizar el comportamiento de procesamiento y el rendimiento de la pieza final.<\/p>\n<h2>Densidad Aparente del Polvo 317L<\/h2>\n<p class=\"whitespace-pre-wrap\"><strong>Densidad Aparente del Polvo 317L<\/strong><\/p>\n<table>\n<thead>\n<tr>\n<th>Densidad aparente<\/th>\n<th>Detalles<\/th>\n<\/tr>\n<\/thead>\n<tbody>\n<tr>\n<td>Hasta 50% de densidad verdadera<\/td>\n<td>Para morfolog\u00eda irregular de polvo<\/td>\n<\/tr>\n<tr>\n<td>4.5-5.5 g \/ cc t\u00edpico<\/td>\n<td>Mejora con una mayor densidad de empaque<\/td>\n<\/tr>\n<\/tbody>\n<\/table>\n<ul class=\"list-disc pl-8 space-y-2\">\n<li class=\"whitespace-normal\">Una mayor densidad aparente mejora el flujo y la compresibilidad del polvo<\/li>\n<li class=\"whitespace-normal\">La morfolog\u00eda irregular limita la densidad m\u00e1xima de empaquetamiento<\/li>\n<li class=\"whitespace-normal\">Valores hasta 60% son posibles con polvo esf\u00e9rico<\/li>\n<li class=\"whitespace-normal\">Una alta densidad aparente mejora la eficiencia de llenado del molde<\/li>\n<\/ul>\n<p class=\"whitespace-pre-wrap\">Una mayor densidad aparente se traduce en una mejor productividad de manufactura y una mejor calidad de piezas.<\/p>\n<h2>M\u00e9todo de producci\u00f3n de polvo 317L<\/h2>\n<p class=\"whitespace-pre-wrap\"><strong>Producci\u00f3n de polvo 317L<\/strong><\/p>\n<table>\n<thead>\n<tr>\n<th>M\u00e9todo<\/th>\n<th>Detalles<\/th>\n<\/tr>\n<\/thead>\n<tbody>\n<tr>\n<td>Atomizaci\u00f3n de gas<\/td>\n<td>El gas inerte de alta presi\u00f3n rompe la corriente de metal fundido en finas gotas.<\/td>\n<\/tr>\n<tr>\n<td>Atomizaci\u00f3n de agua<\/td>\n<td>El chorro de agua a alta presi\u00f3n rompe el metal en part\u00edculas finas<\/td>\n<\/tr>\n<tr>\n<td>Fundici\u00f3n por inducci\u00f3n al vac\u00edo<\/td>\n<td>Materiales de entrada de alta pureza fundidos al vac\u00edo<\/td>\n<\/tr>\n<tr>\n<td>Fusi\u00f3n m\u00faltiple<\/td>\n<td>Mejora la homogeneizaci\u00f3n qu\u00edmica<\/td>\n<\/tr>\n<tr>\n<td>Tamizado<\/td>\n<td>Clasifica el polvo en diferentes rangos de tama\u00f1o de part\u00edcula<\/td>\n<\/tr>\n<\/tbody>\n<\/table>\n<ul class=\"list-disc pl-8 space-y-2\">\n<li class=\"whitespace-normal\">La atomizaci\u00f3n de gas proporciona una morfolog\u00eda de polvo esf\u00e9rico y limpio<\/li>\n<li class=\"whitespace-normal\">La atomizaci\u00f3n de agua es un proceso m\u00e1s econ\u00f3mico con part\u00edculas irregulares<\/li>\n<li class=\"whitespace-normal\">La fundici\u00f3n y refundici\u00f3n al vac\u00edo minimiza las impurezas gaseosas<\/li>\n<li class=\"whitespace-normal\">El postprocesamiento permite la personalizaci\u00f3n de los tama\u00f1os de las part\u00edculas<\/li>\n<\/ul>\n<p class=\"whitespace-pre-wrap\">La producci\u00f3n automatizada y el estricto control de calidad dan como resultado un polvo uniforme id\u00f3neo para aplicaciones cr\u00edticas.<\/p>\n<h2>Precios del polvo 317L<\/h2>\n<p class=\"whitespace-pre-wrap\"><strong>Precios del polvo 317L<\/strong><\/p>\n<table>\n<thead>\n<tr>\n<th>Factor<\/th>\n<th>Impacto sobre el precio<\/th>\n<\/tr>\n<\/thead>\n<tbody>\n<tr>\n<td>Nivel de pureza<\/td>\n<td>A mayor pureza incrementa el costo<\/td>\n<\/tr>\n<tr>\n<td>Morfolog\u00eda del polvo<\/td>\n<td>El polvo esf\u00e9rico es m\u00e1s caro que el irregular<\/td>\n<\/tr>\n<tr>\n<td>Tama\u00f1o de part\u00edcula<\/td>\n<td>Polvo ultrafino m\u00e1s caro<\/td>\n<\/tr>\n<tr>\n<td>Volumen de pedidos<\/td>\n<td>Unidades m\u00e1s grandes tienen un precio por unidad menor<\/td>\n<\/tr>\n<tr>\n<td>Servicios adicionales<\/td>\n<td>La personalizaci\u00f3n aumenta el costo<\/td>\n<\/tr>\n<\/tbody>\n<\/table>\n<p class=\"whitespace-pre-wrap\"><strong>Precios indicativos<\/strong><\/p>\n<ul class=\"list-disc pl-8 space-y-2\">\n<li class=\"whitespace-normal\">Polvo Irregular 317L: $6-10 por kg<\/li>\n<li class=\"whitespace-normal\">Polvo 317L esf\u00e9rico: $10-15 por kg<\/li>\n<li class=\"whitespace-normal\">Los precios por volumen pueden ser entre un 30 o 50% m\u00e1s bajos<\/li>\n<\/ul>\n<p class=\"whitespace-pre-wrap\">El precio depende de la pureza, las caracter\u00edsticas de las part\u00edculas, el volumen del pedido y las necesidades de personalizaci\u00f3n.<\/p>\n<h2>Proveedores de polvo 317L<\/h2>\n<p class=\"whitespace-pre-wrap\"><strong>Proveedores de polvo 317L<\/strong><\/p>\n<table>\n<thead>\n<tr>\n<th>Compa\u00f1\u00eda<\/th>\n<th>Ubicaci\u00f3n<\/th>\n<\/tr>\n<\/thead>\n<tbody>\n<tr>\n<td>H\u00e1gans<\/td>\n<td>Suecia<\/td>\n<\/tr>\n<tr>\n<td>Sandvik<\/td>\n<td>Alemania<\/td>\n<\/tr>\n<tr>\n<td>Polvo de CNPC<\/td>\n<td>China<\/td>\n<\/tr>\n<tr>\n<td>Carpenter Powder Products<\/td>\n<td>EE. UU.<\/td>\n<\/tr>\n<tr>\n<td>Erasteel<\/td>\n<td>Francia<\/td>\n<\/tr>\n<tr>\n<td>Daido Steel<\/td>\n<td>Jap\u00f3n<\/td>\n<\/tr>\n<\/tbody>\n<\/table>\n<p class=\"whitespace-pre-wrap\">Factores clave de selecci\u00f3n de proveedores:<\/p>\n<ul class=\"list-disc pl-8 space-y-2\">\n<li class=\"whitespace-normal\">Presentadas calificaciones de polvo<\/li>\n<li class=\"whitespace-normal\">capacidad de producci\u00f3n<\/li>\n<li class=\"whitespace-normal\">Morfonolg\u00eda de part\u00edculas y rangos de tama\u00f1o<\/li>\n<li class=\"whitespace-normal\">Informes de an\u00e1lisis de lote<\/li>\n<li class=\"whitespace-normal\">Precios y cantidad m\u00ednima de pedido<\/li>\n<li class=\"whitespace-normal\">Servicios de personalizaci\u00f3n<\/li>\n<li class=\"whitespace-normal\">Tiempos de Entrega y Fiabilidad<\/li>\n<\/ul>\n<h2>Manipulaci\u00f3n y almacenamiento de polvo 317L<\/h2>\n<p class=\"whitespace-pre-wrap\"><strong>Manejo del Polvo 317L<\/strong><\/p>\n<table>\n<thead>\n<tr>\n<th>Recomendaci\u00f3n<\/th>\n<th>Motivo<\/th>\n<\/tr>\n<\/thead>\n<tbody>\n<tr>\n<td>Utilizar EPI y ventilaci\u00f3n<\/td>\n<td>Evitar la exposici\u00f3n a part\u00edculas met\u00e1licas finas<\/td>\n<\/tr>\n<tr>\n<td>Asegurar una adecuada puesta a tierra<\/td>\n<td>Evite las descargas est\u00e1ticas durante el manejo<\/td>\n<\/tr>\n<tr>\n<td>Evite las fuentes de ignici\u00f3n<\/td>\n<td>El polvo puede combustionar en la atm\u00f3sfera de ox\u00edgeno<\/td>\n<\/tr>\n<tr>\n<td>Utiliza herramientas no generadoras de chispas<\/td>\n<td>Prevenir la posibilidad de ignici\u00f3n<\/td>\n<\/tr>\n<tr>\n<td>Sigue los protocolos de seguridad<\/td>\n<td>Reduce el riesgo de quemaduras, inhalaci\u00f3n, ingesti\u00f3n<\/td>\n<\/tr>\n<tr>\n<td>Almacenar en recipientes estables<\/td>\n<td>Evitar contaminaci\u00f3n u oxidaci\u00f3n<\/td>\n<\/tr>\n<\/tbody>\n<\/table>\n<p class=\"whitespace-pre-wrap\">Como el polvo 317L es inflamable, deben controlarse los riesgos de ignici\u00f3n y explosi\u00f3n durante la manipulaci\u00f3n y el almacenamiento. De lo contrario, es relativamente seguro con las precauciones adecuadas.<\/p>\n<h2>Inspecci\u00f3n y pruebas del polvo 317L<\/h2>\n<p class=\"whitespace-pre-wrap\"><strong>Pruebas de polvo 317L<\/strong><\/p>\n<table>\n<thead>\n<tr>\n<th>Prueba<\/th>\n<th>Detalles<\/th>\n<\/tr>\n<\/thead>\n<tbody>\n<tr>\n<td>An\u00e1lisis qu\u00edmico<\/td>\n<td>El ICP y la DRX verifican la composici\u00f3n<\/td>\n<\/tr>\n<tr>\n<td>Distribuci\u00f3n de granulometr\u00eda<\/td>\n<td>La difracci\u00f3n l\u00e1ser determina la distribuci\u00f3n de tama\u00f1os<\/td>\n<\/tr>\n<tr>\n<td>Densidad aparente<\/td>\n<td>Prueba de caudal\u00edmetro Hall seg\u00fan la norma ASTM B212<\/td>\n<\/tr>\n<tr>\n<td>Morfolog\u00eda del polvo<\/td>\n<td>La imagen SEM muestra la forma de las part\u00edculas<\/td>\n<\/tr>\n<tr>\n<td>An\u00e1lisis de caudal<\/td>\n<td>Flujo de gravedad a trav\u00e9s de boquilla especificada<\/td>\n<\/tr>\n<tr>\n<td>P\u00e9rdidas por calcinaci\u00f3n<\/td>\n<td>Determina el contenido de humedad residual<\/td>\n<\/tr>\n<\/tbody>\n<\/table>\n<p class=\"whitespace-pre-wrap\">Pruebas rigurosas garantizan que el polvo cumpla con la pureza qu\u00edmica, caracter\u00edsticas de part\u00edcula, densidad, morfolog\u00eda y fluidez requeridas seg\u00fan las especificaciones vigentes.<\/p>\n<h2>Ventajas y desventajas del polvo 317L<\/h2>\n<p class=\"whitespace-pre-wrap\"><strong>Ventajas del polvo 317L<\/strong><\/p>\n<ul class=\"list-disc pl-8 space-y-2\">\n<li class=\"whitespace-normal\">Excelente resistencia a la corrosi\u00f3n en muchos entornos<\/li>\n<li class=\"whitespace-normal\">Resistencia a la oxidaci\u00f3n y fuerza a altas temperaturas<\/li>\n<li class=\"whitespace-normal\">Buena ductilidad, tenacidad y soldabilidad<\/li>\n<li class=\"whitespace-normal\">M\u00e1s rentable que los grados austen\u00edticos de alto n\u00edquel<\/li>\n<li class=\"whitespace-normal\">F\u00e1cilmente deformable utilizando t\u00e9cnicas convencionales<\/li>\n<li class=\"whitespace-normal\">Puede trabajarse en fr\u00edo\/en caliente<\/li>\n<\/ul>\n<p class=\"whitespace-pre-wrap\"><strong>Desventajas del polvo 317L<\/strong><\/p>\n<ul class=\"list-disc pl-8 space-y-2\">\n<li class=\"whitespace-normal\">Resistencia de fluencia a alta temperatura m\u00e1s baja que algunas clases ferr\u00edticas<\/li>\n<li class=\"whitespace-normal\">Menor dureza y resistencia al desgaste que los grados martens\u00edticos<\/li>\n<li class=\"whitespace-normal\">Susceptible al agrietamiento por corrosi\u00f3n por estr\u00e9s de cloruro<\/li>\n<li class=\"whitespace-normal\">Requiere recocido post soldadura para prevenir la sensibilizaci\u00f3n<\/li>\n<li class=\"whitespace-normal\">Capacidad limitada de formaci\u00f3n y encabezado en fr\u00edo<\/li>\n<li class=\"whitespace-normal\">Decoloraci\u00f3n de la superficie con el tiempo en la exposici\u00f3n al aire libre<\/li>\n<\/ul>\n<h2>Comparaci\u00f3n con polvo 316L<\/h2>\n<p class=\"whitespace-pre-wrap\"><strong>Polvo de acero inoxidable 317L frente a 316L<\/strong><\/p>\n<table>\n<thead>\n<tr>\n<th>Par\u00e1metro<\/th>\n<th>317L<\/th>\n<th>316L<\/th>\n<\/tr>\n<\/thead>\n<tbody>\n<tr>\n<td>Densidad<\/td>\n<td>8,0 g\/cm\u00b3<\/td>\n<td>8,0 g\/cm\u00b3<\/td>\n<\/tr>\n<tr>\n<td>Fuerza<\/td>\n<td>515-620 MPa<\/td>\n<td>485-550 MPa<\/td>\n<\/tr>\n<tr>\n<td>Resistencia a la corrosi\u00f3n<\/td>\n<td>Excelente<\/td>\n<td>Sobresaliente<\/td>\n<\/tr>\n<tr>\n<td>Resistencia a la formaci\u00f3n de picaduras<\/td>\n<td>Muy bueno<\/td>\n<td>Excelente<\/td>\n<\/tr>\n<tr>\n<td>Coste<\/td>\n<td>Bajo<\/td>\n<td>Alto<\/td>\n<\/tr>\n<tr>\n<td>Usos<\/td>\n<td>Industria de procesos, marina<\/td>\n<td>Qu\u00edmica, farmac\u00e9utica<\/td>\n<\/tr>\n<\/tbody>\n<\/table>\n<ul class=\"list-disc pl-8 space-y-2\">\n<li class=\"whitespace-normal\">317L proporciona mayor resistencia a un costo menor<\/li>\n<li class=\"whitespace-normal\">316L ofrece mejor resistencia a la corrosi\u00f3n por picaduras<\/li>\n<li class=\"whitespace-normal\">La 317L tiene buena resistencia a la corrosi\u00f3n bajo tensi\u00f3n de cloruro<\/li>\n<li class=\"whitespace-normal\">316L preferido para ambientes ultra corrosivos<\/li>\n<li class=\"whitespace-normal\">El 317L es apto para aplicaciones marinas y el sector nuclear<\/li>\n<\/ul>\n<h2>Preguntas frecuentes sobre polvo 317L<\/h2>\n<p class=\"whitespace-pre-wrap\"><strong>P: \u00bfCu\u00e1les son las principales aplicaciones del polvo de acero inoxidable 317L?<\/strong><\/p>\n<p class=\"whitespace-pre-wrap\">A: Entre las aplicaciones principales se encuentran el procesamiento qu\u00edmico, petroqu\u00edmico, marino, nuclear, de pulpa y papel, y arquitect\u00f3nico. Se utiliza para equipos como tanques, v\u00e1lvulas, tuber\u00edas, bombas, ejes y revestimientos.<\/p>\n<p class=\"whitespace-pre-wrap\"><strong>P: \u00bfQu\u00e9 precauciones se deben tomar al manipular polvo 317L?<\/strong><\/p>\n<p class=\"whitespace-pre-wrap\">A: Las precauciones recomendadas incluyen ventilaci\u00f3n, puesta a tierra, evitar fuentes de ignici\u00f3n, uso de herramientas antichispas, equipo de protecci\u00f3n, almacenamiento seguro y control de la exposici\u00f3n al polvo.<\/p>\n<p class=\"whitespace-pre-wrap\"><strong>P: \u00bfC\u00f3mo mejora el molibdeno la resistencia a la corrosi\u00f3n de 317L?<\/strong><\/p>\n<p class=\"whitespace-pre-wrap\">R: El molibdeno aumenta la resistencia a la corrosi\u00f3n por picaduras y grietas en ambientes con cloruros. Estabiliza la pel\u00edcula pasiva que protege la superficie.<\/p>\n<p class=\"whitespace-pre-wrap\"><strong>P: \u00bfCu\u00e1l es la principal diferencia entre el polvo de acero inoxidable 304L y 317L?<\/strong><\/p>\n<p class=\"whitespace-pre-wrap\">R: 317L contiene 3% de molibdeno, lo que le da una resistencia a la corrosi\u00f3n mucho mejor comparada con 304L, especialmente en ambientes marinos y otros con cloruro.<\/p>\n<p><\/span><\/span><\/p>","protected":false},"excerpt":{"rendered":"<p>Descripci\u00f3n general del polvo 317L El polvo 317L es un polvo de acero inoxidable austen\u00edtico que contiene 18% de cromo, 3% de molibdeno y 0,08% de carbono. Ofrece una excelente combinaci\u00f3n de resistencia a la corrosi\u00f3n, solidez, soldabilidad y coste. Entre las principales propiedades y ventajas del polvo 317L se incluyen: Propiedades y caracter\u00edsticas del polvo 317L Propiedades Detalles Composici\u00f3n Aleaci\u00f3n Fe-18Cr-3Mo-0,08C Densidad 8,0 g\/cc Forma de las part\u00edculas...<\/p>","protected":false},"featured_media":1837,"parent":0,"template":"","meta":{"_acf_changed":false,"_kad_blocks_custom_css":"","_kad_blocks_head_custom_js":"","_kad_blocks_body_custom_js":"","_kad_blocks_footer_custom_js":"","_kad_post_transparent":"","_kad_post_title":"","_kad_post_layout":"","_kad_post_sidebar_id":"","_kad_post_content_style":"","_kad_post_vertical_padding":"","_kad_post_feature":"","_kad_post_feature_position":"","_kad_post_header":false,"_kad_post_footer":false,"_kad_post_classname":""},"product-category":[119,122],"class_list":["post-3918","product","type-product","status-publish","has-post-thumbnail","hentry","product-category-3d-printing-metal-powder","product-category-iron-based-alloy-powder"],"acf":[],"taxonomy_info":{"product-category":[{"value":119,"label":"3D Printing Metal Powder"},{"value":122,"label":"Iron Based Alloy Powder"}]},"featured_image_src_large":["https:\/\/3dpmetal.com\/wp-content\/uploads\/2024\/02\/317L-Powder.jpg",600,600,false],"author_info":[],"comment_info":"","_links":{"self":[{"href":"https:\/\/3dpmetal.com\/es\/wp-json\/wp\/v2\/product\/3918","targetHints":{"allow":["GET"]}}],"collection":[{"href":"https:\/\/3dpmetal.com\/es\/wp-json\/wp\/v2\/product"}],"about":[{"href":"https:\/\/3dpmetal.com\/es\/wp-json\/wp\/v2\/types\/product"}],"wp:featuredmedia":[{"embeddable":true,"href":"https:\/\/3dpmetal.com\/es\/wp-json\/wp\/v2\/media\/1837"}],"wp:attachment":[{"href":"https:\/\/3dpmetal.com\/es\/wp-json\/wp\/v2\/media?parent=3918"}],"wp:term":[{"taxonomy":"product-category","embeddable":true,"href":"https:\/\/3dpmetal.com\/es\/wp-json\/wp\/v2\/product-category?post=3918"}],"curies":[{"name":"wp","href":"https:\/\/api.w.org\/{rel}","templated":true}]}}