{"id":3921,"date":"2024-03-18T06:10:14","date_gmt":"2024-03-18T06:10:14","guid":{"rendered":"https:\/\/3dp.45612300.xyz\/product\/s2-powder\/"},"modified":"2024-03-18T06:10:14","modified_gmt":"2024-03-18T06:10:14","slug":"s2-powder","status":"publish","type":"product","link":"https:\/\/3dpmetal.com\/es\/product\/s2-powder\/","title":{"rendered":"Polvo S2"},"content":{"rendered":"<p><span style=\"vertical-align: inherit;\"><span style=\"vertical-align: inherit;\"><\/p>\n<h2>Descripci\u00f3n general del polvo S2<\/h2>\n<p class=\"whitespace-pre-wrap\">El polvo S2 es un polvo de acero para herramientas de alta velocidad ideal para fabricar herramientas de corte que requieran gran dureza, resistencia y resistencia al desgaste a temperaturas elevadas. Contiene wolframio, molibdeno, vanadio y otras aleaciones que le proporcionan una excelente dureza en caliente y resistencia a la fatiga t\u00e9rmica.<\/p>\n<p class=\"whitespace-pre-wrap\">Clave de propiedades y ventajas de polvo S2:<\/p>\n<p class=\"whitespace-pre-wrap\"><strong>S2 Propiedades y caracter\u00edsticas en polvo<\/strong><\/p>\n<table>\n<thead>\n<tr>\n<th>Propiedades<\/th>\n<th>Detalles<\/th>\n<\/tr>\n<\/thead>\n<tbody>\n<tr>\n<td>Composici\u00f3n<\/td>\n<td>Aleaci\u00f3n Fe-1C-5Cr-2,35Mo-6,4W-1,4V-2Si<\/td>\n<\/tr>\n<tr>\n<td>Densidad<\/td>\n<td>7,7 g\/cc<\/td>\n<\/tr>\n<tr>\n<td>Forma de las part\u00edculas<\/td>\n<td>Irregular, angular<\/td>\n<\/tr>\n<tr>\n<td>Rango de tama\u00f1os<\/td>\n<td>10-150 micras<\/td>\n<\/tr>\n<tr>\n<td>Densidad aparente<\/td>\n<td>Hasta 50% de densidad verdadera<\/td>\n<\/tr>\n<tr>\n<td>Fluidez<\/td>\n<td>Bajo a moderado<\/td>\n<\/tr>\n<tr>\n<td>Dureza<\/td>\n<td>62-64 HRC cuando se somete a tratamiento t\u00e9rmico<\/td>\n<\/tr>\n<tr>\n<td>Dureza<\/td>\n<td>Muy bueno<\/td>\n<\/tr>\n<\/tbody>\n<\/table>\n<p class=\"whitespace-pre-wrap\">El polvo S2 produce herramientas de corte, troqueles y componentes de m\u00e1quina con una vida \u00fatil extendida bajo condiciones continuas de alta temperatura y carga de choque intermitente.<\/p>\n<h2>Composici\u00f3n de polvos S2<\/h2>\n<p class=\"whitespace-pre-wrap\">Composici\u00f3n t\u00edpica del polvo de acero r\u00e1pido S2:<\/p>\n<p class=\"whitespace-pre-wrap\"><strong>Composici\u00f3n de polvos S2<\/strong><\/p>\n<table>\n<thead>\n<tr>\n<th>Elemento<\/th>\n<th>Porcentaje de peso<\/th>\n<\/tr>\n<\/thead>\n<tbody>\n<tr>\n<td>Hierro (Fe)<\/td>\n<td>Equilibrio<\/td>\n<\/tr>\n<tr>\n<td>Carbono (C)<\/td>\n<td>0.9-1.2%<\/td>\n<\/tr>\n<tr>\n<td>Cromo (Cr)<\/td>\n<td>3.8-4.5%<\/td>\n<\/tr>\n<tr>\n<td>Tungsteno (W)<\/td>\n<td>6.4%<\/td>\n<\/tr>\n<tr>\n<td>Molibdeno (Mo)<\/td>\n<td>1.9-2.2%<\/td>\n<\/tr>\n<tr>\n<td>Vanadio (V)<\/td>\n<td>1.3-1.6%<\/td>\n<\/tr>\n<tr>\n<td>Manganeso (Mn)<\/td>\n<td>0.2-0.5%<\/td>\n<\/tr>\n<tr>\n<td>Silicio (Si)<\/td>\n<td>0.9-1.4%<\/td>\n<\/tr>\n<\/tbody>\n<\/table>\n<ul class=\"list-disc pl-8 space-y-2\">\n<li class=\"whitespace-normal\">El hierro proporciona la matriz ferr\u00edtica<\/li>\n<li class=\"whitespace-normal\">El carbono, el tungsteno y el cromo forman carburos duros<\/li>\n<li class=\"whitespace-normal\">El vanadio y el molibdeno mejoran la resistencia al desgaste<\/li>\n<li class=\"whitespace-normal\">El manganeso y el silicio facilitan el mecanizado.<\/li>\n<\/ul>\n<p class=\"whitespace-pre-wrap\">La composici\u00f3n est\u00e1 optimizada para lograr una excepcional combinaci\u00f3n de dureza en caliente, dureza al rojo y dureza necesarias para aplicaciones de mecanizado a alta velocidad.<\/p>\n<p><img loading=\"lazy\" decoding=\"async\" class=\"size-medium wp-image-1409 aligncenter\" src=\"https:\/\/met3dp.com\/wp-content\/uploads\/2023\/09\/ed7a94ec-3c10-4b1b-87ed--300x300.jpg\" alt=\"Polvo S2\" width=\"300\" height=\"300\" title=\"\"><\/p>\n<h2>Propiedades f\u00edsicas de polvo S2<\/h2>\n<p class=\"whitespace-pre-wrap\"><strong>Propiedades f\u00edsicas de polvo S2<\/strong><\/p>\n<table>\n<thead>\n<tr>\n<th>Propiedad<\/th>\n<th>Valores<\/th>\n<\/tr>\n<\/thead>\n<tbody>\n<tr>\n<td>Densidad<\/td>\n<td>7,7 g\/cc<\/td>\n<\/tr>\n<tr>\n<td>Punto de Fusi\u00f3n<\/td>\n<td>1320-1350 \u00a1\u00abC<\/td>\n<\/tr>\n<tr>\n<td>Conductividad t\u00e9rmica<\/td>\n<td>37 W\/mK<\/td>\n<\/tr>\n<tr>\n<td>Resistividad el\u00e9ctrica<\/td>\n<td>0,6 dm\u00b3<\/td>\n<\/tr>\n<tr>\n<td>Temperatura m\u00e1xima de servicio<\/td>\n<td>600\u00a1\u00abC<\/td>\n<\/tr>\n<tr>\n<td>Temperatura de Curie<\/td>\n<td>770\u00a1\u00abC<\/td>\n<\/tr>\n<\/tbody>\n<\/table>\n<ul class=\"list-disc pl-8 space-y-2\">\n<li class=\"whitespace-normal\">La alta densidad permite componentes miniaturizados<\/li>\n<li class=\"whitespace-normal\">Mantiene la dureza y la resistencia a las altas temperaturas<\/li>\n<li class=\"whitespace-normal\">Se convierte en paramagn\u00e9tico por encima del punto Curie<\/li>\n<li class=\"whitespace-normal\">Puede resistir un servicio prolongado hasta 600 \u00b0C<\/li>\n<li class=\"whitespace-normal\">Una buena conductividad t\u00e9rmica reduce las tensiones de expansi\u00f3n t\u00e9rmica<\/li>\n<\/ul>\n<p class=\"whitespace-pre-wrap\">Estas propiedades proporcionan una combinaci\u00f3n equilibrada de dureza en caliente y resistencia al choque t\u00e9rmico que es necesaria en aplicaciones de maquinado de alta velocidad.<\/p>\n<h2>Propiedades mec\u00e1nicas del polvo S2<\/h2>\n<p class=\"whitespace-pre-wrap\"><strong>Propiedades mec\u00e1nicas del polvo S2<\/strong><\/p>\n<table>\n<thead>\n<tr>\n<th>Propiedad<\/th>\n<th>Valores<\/th>\n<\/tr>\n<\/thead>\n<tbody>\n<tr>\n<td>Dureza<\/td>\n<td>62-64 HRC<\/td>\n<\/tr>\n<tr>\n<td>Resistencia a la rotura transversal<\/td>\n<td>4500-4800 MPa<\/td>\n<\/tr>\n<tr>\n<td>Resistencia a la compresi\u00f3n<\/td>\n<td>3800 a 4100 MPa<\/td>\n<\/tr>\n<tr>\n<td>Resistencia a la tensi\u00f3n<\/td>\n<td>2050-2250\u00a0MPa<\/td>\n<\/tr>\n<tr>\n<td>Resistencia el\u00e1stica<\/td>\n<td>1930-2050 MPa<\/td>\n<\/tr>\n<tr>\n<td>Elongaci\u00f3n<\/td>\n<td>8-10%<\/td>\n<\/tr>\n<tr>\n<td>Tenacidad al Impacto<\/td>\n<td>10-14 J\/cm2<\/td>\n<\/tr>\n<\/tbody>\n<\/table>\n<ul class=\"list-disc pl-8 space-y-2\">\n<li class=\"whitespace-normal\">Dureza excepcional al tratarse al calor<\/li>\n<li class=\"whitespace-normal\">Alta resistencia con ductilidad razonable<\/li>\n<li class=\"whitespace-normal\">Muy buena resistencia a la compresi\u00f3n y a la rotura transversal<\/li>\n<li class=\"whitespace-normal\">Excelente dureza roja a elevadas temperatuas<\/li>\n<li class=\"whitespace-normal\">La resistencia depende del proceso de tratamiento t\u00e9rmico<\/li>\n<\/ul>\n<p class=\"whitespace-pre-wrap\">El polvo S2 produce herramientas de corte y troqueles con la dureza, resistencia y propiedades t\u00e9rmicas necesarias para mecanizar materiales desafiantes a altas velocidades y temperaturas.<\/p>\n<h2>Aplicaciones del polvo S2<\/h2>\n<p class=\"whitespace-pre-wrap\">Las aplicaciones t\u00edpicas del polvo de acero r\u00e1pido S2 incluyen:<\/p>\n<p class=\"whitespace-pre-wrap\"><strong>Aplicaciones del polvo S2<\/strong><\/p>\n<table>\n<thead>\n<tr>\n<th>Industria<\/th>\n<th>Ejemplos de uso<\/th>\n<\/tr>\n<\/thead>\n<tbody>\n<tr>\n<td>Automovil\u00edstico<\/td>\n<td>Herramientas de corte y fresado<\/td>\n<\/tr>\n<tr>\n<td>Aeroespacial<\/td>\n<td>Brocas, fresas<\/td>\n<\/tr>\n<tr>\n<td>Fabricaci\u00f3n<\/td>\n<td>Golpes, formando die<\/td>\n<\/tr>\n<tr>\n<td>Petr\u00f3leo y gas<\/td>\n<td>Herramientas de pozos, brocas<\/td>\n<\/tr>\n<tr>\n<td>Mecanizado general<\/td>\n<td>Herramientas de torneado, mandrinado y cepillado<\/td>\n<\/tr>\n<\/tbody>\n<\/table>\n<p class=\"whitespace-pre-wrap\">Algunos usos espec\u00edficos del producto:<\/p>\n<ul class=\"list-disc pl-8 space-y-2\">\n<li class=\"whitespace-normal\">Insertos de corte, herramientas intercambiables<\/li>\n<li class=\"whitespace-normal\">Brochas, escariadores, machos de roscar, terrajas<\/li>\n<li class=\"whitespace-normal\">Hojas de sierra de ranurado de metal y cuchillos industriales<\/li>\n<li class=\"whitespace-normal\">Herramientas de extrusi\u00f3n y matrices de trefilado<\/li>\n<li class=\"whitespace-normal\">Matrices de forjado y embutici\u00f3n en fr\u00edo<\/li>\n<li class=\"whitespace-normal\">Medidores, componentes resistentes al desgaste<\/li>\n<\/ul>\n<p class=\"whitespace-pre-wrap\">Las propiedades \u00fanicas de S2 lo convierten en la mejor opci\u00f3n para herramientas de corte y componentes fiables utilizados en exigentes aplicaciones de metalurgia.<\/p>\n<h2>Especificaciones del polvo S2<\/h2>\n<p class=\"whitespace-pre-wrap\">Especificaciones clave para el polvo de acero de alta velocidad S2:<\/p>\n<p class=\"whitespace-pre-wrap\"><strong>Normas del polvo S2<\/strong><\/p>\n<table>\n<thead>\n<tr>\n<th>Est\u00e1ndar<\/th>\n<th>Descripci\u00f3n<\/th>\n<\/tr>\n<\/thead>\n<tbody>\n<tr>\n<td>ASTM A600<\/td>\n<td>Especificaci\u00f3n para acero para herramientas, acero r\u00e1pido<\/td>\n<\/tr>\n<tr>\n<td>JIS G4403<\/td>\n<td>Aceros para herramientas de alta velocidad<\/td>\n<\/tr>\n<tr>\n<td>DIN 1.2363<\/td>\n<td>Equivalente al acero S7 de alta velocidad AISI<\/td>\n<\/tr>\n<tr>\n<td>UNS T11302<\/td>\n<td>Designaci\u00f3n para grado S2 AISI<\/td>\n<\/tr>\n<tr>\n<td>ISO 4957<\/td>\n<td>Especificaciones de los aceros para herramientas<\/td>\n<\/tr>\n<\/tbody>\n<\/table>\n<p class=\"whitespace-pre-wrap\">Esto define:<\/p>\n<ul class=\"list-disc pl-8 space-y-2\">\n<li class=\"whitespace-normal\">L\u00edmites de composici\u00f3n qu\u00edmica de S2<\/li>\n<li class=\"whitespace-normal\">Propiedades mec\u00e1nicas requeridas en condici\u00f3n tratada con calor<\/li>\n<li class=\"whitespace-normal\">M\u00e9todos de producci\u00f3n aprovados como la atomizaci\u00f3n con gas<\/li>\n<li class=\"whitespace-normal\">Protocolos de prueba de cumplimiento<\/li>\n<li class=\"whitespace-normal\">Requisitos de garant\u00eda de calidad<\/li>\n<li class=\"whitespace-normal\">Embalaje e identificaci\u00f3n correctos<\/li>\n<\/ul>\n<p class=\"whitespace-pre-wrap\">El polvo producido con estos est\u00e1ndares garantiza la idoneidad para aplicaciones de herramientas de alta resistencia al desgaste en condiciones de fatiga t\u00e9rmica.<\/p>\n<h2>Tama\u00f1os de part\u00edculas en polvo S2<\/h2>\n<p class=\"whitespace-pre-wrap\"><strong>Distribuci\u00f3n del tama\u00f1o de part\u00edcula de polvo S2<\/strong><\/p>\n<table>\n<thead>\n<tr>\n<th>Tama\u00f1o de part\u00edcula<\/th>\n<th>Caracter\u00edsticas<\/th>\n<\/tr>\n<\/thead>\n<tbody>\n<tr>\n<td>10-22 micras<\/td>\n<td>El grado ultrafino proporciona la densidad m\u00e1s alta<\/td>\n<\/tr>\n<tr>\n<td>22-53 micras<\/td>\n<td>Rango de tama\u00f1os m\u00e1s usado<\/td>\n<\/tr>\n<tr>\n<td>53-105 micras<\/td>\n<td>El tama\u00f1o m\u00e1s grueso proporciona una buena fluidez<\/td>\n<\/tr>\n<\/tbody>\n<\/table>\n<ul class=\"list-disc pl-8 space-y-2\">\n<li class=\"whitespace-normal\">Las part\u00edculas m\u00e1s finas permiten una mayor densificaci\u00f3n durante la sinterizaci\u00f3n<\/li>\n<li class=\"whitespace-normal\">Las part\u00edculas m\u00e1s gruesas mejoran el flujo del polvo hacia las cavidades del molde<\/li>\n<li class=\"whitespace-normal\">El tama\u00f1o se selecciona en funci\u00f3n de las propiedades finales necesarias para la pieza<\/li>\n<li class=\"whitespace-normal\">Part\u00edculas atomizadas de gas y agua utilizadas<\/li>\n<\/ul>\n<p class=\"whitespace-pre-wrap\">El control de la distribuci\u00f3n de tama\u00f1o optimiza el comportamiento de prensado, la densidad sinterizada y el rendimiento del componente final.<\/p>\n<h2>Densidad aparente de polvo S2<\/h2>\n<p class=\"whitespace-pre-wrap\"><strong>Densidad aparente de polvo S2<\/strong><\/p>\n<table>\n<thead>\n<tr>\n<th>Densidad aparente<\/th>\n<th>Detalles<\/th>\n<\/tr>\n<\/thead>\n<tbody>\n<tr>\n<td>Hasta 50% de densidad verdadera<\/td>\n<td>Para morfolog\u00eda irregular de polvo<\/td>\n<\/tr>\n<tr>\n<td>4.0-5.0 g\/cc<\/td>\n<td>Mayor para polvos esf\u00e9ricos, menor para polvos irregulares<\/td>\n<\/tr>\n<\/tbody>\n<\/table>\n<ul class=\"list-disc pl-8 space-y-2\">\n<li class=\"whitespace-normal\">La forma esf\u00e9rica del polvo proporciona una alta densidad aparente<\/li>\n<li class=\"whitespace-normal\">El polvo irregular tiene una densidad menor de alrededor del 45% - 50%<\/li>\n<li class=\"whitespace-normal\">Una densidad aparente m\u00e1s alta mejora el llenado del molde y la calidad de la pieza<\/li>\n<li class=\"whitespace-normal\">Permite la compactaci\u00f3n de la geometr\u00eda de la herramienta compleja<\/li>\n<\/ul>\n<p class=\"whitespace-pre-wrap\">Una densidad aparente m\u00e1s alta conlleva una mejor tasa de producci\u00f3n y rendimiento de los componentes.<\/p>\n<h2>M\u00e9todo de producci\u00f3n de polvo S2<\/h2>\n<p class=\"whitespace-pre-wrap\"><strong>Producci\u00f3n de polvo S2<\/strong><\/p>\n<table>\n<thead>\n<tr>\n<th>M\u00e9todo<\/th>\n<th>Detalles<\/th>\n<\/tr>\n<\/thead>\n<tbody>\n<tr>\n<td>Atomizaci\u00f3n de gas<\/td>\n<td>El gas inerte a alta presi\u00f3n divide la corriente de aleaci\u00f3n fundida en finas gotitas<\/td>\n<\/tr>\n<tr>\n<td>Fundici\u00f3n por inducci\u00f3n al vac\u00edo<\/td>\n<td>Materiales de entrada de alta pureza fundidos al vac\u00edo<\/td>\n<\/tr>\n<tr>\n<td>Fusi\u00f3n m\u00faltiple<\/td>\n<td>Mejora la homogeneidad qu\u00edmica<\/td>\n<\/tr>\n<tr>\n<td>Tamizado<\/td>\n<td>Clasifica el polvo en diferentes fracciones de tama\u00f1o de part\u00edcula<\/td>\n<\/tr>\n<\/tbody>\n<\/table>\n<ul class=\"list-disc pl-8 space-y-2\">\n<li class=\"whitespace-normal\">La atomizaci\u00f3n de gases proporciona una forma esf\u00e9rica de polvo<\/li>\n<li class=\"whitespace-normal\">La fundici\u00f3n al vac\u00edo elimina impurezas gaseosas<\/li>\n<li class=\"whitespace-normal\">La refusi\u00f3n m\u00faltiple mejora la uniformidad<\/li>\n<li class=\"whitespace-normal\">El posprocesamiento permite la personalizaci\u00f3n del tama\u00f1o de part\u00edcula<\/li>\n<\/ul>\n<p class=\"whitespace-pre-wrap\">Los procesos automatizados completamente combinados con un estricto control de calidad garantizan propiedades de polvo S2 confiables y consistentes, fundamentales para el desempe\u00f1o de las herramientas.<\/p>\n<h2>Pricing de Polvos S2<\/h2>\n<p class=\"whitespace-pre-wrap\"><strong>Pricing de Polvos S2<\/strong><\/p>\n<table>\n<thead>\n<tr>\n<th>Factor<\/th>\n<th>Impacto sobre el precio<\/th>\n<\/tr>\n<\/thead>\n<tbody>\n<tr>\n<td>Nivel de pureza<\/td>\n<td>Los grados de mayor pureza cuestan m\u00e1s<\/td>\n<\/tr>\n<tr>\n<td>Tama\u00f1o de part\u00edcula<\/td>\n<td>Polvo ultrafino m\u00e1s caro<\/td>\n<\/tr>\n<tr>\n<td>Cantidad del pedido<\/td>\n<td>El precio disminuye con vol\u00famenes mayores<\/td>\n<\/tr>\n<tr>\n<td>Servicios adicionales<\/td>\n<td>La personalizaci\u00f3n aumenta el costo<\/td>\n<\/tr>\n<\/tbody>\n<\/table>\n<p class=\"whitespace-pre-wrap\"><strong>Precios indicativos<\/strong><\/p>\n<ul class=\"list-disc pl-8 space-y-2\">\n<li class=\"whitespace-normal\">Polvo esf\u00e9rico S2: $ 18-22 por kg<\/li>\n<li class=\"whitespace-normal\">Polvo irregular S2: 12-16 \u20ac por kg<\/li>\n<li class=\"whitespace-normal\">Precios para grandes vol\u00famenes hasta un 30% menos<\/li>\n<\/ul>\n<p class=\"whitespace-pre-wrap\">El precio depende de la pureza, las caracter\u00edsticas de las part\u00edculas, la cantidad del pedido y cualquier requisito adicional de personalizaci\u00f3n.<\/p>\n<h2>Proveedores de polvo S2<\/h2>\n<p class=\"whitespace-pre-wrap\"><strong>Proveedores de polvo S2<\/strong><\/p>\n<table>\n<thead>\n<tr>\n<th>Compa\u00f1\u00eda<\/th>\n<th>Ubicaci\u00f3n<\/th>\n<\/tr>\n<\/thead>\n<tbody>\n<tr>\n<td>H\u00e1gans<\/td>\n<td>Suecia<\/td>\n<\/tr>\n<tr>\n<td>Carpenter Powder Products<\/td>\n<td>EE. UU.<\/td>\n<\/tr>\n<tr>\n<td>Erasteel<\/td>\n<td>EE. UU., Europa<\/td>\n<\/tr>\n<tr>\n<td>Crucible Industries<\/td>\n<td>EE. UU.<\/td>\n<\/tr>\n<tr>\n<td>voxco<\/td>\n<td>Alemania<\/td>\n<\/tr>\n<tr>\n<td>Jingdong Nuevo Materiales<\/td>\n<td>China<\/td>\n<\/tr>\n<\/tbody>\n<\/table>\n<p class=\"whitespace-pre-wrap\">Factores clave de selecci\u00f3n de proveedores:<\/p>\n<ul class=\"list-disc pl-8 space-y-2\">\n<li class=\"whitespace-normal\">Presentadas calificaciones de polvo<\/li>\n<li class=\"whitespace-normal\">capacidad de producci\u00f3n<\/li>\n<li class=\"whitespace-normal\">Caracter\u00edsticas de part\u00edculas y consistencia<\/li>\n<li class=\"whitespace-normal\">Capacidad de prueba y control de calidad<\/li>\n<li class=\"whitespace-normal\">Precios y plazos de entrega<\/li>\n<li class=\"whitespace-normal\">Servicio t\u00e9cnico de atenci\u00f3n al cliente<\/li>\n<\/ul>\n<h2>S2 Manejo y almacenamiento de polvo<\/h2>\n<p class=\"whitespace-pre-wrap\"><strong>S2 manipulaci\u00f3n de polvo<\/strong><\/p>\n<table>\n<thead>\n<tr>\n<th>Recomendaci\u00f3n<\/th>\n<th>Motivo<\/th>\n<\/tr>\n<\/thead>\n<tbody>\n<tr>\n<td>Aseg\u00farese de que haya ventilaci\u00f3n adecuada<\/td>\n<td>Prevenga la exposici\u00f3n a part\u00edculas finas de metal<\/td>\n<\/tr>\n<tr>\n<td>Utilice el EPP apropiado<\/td>\n<td>Evite ingesti\u00f3n por nariz\/boca<\/td>\n<\/tr>\n<tr>\n<td>Equipos de tierra<\/td>\n<td>Evitar las chispas electrost\u00e1ticas<\/td>\n<\/tr>\n<tr>\n<td>Evite las fuentes de ignici\u00f3n<\/td>\n<td>Riesgo por polvo inflamable<\/td>\n<\/tr>\n<tr>\n<td>Utiliza herramientas no generadoras de chispas<\/td>\n<td>Prevenir la posibilidad de ignici\u00f3n<\/td>\n<\/tr>\n<tr>\n<td>Sigue protocolos seguros<\/td>\n<td>Reduce el fuego, explosiones y los riesgos para la salud<\/td>\n<\/tr>\n<\/tbody>\n<\/table>\n<p class=\"whitespace-pre-wrap\"><strong>Recomendaciones de almacenamiento<\/strong><\/p>\n<ul class=\"list-disc pl-8 space-y-2\">\n<li class=\"whitespace-normal\">Guarde los recipientes sellados lejos de la humedad o la contaminaci\u00f3n.<\/li>\n<li class=\"whitespace-normal\">Mantener las temperaturas de almacenamiento por debajo de los 27 \u00a1\u00abC<\/li>\n<li class=\"whitespace-normal\">Limitar la exposici\u00f3n a \u00e1cidos oxidantes y compuestos de cloro<\/li>\n<\/ul>\n<p class=\"whitespace-pre-wrap\">Las precauciones adecuadas durante el manejo y el almacenamiento ayudan a conservar la pureza y prevenir los riesgos de seguridad.<\/p>\n<h2>Inspecci\u00f3n y ensayo del polvo S2<\/h2>\n<p class=\"whitespace-pre-wrap\"><strong>Prueba de polvo S2<\/strong><\/p>\n<table>\n<thead>\n<tr>\n<th>Prueba<\/th>\n<th>Detalles<\/th>\n<\/tr>\n<\/thead>\n<tbody>\n<tr>\n<td>An\u00e1lisis qu\u00edmico<\/td>\n<td>Verifica la composici\u00f3n usando espectroscopia ICP\/\u00f3ptica<\/td>\n<\/tr>\n<tr>\n<td>An\u00e1lisis del tama\u00f1o de las part\u00edculas<\/td>\n<td>Determina la distribuci\u00f3n granulom\u00e9trica mediante difracci\u00f3n l\u00e1ser o tamizado<\/td>\n<\/tr>\n<tr>\n<td>Densidad aparente<\/td>\n<td>Medido seg\u00fan ASTM B212 mediante el medidor de flujo Hall<\/td>\n<\/tr>\n<tr>\n<td>Morfolog\u00eda del polvo<\/td>\n<td>Im\u00e1genes SEM para determinar la forma de las part\u00edculas<\/td>\n<\/tr>\n<tr>\n<td>Prueba de caudal<\/td>\n<td>Tasa de flujo de gravedad a trav\u00e9s de un embudo espec\u00edfico<\/td>\n<\/tr>\n<tr>\n<td>Ensayo de densidad del compacto<\/td>\n<td>Densidad medida despu\u00e9s de golpear mec\u00e1nicamente la muestra de polvo<\/td>\n<\/tr>\n<\/tbody>\n<\/table>\n<p class=\"whitespace-pre-wrap\">Las pruebas garantizan que el polvo cumpla con las especificaciones requeridas de composici\u00f3n qu\u00edmica, caracter\u00edsticas f\u00edsicas, distribuci\u00f3n de tama\u00f1o de part\u00edculas, morfolog\u00eda, densidad y caudal.<\/p>\n<h2>Ventajas y desventajas de la prote\u00edna de suero S2<\/h2>\n<p class=\"whitespace-pre-wrap\"><strong>Ventajas del polvo S2<\/strong><\/p>\n<ul class=\"list-disc pl-8 space-y-2\">\n<li class=\"whitespace-normal\">Dureza excepcional en caliente y en rojo<\/li>\n<li class=\"whitespace-normal\">Alta resistencia y resistencia al desgaste a temperaturas elevadas<\/li>\n<li class=\"whitespace-normal\">Buena tenacidad y resistencia a los choques t\u00e9rmicos<\/li>\n<li class=\"whitespace-normal\">Resistente al reblandecimiento y a los cambios de forma hasta 600\u00a1\u00abC<\/li>\n<li class=\"whitespace-normal\">Estabilidad dimensional bajo ciclo t\u00e9rmico<\/li>\n<li class=\"whitespace-normal\">Rentable y econ\u00f3mico en comparaci\u00f3n con los grados de acero para herramientas PM ex\u00f3ticas<\/li>\n<\/ul>\n<p class=\"whitespace-pre-wrap\"><strong>Limitaciones del polvo S2<\/strong><\/p>\n<ul class=\"list-disc pl-8 space-y-2\">\n<li class=\"whitespace-normal\">Resistencia moderada a la corrosi\u00f3n sin tratamiento superficial<\/li>\n<li class=\"whitespace-normal\">Conformabilidad en fr\u00edo y resistencia al cizallamiento limitadas<\/li>\n<li class=\"whitespace-normal\">Requiere un cuidadoso tratamiento t\u00e9rmico por parte de proveedores experimentados<\/li>\n<li class=\"whitespace-normal\">No soldable mediante soldadura por fusi\u00f3n convencional<\/li>\n<li class=\"whitespace-normal\">Las secciones transversales grandes pueden experimentar fragilidad<\/li>\n<li class=\"whitespace-normal\">Contiene elementos de aleaci\u00f3n costosos<\/li>\n<\/ul>\n<h2>Comparaci\u00f3n con el polvo de acero para herramientas H13<\/h2>\n<p class=\"whitespace-pre-wrap\"><strong>Polvo de acero para herramientas S2 vs H13<\/strong><\/p>\n<table>\n<thead>\n<tr>\n<th>Par\u00e1metro<\/th>\n<th>S2<\/th>\n<th>H13<\/th>\n<\/tr>\n<\/thead>\n<tbody>\n<tr>\n<td>Dureza<\/td>\n<td>62-64 HRC<\/td>\n<td>54-57 HRC<\/td>\n<\/tr>\n<tr>\n<td>Dureza en caliente<\/td>\n<td>Excelente<\/td>\n<td>Bien<\/td>\n<\/tr>\n<tr>\n<td>Dureza<\/td>\n<td>Muy bueno<\/td>\n<td>Bien<\/td>\n<\/tr>\n<tr>\n<td>Resistencia al choque t\u00e9rmico<\/td>\n<td>Excelente<\/td>\n<td>Moderado<\/td>\n<\/tr>\n<tr>\n<td>Fuerza en fr\u00edo<\/td>\n<td>Bien<\/td>\n<td>Excelente<\/td>\n<\/tr>\n<tr>\n<td>Coste<\/td>\n<td>Alto<\/td>\n<td>Bajo<\/td>\n<\/tr>\n<\/tbody>\n<\/table>\n<ul class=\"list-disc pl-8 space-y-2\">\n<li class=\"whitespace-normal\">S2 tiene una dureza en caliente y una resistencia al choque t\u00e9rmico mucho mayores<\/li>\n<li class=\"whitespace-normal\">H13 proporciona una mejor resistencia y tenacidad al frio<\/li>\n<li class=\"whitespace-normal\">S2 es m\u00e1s caro debido al contenido de aleaci\u00f3n superior<\/li>\n<li class=\"whitespace-normal\">S2 preferida para aplicaciones de mecanizado de alta velocidad<\/li>\n<li class=\"whitespace-normal\">H13 es adecuado para las herramientas de prensado fr\u00edo y caliente<\/li>\n<\/ul>\n<h2>Preguntas frecuentes sobre S2 Powder<\/h2>\n<p class=\"whitespace-pre-wrap\"><strong>P: \u00bfCu\u00e1les son las principales aplicaciones del polvo de acero para herramientas S2?<\/strong><\/p>\n<p class=\"whitespace-pre-wrap\">R: Aplicaciones principales incluyen herramientas de corte como brocas, fresas, inserciones, machos, troqueles, sierras y herramientas de planificaci\u00f3n, as\u00ed como herramientas de extrusi\u00f3n, troqueles de forjado, calibres y componentes que necesiten una dureza en caliente y resistencia a choques t\u00e9rmicos.<\/p>\n<p class=\"whitespace-pre-wrap\"><strong>P: \u00bfQu\u00e9 tratamiento t\u00e9rmico se utiliza para el polvo de acero para herramientas S2?<\/strong><\/p>\n<p class=\"whitespace-pre-wrap\">R: El acero para herramientas S2 suele estar tratado t\u00e9rmicamente por austenizaci\u00f3n entre 1150 y 1200 \u00b0C, seguido de enfriamiento al aire, en aceite o con pol\u00edmeros, y luego templado entre 540 y 650 \u00b0C para lograr una dureza entre 62 y 64 HRC.<\/p>\n<p class=\"whitespace-pre-wrap\"><strong>P: \u00bfC\u00f3mo mejora el tungsteno las propiedades del acero S2?<\/strong><\/p>\n<p class=\"whitespace-pre-wrap\">R: El tungsteno forma complejos duros de tungsteno-hierro-carbono que brindan una dureza en caliente y una resistencia al desgaste y rotura excepcionales a las altas temperaturas que se necesitan para las aplicaciones de maquinado de alta velocidad.<\/p>\n<p class=\"whitespace-pre-wrap\"><strong>P: \u00bfQu\u00e9 precauciones de seguridad se deben tomar al trabajar con polvo S2?<\/strong><\/p>\n<p class=\"whitespace-pre-wrap\">A: Ventilaci\u00f3n adecuada, equipo de protecci\u00f3n, ambiente inerte, puesta a tierra, evitar fuentes de ignici\u00f3n, utilizar herramientas que no produzcan chispas y almacenamiento seguro lejos de la contaminaci\u00f3n o humedad.<\/p>\n<p><\/span><\/span><\/p>","protected":false},"excerpt":{"rendered":"<p>Descripci\u00f3n general del polvo S2 El polvo S2 es un polvo de acero r\u00e1pido para herramientas ideal para fabricar herramientas de corte que requieran gran dureza, resistencia y resistencia al desgaste a temperaturas elevadas. Contiene tungsteno, molibdeno, vanadio y aleaciones adicionales que proporcionan una excelente dureza en caliente y resistencia a la fatiga t\u00e9rmica. Principales propiedades y ventajas del polvo S2: Propiedades del polvo S2 y...<\/p>","protected":false},"featured_media":1843,"parent":0,"template":"","meta":{"_acf_changed":false,"_kad_blocks_custom_css":"","_kad_blocks_head_custom_js":"","_kad_blocks_body_custom_js":"","_kad_blocks_footer_custom_js":"","_kad_post_transparent":"","_kad_post_title":"","_kad_post_layout":"","_kad_post_sidebar_id":"","_kad_post_content_style":"","_kad_post_vertical_padding":"","_kad_post_feature":"","_kad_post_feature_position":"","_kad_post_header":false,"_kad_post_footer":false,"_kad_post_classname":""},"product-category":[119,122],"class_list":["post-3921","product","type-product","status-publish","has-post-thumbnail","hentry","product-category-3d-printing-metal-powder","product-category-iron-based-alloy-powder"],"acf":[],"taxonomy_info":{"product-category":[{"value":119,"label":"3D Printing Metal Powder"},{"value":122,"label":"Iron Based Alloy Powder"}]},"featured_image_src_large":["https:\/\/3dpmetal.com\/wp-content\/uploads\/2024\/02\/S2.jpg",600,600,false],"author_info":[],"comment_info":"","_links":{"self":[{"href":"https:\/\/3dpmetal.com\/es\/wp-json\/wp\/v2\/product\/3921","targetHints":{"allow":["GET"]}}],"collection":[{"href":"https:\/\/3dpmetal.com\/es\/wp-json\/wp\/v2\/product"}],"about":[{"href":"https:\/\/3dpmetal.com\/es\/wp-json\/wp\/v2\/types\/product"}],"wp:featuredmedia":[{"embeddable":true,"href":"https:\/\/3dpmetal.com\/es\/wp-json\/wp\/v2\/media\/1843"}],"wp:attachment":[{"href":"https:\/\/3dpmetal.com\/es\/wp-json\/wp\/v2\/media?parent=3921"}],"wp:term":[{"taxonomy":"product-category","embeddable":true,"href":"https:\/\/3dpmetal.com\/es\/wp-json\/wp\/v2\/product-category?post=3921"}],"curies":[{"name":"wp","href":"https:\/\/api.w.org\/{rel}","templated":true}]}}