{"id":3922,"date":"2024-03-18T06:10:14","date_gmt":"2024-03-18T06:10:14","guid":{"rendered":"https:\/\/3dp.45612300.xyz\/product\/t15-powder\/"},"modified":"2024-03-18T06:10:14","modified_gmt":"2024-03-18T06:10:14","slug":"t15-powder","status":"publish","type":"product","link":"https:\/\/3dpmetal.com\/es\/product\/t15-powder\/","title":{"rendered":"Polvo T15"},"content":{"rendered":"<p><span style=\"vertical-align: inherit;\"><span style=\"vertical-align: inherit;\"><\/p>\n<h2>Descripci\u00f3n general de Polvo T15<\/h2>\n<p class=\"whitespace-pre-wrap\">El polvo T15 es un polvo de carburo de tungsteno y cobalto cementado que proporciona una excepcional combinaci\u00f3n de dureza, resistencia y tenacidad. Contiene un alto porcentaje de carburo de tungsteno junto con un 15 % de cobalto como fase aglutinante.<\/p>\n<p class=\"whitespace-pre-wrap\">Propiedades claves y ventajas de polvo T15:<\/p>\n<p class=\"whitespace-pre-wrap\"><strong>T15 Propiedades y caracter\u00edsticas del polvo<\/strong><\/p>\n<table>\n<thead>\n<tr>\n<th>Propiedades<\/th>\n<th>Detalles<\/th>\n<\/tr>\n<\/thead>\n<tbody>\n<tr>\n<td>Composici\u00f3n<\/td>\n<td>85% WC con aglutinante 15% Co<\/td>\n<\/tr>\n<tr>\n<td>Densidad<\/td>\n<td>13,0-14,5 g\/cc<\/td>\n<\/tr>\n<tr>\n<td>Forma de las part\u00edculas<\/td>\n<td>Redondeada, polifac\u00e9tica<\/td>\n<\/tr>\n<tr>\n<td>Rango de tama\u00f1os<\/td>\n<td>0.5-15 micras<\/td>\n<\/tr>\n<tr>\n<td>Dureza<\/td>\n<td>88-93 HRA cuando se sinteriza<\/td>\n<\/tr>\n<tr>\n<td>Resistencia a la rotura transversal<\/td>\n<td>550-650 MPa<\/td>\n<\/tr>\n<\/tbody>\n<\/table>\n<p class=\"whitespace-pre-wrap\">Las part\u00edculas de carburo de tungsteno ultradure endurecidas en una matriz de cobalto hacen que T15 sea una opci\u00f3n ideal para las condiciones de desgaste y abrasi\u00f3n m\u00e1s dr\u00e1sticas en los sectores de la miner\u00eda, la construcci\u00f3n y la industria.<\/p>\n<h2>Composici\u00f3n del polvo T15<\/h2>\n<p class=\"whitespace-pre-wrap\">Composici\u00f3n t\u00edpica del polvo de carburo cementado T15:<\/p>\n<p class=\"whitespace-pre-wrap\"><strong>Composici\u00f3n del polvo T15<\/strong><\/p>\n<table>\n<thead>\n<tr>\n<th>Componente<\/th>\n<th>Porcentaje de peso<\/th>\n<\/tr>\n<\/thead>\n<tbody>\n<tr>\n<td>Carburo de tungsteno (WC)<\/td>\n<td>84-86%<\/td>\n<\/tr>\n<tr>\n<td>Cobalto (Co)<\/td>\n<td>14-16%<\/td>\n<\/tr>\n<tr>\n<td>Carbono (C)<\/td>\n<td>M\u00e1x. 0,8 %<\/td>\n<\/tr>\n<tr>\n<td>Ox\u00edgeno (O)<\/td>\n<td>0,5% m\u00e1x<\/td>\n<\/tr>\n<tr>\n<td>Hierro (Fe)<\/td>\n<td>0,3 % m\u00e1x.<\/td>\n<\/tr>\n<tr>\n<td>N\u00edquel (Ni)<\/td>\n<td>0,3 % m\u00e1x.<\/td>\n<\/tr>\n<\/tbody>\n<\/table>\n<ul class=\"list-disc pl-8 space-y-2\">\n<li class=\"whitespace-normal\">El carburo de tungsteno proporciona extrema dureza y resistencia al desgaste<\/li>\n<li class=\"whitespace-normal\">El cobalto act\u00faa como un aglomerante d\u00factil y resistente que mantiene unidas las part\u00edculas de WC<\/li>\n<li class=\"whitespace-normal\">Carbono y ox\u00edgeno como impurezas<\/li>\n<li class=\"whitespace-normal\">Rastreo de hierro y n\u00edquel de las materias primas<\/li>\n<\/ul>\n<p class=\"whitespace-pre-wrap\">La ratio WC-Co optimizada proporciona la mejor combinaci\u00f3n de dureza, tenacidad a la fractura y resistencia al impacto necesaria en aplicaciones de desgaste.<\/p>\n<h2>Propiedades f\u00edsicas del polvo T15<\/h2>\n<p class=\"whitespace-pre-wrap\"><strong>Propiedades f\u00edsicas del polvo T15<\/strong><\/p>\n<table>\n<thead>\n<tr>\n<th>Propiedad<\/th>\n<th>Valores<\/th>\n<\/tr>\n<\/thead>\n<tbody>\n<tr>\n<td>Densidad<\/td>\n<td>13,0-14,5 g\/cc<\/td>\n<\/tr>\n<tr>\n<td>Punto de Fusi\u00f3n<\/td>\n<td>2870\u00a1\u00abC (WC) y 1495\u00a1\u00abC (Co)<\/td>\n<\/tr>\n<tr>\n<td>Conductividad t\u00e9rmica<\/td>\n<td>60-100 W\/mK<\/td>\n<\/tr>\n<tr>\n<td>Resistividad el\u00e9ctrica<\/td>\n<td>25-35 mm<\/td>\n<\/tr>\n<tr>\n<td>Coeficiente de dilataci\u00f3n t\u00e9rmica<\/td>\n<td>4,5-6,0 x 10^-6 \/K<\/td>\n<\/tr>\n<tr>\n<td>Temperatura m\u00e1xima de servicio<\/td>\n<td>500 \"C en el aire<\/td>\n<\/tr>\n<\/tbody>\n<\/table>\n<ul class=\"list-disc pl-8 space-y-2\">\n<li class=\"whitespace-normal\">Una densidad muy alta permite el uso en componentes miniaturizados y compactos<\/li>\n<li class=\"whitespace-normal\">El CTE muy bajo reduce las tensiones t\u00e9rmicas y la distorsi\u00f3n<\/li>\n<li class=\"whitespace-normal\">Puede soportar un servicio continuo de hasta 500\u00a1\u00abC<\/li>\n<li class=\"whitespace-normal\">Una buena conductividad t\u00e9rmica reduce los gradientes de temperatura<\/li>\n<\/ul>\n<p class=\"whitespace-pre-wrap\">Estas propiedades hacen que el T15 sea adecuado para la abrasi\u00f3n severa y las condiciones de fuerza de impacto repetidas que se experimentan en los entornos de miner\u00eda, perforaci\u00f3n y construcci\u00f3n.<\/p>\n<h2>T15 Propiedades mec\u00e1nicas de polvo<\/h2>\n<p class=\"whitespace-pre-wrap\"><strong>T15 Propiedades mec\u00e1nicas de polvo<\/strong><\/p>\n<table>\n<thead>\n<tr>\n<th>Propiedad<\/th>\n<th>Valores<\/th>\n<\/tr>\n<\/thead>\n<tbody>\n<tr>\n<td>Dureza<\/td>\n<td>88-93 HRA<\/td>\n<\/tr>\n<tr>\n<td>Resistencia a la rotura transversal<\/td>\n<td>550-650 MPa<\/td>\n<\/tr>\n<tr>\n<td>Resistencia a la compresi\u00f3n<\/td>\n<td>5500-6200 MPa<\/td>\n<\/tr>\n<tr>\n<td>Tenacidad a la fractura<\/td>\n<td>10-12 MPa.m^1\/2<\/td>\n<\/tr>\n<tr>\n<td>M\u00f3dulo de Young<\/td>\n<td>550-650 GPa<\/td>\n<\/tr>\n<tr>\n<td>Resistencia al impacto<\/td>\n<td>350-900 kJ\/m2<\/td>\n<\/tr>\n<\/tbody>\n<\/table>\n<ul class=\"list-disc pl-8 space-y-2\">\n<li class=\"whitespace-normal\">La dureza extrema proporciona resistencia al desgaste y a la abrasi\u00f3n<\/li>\n<li class=\"whitespace-normal\">Muy alta resistencia a la compresi\u00f3n soporta fuerzas de aplastamiento<\/li>\n<li class=\"whitespace-normal\">Razonable resistencia a la fractura y resistencia al impacto.<\/li>\n<li class=\"whitespace-normal\">La dureza y la fuerza determinada por el tama\u00f1o y la distribuci\u00f3n de part\u00edculas de WC<\/li>\n<\/ul>\n<p class=\"whitespace-pre-wrap\">Esta excepcional combinaci\u00f3n de dureza, resistencia y tenacidad hace que el T15 sea adecuado para las condiciones m\u00e1s severas de impacto, abrasi\u00f3n y desgaste por rayado.<\/p>\n<h2>T15: Aplicaciones del polvo<\/h2>\n<p class=\"whitespace-pre-wrap\">Las aplicaciones t\u00edpicas del polvo de carburo de tungsteno-cobalto T15 incluyen:<\/p>\n<p class=\"whitespace-pre-wrap\"><strong>T15: Aplicaciones del polvo<\/strong><\/p>\n<table>\n<thead>\n<tr>\n<th>Industria<\/th>\n<th>Ejemplos de uso<\/th>\n<\/tr>\n<\/thead>\n<tbody>\n<tr>\n<td>Minar<\/td>\n<td>Brocas para perforaci\u00f3n en roca, boquillas de chorreado abrasivo<\/td>\n<\/tr>\n<tr>\n<td>Construcci\u00f3n<\/td>\n<td>Herramientas de demolici\u00f3n, trituradores de rock<\/td>\n<\/tr>\n<tr>\n<td>Fabricaci\u00f3n<\/td>\n<td>Matrices de conformado, piezas de estirado met\u00e1lico<\/td>\n<\/tr>\n<tr>\n<td>Petr\u00f3leo y gas<\/td>\n<td>Estabilizadores, motores de fondo de pozo<\/td>\n<\/tr>\n<tr>\n<td>General<\/td>\n<td>Herramientas de corte y mecanizado<\/td>\n<\/tr>\n<\/tbody>\n<\/table>\n<p class=\"whitespace-pre-wrap\">Algunos usos espec\u00edficos del producto:<\/p>\n<ul class=\"list-disc pl-8 space-y-2\">\n<li class=\"whitespace-normal\">Barrenas de perforaci\u00f3n de roca, herramientas de perforaci\u00f3n minera<\/li>\n<li class=\"whitespace-normal\">Piezas de bomba de suspensi\u00f3n altamente abrasivo como ejes, impulsores<\/li>\n<li class=\"whitespace-normal\">Matrices de extrusi\u00f3n para la fabricaci\u00f3n de cer\u00e1mica y ladrillos<\/li>\n<li class=\"whitespace-normal\">Componentes resistentes al desgaste para equipo de pulido con chorro de arena<\/li>\n<li class=\"whitespace-normal\">Cortando cuchillas, cuchillos, dientes de sierra que necesitan dureza extrema<\/li>\n<\/ul>\n<p class=\"whitespace-pre-wrap\">La dureza y el rendimiento de desgaste inigualables del T15 lo convierten en la mejor opci\u00f3n para equipos utilizados en las condiciones m\u00e1s severas de impacto-abrasi\u00f3n en todos los sectores industriales.<\/p>\n<h2>Especificaciones del polvo T15<\/h2>\n<p class=\"whitespace-pre-wrap\">Especificaciones clave para el polvo de carburo cementado T15:<\/p>\n<p class=\"whitespace-pre-wrap\"><strong>Normas sobre polvo T15<\/strong><\/p>\n<table>\n<thead>\n<tr>\n<th>Est\u00e1ndar<\/th>\n<th>Descripci\u00f3n<\/th>\n<\/tr>\n<\/thead>\n<tbody>\n<tr>\n<td>ISO 513<\/td>\n<td>Clasificaci\u00f3n y aplicaci\u00f3n de carburos cementados<\/td>\n<\/tr>\n<tr>\n<td>ASTM B276<\/td>\n<td>Polvos de carburo de cobalto y tungsteno y metales duros<\/td>\n<\/tr>\n<tr>\n<td>JIS G 4053<\/td>\n<td>Metales duros sinterizados<\/td>\n<\/tr>\n<tr>\n<td>GB\/T 4661-2006<\/td>\n<td>Norma china para carburos cementados<\/td>\n<\/tr>\n<\/tbody>\n<\/table>\n<p class=\"whitespace-pre-wrap\">Esto define:<\/p>\n<ul class=\"list-disc pl-8 space-y-2\">\n<li class=\"whitespace-normal\">Composici\u00f3n qu\u00edmica - Contenido de Co y WC<\/li>\n<li class=\"whitespace-normal\">Tama\u00f1o de granulaci\u00f3n de carburo y distribuci\u00f3n del tama\u00f1o de part\u00edcula del polvo<\/li>\n<li class=\"whitespace-normal\">Propiedades mec\u00e1nicas requeridas<\/li>\n<li class=\"whitespace-normal\">Impurezas aceptables<\/li>\n<li class=\"whitespace-normal\">M\u00e9todos de producci\u00f3n aprobados, como carburaci\u00f3n y difusi\u00f3n-reducci\u00f3n<\/li>\n<\/ul>\n<p class=\"whitespace-pre-wrap\">Cumplir con estas especificaciones proporciona una combinaci\u00f3n excelente de dureza, fuerza y resistencia para un rendimiento de desgaste m\u00e1ximo.<\/p>\n<h2>T15 Tama\u00f1os de part\u00edculas en polvo<\/h2>\n<p class=\"whitespace-pre-wrap\"><strong>Distribuci\u00f3n del tama\u00f1o de part\u00edculas de polvo T15<\/strong><\/p>\n<table>\n<thead>\n<tr>\n<th>Tama\u00f1o de part\u00edcula<\/th>\n<th>Caracter\u00edsticas<\/th>\n<\/tr>\n<\/thead>\n<tbody>\n<tr>\n<td>0,5-2 micrones<\/td>\n<td>El grado ultrafino brinda un superacabado<\/td>\n<\/tr>\n<tr>\n<td>0,5-5 micras<\/td>\n<td>El rango de submicrones mejora la resistencia<\/td>\n<\/tr>\n<tr>\n<td>3-15 micrones<\/td>\n<td>Tama\u00f1o de uso m\u00e1s com\u00fan para propiedades \u00f3ptimas<\/td>\n<\/tr>\n<\/tbody>\n<\/table>\n<ul class=\"list-disc pl-8 space-y-2\">\n<li class=\"whitespace-normal\">Polvos m\u00e1s finos incrementan la dureza y el acabado<\/li>\n<li class=\"whitespace-normal\">Polvos m\u00e1s gruesos mejoran la resistencia a la fractura y la resistencia al impacto<\/li>\n<li class=\"whitespace-normal\">La distribuci\u00f3n del tama\u00f1o de part\u00edcula se optimiza en funci\u00f3n de las condiciones de servicio<\/li>\n<li class=\"whitespace-normal\">Tanto los polvos de carburo triturado como los sinterizados usados<\/li>\n<\/ul>\n<p class=\"whitespace-pre-wrap\">El control de la distribuci\u00f3n del tama\u00f1o de part\u00edculas y la morfolog\u00eda optimiza las propiedades y el rendimiento del componente final.<\/p>\n<h2>M\u00e9todo de producci\u00f3n de polvo T15<\/h2>\n<p class=\"whitespace-pre-wrap\"><strong>Producci\u00f3n del polvo T15<\/strong><\/p>\n<table>\n<thead>\n<tr>\n<th>M\u00e9todo<\/th>\n<th>Detalles<\/th>\n<\/tr>\n<\/thead>\n<tbody>\n<tr>\n<td>Carburaci\u00f3n y cementaci\u00f3n por difusi\u00f3n<\/td>\n<td>Produce polvos esf\u00e9ricos finos<\/td>\n<\/tr>\n<tr>\n<td>Trituraci\u00f3n de material sinterizado<\/td>\n<td>Part\u00edculas angulares irregulares de bajo costo<\/td>\n<\/tr>\n<tr>\n<td>Fresado<\/td>\n<td>Molienda de bolas utilizada para la reducci\u00f3n del tama\u00f1o de part\u00edcula<\/td>\n<\/tr>\n<tr>\n<td>Secado por aspersi\u00f3n<\/td>\n<td>Proceso de granulaci\u00f3n y esferodizaci\u00f3n<\/td>\n<\/tr>\n<tr>\n<td>Desgasificaci\u00f3n<\/td>\n<td>Elimina las impurezas gaseosas<\/td>\n<\/tr>\n<\/tbody>\n<\/table>\n<ul class=\"list-disc pl-8 space-y-2\">\n<li class=\"whitespace-normal\">La morfolog\u00eda esf\u00e9rica del polvo proporciona una alta densidad de empaquetamiento<\/li>\n<li class=\"whitespace-normal\">Los polvos machacados tienen menor costo de producci\u00f3n<\/li>\n<li class=\"whitespace-normal\">Fresado, secado por aspersi\u00f3n utilizado para el control del tama\u00f1o de part\u00edcula<\/li>\n<li class=\"whitespace-normal\">La degasificaci\u00f3n optimiza la pureza del polvo y la microestructura sinterizada<\/li>\n<\/ul>\n<p class=\"whitespace-pre-wrap\">Los procesos de producci\u00f3n automatizados de gran volumen dan como resultado una materia prima constante optimizada para el rendimiento de la pieza.<\/p>\n<h2>Precios de los polvos T15<\/h2>\n<p class=\"whitespace-pre-wrap\"><strong>Precios de los polvos T15<\/strong><\/p>\n<table>\n<thead>\n<tr>\n<th>Factor<\/th>\n<th>Impacto sobre el precio<\/th>\n<\/tr>\n<\/thead>\n<tbody>\n<tr>\n<td>Grado de polvo<\/td>\n<td>Los grados de mayor pureza cuestan m\u00e1s<\/td>\n<\/tr>\n<tr>\n<td>Tama\u00f1o de part\u00edcula<\/td>\n<td>El polvo ultrafino es m\u00e1s costoso<\/td>\n<\/tr>\n<tr>\n<td>Cantidad del pedido<\/td>\n<td>El precio disminuye con vol\u00famenes mayores<\/td>\n<\/tr>\n<tr>\n<td>M\u00e9todo de producci\u00f3n<\/td>\n<td>Los m\u00e9todos complejos aumentan el coste<\/td>\n<\/tr>\n<tr>\n<td>Empaquetado<\/td>\n<td>Bolsas o latas especiales aumentan el costo<\/td>\n<\/tr>\n<\/tbody>\n<\/table>\n<p class=\"whitespace-pre-wrap\"><strong>Precios indicativos<\/strong><\/p>\n<ul class=\"list-disc pl-8 space-y-2\">\n<li class=\"whitespace-normal\">Polvo esf\u00e9rico de T15:$45-60 por kg<\/li>\n<li class=\"whitespace-normal\">T15 en polvo triturado: $35-45 el kilo<\/li>\n<li class=\"whitespace-normal\">Los precios por volumen pueden ser de 20 a 30% m\u00e1s bajos<\/li>\n<\/ul>\n<p class=\"whitespace-pre-wrap\">Los precios dependen de las caracter\u00edsticas del polvo, m\u00e9todo de producci\u00f3n, tama\u00f1o de pedido, empaque y tiempo de entrega.<\/p>\n<h2>Proveedores de T15 en polvo<\/h2>\n<p class=\"whitespace-pre-wrap\"><strong>Proveedores de T15 en polvo<\/strong><\/p>\n<table>\n<thead>\n<tr>\n<th>Compa\u00f1\u00eda<\/th>\n<th>Ubicaci\u00f3n<\/th>\n<\/tr>\n<\/thead>\n<tbody>\n<tr>\n<td>Sandvik<\/td>\n<td>Suecia<\/td>\n<\/tr>\n<tr>\n<td>Kennametal<\/td>\n<td>EE. UU.<\/td>\n<\/tr>\n<tr>\n<td>H.C. Starck<\/td>\n<td>Alemania<\/td>\n<\/tr>\n<tr>\n<td>Jingdong Nuevos Materiales<\/td>\n<td>China<\/td>\n<\/tr>\n<tr>\n<td>**Grupo de Carburo Cementado de Zhuzhou**<\/td>\n<td>China<\/td>\n<\/tr>\n<tr>\n<td>Materiales de Toshiba<\/td>\n<td>Jap\u00f3n<\/td>\n<\/tr>\n<\/tbody>\n<\/table>\n<p class=\"whitespace-pre-wrap\">Factores de selecci\u00f3n:<\/p>\n<ul class=\"list-disc pl-8 space-y-2\">\n<li class=\"whitespace-normal\">Caracter\u00edsticas de los grados de polvo y morfolog\u00edas de las part\u00edculas<\/li>\n<li class=\"whitespace-normal\">Capacidad de producci\u00f3n y plazos de entrega<\/li>\n<li class=\"whitespace-normal\">Experiencia t\u00e9cnica y servicio de atenci\u00f3n al cliente<\/li>\n<li class=\"whitespace-normal\">Procedimientos de muestreo, pruebas y control de calidad<\/li>\n<li class=\"whitespace-normal\">Niveles de precios y condiciones de pago<\/li>\n<li class=\"whitespace-normal\">Cumplimiento de est\u00e1ndares internacionales de materiales<\/li>\n<\/ul>\n<h2>T15 Manipulaci\u00f3n y almacenamiento de polvo<\/h2>\n<p class=\"whitespace-pre-wrap\"><strong>Manejo de polvo T15<\/strong><\/p>\n<table>\n<thead>\n<tr>\n<th>Recomendaci\u00f3n<\/th>\n<th>Motivo<\/th>\n<\/tr>\n<\/thead>\n<tbody>\n<tr>\n<td>Utilizar EPI y ventilaci\u00f3n<\/td>\n<td>Evita la exposici\u00f3n a part\u00edculas finas<\/td>\n<\/tr>\n<tr>\n<td>Evite las fuentes de ignici\u00f3n<\/td>\n<td>El polvo puede arder si se sobrecalienta en aire<\/td>\n<\/tr>\n<tr>\n<td>Sigue protocolos seguros<\/td>\n<td>Reducir los riesgos de incendios y para la salud<\/td>\n<\/tr>\n<tr>\n<td>Utilice una atm\u00f3sfera inerte<\/td>\n<td>Evitar la oxidaci\u00f3n durante el procesamiento del polvo<\/td>\n<\/tr>\n<tr>\n<td>Guardar recipientes sellados<\/td>\n<td>Prevenir la contaminaci\u00f3n o la absorci\u00f3n<\/td>\n<\/tr>\n<\/tbody>\n<\/table>\n<p class=\"whitespace-pre-wrap\"><strong>Recomendaciones de almacenamiento<\/strong><\/p>\n<ul class=\"list-disc pl-8 space-y-2\">\n<li class=\"whitespace-normal\">Almacenar en recipientes estables a temperatura ambiente<\/li>\n<li class=\"whitespace-normal\">Limitar la exposici\u00f3n a humedad, \u00e1cidos, cloro<\/li>\n<li class=\"whitespace-normal\">Evite la contaminaci\u00f3n cruzada con otros polvos<\/li>\n<\/ul>\n<p class=\"whitespace-pre-wrap\">Precauciones adecuadas preservan la pureza del polvo y previenen problemas de seguridad durante la manipulaci\u00f3n y almacenamiento.<\/p>\n<h2>Inspecci\u00f3n y comprobaci\u00f3n de polvo T15<\/h2>\n<p class=\"whitespace-pre-wrap\"><strong>Prueba de polvo T15<\/strong><\/p>\n<table>\n<thead>\n<tr>\n<th>Prueba<\/th>\n<th>Detalles<\/th>\n<\/tr>\n<\/thead>\n<tbody>\n<tr>\n<td>An\u00e1lisis qu\u00edmico<\/td>\n<td>Verifica la composici\u00f3n utilizando ICP, EDX, o XRF<\/td>\n<\/tr>\n<tr>\n<td>Distribuci\u00f3n de granulometr\u00eda<\/td>\n<td>An\u00e1lisis de sedimentaci\u00f3n o difracci\u00f3n l\u00e1ser<\/td>\n<\/tr>\n<tr>\n<td>Morfolog\u00eda del polvo<\/td>\n<td>Im\u00e1genes SEM de la forma de las part\u00edculas<\/td>\n<\/tr>\n<tr>\n<td>Densidad aparente<\/td>\n<td>Medido seg\u00fan la norma ASTM B212<\/td>\n<\/tr>\n<tr>\n<td>Densidad de golpecito<\/td>\n<td>Densidad medida tras dar golpecitos mec\u00e1nicos<\/td>\n<\/tr>\n<tr>\n<td>Caudal de pasillo<\/td>\n<td>Determina la fluidez del polvo<\/td>\n<\/tr>\n<\/tbody>\n<\/table>\n<p class=\"whitespace-pre-wrap\">Las pruebas garantizan que el polvo cumpla con la composici\u00f3n qu\u00edmica requerida, las caracter\u00edsticas de la part\u00edcula, la morfolog\u00eda, las especificaciones de densidad y la fluidez seg\u00fan los est\u00e1ndares relevantes.<\/p>\n<h2>Ventajas y desventajas de la T15 Powder<\/h2>\n<p class=\"whitespace-pre-wrap\"><strong>Ventajas del polvo T15<\/strong><\/p>\n<ul class=\"list-disc pl-8 space-y-2\">\n<li class=\"whitespace-normal\">Excepcional dureza, resistencia al desgaste y fuerza<\/li>\n<li class=\"whitespace-normal\">Soporta altas compresiones sin fracturarse<\/li>\n<li class=\"whitespace-normal\">Buena tenacidad a la fractura y resistencia al impacto<\/li>\n<li class=\"whitespace-normal\">Estabilidad dimensional bajo altas cargas<\/li>\n<li class=\"whitespace-normal\">Resiste la deformaci\u00f3n a temperaturas elevadas<\/li>\n<li class=\"whitespace-normal\">Permite que haya componentes m\u00e1s peque\u00f1os y ligeros<\/li>\n<\/ul>\n<p class=\"whitespace-pre-wrap\"><strong>Limitaciones del polvo T15<\/strong><\/p>\n<ul class=\"list-disc pl-8 space-y-2\">\n<li class=\"whitespace-normal\">Dif\u00edcil de mecanizar despu\u00e9s de la sinterizaci\u00f3n<\/li>\n<li class=\"whitespace-normal\">No es adecuado para aplicaciones de cojinetes din\u00e1micos<\/li>\n<li class=\"whitespace-normal\">Comportamiento relativamente fr\u00e1gil<\/li>\n<li class=\"whitespace-normal\">Oxidaci\u00f3n a altas temperaturas sin recubrimientos de resistencia<\/li>\n<li class=\"whitespace-normal\">Costos de la materia prima m\u00e1s altos que los polvos de acero<\/li>\n<li class=\"whitespace-normal\">Requiere experiencia especializada para un uso \u00f3ptimo<\/li>\n<\/ul>\n<h2>Comparaci\u00f3n con carburo de tungsteno-carburo de titanio-carburo de tantalio<\/h2>\n<p class=\"whitespace-pre-wrap\"><strong>T15 vs WC-TiC-TaC<\/strong><\/p>\n<table>\n<thead>\n<tr>\n<th>Par\u00e1metro<\/th>\n<th>T15<\/th>\n<th>WC-TiC-TaC<\/th>\n<\/tr>\n<\/thead>\n<tbody>\n<tr>\n<td>Dureza<\/td>\n<td>88-93 HRA<\/td>\n<td>92-96 HRA<\/td>\n<\/tr>\n<tr>\n<td>Tenacidad a la fractura<\/td>\n<td>10-12 MPa.m^1\/2<\/td>\n<td>8-9 MPa.m^1\/2<\/td>\n<\/tr>\n<tr>\n<td>Fuerza<\/td>\n<td>Muy alto<\/td>\n<td>Extremadamente alto<\/td>\n<\/tr>\n<tr>\n<td>Coste<\/td>\n<td>Moderado<\/td>\n<td>Muy alto<\/td>\n<\/tr>\n<tr>\n<td>Resistencia a la corrosi\u00f3n<\/td>\n<td>Justa<\/td>\n<td>Excelente<\/td>\n<\/tr>\n<tr>\n<td>SOLICITUDES<\/td>\n<td>Piezas de desgaste general<\/td>\n<td>Abrasi\u00f3n y corrosi\u00f3n intensas<\/td>\n<\/tr>\n<\/tbody>\n<\/table>\n<ul class=\"list-disc pl-8 space-y-2\">\n<li class=\"whitespace-normal\">WC-TiC-TaC tiene ligeramente mayor dureza y resistencia.<\/li>\n<li class=\"whitespace-normal\">T15 ofrece tenacidad de fractura significativamente mejor<\/li>\n<li class=\"whitespace-normal\">WC-TiC-TaC ofrece una excelente resistencia a la corrosi\u00f3n<\/li>\n<li class=\"whitespace-normal\">T15 tiene un costo m\u00e1s efectivo<\/li>\n<li class=\"whitespace-normal\">WC-TiC-TaC para aplicaciones m\u00e1s cr\u00edticas y costosas<\/li>\n<\/ul>\n<h2>Preguntas frecuentes sobre el polvo T15<\/h2>\n<p class=\"whitespace-pre-wrap\"><strong>Q: \u00bfCu\u00e1les son las aplicaciones principales del polvo de cobalto de carburo de tungsteno T15?<\/strong><\/p>\n<p class=\"whitespace-pre-wrap\">A: Las aplicaciones principales incluyen herramientas de miner\u00eda como brocas, trituradoras de rocas y equipos de dragado; herramientas de construcci\u00f3n como equipos de demolici\u00f3n y pulverizaci\u00f3n; matrices, piezas de embutici\u00f3n, herramientas de extrusi\u00f3n; componentes resistentes a la abrasi\u00f3n; y herramientas generales de corte y mecanizado.<\/p>\n<p class=\"whitespace-pre-wrap\"><strong>P: \u00bfPor qu\u00e9 se utiliza cobalto como aglutinante en grados de carburo de tungsteno?<\/strong><\/p>\n<p class=\"whitespace-pre-wrap\">R: El cobalto proporciona una buena resistencia a la corrosi\u00f3n, gran resistencia y tenacidad, y facilita la sinterizaci\u00f3n de la fase l\u00edquida de las part\u00edculas de carburo de tungsteno durante la densificaci\u00f3n para lograr una densidad completa y propiedades \u00f3ptimas.<\/p>\n<p class=\"whitespace-pre-wrap\"><strong>P: \u00bfQu\u00e9 tratamiento t\u00e9rmico se utiliza para las piezas de carburo de tungsteno y cobalto T15?<\/strong><\/p>\n<p class=\"whitespace-pre-wrap\">R: T15 no requiere tratamiento t\u00e9rmico de pos-sinterizaci\u00f3n. El proceso de sinterizaci\u00f3n en fase l\u00edquida permite lograr la densidad total y las propiedades deseadas durante la propia consolidaci\u00f3n del polvo.<\/p>\n<p class=\"whitespace-pre-wrap\"><strong>P: \u00bfC\u00f3mo se produce el polvo de cobalto de carburo de tungsteno tipo T15?<\/strong><\/p>\n<p class=\"whitespace-pre-wrap\">A: Los principales m\u00e9todos de producci\u00f3n incluyen carburaci\u00f3n y difusi\u00f3n para hacer polvos esf\u00e9ricos o trituraci\u00f3n y molienda de material de carburo de tungsteno sinterizado en part\u00edculas irregulares. Estos polvos luego se mezclan con polvo de cobalto en la relaci\u00f3n deseada.<\/p>\n<div id=\"gtx-trans\" style=\"position: absolute; left: -76px; top: 49.8125px;\">\n<div class=\"gtx-trans-icon\"><\/div>\n<\/div>\n<p><\/span><\/span><\/p>","protected":false},"excerpt":{"rendered":"<p>Descripci\u00f3n general del polvo T15 El polvo T15 es un polvo de carburo de tungsteno-cobalto cementado que proporciona una combinaci\u00f3n excepcional de dureza, resistencia y tenacidad. Contiene un alto porcentaje de carburo de tungsteno junto con cobalto 15% como fase aglutinante. Propiedades y ventajas clave del polvo T15: Propiedades y caracter\u00edsticas del polvo T15 Propiedades Detalles Composici\u00f3n 85%...<\/p>","protected":false},"featured_media":1845,"parent":0,"template":"","meta":{"_acf_changed":false,"_kad_blocks_custom_css":"","_kad_blocks_head_custom_js":"","_kad_blocks_body_custom_js":"","_kad_blocks_footer_custom_js":"","_kad_post_transparent":"","_kad_post_title":"","_kad_post_layout":"","_kad_post_sidebar_id":"","_kad_post_content_style":"","_kad_post_vertical_padding":"","_kad_post_feature":"","_kad_post_feature_position":"","_kad_post_header":false,"_kad_post_footer":false,"_kad_post_classname":""},"product-category":[119,122],"class_list":["post-3922","product","type-product","status-publish","has-post-thumbnail","hentry","product-category-3d-printing-metal-powder","product-category-iron-based-alloy-powder"],"acf":[],"taxonomy_info":{"product-category":[{"value":119,"label":"3D Printing Metal Powder"},{"value":122,"label":"Iron Based Alloy Powder"}]},"featured_image_src_large":["https:\/\/3dpmetal.com\/wp-content\/uploads\/2024\/02\/T15-Powder.jpg",600,600,false],"author_info":[],"comment_info":"","_links":{"self":[{"href":"https:\/\/3dpmetal.com\/es\/wp-json\/wp\/v2\/product\/3922","targetHints":{"allow":["GET"]}}],"collection":[{"href":"https:\/\/3dpmetal.com\/es\/wp-json\/wp\/v2\/product"}],"about":[{"href":"https:\/\/3dpmetal.com\/es\/wp-json\/wp\/v2\/types\/product"}],"wp:featuredmedia":[{"embeddable":true,"href":"https:\/\/3dpmetal.com\/es\/wp-json\/wp\/v2\/media\/1845"}],"wp:attachment":[{"href":"https:\/\/3dpmetal.com\/es\/wp-json\/wp\/v2\/media?parent=3922"}],"wp:term":[{"taxonomy":"product-category","embeddable":true,"href":"https:\/\/3dpmetal.com\/es\/wp-json\/wp\/v2\/product-category?post=3922"}],"curies":[{"name":"wp","href":"https:\/\/api.w.org\/{rel}","templated":true}]}}